{"id":52061,"date":"2024-01-31T10:55:03","date_gmt":"2024-01-31T09:55:03","guid":{"rendered":"https:\/\/beautysane.com\/be?post_type=product&#038;p=52061"},"modified":"2026-04-27T10:06:21","modified_gmt":"2026-04-27T08:06:21","slug":"change-your-figure-programme-new","status":"publish","type":"product","link":"https:\/\/beautysane.com\/be\/en\/shop\/offers\/change-your-figure-programme-new","title":{"rendered":"Slimming or Balance Programme 3 months"},"content":{"rendered":"<p><strong>Want to change your figure for good?<\/strong><\/p>\n<p>Beautysan\u00e9 offers a <strong>3-month<\/strong> slimming programme to help you change your waistline over the long term. Replace 2 meals of the day for 2 months (e.g. breakfast and dinner) with Energy Diet meal replacements (accompanied by vegetables and\/or fresh fruit).<br \/>\nThroughout the day, it&#8217;s advisable to drink 1.5 to 2 litres of liquid (water, of course! and\/or teas and herbal teas).<br \/>\nThe third meal should be as balanced as possible: meat, fish, eggs or pulses + starchy foods, preferably wholegrain + as many vegetables as you like + 1 dairy product. Limit fat and sugar as much as possible. If you&#8217;ve reached your target, you can switch to 1 meal a day with Energy Diet + 2 balanced meals in the third month.<\/p>\n<p><strong>In this programme :<\/strong><\/p>\n<ul>\n<li><strong>9<\/strong> meal replacements to choose from (ENERGY DIET 18 meals or ASSORTIMENTS sucr\u00e9-sal\u00e9 16 meals or ENERGY VEGAN bo\u00eete m\u00e9tal 14 meals or ENERGY DIET BARRES cacahu\u00e8te chocolat 14 bars), i.e. 126 to 162 meals.<\/li>\n<li><strong>3<\/strong> ENERGY CARE dietary supplements of your choice &#8211; 180 capsules<\/li>\n<li><strong>3<\/strong> ENERGY DETOX draining drinks of your choice &#8211; 90 sticks<\/li>\n<\/ul>\n","protected":false},"excerpt":{"rendered":"<p>Want to change your figure for good? Beautysan\u00e9 offers a 3-month slimming programme to help you change your waistline over the long term. Replace 2 meals of the day for 2 months (e.g. breakfast and dinner) with Energy Diet meal replacements (accompanied by vegetables and\/or fresh fruit). Throughout the day, it&#8217;s advisable to drink 1.5 [&hellip;]<\/p>\n","protected":false},"featured_media":57192,"comment_status":"open","ping_status":"closed","template":"","meta":{"_acf_changed":false,"inline_featured_image":false,"yasr_overall_rating":0,"yasr_post_is_review":"","yasr_auto_insert_disabled":"","yasr_review_type":""},"product_brand":[],"product_cat":[200,591],"product_tag":[],"class_list":{"0":"post-52061","1":"product","2":"type-product","3":"status-publish","4":"has-post-thumbnail","6":"product_cat-offers","7":"product_cat-programs","8":"pa_objectifs-balanced-diet","9":"pa_objectifs-weight-loss","10":"pa_objectifs-well-being","11":"pa_objectifs-wellbeing-cooking","12":"has-subscription-plans","14":"first","15":"instock","16":"sale","17":"taxable","18":"shipping-taxable","19":"purchasable","20":"product-type-simple"},"acf":[],"yoast_head":"<!-- This site is optimized with the Yoast SEO Premium plugin v27.3 (Yoast SEO v27.3) - https:\/\/yoast.com\/product\/yoast-seo-premium-wordpress\/ -->\n<title>Slimming or Balance Programme 3 months - Beautysan\u00e9 - Belgique<\/title>\n<meta name=\"robots\" content=\"index, follow, max-snippet:-1, max-image-preview:large, max-video-preview:-1\" \/>\n<link rel=\"canonical\" href=\"https:\/\/beautysane.com\/be\/en\/shop\/offers\/change-your-figure-programme-new\" \/>\n<meta property=\"og:locale\" content=\"en_US\" \/>\n<meta property=\"og:type\" content=\"article\" \/>\n<meta property=\"og:title\" content=\"Slimming or Balance Programme 3 months\" \/>\n<meta property=\"og:description\" content=\"Want to change your figure for good? Beautysan\u00e9 offers a 3-month slimming programme to help you change your waistline over the long term. Replace 2 meals of the day for 2 months (e.g. breakfast and dinner) with Energy Diet meal replacements (accompanied by vegetables and\/or fresh fruit). Throughout the day, it&#8217;s advisable to drink 1.5 [&hellip;]\" \/>\n<meta property=\"og:url\" content=\"https:\/\/beautysane.com\/be\/en\/shop\/offers\/change-your-figure-programme-new\" \/>\n<meta property=\"og:site_name\" content=\"Beautysan\u00e9 - Belgique\" \/>\n<meta property=\"article:publisher\" content=\"https:\/\/www.facebook.com\/Beautysane\/\" \/>\n<meta property=\"article:modified_time\" content=\"2026-04-27T08:06:21+00:00\" \/>\n<meta property=\"og:image\" content=\"https:\/\/beautysane.ams3.digitaloceanspaces.com\/wp-content\/uploads\/sites\/4\/2024\/01\/15101906\/Programme-minceur-3-mois-INTER.png\" \/>\n\t<meta property=\"og:image:width\" content=\"1200\" \/>\n\t<meta property=\"og:image:height\" content=\"1200\" \/>\n\t<meta property=\"og:image:type\" content=\"image\/png\" \/>\n<meta name=\"twitter:card\" content=\"summary_large_image\" \/>\n<meta name=\"twitter:label1\" content=\"Price\" \/>\n\t<meta name=\"twitter:data1\" content=\"600,00&euro;\" \/>\n\t<meta name=\"twitter:label2\" content=\"Availability\" \/>\n\t<meta name=\"twitter:data2\" content=\"In stock\" \/>\n<script type=\"application\/ld+json\" class=\"yoast-schema-graph\">{\"@context\":\"https:\\\/\\\/schema.org\",\"@graph\":[{\"@type\":\"WebPage\",\"@id\":\"https:\\\/\\\/beautysane.com\\\/be\\\/en\\\/shop\\\/offers\\\/change-your-figure-programme-new\",\"url\":\"https:\\\/\\\/beautysane.com\\\/be\\\/en\\\/shop\\\/offers\\\/change-your-figure-programme-new\",\"name\":\"Slimming or Balance Programme 3 months - Beautysan\u00e9 - Belgique\",\"isPartOf\":{\"@id\":\"https:\\\/\\\/beautysane.com\\\/be\\\/en#website\"},\"primaryImageOfPage\":{\"@id\":\"https:\\\/\\\/beautysane.com\\\/be\\\/en\\\/shop\\\/offers\\\/change-your-figure-programme-new#primaryimage\"},\"image\":{\"@id\":\"https:\\\/\\\/beautysane.com\\\/be\\\/en\\\/shop\\\/offers\\\/change-your-figure-programme-new#primaryimage\"},\"thumbnailUrl\":\"https:\\\/\\\/beautysane.ams3.digitaloceanspaces.com\\\/wp-content\\\/uploads\\\/sites\\\/4\\\/2024\\\/01\\\/20162031\\\/Programme-3-mois-2.png\",\"datePublished\":\"2024-01-31T09:55:03+00:00\",\"dateModified\":\"2026-04-27T08:06:21+00:00\",\"breadcrumb\":{\"@id\":\"https:\\\/\\\/beautysane.com\\\/be\\\/en\\\/shop\\\/offers\\\/change-your-figure-programme-new#breadcrumb\"},\"inLanguage\":\"en-US\",\"potentialAction\":[{\"@type\":\"ReadAction\",\"target\":[\"https:\\\/\\\/beautysane.com\\\/be\\\/en\\\/shop\\\/offers\\\/change-your-figure-programme-new\"]}]},{\"@type\":\"ImageObject\",\"inLanguage\":\"en-US\",\"@id\":\"https:\\\/\\\/beautysane.com\\\/be\\\/en\\\/shop\\\/offers\\\/change-your-figure-programme-new#primaryimage\",\"url\":\"https:\\\/\\\/beautysane.ams3.digitaloceanspaces.com\\\/wp-content\\\/uploads\\\/sites\\\/4\\\/2024\\\/01\\\/20162031\\\/Programme-3-mois-2.png\",\"contentUrl\":\"https:\\\/\\\/beautysane.ams3.digitaloceanspaces.com\\\/wp-content\\\/uploads\\\/sites\\\/4\\\/2024\\\/01\\\/20162031\\\/Programme-3-mois-2.png\",\"width\":1200,\"height\":1200},{\"@type\":\"BreadcrumbList\",\"@id\":\"https:\\\/\\\/beautysane.com\\\/be\\\/en\\\/shop\\\/offers\\\/change-your-figure-programme-new#breadcrumb\",\"itemListElement\":[{\"@type\":\"ListItem\",\"position\":1,\"name\":\"Home\",\"item\":\"https:\\\/\\\/beautysane.com\\\/be\\\/en\"},{\"@type\":\"ListItem\",\"position\":2,\"name\":\"Shop\",\"item\":\"https:\\\/\\\/beautysane.com\\\/be\\\/en\\\/shop\"},{\"@type\":\"ListItem\",\"position\":3,\"name\":\"Slimming or Balance Programme 3 months\"}]},{\"@type\":\"WebSite\",\"@id\":\"https:\\\/\\\/beautysane.com\\\/be\\\/en#website\",\"url\":\"https:\\\/\\\/beautysane.com\\\/be\\\/en\",\"name\":\"Beautysan\u00e9 - Belgique\",\"description\":\"Feed The Change\",\"potentialAction\":[{\"@type\":\"SearchAction\",\"target\":{\"@type\":\"EntryPoint\",\"urlTemplate\":\"https:\\\/\\\/beautysane.com\\\/be\\\/en?s={search_term_string}\"},\"query-input\":{\"@type\":\"PropertyValueSpecification\",\"valueRequired\":true,\"valueName\":\"search_term_string\"}}],\"inLanguage\":\"en-US\"},false]}<\/script>\n<meta property=\"product:price:amount\" content=\"600.00\" \/>\n<meta property=\"product:price:currency\" content=\"EUR\" \/>\n<meta property=\"og:availability\" content=\"instock\" \/>\n<meta property=\"product:availability\" content=\"instock\" \/>\n<meta property=\"product:retailer_item_id\" content=\"OD-2024-011-PK\" \/>\n<meta property=\"product:condition\" content=\"new\" \/>\n<!-- \/ Yoast SEO Premium plugin. -->","yoast_head_json":{"title":"Slimming or Balance Programme 3 months - Beautysan\u00e9 - Belgique","robots":{"index":"index","follow":"follow","max-snippet":"max-snippet:-1","max-image-preview":"max-image-preview:large","max-video-preview":"max-video-preview:-1"},"canonical":"https:\/\/beautysane.com\/be\/en\/shop\/offers\/change-your-figure-programme-new","og_locale":"en_US","og_type":"article","og_title":"Slimming or Balance Programme 3 months","og_description":"Want to change your figure for good? Beautysan\u00e9 offers a 3-month slimming programme to help you change your waistline over the long term. Replace 2 meals of the day for 2 months (e.g. breakfast and dinner) with Energy Diet meal replacements (accompanied by vegetables and\/or fresh fruit). Throughout the day, it&#8217;s advisable to drink 1.5 [&hellip;]","og_url":"https:\/\/beautysane.com\/be\/en\/shop\/offers\/change-your-figure-programme-new","og_site_name":"Beautysan\u00e9 - Belgique","article_publisher":"https:\/\/www.facebook.com\/Beautysane\/","article_modified_time":"2026-04-27T08:06:21+00:00","og_image":[{"width":1200,"height":1200,"url":"https:\/\/beautysane.ams3.digitaloceanspaces.com\/wp-content\/uploads\/sites\/4\/2024\/01\/15101906\/Programme-minceur-3-mois-INTER.png","type":"image\/png"}],"twitter_card":"summary_large_image","twitter_misc":{"Price":"600,00&euro;","Availability":"In stock"},"schema":{"@context":"https:\/\/schema.org","@graph":[{"@type":"WebPage","@id":"https:\/\/beautysane.com\/be\/en\/shop\/offers\/change-your-figure-programme-new","url":"https:\/\/beautysane.com\/be\/en\/shop\/offers\/change-your-figure-programme-new","name":"Slimming or Balance Programme 3 months - Beautysan\u00e9 - Belgique","isPartOf":{"@id":"https:\/\/beautysane.com\/be\/en#website"},"primaryImageOfPage":{"@id":"https:\/\/beautysane.com\/be\/en\/shop\/offers\/change-your-figure-programme-new#primaryimage"},"image":{"@id":"https:\/\/beautysane.com\/be\/en\/shop\/offers\/change-your-figure-programme-new#primaryimage"},"thumbnailUrl":"https:\/\/beautysane.ams3.digitaloceanspaces.com\/wp-content\/uploads\/sites\/4\/2024\/01\/20162031\/Programme-3-mois-2.png","datePublished":"2024-01-31T09:55:03+00:00","dateModified":"2026-04-27T08:06:21+00:00","breadcrumb":{"@id":"https:\/\/beautysane.com\/be\/en\/shop\/offers\/change-your-figure-programme-new#breadcrumb"},"inLanguage":"en-US","potentialAction":[{"@type":"ReadAction","target":["https:\/\/beautysane.com\/be\/en\/shop\/offers\/change-your-figure-programme-new"]}]},{"@type":"ImageObject","inLanguage":"en-US","@id":"https:\/\/beautysane.com\/be\/en\/shop\/offers\/change-your-figure-programme-new#primaryimage","url":"https:\/\/beautysane.ams3.digitaloceanspaces.com\/wp-content\/uploads\/sites\/4\/2024\/01\/20162031\/Programme-3-mois-2.png","contentUrl":"https:\/\/beautysane.ams3.digitaloceanspaces.com\/wp-content\/uploads\/sites\/4\/2024\/01\/20162031\/Programme-3-mois-2.png","width":1200,"height":1200},{"@type":"BreadcrumbList","@id":"https:\/\/beautysane.com\/be\/en\/shop\/offers\/change-your-figure-programme-new#breadcrumb","itemListElement":[{"@type":"ListItem","position":1,"name":"Home","item":"https:\/\/beautysane.com\/be\/en"},{"@type":"ListItem","position":2,"name":"Shop","item":"https:\/\/beautysane.com\/be\/en\/shop"},{"@type":"ListItem","position":3,"name":"Slimming or Balance Programme 3 months"}]},{"@type":"WebSite","@id":"https:\/\/beautysane.com\/be\/en#website","url":"https:\/\/beautysane.com\/be\/en","name":"Beautysan\u00e9 - Belgique","description":"Feed The Change","potentialAction":[{"@type":"SearchAction","target":{"@type":"EntryPoint","urlTemplate":"https:\/\/beautysane.com\/be\/en?s={search_term_string}"},"query-input":{"@type":"PropertyValueSpecification","valueRequired":true,"valueName":"search_term_string"}}],"inLanguage":"en-US"},false]},"product_price_amount":"600.00","product_price_currency":"EUR","og_availability":"instock","product_availability":"instock","product_retailer_item_id":"OD-2024-011-PK","product_condition":"new"},"yasr_visitor_votes":{"stars_attributes":{"read_only":true,"span_bottom":"<div class='yasr-small-block-bold'><span class='yasr-visitor-votes-must-sign-in'>You must sign in to vote<\/span><\/div>"},"number_of_votes":0,"sum_votes":0},"_links":{"self":[{"href":"https:\/\/beautysane.com\/be\/en\/wp-json\/wp\/v2\/product\/52061","targetHints":{"allow":["GET"]}}],"collection":[{"href":"https:\/\/beautysane.com\/be\/en\/wp-json\/wp\/v2\/product"}],"about":[{"href":"https:\/\/beautysane.com\/be\/en\/wp-json\/wp\/v2\/types\/product"}],"replies":[{"embeddable":true,"href":"https:\/\/beautysane.com\/be\/en\/wp-json\/wp\/v2\/comments?post=52061"}],"wp:featuredmedia":[{"embeddable":true,"href":"https:\/\/beautysane.com\/be\/en\/wp-json\/wp\/v2\/media\/57192"}],"wp:attachment":[{"href":"https:\/\/beautysane.com\/be\/en\/wp-json\/wp\/v2\/media?parent=52061"}],"wp:term":[{"taxonomy":"product_brand","embeddable":true,"href":"https:\/\/beautysane.com\/be\/en\/wp-json\/wp\/v2\/product_brand?post=52061"},{"taxonomy":"product_cat","embeddable":true,"href":"https:\/\/beautysane.com\/be\/en\/wp-json\/wp\/v2\/product_cat?post=52061"},{"taxonomy":"product_tag","embeddable":true,"href":"https:\/\/beautysane.com\/be\/en\/wp-json\/wp\/v2\/product_tag?post=52061"}],"curies":[{"name":"wp","href":"https:\/\/api.w.org\/{rel}","templated":true}]}}