{"id":52064,"date":"2024-01-31T10:55:06","date_gmt":"2024-01-31T09:55:07","guid":{"rendered":"https:\/\/beautysane.com\/be?post_type=product&#038;p=52064"},"modified":"2025-11-25T11:06:59","modified_gmt":"2025-11-25T10:06:59","slug":"rebalancing-diet-programme-new","status":"publish","type":"product","link":"https:\/\/beautysane.com\/be\/en\/shop\/offers\/rebalancing-diet-programme-new","title":{"rendered":"Dietary Balance Programme"},"content":{"rendered":"<p><strong>Want to get back into shape and eat healthily?<\/strong><\/p>\n<p>A<strong> balanced diet<\/strong> means providing your body with what it needs every day to function properly. But with our hectic lifestyles and a food offer that&#8217;s not always up to scratch, it&#8217;s not always easy! Beautysan\u00e9 offers you a food rebalancing programme to help you get back into good nutritional habits and eat healthily. Energy Diet is rich in proteins, vitamins and minerals, to help you <strong>regain your energy!<\/strong><\/p>\n<p><strong>This programme includes :<\/strong><\/p>\n<ul>\n<li>a choice of<strong> 6<\/strong> meal replacements (ENERGY DIET 18 meals or ASSORTIMENTS sucr\u00e9-sal\u00e9 16 meals or ENERGY VEGAN bo\u00eete m\u00e9tal 14 meals or ENERGY DIET BARRES cacahu\u00e8te chocolat 14 bars), i.e. 84 to 108 meals<\/li>\n<li><strong>1<\/strong> ENERGY DETOX draining drink of your choice &#8211; 30 sticks<\/li>\n<\/ul>\n","protected":false},"excerpt":{"rendered":"<p>Want to get back into shape and eat healthily? A balanced diet means providing your body with what it needs every day to function properly. But with our hectic lifestyles and a food offer that&#8217;s not always up to scratch, it&#8217;s not always easy! Beautysan\u00e9 offers you a food rebalancing programme to help you get [&hellip;]<\/p>\n","protected":false},"featured_media":55756,"comment_status":"open","ping_status":"closed","template":"","meta":{"_acf_changed":false,"inline_featured_image":false,"yasr_overall_rating":0,"yasr_post_is_review":"","yasr_auto_insert_disabled":"","yasr_review_type":""},"product_brand":[],"product_cat":[200,591],"product_tag":[],"class_list":{"0":"post-52064","1":"product","2":"type-product","3":"status-publish","4":"has-post-thumbnail","6":"product_cat-offers","7":"product_cat-programs","8":"pa_objectifs-balanced-diet","9":"pa_objectifs-weight-loss","10":"pa_objectifs-well-being","11":"pa_objectifs-wellbeing-cooking","12":"has-subscription-plans","14":"first","15":"instock","16":"sale","17":"taxable","18":"shipping-taxable","19":"purchasable","20":"product-type-simple"},"acf":[],"yoast_head":"<!-- This site is optimized with the Yoast SEO Premium plugin v27.3 (Yoast SEO v27.3) - https:\/\/yoast.com\/product\/yoast-seo-premium-wordpress\/ -->\n<title>Dietary Balance Programme - Beautysan\u00e9 - Belgique<\/title>\n<meta name=\"robots\" content=\"index, follow, max-snippet:-1, max-image-preview:large, max-video-preview:-1\" \/>\n<link rel=\"canonical\" href=\"https:\/\/beautysane.com\/be\/en\/shop\/offers\/rebalancing-diet-programme-new\" \/>\n<meta property=\"og:locale\" content=\"en_US\" \/>\n<meta property=\"og:type\" content=\"article\" \/>\n<meta property=\"og:title\" content=\"Dietary Balance Programme\" \/>\n<meta property=\"og:description\" content=\"Want to get back into shape and eat healthily? A balanced diet means providing your body with what it needs every day to function properly. But with our hectic lifestyles and a food offer that&#8217;s not always up to scratch, it&#8217;s not always easy! Beautysan\u00e9 offers you a food rebalancing programme to help you get [&hellip;]\" \/>\n<meta property=\"og:url\" content=\"https:\/\/beautysane.com\/be\/en\/shop\/offers\/rebalancing-diet-programme-new\" \/>\n<meta property=\"og:site_name\" content=\"Beautysan\u00e9 - Belgique\" \/>\n<meta property=\"article:publisher\" content=\"https:\/\/www.facebook.com\/Beautysane\/\" \/>\n<meta property=\"article:modified_time\" content=\"2025-11-25T10:06:59+00:00\" \/>\n<meta property=\"og:image\" content=\"https:\/\/beautysane.ams3.digitaloceanspaces.com\/wp-content\/uploads\/sites\/4\/2023\/09\/25145717\/OFFRE_3mois_105_reequilibrage-2.png\" \/>\n\t<meta property=\"og:image:width\" content=\"600\" \/>\n\t<meta property=\"og:image:height\" content=\"600\" \/>\n\t<meta property=\"og:image:type\" content=\"image\/png\" \/>\n<meta name=\"twitter:card\" content=\"summary_large_image\" \/>\n<meta name=\"twitter:label1\" content=\"Price\" \/>\n\t<meta name=\"twitter:data1\" content=\"317,00&euro;\" \/>\n\t<meta name=\"twitter:label2\" content=\"Availability\" \/>\n\t<meta name=\"twitter:data2\" content=\"In stock\" \/>\n<script type=\"application\/ld+json\" class=\"yoast-schema-graph\">{\"@context\":\"https:\\\/\\\/schema.org\",\"@graph\":[{\"@type\":\"WebPage\",\"@id\":\"https:\\\/\\\/beautysane.com\\\/be\\\/en\\\/shop\\\/offers\\\/rebalancing-diet-programme-new\",\"url\":\"https:\\\/\\\/beautysane.com\\\/be\\\/en\\\/shop\\\/offers\\\/rebalancing-diet-programme-new\",\"name\":\"Dietary Balance Programme - Beautysan\u00e9 - Belgique\",\"isPartOf\":{\"@id\":\"https:\\\/\\\/beautysane.com\\\/be\\\/en#website\"},\"primaryImageOfPage\":{\"@id\":\"https:\\\/\\\/beautysane.com\\\/be\\\/en\\\/shop\\\/offers\\\/rebalancing-diet-programme-new#primaryimage\"},\"image\":{\"@id\":\"https:\\\/\\\/beautysane.com\\\/be\\\/en\\\/shop\\\/offers\\\/rebalancing-diet-programme-new#primaryimage\"},\"thumbnailUrl\":\"https:\\\/\\\/beautysane.ams3.digitaloceanspaces.com\\\/wp-content\\\/uploads\\\/sites\\\/4\\\/2024\\\/01\\\/07091531\\\/Programme-equilibre-INTER-3-mois-1.png\",\"datePublished\":\"2024-01-31T09:55:07+00:00\",\"dateModified\":\"2025-11-25T10:06:59+00:00\",\"breadcrumb\":{\"@id\":\"https:\\\/\\\/beautysane.com\\\/be\\\/en\\\/shop\\\/offers\\\/rebalancing-diet-programme-new#breadcrumb\"},\"inLanguage\":\"en-US\",\"potentialAction\":[{\"@type\":\"ReadAction\",\"target\":[\"https:\\\/\\\/beautysane.com\\\/be\\\/en\\\/shop\\\/offers\\\/rebalancing-diet-programme-new\"]}]},{\"@type\":\"ImageObject\",\"inLanguage\":\"en-US\",\"@id\":\"https:\\\/\\\/beautysane.com\\\/be\\\/en\\\/shop\\\/offers\\\/rebalancing-diet-programme-new#primaryimage\",\"url\":\"https:\\\/\\\/beautysane.ams3.digitaloceanspaces.com\\\/wp-content\\\/uploads\\\/sites\\\/4\\\/2024\\\/01\\\/07091531\\\/Programme-equilibre-INTER-3-mois-1.png\",\"contentUrl\":\"https:\\\/\\\/beautysane.ams3.digitaloceanspaces.com\\\/wp-content\\\/uploads\\\/sites\\\/4\\\/2024\\\/01\\\/07091531\\\/Programme-equilibre-INTER-3-mois-1.png\",\"width\":6000,\"height\":6000},{\"@type\":\"BreadcrumbList\",\"@id\":\"https:\\\/\\\/beautysane.com\\\/be\\\/en\\\/shop\\\/offers\\\/rebalancing-diet-programme-new#breadcrumb\",\"itemListElement\":[{\"@type\":\"ListItem\",\"position\":1,\"name\":\"Home\",\"item\":\"https:\\\/\\\/beautysane.com\\\/be\\\/en\"},{\"@type\":\"ListItem\",\"position\":2,\"name\":\"Shop\",\"item\":\"https:\\\/\\\/beautysane.com\\\/be\\\/en\\\/shop\"},{\"@type\":\"ListItem\",\"position\":3,\"name\":\"Dietary Balance Programme\"}]},{\"@type\":\"WebSite\",\"@id\":\"https:\\\/\\\/beautysane.com\\\/be\\\/en#website\",\"url\":\"https:\\\/\\\/beautysane.com\\\/be\\\/en\",\"name\":\"Beautysan\u00e9 - Belgique\",\"description\":\"Feed The Change\",\"potentialAction\":[{\"@type\":\"SearchAction\",\"target\":{\"@type\":\"EntryPoint\",\"urlTemplate\":\"https:\\\/\\\/beautysane.com\\\/be\\\/en?s={search_term_string}\"},\"query-input\":{\"@type\":\"PropertyValueSpecification\",\"valueRequired\":true,\"valueName\":\"search_term_string\"}}],\"inLanguage\":\"en-US\"},false]}<\/script>\n<meta property=\"product:price:amount\" content=\"317.00\" \/>\n<meta property=\"product:price:currency\" content=\"EUR\" \/>\n<meta property=\"og:availability\" content=\"instock\" \/>\n<meta property=\"product:availability\" content=\"instock\" \/>\n<meta property=\"product:retailer_item_id\" content=\"OD-2024-009-PK\" \/>\n<meta property=\"product:condition\" content=\"new\" \/>\n<!-- \/ Yoast SEO Premium plugin. -->","yoast_head_json":{"title":"Dietary Balance Programme - Beautysan\u00e9 - Belgique","robots":{"index":"index","follow":"follow","max-snippet":"max-snippet:-1","max-image-preview":"max-image-preview:large","max-video-preview":"max-video-preview:-1"},"canonical":"https:\/\/beautysane.com\/be\/en\/shop\/offers\/rebalancing-diet-programme-new","og_locale":"en_US","og_type":"article","og_title":"Dietary Balance Programme","og_description":"Want to get back into shape and eat healthily? A balanced diet means providing your body with what it needs every day to function properly. But with our hectic lifestyles and a food offer that&#8217;s not always up to scratch, it&#8217;s not always easy! Beautysan\u00e9 offers you a food rebalancing programme to help you get [&hellip;]","og_url":"https:\/\/beautysane.com\/be\/en\/shop\/offers\/rebalancing-diet-programme-new","og_site_name":"Beautysan\u00e9 - Belgique","article_publisher":"https:\/\/www.facebook.com\/Beautysane\/","article_modified_time":"2025-11-25T10:06:59+00:00","og_image":[{"width":600,"height":600,"url":"https:\/\/beautysane.ams3.digitaloceanspaces.com\/wp-content\/uploads\/sites\/4\/2023\/09\/25145717\/OFFRE_3mois_105_reequilibrage-2.png","type":"image\/png"}],"twitter_card":"summary_large_image","twitter_misc":{"Price":"317,00&euro;","Availability":"In stock"},"schema":{"@context":"https:\/\/schema.org","@graph":[{"@type":"WebPage","@id":"https:\/\/beautysane.com\/be\/en\/shop\/offers\/rebalancing-diet-programme-new","url":"https:\/\/beautysane.com\/be\/en\/shop\/offers\/rebalancing-diet-programme-new","name":"Dietary Balance Programme - Beautysan\u00e9 - Belgique","isPartOf":{"@id":"https:\/\/beautysane.com\/be\/en#website"},"primaryImageOfPage":{"@id":"https:\/\/beautysane.com\/be\/en\/shop\/offers\/rebalancing-diet-programme-new#primaryimage"},"image":{"@id":"https:\/\/beautysane.com\/be\/en\/shop\/offers\/rebalancing-diet-programme-new#primaryimage"},"thumbnailUrl":"https:\/\/beautysane.ams3.digitaloceanspaces.com\/wp-content\/uploads\/sites\/4\/2024\/01\/07091531\/Programme-equilibre-INTER-3-mois-1.png","datePublished":"2024-01-31T09:55:07+00:00","dateModified":"2025-11-25T10:06:59+00:00","breadcrumb":{"@id":"https:\/\/beautysane.com\/be\/en\/shop\/offers\/rebalancing-diet-programme-new#breadcrumb"},"inLanguage":"en-US","potentialAction":[{"@type":"ReadAction","target":["https:\/\/beautysane.com\/be\/en\/shop\/offers\/rebalancing-diet-programme-new"]}]},{"@type":"ImageObject","inLanguage":"en-US","@id":"https:\/\/beautysane.com\/be\/en\/shop\/offers\/rebalancing-diet-programme-new#primaryimage","url":"https:\/\/beautysane.ams3.digitaloceanspaces.com\/wp-content\/uploads\/sites\/4\/2024\/01\/07091531\/Programme-equilibre-INTER-3-mois-1.png","contentUrl":"https:\/\/beautysane.ams3.digitaloceanspaces.com\/wp-content\/uploads\/sites\/4\/2024\/01\/07091531\/Programme-equilibre-INTER-3-mois-1.png","width":6000,"height":6000},{"@type":"BreadcrumbList","@id":"https:\/\/beautysane.com\/be\/en\/shop\/offers\/rebalancing-diet-programme-new#breadcrumb","itemListElement":[{"@type":"ListItem","position":1,"name":"Home","item":"https:\/\/beautysane.com\/be\/en"},{"@type":"ListItem","position":2,"name":"Shop","item":"https:\/\/beautysane.com\/be\/en\/shop"},{"@type":"ListItem","position":3,"name":"Dietary Balance Programme"}]},{"@type":"WebSite","@id":"https:\/\/beautysane.com\/be\/en#website","url":"https:\/\/beautysane.com\/be\/en","name":"Beautysan\u00e9 - Belgique","description":"Feed The Change","potentialAction":[{"@type":"SearchAction","target":{"@type":"EntryPoint","urlTemplate":"https:\/\/beautysane.com\/be\/en?s={search_term_string}"},"query-input":{"@type":"PropertyValueSpecification","valueRequired":true,"valueName":"search_term_string"}}],"inLanguage":"en-US"},false]},"product_price_amount":"317.00","product_price_currency":"EUR","og_availability":"instock","product_availability":"instock","product_retailer_item_id":"OD-2024-009-PK","product_condition":"new"},"yasr_visitor_votes":{"stars_attributes":{"read_only":true,"span_bottom":"<div class='yasr-small-block-bold'><span class='yasr-visitor-votes-must-sign-in'>You must sign in to vote<\/span><\/div>"},"number_of_votes":0,"sum_votes":0},"_links":{"self":[{"href":"https:\/\/beautysane.com\/be\/en\/wp-json\/wp\/v2\/product\/52064","targetHints":{"allow":["GET"]}}],"collection":[{"href":"https:\/\/beautysane.com\/be\/en\/wp-json\/wp\/v2\/product"}],"about":[{"href":"https:\/\/beautysane.com\/be\/en\/wp-json\/wp\/v2\/types\/product"}],"replies":[{"embeddable":true,"href":"https:\/\/beautysane.com\/be\/en\/wp-json\/wp\/v2\/comments?post=52064"}],"wp:featuredmedia":[{"embeddable":true,"href":"https:\/\/beautysane.com\/be\/en\/wp-json\/wp\/v2\/media\/55756"}],"wp:attachment":[{"href":"https:\/\/beautysane.com\/be\/en\/wp-json\/wp\/v2\/media?parent=52064"}],"wp:term":[{"taxonomy":"product_brand","embeddable":true,"href":"https:\/\/beautysane.com\/be\/en\/wp-json\/wp\/v2\/product_brand?post=52064"},{"taxonomy":"product_cat","embeddable":true,"href":"https:\/\/beautysane.com\/be\/en\/wp-json\/wp\/v2\/product_cat?post=52064"},{"taxonomy":"product_tag","embeddable":true,"href":"https:\/\/beautysane.com\/be\/en\/wp-json\/wp\/v2\/product_tag?post=52064"}],"curies":[{"name":"wp","href":"https:\/\/api.w.org\/{rel}","templated":true}]}}