{"id":24224,"date":"2022-08-25T11:55:29","date_gmt":"2022-08-25T09:55:29","guid":{"rendered":"https:\/\/beautysane.com\/be\/boutique\/niet-gecategoriseerd\/coffret-soin-visage"},"modified":"2024-06-04T00:00:15","modified_gmt":"2024-06-03T22:00:15","slug":"set-dag-nacht","status":"publish","type":"product","link":"https:\/\/beautysane.com\/be\/nl\/winkel\/energy\/set-dag-nacht","title":{"rendered":"Set Dag &amp; Nacht"},"content":{"rendered":"<p>De Energy Aroma Gezichts-behandelingen, die het resultaat zijn van unieke aromatische plantensynergie\u00ebn, zijn de nieuwe essentie van je schoonheidsritueel.<\/p>\n<p>Een reinigingsolie met een frisse, bloemige geur die de huid zacht en diep reinigt en zelfs waterproof make-up verwijdert. Het combineert plantaardige oli\u00ebn van zoete amandel, sesam, hazelnoot en essenti\u00eble oli\u00ebn van citroen en geranium voor een perfect gereinigde en gevoede huid.<\/p>\n<p>Een gezichtscr\u00e8me die de huid diep voedt, haar vitaliteit en regeneratie stimuleert, voor een egale en stralende teint. Samengesteld uit plantaardige oli\u00ebn, essenti\u00eble oli\u00ebn en zee-extract, concentreert deze voordelen om de effecten van de tijd te bestrijden.<\/p>\n<p><strong>Deze set in beperkte oplage bevat:<\/strong><\/p>\n<ul>\n<li>1 Purity gezichtsolie &#8211; fles van 50 ml<\/li>\n<li>1 Vitality gezichtscr\u00e8me &#8211; fles van 50 ml<\/li>\n<\/ul>\n<p>&nbsp;<\/p>\n<p><em>Niet contractuele foto.<\/em><\/p>\n","protected":false},"excerpt":{"rendered":"<p>De Energy Aroma Gezichts-behandelingen, die het resultaat zijn van unieke aromatische plantensynergie\u00ebn, zijn de nieuwe essentie van je schoonheidsritueel. Een reinigingsolie met een frisse, bloemige geur die de huid zacht en diep reinigt en zelfs waterproof make-up verwijdert. Het combineert plantaardige oli\u00ebn van zoete amandel, sesam, hazelnoot en essenti\u00eble oli\u00ebn van citroen en geranium voor [&hellip;]<\/p>\n","protected":false},"featured_media":51247,"comment_status":"open","ping_status":"closed","template":"","meta":{"_acf_changed":false,"inline_featured_image":false,"yasr_overall_rating":0,"yasr_post_is_review":"","yasr_auto_insert_disabled":"","yasr_review_type":""},"product_brand":[],"product_cat":[361,367,547],"product_tag":[369,368,370],"class_list":{"0":"post-24224","1":"product","2":"type-product","3":"status-publish","4":"has-post-thumbnail","6":"product_cat-aanbiedingen","7":"product_cat-aromatische-synergieen","8":"product_cat-energy","9":"product_tag-essentiele-olien","10":"product_tag-gemaakt-in-frankrijk","11":"product_tag-plantaardige-olien","12":"pa_objectifs-welzijn","13":"has-subscription-plans","15":"first","16":"instock","17":"sale","18":"taxable","19":"shipping-taxable","20":"purchasable","21":"product-type-simple"},"acf":[],"yoast_head":"<!-- This site is optimized with the Yoast SEO Premium plugin v27.3 (Yoast SEO v27.3) - https:\/\/yoast.com\/product\/yoast-seo-premium-wordpress\/ -->\n<title>Set Dag &amp; Nacht - Beautysan\u00e9 - Belgique<\/title>\n<meta name=\"robots\" content=\"index, follow, max-snippet:-1, max-image-preview:large, max-video-preview:-1\" \/>\n<link rel=\"canonical\" href=\"https:\/\/beautysane.com\/be\/nl\/winkel\/energy\/set-dag-nacht\" \/>\n<meta property=\"og:locale\" content=\"nl_NL\" \/>\n<meta property=\"og:type\" content=\"article\" \/>\n<meta property=\"og:title\" content=\"Set Dag &amp; Nacht\" \/>\n<meta property=\"og:description\" content=\"De Energy Aroma Gezichts-behandelingen, die het resultaat zijn van unieke aromatische plantensynergie\u00ebn, zijn de nieuwe essentie van je schoonheidsritueel. Een reinigingsolie met een frisse, bloemige geur die de huid zacht en diep reinigt en zelfs waterproof make-up verwijdert. Het combineert plantaardige oli\u00ebn van zoete amandel, sesam, hazelnoot en essenti\u00eble oli\u00ebn van citroen en geranium voor [&hellip;]\" \/>\n<meta property=\"og:url\" content=\"https:\/\/beautysane.com\/be\/nl\/winkel\/energy\/set-dag-nacht\" \/>\n<meta property=\"og:site_name\" content=\"Beautysan\u00e9 - Belgique\" \/>\n<meta property=\"article:publisher\" content=\"https:\/\/www.facebook.com\/Beautysane\/\" \/>\n<meta property=\"article:modified_time\" content=\"2024-06-03T22:00:15+00:00\" \/>\n<meta property=\"og:image\" content=\"https:\/\/beautysane.ams3.digitaloceanspaces.com\/wp-content\/uploads\/sites\/4\/2023\/11\/16155304\/BF_Pack_Cosmetique.png\" \/>\n\t<meta property=\"og:image:width\" content=\"600\" \/>\n\t<meta property=\"og:image:height\" content=\"600\" \/>\n\t<meta property=\"og:image:type\" content=\"image\/png\" \/>\n<meta name=\"twitter:card\" content=\"summary_large_image\" \/>\n<meta name=\"twitter:label1\" content=\"Prijs\" \/>\n\t<meta name=\"twitter:data1\" content=\"54,45&euro;\" \/>\n\t<meta name=\"twitter:label2\" content=\"Beschikbaarheid\" \/>\n\t<meta name=\"twitter:data2\" content=\"Op voorraad\" \/>\n<script type=\"application\/ld+json\" class=\"yoast-schema-graph\">{\"@context\":\"https:\\\/\\\/schema.org\",\"@graph\":[{\"@type\":\"WebPage\",\"@id\":\"https:\\\/\\\/beautysane.com\\\/be\\\/nl\\\/winkel\\\/energy\\\/set-dag-nacht\",\"url\":\"https:\\\/\\\/beautysane.com\\\/be\\\/nl\\\/winkel\\\/energy\\\/set-dag-nacht\",\"name\":\"Set Dag &amp; Nacht - Beautysan\u00e9 - Belgique\",\"isPartOf\":{\"@id\":\"https:\\\/\\\/beautysane.com\\\/be\\\/nl#website\"},\"primaryImageOfPage\":{\"@id\":\"https:\\\/\\\/beautysane.com\\\/be\\\/nl\\\/winkel\\\/energy\\\/set-dag-nacht#primaryimage\"},\"image\":{\"@id\":\"https:\\\/\\\/beautysane.com\\\/be\\\/nl\\\/winkel\\\/energy\\\/set-dag-nacht#primaryimage\"},\"thumbnailUrl\":\"https:\\\/\\\/beautysane.ams3.digitaloceanspaces.com\\\/wp-content\\\/uploads\\\/sites\\\/4\\\/2023\\\/11\\\/16155304\\\/BF_Pack_Cosmetique.png\",\"datePublished\":\"2022-08-25T09:55:29+00:00\",\"dateModified\":\"2024-06-03T22:00:15+00:00\",\"breadcrumb\":{\"@id\":\"https:\\\/\\\/beautysane.com\\\/be\\\/nl\\\/winkel\\\/energy\\\/set-dag-nacht#breadcrumb\"},\"inLanguage\":\"nl-NL\",\"potentialAction\":[{\"@type\":\"ReadAction\",\"target\":[\"https:\\\/\\\/beautysane.com\\\/be\\\/nl\\\/winkel\\\/energy\\\/set-dag-nacht\"]}]},{\"@type\":\"ImageObject\",\"inLanguage\":\"nl-NL\",\"@id\":\"https:\\\/\\\/beautysane.com\\\/be\\\/nl\\\/winkel\\\/energy\\\/set-dag-nacht#primaryimage\",\"url\":\"https:\\\/\\\/beautysane.ams3.digitaloceanspaces.com\\\/wp-content\\\/uploads\\\/sites\\\/4\\\/2023\\\/11\\\/16155304\\\/BF_Pack_Cosmetique.png\",\"contentUrl\":\"https:\\\/\\\/beautysane.ams3.digitaloceanspaces.com\\\/wp-content\\\/uploads\\\/sites\\\/4\\\/2023\\\/11\\\/16155304\\\/BF_Pack_Cosmetique.png\",\"width\":600,\"height\":600},{\"@type\":\"BreadcrumbList\",\"@id\":\"https:\\\/\\\/beautysane.com\\\/be\\\/nl\\\/winkel\\\/energy\\\/set-dag-nacht#breadcrumb\",\"itemListElement\":[{\"@type\":\"ListItem\",\"position\":1,\"name\":\"Home\",\"item\":\"https:\\\/\\\/beautysane.com\\\/be\\\/nl\"},{\"@type\":\"ListItem\",\"position\":2,\"name\":\"Winkel\",\"item\":\"https:\\\/\\\/beautysane.com\\\/be\\\/nl\\\/winkel\"},{\"@type\":\"ListItem\",\"position\":3,\"name\":\"Set Dag &amp; Nacht\"}]},{\"@type\":\"WebSite\",\"@id\":\"https:\\\/\\\/beautysane.com\\\/be\\\/nl#website\",\"url\":\"https:\\\/\\\/beautysane.com\\\/be\\\/nl\",\"name\":\"Beautysan\u00e9 - Belgique\",\"description\":\"Feed The Change\",\"potentialAction\":[{\"@type\":\"SearchAction\",\"target\":{\"@type\":\"EntryPoint\",\"urlTemplate\":\"https:\\\/\\\/beautysane.com\\\/be\\\/nl?s={search_term_string}\"},\"query-input\":{\"@type\":\"PropertyValueSpecification\",\"valueRequired\":true,\"valueName\":\"search_term_string\"}}],\"inLanguage\":\"nl-NL\"},false]}<\/script>\n<meta property=\"product:price:amount\" content=\"54.45\" \/>\n<meta property=\"product:price:currency\" content=\"EUR\" \/>\n<meta property=\"og:availability\" content=\"instock\" \/>\n<meta property=\"product:availability\" content=\"instock\" \/>\n<meta property=\"product:retailer_item_id\" content=\"HE-2021-010-PK\" \/>\n<meta property=\"product:condition\" content=\"new\" \/>\n<!-- \/ Yoast SEO Premium plugin. -->","yoast_head_json":{"title":"Set Dag &amp; Nacht - Beautysan\u00e9 - Belgique","robots":{"index":"index","follow":"follow","max-snippet":"max-snippet:-1","max-image-preview":"max-image-preview:large","max-video-preview":"max-video-preview:-1"},"canonical":"https:\/\/beautysane.com\/be\/nl\/winkel\/energy\/set-dag-nacht","og_locale":"nl_NL","og_type":"article","og_title":"Set Dag &amp; Nacht","og_description":"De Energy Aroma Gezichts-behandelingen, die het resultaat zijn van unieke aromatische plantensynergie\u00ebn, zijn de nieuwe essentie van je schoonheidsritueel. Een reinigingsolie met een frisse, bloemige geur die de huid zacht en diep reinigt en zelfs waterproof make-up verwijdert. Het combineert plantaardige oli\u00ebn van zoete amandel, sesam, hazelnoot en essenti\u00eble oli\u00ebn van citroen en geranium voor [&hellip;]","og_url":"https:\/\/beautysane.com\/be\/nl\/winkel\/energy\/set-dag-nacht","og_site_name":"Beautysan\u00e9 - Belgique","article_publisher":"https:\/\/www.facebook.com\/Beautysane\/","article_modified_time":"2024-06-03T22:00:15+00:00","og_image":[{"width":600,"height":600,"url":"https:\/\/beautysane.ams3.digitaloceanspaces.com\/wp-content\/uploads\/sites\/4\/2023\/11\/16155304\/BF_Pack_Cosmetique.png","type":"image\/png"}],"twitter_card":"summary_large_image","twitter_misc":{"Prijs":"54,45&euro;","Beschikbaarheid":"Op voorraad"},"schema":{"@context":"https:\/\/schema.org","@graph":[{"@type":"WebPage","@id":"https:\/\/beautysane.com\/be\/nl\/winkel\/energy\/set-dag-nacht","url":"https:\/\/beautysane.com\/be\/nl\/winkel\/energy\/set-dag-nacht","name":"Set Dag &amp; Nacht - Beautysan\u00e9 - Belgique","isPartOf":{"@id":"https:\/\/beautysane.com\/be\/nl#website"},"primaryImageOfPage":{"@id":"https:\/\/beautysane.com\/be\/nl\/winkel\/energy\/set-dag-nacht#primaryimage"},"image":{"@id":"https:\/\/beautysane.com\/be\/nl\/winkel\/energy\/set-dag-nacht#primaryimage"},"thumbnailUrl":"https:\/\/beautysane.ams3.digitaloceanspaces.com\/wp-content\/uploads\/sites\/4\/2023\/11\/16155304\/BF_Pack_Cosmetique.png","datePublished":"2022-08-25T09:55:29+00:00","dateModified":"2024-06-03T22:00:15+00:00","breadcrumb":{"@id":"https:\/\/beautysane.com\/be\/nl\/winkel\/energy\/set-dag-nacht#breadcrumb"},"inLanguage":"nl-NL","potentialAction":[{"@type":"ReadAction","target":["https:\/\/beautysane.com\/be\/nl\/winkel\/energy\/set-dag-nacht"]}]},{"@type":"ImageObject","inLanguage":"nl-NL","@id":"https:\/\/beautysane.com\/be\/nl\/winkel\/energy\/set-dag-nacht#primaryimage","url":"https:\/\/beautysane.ams3.digitaloceanspaces.com\/wp-content\/uploads\/sites\/4\/2023\/11\/16155304\/BF_Pack_Cosmetique.png","contentUrl":"https:\/\/beautysane.ams3.digitaloceanspaces.com\/wp-content\/uploads\/sites\/4\/2023\/11\/16155304\/BF_Pack_Cosmetique.png","width":600,"height":600},{"@type":"BreadcrumbList","@id":"https:\/\/beautysane.com\/be\/nl\/winkel\/energy\/set-dag-nacht#breadcrumb","itemListElement":[{"@type":"ListItem","position":1,"name":"Home","item":"https:\/\/beautysane.com\/be\/nl"},{"@type":"ListItem","position":2,"name":"Winkel","item":"https:\/\/beautysane.com\/be\/nl\/winkel"},{"@type":"ListItem","position":3,"name":"Set Dag &amp; Nacht"}]},{"@type":"WebSite","@id":"https:\/\/beautysane.com\/be\/nl#website","url":"https:\/\/beautysane.com\/be\/nl","name":"Beautysan\u00e9 - Belgique","description":"Feed The Change","potentialAction":[{"@type":"SearchAction","target":{"@type":"EntryPoint","urlTemplate":"https:\/\/beautysane.com\/be\/nl?s={search_term_string}"},"query-input":{"@type":"PropertyValueSpecification","valueRequired":true,"valueName":"search_term_string"}}],"inLanguage":"nl-NL"},false]},"product_price_amount":"54.45","product_price_currency":"EUR","og_availability":"instock","product_availability":"instock","product_retailer_item_id":"HE-2021-010-PK","product_condition":"new"},"yasr_visitor_votes":{"stars_attributes":{"read_only":true,"span_bottom":"<div class='yasr-small-block-bold'><span class='yasr-visitor-votes-must-sign-in'>Je moet je inloggen om te stemmen<\/span><\/div>"},"number_of_votes":0,"sum_votes":0},"_links":{"self":[{"href":"https:\/\/beautysane.com\/be\/nl\/wp-json\/wp\/v2\/product\/24224","targetHints":{"allow":["GET"]}}],"collection":[{"href":"https:\/\/beautysane.com\/be\/nl\/wp-json\/wp\/v2\/product"}],"about":[{"href":"https:\/\/beautysane.com\/be\/nl\/wp-json\/wp\/v2\/types\/product"}],"replies":[{"embeddable":true,"href":"https:\/\/beautysane.com\/be\/nl\/wp-json\/wp\/v2\/comments?post=24224"}],"wp:featuredmedia":[{"embeddable":true,"href":"https:\/\/beautysane.com\/be\/nl\/wp-json\/wp\/v2\/media\/51247"}],"wp:attachment":[{"href":"https:\/\/beautysane.com\/be\/nl\/wp-json\/wp\/v2\/media?parent=24224"}],"wp:term":[{"taxonomy":"product_brand","embeddable":true,"href":"https:\/\/beautysane.com\/be\/nl\/wp-json\/wp\/v2\/product_brand?post=24224"},{"taxonomy":"product_cat","embeddable":true,"href":"https:\/\/beautysane.com\/be\/nl\/wp-json\/wp\/v2\/product_cat?post=24224"},{"taxonomy":"product_tag","embeddable":true,"href":"https:\/\/beautysane.com\/be\/nl\/wp-json\/wp\/v2\/product_tag?post=24224"}],"curies":[{"name":"wp","href":"https:\/\/api.w.org\/{rel}","templated":true}]}}