{"id":24259,"date":"2021-09-07T14:40:53","date_gmt":"2021-09-07T12:40:53","guid":{"rendered":"https:\/\/beautysane.com\/be\/boutique\/niet-gecategoriseerd\/shaker-energy-diet-500ml"},"modified":"2026-04-10T09:53:38","modified_gmt":"2026-04-10T07:53:38","slug":"shaker-energy-diet-500ml","status":"publish","type":"product","link":"https:\/\/beautysane.com\/be\/nl\/winkel\/energy\/shaker-energy-diet-500ml","title":{"rendered":"Shaker Energy Diet (500ml)"},"content":{"rendered":"<p>Nuttig Energy Diet en Energy Diet+ waar u ook bent, dankzij de shaker van Beautysan\u00e9 ! Zijn afdraaibare dop laat u toe makkelijk en direct van de shaker te drinken, zelfs als u in beweging bent. Het ge\u00efntegreerde roostertje in het deksel garandeert een perfect smeu\u00efge en homogene drank. De shaker is gemaakt van hoogwaardig polypropyleen, zonder BPA et conform de voedselwetgevingen. Hij is weinig omvangrijk en vaatwas- en microgolfresistent.<\/p>\n<p>Een ruime keuze aan kleuren : blauw, groen, roze, geel, oranje of wit.<\/p>\n","protected":false},"excerpt":{"rendered":"<p>Nuttig Energy Diet en Energy Diet+ waar u ook bent, dankzij de shaker van Beautysan\u00e9 ! Zijn afdraaibare dop laat u toe makkelijk en direct van de shaker te drinken, zelfs als u in beweging bent. Het ge\u00efntegreerde roostertje in het deksel garandeert een perfect smeu\u00efge en homogene drank. De shaker is gemaakt van hoogwaardig [&hellip;]<\/p>\n","protected":false},"featured_media":15022,"comment_status":"open","ping_status":"closed","template":"","meta":{"_acf_changed":false,"inline_featured_image":false,"yasr_overall_rating":0,"yasr_post_is_review":"","yasr_auto_insert_disabled":"","yasr_review_type":""},"product_brand":[],"product_cat":[547,709],"product_tag":[414,415,417,418,416],"class_list":{"0":"post-24259","1":"product","2":"type-product","3":"status-publish","4":"has-post-thumbnail","6":"product_cat-energy","7":"product_cat-toebehoren","8":"product_tag-500-ml-nl","9":"product_tag-bpa-vrij","10":"product_tag-geintegreerd-mengrooster","11":"product_tag-gemaakt-in-europa","12":"product_tag-vaatwasmachine-en-magnetronbestendig","13":"has-subscription-plans","15":"first","16":"instock","17":"taxable","18":"shipping-taxable","19":"purchasable","20":"product-type-simple"},"acf":[],"yoast_head":"<!-- This site is optimized with the Yoast SEO Premium plugin v27.3 (Yoast SEO v27.3) - https:\/\/yoast.com\/product\/yoast-seo-premium-wordpress\/ -->\n<title>Shaker Energy Diet (500ml) - Beautysan\u00e9 - Belgique<\/title>\n<meta name=\"robots\" content=\"index, follow, max-snippet:-1, max-image-preview:large, max-video-preview:-1\" \/>\n<link rel=\"canonical\" href=\"https:\/\/beautysane.com\/be\/nl\/winkel\/energy\/shaker-energy-diet-500ml\" \/>\n<meta property=\"og:locale\" content=\"nl_NL\" \/>\n<meta property=\"og:type\" content=\"article\" \/>\n<meta property=\"og:title\" content=\"Shaker Energy Diet (500ml)\" \/>\n<meta property=\"og:description\" content=\"Nuttig Energy Diet en Energy Diet+ waar u ook bent, dankzij de shaker van Beautysan\u00e9 ! Zijn afdraaibare dop laat u toe makkelijk en direct van de shaker te drinken, zelfs als u in beweging bent. Het ge\u00efntegreerde roostertje in het deksel garandeert een perfect smeu\u00efge en homogene drank. De shaker is gemaakt van hoogwaardig [&hellip;]\" \/>\n<meta property=\"og:url\" content=\"https:\/\/beautysane.com\/be\/nl\/winkel\/energy\/shaker-energy-diet-500ml\" \/>\n<meta property=\"og:site_name\" content=\"Beautysan\u00e9 - Belgique\" \/>\n<meta property=\"article:publisher\" content=\"https:\/\/www.facebook.com\/Beautysane\/\" \/>\n<meta property=\"article:modified_time\" content=\"2026-04-10T07:53:38+00:00\" \/>\n<meta property=\"og:image\" content=\"https:\/\/beautysane.ams3.digitaloceanspaces.com\/wp-content\/uploads\/sites\/4\/2021\/09\/29033449\/shaker_vert1.png\" \/>\n\t<meta property=\"og:image:width\" content=\"1200\" \/>\n\t<meta property=\"og:image:height\" content=\"1200\" \/>\n\t<meta property=\"og:image:type\" content=\"image\/png\" \/>\n<meta name=\"twitter:card\" content=\"summary_large_image\" \/>\n<meta name=\"twitter:label1\" content=\"Prijs\" \/>\n\t<meta name=\"twitter:data1\" content=\"3,03&euro;\" \/>\n\t<meta name=\"twitter:label2\" content=\"Beschikbaarheid\" \/>\n\t<meta name=\"twitter:data2\" content=\"Op voorraad\" \/>\n<script type=\"application\/ld+json\" class=\"yoast-schema-graph\">{\"@context\":\"https:\\\/\\\/schema.org\",\"@graph\":[{\"@type\":\"WebPage\",\"@id\":\"https:\\\/\\\/beautysane.com\\\/be\\\/nl\\\/winkel\\\/energy\\\/shaker-energy-diet-500ml\",\"url\":\"https:\\\/\\\/beautysane.com\\\/be\\\/nl\\\/winkel\\\/energy\\\/shaker-energy-diet-500ml\",\"name\":\"Shaker Energy Diet (500ml) - Beautysan\u00e9 - Belgique\",\"isPartOf\":{\"@id\":\"https:\\\/\\\/beautysane.com\\\/be\\\/nl#website\"},\"primaryImageOfPage\":{\"@id\":\"https:\\\/\\\/beautysane.com\\\/be\\\/nl\\\/winkel\\\/energy\\\/shaker-energy-diet-500ml#primaryimage\"},\"image\":{\"@id\":\"https:\\\/\\\/beautysane.com\\\/be\\\/nl\\\/winkel\\\/energy\\\/shaker-energy-diet-500ml#primaryimage\"},\"thumbnailUrl\":\"https:\\\/\\\/beautysane.ams3.digitaloceanspaces.com\\\/wp-content\\\/uploads\\\/sites\\\/4\\\/2021\\\/09\\\/29033449\\\/shaker_vert1.png\",\"datePublished\":\"2021-09-07T12:40:53+00:00\",\"dateModified\":\"2026-04-10T07:53:38+00:00\",\"breadcrumb\":{\"@id\":\"https:\\\/\\\/beautysane.com\\\/be\\\/nl\\\/winkel\\\/energy\\\/shaker-energy-diet-500ml#breadcrumb\"},\"inLanguage\":\"nl-NL\",\"potentialAction\":[{\"@type\":\"ReadAction\",\"target\":[\"https:\\\/\\\/beautysane.com\\\/be\\\/nl\\\/winkel\\\/energy\\\/shaker-energy-diet-500ml\"]}]},{\"@type\":\"ImageObject\",\"inLanguage\":\"nl-NL\",\"@id\":\"https:\\\/\\\/beautysane.com\\\/be\\\/nl\\\/winkel\\\/energy\\\/shaker-energy-diet-500ml#primaryimage\",\"url\":\"https:\\\/\\\/beautysane.ams3.digitaloceanspaces.com\\\/wp-content\\\/uploads\\\/sites\\\/4\\\/2021\\\/09\\\/29033449\\\/shaker_vert1.png\",\"contentUrl\":\"https:\\\/\\\/beautysane.ams3.digitaloceanspaces.com\\\/wp-content\\\/uploads\\\/sites\\\/4\\\/2021\\\/09\\\/29033449\\\/shaker_vert1.png\",\"width\":1200,\"height\":1200},{\"@type\":\"BreadcrumbList\",\"@id\":\"https:\\\/\\\/beautysane.com\\\/be\\\/nl\\\/winkel\\\/energy\\\/shaker-energy-diet-500ml#breadcrumb\",\"itemListElement\":[{\"@type\":\"ListItem\",\"position\":1,\"name\":\"Home\",\"item\":\"https:\\\/\\\/beautysane.com\\\/be\\\/nl\"},{\"@type\":\"ListItem\",\"position\":2,\"name\":\"Winkel\",\"item\":\"https:\\\/\\\/beautysane.com\\\/be\\\/nl\\\/winkel\"},{\"@type\":\"ListItem\",\"position\":3,\"name\":\"Shaker Energy Diet (500ml)\"}]},{\"@type\":\"WebSite\",\"@id\":\"https:\\\/\\\/beautysane.com\\\/be\\\/nl#website\",\"url\":\"https:\\\/\\\/beautysane.com\\\/be\\\/nl\",\"name\":\"Beautysan\u00e9 - Belgique\",\"description\":\"Feed The Change\",\"potentialAction\":[{\"@type\":\"SearchAction\",\"target\":{\"@type\":\"EntryPoint\",\"urlTemplate\":\"https:\\\/\\\/beautysane.com\\\/be\\\/nl?s={search_term_string}\"},\"query-input\":{\"@type\":\"PropertyValueSpecification\",\"valueRequired\":true,\"valueName\":\"search_term_string\"}}],\"inLanguage\":\"nl-NL\"},false]}<\/script>\n<meta property=\"product:price:amount\" content=\"3.03\" \/>\n<meta property=\"product:price:currency\" content=\"EUR\" \/>\n<meta property=\"og:availability\" content=\"instock\" \/>\n<meta property=\"product:availability\" content=\"instock\" \/>\n<meta property=\"product:retailer_item_id\" content=\"AC003\" \/>\n<meta property=\"product:condition\" content=\"new\" \/>\n<!-- \/ Yoast SEO Premium plugin. -->","yoast_head_json":{"title":"Shaker Energy Diet (500ml) - Beautysan\u00e9 - Belgique","robots":{"index":"index","follow":"follow","max-snippet":"max-snippet:-1","max-image-preview":"max-image-preview:large","max-video-preview":"max-video-preview:-1"},"canonical":"https:\/\/beautysane.com\/be\/nl\/winkel\/energy\/shaker-energy-diet-500ml","og_locale":"nl_NL","og_type":"article","og_title":"Shaker Energy Diet (500ml)","og_description":"Nuttig Energy Diet en Energy Diet+ waar u ook bent, dankzij de shaker van Beautysan\u00e9 ! Zijn afdraaibare dop laat u toe makkelijk en direct van de shaker te drinken, zelfs als u in beweging bent. Het ge\u00efntegreerde roostertje in het deksel garandeert een perfect smeu\u00efge en homogene drank. De shaker is gemaakt van hoogwaardig [&hellip;]","og_url":"https:\/\/beautysane.com\/be\/nl\/winkel\/energy\/shaker-energy-diet-500ml","og_site_name":"Beautysan\u00e9 - Belgique","article_publisher":"https:\/\/www.facebook.com\/Beautysane\/","article_modified_time":"2026-04-10T07:53:38+00:00","og_image":[{"width":1200,"height":1200,"url":"https:\/\/beautysane.ams3.digitaloceanspaces.com\/wp-content\/uploads\/sites\/4\/2021\/09\/29033449\/shaker_vert1.png","type":"image\/png"}],"twitter_card":"summary_large_image","twitter_misc":{"Prijs":"3,03&euro;","Beschikbaarheid":"Op voorraad"},"schema":{"@context":"https:\/\/schema.org","@graph":[{"@type":"WebPage","@id":"https:\/\/beautysane.com\/be\/nl\/winkel\/energy\/shaker-energy-diet-500ml","url":"https:\/\/beautysane.com\/be\/nl\/winkel\/energy\/shaker-energy-diet-500ml","name":"Shaker Energy Diet (500ml) - Beautysan\u00e9 - Belgique","isPartOf":{"@id":"https:\/\/beautysane.com\/be\/nl#website"},"primaryImageOfPage":{"@id":"https:\/\/beautysane.com\/be\/nl\/winkel\/energy\/shaker-energy-diet-500ml#primaryimage"},"image":{"@id":"https:\/\/beautysane.com\/be\/nl\/winkel\/energy\/shaker-energy-diet-500ml#primaryimage"},"thumbnailUrl":"https:\/\/beautysane.ams3.digitaloceanspaces.com\/wp-content\/uploads\/sites\/4\/2021\/09\/29033449\/shaker_vert1.png","datePublished":"2021-09-07T12:40:53+00:00","dateModified":"2026-04-10T07:53:38+00:00","breadcrumb":{"@id":"https:\/\/beautysane.com\/be\/nl\/winkel\/energy\/shaker-energy-diet-500ml#breadcrumb"},"inLanguage":"nl-NL","potentialAction":[{"@type":"ReadAction","target":["https:\/\/beautysane.com\/be\/nl\/winkel\/energy\/shaker-energy-diet-500ml"]}]},{"@type":"ImageObject","inLanguage":"nl-NL","@id":"https:\/\/beautysane.com\/be\/nl\/winkel\/energy\/shaker-energy-diet-500ml#primaryimage","url":"https:\/\/beautysane.ams3.digitaloceanspaces.com\/wp-content\/uploads\/sites\/4\/2021\/09\/29033449\/shaker_vert1.png","contentUrl":"https:\/\/beautysane.ams3.digitaloceanspaces.com\/wp-content\/uploads\/sites\/4\/2021\/09\/29033449\/shaker_vert1.png","width":1200,"height":1200},{"@type":"BreadcrumbList","@id":"https:\/\/beautysane.com\/be\/nl\/winkel\/energy\/shaker-energy-diet-500ml#breadcrumb","itemListElement":[{"@type":"ListItem","position":1,"name":"Home","item":"https:\/\/beautysane.com\/be\/nl"},{"@type":"ListItem","position":2,"name":"Winkel","item":"https:\/\/beautysane.com\/be\/nl\/winkel"},{"@type":"ListItem","position":3,"name":"Shaker Energy Diet (500ml)"}]},{"@type":"WebSite","@id":"https:\/\/beautysane.com\/be\/nl#website","url":"https:\/\/beautysane.com\/be\/nl","name":"Beautysan\u00e9 - Belgique","description":"Feed The Change","potentialAction":[{"@type":"SearchAction","target":{"@type":"EntryPoint","urlTemplate":"https:\/\/beautysane.com\/be\/nl?s={search_term_string}"},"query-input":{"@type":"PropertyValueSpecification","valueRequired":true,"valueName":"search_term_string"}}],"inLanguage":"nl-NL"},false]},"product_price_amount":"3.03","product_price_currency":"EUR","og_availability":"instock","product_availability":"instock","product_retailer_item_id":"AC003","product_condition":"new"},"yasr_visitor_votes":{"stars_attributes":{"read_only":true,"span_bottom":"<div class='yasr-small-block-bold'><span class='yasr-visitor-votes-must-sign-in'>Je moet je inloggen om te stemmen<\/span><\/div>"},"number_of_votes":0,"sum_votes":0},"_links":{"self":[{"href":"https:\/\/beautysane.com\/be\/nl\/wp-json\/wp\/v2\/product\/24259","targetHints":{"allow":["GET"]}}],"collection":[{"href":"https:\/\/beautysane.com\/be\/nl\/wp-json\/wp\/v2\/product"}],"about":[{"href":"https:\/\/beautysane.com\/be\/nl\/wp-json\/wp\/v2\/types\/product"}],"replies":[{"embeddable":true,"href":"https:\/\/beautysane.com\/be\/nl\/wp-json\/wp\/v2\/comments?post=24259"}],"wp:featuredmedia":[{"embeddable":true,"href":"https:\/\/beautysane.com\/be\/nl\/wp-json\/wp\/v2\/media\/15022"}],"wp:attachment":[{"href":"https:\/\/beautysane.com\/be\/nl\/wp-json\/wp\/v2\/media?parent=24259"}],"wp:term":[{"taxonomy":"product_brand","embeddable":true,"href":"https:\/\/beautysane.com\/be\/nl\/wp-json\/wp\/v2\/product_brand?post=24259"},{"taxonomy":"product_cat","embeddable":true,"href":"https:\/\/beautysane.com\/be\/nl\/wp-json\/wp\/v2\/product_cat?post=24259"},{"taxonomy":"product_tag","embeddable":true,"href":"https:\/\/beautysane.com\/be\/nl\/wp-json\/wp\/v2\/product_tag?post=24259"}],"curies":[{"name":"wp","href":"https:\/\/api.w.org\/{rel}","templated":true}]}}