{"id":40990,"date":"2022-10-11T10:34:31","date_gmt":"2022-10-11T08:34:31","guid":{"rendered":"https:\/\/beautysane.com\/be?post_type=product&#038;p=40990"},"modified":"2024-02-06T17:16:22","modified_gmt":"2024-02-06T16:16:22","slug":"lotion-micellaire-a-laloe-vera","status":"publish","type":"product","link":"https:\/\/beautysane.com\/be\/nl\/winkel\/harmony\/cosmetica\/lotion-micellaire-a-laloe-vera","title":{"rendered":"Micellaire reinigingslotion met Alo\u00eb vera 200 ml (cosmos organic)"},"content":{"rendered":"<p>Dankzij de <strong>100% natuurlijke ingredi\u00ebnten<\/strong> verwijdert deze micellaire lotion op basis van <strong>alo\u00eb vera en biologisch frambozenbloemenwater<\/strong> op milde wijze make-up van je huid. Je zult genieten van de formule zonder spoelen, zonder synthetische geur en met de betoverende geur van <strong>natuurlijke vanille.<\/strong><\/p>\n","protected":false},"excerpt":{"rendered":"<p>Dankzij de 100% natuurlijke ingredi\u00ebnten verwijdert deze micellaire lotion op basis van alo\u00eb vera en biologisch frambozenbloemenwater op milde wijze make-up van je huid. Je zult genieten van de formule zonder spoelen, zonder synthetische geur en met de betoverende geur van natuurlijke vanille.<\/p>\n","protected":false},"featured_media":40981,"comment_status":"open","ping_status":"closed","template":"","meta":{"_acf_changed":false,"inline_featured_image":false,"yasr_overall_rating":0,"yasr_post_is_review":"","yasr_auto_insert_disabled":"","yasr_review_type":""},"product_brand":[],"product_cat":[535,550],"product_tag":[368],"class_list":{"0":"post-40990","1":"product","2":"type-product","3":"status-publish","4":"has-post-thumbnail","6":"product_cat-cosmetica","7":"product_cat-harmony","8":"product_tag-gemaakt-in-frankrijk","9":"pa_objectifs-schoonheid","10":"has-subscription-plans","12":"first","13":"outofstock","14":"taxable","15":"shipping-taxable","16":"purchasable","17":"product-type-simple"},"acf":[],"yoast_head":"<!-- This site is optimized with the Yoast SEO Premium plugin v27.3 (Yoast SEO v27.3) - https:\/\/yoast.com\/product\/yoast-seo-premium-wordpress\/ -->\n<title>Micellaire reinigingslotion met Alo\u00eb vera 200 ml (cosmos organic) - Beautysan\u00e9 - Belgique<\/title>\n<meta name=\"robots\" content=\"index, follow, max-snippet:-1, max-image-preview:large, max-video-preview:-1\" \/>\n<link rel=\"canonical\" href=\"https:\/\/beautysane.com\/be\/nl\/winkel\/harmony\/cosmetica\/lotion-micellaire-a-laloe-vera\" \/>\n<meta property=\"og:locale\" content=\"nl_NL\" \/>\n<meta property=\"og:type\" content=\"article\" \/>\n<meta property=\"og:title\" content=\"Micellaire reinigingslotion met Alo\u00eb vera 200 ml (cosmos organic)\" \/>\n<meta property=\"og:description\" content=\"Dankzij de 100% natuurlijke ingredi\u00ebnten verwijdert deze micellaire lotion op basis van alo\u00eb vera en biologisch frambozenbloemenwater op milde wijze make-up van je huid. Je zult genieten van de formule zonder spoelen, zonder synthetische geur en met de betoverende geur van natuurlijke vanille.\" \/>\n<meta property=\"og:url\" content=\"https:\/\/beautysane.com\/be\/nl\/winkel\/harmony\/cosmetica\/lotion-micellaire-a-laloe-vera\" \/>\n<meta property=\"og:site_name\" content=\"Beautysan\u00e9 - Belgique\" \/>\n<meta property=\"article:publisher\" content=\"https:\/\/www.facebook.com\/Beautysane\/\" \/>\n<meta property=\"article:modified_time\" content=\"2024-02-06T16:16:22+00:00\" \/>\n<meta property=\"og:image\" content=\"https:\/\/beautysane.ams3.digitaloceanspaces.com\/wp-content\/uploads\/sites\/4\/2022\/10\/29032346\/HA-2022-008.png\" \/>\n\t<meta property=\"og:image:width\" content=\"1200\" \/>\n\t<meta property=\"og:image:height\" content=\"1200\" \/>\n\t<meta property=\"og:image:type\" content=\"image\/png\" \/>\n<meta name=\"twitter:card\" content=\"summary_large_image\" \/>\n<meta name=\"twitter:label1\" content=\"Prijs\" \/>\n\t<meta name=\"twitter:data1\" content=\"15,13&euro;\" \/>\n\t<meta name=\"twitter:label2\" content=\"Beschikbaarheid\" \/>\n\t<meta name=\"twitter:data2\" content=\"Uitverkocht\" \/>\n<script type=\"application\/ld+json\" class=\"yoast-schema-graph\">{\"@context\":\"https:\\\/\\\/schema.org\",\"@graph\":[{\"@type\":\"WebPage\",\"@id\":\"https:\\\/\\\/beautysane.com\\\/be\\\/nl\\\/winkel\\\/harmony\\\/cosmetica\\\/lotion-micellaire-a-laloe-vera\",\"url\":\"https:\\\/\\\/beautysane.com\\\/be\\\/nl\\\/winkel\\\/harmony\\\/cosmetica\\\/lotion-micellaire-a-laloe-vera\",\"name\":\"Micellaire reinigingslotion met Alo\u00eb vera 200 ml (cosmos organic) - Beautysan\u00e9 - Belgique\",\"isPartOf\":{\"@id\":\"https:\\\/\\\/beautysane.com\\\/be\\\/nl#website\"},\"primaryImageOfPage\":{\"@id\":\"https:\\\/\\\/beautysane.com\\\/be\\\/nl\\\/winkel\\\/harmony\\\/cosmetica\\\/lotion-micellaire-a-laloe-vera#primaryimage\"},\"image\":{\"@id\":\"https:\\\/\\\/beautysane.com\\\/be\\\/nl\\\/winkel\\\/harmony\\\/cosmetica\\\/lotion-micellaire-a-laloe-vera#primaryimage\"},\"thumbnailUrl\":\"https:\\\/\\\/beautysane.ams3.digitaloceanspaces.com\\\/wp-content\\\/uploads\\\/sites\\\/4\\\/2022\\\/10\\\/29032346\\\/HA-2022-008.png\",\"datePublished\":\"2022-10-11T08:34:31+00:00\",\"dateModified\":\"2024-02-06T16:16:22+00:00\",\"breadcrumb\":{\"@id\":\"https:\\\/\\\/beautysane.com\\\/be\\\/nl\\\/winkel\\\/harmony\\\/cosmetica\\\/lotion-micellaire-a-laloe-vera#breadcrumb\"},\"inLanguage\":\"nl-NL\",\"potentialAction\":[{\"@type\":\"ReadAction\",\"target\":[\"https:\\\/\\\/beautysane.com\\\/be\\\/nl\\\/winkel\\\/harmony\\\/cosmetica\\\/lotion-micellaire-a-laloe-vera\"]}]},{\"@type\":\"ImageObject\",\"inLanguage\":\"nl-NL\",\"@id\":\"https:\\\/\\\/beautysane.com\\\/be\\\/nl\\\/winkel\\\/harmony\\\/cosmetica\\\/lotion-micellaire-a-laloe-vera#primaryimage\",\"url\":\"https:\\\/\\\/beautysane.ams3.digitaloceanspaces.com\\\/wp-content\\\/uploads\\\/sites\\\/4\\\/2022\\\/10\\\/29032346\\\/HA-2022-008.png\",\"contentUrl\":\"https:\\\/\\\/beautysane.ams3.digitaloceanspaces.com\\\/wp-content\\\/uploads\\\/sites\\\/4\\\/2022\\\/10\\\/29032346\\\/HA-2022-008.png\",\"width\":1200,\"height\":1200},{\"@type\":\"BreadcrumbList\",\"@id\":\"https:\\\/\\\/beautysane.com\\\/be\\\/nl\\\/winkel\\\/harmony\\\/cosmetica\\\/lotion-micellaire-a-laloe-vera#breadcrumb\",\"itemListElement\":[{\"@type\":\"ListItem\",\"position\":1,\"name\":\"Home\",\"item\":\"https:\\\/\\\/beautysane.com\\\/be\\\/nl\"},{\"@type\":\"ListItem\",\"position\":2,\"name\":\"Winkel\",\"item\":\"https:\\\/\\\/beautysane.com\\\/be\\\/nl\\\/winkel\"},{\"@type\":\"ListItem\",\"position\":3,\"name\":\"Micellaire reinigingslotion met Alo\u00eb vera 200 ml (cosmos organic)\"}]},{\"@type\":\"WebSite\",\"@id\":\"https:\\\/\\\/beautysane.com\\\/be\\\/nl#website\",\"url\":\"https:\\\/\\\/beautysane.com\\\/be\\\/nl\",\"name\":\"Beautysan\u00e9 - Belgique\",\"description\":\"Feed The Change\",\"potentialAction\":[{\"@type\":\"SearchAction\",\"target\":{\"@type\":\"EntryPoint\",\"urlTemplate\":\"https:\\\/\\\/beautysane.com\\\/be\\\/nl?s={search_term_string}\"},\"query-input\":{\"@type\":\"PropertyValueSpecification\",\"valueRequired\":true,\"valueName\":\"search_term_string\"}}],\"inLanguage\":\"nl-NL\"},false]}<\/script>\n<meta property=\"product:price:amount\" content=\"15.13\" \/>\n<meta property=\"product:price:currency\" content=\"EUR\" \/>\n<meta property=\"og:availability\" content=\"out of stock\" \/>\n<meta property=\"product:availability\" content=\"out of stock\" \/>\n<meta property=\"product:retailer_item_id\" content=\"HA-2022-008\" \/>\n<meta property=\"product:condition\" content=\"new\" \/>\n<!-- \/ Yoast SEO Premium plugin. -->","yoast_head_json":{"title":"Micellaire reinigingslotion met Alo\u00eb vera 200 ml (cosmos organic) - Beautysan\u00e9 - Belgique","robots":{"index":"index","follow":"follow","max-snippet":"max-snippet:-1","max-image-preview":"max-image-preview:large","max-video-preview":"max-video-preview:-1"},"canonical":"https:\/\/beautysane.com\/be\/nl\/winkel\/harmony\/cosmetica\/lotion-micellaire-a-laloe-vera","og_locale":"nl_NL","og_type":"article","og_title":"Micellaire reinigingslotion met Alo\u00eb vera 200 ml (cosmos organic)","og_description":"Dankzij de 100% natuurlijke ingredi\u00ebnten verwijdert deze micellaire lotion op basis van alo\u00eb vera en biologisch frambozenbloemenwater op milde wijze make-up van je huid. Je zult genieten van de formule zonder spoelen, zonder synthetische geur en met de betoverende geur van natuurlijke vanille.","og_url":"https:\/\/beautysane.com\/be\/nl\/winkel\/harmony\/cosmetica\/lotion-micellaire-a-laloe-vera","og_site_name":"Beautysan\u00e9 - Belgique","article_publisher":"https:\/\/www.facebook.com\/Beautysane\/","article_modified_time":"2024-02-06T16:16:22+00:00","og_image":[{"width":1200,"height":1200,"url":"https:\/\/beautysane.ams3.digitaloceanspaces.com\/wp-content\/uploads\/sites\/4\/2022\/10\/29032346\/HA-2022-008.png","type":"image\/png"}],"twitter_card":"summary_large_image","twitter_misc":{"Prijs":"15,13&euro;","Beschikbaarheid":"Uitverkocht"},"schema":{"@context":"https:\/\/schema.org","@graph":[{"@type":"WebPage","@id":"https:\/\/beautysane.com\/be\/nl\/winkel\/harmony\/cosmetica\/lotion-micellaire-a-laloe-vera","url":"https:\/\/beautysane.com\/be\/nl\/winkel\/harmony\/cosmetica\/lotion-micellaire-a-laloe-vera","name":"Micellaire reinigingslotion met Alo\u00eb vera 200 ml (cosmos organic) - Beautysan\u00e9 - Belgique","isPartOf":{"@id":"https:\/\/beautysane.com\/be\/nl#website"},"primaryImageOfPage":{"@id":"https:\/\/beautysane.com\/be\/nl\/winkel\/harmony\/cosmetica\/lotion-micellaire-a-laloe-vera#primaryimage"},"image":{"@id":"https:\/\/beautysane.com\/be\/nl\/winkel\/harmony\/cosmetica\/lotion-micellaire-a-laloe-vera#primaryimage"},"thumbnailUrl":"https:\/\/beautysane.ams3.digitaloceanspaces.com\/wp-content\/uploads\/sites\/4\/2022\/10\/29032346\/HA-2022-008.png","datePublished":"2022-10-11T08:34:31+00:00","dateModified":"2024-02-06T16:16:22+00:00","breadcrumb":{"@id":"https:\/\/beautysane.com\/be\/nl\/winkel\/harmony\/cosmetica\/lotion-micellaire-a-laloe-vera#breadcrumb"},"inLanguage":"nl-NL","potentialAction":[{"@type":"ReadAction","target":["https:\/\/beautysane.com\/be\/nl\/winkel\/harmony\/cosmetica\/lotion-micellaire-a-laloe-vera"]}]},{"@type":"ImageObject","inLanguage":"nl-NL","@id":"https:\/\/beautysane.com\/be\/nl\/winkel\/harmony\/cosmetica\/lotion-micellaire-a-laloe-vera#primaryimage","url":"https:\/\/beautysane.ams3.digitaloceanspaces.com\/wp-content\/uploads\/sites\/4\/2022\/10\/29032346\/HA-2022-008.png","contentUrl":"https:\/\/beautysane.ams3.digitaloceanspaces.com\/wp-content\/uploads\/sites\/4\/2022\/10\/29032346\/HA-2022-008.png","width":1200,"height":1200},{"@type":"BreadcrumbList","@id":"https:\/\/beautysane.com\/be\/nl\/winkel\/harmony\/cosmetica\/lotion-micellaire-a-laloe-vera#breadcrumb","itemListElement":[{"@type":"ListItem","position":1,"name":"Home","item":"https:\/\/beautysane.com\/be\/nl"},{"@type":"ListItem","position":2,"name":"Winkel","item":"https:\/\/beautysane.com\/be\/nl\/winkel"},{"@type":"ListItem","position":3,"name":"Micellaire reinigingslotion met Alo\u00eb vera 200 ml (cosmos organic)"}]},{"@type":"WebSite","@id":"https:\/\/beautysane.com\/be\/nl#website","url":"https:\/\/beautysane.com\/be\/nl","name":"Beautysan\u00e9 - Belgique","description":"Feed The Change","potentialAction":[{"@type":"SearchAction","target":{"@type":"EntryPoint","urlTemplate":"https:\/\/beautysane.com\/be\/nl?s={search_term_string}"},"query-input":{"@type":"PropertyValueSpecification","valueRequired":true,"valueName":"search_term_string"}}],"inLanguage":"nl-NL"},false]},"product_price_amount":"15.13","product_price_currency":"EUR","og_availability":"out of stock","product_availability":"out of stock","product_retailer_item_id":"HA-2022-008","product_condition":"new"},"yasr_visitor_votes":{"stars_attributes":{"read_only":true,"span_bottom":"<div class='yasr-small-block-bold'><span class='yasr-visitor-votes-must-sign-in'>Je moet je inloggen om te stemmen<\/span><\/div>"},"number_of_votes":0,"sum_votes":0},"_links":{"self":[{"href":"https:\/\/beautysane.com\/be\/nl\/wp-json\/wp\/v2\/product\/40990","targetHints":{"allow":["GET"]}}],"collection":[{"href":"https:\/\/beautysane.com\/be\/nl\/wp-json\/wp\/v2\/product"}],"about":[{"href":"https:\/\/beautysane.com\/be\/nl\/wp-json\/wp\/v2\/types\/product"}],"replies":[{"embeddable":true,"href":"https:\/\/beautysane.com\/be\/nl\/wp-json\/wp\/v2\/comments?post=40990"}],"wp:featuredmedia":[{"embeddable":true,"href":"https:\/\/beautysane.com\/be\/nl\/wp-json\/wp\/v2\/media\/40981"}],"wp:attachment":[{"href":"https:\/\/beautysane.com\/be\/nl\/wp-json\/wp\/v2\/media?parent=40990"}],"wp:term":[{"taxonomy":"product_brand","embeddable":true,"href":"https:\/\/beautysane.com\/be\/nl\/wp-json\/wp\/v2\/product_brand?post=40990"},{"taxonomy":"product_cat","embeddable":true,"href":"https:\/\/beautysane.com\/be\/nl\/wp-json\/wp\/v2\/product_cat?post=40990"},{"taxonomy":"product_tag","embeddable":true,"href":"https:\/\/beautysane.com\/be\/nl\/wp-json\/wp\/v2\/product_tag?post=40990"}],"curies":[{"name":"wp","href":"https:\/\/api.w.org\/{rel}","templated":true}]}}