{"id":52062,"date":"2024-01-31T10:55:03","date_gmt":"2024-01-31T09:55:03","guid":{"rendered":"https:\/\/beautysane.com\/be?post_type=product&#038;p=52062"},"modified":"2026-04-20T09:27:23","modified_gmt":"2026-04-20T07:27:23","slug":"verander-je-figuurprogramma-new","status":"publish","type":"product","link":"https:\/\/beautysane.com\/be\/nl\/winkel\/aanbiedingen\/verander-je-figuurprogramma-new","title":{"rendered":"Afslank- of Balansprogramma 3 maanden"},"content":{"rendered":"<p><strong>Wil je je figuur voorgoed veranderen?<\/strong><\/p>\n<p>Beautysan\u00e9 biedt een afslankprogramma van <strong>3 maanden<\/strong> om je te helpen je figuur op lange termijn te veranderen. Vervang gedurende 2 maanden 2 maaltijden per dag (bijv. ontbijt en avondeten) door Energy Diet maaltijdvervangers (met groenten en\/of vers fruit).<br \/>\nGedurende de dag is het aan te raden om 1,5 tot 2 liter vloeistof te drinken (water natuurlijk! en\/of thee en kruidenthee).<br \/>\nDe derde maaltijd moet zo evenwichtig mogelijk zijn: vlees, vis, eieren of peulvruchten + zetmeelrijke voedingsmiddelen, bij voorkeur volkoren + zoveel groenten als je wilt + 1 zuivelproduct. Beperk vet en suiker zoveel mogelijk. Als je je doel hebt bereikt, kun je in de derde maand overschakelen op 1 maaltijd per dag met Energy Diet + 2 evenwichtige maaltijden.<\/p>\n<p><strong>In dit programma :<\/strong><\/p>\n<ul>\n<li><strong>9<\/strong> maaltijdvervangers om uit te kiezen (ENERGY DIET 18 maaltijden of ASSORTIMENTS sucr\u00e9-sal\u00e9 16 maaltijden of ENERGY VEGAN bo\u00eete m\u00e9tal 14 maaltijden of ENERGY DIET BARRES cacahu\u00e8te chocolat 14 repen), d.w.z. 126 tot 162 maaltijden.<\/li>\n<li><strong>3<\/strong> ENERGY CARE voedingssupplementen naar keuze &#8211; 180 capsules<\/li>\n<li><strong>3<\/strong> ENERGY DETOX vochtafdrijvende drankjes naar keuze &#8211; 90 sticks<\/li>\n<\/ul>\n","protected":false},"excerpt":{"rendered":"<p>Wil je je figuur voorgoed veranderen? Beautysan\u00e9 biedt een afslankprogramma van 3 maanden om je te helpen je figuur op lange termijn te veranderen. Vervang gedurende 2 maanden 2 maaltijden per dag (bijv. ontbijt en avondeten) door Energy Diet maaltijdvervangers (met groenten en\/of vers fruit). Gedurende de dag is het aan te raden om 1,5 [&hellip;]<\/p>\n","protected":false},"featured_media":57191,"comment_status":"open","ping_status":"closed","template":"","meta":{"_acf_changed":false,"inline_featured_image":false,"yasr_overall_rating":0,"yasr_post_is_review":"","yasr_auto_insert_disabled":"","yasr_review_type":""},"product_brand":[],"product_cat":[361,592],"product_tag":[],"class_list":{"0":"post-52062","1":"product","2":"type-product","3":"status-publish","4":"has-post-thumbnail","6":"product_cat-aanbiedingen","7":"product_cat-programmas","8":"pa_objectifs-gebalanceerd-dieet","9":"pa_objectifs-gewichtsverlies","10":"pa_objectifs-welzijn","11":"pa_objectifs-welzijn-koken","12":"has-subscription-plans","14":"first","15":"instock","16":"sale","17":"taxable","18":"shipping-taxable","19":"purchasable","20":"product-type-simple"},"acf":[],"yoast_head":"<!-- This site is optimized with the Yoast SEO Premium plugin v27.3 (Yoast SEO v27.3) - https:\/\/yoast.com\/product\/yoast-seo-premium-wordpress\/ -->\n<title>Afslank- of Balansprogramma 3 maanden - Beautysan\u00e9 - Belgique<\/title>\n<meta name=\"robots\" content=\"index, follow, max-snippet:-1, max-image-preview:large, max-video-preview:-1\" \/>\n<link rel=\"canonical\" href=\"https:\/\/beautysane.com\/be\/nl\/winkel\/aanbiedingen\/verander-je-figuurprogramma-new\" \/>\n<meta property=\"og:locale\" content=\"nl_NL\" \/>\n<meta property=\"og:type\" content=\"article\" \/>\n<meta property=\"og:title\" content=\"Afslank- of Balansprogramma 3 maanden\" \/>\n<meta property=\"og:description\" content=\"Wil je je figuur voorgoed veranderen? Beautysan\u00e9 biedt een afslankprogramma van 3 maanden om je te helpen je figuur op lange termijn te veranderen. Vervang gedurende 2 maanden 2 maaltijden per dag (bijv. ontbijt en avondeten) door Energy Diet maaltijdvervangers (met groenten en\/of vers fruit). Gedurende de dag is het aan te raden om 1,5 [&hellip;]\" \/>\n<meta property=\"og:url\" content=\"https:\/\/beautysane.com\/be\/nl\/winkel\/aanbiedingen\/verander-je-figuurprogramma-new\" \/>\n<meta property=\"og:site_name\" content=\"Beautysan\u00e9 - Belgique\" \/>\n<meta property=\"article:publisher\" content=\"https:\/\/www.facebook.com\/Beautysane\/\" \/>\n<meta property=\"article:modified_time\" content=\"2026-04-20T07:27:23+00:00\" \/>\n<meta property=\"og:image\" content=\"https:\/\/beautysane.ams3.digitaloceanspaces.com\/wp-content\/uploads\/sites\/4\/2024\/01\/09163437\/Programme-3-mois-1.png\" \/>\n\t<meta property=\"og:image:width\" content=\"1200\" \/>\n\t<meta property=\"og:image:height\" content=\"1200\" \/>\n\t<meta property=\"og:image:type\" content=\"image\/png\" \/>\n<meta name=\"twitter:card\" content=\"summary_large_image\" \/>\n<meta name=\"twitter:label1\" content=\"Prijs\" \/>\n\t<meta name=\"twitter:data1\" content=\"600,00&euro;\" \/>\n\t<meta name=\"twitter:label2\" content=\"Beschikbaarheid\" \/>\n\t<meta name=\"twitter:data2\" content=\"Op voorraad\" \/>\n<script type=\"application\/ld+json\" class=\"yoast-schema-graph\">{\"@context\":\"https:\\\/\\\/schema.org\",\"@graph\":[{\"@type\":\"WebPage\",\"@id\":\"https:\\\/\\\/beautysane.com\\\/be\\\/nl\\\/winkel\\\/aanbiedingen\\\/verander-je-figuurprogramma-new\",\"url\":\"https:\\\/\\\/beautysane.com\\\/be\\\/nl\\\/winkel\\\/aanbiedingen\\\/verander-je-figuurprogramma-new\",\"name\":\"Afslank- of Balansprogramma 3 maanden - Beautysan\u00e9 - Belgique\",\"isPartOf\":{\"@id\":\"https:\\\/\\\/beautysane.com\\\/be\\\/nl#website\"},\"primaryImageOfPage\":{\"@id\":\"https:\\\/\\\/beautysane.com\\\/be\\\/nl\\\/winkel\\\/aanbiedingen\\\/verander-je-figuurprogramma-new#primaryimage\"},\"image\":{\"@id\":\"https:\\\/\\\/beautysane.com\\\/be\\\/nl\\\/winkel\\\/aanbiedingen\\\/verander-je-figuurprogramma-new#primaryimage\"},\"thumbnailUrl\":\"https:\\\/\\\/beautysane.ams3.digitaloceanspaces.com\\\/wp-content\\\/uploads\\\/sites\\\/4\\\/2024\\\/01\\\/20162031\\\/Programme-3-mois-2.png\",\"datePublished\":\"2024-01-31T09:55:03+00:00\",\"dateModified\":\"2026-04-20T07:27:23+00:00\",\"breadcrumb\":{\"@id\":\"https:\\\/\\\/beautysane.com\\\/be\\\/nl\\\/winkel\\\/aanbiedingen\\\/verander-je-figuurprogramma-new#breadcrumb\"},\"inLanguage\":\"nl-NL\",\"potentialAction\":[{\"@type\":\"ReadAction\",\"target\":[\"https:\\\/\\\/beautysane.com\\\/be\\\/nl\\\/winkel\\\/aanbiedingen\\\/verander-je-figuurprogramma-new\"]}]},{\"@type\":\"ImageObject\",\"inLanguage\":\"nl-NL\",\"@id\":\"https:\\\/\\\/beautysane.com\\\/be\\\/nl\\\/winkel\\\/aanbiedingen\\\/verander-je-figuurprogramma-new#primaryimage\",\"url\":\"https:\\\/\\\/beautysane.ams3.digitaloceanspaces.com\\\/wp-content\\\/uploads\\\/sites\\\/4\\\/2024\\\/01\\\/20162031\\\/Programme-3-mois-2.png\",\"contentUrl\":\"https:\\\/\\\/beautysane.ams3.digitaloceanspaces.com\\\/wp-content\\\/uploads\\\/sites\\\/4\\\/2024\\\/01\\\/20162031\\\/Programme-3-mois-2.png\",\"width\":1200,\"height\":1200},{\"@type\":\"BreadcrumbList\",\"@id\":\"https:\\\/\\\/beautysane.com\\\/be\\\/nl\\\/winkel\\\/aanbiedingen\\\/verander-je-figuurprogramma-new#breadcrumb\",\"itemListElement\":[{\"@type\":\"ListItem\",\"position\":1,\"name\":\"Home\",\"item\":\"https:\\\/\\\/beautysane.com\\\/be\\\/nl\"},{\"@type\":\"ListItem\",\"position\":2,\"name\":\"Winkel\",\"item\":\"https:\\\/\\\/beautysane.com\\\/be\\\/nl\\\/winkel\"},{\"@type\":\"ListItem\",\"position\":3,\"name\":\"Afslank- of Balansprogramma 3 maanden\"}]},{\"@type\":\"WebSite\",\"@id\":\"https:\\\/\\\/beautysane.com\\\/be\\\/nl#website\",\"url\":\"https:\\\/\\\/beautysane.com\\\/be\\\/nl\",\"name\":\"Beautysan\u00e9 - Belgique\",\"description\":\"Feed The Change\",\"potentialAction\":[{\"@type\":\"SearchAction\",\"target\":{\"@type\":\"EntryPoint\",\"urlTemplate\":\"https:\\\/\\\/beautysane.com\\\/be\\\/nl?s={search_term_string}\"},\"query-input\":{\"@type\":\"PropertyValueSpecification\",\"valueRequired\":true,\"valueName\":\"search_term_string\"}}],\"inLanguage\":\"nl-NL\"},false]}<\/script>\n<meta property=\"product:price:amount\" content=\"600.00\" \/>\n<meta property=\"product:price:currency\" content=\"EUR\" \/>\n<meta property=\"og:availability\" content=\"instock\" \/>\n<meta property=\"product:availability\" content=\"instock\" \/>\n<meta property=\"product:retailer_item_id\" content=\"OD-2024-011-PK\" \/>\n<meta property=\"product:condition\" content=\"new\" \/>\n<!-- \/ Yoast SEO Premium plugin. -->","yoast_head_json":{"title":"Afslank- of Balansprogramma 3 maanden - Beautysan\u00e9 - Belgique","robots":{"index":"index","follow":"follow","max-snippet":"max-snippet:-1","max-image-preview":"max-image-preview:large","max-video-preview":"max-video-preview:-1"},"canonical":"https:\/\/beautysane.com\/be\/nl\/winkel\/aanbiedingen\/verander-je-figuurprogramma-new","og_locale":"nl_NL","og_type":"article","og_title":"Afslank- of Balansprogramma 3 maanden","og_description":"Wil je je figuur voorgoed veranderen? Beautysan\u00e9 biedt een afslankprogramma van 3 maanden om je te helpen je figuur op lange termijn te veranderen. Vervang gedurende 2 maanden 2 maaltijden per dag (bijv. ontbijt en avondeten) door Energy Diet maaltijdvervangers (met groenten en\/of vers fruit). Gedurende de dag is het aan te raden om 1,5 [&hellip;]","og_url":"https:\/\/beautysane.com\/be\/nl\/winkel\/aanbiedingen\/verander-je-figuurprogramma-new","og_site_name":"Beautysan\u00e9 - Belgique","article_publisher":"https:\/\/www.facebook.com\/Beautysane\/","article_modified_time":"2026-04-20T07:27:23+00:00","og_image":[{"width":1200,"height":1200,"url":"https:\/\/beautysane.ams3.digitaloceanspaces.com\/wp-content\/uploads\/sites\/4\/2024\/01\/09163437\/Programme-3-mois-1.png","type":"image\/png"}],"twitter_card":"summary_large_image","twitter_misc":{"Prijs":"600,00&euro;","Beschikbaarheid":"Op voorraad"},"schema":{"@context":"https:\/\/schema.org","@graph":[{"@type":"WebPage","@id":"https:\/\/beautysane.com\/be\/nl\/winkel\/aanbiedingen\/verander-je-figuurprogramma-new","url":"https:\/\/beautysane.com\/be\/nl\/winkel\/aanbiedingen\/verander-je-figuurprogramma-new","name":"Afslank- of Balansprogramma 3 maanden - Beautysan\u00e9 - Belgique","isPartOf":{"@id":"https:\/\/beautysane.com\/be\/nl#website"},"primaryImageOfPage":{"@id":"https:\/\/beautysane.com\/be\/nl\/winkel\/aanbiedingen\/verander-je-figuurprogramma-new#primaryimage"},"image":{"@id":"https:\/\/beautysane.com\/be\/nl\/winkel\/aanbiedingen\/verander-je-figuurprogramma-new#primaryimage"},"thumbnailUrl":"https:\/\/beautysane.ams3.digitaloceanspaces.com\/wp-content\/uploads\/sites\/4\/2024\/01\/20162031\/Programme-3-mois-2.png","datePublished":"2024-01-31T09:55:03+00:00","dateModified":"2026-04-20T07:27:23+00:00","breadcrumb":{"@id":"https:\/\/beautysane.com\/be\/nl\/winkel\/aanbiedingen\/verander-je-figuurprogramma-new#breadcrumb"},"inLanguage":"nl-NL","potentialAction":[{"@type":"ReadAction","target":["https:\/\/beautysane.com\/be\/nl\/winkel\/aanbiedingen\/verander-je-figuurprogramma-new"]}]},{"@type":"ImageObject","inLanguage":"nl-NL","@id":"https:\/\/beautysane.com\/be\/nl\/winkel\/aanbiedingen\/verander-je-figuurprogramma-new#primaryimage","url":"https:\/\/beautysane.ams3.digitaloceanspaces.com\/wp-content\/uploads\/sites\/4\/2024\/01\/20162031\/Programme-3-mois-2.png","contentUrl":"https:\/\/beautysane.ams3.digitaloceanspaces.com\/wp-content\/uploads\/sites\/4\/2024\/01\/20162031\/Programme-3-mois-2.png","width":1200,"height":1200},{"@type":"BreadcrumbList","@id":"https:\/\/beautysane.com\/be\/nl\/winkel\/aanbiedingen\/verander-je-figuurprogramma-new#breadcrumb","itemListElement":[{"@type":"ListItem","position":1,"name":"Home","item":"https:\/\/beautysane.com\/be\/nl"},{"@type":"ListItem","position":2,"name":"Winkel","item":"https:\/\/beautysane.com\/be\/nl\/winkel"},{"@type":"ListItem","position":3,"name":"Afslank- of Balansprogramma 3 maanden"}]},{"@type":"WebSite","@id":"https:\/\/beautysane.com\/be\/nl#website","url":"https:\/\/beautysane.com\/be\/nl","name":"Beautysan\u00e9 - Belgique","description":"Feed The Change","potentialAction":[{"@type":"SearchAction","target":{"@type":"EntryPoint","urlTemplate":"https:\/\/beautysane.com\/be\/nl?s={search_term_string}"},"query-input":{"@type":"PropertyValueSpecification","valueRequired":true,"valueName":"search_term_string"}}],"inLanguage":"nl-NL"},false]},"product_price_amount":"600.00","product_price_currency":"EUR","og_availability":"instock","product_availability":"instock","product_retailer_item_id":"OD-2024-011-PK","product_condition":"new"},"yasr_visitor_votes":{"stars_attributes":{"read_only":true,"span_bottom":"<div class='yasr-small-block-bold'><span class='yasr-visitor-votes-must-sign-in'>Je moet je inloggen om te stemmen<\/span><\/div>"},"number_of_votes":0,"sum_votes":0},"_links":{"self":[{"href":"https:\/\/beautysane.com\/be\/nl\/wp-json\/wp\/v2\/product\/52062","targetHints":{"allow":["GET"]}}],"collection":[{"href":"https:\/\/beautysane.com\/be\/nl\/wp-json\/wp\/v2\/product"}],"about":[{"href":"https:\/\/beautysane.com\/be\/nl\/wp-json\/wp\/v2\/types\/product"}],"replies":[{"embeddable":true,"href":"https:\/\/beautysane.com\/be\/nl\/wp-json\/wp\/v2\/comments?post=52062"}],"wp:featuredmedia":[{"embeddable":true,"href":"https:\/\/beautysane.com\/be\/nl\/wp-json\/wp\/v2\/media\/57191"}],"wp:attachment":[{"href":"https:\/\/beautysane.com\/be\/nl\/wp-json\/wp\/v2\/media?parent=52062"}],"wp:term":[{"taxonomy":"product_brand","embeddable":true,"href":"https:\/\/beautysane.com\/be\/nl\/wp-json\/wp\/v2\/product_brand?post=52062"},{"taxonomy":"product_cat","embeddable":true,"href":"https:\/\/beautysane.com\/be\/nl\/wp-json\/wp\/v2\/product_cat?post=52062"},{"taxonomy":"product_tag","embeddable":true,"href":"https:\/\/beautysane.com\/be\/nl\/wp-json\/wp\/v2\/product_tag?post=52062"}],"curies":[{"name":"wp","href":"https:\/\/api.w.org\/{rel}","templated":true}]}}