{"id":52065,"date":"2024-01-31T10:55:06","date_gmt":"2024-01-31T09:55:07","guid":{"rendered":"https:\/\/beautysane.com\/be?post_type=product&#038;p=52065"},"modified":"2025-11-25T11:06:59","modified_gmt":"2025-11-25T10:06:59","slug":"voedselherbalanceringsprogramma-new","status":"publish","type":"product","link":"https:\/\/beautysane.com\/be\/nl\/winkel\/aanbiedingen\/voedselherbalanceringsprogramma-new","title":{"rendered":"Dieet Balans Programma"},"content":{"rendered":"<p><strong>Wil je weer in vorm komen en gezond eten?<\/strong><\/p>\n<p>Een uitgebalanceerd dieet betekent dat je je lichaam elke dag voorziet van wat het nodig heeft om goed te functioneren. Maar met onze hectische levensstijl en een voedingsaanbod dat niet altijd voldoet, is dat niet altijd gemakkelijk! Beautysan\u00e9 biedt je een programma om je voeding weer in balans te brengen en je te helpen weer goede voedingsgewoonten aan te nemen en gezond te eten. Energy Diet is rijk aan eiwitten, vitaminen en mineralen, om je te helpen je<strong> energie terug te krijgen!<\/strong><\/p>\n<p><strong>Dit programma omvat :<\/strong><\/p>\n<ul>\n<li>een keuze uit <strong>6<\/strong> maaltijdvervangers (ENERGY DIET 18 maaltijden of ASSORTIMENTS sucr\u00e9-sal\u00e9 16 maaltijden of ENERGY VEGAN bo\u00eete m\u00e9tal 14 maaltijden of ENERGY DIET BARRES cacahu\u00e8te chocolat 14 repen), d.w.z. 84 tot 108 maaltijden<\/li>\n<li><strong>1<\/strong> ENERGY DETOX vochtafdrijvende drank naar keuze &#8211; 30 sticks<\/li>\n<\/ul>\n","protected":false},"excerpt":{"rendered":"<p>Wil je weer in vorm komen en gezond eten? Een uitgebalanceerd dieet betekent dat je je lichaam elke dag voorziet van wat het nodig heeft om goed te functioneren. Maar met onze hectische levensstijl en een voedingsaanbod dat niet altijd voldoet, is dat niet altijd gemakkelijk! Beautysan\u00e9 biedt je een programma om je voeding weer [&hellip;]<\/p>\n","protected":false},"featured_media":55755,"comment_status":"open","ping_status":"closed","template":"","meta":{"yasr_overall_rating":0,"yasr_post_is_review":"","yasr_auto_insert_disabled":"","yasr_review_type":""},"product_cat":[361,592],"product_tag":[],"acf":[],"yoast_head":"<!-- This site is optimized with the Yoast SEO Premium plugin v17.9 (Yoast SEO v17.9) - https:\/\/yoast.com\/wordpress\/plugins\/seo\/ -->\n<title>Dieet Balans Programma - Beautysan\u00e9 - Belgique<\/title>\n<meta name=\"robots\" content=\"index, follow, max-snippet:-1, max-image-preview:large, max-video-preview:-1\" \/>\n<link rel=\"canonical\" href=\"https:\/\/beautysane.com\/be\/nl\/winkel\/aanbiedingen\/voedselherbalanceringsprogramma-new\" \/>\n<meta property=\"og:locale\" content=\"nl_NL\" \/>\n<meta property=\"og:type\" content=\"article\" \/>\n<meta property=\"og:title\" content=\"Dieet Balans Programma\" \/>\n<meta property=\"og:description\" content=\"Wil je weer in vorm komen en gezond eten? Een uitgebalanceerd dieet betekent dat je je lichaam elke dag voorziet van wat het nodig heeft om goed te functioneren. Maar met onze hectische levensstijl en een voedingsaanbod dat niet altijd voldoet, is dat niet altijd gemakkelijk! Beautysan\u00e9 biedt je een programma om je voeding weer [&hellip;]\" \/>\n<meta property=\"og:url\" content=\"https:\/\/beautysane.com\/be\/nl\/winkel\/aanbiedingen\/voedselherbalanceringsprogramma-new\" \/>\n<meta property=\"og:site_name\" content=\"Beautysan\u00e9 - Belgique\" \/>\n<meta property=\"article:publisher\" content=\"https:\/\/www.facebook.com\/Beautysane\/\" \/>\n<meta property=\"article:modified_time\" content=\"2025-11-25T10:06:59+00:00\" \/>\n<meta property=\"og:image\" content=\"https:\/\/beautysane.ams3.digitaloceanspaces.com\/wp-content\/uploads\/sites\/4\/2024\/01\/19154117\/2.png\" \/>\n\t<meta property=\"og:image:width\" content=\"1080\" \/>\n\t<meta property=\"og:image:height\" content=\"1080\" \/>\n\t<meta property=\"og:image:type\" content=\"image\/png\" \/>\n<meta name=\"twitter:card\" content=\"summary_large_image\" \/>\n<meta name=\"twitter:label1\" content=\"Prijs\" \/>\n\t<meta name=\"twitter:data1\" content=\"339,90&euro; 317,00&euro;\" \/>\n\t<meta name=\"twitter:label2\" content=\"Availability\" \/>\n\t<meta name=\"twitter:data2\" content=\"In stock\" \/>\n<script type=\"application\/ld+json\" class=\"yoast-schema-graph\">{\"@context\":\"https:\/\/schema.org\",\"@graph\":[{\"@type\":\"WebSite\",\"@id\":\"https:\/\/beautysane.com\/be\/nl#website\",\"url\":\"https:\/\/beautysane.com\/be\/nl\",\"name\":\"Beautysan\\u00e9 - Belgique\",\"description\":\"Feed The Change\",\"potentialAction\":[{\"@type\":\"SearchAction\",\"target\":{\"@type\":\"EntryPoint\",\"urlTemplate\":\"https:\/\/beautysane.com\/be\/nl?s={search_term_string}\"},\"query-input\":\"required name=search_term_string\"}],\"inLanguage\":\"nl\"},{\"@type\":\"ImageObject\",\"@id\":\"https:\/\/beautysane.com\/be\/nl\/winkel\/aanbiedingen\/voedselherbalanceringsprogramma-new#primaryimage\",\"inLanguage\":\"nl\",\"url\":\"https:\/\/beautysane.ams3.digitaloceanspaces.com\/wp-content\/uploads\/sites\/4\/2024\/01\/07091531\/Programme-equilibre-INTER-3-mois-1.png\",\"contentUrl\":\"https:\/\/beautysane.ams3.digitaloceanspaces.com\/wp-content\/uploads\/sites\/4\/2024\/01\/07091531\/Programme-equilibre-INTER-3-mois-1.png\",\"width\":6000,\"height\":6000},{\"@type\":\"WebPage\",\"@id\":\"https:\/\/beautysane.com\/be\/nl\/winkel\/aanbiedingen\/voedselherbalanceringsprogramma-new#webpage\",\"url\":\"https:\/\/beautysane.com\/be\/nl\/winkel\/aanbiedingen\/voedselherbalanceringsprogramma-new\",\"name\":\"Dieet Balans Programma - Beautysan\\u00e9 - Belgique\",\"isPartOf\":{\"@id\":\"https:\/\/beautysane.com\/be\/nl#website\"},\"primaryImageOfPage\":{\"@id\":\"https:\/\/beautysane.com\/be\/nl\/winkel\/aanbiedingen\/voedselherbalanceringsprogramma-new#primaryimage\"},\"datePublished\":\"2024-01-31T09:55:07+00:00\",\"dateModified\":\"2025-11-25T10:06:59+00:00\",\"breadcrumb\":{\"@id\":\"https:\/\/beautysane.com\/be\/nl\/winkel\/aanbiedingen\/voedselherbalanceringsprogramma-new#breadcrumb\"},\"inLanguage\":\"nl\",\"potentialAction\":[{\"@type\":\"ReadAction\",\"target\":[\"https:\/\/beautysane.com\/be\/nl\/winkel\/aanbiedingen\/voedselherbalanceringsprogramma-new\"]}]},{\"@type\":\"BreadcrumbList\",\"@id\":\"https:\/\/beautysane.com\/be\/nl\/winkel\/aanbiedingen\/voedselherbalanceringsprogramma-new#breadcrumb\",\"itemListElement\":[{\"@type\":\"ListItem\",\"position\":1,\"name\":\"Home\",\"item\":\"https:\/\/beautysane.com\/be\/nl\"},{\"@type\":\"ListItem\",\"position\":2,\"name\":\"Winkel\",\"item\":\"https:\/\/beautysane.com\/be\/nl\/winkel\"},{\"@type\":\"ListItem\",\"position\":3,\"name\":\"Dieet Balans Programma\"}]}]}<\/script>\n<meta property=\"product:price:amount\" content=\"317.00\" \/>\n<meta property=\"product:price:currency\" content=\"EUR\" \/>\n<meta property=\"og:availability\" content=\"instock\" \/>\n<meta property=\"product:availability\" content=\"instock\" \/>\n<meta property=\"product:retailer_item_id\" content=\"OD-2024-009-PK\" \/>\n<meta property=\"product:condition\" content=\"new\" \/>\n<!-- \/ Yoast SEO Premium plugin. -->","yoast_head_json":{"title":"Dieet Balans Programma - Beautysan\u00e9 - Belgique","robots":{"index":"index","follow":"follow","max-snippet":"max-snippet:-1","max-image-preview":"max-image-preview:large","max-video-preview":"max-video-preview:-1"},"canonical":"https:\/\/beautysane.com\/be\/nl\/winkel\/aanbiedingen\/voedselherbalanceringsprogramma-new","og_locale":"nl_NL","og_type":"article","og_title":"Dieet Balans Programma","og_description":"Wil je weer in vorm komen en gezond eten? Een uitgebalanceerd dieet betekent dat je je lichaam elke dag voorziet van wat het nodig heeft om goed te functioneren. Maar met onze hectische levensstijl en een voedingsaanbod dat niet altijd voldoet, is dat niet altijd gemakkelijk! Beautysan\u00e9 biedt je een programma om je voeding weer [&hellip;]","og_url":"https:\/\/beautysane.com\/be\/nl\/winkel\/aanbiedingen\/voedselherbalanceringsprogramma-new","og_site_name":"Beautysan\u00e9 - Belgique","article_publisher":"https:\/\/www.facebook.com\/Beautysane\/","article_modified_time":"2025-11-25T10:06:59+00:00","og_image":[{"width":1080,"height":1080,"url":"https:\/\/beautysane.ams3.digitaloceanspaces.com\/wp-content\/uploads\/sites\/4\/2024\/01\/19154117\/2.png","type":"image\/png"}],"twitter_card":"summary_large_image","twitter_misc":{"Prijs":"339,90&euro; 317,00&euro;","Availability":"In stock"},"schema":{"@context":"https:\/\/schema.org","@graph":[{"@type":"WebSite","@id":"https:\/\/beautysane.com\/be\/nl#website","url":"https:\/\/beautysane.com\/be\/nl","name":"Beautysan\u00e9 - Belgique","description":"Feed The Change","potentialAction":[{"@type":"SearchAction","target":{"@type":"EntryPoint","urlTemplate":"https:\/\/beautysane.com\/be\/nl?s={search_term_string}"},"query-input":"required name=search_term_string"}],"inLanguage":"nl"},{"@type":"ImageObject","@id":"https:\/\/beautysane.com\/be\/nl\/winkel\/aanbiedingen\/voedselherbalanceringsprogramma-new#primaryimage","inLanguage":"nl","url":"https:\/\/beautysane.ams3.digitaloceanspaces.com\/wp-content\/uploads\/sites\/4\/2024\/01\/07091531\/Programme-equilibre-INTER-3-mois-1.png","contentUrl":"https:\/\/beautysane.ams3.digitaloceanspaces.com\/wp-content\/uploads\/sites\/4\/2024\/01\/07091531\/Programme-equilibre-INTER-3-mois-1.png","width":6000,"height":6000},{"@type":"WebPage","@id":"https:\/\/beautysane.com\/be\/nl\/winkel\/aanbiedingen\/voedselherbalanceringsprogramma-new#webpage","url":"https:\/\/beautysane.com\/be\/nl\/winkel\/aanbiedingen\/voedselherbalanceringsprogramma-new","name":"Dieet Balans Programma - Beautysan\u00e9 - Belgique","isPartOf":{"@id":"https:\/\/beautysane.com\/be\/nl#website"},"primaryImageOfPage":{"@id":"https:\/\/beautysane.com\/be\/nl\/winkel\/aanbiedingen\/voedselherbalanceringsprogramma-new#primaryimage"},"datePublished":"2024-01-31T09:55:07+00:00","dateModified":"2025-11-25T10:06:59+00:00","breadcrumb":{"@id":"https:\/\/beautysane.com\/be\/nl\/winkel\/aanbiedingen\/voedselherbalanceringsprogramma-new#breadcrumb"},"inLanguage":"nl","potentialAction":[{"@type":"ReadAction","target":["https:\/\/beautysane.com\/be\/nl\/winkel\/aanbiedingen\/voedselherbalanceringsprogramma-new"]}]},{"@type":"BreadcrumbList","@id":"https:\/\/beautysane.com\/be\/nl\/winkel\/aanbiedingen\/voedselherbalanceringsprogramma-new#breadcrumb","itemListElement":[{"@type":"ListItem","position":1,"name":"Home","item":"https:\/\/beautysane.com\/be\/nl"},{"@type":"ListItem","position":2,"name":"Winkel","item":"https:\/\/beautysane.com\/be\/nl\/winkel"},{"@type":"ListItem","position":3,"name":"Dieet Balans Programma"}]}]},"product_price_amount":"317.00","product_price_currency":"EUR","og_availability":"instock","product_availability":"instock","product_retailer_item_id":"OD-2024-009-PK","product_condition":"new"},"yasr_visitor_votes":{"stars_attributes":{"read_only":true,"span_bottom":"<div class='yasr-small-block-bold'><span class='yasr-visitor-votes-must-sign-in'>Je moet je inloggen om te stemmen<\/span><\/div>"},"number_of_votes":0,"sum_votes":0},"_links":{"self":[{"href":"https:\/\/beautysane.com\/be\/nl\/wp-json\/wp\/v2\/product\/52065"}],"collection":[{"href":"https:\/\/beautysane.com\/be\/nl\/wp-json\/wp\/v2\/product"}],"about":[{"href":"https:\/\/beautysane.com\/be\/nl\/wp-json\/wp\/v2\/types\/product"}],"replies":[{"embeddable":true,"href":"https:\/\/beautysane.com\/be\/nl\/wp-json\/wp\/v2\/comments?post=52065"}],"wp:featuredmedia":[{"embeddable":true,"href":"https:\/\/beautysane.com\/be\/nl\/wp-json\/wp\/v2\/media\/55755"}],"wp:attachment":[{"href":"https:\/\/beautysane.com\/be\/nl\/wp-json\/wp\/v2\/media?parent=52065"}],"wp:term":[{"taxonomy":"product_cat","embeddable":true,"href":"https:\/\/beautysane.com\/be\/nl\/wp-json\/wp\/v2\/product_cat?post=52065"},{"taxonomy":"product_tag","embeddable":true,"href":"https:\/\/beautysane.com\/be\/nl\/wp-json\/wp\/v2\/product_tag?post=52065"}],"curies":[{"name":"wp","href":"https:\/\/api.w.org\/{rel}","templated":true}]}}