{"id":52068,"date":"2024-01-31T10:55:08","date_gmt":"2024-01-31T09:55:09","guid":{"rendered":"https:\/\/beautysane.com\/be?post_type=product&#038;p=52068"},"modified":"2025-11-25T11:06:44","modified_gmt":"2025-11-25T10:06:44","slug":"prestatieprogramma-new","status":"publish","type":"product","link":"https:\/\/beautysane.com\/be\/nl\/winkel\/aanbiedingen\/prestatieprogramma-new","title":{"rendered":"Prestatieprogramma"},"content":{"rendered":"<p><strong>Wil je je prestaties en herstel optimaliseren?<\/strong><br \/>\nOmdat hun lichaam harder werkt, hebben sporters meer voedingsbehoeften. Beautysan\u00e9 biedt een assortiment producten dat speciaal is afgestemd op de specifieke behoeften van sporters. Ze stellen je in staat om dagelijks gezond te eten, je voor te bereiden op inspanning, korte- of langetermijninspanningen te leveren en de herstelfase te bevorderen.<\/p>\n<p><strong>In dit programma :<\/strong><\/p>\n<ul>\n<li>\u00a01 volledige ENERGY PLUS+ maaltijd naar keuze &#8211; 10 maaltijden<\/li>\n<li>1 maaltijdvervanger naar keuze (ENERGY DIET 18 maaltijden of ASSORTIMENTS sucr\u00e9-sal\u00e9 16 maaltijden of ENERGY VEGAN bo\u00eete m\u00e9tal 14 maaltijden of ENERGY DIET BARRES cacahu\u00e8te chocolat 14 repen)<\/li>\n<li>1 ENERGY EFFORT energiedrank &#8211; 53 maatschepjes<\/li>\n<li>1 ENERGY POWER energiedrank &#8211; 30 sticks<\/li>\n<li>1 ENERGY CARE voedingssupplement naar keuze &#8211; 60 capsules<\/li>\n<li>1 marien collageen ENERGY CARE &#8211; 20 schepjes<\/li>\n<li>1 Fycocyanine ENERGY CARE &#8211; 30 dosissen<\/li>\n<\/ul>\n<p>&nbsp;<\/p>\n","protected":false},"excerpt":{"rendered":"<p>Wil je je prestaties en herstel optimaliseren? Omdat hun lichaam harder werkt, hebben sporters meer voedingsbehoeften. Beautysan\u00e9 biedt een assortiment producten dat speciaal is afgestemd op de specifieke behoeften van sporters. Ze stellen je in staat om dagelijks gezond te eten, je voor te bereiden op inspanning, korte- of langetermijninspanningen te leveren en de herstelfase [&hellip;]<\/p>\n","protected":false},"featured_media":55750,"comment_status":"open","ping_status":"closed","template":"","meta":{"yasr_overall_rating":0,"yasr_post_is_review":"","yasr_auto_insert_disabled":"","yasr_review_type":""},"product_cat":[361,592],"product_tag":[],"acf":[],"yoast_head":"<!-- This site is optimized with the Yoast SEO Premium plugin v17.9 (Yoast SEO v17.9) - https:\/\/yoast.com\/wordpress\/plugins\/seo\/ -->\n<title>Prestatieprogramma - Beautysan\u00e9 - Belgique<\/title>\n<meta name=\"robots\" content=\"index, follow, max-snippet:-1, max-image-preview:large, max-video-preview:-1\" \/>\n<link rel=\"canonical\" href=\"https:\/\/beautysane.com\/be\/nl\/winkel\/aanbiedingen\/prestatieprogramma-new\" \/>\n<meta property=\"og:locale\" content=\"nl_NL\" \/>\n<meta property=\"og:type\" content=\"article\" \/>\n<meta property=\"og:title\" content=\"Prestatieprogramma\" \/>\n<meta property=\"og:description\" content=\"Wil je je prestaties en herstel optimaliseren? Omdat hun lichaam harder werkt, hebben sporters meer voedingsbehoeften. Beautysan\u00e9 biedt een assortiment producten dat speciaal is afgestemd op de specifieke behoeften van sporters. Ze stellen je in staat om dagelijks gezond te eten, je voor te bereiden op inspanning, korte- of langetermijninspanningen te leveren en de herstelfase [&hellip;]\" \/>\n<meta property=\"og:url\" content=\"https:\/\/beautysane.com\/be\/nl\/winkel\/aanbiedingen\/prestatieprogramma-new\" \/>\n<meta property=\"og:site_name\" content=\"Beautysan\u00e9 - Belgique\" \/>\n<meta property=\"article:publisher\" content=\"https:\/\/www.facebook.com\/Beautysane\/\" \/>\n<meta property=\"article:modified_time\" content=\"2025-11-25T10:06:44+00:00\" \/>\n<meta property=\"og:image\" content=\"https:\/\/beautysane.ams3.digitaloceanspaces.com\/wp-content\/uploads\/sites\/4\/2024\/01\/19154120\/4.png\" \/>\n\t<meta property=\"og:image:width\" content=\"1080\" \/>\n\t<meta property=\"og:image:height\" content=\"1080\" \/>\n\t<meta property=\"og:image:type\" content=\"image\/png\" \/>\n<meta name=\"twitter:card\" content=\"summary_large_image\" \/>\n<meta name=\"twitter:label1\" content=\"Prijs\" \/>\n\t<meta name=\"twitter:data1\" content=\"307,74&euro; 289,00&euro;\" \/>\n\t<meta name=\"twitter:label2\" content=\"Availability\" \/>\n\t<meta name=\"twitter:data2\" content=\"In stock\" \/>\n<script type=\"application\/ld+json\" class=\"yoast-schema-graph\">{\"@context\":\"https:\/\/schema.org\",\"@graph\":[{\"@type\":\"WebSite\",\"@id\":\"https:\/\/beautysane.com\/be\/nl#website\",\"url\":\"https:\/\/beautysane.com\/be\/nl\",\"name\":\"Beautysan\\u00e9 - Belgique\",\"description\":\"Feed The Change\",\"potentialAction\":[{\"@type\":\"SearchAction\",\"target\":{\"@type\":\"EntryPoint\",\"urlTemplate\":\"https:\/\/beautysane.com\/be\/nl?s={search_term_string}\"},\"query-input\":\"required name=search_term_string\"}],\"inLanguage\":\"nl\"},{\"@type\":\"ImageObject\",\"@id\":\"https:\/\/beautysane.com\/be\/nl\/winkel\/aanbiedingen\/prestatieprogramma-new#primaryimage\",\"inLanguage\":\"nl\",\"url\":\"https:\/\/beautysane.ams3.digitaloceanspaces.com\/wp-content\/uploads\/sites\/4\/2024\/01\/07091335\/Programme-performance-INTER-1-mois-1.png\",\"contentUrl\":\"https:\/\/beautysane.ams3.digitaloceanspaces.com\/wp-content\/uploads\/sites\/4\/2024\/01\/07091335\/Programme-performance-INTER-1-mois-1.png\",\"width\":6000,\"height\":6000},{\"@type\":\"WebPage\",\"@id\":\"https:\/\/beautysane.com\/be\/nl\/winkel\/aanbiedingen\/prestatieprogramma-new#webpage\",\"url\":\"https:\/\/beautysane.com\/be\/nl\/winkel\/aanbiedingen\/prestatieprogramma-new\",\"name\":\"Prestatieprogramma - Beautysan\\u00e9 - Belgique\",\"isPartOf\":{\"@id\":\"https:\/\/beautysane.com\/be\/nl#website\"},\"primaryImageOfPage\":{\"@id\":\"https:\/\/beautysane.com\/be\/nl\/winkel\/aanbiedingen\/prestatieprogramma-new#primaryimage\"},\"datePublished\":\"2024-01-31T09:55:09+00:00\",\"dateModified\":\"2025-11-25T10:06:44+00:00\",\"breadcrumb\":{\"@id\":\"https:\/\/beautysane.com\/be\/nl\/winkel\/aanbiedingen\/prestatieprogramma-new#breadcrumb\"},\"inLanguage\":\"nl\",\"potentialAction\":[{\"@type\":\"ReadAction\",\"target\":[\"https:\/\/beautysane.com\/be\/nl\/winkel\/aanbiedingen\/prestatieprogramma-new\"]}]},{\"@type\":\"BreadcrumbList\",\"@id\":\"https:\/\/beautysane.com\/be\/nl\/winkel\/aanbiedingen\/prestatieprogramma-new#breadcrumb\",\"itemListElement\":[{\"@type\":\"ListItem\",\"position\":1,\"name\":\"Home\",\"item\":\"https:\/\/beautysane.com\/be\/nl\"},{\"@type\":\"ListItem\",\"position\":2,\"name\":\"Winkel\",\"item\":\"https:\/\/beautysane.com\/be\/nl\/winkel\"},{\"@type\":\"ListItem\",\"position\":3,\"name\":\"Prestatieprogramma\"}]}]}<\/script>\n<meta property=\"product:price:amount\" content=\"289.00\" \/>\n<meta property=\"product:price:currency\" content=\"EUR\" \/>\n<meta property=\"og:availability\" content=\"instock\" \/>\n<meta property=\"product:availability\" content=\"instock\" \/>\n<meta property=\"product:retailer_item_id\" content=\"OD-2024-010-PK\" \/>\n<meta property=\"product:condition\" content=\"new\" \/>\n<!-- \/ Yoast SEO Premium plugin. -->","yoast_head_json":{"title":"Prestatieprogramma - Beautysan\u00e9 - Belgique","robots":{"index":"index","follow":"follow","max-snippet":"max-snippet:-1","max-image-preview":"max-image-preview:large","max-video-preview":"max-video-preview:-1"},"canonical":"https:\/\/beautysane.com\/be\/nl\/winkel\/aanbiedingen\/prestatieprogramma-new","og_locale":"nl_NL","og_type":"article","og_title":"Prestatieprogramma","og_description":"Wil je je prestaties en herstel optimaliseren? Omdat hun lichaam harder werkt, hebben sporters meer voedingsbehoeften. Beautysan\u00e9 biedt een assortiment producten dat speciaal is afgestemd op de specifieke behoeften van sporters. Ze stellen je in staat om dagelijks gezond te eten, je voor te bereiden op inspanning, korte- of langetermijninspanningen te leveren en de herstelfase [&hellip;]","og_url":"https:\/\/beautysane.com\/be\/nl\/winkel\/aanbiedingen\/prestatieprogramma-new","og_site_name":"Beautysan\u00e9 - Belgique","article_publisher":"https:\/\/www.facebook.com\/Beautysane\/","article_modified_time":"2025-11-25T10:06:44+00:00","og_image":[{"width":1080,"height":1080,"url":"https:\/\/beautysane.ams3.digitaloceanspaces.com\/wp-content\/uploads\/sites\/4\/2024\/01\/19154120\/4.png","type":"image\/png"}],"twitter_card":"summary_large_image","twitter_misc":{"Prijs":"307,74&euro; 289,00&euro;","Availability":"In stock"},"schema":{"@context":"https:\/\/schema.org","@graph":[{"@type":"WebSite","@id":"https:\/\/beautysane.com\/be\/nl#website","url":"https:\/\/beautysane.com\/be\/nl","name":"Beautysan\u00e9 - Belgique","description":"Feed The Change","potentialAction":[{"@type":"SearchAction","target":{"@type":"EntryPoint","urlTemplate":"https:\/\/beautysane.com\/be\/nl?s={search_term_string}"},"query-input":"required name=search_term_string"}],"inLanguage":"nl"},{"@type":"ImageObject","@id":"https:\/\/beautysane.com\/be\/nl\/winkel\/aanbiedingen\/prestatieprogramma-new#primaryimage","inLanguage":"nl","url":"https:\/\/beautysane.ams3.digitaloceanspaces.com\/wp-content\/uploads\/sites\/4\/2024\/01\/07091335\/Programme-performance-INTER-1-mois-1.png","contentUrl":"https:\/\/beautysane.ams3.digitaloceanspaces.com\/wp-content\/uploads\/sites\/4\/2024\/01\/07091335\/Programme-performance-INTER-1-mois-1.png","width":6000,"height":6000},{"@type":"WebPage","@id":"https:\/\/beautysane.com\/be\/nl\/winkel\/aanbiedingen\/prestatieprogramma-new#webpage","url":"https:\/\/beautysane.com\/be\/nl\/winkel\/aanbiedingen\/prestatieprogramma-new","name":"Prestatieprogramma - Beautysan\u00e9 - Belgique","isPartOf":{"@id":"https:\/\/beautysane.com\/be\/nl#website"},"primaryImageOfPage":{"@id":"https:\/\/beautysane.com\/be\/nl\/winkel\/aanbiedingen\/prestatieprogramma-new#primaryimage"},"datePublished":"2024-01-31T09:55:09+00:00","dateModified":"2025-11-25T10:06:44+00:00","breadcrumb":{"@id":"https:\/\/beautysane.com\/be\/nl\/winkel\/aanbiedingen\/prestatieprogramma-new#breadcrumb"},"inLanguage":"nl","potentialAction":[{"@type":"ReadAction","target":["https:\/\/beautysane.com\/be\/nl\/winkel\/aanbiedingen\/prestatieprogramma-new"]}]},{"@type":"BreadcrumbList","@id":"https:\/\/beautysane.com\/be\/nl\/winkel\/aanbiedingen\/prestatieprogramma-new#breadcrumb","itemListElement":[{"@type":"ListItem","position":1,"name":"Home","item":"https:\/\/beautysane.com\/be\/nl"},{"@type":"ListItem","position":2,"name":"Winkel","item":"https:\/\/beautysane.com\/be\/nl\/winkel"},{"@type":"ListItem","position":3,"name":"Prestatieprogramma"}]}]},"product_price_amount":"289.00","product_price_currency":"EUR","og_availability":"instock","product_availability":"instock","product_retailer_item_id":"OD-2024-010-PK","product_condition":"new"},"yasr_visitor_votes":{"stars_attributes":{"read_only":true,"span_bottom":"<div class='yasr-small-block-bold'><span class='yasr-visitor-votes-must-sign-in'>Je moet je inloggen om te stemmen<\/span><\/div>"},"number_of_votes":0,"sum_votes":0},"_links":{"self":[{"href":"https:\/\/beautysane.com\/be\/nl\/wp-json\/wp\/v2\/product\/52068"}],"collection":[{"href":"https:\/\/beautysane.com\/be\/nl\/wp-json\/wp\/v2\/product"}],"about":[{"href":"https:\/\/beautysane.com\/be\/nl\/wp-json\/wp\/v2\/types\/product"}],"replies":[{"embeddable":true,"href":"https:\/\/beautysane.com\/be\/nl\/wp-json\/wp\/v2\/comments?post=52068"}],"wp:featuredmedia":[{"embeddable":true,"href":"https:\/\/beautysane.com\/be\/nl\/wp-json\/wp\/v2\/media\/55750"}],"wp:attachment":[{"href":"https:\/\/beautysane.com\/be\/nl\/wp-json\/wp\/v2\/media?parent=52068"}],"wp:term":[{"taxonomy":"product_cat","embeddable":true,"href":"https:\/\/beautysane.com\/be\/nl\/wp-json\/wp\/v2\/product_cat?post=52068"},{"taxonomy":"product_tag","embeddable":true,"href":"https:\/\/beautysane.com\/be\/nl\/wp-json\/wp\/v2\/product_tag?post=52068"}],"curies":[{"name":"wp","href":"https:\/\/api.w.org\/{rel}","templated":true}]}}