{"id":52221,"date":"2024-02-14T11:37:58","date_gmt":"2024-02-14T10:37:59","guid":{"rendered":"https:\/\/beautysane.com\/be?post_type=product&#038;p=52221"},"modified":"2024-08-06T09:58:24","modified_gmt":"2024-08-06T07:58:24","slug":"duo-energy-aroma","status":"publish","type":"product","link":"https:\/\/beautysane.com\/be\/nl\/winkel\/aanbiedingen\/duo-energy-aroma","title":{"rendered":"Duo Energy Aroma"},"content":{"rendered":"<p>De kracht van <strong>essenti\u00eble oli\u00ebn<\/strong> in combinatie met de zachtheid van <strong>plantaardige oli\u00ebn<\/strong> vormen de ENERGY AROMA Synergie\u00ebn die exclusief voor <strong>Beautysan\u00e9<\/strong> zijn ontwikkeld.<\/p>\n<p>Elke Synergie is een combinatie van verschillende aromatische essences, zorgvuldig gekozen en gedoseerd, die in <strong>combinatie<\/strong> met plantaardige oli\u00ebn hun werking versterken,<br \/>\nom je het allerbeste te geven wat ze te bieden hebben.<\/p>\n<ul>\n<li><strong>Flexy:<\/strong> deze Aromatische Synergie bestaat uit 5 essenti\u00eble oli\u00ebn die soepelheid en bewegingsgemak bevorderen.<\/li>\n<li><strong> Digesty:<\/strong> deze aromatische wrijving ondersteunt de spijsvertering in de breedste zin van het woord, want een betere spijsvertering bevordert het zelfvertrouwen en de lichtheid.<\/li>\n<li><strong>Safety:<\/strong> twee inheemse Melaleuca bomen in Australi\u00eb, Quinquenervia en Cajuputi, vormen de kern van Safety vanwege de stimulerende eigenschappen van hun bladeren. De 5 essenti\u00eble oli\u00ebn die voor deze synergie werden gekozen, ondersteunen de vitaliteit.<\/li>\n<\/ul>\n","protected":false},"excerpt":{"rendered":"<p>De kracht van essenti\u00eble oli\u00ebn in combinatie met de zachtheid van plantaardige oli\u00ebn vormen de ENERGY AROMA Synergie\u00ebn die exclusief voor Beautysan\u00e9 zijn ontwikkeld. Elke Synergie is een combinatie van verschillende aromatische essences, zorgvuldig gekozen en gedoseerd, die in combinatie met plantaardige oli\u00ebn hun werking versterken, om je het allerbeste te geven wat ze te [&hellip;]<\/p>\n","protected":false},"featured_media":52230,"comment_status":"open","ping_status":"closed","template":"","meta":{"yasr_overall_rating":0,"yasr_post_is_review":"","yasr_auto_insert_disabled":"","yasr_review_type":""},"product_cat":[361,367,547],"product_tag":[],"acf":[],"yoast_head":"<!-- This site is optimized with the Yoast SEO Premium plugin v17.9 (Yoast SEO v17.9) - https:\/\/yoast.com\/wordpress\/plugins\/seo\/ -->\n<title>Duo Energy Aroma - Beautysan\u00e9 - Belgique<\/title>\n<meta name=\"robots\" content=\"index, follow, max-snippet:-1, max-image-preview:large, max-video-preview:-1\" \/>\n<link rel=\"canonical\" href=\"https:\/\/beautysane.com\/be\/nl\/winkel\/aanbiedingen\/duo-energy-aroma\" \/>\n<meta property=\"og:locale\" content=\"nl_NL\" \/>\n<meta property=\"og:type\" content=\"article\" \/>\n<meta property=\"og:title\" content=\"Duo Energy Aroma\" \/>\n<meta property=\"og:description\" content=\"De kracht van essenti\u00eble oli\u00ebn in combinatie met de zachtheid van plantaardige oli\u00ebn vormen de ENERGY AROMA Synergie\u00ebn die exclusief voor Beautysan\u00e9 zijn ontwikkeld. Elke Synergie is een combinatie van verschillende aromatische essences, zorgvuldig gekozen en gedoseerd, die in combinatie met plantaardige oli\u00ebn hun werking versterken, om je het allerbeste te geven wat ze te [&hellip;]\" \/>\n<meta property=\"og:url\" content=\"https:\/\/beautysane.com\/be\/nl\/winkel\/aanbiedingen\/duo-energy-aroma\" \/>\n<meta property=\"og:site_name\" content=\"Beautysan\u00e9 - Belgique\" \/>\n<meta property=\"article:publisher\" content=\"https:\/\/www.facebook.com\/Beautysane\/\" \/>\n<meta property=\"article:modified_time\" content=\"2024-08-06T07:58:24+00:00\" \/>\n<meta property=\"og:image\" content=\"https:\/\/beautysane.ams3.digitaloceanspaces.com\/wp-content\/uploads\/sites\/4\/2024\/02\/14170613\/OFFRE_AROMA_fevrier-1-1.png\" \/>\n\t<meta property=\"og:image:width\" content=\"600\" \/>\n\t<meta property=\"og:image:height\" content=\"600\" \/>\n\t<meta property=\"og:image:type\" content=\"image\/png\" \/>\n<meta name=\"twitter:card\" content=\"summary_large_image\" \/>\n<meta name=\"twitter:label1\" content=\"Prijs\" \/>\n\t<meta name=\"twitter:data1\" content=\"62,32&euro; 31,16&euro;\" \/>\n\t<meta name=\"twitter:label2\" content=\"Availability\" \/>\n\t<meta name=\"twitter:data2\" content=\"In stock\" \/>\n<script type=\"application\/ld+json\" class=\"yoast-schema-graph\">{\"@context\":\"https:\/\/schema.org\",\"@graph\":[{\"@type\":\"WebSite\",\"@id\":\"https:\/\/beautysane.com\/be\/nl#website\",\"url\":\"https:\/\/beautysane.com\/be\/nl\",\"name\":\"Beautysan\\u00e9 - Belgique\",\"description\":\"Feed The Change\",\"potentialAction\":[{\"@type\":\"SearchAction\",\"target\":{\"@type\":\"EntryPoint\",\"urlTemplate\":\"https:\/\/beautysane.com\/be\/nl?s={search_term_string}\"},\"query-input\":\"required name=search_term_string\"}],\"inLanguage\":\"nl\"},{\"@type\":\"ImageObject\",\"@id\":\"https:\/\/beautysane.com\/be\/nl\/winkel\/aanbiedingen\/duo-energy-aroma#primaryimage\",\"inLanguage\":\"nl\",\"url\":\"https:\/\/beautysane.ams3.digitaloceanspaces.com\/wp-content\/uploads\/sites\/4\/2024\/02\/14170613\/OFFRE_AROMA_fevrier-1-1.png\",\"contentUrl\":\"https:\/\/beautysane.ams3.digitaloceanspaces.com\/wp-content\/uploads\/sites\/4\/2024\/02\/14170613\/OFFRE_AROMA_fevrier-1-1.png\",\"width\":600,\"height\":600},{\"@type\":\"WebPage\",\"@id\":\"https:\/\/beautysane.com\/be\/nl\/winkel\/aanbiedingen\/duo-energy-aroma#webpage\",\"url\":\"https:\/\/beautysane.com\/be\/nl\/winkel\/aanbiedingen\/duo-energy-aroma\",\"name\":\"Duo Energy Aroma - Beautysan\\u00e9 - Belgique\",\"isPartOf\":{\"@id\":\"https:\/\/beautysane.com\/be\/nl#website\"},\"primaryImageOfPage\":{\"@id\":\"https:\/\/beautysane.com\/be\/nl\/winkel\/aanbiedingen\/duo-energy-aroma#primaryimage\"},\"datePublished\":\"2024-02-14T10:37:59+00:00\",\"dateModified\":\"2024-08-06T07:58:24+00:00\",\"breadcrumb\":{\"@id\":\"https:\/\/beautysane.com\/be\/nl\/winkel\/aanbiedingen\/duo-energy-aroma#breadcrumb\"},\"inLanguage\":\"nl\",\"potentialAction\":[{\"@type\":\"ReadAction\",\"target\":[\"https:\/\/beautysane.com\/be\/nl\/winkel\/aanbiedingen\/duo-energy-aroma\"]}]},{\"@type\":\"BreadcrumbList\",\"@id\":\"https:\/\/beautysane.com\/be\/nl\/winkel\/aanbiedingen\/duo-energy-aroma#breadcrumb\",\"itemListElement\":[{\"@type\":\"ListItem\",\"position\":1,\"name\":\"Home\",\"item\":\"https:\/\/beautysane.com\/be\/nl\"},{\"@type\":\"ListItem\",\"position\":2,\"name\":\"Winkel\",\"item\":\"https:\/\/beautysane.com\/be\/nl\/winkel\"},{\"@type\":\"ListItem\",\"position\":3,\"name\":\"Duo Energy Aroma\"}]}]}<\/script>\n<meta property=\"product:price:amount\" content=\"31.16\" \/>\n<meta property=\"product:price:currency\" content=\"EUR\" \/>\n<meta property=\"og:availability\" content=\"instock\" \/>\n<meta property=\"product:availability\" content=\"instock\" \/>\n<meta property=\"product:retailer_item_id\" content=\"HE-2024-001-PK\" \/>\n<meta property=\"product:condition\" content=\"new\" \/>\n<!-- \/ Yoast SEO Premium plugin. -->","yoast_head_json":{"title":"Duo Energy Aroma - Beautysan\u00e9 - Belgique","robots":{"index":"index","follow":"follow","max-snippet":"max-snippet:-1","max-image-preview":"max-image-preview:large","max-video-preview":"max-video-preview:-1"},"canonical":"https:\/\/beautysane.com\/be\/nl\/winkel\/aanbiedingen\/duo-energy-aroma","og_locale":"nl_NL","og_type":"article","og_title":"Duo Energy Aroma","og_description":"De kracht van essenti\u00eble oli\u00ebn in combinatie met de zachtheid van plantaardige oli\u00ebn vormen de ENERGY AROMA Synergie\u00ebn die exclusief voor Beautysan\u00e9 zijn ontwikkeld. Elke Synergie is een combinatie van verschillende aromatische essences, zorgvuldig gekozen en gedoseerd, die in combinatie met plantaardige oli\u00ebn hun werking versterken, om je het allerbeste te geven wat ze te [&hellip;]","og_url":"https:\/\/beautysane.com\/be\/nl\/winkel\/aanbiedingen\/duo-energy-aroma","og_site_name":"Beautysan\u00e9 - Belgique","article_publisher":"https:\/\/www.facebook.com\/Beautysane\/","article_modified_time":"2024-08-06T07:58:24+00:00","og_image":[{"width":600,"height":600,"url":"https:\/\/beautysane.ams3.digitaloceanspaces.com\/wp-content\/uploads\/sites\/4\/2024\/02\/14170613\/OFFRE_AROMA_fevrier-1-1.png","type":"image\/png"}],"twitter_card":"summary_large_image","twitter_misc":{"Prijs":"62,32&euro; 31,16&euro;","Availability":"In stock"},"schema":{"@context":"https:\/\/schema.org","@graph":[{"@type":"WebSite","@id":"https:\/\/beautysane.com\/be\/nl#website","url":"https:\/\/beautysane.com\/be\/nl","name":"Beautysan\u00e9 - Belgique","description":"Feed The Change","potentialAction":[{"@type":"SearchAction","target":{"@type":"EntryPoint","urlTemplate":"https:\/\/beautysane.com\/be\/nl?s={search_term_string}"},"query-input":"required name=search_term_string"}],"inLanguage":"nl"},{"@type":"ImageObject","@id":"https:\/\/beautysane.com\/be\/nl\/winkel\/aanbiedingen\/duo-energy-aroma#primaryimage","inLanguage":"nl","url":"https:\/\/beautysane.ams3.digitaloceanspaces.com\/wp-content\/uploads\/sites\/4\/2024\/02\/14170613\/OFFRE_AROMA_fevrier-1-1.png","contentUrl":"https:\/\/beautysane.ams3.digitaloceanspaces.com\/wp-content\/uploads\/sites\/4\/2024\/02\/14170613\/OFFRE_AROMA_fevrier-1-1.png","width":600,"height":600},{"@type":"WebPage","@id":"https:\/\/beautysane.com\/be\/nl\/winkel\/aanbiedingen\/duo-energy-aroma#webpage","url":"https:\/\/beautysane.com\/be\/nl\/winkel\/aanbiedingen\/duo-energy-aroma","name":"Duo Energy Aroma - Beautysan\u00e9 - Belgique","isPartOf":{"@id":"https:\/\/beautysane.com\/be\/nl#website"},"primaryImageOfPage":{"@id":"https:\/\/beautysane.com\/be\/nl\/winkel\/aanbiedingen\/duo-energy-aroma#primaryimage"},"datePublished":"2024-02-14T10:37:59+00:00","dateModified":"2024-08-06T07:58:24+00:00","breadcrumb":{"@id":"https:\/\/beautysane.com\/be\/nl\/winkel\/aanbiedingen\/duo-energy-aroma#breadcrumb"},"inLanguage":"nl","potentialAction":[{"@type":"ReadAction","target":["https:\/\/beautysane.com\/be\/nl\/winkel\/aanbiedingen\/duo-energy-aroma"]}]},{"@type":"BreadcrumbList","@id":"https:\/\/beautysane.com\/be\/nl\/winkel\/aanbiedingen\/duo-energy-aroma#breadcrumb","itemListElement":[{"@type":"ListItem","position":1,"name":"Home","item":"https:\/\/beautysane.com\/be\/nl"},{"@type":"ListItem","position":2,"name":"Winkel","item":"https:\/\/beautysane.com\/be\/nl\/winkel"},{"@type":"ListItem","position":3,"name":"Duo Energy Aroma"}]}]},"product_price_amount":"31.16","product_price_currency":"EUR","og_availability":"instock","product_availability":"instock","product_retailer_item_id":"HE-2024-001-PK","product_condition":"new"},"yasr_visitor_votes":{"stars_attributes":{"read_only":true,"span_bottom":"<div class='yasr-small-block-bold'><span class='yasr-visitor-votes-must-sign-in'>Je moet je inloggen om te stemmen<\/span><\/div>"},"number_of_votes":0,"sum_votes":0},"_links":{"self":[{"href":"https:\/\/beautysane.com\/be\/nl\/wp-json\/wp\/v2\/product\/52221"}],"collection":[{"href":"https:\/\/beautysane.com\/be\/nl\/wp-json\/wp\/v2\/product"}],"about":[{"href":"https:\/\/beautysane.com\/be\/nl\/wp-json\/wp\/v2\/types\/product"}],"replies":[{"embeddable":true,"href":"https:\/\/beautysane.com\/be\/nl\/wp-json\/wp\/v2\/comments?post=52221"}],"wp:featuredmedia":[{"embeddable":true,"href":"https:\/\/beautysane.com\/be\/nl\/wp-json\/wp\/v2\/media\/52230"}],"wp:attachment":[{"href":"https:\/\/beautysane.com\/be\/nl\/wp-json\/wp\/v2\/media?parent=52221"}],"wp:term":[{"taxonomy":"product_cat","embeddable":true,"href":"https:\/\/beautysane.com\/be\/nl\/wp-json\/wp\/v2\/product_cat?post=52221"},{"taxonomy":"product_tag","embeddable":true,"href":"https:\/\/beautysane.com\/be\/nl\/wp-json\/wp\/v2\/product_tag?post=52221"}],"curies":[{"name":"wp","href":"https:\/\/api.w.org\/{rel}","templated":true}]}}