{"id":37977,"date":"2022-04-18T22:28:08","date_gmt":"2022-04-18T20:28:08","guid":{"rendered":"https:\/\/beautysane.com\/be?post_type=product&#038;p=37977"},"modified":"2023-01-25T11:27:31","modified_gmt":"2023-01-25T10:27:31","slug":"coup-de-boost","status":"publish","type":"product","link":"https:\/\/beautysane.com\/be\/boutique\/energy\/energy-care\/coup-de-boost","title":{"rendered":"Coup de Boost"},"content":{"rendered":"<p>C\u2019est la derni\u00e8re ligne droite ! Un an qu\u2019on travaille dur pour ces instants. Hors de question de faiblir au dernier moment. Brevet des coll\u00e8ges, baccalaur\u00e9at, concours en tous genres. Cette p\u00e9riode g\u00e9n\u00e8re beaucoup de stress et mieux vaut se pr\u00e9parer physiquement et mentalement pour affronter les \u00e9preuves.<\/p>\n<p>Vous allez devoir tout donner pour r\u00e9ussir et <strong>Energy Care Tonique, \u00e0 base de noix de cola (caf\u00e9ine), maca , \u00e9leuth\u00e9rocoque et gingembre,<\/strong> vous aidera \u00e0 rester concentr\u00e9 et vif ! Energy Care Tonique vous donnera \u00e9galement le <strong>coup de boost<\/strong> n\u00e9cessaire au moment d\u00e9cisif !<\/p>\n<p>#onnelacherien<\/p>\n","protected":false},"excerpt":{"rendered":"<p>C\u2019est la derni\u00e8re ligne droite ! Un an qu\u2019on travaille dur pour ces instants. Hors de question de faiblir au dernier moment. Brevet des coll\u00e8ges, baccalaur\u00e9at, concours en tous genres. Cette p\u00e9riode g\u00e9n\u00e8re beaucoup de stress et mieux vaut se pr\u00e9parer physiquement et mentalement pour affronter les \u00e9preuves. Vous allez devoir tout donner pour r\u00e9ussir [&hellip;]<\/p>\n","protected":false},"featured_media":37978,"comment_status":"open","ping_status":"closed","template":"","meta":{"_acf_changed":false,"inline_featured_image":false,"yasr_overall_rating":0,"yasr_post_is_review":"","yasr_auto_insert_disabled":"","yasr_review_type":""},"product_brand":[],"product_cat":[165,156],"product_tag":[],"class_list":{"0":"post-37977","1":"product","2":"type-product","3":"status-publish","4":"has-post-thumbnail","6":"product_cat-energy-care","7":"product_cat-offres","8":"has-subscription-plans","10":"first","11":"instock","12":"sale","13":"taxable","14":"shipping-taxable","15":"purchasable","16":"product-type-simple"},"acf":[],"yoast_head":"<!-- This site is optimized with the Yoast SEO Premium plugin v27.3 (Yoast SEO v27.3) - https:\/\/yoast.com\/product\/yoast-seo-premium-wordpress\/ -->\n<title>Coup de Boost - Beautysan\u00e9 - Belgique<\/title>\n<meta name=\"robots\" content=\"index, follow, max-snippet:-1, max-image-preview:large, max-video-preview:-1\" \/>\n<link rel=\"canonical\" href=\"https:\/\/beautysane.com\/be\/boutique\/energy\/energy-care\/coup-de-boost\" \/>\n<meta property=\"og:locale\" content=\"fr_FR\" \/>\n<meta property=\"og:type\" content=\"article\" \/>\n<meta property=\"og:title\" content=\"Coup de Boost\" \/>\n<meta property=\"og:description\" content=\"C\u2019est la derni\u00e8re ligne droite ! Un an qu\u2019on travaille dur pour ces instants. Hors de question de faiblir au dernier moment. Brevet des coll\u00e8ges, baccalaur\u00e9at, concours en tous genres. Cette p\u00e9riode g\u00e9n\u00e8re beaucoup de stress et mieux vaut se pr\u00e9parer physiquement et mentalement pour affronter les \u00e9preuves. Vous allez devoir tout donner pour r\u00e9ussir [&hellip;]\" \/>\n<meta property=\"og:url\" content=\"https:\/\/beautysane.com\/be\/boutique\/energy\/energy-care\/coup-de-boost\" \/>\n<meta property=\"og:site_name\" content=\"Beautysan\u00e9 - Belgique\" \/>\n<meta property=\"article:publisher\" content=\"https:\/\/www.facebook.com\/Beautysane\/\" \/>\n<meta property=\"article:modified_time\" content=\"2023-01-25T10:27:31+00:00\" \/>\n<meta property=\"og:image\" content=\"https:\/\/beautysane.com\/be\/wp-content\/uploads\/sites\/4\/2022\/04\/VISUEL_Tonique.png\" \/>\n\t<meta property=\"og:image:width\" content=\"1200\" \/>\n\t<meta property=\"og:image:height\" content=\"1200\" \/>\n\t<meta property=\"og:image:type\" content=\"image\/png\" \/>\n<meta name=\"twitter:card\" content=\"summary_large_image\" \/>\n<meta name=\"twitter:label1\" content=\"Prix\" \/>\n\t<meta name=\"twitter:data1\" content=\"50,14&euro;\" \/>\n\t<meta name=\"twitter:label2\" content=\"Disponibilit\u00e9\" \/>\n\t<meta name=\"twitter:data2\" content=\"En stock\" \/>\n<script type=\"application\/ld+json\" class=\"yoast-schema-graph\">{\"@context\":\"https:\\\/\\\/schema.org\",\"@graph\":[{\"@type\":\"WebPage\",\"@id\":\"https:\\\/\\\/beautysane.com\\\/be\\\/boutique\\\/energy\\\/energy-care\\\/coup-de-boost\",\"url\":\"https:\\\/\\\/beautysane.com\\\/be\\\/boutique\\\/energy\\\/energy-care\\\/coup-de-boost\",\"name\":\"Coup de Boost - Beautysan\u00e9 - Belgique\",\"isPartOf\":{\"@id\":\"https:\\\/\\\/beautysane.com\\\/be\\\/#website\"},\"primaryImageOfPage\":{\"@id\":\"https:\\\/\\\/beautysane.com\\\/be\\\/boutique\\\/energy\\\/energy-care\\\/coup-de-boost#primaryimage\"},\"image\":{\"@id\":\"https:\\\/\\\/beautysane.com\\\/be\\\/boutique\\\/energy\\\/energy-care\\\/coup-de-boost#primaryimage\"},\"thumbnailUrl\":\"https:\\\/\\\/beautysane.ams3.digitaloceanspaces.com\\\/wp-content\\\/uploads\\\/sites\\\/4\\\/2022\\\/04\\\/29032916\\\/VISUEL_Tonique.png\",\"datePublished\":\"2022-04-18T20:28:08+00:00\",\"dateModified\":\"2023-01-25T10:27:31+00:00\",\"breadcrumb\":{\"@id\":\"https:\\\/\\\/beautysane.com\\\/be\\\/boutique\\\/energy\\\/energy-care\\\/coup-de-boost#breadcrumb\"},\"inLanguage\":\"fr-FR\",\"potentialAction\":[{\"@type\":\"ReadAction\",\"target\":[\"https:\\\/\\\/beautysane.com\\\/be\\\/boutique\\\/energy\\\/energy-care\\\/coup-de-boost\"]}]},{\"@type\":\"ImageObject\",\"inLanguage\":\"fr-FR\",\"@id\":\"https:\\\/\\\/beautysane.com\\\/be\\\/boutique\\\/energy\\\/energy-care\\\/coup-de-boost#primaryimage\",\"url\":\"https:\\\/\\\/beautysane.ams3.digitaloceanspaces.com\\\/wp-content\\\/uploads\\\/sites\\\/4\\\/2022\\\/04\\\/29032916\\\/VISUEL_Tonique.png\",\"contentUrl\":\"https:\\\/\\\/beautysane.ams3.digitaloceanspaces.com\\\/wp-content\\\/uploads\\\/sites\\\/4\\\/2022\\\/04\\\/29032916\\\/VISUEL_Tonique.png\",\"width\":1200,\"height\":1200},{\"@type\":\"BreadcrumbList\",\"@id\":\"https:\\\/\\\/beautysane.com\\\/be\\\/boutique\\\/energy\\\/energy-care\\\/coup-de-boost#breadcrumb\",\"itemListElement\":[{\"@type\":\"ListItem\",\"position\":1,\"name\":\"Home\",\"item\":\"https:\\\/\\\/beautysane.com\\\/be\"},{\"@type\":\"ListItem\",\"position\":2,\"name\":\"Boutique\",\"item\":\"https:\\\/\\\/beautysane.com\\\/be\\\/boutique\"},{\"@type\":\"ListItem\",\"position\":3,\"name\":\"Coup de Boost\"}]},{\"@type\":\"WebSite\",\"@id\":\"https:\\\/\\\/beautysane.com\\\/be\\\/#website\",\"url\":\"https:\\\/\\\/beautysane.com\\\/be\\\/\",\"name\":\"Beautysan\u00e9 - Belgique\",\"description\":\"Feed The Change\",\"potentialAction\":[{\"@type\":\"SearchAction\",\"target\":{\"@type\":\"EntryPoint\",\"urlTemplate\":\"https:\\\/\\\/beautysane.com\\\/be\\\/?s={search_term_string}\"},\"query-input\":{\"@type\":\"PropertyValueSpecification\",\"valueRequired\":true,\"valueName\":\"search_term_string\"}}],\"inLanguage\":\"fr-FR\"},false]}<\/script>\n<meta property=\"product:price:amount\" content=\"50.14\" \/>\n<meta property=\"product:price:currency\" content=\"EUR\" \/>\n<meta property=\"og:availability\" content=\"instock\" \/>\n<meta property=\"product:availability\" content=\"instock\" \/>\n<meta property=\"product:retailer_item_id\" content=\"CA-2022-010-PK\" \/>\n<meta property=\"product:condition\" content=\"new\" \/>\n<!-- \/ Yoast SEO Premium plugin. -->","yoast_head_json":{"title":"Coup de Boost - Beautysan\u00e9 - Belgique","robots":{"index":"index","follow":"follow","max-snippet":"max-snippet:-1","max-image-preview":"max-image-preview:large","max-video-preview":"max-video-preview:-1"},"canonical":"https:\/\/beautysane.com\/be\/boutique\/energy\/energy-care\/coup-de-boost","og_locale":"fr_FR","og_type":"article","og_title":"Coup de Boost","og_description":"C\u2019est la derni\u00e8re ligne droite ! Un an qu\u2019on travaille dur pour ces instants. Hors de question de faiblir au dernier moment. Brevet des coll\u00e8ges, baccalaur\u00e9at, concours en tous genres. Cette p\u00e9riode g\u00e9n\u00e8re beaucoup de stress et mieux vaut se pr\u00e9parer physiquement et mentalement pour affronter les \u00e9preuves. Vous allez devoir tout donner pour r\u00e9ussir [&hellip;]","og_url":"https:\/\/beautysane.com\/be\/boutique\/energy\/energy-care\/coup-de-boost","og_site_name":"Beautysan\u00e9 - Belgique","article_publisher":"https:\/\/www.facebook.com\/Beautysane\/","article_modified_time":"2023-01-25T10:27:31+00:00","og_image":[{"width":1200,"height":1200,"url":"https:\/\/beautysane.com\/be\/wp-content\/uploads\/sites\/4\/2022\/04\/VISUEL_Tonique.png","type":"image\/png"}],"twitter_card":"summary_large_image","twitter_misc":{"Prix":"50,14&euro;","Disponibilit\u00e9":"En stock"},"schema":{"@context":"https:\/\/schema.org","@graph":[{"@type":"WebPage","@id":"https:\/\/beautysane.com\/be\/boutique\/energy\/energy-care\/coup-de-boost","url":"https:\/\/beautysane.com\/be\/boutique\/energy\/energy-care\/coup-de-boost","name":"Coup de Boost - Beautysan\u00e9 - Belgique","isPartOf":{"@id":"https:\/\/beautysane.com\/be\/#website"},"primaryImageOfPage":{"@id":"https:\/\/beautysane.com\/be\/boutique\/energy\/energy-care\/coup-de-boost#primaryimage"},"image":{"@id":"https:\/\/beautysane.com\/be\/boutique\/energy\/energy-care\/coup-de-boost#primaryimage"},"thumbnailUrl":"https:\/\/beautysane.ams3.digitaloceanspaces.com\/wp-content\/uploads\/sites\/4\/2022\/04\/29032916\/VISUEL_Tonique.png","datePublished":"2022-04-18T20:28:08+00:00","dateModified":"2023-01-25T10:27:31+00:00","breadcrumb":{"@id":"https:\/\/beautysane.com\/be\/boutique\/energy\/energy-care\/coup-de-boost#breadcrumb"},"inLanguage":"fr-FR","potentialAction":[{"@type":"ReadAction","target":["https:\/\/beautysane.com\/be\/boutique\/energy\/energy-care\/coup-de-boost"]}]},{"@type":"ImageObject","inLanguage":"fr-FR","@id":"https:\/\/beautysane.com\/be\/boutique\/energy\/energy-care\/coup-de-boost#primaryimage","url":"https:\/\/beautysane.ams3.digitaloceanspaces.com\/wp-content\/uploads\/sites\/4\/2022\/04\/29032916\/VISUEL_Tonique.png","contentUrl":"https:\/\/beautysane.ams3.digitaloceanspaces.com\/wp-content\/uploads\/sites\/4\/2022\/04\/29032916\/VISUEL_Tonique.png","width":1200,"height":1200},{"@type":"BreadcrumbList","@id":"https:\/\/beautysane.com\/be\/boutique\/energy\/energy-care\/coup-de-boost#breadcrumb","itemListElement":[{"@type":"ListItem","position":1,"name":"Home","item":"https:\/\/beautysane.com\/be"},{"@type":"ListItem","position":2,"name":"Boutique","item":"https:\/\/beautysane.com\/be\/boutique"},{"@type":"ListItem","position":3,"name":"Coup de Boost"}]},{"@type":"WebSite","@id":"https:\/\/beautysane.com\/be\/#website","url":"https:\/\/beautysane.com\/be\/","name":"Beautysan\u00e9 - Belgique","description":"Feed The Change","potentialAction":[{"@type":"SearchAction","target":{"@type":"EntryPoint","urlTemplate":"https:\/\/beautysane.com\/be\/?s={search_term_string}"},"query-input":{"@type":"PropertyValueSpecification","valueRequired":true,"valueName":"search_term_string"}}],"inLanguage":"fr-FR"},false]},"product_price_amount":"50.14","product_price_currency":"EUR","og_availability":"instock","product_availability":"instock","product_retailer_item_id":"CA-2022-010-PK","product_condition":"new"},"yasr_visitor_votes":{"stars_attributes":{"read_only":true,"span_bottom":"<div class='yasr-small-block-bold'><span class='yasr-visitor-votes-must-sign-in'>Vous devez \u00eatre connect\u00e9 pour voter<\/span><\/div>"},"number_of_votes":0,"sum_votes":0},"_links":{"self":[{"href":"https:\/\/beautysane.com\/be\/wp-json\/wp\/v2\/product\/37977","targetHints":{"allow":["GET"]}}],"collection":[{"href":"https:\/\/beautysane.com\/be\/wp-json\/wp\/v2\/product"}],"about":[{"href":"https:\/\/beautysane.com\/be\/wp-json\/wp\/v2\/types\/product"}],"replies":[{"embeddable":true,"href":"https:\/\/beautysane.com\/be\/wp-json\/wp\/v2\/comments?post=37977"}],"wp:featuredmedia":[{"embeddable":true,"href":"https:\/\/beautysane.com\/be\/wp-json\/wp\/v2\/media\/37978"}],"wp:attachment":[{"href":"https:\/\/beautysane.com\/be\/wp-json\/wp\/v2\/media?parent=37977"}],"wp:term":[{"taxonomy":"product_brand","embeddable":true,"href":"https:\/\/beautysane.com\/be\/wp-json\/wp\/v2\/product_brand?post=37977"},{"taxonomy":"product_cat","embeddable":true,"href":"https:\/\/beautysane.com\/be\/wp-json\/wp\/v2\/product_cat?post=37977"},{"taxonomy":"product_tag","embeddable":true,"href":"https:\/\/beautysane.com\/be\/wp-json\/wp\/v2\/product_tag?post=37977"}],"curies":[{"name":"wp","href":"https:\/\/api.w.org\/{rel}","templated":true}]}}