{"id":41276,"date":"2022-10-24T14:39:16","date_gmt":"2022-10-24T12:39:16","guid":{"rendered":"https:\/\/beautysane.com\/be?post_type=product&#038;p=41276"},"modified":"2024-11-25T08:37:02","modified_gmt":"2024-11-25T07:37:02","slug":"pack-harmony-repare-protege","status":"publish","type":"product","link":"https:\/\/beautysane.com\/be\/boutique\/harmony\/pack-harmony-repare-protege","title":{"rendered":"Pack Harmony &#8211; R\u00e9pare &#038; Prot\u00e8ge"},"content":{"rendered":"<p>D\u00e9couvrez en exclusivit\u00e9 le Pack &#8220;Famille&#8221; de la gamme HARMONY ! Ce pack comprend tous nos produits \u00e0 base<strong> d&#8217;aloe vera biologique<\/strong>, destin\u00e9s \u00e0 soulager vos petits bobos du quotidien !<\/p>\n<p>La gamme de cosm\u00e9tiques <b>HARMONY<\/b> <b>est certifi\u00e9e COSMOS<\/b> et compos\u00e9e majoritairement d\u2019<b>ingr\u00e9dients bio <\/b>et de mati\u00e8res premi\u00e8res <b>naturelles. <\/b>Nos cosm\u00e9tiques <b>sont fabriqu\u00e9s en France,<\/b> selon un <b>savoir-faire traditionnel.<\/b> Dans ce pack :<b><\/b><\/p>\n<ul>\n<li>1 brume (200 ml) compos\u00e9e \u00e0 99% d&#8217;aloe vera. Elle vous accompagnera partout, pour une action apaisante en un seul geste<\/li>\n<li><strong>1 <\/strong>gel\u00e9e (100 ml) compos\u00e9e \u00e0 95% d\u2019aloe vera. V\u00e9ritable couteau suisse, cette gel\u00e9e soulage vos petits maux<\/li>\n<li>1 cr\u00e8me hydratante pour les mains (75 ml) \u00e0 l&#8217;aloe vera, centella asiatica et carthame biologiques<\/li>\n<\/ul>\n","protected":false},"excerpt":{"rendered":"<p>D\u00e9couvrez en exclusivit\u00e9 le Pack &#8220;Famille&#8221; de la gamme HARMONY ! Ce pack comprend tous nos produits \u00e0 base d&#8217;aloe vera biologique, destin\u00e9s \u00e0 soulager vos petits bobos du quotidien ! La gamme de cosm\u00e9tiques HARMONY est certifi\u00e9e COSMOS et compos\u00e9e majoritairement d\u2019ingr\u00e9dients bio et de mati\u00e8res premi\u00e8res naturelles. Nos cosm\u00e9tiques sont fabriqu\u00e9s en France, [&hellip;]<\/p>\n","protected":false},"featured_media":41277,"comment_status":"open","ping_status":"closed","template":"","meta":{"yasr_overall_rating":0,"yasr_post_is_review":"","yasr_auto_insert_disabled":"","yasr_review_type":""},"product_cat":[534,551],"product_tag":[59],"acf":[],"yoast_head":"<!-- This site is optimized with the Yoast SEO Premium plugin v17.9 (Yoast SEO v17.9) - https:\/\/yoast.com\/wordpress\/plugins\/seo\/ -->\n<title>Pack Harmony - R\u00e9pare &amp; Prot\u00e8ge - Beautysan\u00e9 - Belgique<\/title>\n<meta name=\"robots\" content=\"index, follow, max-snippet:-1, max-image-preview:large, max-video-preview:-1\" \/>\n<link rel=\"canonical\" href=\"https:\/\/beautysane.com\/be\/boutique\/harmony\/pack-harmony-repare-protege\" \/>\n<meta property=\"og:locale\" content=\"fr_FR\" \/>\n<meta property=\"og:type\" content=\"article\" \/>\n<meta property=\"og:title\" content=\"Pack Harmony - R\u00e9pare &amp; Prot\u00e8ge\" \/>\n<meta property=\"og:description\" content=\"D\u00e9couvrez en exclusivit\u00e9 le Pack &#8220;Famille&#8221; de la gamme HARMONY ! Ce pack comprend tous nos produits \u00e0 base d&#8217;aloe vera biologique, destin\u00e9s \u00e0 soulager vos petits bobos du quotidien ! La gamme de cosm\u00e9tiques HARMONY est certifi\u00e9e COSMOS et compos\u00e9e majoritairement d\u2019ingr\u00e9dients bio et de mati\u00e8res premi\u00e8res naturelles. Nos cosm\u00e9tiques sont fabriqu\u00e9s en France, [&hellip;]\" \/>\n<meta property=\"og:url\" content=\"https:\/\/beautysane.com\/be\/boutique\/harmony\/pack-harmony-repare-protege\" \/>\n<meta property=\"og:site_name\" content=\"Beautysan\u00e9 - Belgique\" \/>\n<meta property=\"article:publisher\" content=\"https:\/\/www.facebook.com\/Beautysane\/\" \/>\n<meta property=\"article:modified_time\" content=\"2024-11-25T07:37:02+00:00\" \/>\n<meta property=\"og:image\" content=\"https:\/\/beautysane.ams3.digitaloceanspaces.com\/wp-content\/uploads\/sites\/4\/2022\/10\/29032310\/PACKS_Family.png\" \/>\n\t<meta property=\"og:image:width\" content=\"1200\" \/>\n\t<meta property=\"og:image:height\" content=\"1200\" \/>\n\t<meta property=\"og:image:type\" content=\"image\/png\" \/>\n<meta name=\"twitter:card\" content=\"summary_large_image\" \/>\n<meta name=\"twitter:label1\" content=\"Prix\" \/>\n\t<meta name=\"twitter:data1\" content=\"53,24&euro;\" \/>\n\t<meta name=\"twitter:label2\" content=\"Availability\" \/>\n\t<meta name=\"twitter:data2\" content=\"In stock\" \/>\n<script type=\"application\/ld+json\" class=\"yoast-schema-graph\">{\"@context\":\"https:\/\/schema.org\",\"@graph\":[{\"@type\":\"WebSite\",\"@id\":\"https:\/\/beautysane.com\/be\/#website\",\"url\":\"https:\/\/beautysane.com\/be\/\",\"name\":\"Beautysan\\u00e9 - Belgique\",\"description\":\"Feed The Change\",\"potentialAction\":[{\"@type\":\"SearchAction\",\"target\":{\"@type\":\"EntryPoint\",\"urlTemplate\":\"https:\/\/beautysane.com\/be\/?s={search_term_string}\"},\"query-input\":\"required name=search_term_string\"}],\"inLanguage\":\"fr-FR\"},{\"@type\":\"ImageObject\",\"@id\":\"https:\/\/beautysane.com\/be\/boutique\/harmony\/pack-harmony-repare-protege#primaryimage\",\"inLanguage\":\"fr-FR\",\"url\":\"https:\/\/beautysane.ams3.digitaloceanspaces.com\/wp-content\/uploads\/sites\/4\/2022\/10\/29032310\/PACKS_Family.png\",\"contentUrl\":\"https:\/\/beautysane.ams3.digitaloceanspaces.com\/wp-content\/uploads\/sites\/4\/2022\/10\/29032310\/PACKS_Family.png\",\"width\":1200,\"height\":1200},{\"@type\":\"WebPage\",\"@id\":\"https:\/\/beautysane.com\/be\/boutique\/harmony\/pack-harmony-repare-protege#webpage\",\"url\":\"https:\/\/beautysane.com\/be\/boutique\/harmony\/pack-harmony-repare-protege\",\"name\":\"Pack Harmony - R\\u00e9pare & Prot\\u00e8ge - Beautysan\\u00e9 - Belgique\",\"isPartOf\":{\"@id\":\"https:\/\/beautysane.com\/be\/#website\"},\"primaryImageOfPage\":{\"@id\":\"https:\/\/beautysane.com\/be\/boutique\/harmony\/pack-harmony-repare-protege#primaryimage\"},\"datePublished\":\"2022-10-24T12:39:16+00:00\",\"dateModified\":\"2024-11-25T07:37:02+00:00\",\"breadcrumb\":{\"@id\":\"https:\/\/beautysane.com\/be\/boutique\/harmony\/pack-harmony-repare-protege#breadcrumb\"},\"inLanguage\":\"fr-FR\",\"potentialAction\":[{\"@type\":\"ReadAction\",\"target\":[\"https:\/\/beautysane.com\/be\/boutique\/harmony\/pack-harmony-repare-protege\"]}]},{\"@type\":\"BreadcrumbList\",\"@id\":\"https:\/\/beautysane.com\/be\/boutique\/harmony\/pack-harmony-repare-protege#breadcrumb\",\"itemListElement\":[{\"@type\":\"ListItem\",\"position\":1,\"name\":\"Home\",\"item\":\"https:\/\/beautysane.com\/be\"},{\"@type\":\"ListItem\",\"position\":2,\"name\":\"Boutique\",\"item\":\"https:\/\/beautysane.com\/be\/boutique\"},{\"@type\":\"ListItem\",\"position\":3,\"name\":\"Pack Harmony &#8211; R\\u00e9pare &#038; Prot\\u00e8ge\"}]}]}<\/script>\n<meta property=\"product:price:amount\" content=\"53.24\" \/>\n<meta property=\"product:price:currency\" content=\"EUR\" \/>\n<meta property=\"og:availability\" content=\"instock\" \/>\n<meta property=\"product:availability\" content=\"instock\" \/>\n<meta property=\"product:retailer_item_id\" content=\"HA-2022-018-PK\" \/>\n<meta property=\"product:condition\" content=\"new\" \/>\n<!-- \/ Yoast SEO Premium plugin. -->","yoast_head_json":{"title":"Pack Harmony - R\u00e9pare & Prot\u00e8ge - Beautysan\u00e9 - Belgique","robots":{"index":"index","follow":"follow","max-snippet":"max-snippet:-1","max-image-preview":"max-image-preview:large","max-video-preview":"max-video-preview:-1"},"canonical":"https:\/\/beautysane.com\/be\/boutique\/harmony\/pack-harmony-repare-protege","og_locale":"fr_FR","og_type":"article","og_title":"Pack Harmony - R\u00e9pare & Prot\u00e8ge","og_description":"D\u00e9couvrez en exclusivit\u00e9 le Pack &#8220;Famille&#8221; de la gamme HARMONY ! Ce pack comprend tous nos produits \u00e0 base d&#8217;aloe vera biologique, destin\u00e9s \u00e0 soulager vos petits bobos du quotidien ! La gamme de cosm\u00e9tiques HARMONY est certifi\u00e9e COSMOS et compos\u00e9e majoritairement d\u2019ingr\u00e9dients bio et de mati\u00e8res premi\u00e8res naturelles. Nos cosm\u00e9tiques sont fabriqu\u00e9s en France, [&hellip;]","og_url":"https:\/\/beautysane.com\/be\/boutique\/harmony\/pack-harmony-repare-protege","og_site_name":"Beautysan\u00e9 - Belgique","article_publisher":"https:\/\/www.facebook.com\/Beautysane\/","article_modified_time":"2024-11-25T07:37:02+00:00","og_image":[{"width":1200,"height":1200,"url":"https:\/\/beautysane.ams3.digitaloceanspaces.com\/wp-content\/uploads\/sites\/4\/2022\/10\/29032310\/PACKS_Family.png","type":"image\/png"}],"twitter_card":"summary_large_image","twitter_misc":{"Prix":"53,24&euro;","Availability":"In stock"},"schema":{"@context":"https:\/\/schema.org","@graph":[{"@type":"WebSite","@id":"https:\/\/beautysane.com\/be\/#website","url":"https:\/\/beautysane.com\/be\/","name":"Beautysan\u00e9 - Belgique","description":"Feed The Change","potentialAction":[{"@type":"SearchAction","target":{"@type":"EntryPoint","urlTemplate":"https:\/\/beautysane.com\/be\/?s={search_term_string}"},"query-input":"required name=search_term_string"}],"inLanguage":"fr-FR"},{"@type":"ImageObject","@id":"https:\/\/beautysane.com\/be\/boutique\/harmony\/pack-harmony-repare-protege#primaryimage","inLanguage":"fr-FR","url":"https:\/\/beautysane.ams3.digitaloceanspaces.com\/wp-content\/uploads\/sites\/4\/2022\/10\/29032310\/PACKS_Family.png","contentUrl":"https:\/\/beautysane.ams3.digitaloceanspaces.com\/wp-content\/uploads\/sites\/4\/2022\/10\/29032310\/PACKS_Family.png","width":1200,"height":1200},{"@type":"WebPage","@id":"https:\/\/beautysane.com\/be\/boutique\/harmony\/pack-harmony-repare-protege#webpage","url":"https:\/\/beautysane.com\/be\/boutique\/harmony\/pack-harmony-repare-protege","name":"Pack Harmony - R\u00e9pare & Prot\u00e8ge - Beautysan\u00e9 - Belgique","isPartOf":{"@id":"https:\/\/beautysane.com\/be\/#website"},"primaryImageOfPage":{"@id":"https:\/\/beautysane.com\/be\/boutique\/harmony\/pack-harmony-repare-protege#primaryimage"},"datePublished":"2022-10-24T12:39:16+00:00","dateModified":"2024-11-25T07:37:02+00:00","breadcrumb":{"@id":"https:\/\/beautysane.com\/be\/boutique\/harmony\/pack-harmony-repare-protege#breadcrumb"},"inLanguage":"fr-FR","potentialAction":[{"@type":"ReadAction","target":["https:\/\/beautysane.com\/be\/boutique\/harmony\/pack-harmony-repare-protege"]}]},{"@type":"BreadcrumbList","@id":"https:\/\/beautysane.com\/be\/boutique\/harmony\/pack-harmony-repare-protege#breadcrumb","itemListElement":[{"@type":"ListItem","position":1,"name":"Home","item":"https:\/\/beautysane.com\/be"},{"@type":"ListItem","position":2,"name":"Boutique","item":"https:\/\/beautysane.com\/be\/boutique"},{"@type":"ListItem","position":3,"name":"Pack Harmony &#8211; R\u00e9pare &#038; Prot\u00e8ge"}]}]},"product_price_amount":"53.24","product_price_currency":"EUR","og_availability":"instock","product_availability":"instock","product_retailer_item_id":"HA-2022-018-PK","product_condition":"new"},"yasr_visitor_votes":{"stars_attributes":{"read_only":true,"span_bottom":"<div class='yasr-small-block-bold'><span class='yasr-visitor-votes-must-sign-in'>Vous devez \u00eatre connect\u00e9 pour voter<\/span><\/div>"},"number_of_votes":0,"sum_votes":0},"_links":{"self":[{"href":"https:\/\/beautysane.com\/be\/wp-json\/wp\/v2\/product\/41276"}],"collection":[{"href":"https:\/\/beautysane.com\/be\/wp-json\/wp\/v2\/product"}],"about":[{"href":"https:\/\/beautysane.com\/be\/wp-json\/wp\/v2\/types\/product"}],"replies":[{"embeddable":true,"href":"https:\/\/beautysane.com\/be\/wp-json\/wp\/v2\/comments?post=41276"}],"wp:featuredmedia":[{"embeddable":true,"href":"https:\/\/beautysane.com\/be\/wp-json\/wp\/v2\/media\/41277"}],"wp:attachment":[{"href":"https:\/\/beautysane.com\/be\/wp-json\/wp\/v2\/media?parent=41276"}],"wp:term":[{"taxonomy":"product_cat","embeddable":true,"href":"https:\/\/beautysane.com\/be\/wp-json\/wp\/v2\/product_cat?post=41276"},{"taxonomy":"product_tag","embeddable":true,"href":"https:\/\/beautysane.com\/be\/wp-json\/wp\/v2\/product_tag?post=41276"}],"curies":[{"name":"wp","href":"https:\/\/api.w.org\/{rel}","templated":true}]}}