{"id":41627,"date":"2022-10-26T11:20:47","date_gmt":"2022-10-26T09:20:47","guid":{"rendered":"https:\/\/beautysane.com\/be?post_type=product&#038;p=41627"},"modified":"2026-04-09T01:54:06","modified_gmt":"2026-04-08T23:54:06","slug":"energy-power-saveur-cola-30-sticks","status":"publish","type":"product","link":"https:\/\/beautysane.com\/be\/boutique\/energy\/energy-drink\/energy-power-saveur-cola-30-sticks","title":{"rendered":"Boisson Energy Power saveur cola &#8211; 30 sticks"},"content":{"rendered":"<p>Energy Power \u00e9tanche toutes les soifs d\u2019<strong>\u00e9nergie<\/strong> ! Cette boisson associe de la <strong>taurine, du guarana, de la caf\u00e9ine, du kola, du gingembre<\/strong> et de la <strong>vitamine C<\/strong>, qui <strong>contribue \u00e0 r\u00e9duire la fatigue<\/strong>. Examens, comp\u00e9titions, efforts intenses, agendas surcharg\u00e9s ou tout simplement <strong>pause tonique,<\/strong> Energy Power d\u00e9salt\u00e8re agr\u00e9ablement, pour 15 kcal seulement !<\/p>\n<p>&nbsp;<\/p>\n","protected":false},"excerpt":{"rendered":"<p>Energy Power \u00e9tanche toutes les soifs d\u2019\u00e9nergie ! Cette boisson associe de la taurine, du guarana, de la caf\u00e9ine, du kola, du gingembre et de la vitamine C, qui contribue \u00e0 r\u00e9duire la fatigue. Examens, comp\u00e9titions, efforts intenses, agendas surcharg\u00e9s ou tout simplement pause tonique, Energy Power d\u00e9salt\u00e8re agr\u00e9ablement, pour 15 kcal seulement ! &nbsp;<\/p>\n","protected":false},"featured_media":55206,"comment_status":"open","ping_status":"closed","template":"","meta":{"_acf_changed":false,"inline_featured_image":false,"yasr_overall_rating":0,"yasr_post_is_review":"","yasr_auto_insert_disabled":"","yasr_review_type":""},"product_brand":[],"product_cat":[166,546],"product_tag":[76,78,75,77,74,65],"class_list":{"0":"post-41627","1":"product","2":"type-product","3":"status-publish","4":"has-post-thumbnail","6":"product_cat-energy-drink","7":"product_cat-energy","8":"product_tag-cafeine","9":"product_tag-gingembre","10":"product_tag-guarana","11":"product_tag-kola","12":"product_tag-taurine","13":"product_tag-vitamine-c","14":"pa_objectifs-energie","15":"pa_objectifs-performance-sportive","16":"has-subscription-plans","18":"first","19":"instock","20":"taxable","21":"shipping-taxable","22":"purchasable","23":"product-type-simple"},"acf":[],"yoast_head":"<!-- This site is optimized with the Yoast SEO Premium plugin v27.3 (Yoast SEO v27.3) - https:\/\/yoast.com\/product\/yoast-seo-premium-wordpress\/ -->\n<title>Boisson Energy Power saveur cola - 30 sticks - Beautysan\u00e9 - Belgique<\/title>\n<meta name=\"description\" content=\"Energy Power \u00e9tanche toutes les soifs d\u2019\u00e9nergie ! Cette boisson associe de la taurine, du guarana, de la caf\u00e9ine, du kola, du gingembre et de la vitamine C, qui contribue \u00e0 r\u00e9duire la fatigue. Examens, comp\u00e9titions, efforts intenses, agendas surcharg\u00e9s ou tout simplement pause tonique, Energy Power d\u00e9salt\u00e8re agr\u00e9ablement, pour 15 kcal seulement !\" \/>\n<meta name=\"robots\" content=\"index, follow, max-snippet:-1, max-image-preview:large, max-video-preview:-1\" \/>\n<link rel=\"canonical\" href=\"https:\/\/beautysane.com\/be\/boutique\/energy\/energy-drink\/energy-power-saveur-cola-30-sticks\" \/>\n<meta property=\"og:locale\" content=\"fr_FR\" \/>\n<meta property=\"og:type\" content=\"article\" \/>\n<meta property=\"og:title\" content=\"Boisson Energy Power saveur cola - 30 sticks\" \/>\n<meta property=\"og:description\" content=\"Energy Power \u00e9tanche toutes les soifs d\u2019\u00e9nergie ! Cette boisson associe de la taurine, du guarana, de la caf\u00e9ine, du kola, du gingembre et de la vitamine C, qui contribue \u00e0 r\u00e9duire la fatigue. Examens, comp\u00e9titions, efforts intenses, agendas surcharg\u00e9s ou tout simplement pause tonique, Energy Power d\u00e9salt\u00e8re agr\u00e9ablement, pour 15 kcal seulement !\" \/>\n<meta property=\"og:url\" content=\"https:\/\/beautysane.com\/be\/boutique\/energy\/energy-drink\/energy-power-saveur-cola-30-sticks\" \/>\n<meta property=\"og:site_name\" content=\"Beautysan\u00e9 - Belgique\" \/>\n<meta property=\"article:publisher\" content=\"https:\/\/www.facebook.com\/Beautysane\/\" \/>\n<meta property=\"article:modified_time\" content=\"2026-04-08T23:54:06+00:00\" \/>\n<meta property=\"og:image\" content=\"https:\/\/beautysane.ams3.digitaloceanspaces.com\/wp-content\/uploads\/sites\/4\/2022\/10\/24142637\/BS003_BC-2.png\" \/>\n\t<meta property=\"og:image:width\" content=\"600\" \/>\n\t<meta property=\"og:image:height\" content=\"600\" \/>\n\t<meta property=\"og:image:type\" content=\"image\/png\" \/>\n<meta name=\"twitter:card\" content=\"summary_large_image\" \/>\n<meta name=\"twitter:label1\" content=\"Prix\" \/>\n\t<meta name=\"twitter:data1\" content=\"35,06&euro;\" \/>\n\t<meta name=\"twitter:label2\" content=\"Disponibilit\u00e9\" \/>\n\t<meta name=\"twitter:data2\" content=\"En stock\" \/>\n<script type=\"application\/ld+json\" class=\"yoast-schema-graph\">{\"@context\":\"https:\\\/\\\/schema.org\",\"@graph\":[{\"@type\":\"WebPage\",\"@id\":\"https:\\\/\\\/beautysane.com\\\/be\\\/boutique\\\/energy\\\/energy-drink\\\/energy-power-saveur-cola-30-sticks\",\"url\":\"https:\\\/\\\/beautysane.com\\\/be\\\/boutique\\\/energy\\\/energy-drink\\\/energy-power-saveur-cola-30-sticks\",\"name\":\"Boisson Energy Power saveur cola - 30 sticks - Beautysan\u00e9 - Belgique\",\"isPartOf\":{\"@id\":\"https:\\\/\\\/beautysane.com\\\/be\\\/#website\"},\"primaryImageOfPage\":{\"@id\":\"https:\\\/\\\/beautysane.com\\\/be\\\/boutique\\\/energy\\\/energy-drink\\\/energy-power-saveur-cola-30-sticks#primaryimage\"},\"image\":{\"@id\":\"https:\\\/\\\/beautysane.com\\\/be\\\/boutique\\\/energy\\\/energy-drink\\\/energy-power-saveur-cola-30-sticks#primaryimage\"},\"thumbnailUrl\":\"https:\\\/\\\/beautysane.ams3.digitaloceanspaces.com\\\/wp-content\\\/uploads\\\/sites\\\/4\\\/2022\\\/10\\\/24142637\\\/BS003_BC-2.png\",\"datePublished\":\"2022-10-26T09:20:47+00:00\",\"dateModified\":\"2026-04-08T23:54:06+00:00\",\"description\":\"Energy Power \u00e9tanche toutes les soifs d\u2019\u00e9nergie ! Cette boisson associe de la taurine, du guarana, de la caf\u00e9ine, du kola, du gingembre et de la vitamine C, qui contribue \u00e0 r\u00e9duire la fatigue. Examens, comp\u00e9titions, efforts intenses, agendas surcharg\u00e9s ou tout simplement pause tonique, Energy Power d\u00e9salt\u00e8re agr\u00e9ablement, pour 15 kcal seulement !\",\"breadcrumb\":{\"@id\":\"https:\\\/\\\/beautysane.com\\\/be\\\/boutique\\\/energy\\\/energy-drink\\\/energy-power-saveur-cola-30-sticks#breadcrumb\"},\"inLanguage\":\"fr-FR\",\"potentialAction\":[{\"@type\":\"ReadAction\",\"target\":[\"https:\\\/\\\/beautysane.com\\\/be\\\/boutique\\\/energy\\\/energy-drink\\\/energy-power-saveur-cola-30-sticks\"]}]},{\"@type\":\"ImageObject\",\"inLanguage\":\"fr-FR\",\"@id\":\"https:\\\/\\\/beautysane.com\\\/be\\\/boutique\\\/energy\\\/energy-drink\\\/energy-power-saveur-cola-30-sticks#primaryimage\",\"url\":\"https:\\\/\\\/beautysane.ams3.digitaloceanspaces.com\\\/wp-content\\\/uploads\\\/sites\\\/4\\\/2022\\\/10\\\/24142637\\\/BS003_BC-2.png\",\"contentUrl\":\"https:\\\/\\\/beautysane.ams3.digitaloceanspaces.com\\\/wp-content\\\/uploads\\\/sites\\\/4\\\/2022\\\/10\\\/24142637\\\/BS003_BC-2.png\",\"width\":600,\"height\":600},{\"@type\":\"BreadcrumbList\",\"@id\":\"https:\\\/\\\/beautysane.com\\\/be\\\/boutique\\\/energy\\\/energy-drink\\\/energy-power-saveur-cola-30-sticks#breadcrumb\",\"itemListElement\":[{\"@type\":\"ListItem\",\"position\":1,\"name\":\"Home\",\"item\":\"https:\\\/\\\/beautysane.com\\\/be\"},{\"@type\":\"ListItem\",\"position\":2,\"name\":\"Boutique\",\"item\":\"https:\\\/\\\/beautysane.com\\\/be\\\/boutique\"},{\"@type\":\"ListItem\",\"position\":3,\"name\":\"Boisson Energy Power saveur cola &#8211; 30 sticks\"}]},{\"@type\":\"WebSite\",\"@id\":\"https:\\\/\\\/beautysane.com\\\/be\\\/#website\",\"url\":\"https:\\\/\\\/beautysane.com\\\/be\\\/\",\"name\":\"Beautysan\u00e9 - Belgique\",\"description\":\"Feed The Change\",\"potentialAction\":[{\"@type\":\"SearchAction\",\"target\":{\"@type\":\"EntryPoint\",\"urlTemplate\":\"https:\\\/\\\/beautysane.com\\\/be\\\/?s={search_term_string}\"},\"query-input\":{\"@type\":\"PropertyValueSpecification\",\"valueRequired\":true,\"valueName\":\"search_term_string\"}}],\"inLanguage\":\"fr-FR\"},false]}<\/script>\n<meta property=\"product:price:amount\" content=\"35.06\" \/>\n<meta property=\"product:price:currency\" content=\"EUR\" \/>\n<meta property=\"og:availability\" content=\"instock\" \/>\n<meta property=\"product:availability\" content=\"instock\" \/>\n<meta property=\"product:retailer_item_id\" content=\"BS-2022-003-BC\" \/>\n<meta property=\"product:condition\" content=\"new\" \/>\n<!-- \/ Yoast SEO Premium plugin. -->","yoast_head_json":{"title":"Boisson Energy Power saveur cola - 30 sticks - Beautysan\u00e9 - Belgique","description":"Energy Power \u00e9tanche toutes les soifs d\u2019\u00e9nergie ! Cette boisson associe de la taurine, du guarana, de la caf\u00e9ine, du kola, du gingembre et de la vitamine C, qui contribue \u00e0 r\u00e9duire la fatigue. Examens, comp\u00e9titions, efforts intenses, agendas surcharg\u00e9s ou tout simplement pause tonique, Energy Power d\u00e9salt\u00e8re agr\u00e9ablement, pour 15 kcal seulement !","robots":{"index":"index","follow":"follow","max-snippet":"max-snippet:-1","max-image-preview":"max-image-preview:large","max-video-preview":"max-video-preview:-1"},"canonical":"https:\/\/beautysane.com\/be\/boutique\/energy\/energy-drink\/energy-power-saveur-cola-30-sticks","og_locale":"fr_FR","og_type":"article","og_title":"Boisson Energy Power saveur cola - 30 sticks","og_description":"Energy Power \u00e9tanche toutes les soifs d\u2019\u00e9nergie ! Cette boisson associe de la taurine, du guarana, de la caf\u00e9ine, du kola, du gingembre et de la vitamine C, qui contribue \u00e0 r\u00e9duire la fatigue. Examens, comp\u00e9titions, efforts intenses, agendas surcharg\u00e9s ou tout simplement pause tonique, Energy Power d\u00e9salt\u00e8re agr\u00e9ablement, pour 15 kcal seulement !","og_url":"https:\/\/beautysane.com\/be\/boutique\/energy\/energy-drink\/energy-power-saveur-cola-30-sticks","og_site_name":"Beautysan\u00e9 - Belgique","article_publisher":"https:\/\/www.facebook.com\/Beautysane\/","article_modified_time":"2026-04-08T23:54:06+00:00","og_image":[{"width":600,"height":600,"url":"https:\/\/beautysane.ams3.digitaloceanspaces.com\/wp-content\/uploads\/sites\/4\/2022\/10\/24142637\/BS003_BC-2.png","type":"image\/png"}],"twitter_card":"summary_large_image","twitter_misc":{"Prix":"35,06&euro;","Disponibilit\u00e9":"En stock"},"schema":{"@context":"https:\/\/schema.org","@graph":[{"@type":"WebPage","@id":"https:\/\/beautysane.com\/be\/boutique\/energy\/energy-drink\/energy-power-saveur-cola-30-sticks","url":"https:\/\/beautysane.com\/be\/boutique\/energy\/energy-drink\/energy-power-saveur-cola-30-sticks","name":"Boisson Energy Power saveur cola - 30 sticks - Beautysan\u00e9 - Belgique","isPartOf":{"@id":"https:\/\/beautysane.com\/be\/#website"},"primaryImageOfPage":{"@id":"https:\/\/beautysane.com\/be\/boutique\/energy\/energy-drink\/energy-power-saveur-cola-30-sticks#primaryimage"},"image":{"@id":"https:\/\/beautysane.com\/be\/boutique\/energy\/energy-drink\/energy-power-saveur-cola-30-sticks#primaryimage"},"thumbnailUrl":"https:\/\/beautysane.ams3.digitaloceanspaces.com\/wp-content\/uploads\/sites\/4\/2022\/10\/24142637\/BS003_BC-2.png","datePublished":"2022-10-26T09:20:47+00:00","dateModified":"2026-04-08T23:54:06+00:00","description":"Energy Power \u00e9tanche toutes les soifs d\u2019\u00e9nergie ! Cette boisson associe de la taurine, du guarana, de la caf\u00e9ine, du kola, du gingembre et de la vitamine C, qui contribue \u00e0 r\u00e9duire la fatigue. Examens, comp\u00e9titions, efforts intenses, agendas surcharg\u00e9s ou tout simplement pause tonique, Energy Power d\u00e9salt\u00e8re agr\u00e9ablement, pour 15 kcal seulement !","breadcrumb":{"@id":"https:\/\/beautysane.com\/be\/boutique\/energy\/energy-drink\/energy-power-saveur-cola-30-sticks#breadcrumb"},"inLanguage":"fr-FR","potentialAction":[{"@type":"ReadAction","target":["https:\/\/beautysane.com\/be\/boutique\/energy\/energy-drink\/energy-power-saveur-cola-30-sticks"]}]},{"@type":"ImageObject","inLanguage":"fr-FR","@id":"https:\/\/beautysane.com\/be\/boutique\/energy\/energy-drink\/energy-power-saveur-cola-30-sticks#primaryimage","url":"https:\/\/beautysane.ams3.digitaloceanspaces.com\/wp-content\/uploads\/sites\/4\/2022\/10\/24142637\/BS003_BC-2.png","contentUrl":"https:\/\/beautysane.ams3.digitaloceanspaces.com\/wp-content\/uploads\/sites\/4\/2022\/10\/24142637\/BS003_BC-2.png","width":600,"height":600},{"@type":"BreadcrumbList","@id":"https:\/\/beautysane.com\/be\/boutique\/energy\/energy-drink\/energy-power-saveur-cola-30-sticks#breadcrumb","itemListElement":[{"@type":"ListItem","position":1,"name":"Home","item":"https:\/\/beautysane.com\/be"},{"@type":"ListItem","position":2,"name":"Boutique","item":"https:\/\/beautysane.com\/be\/boutique"},{"@type":"ListItem","position":3,"name":"Boisson Energy Power saveur cola &#8211; 30 sticks"}]},{"@type":"WebSite","@id":"https:\/\/beautysane.com\/be\/#website","url":"https:\/\/beautysane.com\/be\/","name":"Beautysan\u00e9 - Belgique","description":"Feed The Change","potentialAction":[{"@type":"SearchAction","target":{"@type":"EntryPoint","urlTemplate":"https:\/\/beautysane.com\/be\/?s={search_term_string}"},"query-input":{"@type":"PropertyValueSpecification","valueRequired":true,"valueName":"search_term_string"}}],"inLanguage":"fr-FR"},false]},"product_price_amount":"35.06","product_price_currency":"EUR","og_availability":"instock","product_availability":"instock","product_retailer_item_id":"BS-2022-003-BC","product_condition":"new"},"yasr_visitor_votes":{"stars_attributes":{"read_only":true,"span_bottom":"<div class='yasr-small-block-bold'><span class='yasr-visitor-votes-must-sign-in'>Vous devez \u00eatre connect\u00e9 pour voter<\/span><\/div>"},"number_of_votes":0,"sum_votes":0},"_links":{"self":[{"href":"https:\/\/beautysane.com\/be\/wp-json\/wp\/v2\/product\/41627","targetHints":{"allow":["GET"]}}],"collection":[{"href":"https:\/\/beautysane.com\/be\/wp-json\/wp\/v2\/product"}],"about":[{"href":"https:\/\/beautysane.com\/be\/wp-json\/wp\/v2\/types\/product"}],"replies":[{"embeddable":true,"href":"https:\/\/beautysane.com\/be\/wp-json\/wp\/v2\/comments?post=41627"}],"wp:featuredmedia":[{"embeddable":true,"href":"https:\/\/beautysane.com\/be\/wp-json\/wp\/v2\/media\/55206"}],"wp:attachment":[{"href":"https:\/\/beautysane.com\/be\/wp-json\/wp\/v2\/media?parent=41627"}],"wp:term":[{"taxonomy":"product_brand","embeddable":true,"href":"https:\/\/beautysane.com\/be\/wp-json\/wp\/v2\/product_brand?post=41627"},{"taxonomy":"product_cat","embeddable":true,"href":"https:\/\/beautysane.com\/be\/wp-json\/wp\/v2\/product_cat?post=41627"},{"taxonomy":"product_tag","embeddable":true,"href":"https:\/\/beautysane.com\/be\/wp-json\/wp\/v2\/product_tag?post=41627"}],"curies":[{"name":"wp","href":"https:\/\/api.w.org\/{rel}","templated":true}]}}