{"id":4588,"date":"2021-09-07T14:36:01","date_gmt":"2021-09-07T12:36:01","guid":{"rendered":"https:\/\/beautysane.localdev\/boutique\/non%20class\u00e9\/complements-alimentaires-circulation"},"modified":"2026-04-04T11:57:36","modified_gmt":"2026-04-04T09:57:36","slug":"complements-alimentaires-circulation","status":"publish","type":"product","link":"https:\/\/beautysane.com\/be\/boutique\/energy\/energy-care\/complements-alimentaires-circulation","title":{"rendered":"Circulation &#8211; 60 g\u00e9lules"},"content":{"rendered":"<p>Quoi de mieux que des plantes \u00e0 vos pieds ? Le compl\u00e9ment Circulation Beautysan\u00e9 associe <strong>orange am\u00e8re, vitamine C et petit houx<\/strong> qui soutient la circulation veineuse et <strong>soulage les jambes lourdes et fatigu\u00e9es<\/strong>. La vitamine C, quant \u00e0 elle, contribue \u00e0 la formation normale du <strong>collag\u00e8ne<\/strong> pour assurer le<strong> fonctionnement normal des vaisseaux sanguins.<\/strong><\/p>\n","protected":false},"excerpt":{"rendered":"<p>Quoi de mieux que des plantes \u00e0 vos pieds ? Le compl\u00e9ment Circulation Beautysan\u00e9 associe orange am\u00e8re, vitamine C et petit houx qui soutient la circulation veineuse et soulage les jambes lourdes et fatigu\u00e9es. La vitamine C, quant \u00e0 elle, contribue \u00e0 la formation normale du collag\u00e8ne pour assurer le fonctionnement normal des vaisseaux sanguins.<\/p>\n","protected":false},"featured_media":50372,"comment_status":"open","ping_status":"closed","template":"","meta":{"yasr_overall_rating":0,"yasr_post_is_review":"","yasr_auto_insert_disabled":"","yasr_review_type":""},"product_cat":[165,546],"product_tag":[],"acf":[],"yoast_head":"<!-- This site is optimized with the Yoast SEO Premium plugin v17.9 (Yoast SEO v17.9) - https:\/\/yoast.com\/wordpress\/plugins\/seo\/ -->\n<title>Circulation - 60 g\u00e9lules - Beautysan\u00e9 - Belgique<\/title>\n<meta name=\"description\" content=\"Quoi de mieux que des plantes \u00e0 vos pieds ? Le compl\u00e9ment Circulation Beautysan\u00e9 associe orange am\u00e8re, vitamine C et petit houx qui soutient la circulation veineuse et soulage les jambes lourdes et fatigu\u00e9es. La vitamine C, quant \u00e0 elle, contribue \u00e0 la formation normale du collag\u00e8ne pour assurer le fonctionnement normal des vaisseaux sanguins.\" \/>\n<meta name=\"robots\" content=\"index, follow, max-snippet:-1, max-image-preview:large, max-video-preview:-1\" \/>\n<link rel=\"canonical\" href=\"https:\/\/beautysane.com\/be\/boutique\/energy\/energy-care\/complements-alimentaires-circulation\" \/>\n<meta property=\"og:locale\" content=\"fr_FR\" \/>\n<meta property=\"og:type\" content=\"article\" \/>\n<meta property=\"og:title\" content=\"Circulation - 60 g\u00e9lules\" \/>\n<meta property=\"og:description\" content=\"Quoi de mieux que des plantes \u00e0 vos pieds ? Le compl\u00e9ment Circulation Beautysan\u00e9 associe orange am\u00e8re, vitamine C et petit houx qui soutient la circulation veineuse et soulage les jambes lourdes et fatigu\u00e9es. La vitamine C, quant \u00e0 elle, contribue \u00e0 la formation normale du collag\u00e8ne pour assurer le fonctionnement normal des vaisseaux sanguins.\" \/>\n<meta property=\"og:url\" content=\"https:\/\/beautysane.com\/be\/boutique\/energy\/energy-care\/complements-alimentaires-circulation\" \/>\n<meta property=\"og:site_name\" content=\"Beautysan\u00e9 - Belgique\" \/>\n<meta property=\"article:publisher\" content=\"https:\/\/www.facebook.com\/Beautysane\/\" \/>\n<meta property=\"article:modified_time\" content=\"2026-04-04T09:57:36+00:00\" \/>\n<meta property=\"og:image\" content=\"https:\/\/beautysane.ams3.digitaloceanspaces.com\/wp-content\/uploads\/sites\/4\/2021\/09\/30114811\/CA009_BC-1.png\" \/>\n\t<meta property=\"og:image:width\" content=\"600\" \/>\n\t<meta property=\"og:image:height\" content=\"600\" \/>\n\t<meta property=\"og:image:type\" content=\"image\/png\" \/>\n<meta name=\"twitter:card\" content=\"summary_large_image\" \/>\n<meta name=\"twitter:label1\" content=\"Prix\" \/>\n\t<meta name=\"twitter:data1\" content=\"34,06&euro;\" \/>\n\t<meta name=\"twitter:label2\" content=\"Availability\" \/>\n\t<meta name=\"twitter:data2\" content=\"In stock\" \/>\n<script type=\"application\/ld+json\" class=\"yoast-schema-graph\">{\"@context\":\"https:\/\/schema.org\",\"@graph\":[{\"@type\":\"WebSite\",\"@id\":\"https:\/\/beautysane.com\/be\/#website\",\"url\":\"https:\/\/beautysane.com\/be\/\",\"name\":\"Beautysan\\u00e9 - Belgique\",\"description\":\"Feed The Change\",\"potentialAction\":[{\"@type\":\"SearchAction\",\"target\":{\"@type\":\"EntryPoint\",\"urlTemplate\":\"https:\/\/beautysane.com\/be\/?s={search_term_string}\"},\"query-input\":\"required name=search_term_string\"}],\"inLanguage\":\"fr-FR\"},{\"@type\":\"ImageObject\",\"@id\":\"https:\/\/beautysane.com\/be\/boutique\/energy\/energy-care\/complements-alimentaires-circulation#primaryimage\",\"inLanguage\":\"fr-FR\",\"url\":\"https:\/\/beautysane.ams3.digitaloceanspaces.com\/wp-content\/uploads\/sites\/4\/2021\/09\/30114811\/CA009_BC-1.png\",\"contentUrl\":\"https:\/\/beautysane.ams3.digitaloceanspaces.com\/wp-content\/uploads\/sites\/4\/2021\/09\/30114811\/CA009_BC-1.png\",\"width\":600,\"height\":600},{\"@type\":\"WebPage\",\"@id\":\"https:\/\/beautysane.com\/be\/boutique\/energy\/energy-care\/complements-alimentaires-circulation#webpage\",\"url\":\"https:\/\/beautysane.com\/be\/boutique\/energy\/energy-care\/complements-alimentaires-circulation\",\"name\":\"Circulation - 60 g\\u00e9lules - Beautysan\\u00e9 - Belgique\",\"isPartOf\":{\"@id\":\"https:\/\/beautysane.com\/be\/#website\"},\"primaryImageOfPage\":{\"@id\":\"https:\/\/beautysane.com\/be\/boutique\/energy\/energy-care\/complements-alimentaires-circulation#primaryimage\"},\"datePublished\":\"2021-09-07T12:36:01+00:00\",\"dateModified\":\"2026-04-04T09:57:36+00:00\",\"description\":\"Quoi de mieux que des plantes \\u00e0 vos pieds ? Le compl\\u00e9ment Circulation Beautysan\\u00e9 associe orange am\\u00e8re, vitamine C et petit houx qui soutient la circulation veineuse et soulage les jambes lourdes et fatigu\\u00e9es. La vitamine C, quant \\u00e0 elle, contribue \\u00e0 la formation normale du collag\\u00e8ne pour assurer le fonctionnement normal des vaisseaux sanguins.\",\"breadcrumb\":{\"@id\":\"https:\/\/beautysane.com\/be\/boutique\/energy\/energy-care\/complements-alimentaires-circulation#breadcrumb\"},\"inLanguage\":\"fr-FR\",\"potentialAction\":[{\"@type\":\"ReadAction\",\"target\":[\"https:\/\/beautysane.com\/be\/boutique\/energy\/energy-care\/complements-alimentaires-circulation\"]}]},{\"@type\":\"BreadcrumbList\",\"@id\":\"https:\/\/beautysane.com\/be\/boutique\/energy\/energy-care\/complements-alimentaires-circulation#breadcrumb\",\"itemListElement\":[{\"@type\":\"ListItem\",\"position\":1,\"name\":\"Home\",\"item\":\"https:\/\/beautysane.com\/be\"},{\"@type\":\"ListItem\",\"position\":2,\"name\":\"Boutique\",\"item\":\"https:\/\/beautysane.com\/be\/boutique\"},{\"@type\":\"ListItem\",\"position\":3,\"name\":\"Circulation &#8211; 60 g\\u00e9lules\"}]}]}<\/script>\n<meta property=\"product:price:amount\" content=\"34.06\" \/>\n<meta property=\"product:price:currency\" content=\"EUR\" \/>\n<meta property=\"og:availability\" content=\"instock\" \/>\n<meta property=\"product:availability\" content=\"instock\" \/>\n<meta property=\"product:retailer_item_id\" content=\"CA-2021-009-BC\" \/>\n<meta property=\"product:condition\" content=\"new\" \/>\n<!-- \/ Yoast SEO Premium plugin. -->","yoast_head_json":{"title":"Circulation - 60 g\u00e9lules - Beautysan\u00e9 - Belgique","description":"Quoi de mieux que des plantes \u00e0 vos pieds ? Le compl\u00e9ment Circulation Beautysan\u00e9 associe orange am\u00e8re, vitamine C et petit houx qui soutient la circulation veineuse et soulage les jambes lourdes et fatigu\u00e9es. La vitamine C, quant \u00e0 elle, contribue \u00e0 la formation normale du collag\u00e8ne pour assurer le fonctionnement normal des vaisseaux sanguins.","robots":{"index":"index","follow":"follow","max-snippet":"max-snippet:-1","max-image-preview":"max-image-preview:large","max-video-preview":"max-video-preview:-1"},"canonical":"https:\/\/beautysane.com\/be\/boutique\/energy\/energy-care\/complements-alimentaires-circulation","og_locale":"fr_FR","og_type":"article","og_title":"Circulation - 60 g\u00e9lules","og_description":"Quoi de mieux que des plantes \u00e0 vos pieds ? Le compl\u00e9ment Circulation Beautysan\u00e9 associe orange am\u00e8re, vitamine C et petit houx qui soutient la circulation veineuse et soulage les jambes lourdes et fatigu\u00e9es. La vitamine C, quant \u00e0 elle, contribue \u00e0 la formation normale du collag\u00e8ne pour assurer le fonctionnement normal des vaisseaux sanguins.","og_url":"https:\/\/beautysane.com\/be\/boutique\/energy\/energy-care\/complements-alimentaires-circulation","og_site_name":"Beautysan\u00e9 - Belgique","article_publisher":"https:\/\/www.facebook.com\/Beautysane\/","article_modified_time":"2026-04-04T09:57:36+00:00","og_image":[{"width":600,"height":600,"url":"https:\/\/beautysane.ams3.digitaloceanspaces.com\/wp-content\/uploads\/sites\/4\/2021\/09\/30114811\/CA009_BC-1.png","type":"image\/png"}],"twitter_card":"summary_large_image","twitter_misc":{"Prix":"34,06&euro;","Availability":"In stock"},"schema":{"@context":"https:\/\/schema.org","@graph":[{"@type":"WebSite","@id":"https:\/\/beautysane.com\/be\/#website","url":"https:\/\/beautysane.com\/be\/","name":"Beautysan\u00e9 - Belgique","description":"Feed The Change","potentialAction":[{"@type":"SearchAction","target":{"@type":"EntryPoint","urlTemplate":"https:\/\/beautysane.com\/be\/?s={search_term_string}"},"query-input":"required name=search_term_string"}],"inLanguage":"fr-FR"},{"@type":"ImageObject","@id":"https:\/\/beautysane.com\/be\/boutique\/energy\/energy-care\/complements-alimentaires-circulation#primaryimage","inLanguage":"fr-FR","url":"https:\/\/beautysane.ams3.digitaloceanspaces.com\/wp-content\/uploads\/sites\/4\/2021\/09\/30114811\/CA009_BC-1.png","contentUrl":"https:\/\/beautysane.ams3.digitaloceanspaces.com\/wp-content\/uploads\/sites\/4\/2021\/09\/30114811\/CA009_BC-1.png","width":600,"height":600},{"@type":"WebPage","@id":"https:\/\/beautysane.com\/be\/boutique\/energy\/energy-care\/complements-alimentaires-circulation#webpage","url":"https:\/\/beautysane.com\/be\/boutique\/energy\/energy-care\/complements-alimentaires-circulation","name":"Circulation - 60 g\u00e9lules - Beautysan\u00e9 - Belgique","isPartOf":{"@id":"https:\/\/beautysane.com\/be\/#website"},"primaryImageOfPage":{"@id":"https:\/\/beautysane.com\/be\/boutique\/energy\/energy-care\/complements-alimentaires-circulation#primaryimage"},"datePublished":"2021-09-07T12:36:01+00:00","dateModified":"2026-04-04T09:57:36+00:00","description":"Quoi de mieux que des plantes \u00e0 vos pieds ? Le compl\u00e9ment Circulation Beautysan\u00e9 associe orange am\u00e8re, vitamine C et petit houx qui soutient la circulation veineuse et soulage les jambes lourdes et fatigu\u00e9es. La vitamine C, quant \u00e0 elle, contribue \u00e0 la formation normale du collag\u00e8ne pour assurer le fonctionnement normal des vaisseaux sanguins.","breadcrumb":{"@id":"https:\/\/beautysane.com\/be\/boutique\/energy\/energy-care\/complements-alimentaires-circulation#breadcrumb"},"inLanguage":"fr-FR","potentialAction":[{"@type":"ReadAction","target":["https:\/\/beautysane.com\/be\/boutique\/energy\/energy-care\/complements-alimentaires-circulation"]}]},{"@type":"BreadcrumbList","@id":"https:\/\/beautysane.com\/be\/boutique\/energy\/energy-care\/complements-alimentaires-circulation#breadcrumb","itemListElement":[{"@type":"ListItem","position":1,"name":"Home","item":"https:\/\/beautysane.com\/be"},{"@type":"ListItem","position":2,"name":"Boutique","item":"https:\/\/beautysane.com\/be\/boutique"},{"@type":"ListItem","position":3,"name":"Circulation &#8211; 60 g\u00e9lules"}]}]},"product_price_amount":"34.06","product_price_currency":"EUR","og_availability":"instock","product_availability":"instock","product_retailer_item_id":"CA-2021-009-BC","product_condition":"new"},"yasr_visitor_votes":{"stars_attributes":{"read_only":true,"span_bottom":"<div class='yasr-small-block-bold'><span class='yasr-visitor-votes-must-sign-in'>Vous devez \u00eatre connect\u00e9 pour voter<\/span><\/div>"},"number_of_votes":0,"sum_votes":0},"_links":{"self":[{"href":"https:\/\/beautysane.com\/be\/wp-json\/wp\/v2\/product\/4588"}],"collection":[{"href":"https:\/\/beautysane.com\/be\/wp-json\/wp\/v2\/product"}],"about":[{"href":"https:\/\/beautysane.com\/be\/wp-json\/wp\/v2\/types\/product"}],"replies":[{"embeddable":true,"href":"https:\/\/beautysane.com\/be\/wp-json\/wp\/v2\/comments?post=4588"}],"wp:featuredmedia":[{"embeddable":true,"href":"https:\/\/beautysane.com\/be\/wp-json\/wp\/v2\/media\/50372"}],"wp:attachment":[{"href":"https:\/\/beautysane.com\/be\/wp-json\/wp\/v2\/media?parent=4588"}],"wp:term":[{"taxonomy":"product_cat","embeddable":true,"href":"https:\/\/beautysane.com\/be\/wp-json\/wp\/v2\/product_cat?post=4588"},{"taxonomy":"product_tag","embeddable":true,"href":"https:\/\/beautysane.com\/be\/wp-json\/wp\/v2\/product_tag?post=4588"}],"curies":[{"name":"wp","href":"https:\/\/api.w.org\/{rel}","templated":true}]}}