{"id":46203,"date":"2023-01-20T18:53:42","date_gmt":"2023-01-20T17:53:42","guid":{"rendered":"https:\/\/beautysane.com\/be?post_type=product&#038;p=46203"},"modified":"2026-04-04T11:58:57","modified_gmt":"2026-04-04T09:58:57","slug":"veloute-saveur-poulet-aromates-18-repas","status":"publish","type":"product","link":"https:\/\/beautysane.com\/be\/boutique\/energy\/energy-diet\/veloute-saveur-poulet-aromates-18-repas","title":{"rendered":"Repas l\u00e9gers velout\u00e9 saveur poulet &amp; aromates &#8211; 18 repas"},"content":{"rendered":"<p>Une douce saveur d\u2019antan pour le plus grand plaisir des gourmands. Ce velout\u00e9 peut remplacer n\u2019importe quel repas de la journ\u00e9e. Il se consomme tel quel, ou agr\u00e9ment\u00e9 de<strong> l\u00e9gumes de saison, d\u2019\u00e9pices<\/strong>&#8230; Energy Diet saveur Poulet &amp; aromates est un repas l\u00e9ger et \u00e9quilibr\u00e9 qui garantit \u00e0 la fois <strong>plaisir gustatif et apports nutritionnels<\/strong>, pour \u00e9viter toute carence (prot\u00e9ines, lipides, glucides, fibres, omega3, vitamines et min\u00e9raux). Il est <strong>rassasiant, digeste<\/strong> et convient aux personnes qui souhaitent perdre et\/ou contr\u00f4ler leur poids.<\/p>\n<p>Un vrai plus pour les sportifs : Energy Diet saveur Poulet &amp; aromates a \u00e9t\u00e9 d\u00e9velopp\u00e9 et fabriqu\u00e9 conform\u00e9ment aux exigences de l&#8217;<strong>EN 17444 (Norme antidopage) <\/strong>\u00e0 la date de production du lot.<\/p>\n","protected":false},"excerpt":{"rendered":"<p>visible<\/p>\n","protected":false},"featured_media":50225,"comment_status":"open","ping_status":"closed","template":"","meta":{"yasr_overall_rating":0,"yasr_post_is_review":"","yasr_auto_insert_disabled":"","yasr_review_type":""},"product_cat":[546,596],"product_tag":[57,80,58,599,29,30,55],"acf":[],"yoast_head":"<!-- This site is optimized with the Yoast SEO Premium plugin v17.9 (Yoast SEO v17.9) - https:\/\/yoast.com\/wordpress\/plugins\/seo\/ -->\n<title>Repas l\u00e9gers velout\u00e9 saveur poulet &amp; aromates - 18 repas - Beautysan\u00e9 - Belgique<\/title>\n<meta name=\"robots\" content=\"index, follow, max-snippet:-1, max-image-preview:large, max-video-preview:-1\" \/>\n<link rel=\"canonical\" href=\"https:\/\/beautysane.com\/be\/boutique\/energy\/energy-diet\/veloute-saveur-poulet-aromates-18-repas\" \/>\n<meta property=\"og:locale\" content=\"fr_FR\" \/>\n<meta property=\"og:type\" content=\"article\" \/>\n<meta property=\"og:title\" content=\"Repas l\u00e9gers velout\u00e9 saveur poulet &amp; aromates - 18 repas\" \/>\n<meta property=\"og:description\" content=\"visible\" \/>\n<meta property=\"og:url\" content=\"https:\/\/beautysane.com\/be\/boutique\/energy\/energy-diet\/veloute-saveur-poulet-aromates-18-repas\" \/>\n<meta property=\"og:site_name\" content=\"Beautysan\u00e9 - Belgique\" \/>\n<meta property=\"article:publisher\" content=\"https:\/\/www.facebook.com\/Beautysane\/\" \/>\n<meta property=\"article:modified_time\" content=\"2026-04-04T09:58:57+00:00\" \/>\n<meta property=\"og:image\" content=\"https:\/\/beautysane.ams3.digitaloceanspaces.com\/wp-content\/uploads\/sites\/4\/2023\/08\/28154859\/ED007_BM.png\" \/>\n\t<meta property=\"og:image:width\" content=\"600\" \/>\n\t<meta property=\"og:image:height\" content=\"600\" \/>\n\t<meta property=\"og:image:type\" content=\"image\/png\" \/>\n<meta name=\"twitter:card\" content=\"summary_large_image\" \/>\n<meta name=\"twitter:label1\" content=\"Prix\" \/>\n\t<meta name=\"twitter:data1\" content=\"50,14&euro;\" \/>\n\t<meta name=\"twitter:label2\" content=\"Availability\" \/>\n\t<meta name=\"twitter:data2\" content=\"In stock\" \/>\n<script type=\"application\/ld+json\" class=\"yoast-schema-graph\">{\"@context\":\"https:\/\/schema.org\",\"@graph\":[{\"@type\":\"WebSite\",\"@id\":\"https:\/\/beautysane.com\/be\/#website\",\"url\":\"https:\/\/beautysane.com\/be\/\",\"name\":\"Beautysan\\u00e9 - Belgique\",\"description\":\"Feed The Change\",\"potentialAction\":[{\"@type\":\"SearchAction\",\"target\":{\"@type\":\"EntryPoint\",\"urlTemplate\":\"https:\/\/beautysane.com\/be\/?s={search_term_string}\"},\"query-input\":\"required name=search_term_string\"}],\"inLanguage\":\"fr-FR\"},{\"@type\":\"ImageObject\",\"@id\":\"https:\/\/beautysane.com\/be\/boutique\/energy\/energy-diet\/veloute-saveur-poulet-aromates-18-repas#primaryimage\",\"inLanguage\":\"fr-FR\",\"url\":\"https:\/\/beautysane.ams3.digitaloceanspaces.com\/wp-content\/uploads\/sites\/4\/2023\/08\/28154859\/ED007_BM.png\",\"contentUrl\":\"https:\/\/beautysane.ams3.digitaloceanspaces.com\/wp-content\/uploads\/sites\/4\/2023\/08\/28154859\/ED007_BM.png\",\"width\":600,\"height\":600},{\"@type\":\"WebPage\",\"@id\":\"https:\/\/beautysane.com\/be\/boutique\/energy\/energy-diet\/veloute-saveur-poulet-aromates-18-repas#webpage\",\"url\":\"https:\/\/beautysane.com\/be\/boutique\/energy\/energy-diet\/veloute-saveur-poulet-aromates-18-repas\",\"name\":\"Repas l\\u00e9gers velout\\u00e9 saveur poulet &amp; aromates - 18 repas - Beautysan\\u00e9 - Belgique\",\"isPartOf\":{\"@id\":\"https:\/\/beautysane.com\/be\/#website\"},\"primaryImageOfPage\":{\"@id\":\"https:\/\/beautysane.com\/be\/boutique\/energy\/energy-diet\/veloute-saveur-poulet-aromates-18-repas#primaryimage\"},\"datePublished\":\"2023-01-20T17:53:42+00:00\",\"dateModified\":\"2026-04-04T09:58:57+00:00\",\"breadcrumb\":{\"@id\":\"https:\/\/beautysane.com\/be\/boutique\/energy\/energy-diet\/veloute-saveur-poulet-aromates-18-repas#breadcrumb\"},\"inLanguage\":\"fr-FR\",\"potentialAction\":[{\"@type\":\"ReadAction\",\"target\":[\"https:\/\/beautysane.com\/be\/boutique\/energy\/energy-diet\/veloute-saveur-poulet-aromates-18-repas\"]}]},{\"@type\":\"BreadcrumbList\",\"@id\":\"https:\/\/beautysane.com\/be\/boutique\/energy\/energy-diet\/veloute-saveur-poulet-aromates-18-repas#breadcrumb\",\"itemListElement\":[{\"@type\":\"ListItem\",\"position\":1,\"name\":\"Home\",\"item\":\"https:\/\/beautysane.com\/be\"},{\"@type\":\"ListItem\",\"position\":2,\"name\":\"Boutique\",\"item\":\"https:\/\/beautysane.com\/be\/boutique\"},{\"@type\":\"ListItem\",\"position\":3,\"name\":\"Repas l\\u00e9gers velout\\u00e9 saveur poulet &amp; aromates &#8211; 18 repas\"}]}]}<\/script>\n<meta property=\"product:price:amount\" content=\"50.14\" \/>\n<meta property=\"product:price:currency\" content=\"EUR\" \/>\n<meta property=\"og:availability\" content=\"instock\" \/>\n<meta property=\"product:availability\" content=\"instock\" \/>\n<meta property=\"product:retailer_item_id\" content=\"ED-2022-007-BM\" \/>\n<meta property=\"product:condition\" content=\"new\" \/>\n<!-- \/ Yoast SEO Premium plugin. -->","yoast_head_json":{"title":"Repas l\u00e9gers velout\u00e9 saveur poulet &amp; aromates - 18 repas - Beautysan\u00e9 - Belgique","robots":{"index":"index","follow":"follow","max-snippet":"max-snippet:-1","max-image-preview":"max-image-preview:large","max-video-preview":"max-video-preview:-1"},"canonical":"https:\/\/beautysane.com\/be\/boutique\/energy\/energy-diet\/veloute-saveur-poulet-aromates-18-repas","og_locale":"fr_FR","og_type":"article","og_title":"Repas l\u00e9gers velout\u00e9 saveur poulet &amp; aromates - 18 repas","og_description":"visible","og_url":"https:\/\/beautysane.com\/be\/boutique\/energy\/energy-diet\/veloute-saveur-poulet-aromates-18-repas","og_site_name":"Beautysan\u00e9 - Belgique","article_publisher":"https:\/\/www.facebook.com\/Beautysane\/","article_modified_time":"2026-04-04T09:58:57+00:00","og_image":[{"width":600,"height":600,"url":"https:\/\/beautysane.ams3.digitaloceanspaces.com\/wp-content\/uploads\/sites\/4\/2023\/08\/28154859\/ED007_BM.png","type":"image\/png"}],"twitter_card":"summary_large_image","twitter_misc":{"Prix":"50,14&euro;","Availability":"In stock"},"schema":{"@context":"https:\/\/schema.org","@graph":[{"@type":"WebSite","@id":"https:\/\/beautysane.com\/be\/#website","url":"https:\/\/beautysane.com\/be\/","name":"Beautysan\u00e9 - Belgique","description":"Feed The Change","potentialAction":[{"@type":"SearchAction","target":{"@type":"EntryPoint","urlTemplate":"https:\/\/beautysane.com\/be\/?s={search_term_string}"},"query-input":"required name=search_term_string"}],"inLanguage":"fr-FR"},{"@type":"ImageObject","@id":"https:\/\/beautysane.com\/be\/boutique\/energy\/energy-diet\/veloute-saveur-poulet-aromates-18-repas#primaryimage","inLanguage":"fr-FR","url":"https:\/\/beautysane.ams3.digitaloceanspaces.com\/wp-content\/uploads\/sites\/4\/2023\/08\/28154859\/ED007_BM.png","contentUrl":"https:\/\/beautysane.ams3.digitaloceanspaces.com\/wp-content\/uploads\/sites\/4\/2023\/08\/28154859\/ED007_BM.png","width":600,"height":600},{"@type":"WebPage","@id":"https:\/\/beautysane.com\/be\/boutique\/energy\/energy-diet\/veloute-saveur-poulet-aromates-18-repas#webpage","url":"https:\/\/beautysane.com\/be\/boutique\/energy\/energy-diet\/veloute-saveur-poulet-aromates-18-repas","name":"Repas l\u00e9gers velout\u00e9 saveur poulet &amp; aromates - 18 repas - Beautysan\u00e9 - Belgique","isPartOf":{"@id":"https:\/\/beautysane.com\/be\/#website"},"primaryImageOfPage":{"@id":"https:\/\/beautysane.com\/be\/boutique\/energy\/energy-diet\/veloute-saveur-poulet-aromates-18-repas#primaryimage"},"datePublished":"2023-01-20T17:53:42+00:00","dateModified":"2026-04-04T09:58:57+00:00","breadcrumb":{"@id":"https:\/\/beautysane.com\/be\/boutique\/energy\/energy-diet\/veloute-saveur-poulet-aromates-18-repas#breadcrumb"},"inLanguage":"fr-FR","potentialAction":[{"@type":"ReadAction","target":["https:\/\/beautysane.com\/be\/boutique\/energy\/energy-diet\/veloute-saveur-poulet-aromates-18-repas"]}]},{"@type":"BreadcrumbList","@id":"https:\/\/beautysane.com\/be\/boutique\/energy\/energy-diet\/veloute-saveur-poulet-aromates-18-repas#breadcrumb","itemListElement":[{"@type":"ListItem","position":1,"name":"Home","item":"https:\/\/beautysane.com\/be"},{"@type":"ListItem","position":2,"name":"Boutique","item":"https:\/\/beautysane.com\/be\/boutique"},{"@type":"ListItem","position":3,"name":"Repas l\u00e9gers velout\u00e9 saveur poulet &amp; aromates &#8211; 18 repas"}]}]},"product_price_amount":"50.14","product_price_currency":"EUR","og_availability":"instock","product_availability":"instock","product_retailer_item_id":"ED-2022-007-BM","product_condition":"new"},"yasr_visitor_votes":{"stars_attributes":{"read_only":true,"span_bottom":"<div class='yasr-small-block-bold'><span class='yasr-visitor-votes-must-sign-in'>Vous devez \u00eatre connect\u00e9 pour voter<\/span><\/div>"},"number_of_votes":0,"sum_votes":0},"_links":{"self":[{"href":"https:\/\/beautysane.com\/be\/wp-json\/wp\/v2\/product\/46203"}],"collection":[{"href":"https:\/\/beautysane.com\/be\/wp-json\/wp\/v2\/product"}],"about":[{"href":"https:\/\/beautysane.com\/be\/wp-json\/wp\/v2\/types\/product"}],"replies":[{"embeddable":true,"href":"https:\/\/beautysane.com\/be\/wp-json\/wp\/v2\/comments?post=46203"}],"wp:featuredmedia":[{"embeddable":true,"href":"https:\/\/beautysane.com\/be\/wp-json\/wp\/v2\/media\/50225"}],"wp:attachment":[{"href":"https:\/\/beautysane.com\/be\/wp-json\/wp\/v2\/media?parent=46203"}],"wp:term":[{"taxonomy":"product_cat","embeddable":true,"href":"https:\/\/beautysane.com\/be\/wp-json\/wp\/v2\/product_cat?post=46203"},{"taxonomy":"product_tag","embeddable":true,"href":"https:\/\/beautysane.com\/be\/wp-json\/wp\/v2\/product_tag?post=46203"}],"curies":[{"name":"wp","href":"https:\/\/api.w.org\/{rel}","templated":true}]}}