{"id":4648,"date":"2021-09-07T14:36:47","date_gmt":"2021-09-07T12:36:47","guid":{"rendered":"https:\/\/beautysane.localdev\/boutique\/non%20class\u00e9\/harmony-50ml"},"modified":"2026-04-03T22:57:37","modified_gmt":"2026-04-03T20:57:37","slug":"harmony-50ml","status":"publish","type":"product","link":"https:\/\/beautysane.com\/be\/boutique\/energy\/synergies-aromatiques\/harmony-50ml","title":{"rendered":"Harmony &#8211; brume 50ml"},"content":{"rendered":"<p>Assainissante et apaisante, cette synergie aromatique vous enveloppera de ses d\u00e9licieuses senteurs, pour une sensation de bien-\u00eatre et d\u2019harmonie imm\u00e9diate. Compos\u00e9e d\u2019huiles essentielles soigneusement choisies (citron pour ses propri\u00e9t\u00e9s assainissantes, cajeput pour ses propri\u00e9t\u00e9s stimulantes et encens pour ses propri\u00e9t\u00e9s purifiantes et vitalisantes, vaporisez cette brume vers vous, tel un parfum, pour une sensation de bien-\u00eatre instantan\u00e9.<\/p>\n","protected":false},"excerpt":{"rendered":"<p>Assainissante et apaisante, cette synergie aromatique vous enveloppera de ses d\u00e9licieuses senteurs, pour une sensation de bien-\u00eatre et d\u2019harmonie imm\u00e9diate. Compos\u00e9e d\u2019huiles essentielles soigneusement choisies (citron pour ses propri\u00e9t\u00e9s assainissantes, cajeput pour ses propri\u00e9t\u00e9s stimulantes et encens pour ses propri\u00e9t\u00e9s purifiantes et vitalisantes, vaporisez cette brume vers vous, tel un parfum, pour une sensation de [&hellip;]<\/p>\n","protected":false},"featured_media":13378,"comment_status":"open","ping_status":"closed","template":"","meta":{"yasr_overall_rating":0,"yasr_post_is_review":"","yasr_auto_insert_disabled":"","yasr_review_type":""},"product_cat":[79,546],"product_tag":[],"acf":[],"yoast_head":"<!-- This site is optimized with the Yoast SEO Premium plugin v17.9 (Yoast SEO v17.9) - https:\/\/yoast.com\/wordpress\/plugins\/seo\/ -->\n<title>Harmony - brume 50ml - Beautysan\u00e9 - Belgique<\/title>\n<meta name=\"description\" content=\"Assainissante et apaisante, cette synergie aromatique vous enveloppera de ses d\u00e9licieuses senteurs, pour une sensation de bien-\u00eatre et d\u2019harmonie imm\u00e9diate. Compos\u00e9e d\u2019huiles essentielles soigneusement choisies (citron pour ses propri\u00e9t\u00e9s assainissantes, cajeput pour ses propri\u00e9t\u00e9s stimulantes et encens pour ses propri\u00e9t\u00e9s purifiantes et vitalisantes, vaporisez cette brume vers vous, tel un parfum, pour une sensation de bien-\u00eatre instantan\u00e9.\" \/>\n<meta name=\"robots\" content=\"index, follow, max-snippet:-1, max-image-preview:large, max-video-preview:-1\" \/>\n<link rel=\"canonical\" href=\"https:\/\/beautysane.com\/be\/boutique\/energy\/synergies-aromatiques\/harmony-50ml\" \/>\n<meta property=\"og:locale\" content=\"fr_FR\" \/>\n<meta property=\"og:type\" content=\"article\" \/>\n<meta property=\"og:title\" content=\"Harmony - brume 50ml\" \/>\n<meta property=\"og:description\" content=\"Assainissante et apaisante, cette synergie aromatique vous enveloppera de ses d\u00e9licieuses senteurs, pour une sensation de bien-\u00eatre et d\u2019harmonie imm\u00e9diate. Compos\u00e9e d\u2019huiles essentielles soigneusement choisies (citron pour ses propri\u00e9t\u00e9s assainissantes, cajeput pour ses propri\u00e9t\u00e9s stimulantes et encens pour ses propri\u00e9t\u00e9s purifiantes et vitalisantes, vaporisez cette brume vers vous, tel un parfum, pour une sensation de bien-\u00eatre instantan\u00e9.\" \/>\n<meta property=\"og:url\" content=\"https:\/\/beautysane.com\/be\/boutique\/energy\/synergies-aromatiques\/harmony-50ml\" \/>\n<meta property=\"og:site_name\" content=\"Beautysan\u00e9 - Belgique\" \/>\n<meta property=\"article:publisher\" content=\"https:\/\/www.facebook.com\/Beautysane\/\" \/>\n<meta property=\"article:modified_time\" content=\"2026-04-03T20:57:37+00:00\" \/>\n<meta property=\"og:image\" content=\"https:\/\/beautysane.ams3.digitaloceanspaces.com\/wp-content\/uploads\/sites\/4\/2021\/10\/29033731\/HE002_BC.png\" \/>\n\t<meta property=\"og:image:width\" content=\"705\" \/>\n\t<meta property=\"og:image:height\" content=\"705\" \/>\n\t<meta property=\"og:image:type\" content=\"image\/png\" \/>\n<meta name=\"twitter:card\" content=\"summary_large_image\" \/>\n<meta name=\"twitter:label1\" content=\"Prix\" \/>\n\t<meta name=\"twitter:data1\" content=\"31,16&euro;\" \/>\n\t<meta name=\"twitter:label2\" content=\"Availability\" \/>\n\t<meta name=\"twitter:data2\" content=\"Out of stock\" \/>\n<script type=\"application\/ld+json\" class=\"yoast-schema-graph\">{\"@context\":\"https:\/\/schema.org\",\"@graph\":[{\"@type\":\"WebSite\",\"@id\":\"https:\/\/beautysane.com\/be\/#website\",\"url\":\"https:\/\/beautysane.com\/be\/\",\"name\":\"Beautysan\\u00e9 - Belgique\",\"description\":\"Feed The Change\",\"potentialAction\":[{\"@type\":\"SearchAction\",\"target\":{\"@type\":\"EntryPoint\",\"urlTemplate\":\"https:\/\/beautysane.com\/be\/?s={search_term_string}\"},\"query-input\":\"required name=search_term_string\"}],\"inLanguage\":\"fr-FR\"},{\"@type\":\"ImageObject\",\"@id\":\"https:\/\/beautysane.com\/be\/boutique\/energy\/synergies-aromatiques\/harmony-50ml#primaryimage\",\"inLanguage\":\"fr-FR\",\"url\":\"https:\/\/beautysane.ams3.digitaloceanspaces.com\/wp-content\/uploads\/sites\/4\/2021\/10\/29033731\/HE002_BC.png\",\"contentUrl\":\"https:\/\/beautysane.ams3.digitaloceanspaces.com\/wp-content\/uploads\/sites\/4\/2021\/10\/29033731\/HE002_BC.png\",\"width\":705,\"height\":705},{\"@type\":\"WebPage\",\"@id\":\"https:\/\/beautysane.com\/be\/boutique\/energy\/synergies-aromatiques\/harmony-50ml#webpage\",\"url\":\"https:\/\/beautysane.com\/be\/boutique\/energy\/synergies-aromatiques\/harmony-50ml\",\"name\":\"Harmony - brume 50ml - Beautysan\\u00e9 - Belgique\",\"isPartOf\":{\"@id\":\"https:\/\/beautysane.com\/be\/#website\"},\"primaryImageOfPage\":{\"@id\":\"https:\/\/beautysane.com\/be\/boutique\/energy\/synergies-aromatiques\/harmony-50ml#primaryimage\"},\"datePublished\":\"2021-09-07T12:36:47+00:00\",\"dateModified\":\"2026-04-03T20:57:37+00:00\",\"description\":\"Assainissante et apaisante, cette synergie aromatique vous enveloppera de ses d\\u00e9licieuses senteurs, pour une sensation de bien-\\u00eatre et d\\u2019harmonie imm\\u00e9diate. Compos\\u00e9e d\\u2019huiles essentielles soigneusement choisies (citron pour ses propri\\u00e9t\\u00e9s assainissantes, cajeput pour ses propri\\u00e9t\\u00e9s stimulantes et encens pour ses propri\\u00e9t\\u00e9s purifiantes et vitalisantes, vaporisez cette brume vers vous, tel un parfum, pour une sensation de bien-\\u00eatre instantan\\u00e9.\",\"breadcrumb\":{\"@id\":\"https:\/\/beautysane.com\/be\/boutique\/energy\/synergies-aromatiques\/harmony-50ml#breadcrumb\"},\"inLanguage\":\"fr-FR\",\"potentialAction\":[{\"@type\":\"ReadAction\",\"target\":[\"https:\/\/beautysane.com\/be\/boutique\/energy\/synergies-aromatiques\/harmony-50ml\"]}]},{\"@type\":\"BreadcrumbList\",\"@id\":\"https:\/\/beautysane.com\/be\/boutique\/energy\/synergies-aromatiques\/harmony-50ml#breadcrumb\",\"itemListElement\":[{\"@type\":\"ListItem\",\"position\":1,\"name\":\"Home\",\"item\":\"https:\/\/beautysane.com\/be\"},{\"@type\":\"ListItem\",\"position\":2,\"name\":\"Boutique\",\"item\":\"https:\/\/beautysane.com\/be\/boutique\"},{\"@type\":\"ListItem\",\"position\":3,\"name\":\"Harmony &#8211; brume 50ml\"}]}]}<\/script>\n<meta property=\"product:price:amount\" content=\"31.16\" \/>\n<meta property=\"product:price:currency\" content=\"EUR\" \/>\n<meta property=\"og:availability\" content=\"out of stock\" \/>\n<meta property=\"product:availability\" content=\"out of stock\" \/>\n<meta property=\"product:retailer_item_id\" content=\"HE-2021-002-PK\" \/>\n<meta property=\"product:condition\" content=\"new\" \/>\n<!-- \/ Yoast SEO Premium plugin. -->","yoast_head_json":{"title":"Harmony - brume 50ml - Beautysan\u00e9 - Belgique","description":"Assainissante et apaisante, cette synergie aromatique vous enveloppera de ses d\u00e9licieuses senteurs, pour une sensation de bien-\u00eatre et d\u2019harmonie imm\u00e9diate. Compos\u00e9e d\u2019huiles essentielles soigneusement choisies (citron pour ses propri\u00e9t\u00e9s assainissantes, cajeput pour ses propri\u00e9t\u00e9s stimulantes et encens pour ses propri\u00e9t\u00e9s purifiantes et vitalisantes, vaporisez cette brume vers vous, tel un parfum, pour une sensation de bien-\u00eatre instantan\u00e9.","robots":{"index":"index","follow":"follow","max-snippet":"max-snippet:-1","max-image-preview":"max-image-preview:large","max-video-preview":"max-video-preview:-1"},"canonical":"https:\/\/beautysane.com\/be\/boutique\/energy\/synergies-aromatiques\/harmony-50ml","og_locale":"fr_FR","og_type":"article","og_title":"Harmony - brume 50ml","og_description":"Assainissante et apaisante, cette synergie aromatique vous enveloppera de ses d\u00e9licieuses senteurs, pour une sensation de bien-\u00eatre et d\u2019harmonie imm\u00e9diate. Compos\u00e9e d\u2019huiles essentielles soigneusement choisies (citron pour ses propri\u00e9t\u00e9s assainissantes, cajeput pour ses propri\u00e9t\u00e9s stimulantes et encens pour ses propri\u00e9t\u00e9s purifiantes et vitalisantes, vaporisez cette brume vers vous, tel un parfum, pour une sensation de bien-\u00eatre instantan\u00e9.","og_url":"https:\/\/beautysane.com\/be\/boutique\/energy\/synergies-aromatiques\/harmony-50ml","og_site_name":"Beautysan\u00e9 - Belgique","article_publisher":"https:\/\/www.facebook.com\/Beautysane\/","article_modified_time":"2026-04-03T20:57:37+00:00","og_image":[{"width":705,"height":705,"url":"https:\/\/beautysane.ams3.digitaloceanspaces.com\/wp-content\/uploads\/sites\/4\/2021\/10\/29033731\/HE002_BC.png","type":"image\/png"}],"twitter_card":"summary_large_image","twitter_misc":{"Prix":"31,16&euro;","Availability":"Out of stock"},"schema":{"@context":"https:\/\/schema.org","@graph":[{"@type":"WebSite","@id":"https:\/\/beautysane.com\/be\/#website","url":"https:\/\/beautysane.com\/be\/","name":"Beautysan\u00e9 - Belgique","description":"Feed The Change","potentialAction":[{"@type":"SearchAction","target":{"@type":"EntryPoint","urlTemplate":"https:\/\/beautysane.com\/be\/?s={search_term_string}"},"query-input":"required name=search_term_string"}],"inLanguage":"fr-FR"},{"@type":"ImageObject","@id":"https:\/\/beautysane.com\/be\/boutique\/energy\/synergies-aromatiques\/harmony-50ml#primaryimage","inLanguage":"fr-FR","url":"https:\/\/beautysane.ams3.digitaloceanspaces.com\/wp-content\/uploads\/sites\/4\/2021\/10\/29033731\/HE002_BC.png","contentUrl":"https:\/\/beautysane.ams3.digitaloceanspaces.com\/wp-content\/uploads\/sites\/4\/2021\/10\/29033731\/HE002_BC.png","width":705,"height":705},{"@type":"WebPage","@id":"https:\/\/beautysane.com\/be\/boutique\/energy\/synergies-aromatiques\/harmony-50ml#webpage","url":"https:\/\/beautysane.com\/be\/boutique\/energy\/synergies-aromatiques\/harmony-50ml","name":"Harmony - brume 50ml - Beautysan\u00e9 - Belgique","isPartOf":{"@id":"https:\/\/beautysane.com\/be\/#website"},"primaryImageOfPage":{"@id":"https:\/\/beautysane.com\/be\/boutique\/energy\/synergies-aromatiques\/harmony-50ml#primaryimage"},"datePublished":"2021-09-07T12:36:47+00:00","dateModified":"2026-04-03T20:57:37+00:00","description":"Assainissante et apaisante, cette synergie aromatique vous enveloppera de ses d\u00e9licieuses senteurs, pour une sensation de bien-\u00eatre et d\u2019harmonie imm\u00e9diate. Compos\u00e9e d\u2019huiles essentielles soigneusement choisies (citron pour ses propri\u00e9t\u00e9s assainissantes, cajeput pour ses propri\u00e9t\u00e9s stimulantes et encens pour ses propri\u00e9t\u00e9s purifiantes et vitalisantes, vaporisez cette brume vers vous, tel un parfum, pour une sensation de bien-\u00eatre instantan\u00e9.","breadcrumb":{"@id":"https:\/\/beautysane.com\/be\/boutique\/energy\/synergies-aromatiques\/harmony-50ml#breadcrumb"},"inLanguage":"fr-FR","potentialAction":[{"@type":"ReadAction","target":["https:\/\/beautysane.com\/be\/boutique\/energy\/synergies-aromatiques\/harmony-50ml"]}]},{"@type":"BreadcrumbList","@id":"https:\/\/beautysane.com\/be\/boutique\/energy\/synergies-aromatiques\/harmony-50ml#breadcrumb","itemListElement":[{"@type":"ListItem","position":1,"name":"Home","item":"https:\/\/beautysane.com\/be"},{"@type":"ListItem","position":2,"name":"Boutique","item":"https:\/\/beautysane.com\/be\/boutique"},{"@type":"ListItem","position":3,"name":"Harmony &#8211; brume 50ml"}]}]},"product_price_amount":"31.16","product_price_currency":"EUR","og_availability":"out of stock","product_availability":"out of stock","product_retailer_item_id":"HE-2021-002-PK","product_condition":"new"},"yasr_visitor_votes":{"stars_attributes":{"read_only":true,"span_bottom":"<div class='yasr-small-block-bold'><span class='yasr-visitor-votes-must-sign-in'>Vous devez \u00eatre connect\u00e9 pour voter<\/span><\/div>"},"number_of_votes":0,"sum_votes":0},"_links":{"self":[{"href":"https:\/\/beautysane.com\/be\/wp-json\/wp\/v2\/product\/4648"}],"collection":[{"href":"https:\/\/beautysane.com\/be\/wp-json\/wp\/v2\/product"}],"about":[{"href":"https:\/\/beautysane.com\/be\/wp-json\/wp\/v2\/types\/product"}],"replies":[{"embeddable":true,"href":"https:\/\/beautysane.com\/be\/wp-json\/wp\/v2\/comments?post=4648"}],"wp:featuredmedia":[{"embeddable":true,"href":"https:\/\/beautysane.com\/be\/wp-json\/wp\/v2\/media\/13378"}],"wp:attachment":[{"href":"https:\/\/beautysane.com\/be\/wp-json\/wp\/v2\/media?parent=4648"}],"wp:term":[{"taxonomy":"product_cat","embeddable":true,"href":"https:\/\/beautysane.com\/be\/wp-json\/wp\/v2\/product_cat?post=4648"},{"taxonomy":"product_tag","embeddable":true,"href":"https:\/\/beautysane.com\/be\/wp-json\/wp\/v2\/product_tag?post=4648"}],"curies":[{"name":"wp","href":"https:\/\/api.w.org\/{rel}","templated":true}]}}