{"id":4708,"date":"2021-09-07T14:37:39","date_gmt":"2021-09-07T12:37:39","guid":{"rendered":"https:\/\/beautysane.localdev\/boutique\/non%20class\u00e9\/barres-cacahuetes-chocolat-14-barres"},"modified":"2026-04-09T01:53:10","modified_gmt":"2026-04-08T23:53:10","slug":"barres-cacahuetes-chocolat-14-barres","status":"publish","type":"product","link":"https:\/\/beautysane.com\/be\/boutique\/energy\/energy-diet\/barres-cacahuetes-chocolat-14-barres","title":{"rendered":"Barres repas cacahu\u00e8tes &amp; chocolat &#8211; 14 barres"},"content":{"rendered":"<p>Des<strong> barres substituts de repas<\/strong> cacahu\u00e8tes &amp; chocolat, qui garantissent \u00e0 la fois plaisir gustatif et apports nutritionnels garantis. Pauvres en calories, elles conviennent aux personnes qui souhaitent <strong>perdre et\/ou contr\u00f4ler leur poids<\/strong>. D\u00e9couvrez-les dans leur nouvelle recette exclusive encore plus gourmande, plus moelleuse et avec une d\u00e9licieuse pointe de chocolat noir !<\/p>\n","protected":false},"excerpt":{"rendered":"<p>visible<\/p>\n","protected":false},"featured_media":55053,"comment_status":"open","ping_status":"closed","template":"","meta":{"_acf_changed":false,"inline_featured_image":false,"yasr_overall_rating":0,"yasr_post_is_review":"","yasr_auto_insert_disabled":"","yasr_review_type":""},"product_brand":[],"product_cat":[546,596],"product_tag":[27,599,32,55],"class_list":{"0":"post-4708","1":"product","2":"type-product","3":"status-publish","4":"has-post-thumbnail","6":"product_cat-energy","7":"product_cat-energy-diet","8":"product_tag-24-vitamines-et-mineraux","9":"product_tag-riche-en-proteines","10":"product_tag-source-de-fibres","11":"product_tag-veggie","12":"pa_objectifs-energie","13":"pa_objectifs-equilibre-alimentaire","14":"pa_objectifs-perte-de-poids","15":"has-subscription-plans","17":"first","18":"instock","19":"taxable","20":"shipping-taxable","21":"purchasable","22":"product-type-simple"},"acf":[],"yoast_head":"<!-- This site is optimized with the Yoast SEO Premium plugin v27.3 (Yoast SEO v27.3) - https:\/\/yoast.com\/product\/yoast-seo-premium-wordpress\/ -->\n<title>Barres repas cacahu\u00e8tes &amp; chocolat - 14 barres - Beautysan\u00e9 - Belgique<\/title>\n<meta name=\"description\" content=\"Des barres substituts de repas cacahu\u00e8tes &amp; chocolat, qui garantissent \u00e0 la fois plaisir gustatif et apports nutritionnels garantis. Pauvres en calories, elles conviennent aux personnes qui souhaitent perdre et\/ou contr\u00f4ler leur poids. D\u00e9couvrez-les dans leur nouvelle recette exclusive encore plus gourmande, plus moelleuse et avec une d\u00e9licieuse pointe de chocolat noir !\" \/>\n<meta name=\"robots\" content=\"index, follow, max-snippet:-1, max-image-preview:large, max-video-preview:-1\" \/>\n<link rel=\"canonical\" href=\"https:\/\/beautysane.com\/be\/boutique\/energy\/energy-diet\/barres-cacahuetes-chocolat-14-barres\" \/>\n<meta property=\"og:locale\" content=\"fr_FR\" \/>\n<meta property=\"og:type\" content=\"article\" \/>\n<meta property=\"og:title\" content=\"Barres repas cacahu\u00e8tes &amp; chocolat - 14 barres\" \/>\n<meta property=\"og:description\" content=\"Des barres substituts de repas cacahu\u00e8tes &amp; chocolat, qui garantissent \u00e0 la fois plaisir gustatif et apports nutritionnels garantis. Pauvres en calories, elles conviennent aux personnes qui souhaitent perdre et\/ou contr\u00f4ler leur poids. D\u00e9couvrez-les dans leur nouvelle recette exclusive encore plus gourmande, plus moelleuse et avec une d\u00e9licieuse pointe de chocolat noir !\" \/>\n<meta property=\"og:url\" content=\"https:\/\/beautysane.com\/be\/boutique\/energy\/energy-diet\/barres-cacahuetes-chocolat-14-barres\" \/>\n<meta property=\"og:site_name\" content=\"Beautysan\u00e9 - Belgique\" \/>\n<meta property=\"article:publisher\" content=\"https:\/\/www.facebook.com\/Beautysane\/\" \/>\n<meta property=\"article:modified_time\" content=\"2026-04-08T23:53:10+00:00\" \/>\n<meta property=\"og:image\" content=\"https:\/\/beautysane.ams3.digitaloceanspaces.com\/wp-content\/uploads\/sites\/4\/2023\/05\/09155023\/mockup-chococacahuetes-barres.png\" \/>\n\t<meta property=\"og:image:width\" content=\"1200\" \/>\n\t<meta property=\"og:image:height\" content=\"1200\" \/>\n\t<meta property=\"og:image:type\" content=\"image\/png\" \/>\n<meta name=\"twitter:card\" content=\"summary_large_image\" \/>\n<meta name=\"twitter:label1\" content=\"Prix\" \/>\n\t<meta name=\"twitter:data1\" content=\"53,15&euro;\" \/>\n\t<meta name=\"twitter:label2\" content=\"Disponibilit\u00e9\" \/>\n\t<meta name=\"twitter:data2\" content=\"En stock\" \/>\n<script type=\"application\/ld+json\" class=\"yoast-schema-graph\">{\"@context\":\"https:\\\/\\\/schema.org\",\"@graph\":[{\"@type\":\"WebPage\",\"@id\":\"https:\\\/\\\/beautysane.com\\\/be\\\/boutique\\\/energy\\\/energy-diet\\\/barres-cacahuetes-chocolat-14-barres\",\"url\":\"https:\\\/\\\/beautysane.com\\\/be\\\/boutique\\\/energy\\\/energy-diet\\\/barres-cacahuetes-chocolat-14-barres\",\"name\":\"Barres repas cacahu\u00e8tes &amp; chocolat - 14 barres - Beautysan\u00e9 - Belgique\",\"isPartOf\":{\"@id\":\"https:\\\/\\\/beautysane.com\\\/be\\\/#website\"},\"primaryImageOfPage\":{\"@id\":\"https:\\\/\\\/beautysane.com\\\/be\\\/boutique\\\/energy\\\/energy-diet\\\/barres-cacahuetes-chocolat-14-barres#primaryimage\"},\"image\":{\"@id\":\"https:\\\/\\\/beautysane.com\\\/be\\\/boutique\\\/energy\\\/energy-diet\\\/barres-cacahuetes-chocolat-14-barres#primaryimage\"},\"thumbnailUrl\":\"https:\\\/\\\/beautysane.ams3.digitaloceanspaces.com\\\/wp-content\\\/uploads\\\/sites\\\/4\\\/2023\\\/05\\\/09155023\\\/mockup-chococacahuetes-barres.png\",\"datePublished\":\"2021-09-07T12:37:39+00:00\",\"dateModified\":\"2026-04-08T23:53:10+00:00\",\"description\":\"Des barres substituts de repas cacahu\u00e8tes & chocolat, qui garantissent \u00e0 la fois plaisir gustatif et apports nutritionnels garantis. Pauvres en calories, elles conviennent aux personnes qui souhaitent perdre et\\\/ou contr\u00f4ler leur poids. D\u00e9couvrez-les dans leur nouvelle recette exclusive encore plus gourmande, plus moelleuse et avec une d\u00e9licieuse pointe de chocolat noir !\",\"breadcrumb\":{\"@id\":\"https:\\\/\\\/beautysane.com\\\/be\\\/boutique\\\/energy\\\/energy-diet\\\/barres-cacahuetes-chocolat-14-barres#breadcrumb\"},\"inLanguage\":\"fr-FR\",\"potentialAction\":[{\"@type\":\"ReadAction\",\"target\":[\"https:\\\/\\\/beautysane.com\\\/be\\\/boutique\\\/energy\\\/energy-diet\\\/barres-cacahuetes-chocolat-14-barres\"]}]},{\"@type\":\"ImageObject\",\"inLanguage\":\"fr-FR\",\"@id\":\"https:\\\/\\\/beautysane.com\\\/be\\\/boutique\\\/energy\\\/energy-diet\\\/barres-cacahuetes-chocolat-14-barres#primaryimage\",\"url\":\"https:\\\/\\\/beautysane.ams3.digitaloceanspaces.com\\\/wp-content\\\/uploads\\\/sites\\\/4\\\/2023\\\/05\\\/09155023\\\/mockup-chococacahuetes-barres.png\",\"contentUrl\":\"https:\\\/\\\/beautysane.ams3.digitaloceanspaces.com\\\/wp-content\\\/uploads\\\/sites\\\/4\\\/2023\\\/05\\\/09155023\\\/mockup-chococacahuetes-barres.png\",\"width\":1200,\"height\":1200},{\"@type\":\"BreadcrumbList\",\"@id\":\"https:\\\/\\\/beautysane.com\\\/be\\\/boutique\\\/energy\\\/energy-diet\\\/barres-cacahuetes-chocolat-14-barres#breadcrumb\",\"itemListElement\":[{\"@type\":\"ListItem\",\"position\":1,\"name\":\"Home\",\"item\":\"https:\\\/\\\/beautysane.com\\\/be\"},{\"@type\":\"ListItem\",\"position\":2,\"name\":\"Boutique\",\"item\":\"https:\\\/\\\/beautysane.com\\\/be\\\/boutique\"},{\"@type\":\"ListItem\",\"position\":3,\"name\":\"Barres repas cacahu\u00e8tes &amp; chocolat &#8211; 14 barres\"}]},{\"@type\":\"WebSite\",\"@id\":\"https:\\\/\\\/beautysane.com\\\/be\\\/#website\",\"url\":\"https:\\\/\\\/beautysane.com\\\/be\\\/\",\"name\":\"Beautysan\u00e9 - Belgique\",\"description\":\"Feed The Change\",\"potentialAction\":[{\"@type\":\"SearchAction\",\"target\":{\"@type\":\"EntryPoint\",\"urlTemplate\":\"https:\\\/\\\/beautysane.com\\\/be\\\/?s={search_term_string}\"},\"query-input\":{\"@type\":\"PropertyValueSpecification\",\"valueRequired\":true,\"valueName\":\"search_term_string\"}}],\"inLanguage\":\"fr-FR\"},false]}<\/script>\n<meta property=\"product:price:amount\" content=\"53.15\" \/>\n<meta property=\"product:price:currency\" content=\"EUR\" \/>\n<meta property=\"og:availability\" content=\"instock\" \/>\n<meta property=\"product:availability\" content=\"instock\" \/>\n<meta property=\"product:retailer_item_id\" content=\"BK-2021-011-BC\" \/>\n<meta property=\"product:condition\" content=\"new\" \/>\n<!-- \/ Yoast SEO Premium plugin. -->","yoast_head_json":{"title":"Barres repas cacahu\u00e8tes &amp; chocolat - 14 barres - Beautysan\u00e9 - Belgique","description":"Des barres substituts de repas cacahu\u00e8tes & chocolat, qui garantissent \u00e0 la fois plaisir gustatif et apports nutritionnels garantis. Pauvres en calories, elles conviennent aux personnes qui souhaitent perdre et\/ou contr\u00f4ler leur poids. D\u00e9couvrez-les dans leur nouvelle recette exclusive encore plus gourmande, plus moelleuse et avec une d\u00e9licieuse pointe de chocolat noir !","robots":{"index":"index","follow":"follow","max-snippet":"max-snippet:-1","max-image-preview":"max-image-preview:large","max-video-preview":"max-video-preview:-1"},"canonical":"https:\/\/beautysane.com\/be\/boutique\/energy\/energy-diet\/barres-cacahuetes-chocolat-14-barres","og_locale":"fr_FR","og_type":"article","og_title":"Barres repas cacahu\u00e8tes &amp; chocolat - 14 barres","og_description":"Des barres substituts de repas cacahu\u00e8tes & chocolat, qui garantissent \u00e0 la fois plaisir gustatif et apports nutritionnels garantis. Pauvres en calories, elles conviennent aux personnes qui souhaitent perdre et\/ou contr\u00f4ler leur poids. D\u00e9couvrez-les dans leur nouvelle recette exclusive encore plus gourmande, plus moelleuse et avec une d\u00e9licieuse pointe de chocolat noir !","og_url":"https:\/\/beautysane.com\/be\/boutique\/energy\/energy-diet\/barres-cacahuetes-chocolat-14-barres","og_site_name":"Beautysan\u00e9 - Belgique","article_publisher":"https:\/\/www.facebook.com\/Beautysane\/","article_modified_time":"2026-04-08T23:53:10+00:00","og_image":[{"width":1200,"height":1200,"url":"https:\/\/beautysane.ams3.digitaloceanspaces.com\/wp-content\/uploads\/sites\/4\/2023\/05\/09155023\/mockup-chococacahuetes-barres.png","type":"image\/png"}],"twitter_card":"summary_large_image","twitter_misc":{"Prix":"53,15&euro;","Disponibilit\u00e9":"En stock"},"schema":{"@context":"https:\/\/schema.org","@graph":[{"@type":"WebPage","@id":"https:\/\/beautysane.com\/be\/boutique\/energy\/energy-diet\/barres-cacahuetes-chocolat-14-barres","url":"https:\/\/beautysane.com\/be\/boutique\/energy\/energy-diet\/barres-cacahuetes-chocolat-14-barres","name":"Barres repas cacahu\u00e8tes &amp; chocolat - 14 barres - Beautysan\u00e9 - Belgique","isPartOf":{"@id":"https:\/\/beautysane.com\/be\/#website"},"primaryImageOfPage":{"@id":"https:\/\/beautysane.com\/be\/boutique\/energy\/energy-diet\/barres-cacahuetes-chocolat-14-barres#primaryimage"},"image":{"@id":"https:\/\/beautysane.com\/be\/boutique\/energy\/energy-diet\/barres-cacahuetes-chocolat-14-barres#primaryimage"},"thumbnailUrl":"https:\/\/beautysane.ams3.digitaloceanspaces.com\/wp-content\/uploads\/sites\/4\/2023\/05\/09155023\/mockup-chococacahuetes-barres.png","datePublished":"2021-09-07T12:37:39+00:00","dateModified":"2026-04-08T23:53:10+00:00","description":"Des barres substituts de repas cacahu\u00e8tes & chocolat, qui garantissent \u00e0 la fois plaisir gustatif et apports nutritionnels garantis. Pauvres en calories, elles conviennent aux personnes qui souhaitent perdre et\/ou contr\u00f4ler leur poids. D\u00e9couvrez-les dans leur nouvelle recette exclusive encore plus gourmande, plus moelleuse et avec une d\u00e9licieuse pointe de chocolat noir !","breadcrumb":{"@id":"https:\/\/beautysane.com\/be\/boutique\/energy\/energy-diet\/barres-cacahuetes-chocolat-14-barres#breadcrumb"},"inLanguage":"fr-FR","potentialAction":[{"@type":"ReadAction","target":["https:\/\/beautysane.com\/be\/boutique\/energy\/energy-diet\/barres-cacahuetes-chocolat-14-barres"]}]},{"@type":"ImageObject","inLanguage":"fr-FR","@id":"https:\/\/beautysane.com\/be\/boutique\/energy\/energy-diet\/barres-cacahuetes-chocolat-14-barres#primaryimage","url":"https:\/\/beautysane.ams3.digitaloceanspaces.com\/wp-content\/uploads\/sites\/4\/2023\/05\/09155023\/mockup-chococacahuetes-barres.png","contentUrl":"https:\/\/beautysane.ams3.digitaloceanspaces.com\/wp-content\/uploads\/sites\/4\/2023\/05\/09155023\/mockup-chococacahuetes-barres.png","width":1200,"height":1200},{"@type":"BreadcrumbList","@id":"https:\/\/beautysane.com\/be\/boutique\/energy\/energy-diet\/barres-cacahuetes-chocolat-14-barres#breadcrumb","itemListElement":[{"@type":"ListItem","position":1,"name":"Home","item":"https:\/\/beautysane.com\/be"},{"@type":"ListItem","position":2,"name":"Boutique","item":"https:\/\/beautysane.com\/be\/boutique"},{"@type":"ListItem","position":3,"name":"Barres repas cacahu\u00e8tes &amp; chocolat &#8211; 14 barres"}]},{"@type":"WebSite","@id":"https:\/\/beautysane.com\/be\/#website","url":"https:\/\/beautysane.com\/be\/","name":"Beautysan\u00e9 - Belgique","description":"Feed The Change","potentialAction":[{"@type":"SearchAction","target":{"@type":"EntryPoint","urlTemplate":"https:\/\/beautysane.com\/be\/?s={search_term_string}"},"query-input":{"@type":"PropertyValueSpecification","valueRequired":true,"valueName":"search_term_string"}}],"inLanguage":"fr-FR"},false]},"product_price_amount":"53.15","product_price_currency":"EUR","og_availability":"instock","product_availability":"instock","product_retailer_item_id":"BK-2021-011-BC","product_condition":"new"},"yasr_visitor_votes":{"stars_attributes":{"read_only":true,"span_bottom":"<div class='yasr-small-block-bold'><span class='yasr-visitor-votes-must-sign-in'>Vous devez \u00eatre connect\u00e9 pour voter<\/span><\/div>"},"number_of_votes":0,"sum_votes":0},"_links":{"self":[{"href":"https:\/\/beautysane.com\/be\/wp-json\/wp\/v2\/product\/4708","targetHints":{"allow":["GET"]}}],"collection":[{"href":"https:\/\/beautysane.com\/be\/wp-json\/wp\/v2\/product"}],"about":[{"href":"https:\/\/beautysane.com\/be\/wp-json\/wp\/v2\/types\/product"}],"replies":[{"embeddable":true,"href":"https:\/\/beautysane.com\/be\/wp-json\/wp\/v2\/comments?post=4708"}],"wp:featuredmedia":[{"embeddable":true,"href":"https:\/\/beautysane.com\/be\/wp-json\/wp\/v2\/media\/55053"}],"wp:attachment":[{"href":"https:\/\/beautysane.com\/be\/wp-json\/wp\/v2\/media?parent=4708"}],"wp:term":[{"taxonomy":"product_brand","embeddable":true,"href":"https:\/\/beautysane.com\/be\/wp-json\/wp\/v2\/product_brand?post=4708"},{"taxonomy":"product_cat","embeddable":true,"href":"https:\/\/beautysane.com\/be\/wp-json\/wp\/v2\/product_cat?post=4708"},{"taxonomy":"product_tag","embeddable":true,"href":"https:\/\/beautysane.com\/be\/wp-json\/wp\/v2\/product_tag?post=4708"}],"curies":[{"name":"wp","href":"https:\/\/api.w.org\/{rel}","templated":true}]}}