{"id":47824,"date":"2023-04-03T16:06:50","date_gmt":"2023-04-03T14:06:50","guid":{"rendered":"https:\/\/beautysane.com\/be?post_type=product&#038;p=47824"},"modified":"2026-04-09T01:54:23","modified_gmt":"2026-04-08T23:54:23","slug":"soupe-indienne-18-repas","status":"publish","type":"product","link":"https:\/\/beautysane.com\/be\/boutique\/energy\/energy-diet\/soupe-indienne-18-repas","title":{"rendered":"Repas l\u00e9gers soupe indienne &#8211; 18 repas"},"content":{"rendered":"<p>Laissez-vous envo\u00fbter par les <strong>saveurs orientales<\/strong> de la soupe indienne Energy Diet, une d\u00e9licieuse recette aux <strong>notes \u00e9pic\u00e9es de tandoori.<\/strong><br \/>\nElle peut remplacer n\u2019importe quel repas de la journ\u00e9e. Elle se consomme telle quelle, ou agr\u00e9ment\u00e9e de\u00a0<strong>coriandre, de\u00a0l\u00e9gumes, de poulet ou de crevettes<\/strong>&#8230; Energy Diet Soupe indienne est un repas l\u00e9ger et \u00e9quilibr\u00e9 qui garantit \u00e0 la fois<strong> plaisir gustatif et apports nutritionnels,<\/strong> pour \u00e9viter toute carence (prot\u00e9ines, lipides, glucides, fibres, omega3, vitamines et min\u00e9raux). Il est <strong>rassasiant, digeste<\/strong> et convient aux personnes qui souhaitent <strong>perdre et\/ou contr\u00f4ler leur poids.<\/strong><\/p>\n<p>Un vrai plus pour les sportifs : Energy Diet soupe indienne a \u00e9t\u00e9 d\u00e9velopp\u00e9 et fabriqu\u00e9 conform\u00e9ment aux exigences de l&#8217;<strong>EN 17444 (Norme antidopage)<\/strong> \u00e0 la date de production du lot.<\/p>\n","protected":false},"excerpt":{"rendered":"<p>visible<\/p>\n","protected":false},"featured_media":50255,"comment_status":"open","ping_status":"closed","template":"","meta":{"_acf_changed":false,"inline_featured_image":false,"yasr_overall_rating":0,"yasr_post_is_review":"","yasr_auto_insert_disabled":"","yasr_review_type":""},"product_brand":[],"product_cat":[546,596],"product_tag":[57,80,58,599,29,30,55],"class_list":{"0":"post-47824","1":"product","2":"type-product","3":"status-publish","4":"has-post-thumbnail","6":"product_cat-energy","7":"product_cat-energy-diet","8":"product_tag-23-vitamines-et-mineraux","9":"product_tag-boite-recyclable","10":"product_tag-haute-digestibilite-hd","11":"product_tag-riche-en-proteines","12":"product_tag-sans-gluten","13":"product_tag-sans-ogm","14":"product_tag-veggie","15":"pa_objectifs-cuisine-bien-etre","16":"pa_objectifs-energie","17":"pa_objectifs-equilibre-alimentaire","18":"pa_objectifs-perte-de-poids","19":"has-subscription-plans","21":"first","22":"outofstock","23":"taxable","24":"shipping-taxable","25":"purchasable","26":"product-type-simple"},"acf":[],"yoast_head":"<!-- This site is optimized with the Yoast SEO Premium plugin v27.3 (Yoast SEO v27.3) - https:\/\/yoast.com\/product\/yoast-seo-premium-wordpress\/ -->\n<title>Repas l\u00e9gers soupe indienne - 18 repas - Beautysan\u00e9 - Belgique<\/title>\n<meta name=\"description\" content=\"Laissez-vous envo\u00fbter par les saveurs orientales de la soupe indienne ! Energy Diet est un repas l\u00e9ger et \u00e9quilibr\u00e9 fabriqu\u00e9 en France, qui garantit \u00e0 la fois plaisir gustatif et apports nutritionnels, avec 23 vitamines et min\u00e9raux !\" \/>\n<meta name=\"robots\" content=\"index, follow, max-snippet:-1, max-image-preview:large, max-video-preview:-1\" \/>\n<link rel=\"canonical\" href=\"https:\/\/beautysane.com\/be\/boutique\/energy\/energy-diet\/soupe-indienne-18-repas\" \/>\n<meta property=\"og:locale\" content=\"fr_FR\" \/>\n<meta property=\"og:type\" content=\"article\" \/>\n<meta property=\"og:title\" content=\"Repas l\u00e9gers soupe indienne - 18 repas\" \/>\n<meta property=\"og:description\" content=\"Laissez-vous envo\u00fbter par les saveurs orientales de la soupe indienne ! Energy Diet est un repas l\u00e9ger et \u00e9quilibr\u00e9 fabriqu\u00e9 en France, qui garantit \u00e0 la fois plaisir gustatif et apports nutritionnels, avec 23 vitamines et min\u00e9raux !\" \/>\n<meta property=\"og:url\" content=\"https:\/\/beautysane.com\/be\/boutique\/energy\/energy-diet\/soupe-indienne-18-repas\" \/>\n<meta property=\"og:site_name\" content=\"Beautysan\u00e9 - Belgique\" \/>\n<meta property=\"article:publisher\" content=\"https:\/\/www.facebook.com\/Beautysane\/\" \/>\n<meta property=\"article:modified_time\" content=\"2026-04-08T23:54:23+00:00\" \/>\n<meta property=\"og:image\" content=\"https:\/\/beautysane.ams3.digitaloceanspaces.com\/wp-content\/uploads\/sites\/4\/2023\/08\/28154923\/ED033_BM.png\" \/>\n\t<meta property=\"og:image:width\" content=\"600\" \/>\n\t<meta property=\"og:image:height\" content=\"600\" \/>\n\t<meta property=\"og:image:type\" content=\"image\/png\" \/>\n<meta name=\"twitter:card\" content=\"summary_large_image\" \/>\n<meta name=\"twitter:label1\" content=\"Prix\" \/>\n\t<meta name=\"twitter:data1\" content=\"50,14&euro;\" \/>\n\t<meta name=\"twitter:label2\" content=\"Disponibilit\u00e9\" \/>\n\t<meta name=\"twitter:data2\" content=\"Rupture de stock\" \/>\n<script type=\"application\/ld+json\" class=\"yoast-schema-graph\">{\"@context\":\"https:\\\/\\\/schema.org\",\"@graph\":[{\"@type\":\"WebPage\",\"@id\":\"https:\\\/\\\/beautysane.com\\\/be\\\/boutique\\\/energy\\\/energy-diet\\\/soupe-indienne-18-repas\",\"url\":\"https:\\\/\\\/beautysane.com\\\/be\\\/boutique\\\/energy\\\/energy-diet\\\/soupe-indienne-18-repas\",\"name\":\"Repas l\u00e9gers soupe indienne - 18 repas - Beautysan\u00e9 - Belgique\",\"isPartOf\":{\"@id\":\"https:\\\/\\\/beautysane.com\\\/be\\\/#website\"},\"primaryImageOfPage\":{\"@id\":\"https:\\\/\\\/beautysane.com\\\/be\\\/boutique\\\/energy\\\/energy-diet\\\/soupe-indienne-18-repas#primaryimage\"},\"image\":{\"@id\":\"https:\\\/\\\/beautysane.com\\\/be\\\/boutique\\\/energy\\\/energy-diet\\\/soupe-indienne-18-repas#primaryimage\"},\"thumbnailUrl\":\"https:\\\/\\\/beautysane.ams3.digitaloceanspaces.com\\\/wp-content\\\/uploads\\\/sites\\\/4\\\/2023\\\/08\\\/28154923\\\/ED033_BM.png\",\"datePublished\":\"2023-04-03T14:06:50+00:00\",\"dateModified\":\"2026-04-08T23:54:23+00:00\",\"description\":\"Laissez-vous envo\u00fbter par les saveurs orientales de la soupe indienne ! Energy Diet est un repas l\u00e9ger et \u00e9quilibr\u00e9 fabriqu\u00e9 en France, qui garantit \u00e0 la fois plaisir gustatif et apports nutritionnels, avec 23 vitamines et min\u00e9raux !\",\"breadcrumb\":{\"@id\":\"https:\\\/\\\/beautysane.com\\\/be\\\/boutique\\\/energy\\\/energy-diet\\\/soupe-indienne-18-repas#breadcrumb\"},\"inLanguage\":\"fr-FR\",\"potentialAction\":[{\"@type\":\"ReadAction\",\"target\":[\"https:\\\/\\\/beautysane.com\\\/be\\\/boutique\\\/energy\\\/energy-diet\\\/soupe-indienne-18-repas\"]}]},{\"@type\":\"ImageObject\",\"inLanguage\":\"fr-FR\",\"@id\":\"https:\\\/\\\/beautysane.com\\\/be\\\/boutique\\\/energy\\\/energy-diet\\\/soupe-indienne-18-repas#primaryimage\",\"url\":\"https:\\\/\\\/beautysane.ams3.digitaloceanspaces.com\\\/wp-content\\\/uploads\\\/sites\\\/4\\\/2023\\\/08\\\/28154923\\\/ED033_BM.png\",\"contentUrl\":\"https:\\\/\\\/beautysane.ams3.digitaloceanspaces.com\\\/wp-content\\\/uploads\\\/sites\\\/4\\\/2023\\\/08\\\/28154923\\\/ED033_BM.png\",\"width\":600,\"height\":600},{\"@type\":\"BreadcrumbList\",\"@id\":\"https:\\\/\\\/beautysane.com\\\/be\\\/boutique\\\/energy\\\/energy-diet\\\/soupe-indienne-18-repas#breadcrumb\",\"itemListElement\":[{\"@type\":\"ListItem\",\"position\":1,\"name\":\"Home\",\"item\":\"https:\\\/\\\/beautysane.com\\\/be\"},{\"@type\":\"ListItem\",\"position\":2,\"name\":\"Boutique\",\"item\":\"https:\\\/\\\/beautysane.com\\\/be\\\/boutique\"},{\"@type\":\"ListItem\",\"position\":3,\"name\":\"Repas l\u00e9gers soupe indienne &#8211; 18 repas\"}]},{\"@type\":\"WebSite\",\"@id\":\"https:\\\/\\\/beautysane.com\\\/be\\\/#website\",\"url\":\"https:\\\/\\\/beautysane.com\\\/be\\\/\",\"name\":\"Beautysan\u00e9 - Belgique\",\"description\":\"Feed The Change\",\"potentialAction\":[{\"@type\":\"SearchAction\",\"target\":{\"@type\":\"EntryPoint\",\"urlTemplate\":\"https:\\\/\\\/beautysane.com\\\/be\\\/?s={search_term_string}\"},\"query-input\":{\"@type\":\"PropertyValueSpecification\",\"valueRequired\":true,\"valueName\":\"search_term_string\"}}],\"inLanguage\":\"fr-FR\"},false]}<\/script>\n<meta property=\"product:price:amount\" content=\"50.14\" \/>\n<meta property=\"product:price:currency\" content=\"EUR\" \/>\n<meta property=\"og:availability\" content=\"out of stock\" \/>\n<meta property=\"product:availability\" content=\"out of stock\" \/>\n<meta property=\"product:retailer_item_id\" content=\"ED-2022-033-BM\" \/>\n<meta property=\"product:condition\" content=\"new\" \/>\n<!-- \/ Yoast SEO Premium plugin. -->","yoast_head_json":{"title":"Repas l\u00e9gers soupe indienne - 18 repas - Beautysan\u00e9 - Belgique","description":"Laissez-vous envo\u00fbter par les saveurs orientales de la soupe indienne ! Energy Diet est un repas l\u00e9ger et \u00e9quilibr\u00e9 fabriqu\u00e9 en France, qui garantit \u00e0 la fois plaisir gustatif et apports nutritionnels, avec 23 vitamines et min\u00e9raux !","robots":{"index":"index","follow":"follow","max-snippet":"max-snippet:-1","max-image-preview":"max-image-preview:large","max-video-preview":"max-video-preview:-1"},"canonical":"https:\/\/beautysane.com\/be\/boutique\/energy\/energy-diet\/soupe-indienne-18-repas","og_locale":"fr_FR","og_type":"article","og_title":"Repas l\u00e9gers soupe indienne - 18 repas","og_description":"Laissez-vous envo\u00fbter par les saveurs orientales de la soupe indienne ! Energy Diet est un repas l\u00e9ger et \u00e9quilibr\u00e9 fabriqu\u00e9 en France, qui garantit \u00e0 la fois plaisir gustatif et apports nutritionnels, avec 23 vitamines et min\u00e9raux !","og_url":"https:\/\/beautysane.com\/be\/boutique\/energy\/energy-diet\/soupe-indienne-18-repas","og_site_name":"Beautysan\u00e9 - Belgique","article_publisher":"https:\/\/www.facebook.com\/Beautysane\/","article_modified_time":"2026-04-08T23:54:23+00:00","og_image":[{"width":600,"height":600,"url":"https:\/\/beautysane.ams3.digitaloceanspaces.com\/wp-content\/uploads\/sites\/4\/2023\/08\/28154923\/ED033_BM.png","type":"image\/png"}],"twitter_card":"summary_large_image","twitter_misc":{"Prix":"50,14&euro;","Disponibilit\u00e9":"Rupture de stock"},"schema":{"@context":"https:\/\/schema.org","@graph":[{"@type":"WebPage","@id":"https:\/\/beautysane.com\/be\/boutique\/energy\/energy-diet\/soupe-indienne-18-repas","url":"https:\/\/beautysane.com\/be\/boutique\/energy\/energy-diet\/soupe-indienne-18-repas","name":"Repas l\u00e9gers soupe indienne - 18 repas - Beautysan\u00e9 - Belgique","isPartOf":{"@id":"https:\/\/beautysane.com\/be\/#website"},"primaryImageOfPage":{"@id":"https:\/\/beautysane.com\/be\/boutique\/energy\/energy-diet\/soupe-indienne-18-repas#primaryimage"},"image":{"@id":"https:\/\/beautysane.com\/be\/boutique\/energy\/energy-diet\/soupe-indienne-18-repas#primaryimage"},"thumbnailUrl":"https:\/\/beautysane.ams3.digitaloceanspaces.com\/wp-content\/uploads\/sites\/4\/2023\/08\/28154923\/ED033_BM.png","datePublished":"2023-04-03T14:06:50+00:00","dateModified":"2026-04-08T23:54:23+00:00","description":"Laissez-vous envo\u00fbter par les saveurs orientales de la soupe indienne ! Energy Diet est un repas l\u00e9ger et \u00e9quilibr\u00e9 fabriqu\u00e9 en France, qui garantit \u00e0 la fois plaisir gustatif et apports nutritionnels, avec 23 vitamines et min\u00e9raux !","breadcrumb":{"@id":"https:\/\/beautysane.com\/be\/boutique\/energy\/energy-diet\/soupe-indienne-18-repas#breadcrumb"},"inLanguage":"fr-FR","potentialAction":[{"@type":"ReadAction","target":["https:\/\/beautysane.com\/be\/boutique\/energy\/energy-diet\/soupe-indienne-18-repas"]}]},{"@type":"ImageObject","inLanguage":"fr-FR","@id":"https:\/\/beautysane.com\/be\/boutique\/energy\/energy-diet\/soupe-indienne-18-repas#primaryimage","url":"https:\/\/beautysane.ams3.digitaloceanspaces.com\/wp-content\/uploads\/sites\/4\/2023\/08\/28154923\/ED033_BM.png","contentUrl":"https:\/\/beautysane.ams3.digitaloceanspaces.com\/wp-content\/uploads\/sites\/4\/2023\/08\/28154923\/ED033_BM.png","width":600,"height":600},{"@type":"BreadcrumbList","@id":"https:\/\/beautysane.com\/be\/boutique\/energy\/energy-diet\/soupe-indienne-18-repas#breadcrumb","itemListElement":[{"@type":"ListItem","position":1,"name":"Home","item":"https:\/\/beautysane.com\/be"},{"@type":"ListItem","position":2,"name":"Boutique","item":"https:\/\/beautysane.com\/be\/boutique"},{"@type":"ListItem","position":3,"name":"Repas l\u00e9gers soupe indienne &#8211; 18 repas"}]},{"@type":"WebSite","@id":"https:\/\/beautysane.com\/be\/#website","url":"https:\/\/beautysane.com\/be\/","name":"Beautysan\u00e9 - Belgique","description":"Feed The Change","potentialAction":[{"@type":"SearchAction","target":{"@type":"EntryPoint","urlTemplate":"https:\/\/beautysane.com\/be\/?s={search_term_string}"},"query-input":{"@type":"PropertyValueSpecification","valueRequired":true,"valueName":"search_term_string"}}],"inLanguage":"fr-FR"},false]},"product_price_amount":"50.14","product_price_currency":"EUR","og_availability":"out of stock","product_availability":"out of stock","product_retailer_item_id":"ED-2022-033-BM","product_condition":"new"},"yasr_visitor_votes":{"stars_attributes":{"read_only":true,"span_bottom":"<div class='yasr-small-block-bold'><span class='yasr-visitor-votes-must-sign-in'>Vous devez \u00eatre connect\u00e9 pour voter<\/span><\/div>"},"number_of_votes":0,"sum_votes":0},"_links":{"self":[{"href":"https:\/\/beautysane.com\/be\/wp-json\/wp\/v2\/product\/47824","targetHints":{"allow":["GET"]}}],"collection":[{"href":"https:\/\/beautysane.com\/be\/wp-json\/wp\/v2\/product"}],"about":[{"href":"https:\/\/beautysane.com\/be\/wp-json\/wp\/v2\/types\/product"}],"replies":[{"embeddable":true,"href":"https:\/\/beautysane.com\/be\/wp-json\/wp\/v2\/comments?post=47824"}],"wp:featuredmedia":[{"embeddable":true,"href":"https:\/\/beautysane.com\/be\/wp-json\/wp\/v2\/media\/50255"}],"wp:attachment":[{"href":"https:\/\/beautysane.com\/be\/wp-json\/wp\/v2\/media?parent=47824"}],"wp:term":[{"taxonomy":"product_brand","embeddable":true,"href":"https:\/\/beautysane.com\/be\/wp-json\/wp\/v2\/product_brand?post=47824"},{"taxonomy":"product_cat","embeddable":true,"href":"https:\/\/beautysane.com\/be\/wp-json\/wp\/v2\/product_cat?post=47824"},{"taxonomy":"product_tag","embeddable":true,"href":"https:\/\/beautysane.com\/be\/wp-json\/wp\/v2\/product_tag?post=47824"}],"curies":[{"name":"wp","href":"https:\/\/api.w.org\/{rel}","templated":true}]}}