{"id":4893,"date":"2021-09-07T14:40:32","date_gmt":"2021-09-07T12:40:32","guid":{"rendered":"https:\/\/beautysane.localdev\/boutique\/non%20class\u00e9\/complements-alimentaires-vitamine-d-astragale"},"modified":"2026-04-09T01:53:17","modified_gmt":"2026-04-08T23:53:17","slug":"complements-alimentaires-vitamine-d-astragale","status":"publish","type":"product","link":"https:\/\/beautysane.com\/be\/boutique\/energy\/energy-care\/complements-alimentaires-vitamine-d-astragale","title":{"rendered":"Vitamine D3 &amp; Astragale &#8211; 60 g\u00e9lules"},"content":{"rendered":"<p>Prot\u00e9gez-vous des agressions virales saisonni\u00e8res en prenant soin de votre syst\u00e8me immunitaire. Ce compl\u00e9ment alimentaire contient les vitamines <strong>D3, C, A, B6, B9, B12 et du zinc<\/strong>, qui contribuent au <strong>fonctionnement normal du syst\u00e8me immunitaire<\/strong>. Ces micro-nutriments essentiels sont associ\u00e9s \u00e0 l\u2019astragale, plante traditionnellement utilis\u00e9e en m\u00e9decine chinoise pour soutenir le syst\u00e8me immunitaire et les <strong>d\u00e9fenses de l\u2019organisme<\/strong>. Deux g\u00e9lules apportent<strong> 25 \u00b5g<\/strong> de vitamine D3 naturelle soit<strong> 500 %<\/strong> des valeurs nutritionnelles de r\u00e9f\u00e9rence.<\/p>\n","protected":false},"excerpt":{"rendered":"<p>Prot\u00e9gez-vous des agressions virales saisonni\u00e8res en prenant soin de votre syst\u00e8me immunitaire. Ce compl\u00e9ment alimentaire contient les vitamines D3, C, A, B6, B9, B12 et du zinc, qui contribuent au fonctionnement normal du syst\u00e8me immunitaire. Ces micro-nutriments essentiels sont associ\u00e9s \u00e0 l\u2019astragale, plante traditionnellement utilis\u00e9e en m\u00e9decine chinoise pour soutenir le syst\u00e8me immunitaire et les [&hellip;]<\/p>\n","protected":false},"featured_media":50481,"comment_status":"open","ping_status":"closed","template":"","meta":{"_acf_changed":false,"inline_featured_image":false,"yasr_overall_rating":0,"yasr_post_is_review":"","yasr_auto_insert_disabled":"","yasr_review_type":""},"product_brand":[],"product_cat":[165,546],"product_tag":[],"class_list":{"0":"post-4893","1":"product","2":"type-product","3":"status-publish","4":"has-post-thumbnail","6":"product_cat-energy-care","7":"product_cat-energy","8":"pa_objectifs-bien-etre","9":"has-subscription-plans","11":"first","12":"instock","13":"taxable","14":"shipping-taxable","15":"purchasable","16":"product-type-simple"},"acf":[],"yoast_head":"<!-- This site is optimized with the Yoast SEO Premium plugin v27.3 (Yoast SEO v27.3) - https:\/\/yoast.com\/product\/yoast-seo-premium-wordpress\/ -->\n<title>Vitamine D3 &amp; Astragale - 60 g\u00e9lules - Beautysan\u00e9 - Belgique<\/title>\n<meta name=\"robots\" content=\"index, follow, max-snippet:-1, max-image-preview:large, max-video-preview:-1\" \/>\n<link rel=\"canonical\" href=\"https:\/\/beautysane.com\/be\/boutique\/energy\/energy-care\/complements-alimentaires-vitamine-d-astragale\" \/>\n<meta property=\"og:locale\" content=\"fr_FR\" \/>\n<meta property=\"og:type\" content=\"article\" \/>\n<meta property=\"og:title\" content=\"Vitamine D3 &amp; Astragale - 60 g\u00e9lules\" \/>\n<meta property=\"og:description\" content=\"Prot\u00e9gez-vous des agressions virales saisonni\u00e8res en prenant soin de votre syst\u00e8me immunitaire. Ce compl\u00e9ment alimentaire contient les vitamines D3, C, A, B6, B9, B12 et du zinc, qui contribuent au fonctionnement normal du syst\u00e8me immunitaire. Ces micro-nutriments essentiels sont associ\u00e9s \u00e0 l\u2019astragale, plante traditionnellement utilis\u00e9e en m\u00e9decine chinoise pour soutenir le syst\u00e8me immunitaire et les [&hellip;]\" \/>\n<meta property=\"og:url\" content=\"https:\/\/beautysane.com\/be\/boutique\/energy\/energy-care\/complements-alimentaires-vitamine-d-astragale\" \/>\n<meta property=\"og:site_name\" content=\"Beautysan\u00e9 - Belgique\" \/>\n<meta property=\"article:publisher\" content=\"https:\/\/www.facebook.com\/Beautysane\/\" \/>\n<meta property=\"article:modified_time\" content=\"2026-04-08T23:53:17+00:00\" \/>\n<meta property=\"og:image\" content=\"https:\/\/beautysane.ams3.digitaloceanspaces.com\/wp-content\/uploads\/sites\/4\/2021\/09\/06153938\/CA017_BC-1.png\" \/>\n\t<meta property=\"og:image:width\" content=\"600\" \/>\n\t<meta property=\"og:image:height\" content=\"600\" \/>\n\t<meta property=\"og:image:type\" content=\"image\/png\" \/>\n<meta name=\"twitter:card\" content=\"summary_large_image\" \/>\n<meta name=\"twitter:label1\" content=\"Prix\" \/>\n\t<meta name=\"twitter:data1\" content=\"34,06&euro;\" \/>\n\t<meta name=\"twitter:label2\" content=\"Disponibilit\u00e9\" \/>\n\t<meta name=\"twitter:data2\" content=\"En stock\" \/>\n<script type=\"application\/ld+json\" class=\"yoast-schema-graph\">{\"@context\":\"https:\\\/\\\/schema.org\",\"@graph\":[{\"@type\":\"WebPage\",\"@id\":\"https:\\\/\\\/beautysane.com\\\/be\\\/boutique\\\/energy\\\/energy-care\\\/complements-alimentaires-vitamine-d-astragale\",\"url\":\"https:\\\/\\\/beautysane.com\\\/be\\\/boutique\\\/energy\\\/energy-care\\\/complements-alimentaires-vitamine-d-astragale\",\"name\":\"Vitamine D3 &amp; Astragale - 60 g\u00e9lules - Beautysan\u00e9 - Belgique\",\"isPartOf\":{\"@id\":\"https:\\\/\\\/beautysane.com\\\/be\\\/#website\"},\"primaryImageOfPage\":{\"@id\":\"https:\\\/\\\/beautysane.com\\\/be\\\/boutique\\\/energy\\\/energy-care\\\/complements-alimentaires-vitamine-d-astragale#primaryimage\"},\"image\":{\"@id\":\"https:\\\/\\\/beautysane.com\\\/be\\\/boutique\\\/energy\\\/energy-care\\\/complements-alimentaires-vitamine-d-astragale#primaryimage\"},\"thumbnailUrl\":\"https:\\\/\\\/beautysane.ams3.digitaloceanspaces.com\\\/wp-content\\\/uploads\\\/sites\\\/4\\\/2021\\\/09\\\/06153938\\\/CA017_BC-1.png\",\"datePublished\":\"2021-09-07T12:40:32+00:00\",\"dateModified\":\"2026-04-08T23:53:17+00:00\",\"breadcrumb\":{\"@id\":\"https:\\\/\\\/beautysane.com\\\/be\\\/boutique\\\/energy\\\/energy-care\\\/complements-alimentaires-vitamine-d-astragale#breadcrumb\"},\"inLanguage\":\"fr-FR\",\"potentialAction\":[{\"@type\":\"ReadAction\",\"target\":[\"https:\\\/\\\/beautysane.com\\\/be\\\/boutique\\\/energy\\\/energy-care\\\/complements-alimentaires-vitamine-d-astragale\"]}]},{\"@type\":\"ImageObject\",\"inLanguage\":\"fr-FR\",\"@id\":\"https:\\\/\\\/beautysane.com\\\/be\\\/boutique\\\/energy\\\/energy-care\\\/complements-alimentaires-vitamine-d-astragale#primaryimage\",\"url\":\"https:\\\/\\\/beautysane.ams3.digitaloceanspaces.com\\\/wp-content\\\/uploads\\\/sites\\\/4\\\/2021\\\/09\\\/06153938\\\/CA017_BC-1.png\",\"contentUrl\":\"https:\\\/\\\/beautysane.ams3.digitaloceanspaces.com\\\/wp-content\\\/uploads\\\/sites\\\/4\\\/2021\\\/09\\\/06153938\\\/CA017_BC-1.png\",\"width\":600,\"height\":600},{\"@type\":\"BreadcrumbList\",\"@id\":\"https:\\\/\\\/beautysane.com\\\/be\\\/boutique\\\/energy\\\/energy-care\\\/complements-alimentaires-vitamine-d-astragale#breadcrumb\",\"itemListElement\":[{\"@type\":\"ListItem\",\"position\":1,\"name\":\"Home\",\"item\":\"https:\\\/\\\/beautysane.com\\\/be\"},{\"@type\":\"ListItem\",\"position\":2,\"name\":\"Boutique\",\"item\":\"https:\\\/\\\/beautysane.com\\\/be\\\/boutique\"},{\"@type\":\"ListItem\",\"position\":3,\"name\":\"Vitamine D3 &amp; Astragale &#8211; 60 g\u00e9lules\"}]},{\"@type\":\"WebSite\",\"@id\":\"https:\\\/\\\/beautysane.com\\\/be\\\/#website\",\"url\":\"https:\\\/\\\/beautysane.com\\\/be\\\/\",\"name\":\"Beautysan\u00e9 - Belgique\",\"description\":\"Feed The Change\",\"potentialAction\":[{\"@type\":\"SearchAction\",\"target\":{\"@type\":\"EntryPoint\",\"urlTemplate\":\"https:\\\/\\\/beautysane.com\\\/be\\\/?s={search_term_string}\"},\"query-input\":{\"@type\":\"PropertyValueSpecification\",\"valueRequired\":true,\"valueName\":\"search_term_string\"}}],\"inLanguage\":\"fr-FR\"},false]}<\/script>\n<meta property=\"product:price:amount\" content=\"34.06\" \/>\n<meta property=\"product:price:currency\" content=\"EUR\" \/>\n<meta property=\"og:availability\" content=\"instock\" \/>\n<meta property=\"product:availability\" content=\"instock\" \/>\n<meta property=\"product:retailer_item_id\" content=\"CA-2021-017-BC\" \/>\n<meta property=\"product:condition\" content=\"new\" \/>\n<!-- \/ Yoast SEO Premium plugin. -->","yoast_head_json":{"title":"Vitamine D3 &amp; Astragale - 60 g\u00e9lules - Beautysan\u00e9 - Belgique","robots":{"index":"index","follow":"follow","max-snippet":"max-snippet:-1","max-image-preview":"max-image-preview:large","max-video-preview":"max-video-preview:-1"},"canonical":"https:\/\/beautysane.com\/be\/boutique\/energy\/energy-care\/complements-alimentaires-vitamine-d-astragale","og_locale":"fr_FR","og_type":"article","og_title":"Vitamine D3 &amp; Astragale - 60 g\u00e9lules","og_description":"Prot\u00e9gez-vous des agressions virales saisonni\u00e8res en prenant soin de votre syst\u00e8me immunitaire. Ce compl\u00e9ment alimentaire contient les vitamines D3, C, A, B6, B9, B12 et du zinc, qui contribuent au fonctionnement normal du syst\u00e8me immunitaire. Ces micro-nutriments essentiels sont associ\u00e9s \u00e0 l\u2019astragale, plante traditionnellement utilis\u00e9e en m\u00e9decine chinoise pour soutenir le syst\u00e8me immunitaire et les [&hellip;]","og_url":"https:\/\/beautysane.com\/be\/boutique\/energy\/energy-care\/complements-alimentaires-vitamine-d-astragale","og_site_name":"Beautysan\u00e9 - Belgique","article_publisher":"https:\/\/www.facebook.com\/Beautysane\/","article_modified_time":"2026-04-08T23:53:17+00:00","og_image":[{"width":600,"height":600,"url":"https:\/\/beautysane.ams3.digitaloceanspaces.com\/wp-content\/uploads\/sites\/4\/2021\/09\/06153938\/CA017_BC-1.png","type":"image\/png"}],"twitter_card":"summary_large_image","twitter_misc":{"Prix":"34,06&euro;","Disponibilit\u00e9":"En stock"},"schema":{"@context":"https:\/\/schema.org","@graph":[{"@type":"WebPage","@id":"https:\/\/beautysane.com\/be\/boutique\/energy\/energy-care\/complements-alimentaires-vitamine-d-astragale","url":"https:\/\/beautysane.com\/be\/boutique\/energy\/energy-care\/complements-alimentaires-vitamine-d-astragale","name":"Vitamine D3 &amp; Astragale - 60 g\u00e9lules - Beautysan\u00e9 - Belgique","isPartOf":{"@id":"https:\/\/beautysane.com\/be\/#website"},"primaryImageOfPage":{"@id":"https:\/\/beautysane.com\/be\/boutique\/energy\/energy-care\/complements-alimentaires-vitamine-d-astragale#primaryimage"},"image":{"@id":"https:\/\/beautysane.com\/be\/boutique\/energy\/energy-care\/complements-alimentaires-vitamine-d-astragale#primaryimage"},"thumbnailUrl":"https:\/\/beautysane.ams3.digitaloceanspaces.com\/wp-content\/uploads\/sites\/4\/2021\/09\/06153938\/CA017_BC-1.png","datePublished":"2021-09-07T12:40:32+00:00","dateModified":"2026-04-08T23:53:17+00:00","breadcrumb":{"@id":"https:\/\/beautysane.com\/be\/boutique\/energy\/energy-care\/complements-alimentaires-vitamine-d-astragale#breadcrumb"},"inLanguage":"fr-FR","potentialAction":[{"@type":"ReadAction","target":["https:\/\/beautysane.com\/be\/boutique\/energy\/energy-care\/complements-alimentaires-vitamine-d-astragale"]}]},{"@type":"ImageObject","inLanguage":"fr-FR","@id":"https:\/\/beautysane.com\/be\/boutique\/energy\/energy-care\/complements-alimentaires-vitamine-d-astragale#primaryimage","url":"https:\/\/beautysane.ams3.digitaloceanspaces.com\/wp-content\/uploads\/sites\/4\/2021\/09\/06153938\/CA017_BC-1.png","contentUrl":"https:\/\/beautysane.ams3.digitaloceanspaces.com\/wp-content\/uploads\/sites\/4\/2021\/09\/06153938\/CA017_BC-1.png","width":600,"height":600},{"@type":"BreadcrumbList","@id":"https:\/\/beautysane.com\/be\/boutique\/energy\/energy-care\/complements-alimentaires-vitamine-d-astragale#breadcrumb","itemListElement":[{"@type":"ListItem","position":1,"name":"Home","item":"https:\/\/beautysane.com\/be"},{"@type":"ListItem","position":2,"name":"Boutique","item":"https:\/\/beautysane.com\/be\/boutique"},{"@type":"ListItem","position":3,"name":"Vitamine D3 &amp; Astragale &#8211; 60 g\u00e9lules"}]},{"@type":"WebSite","@id":"https:\/\/beautysane.com\/be\/#website","url":"https:\/\/beautysane.com\/be\/","name":"Beautysan\u00e9 - Belgique","description":"Feed The Change","potentialAction":[{"@type":"SearchAction","target":{"@type":"EntryPoint","urlTemplate":"https:\/\/beautysane.com\/be\/?s={search_term_string}"},"query-input":{"@type":"PropertyValueSpecification","valueRequired":true,"valueName":"search_term_string"}}],"inLanguage":"fr-FR"},false]},"product_price_amount":"34.06","product_price_currency":"EUR","og_availability":"instock","product_availability":"instock","product_retailer_item_id":"CA-2021-017-BC","product_condition":"new"},"yasr_visitor_votes":{"stars_attributes":{"read_only":true,"span_bottom":"<div class='yasr-small-block-bold'><span class='yasr-visitor-votes-must-sign-in'>Vous devez \u00eatre connect\u00e9 pour voter<\/span><\/div>"},"number_of_votes":0,"sum_votes":0},"_links":{"self":[{"href":"https:\/\/beautysane.com\/be\/wp-json\/wp\/v2\/product\/4893","targetHints":{"allow":["GET"]}}],"collection":[{"href":"https:\/\/beautysane.com\/be\/wp-json\/wp\/v2\/product"}],"about":[{"href":"https:\/\/beautysane.com\/be\/wp-json\/wp\/v2\/types\/product"}],"replies":[{"embeddable":true,"href":"https:\/\/beautysane.com\/be\/wp-json\/wp\/v2\/comments?post=4893"}],"wp:featuredmedia":[{"embeddable":true,"href":"https:\/\/beautysane.com\/be\/wp-json\/wp\/v2\/media\/50481"}],"wp:attachment":[{"href":"https:\/\/beautysane.com\/be\/wp-json\/wp\/v2\/media?parent=4893"}],"wp:term":[{"taxonomy":"product_brand","embeddable":true,"href":"https:\/\/beautysane.com\/be\/wp-json\/wp\/v2\/product_brand?post=4893"},{"taxonomy":"product_cat","embeddable":true,"href":"https:\/\/beautysane.com\/be\/wp-json\/wp\/v2\/product_cat?post=4893"},{"taxonomy":"product_tag","embeddable":true,"href":"https:\/\/beautysane.com\/be\/wp-json\/wp\/v2\/product_tag?post=4893"}],"curies":[{"name":"wp","href":"https:\/\/api.w.org\/{rel}","templated":true}]}}