{"id":4923,"date":"2021-09-07T14:40:53","date_gmt":"2021-09-07T12:40:53","guid":{"rendered":"https:\/\/beautysane.localdev\/boutique\/non%20class\u00e9\/aides-a-la-vente-shaker-energy-diet-500ml"},"modified":"2026-04-04T11:57:46","modified_gmt":"2026-04-04T09:57:46","slug":"shaker-energy-diet-500ml","status":"publish","type":"product","link":"https:\/\/beautysane.com\/be\/boutique\/energy\/shaker-energy-diet-500ml","title":{"rendered":"Shaker Energy Diet (500ml)"},"content":{"rendered":"<p>Consommez Energy Diet\u00a0 o\u00f9 que vous soyez, gr\u00e2ce au shaker Beautysan\u00e9 !<br \/>\nSon bouchon d\u00e9vissable vous permet de boire facilement et directement au shaker, m\u00eame lorsque vous \u00eates en mouvement.<br \/>\nLa grille int\u00e9gr\u00e9e au couvercle garantit une boisson parfaitement onctueuse et homog\u00e8ne.<br \/>\nLe shaker est en polypropyl\u00e8ne de haute qualit\u00e9, sans BPA et conforme aux r\u00e8glementations alimentaires.<br \/>\nPeu encombrant et r\u00e9sistant, il supporte le lave-vaisselle et le micro-ondes (enlever le bouchon avant de le chauffer).<br \/>\nColoris al\u00e9atoire : bleu, vert, rose, jaune, orange, blanc.<\/p>\n<p>&nbsp;<\/p>\n","protected":false},"excerpt":{"rendered":"<p>visible<\/p>\n","protected":false},"featured_media":15020,"comment_status":"open","ping_status":"closed","template":"","meta":{"yasr_overall_rating":0,"yasr_post_is_review":"","yasr_auto_insert_disabled":"","yasr_review_type":""},"product_cat":[707,546],"product_tag":[93,97,96,95,94],"acf":[],"yoast_head":"<!-- This site is optimized with the Yoast SEO Premium plugin v17.9 (Yoast SEO v17.9) - https:\/\/yoast.com\/wordpress\/plugins\/seo\/ -->\n<title>Shaker Energy Diet (500ml) - Beautysan\u00e9 - Belgique<\/title>\n<meta name=\"robots\" content=\"index, follow, max-snippet:-1, max-image-preview:large, max-video-preview:-1\" \/>\n<link rel=\"canonical\" href=\"https:\/\/beautysane.com\/be\/boutique\/energy\/shaker-energy-diet-500ml\" \/>\n<meta property=\"og:locale\" content=\"fr_FR\" \/>\n<meta property=\"og:type\" content=\"article\" \/>\n<meta property=\"og:title\" content=\"Shaker Energy Diet (500ml)\" \/>\n<meta property=\"og:description\" content=\"visible\" \/>\n<meta property=\"og:url\" content=\"https:\/\/beautysane.com\/be\/boutique\/energy\/shaker-energy-diet-500ml\" \/>\n<meta property=\"og:site_name\" content=\"Beautysan\u00e9 - Belgique\" \/>\n<meta property=\"article:publisher\" content=\"https:\/\/www.facebook.com\/Beautysane\/\" \/>\n<meta property=\"article:modified_time\" content=\"2026-04-04T09:57:46+00:00\" \/>\n<meta property=\"og:image\" content=\"https:\/\/beautysane.ams3.digitaloceanspaces.com\/wp-content\/uploads\/sites\/4\/2021\/09\/29033449\/shaker_vert1.png\" \/>\n\t<meta property=\"og:image:width\" content=\"1200\" \/>\n\t<meta property=\"og:image:height\" content=\"1200\" \/>\n\t<meta property=\"og:image:type\" content=\"image\/png\" \/>\n<meta name=\"twitter:card\" content=\"summary_large_image\" \/>\n<meta name=\"twitter:label1\" content=\"Prix\" \/>\n\t<meta name=\"twitter:data1\" content=\"3,03&euro;\" \/>\n\t<meta name=\"twitter:label2\" content=\"Availability\" \/>\n\t<meta name=\"twitter:data2\" content=\"In stock\" \/>\n<script type=\"application\/ld+json\" class=\"yoast-schema-graph\">{\"@context\":\"https:\/\/schema.org\",\"@graph\":[{\"@type\":\"WebSite\",\"@id\":\"https:\/\/beautysane.com\/be\/#website\",\"url\":\"https:\/\/beautysane.com\/be\/\",\"name\":\"Beautysan\\u00e9 - Belgique\",\"description\":\"Feed The Change\",\"potentialAction\":[{\"@type\":\"SearchAction\",\"target\":{\"@type\":\"EntryPoint\",\"urlTemplate\":\"https:\/\/beautysane.com\/be\/?s={search_term_string}\"},\"query-input\":\"required name=search_term_string\"}],\"inLanguage\":\"fr-FR\"},{\"@type\":\"ImageObject\",\"@id\":\"https:\/\/beautysane.com\/be\/boutique\/energy\/shaker-energy-diet-500ml#primaryimage\",\"inLanguage\":\"fr-FR\",\"url\":\"https:\/\/beautysane.ams3.digitaloceanspaces.com\/wp-content\/uploads\/sites\/4\/2021\/09\/29033449\/shaker_vert1.png\",\"contentUrl\":\"https:\/\/beautysane.ams3.digitaloceanspaces.com\/wp-content\/uploads\/sites\/4\/2021\/09\/29033449\/shaker_vert1.png\",\"width\":1200,\"height\":1200},{\"@type\":\"WebPage\",\"@id\":\"https:\/\/beautysane.com\/be\/boutique\/energy\/shaker-energy-diet-500ml#webpage\",\"url\":\"https:\/\/beautysane.com\/be\/boutique\/energy\/shaker-energy-diet-500ml\",\"name\":\"Shaker Energy Diet (500ml) - Beautysan\\u00e9 - Belgique\",\"isPartOf\":{\"@id\":\"https:\/\/beautysane.com\/be\/#website\"},\"primaryImageOfPage\":{\"@id\":\"https:\/\/beautysane.com\/be\/boutique\/energy\/shaker-energy-diet-500ml#primaryimage\"},\"datePublished\":\"2021-09-07T12:40:53+00:00\",\"dateModified\":\"2026-04-04T09:57:46+00:00\",\"breadcrumb\":{\"@id\":\"https:\/\/beautysane.com\/be\/boutique\/energy\/shaker-energy-diet-500ml#breadcrumb\"},\"inLanguage\":\"fr-FR\",\"potentialAction\":[{\"@type\":\"ReadAction\",\"target\":[\"https:\/\/beautysane.com\/be\/boutique\/energy\/shaker-energy-diet-500ml\"]}]},{\"@type\":\"BreadcrumbList\",\"@id\":\"https:\/\/beautysane.com\/be\/boutique\/energy\/shaker-energy-diet-500ml#breadcrumb\",\"itemListElement\":[{\"@type\":\"ListItem\",\"position\":1,\"name\":\"Home\",\"item\":\"https:\/\/beautysane.com\/be\"},{\"@type\":\"ListItem\",\"position\":2,\"name\":\"Boutique\",\"item\":\"https:\/\/beautysane.com\/be\/boutique\"},{\"@type\":\"ListItem\",\"position\":3,\"name\":\"Shaker Energy Diet (500ml)\"}]}]}<\/script>\n<meta property=\"product:price:amount\" content=\"3.03\" \/>\n<meta property=\"product:price:currency\" content=\"EUR\" \/>\n<meta property=\"og:availability\" content=\"instock\" \/>\n<meta property=\"product:availability\" content=\"instock\" \/>\n<meta property=\"product:retailer_item_id\" content=\"AC003\" \/>\n<meta property=\"product:condition\" content=\"new\" \/>\n<!-- \/ Yoast SEO Premium plugin. -->","yoast_head_json":{"title":"Shaker Energy Diet (500ml) - Beautysan\u00e9 - Belgique","robots":{"index":"index","follow":"follow","max-snippet":"max-snippet:-1","max-image-preview":"max-image-preview:large","max-video-preview":"max-video-preview:-1"},"canonical":"https:\/\/beautysane.com\/be\/boutique\/energy\/shaker-energy-diet-500ml","og_locale":"fr_FR","og_type":"article","og_title":"Shaker Energy Diet (500ml)","og_description":"visible","og_url":"https:\/\/beautysane.com\/be\/boutique\/energy\/shaker-energy-diet-500ml","og_site_name":"Beautysan\u00e9 - Belgique","article_publisher":"https:\/\/www.facebook.com\/Beautysane\/","article_modified_time":"2026-04-04T09:57:46+00:00","og_image":[{"width":1200,"height":1200,"url":"https:\/\/beautysane.ams3.digitaloceanspaces.com\/wp-content\/uploads\/sites\/4\/2021\/09\/29033449\/shaker_vert1.png","type":"image\/png"}],"twitter_card":"summary_large_image","twitter_misc":{"Prix":"3,03&euro;","Availability":"In stock"},"schema":{"@context":"https:\/\/schema.org","@graph":[{"@type":"WebSite","@id":"https:\/\/beautysane.com\/be\/#website","url":"https:\/\/beautysane.com\/be\/","name":"Beautysan\u00e9 - Belgique","description":"Feed The Change","potentialAction":[{"@type":"SearchAction","target":{"@type":"EntryPoint","urlTemplate":"https:\/\/beautysane.com\/be\/?s={search_term_string}"},"query-input":"required name=search_term_string"}],"inLanguage":"fr-FR"},{"@type":"ImageObject","@id":"https:\/\/beautysane.com\/be\/boutique\/energy\/shaker-energy-diet-500ml#primaryimage","inLanguage":"fr-FR","url":"https:\/\/beautysane.ams3.digitaloceanspaces.com\/wp-content\/uploads\/sites\/4\/2021\/09\/29033449\/shaker_vert1.png","contentUrl":"https:\/\/beautysane.ams3.digitaloceanspaces.com\/wp-content\/uploads\/sites\/4\/2021\/09\/29033449\/shaker_vert1.png","width":1200,"height":1200},{"@type":"WebPage","@id":"https:\/\/beautysane.com\/be\/boutique\/energy\/shaker-energy-diet-500ml#webpage","url":"https:\/\/beautysane.com\/be\/boutique\/energy\/shaker-energy-diet-500ml","name":"Shaker Energy Diet (500ml) - Beautysan\u00e9 - Belgique","isPartOf":{"@id":"https:\/\/beautysane.com\/be\/#website"},"primaryImageOfPage":{"@id":"https:\/\/beautysane.com\/be\/boutique\/energy\/shaker-energy-diet-500ml#primaryimage"},"datePublished":"2021-09-07T12:40:53+00:00","dateModified":"2026-04-04T09:57:46+00:00","breadcrumb":{"@id":"https:\/\/beautysane.com\/be\/boutique\/energy\/shaker-energy-diet-500ml#breadcrumb"},"inLanguage":"fr-FR","potentialAction":[{"@type":"ReadAction","target":["https:\/\/beautysane.com\/be\/boutique\/energy\/shaker-energy-diet-500ml"]}]},{"@type":"BreadcrumbList","@id":"https:\/\/beautysane.com\/be\/boutique\/energy\/shaker-energy-diet-500ml#breadcrumb","itemListElement":[{"@type":"ListItem","position":1,"name":"Home","item":"https:\/\/beautysane.com\/be"},{"@type":"ListItem","position":2,"name":"Boutique","item":"https:\/\/beautysane.com\/be\/boutique"},{"@type":"ListItem","position":3,"name":"Shaker Energy Diet (500ml)"}]}]},"product_price_amount":"3.03","product_price_currency":"EUR","og_availability":"instock","product_availability":"instock","product_retailer_item_id":"AC003","product_condition":"new"},"yasr_visitor_votes":{"stars_attributes":{"read_only":true,"span_bottom":"<div class='yasr-small-block-bold'><span class='yasr-visitor-votes-must-sign-in'>Vous devez \u00eatre connect\u00e9 pour voter<\/span><\/div>"},"number_of_votes":0,"sum_votes":0},"_links":{"self":[{"href":"https:\/\/beautysane.com\/be\/wp-json\/wp\/v2\/product\/4923"}],"collection":[{"href":"https:\/\/beautysane.com\/be\/wp-json\/wp\/v2\/product"}],"about":[{"href":"https:\/\/beautysane.com\/be\/wp-json\/wp\/v2\/types\/product"}],"replies":[{"embeddable":true,"href":"https:\/\/beautysane.com\/be\/wp-json\/wp\/v2\/comments?post=4923"}],"wp:featuredmedia":[{"embeddable":true,"href":"https:\/\/beautysane.com\/be\/wp-json\/wp\/v2\/media\/15020"}],"wp:attachment":[{"href":"https:\/\/beautysane.com\/be\/wp-json\/wp\/v2\/media?parent=4923"}],"wp:term":[{"taxonomy":"product_cat","embeddable":true,"href":"https:\/\/beautysane.com\/be\/wp-json\/wp\/v2\/product_cat?post=4923"},{"taxonomy":"product_tag","embeddable":true,"href":"https:\/\/beautysane.com\/be\/wp-json\/wp\/v2\/product_tag?post=4923"}],"curies":[{"name":"wp","href":"https:\/\/api.w.org\/{rel}","templated":true}]}}