{"id":52066,"date":"2024-01-31T10:55:08","date_gmt":"2024-01-31T09:55:08","guid":{"rendered":"https:\/\/beautysane.com\/be?post_type=product&#038;p=52066"},"modified":"2025-11-25T11:06:44","modified_gmt":"2025-11-25T10:06:44","slug":"programme-performance-new","status":"publish","type":"product","link":"https:\/\/beautysane.com\/be\/boutique\/offres\/programme-performance-new","title":{"rendered":"Programme Performance"},"content":{"rendered":"<p><strong>Envie d&#8217;optimiser votre performance et votre r\u00e9cup\u00e9ration ?<br \/>\n<\/strong><\/p>\n<p>En sollicitant davantage son organisme, le sportif a des besoins nutritionnels accrus. Beautysan\u00e9 vous propose une gamme de produits particuli\u00e8rement adapt\u00e9s aux besoins sp\u00e9cifiques des sportifs. Ils permettent de manger sainement au quotidien, \u00a0de se pr\u00e9parer \u00e0 l\u2019effort, de fournir un effort bref ou de longue dur\u00e9e et de favoriser la phase de r\u00e9cup\u00e9ration.<\/p>\n<p><b>Dans ce programme :<\/b><\/p>\n<ul>\n<li>1 repas complet ENERGY PLUS+ au choix &#8211; 10 repas<\/li>\n<li>1 substitut de repas au choix (ENERGY DIET 18 repas ou ASSORTIMENTS sucr\u00e9-sal\u00e9 16 repas ou ENERGY VEGAN boite m\u00e9tal 14 repas ou ENERGY DIET BARRES\u00a0 cacahu\u00e8te chocolat 14 barres)<\/li>\n<li>1 boisson \u00e9nerg\u00e9tique ENERGY EFFORT &#8211; 53 doses<\/li>\n<li>1 boisson \u00e9nergisante ENERGY POWER &#8211; 30 sticks<\/li>\n<li>1 compl\u00e9ment alimentaire ENERGY CARE\u00a0 au choix &#8211; 60 g\u00e9lules<\/li>\n<li>1 collag\u00e8ne marin ENERGY CARE &#8211; 20 doses<\/li>\n<li>1 Phycocyanine ENERGY\u00a0 CARE\u00a0 &#8211; 30 doses<\/li>\n<\/ul>\n<p>&nbsp;<\/p>\n<p>&nbsp;<\/p>\n<p>&nbsp;<\/p>\n","protected":false},"excerpt":{"rendered":"<p>visible<\/p>\n","protected":false},"featured_media":55748,"comment_status":"open","ping_status":"closed","template":"","meta":{"yasr_overall_rating":0,"yasr_post_is_review":"","yasr_auto_insert_disabled":"","yasr_review_type":""},"product_cat":[156,590],"product_tag":[],"acf":[],"yoast_head":"<!-- This site is optimized with the Yoast SEO Premium plugin v17.9 (Yoast SEO v17.9) - https:\/\/yoast.com\/wordpress\/plugins\/seo\/ -->\n<title>Programme Performance - Beautysan\u00e9 - Belgique<\/title>\n<meta name=\"robots\" content=\"index, follow, max-snippet:-1, max-image-preview:large, max-video-preview:-1\" \/>\n<link rel=\"canonical\" href=\"https:\/\/beautysane.com\/be\/boutique\/offres\/programme-performance-new\" \/>\n<meta property=\"og:locale\" content=\"fr_FR\" \/>\n<meta property=\"og:type\" content=\"article\" \/>\n<meta property=\"og:title\" content=\"Programme Performance\" \/>\n<meta property=\"og:description\" content=\"visible\" \/>\n<meta property=\"og:url\" content=\"https:\/\/beautysane.com\/be\/boutique\/offres\/programme-performance-new\" \/>\n<meta property=\"og:site_name\" content=\"Beautysan\u00e9 - Belgique\" \/>\n<meta property=\"article:publisher\" content=\"https:\/\/www.facebook.com\/Beautysane\/\" \/>\n<meta property=\"article:modified_time\" content=\"2025-11-25T10:06:44+00:00\" \/>\n<meta property=\"og:image\" content=\"https:\/\/beautysane.ams3.digitaloceanspaces.com\/wp-content\/uploads\/sites\/4\/2024\/01\/07091335\/Programme-performance-INTER-1-mois-1-1024x1024.png\" \/>\n\t<meta property=\"og:image:width\" content=\"1024\" \/>\n\t<meta property=\"og:image:height\" content=\"1024\" \/>\n\t<meta property=\"og:image:type\" content=\"image\/png\" \/>\n<meta name=\"twitter:card\" content=\"summary_large_image\" \/>\n<meta name=\"twitter:label1\" content=\"Prix\" \/>\n\t<meta name=\"twitter:data1\" content=\"307,74&euro; 289,00&euro;\" \/>\n\t<meta name=\"twitter:label2\" content=\"Availability\" \/>\n\t<meta name=\"twitter:data2\" content=\"In stock\" \/>\n<script type=\"application\/ld+json\" class=\"yoast-schema-graph\">{\"@context\":\"https:\/\/schema.org\",\"@graph\":[{\"@type\":\"WebSite\",\"@id\":\"https:\/\/beautysane.com\/be\/#website\",\"url\":\"https:\/\/beautysane.com\/be\/\",\"name\":\"Beautysan\\u00e9 - Belgique\",\"description\":\"Feed The Change\",\"potentialAction\":[{\"@type\":\"SearchAction\",\"target\":{\"@type\":\"EntryPoint\",\"urlTemplate\":\"https:\/\/beautysane.com\/be\/?s={search_term_string}\"},\"query-input\":\"required name=search_term_string\"}],\"inLanguage\":\"fr-FR\"},{\"@type\":\"ImageObject\",\"@id\":\"https:\/\/beautysane.com\/be\/boutique\/offres\/programme-performance-new#primaryimage\",\"inLanguage\":\"fr-FR\",\"url\":\"https:\/\/beautysane.ams3.digitaloceanspaces.com\/wp-content\/uploads\/sites\/4\/2024\/01\/07091335\/Programme-performance-INTER-1-mois-1.png\",\"contentUrl\":\"https:\/\/beautysane.ams3.digitaloceanspaces.com\/wp-content\/uploads\/sites\/4\/2024\/01\/07091335\/Programme-performance-INTER-1-mois-1.png\",\"width\":6000,\"height\":6000},{\"@type\":\"WebPage\",\"@id\":\"https:\/\/beautysane.com\/be\/boutique\/offres\/programme-performance-new#webpage\",\"url\":\"https:\/\/beautysane.com\/be\/boutique\/offres\/programme-performance-new\",\"name\":\"Programme Performance - Beautysan\\u00e9 - Belgique\",\"isPartOf\":{\"@id\":\"https:\/\/beautysane.com\/be\/#website\"},\"primaryImageOfPage\":{\"@id\":\"https:\/\/beautysane.com\/be\/boutique\/offres\/programme-performance-new#primaryimage\"},\"datePublished\":\"2024-01-31T09:55:08+00:00\",\"dateModified\":\"2025-11-25T10:06:44+00:00\",\"breadcrumb\":{\"@id\":\"https:\/\/beautysane.com\/be\/boutique\/offres\/programme-performance-new#breadcrumb\"},\"inLanguage\":\"fr-FR\",\"potentialAction\":[{\"@type\":\"ReadAction\",\"target\":[\"https:\/\/beautysane.com\/be\/boutique\/offres\/programme-performance-new\"]}]},{\"@type\":\"BreadcrumbList\",\"@id\":\"https:\/\/beautysane.com\/be\/boutique\/offres\/programme-performance-new#breadcrumb\",\"itemListElement\":[{\"@type\":\"ListItem\",\"position\":1,\"name\":\"Home\",\"item\":\"https:\/\/beautysane.com\/be\"},{\"@type\":\"ListItem\",\"position\":2,\"name\":\"Boutique\",\"item\":\"https:\/\/beautysane.com\/be\/boutique\"},{\"@type\":\"ListItem\",\"position\":3,\"name\":\"Programme Performance\"}]}]}<\/script>\n<meta property=\"product:price:amount\" content=\"289.00\" \/>\n<meta property=\"product:price:currency\" content=\"EUR\" \/>\n<meta property=\"og:availability\" content=\"instock\" \/>\n<meta property=\"product:availability\" content=\"instock\" \/>\n<meta property=\"product:retailer_item_id\" content=\"OD-2024-010-PK\" \/>\n<meta property=\"product:condition\" content=\"new\" \/>\n<!-- \/ Yoast SEO Premium plugin. -->","yoast_head_json":{"title":"Programme Performance - Beautysan\u00e9 - Belgique","robots":{"index":"index","follow":"follow","max-snippet":"max-snippet:-1","max-image-preview":"max-image-preview:large","max-video-preview":"max-video-preview:-1"},"canonical":"https:\/\/beautysane.com\/be\/boutique\/offres\/programme-performance-new","og_locale":"fr_FR","og_type":"article","og_title":"Programme Performance","og_description":"visible","og_url":"https:\/\/beautysane.com\/be\/boutique\/offres\/programme-performance-new","og_site_name":"Beautysan\u00e9 - Belgique","article_publisher":"https:\/\/www.facebook.com\/Beautysane\/","article_modified_time":"2025-11-25T10:06:44+00:00","og_image":[{"width":1024,"height":1024,"url":"https:\/\/beautysane.ams3.digitaloceanspaces.com\/wp-content\/uploads\/sites\/4\/2024\/01\/07091335\/Programme-performance-INTER-1-mois-1-1024x1024.png","type":"image\/png"}],"twitter_card":"summary_large_image","twitter_misc":{"Prix":"307,74&euro; 289,00&euro;","Availability":"In stock"},"schema":{"@context":"https:\/\/schema.org","@graph":[{"@type":"WebSite","@id":"https:\/\/beautysane.com\/be\/#website","url":"https:\/\/beautysane.com\/be\/","name":"Beautysan\u00e9 - Belgique","description":"Feed The Change","potentialAction":[{"@type":"SearchAction","target":{"@type":"EntryPoint","urlTemplate":"https:\/\/beautysane.com\/be\/?s={search_term_string}"},"query-input":"required name=search_term_string"}],"inLanguage":"fr-FR"},{"@type":"ImageObject","@id":"https:\/\/beautysane.com\/be\/boutique\/offres\/programme-performance-new#primaryimage","inLanguage":"fr-FR","url":"https:\/\/beautysane.ams3.digitaloceanspaces.com\/wp-content\/uploads\/sites\/4\/2024\/01\/07091335\/Programme-performance-INTER-1-mois-1.png","contentUrl":"https:\/\/beautysane.ams3.digitaloceanspaces.com\/wp-content\/uploads\/sites\/4\/2024\/01\/07091335\/Programme-performance-INTER-1-mois-1.png","width":6000,"height":6000},{"@type":"WebPage","@id":"https:\/\/beautysane.com\/be\/boutique\/offres\/programme-performance-new#webpage","url":"https:\/\/beautysane.com\/be\/boutique\/offres\/programme-performance-new","name":"Programme Performance - Beautysan\u00e9 - Belgique","isPartOf":{"@id":"https:\/\/beautysane.com\/be\/#website"},"primaryImageOfPage":{"@id":"https:\/\/beautysane.com\/be\/boutique\/offres\/programme-performance-new#primaryimage"},"datePublished":"2024-01-31T09:55:08+00:00","dateModified":"2025-11-25T10:06:44+00:00","breadcrumb":{"@id":"https:\/\/beautysane.com\/be\/boutique\/offres\/programme-performance-new#breadcrumb"},"inLanguage":"fr-FR","potentialAction":[{"@type":"ReadAction","target":["https:\/\/beautysane.com\/be\/boutique\/offres\/programme-performance-new"]}]},{"@type":"BreadcrumbList","@id":"https:\/\/beautysane.com\/be\/boutique\/offres\/programme-performance-new#breadcrumb","itemListElement":[{"@type":"ListItem","position":1,"name":"Home","item":"https:\/\/beautysane.com\/be"},{"@type":"ListItem","position":2,"name":"Boutique","item":"https:\/\/beautysane.com\/be\/boutique"},{"@type":"ListItem","position":3,"name":"Programme Performance"}]}]},"product_price_amount":"289.00","product_price_currency":"EUR","og_availability":"instock","product_availability":"instock","product_retailer_item_id":"OD-2024-010-PK","product_condition":"new"},"yasr_visitor_votes":{"stars_attributes":{"read_only":true,"span_bottom":"<div class='yasr-small-block-bold'><span class='yasr-visitor-votes-must-sign-in'>Vous devez \u00eatre connect\u00e9 pour voter<\/span><\/div>"},"number_of_votes":0,"sum_votes":0},"_links":{"self":[{"href":"https:\/\/beautysane.com\/be\/wp-json\/wp\/v2\/product\/52066"}],"collection":[{"href":"https:\/\/beautysane.com\/be\/wp-json\/wp\/v2\/product"}],"about":[{"href":"https:\/\/beautysane.com\/be\/wp-json\/wp\/v2\/types\/product"}],"replies":[{"embeddable":true,"href":"https:\/\/beautysane.com\/be\/wp-json\/wp\/v2\/comments?post=52066"}],"wp:featuredmedia":[{"embeddable":true,"href":"https:\/\/beautysane.com\/be\/wp-json\/wp\/v2\/media\/55748"}],"wp:attachment":[{"href":"https:\/\/beautysane.com\/be\/wp-json\/wp\/v2\/media?parent=52066"}],"wp:term":[{"taxonomy":"product_cat","embeddable":true,"href":"https:\/\/beautysane.com\/be\/wp-json\/wp\/v2\/product_cat?post=52066"},{"taxonomy":"product_tag","embeddable":true,"href":"https:\/\/beautysane.com\/be\/wp-json\/wp\/v2\/product_tag?post=52066"}],"curies":[{"name":"wp","href":"https:\/\/api.w.org\/{rel}","templated":true}]}}