{"id":53356,"date":"2024-07-02T20:32:32","date_gmt":"2024-07-02T18:32:32","guid":{"rendered":"https:\/\/beautysane.com\/be?post_type=product&#038;p=53356"},"modified":"2024-07-02T20:32:33","modified_gmt":"2024-07-02T18:32:33","slug":"sweat","status":"publish","type":"product","link":"https:\/\/beautysane.com\/be\/boutique\/boutique-fan\/vetements\/sweat","title":{"rendered":"Sweat"},"content":{"rendered":"<p><span data-sheets-root=\"1\" data-sheets-value=\"{&quot;1&quot;:2,&quot;2&quot;:&quot;Sweat Unisexe\\n\\n280 g\/m\u00b2\\n80% Coton, pr\u00e9-r\u00e9tr\u00e9ci et ring-spun, 20% polyester\\nCol, manchettes et ourlet \u00e0 bord-c\u00f4te\\nCoutures lat\u00e9rales\\nCoupe droite\\nPersonnalisation Broderie&quot;}\" data-sheets-userformat=\"{&quot;2&quot;:769,&quot;3&quot;:{&quot;1&quot;:0},&quot;11&quot;:4,&quot;12&quot;:0}\">Sweat Unisexe<\/span><\/p>\n<p>280 g\/m\u00b2<br \/>\n80% Coton, pr\u00e9-r\u00e9tr\u00e9ci et ring-spun, 20% polyester<br \/>\nCol, manchettes et ourlet \u00e0 bord-c\u00f4te<br \/>\nCoutures lat\u00e9rales<br \/>\nCoupe droite<br \/>\nPersonnalisation Broderie<\/p>\n","protected":false},"excerpt":{"rendered":"<p>Sweat Unisexe 280 g\/m\u00b2 80% Coton, pr\u00e9-r\u00e9tr\u00e9ci et ring-spun, 20% polyester Col, manchettes et ourlet \u00e0 bord-c\u00f4te Coutures lat\u00e9rales Coupe droite Personnalisation Broderie<\/p>\n","protected":false},"featured_media":53585,"comment_status":"open","ping_status":"closed","template":"","meta":{"_acf_changed":false,"inline_featured_image":false,"yasr_overall_rating":0,"yasr_post_is_review":"","yasr_auto_insert_disabled":"","yasr_review_type":""},"product_brand":[],"product_cat":[718,720],"product_tag":[],"class_list":{"0":"post-53356","1":"product","2":"type-product","3":"status-publish","4":"has-post-thumbnail","6":"product_cat-boutique-fan","7":"product_cat-vetements","8":"product_shipping_class-boutique-fan","9":"has-subscription-plans","11":"first","12":"instock","13":"taxable","14":"shipping-taxable","15":"purchasable","16":"product-type-variable"},"acf":[],"yoast_head":"<!-- This site is optimized with the Yoast SEO Premium plugin v27.3 (Yoast SEO v27.3) - https:\/\/yoast.com\/product\/yoast-seo-premium-wordpress\/ -->\n<title>Sweat - Beautysan\u00e9 - Belgique<\/title>\n<meta name=\"robots\" content=\"index, follow, max-snippet:-1, max-image-preview:large, max-video-preview:-1\" \/>\n<link rel=\"canonical\" href=\"https:\/\/beautysane.com\/be\/boutique\/boutique-fan\/vetements\/sweat\" \/>\n<meta property=\"og:locale\" content=\"fr_FR\" \/>\n<meta property=\"og:type\" content=\"article\" \/>\n<meta property=\"og:title\" content=\"Sweat\" \/>\n<meta property=\"og:description\" content=\"Sweat Unisexe 280 g\/m\u00b2 80% Coton, pr\u00e9-r\u00e9tr\u00e9ci et ring-spun, 20% polyester Col, manchettes et ourlet \u00e0 bord-c\u00f4te Coutures lat\u00e9rales Coupe droite Personnalisation Broderie\" \/>\n<meta property=\"og:url\" content=\"https:\/\/beautysane.com\/be\/boutique\/boutique-fan\/vetements\/sweat\" \/>\n<meta property=\"og:site_name\" content=\"Beautysan\u00e9 - Belgique\" \/>\n<meta property=\"article:publisher\" content=\"https:\/\/www.facebook.com\/Beautysane\/\" \/>\n<meta property=\"article:modified_time\" content=\"2024-07-02T18:32:33+00:00\" \/>\n<meta property=\"og:image\" content=\"https:\/\/beautysane.ams3.digitaloceanspaces.com\/wp-content\/uploads\/sites\/4\/2024\/06\/24163217\/ACX-24-006-BL_sweat.png\" \/>\n\t<meta property=\"og:image:width\" content=\"628\" \/>\n\t<meta property=\"og:image:height\" content=\"800\" \/>\n\t<meta property=\"og:image:type\" content=\"image\/png\" \/>\n<meta name=\"twitter:card\" content=\"summary_large_image\" \/>\n<meta name=\"twitter:label1\" content=\"Disponibilit\u00e9\" \/>\n\t<meta name=\"twitter:data1\" content=\"En stock\" \/>\n<script type=\"application\/ld+json\" class=\"yoast-schema-graph\">{\"@context\":\"https:\\\/\\\/schema.org\",\"@graph\":[{\"@type\":\"WebPage\",\"@id\":\"https:\\\/\\\/beautysane.com\\\/be\\\/boutique\\\/boutique-fan\\\/vetements\\\/sweat\",\"url\":\"https:\\\/\\\/beautysane.com\\\/be\\\/boutique\\\/boutique-fan\\\/vetements\\\/sweat\",\"name\":\"Sweat - Beautysan\u00e9 - Belgique\",\"isPartOf\":{\"@id\":\"https:\\\/\\\/beautysane.com\\\/be\\\/#website\"},\"primaryImageOfPage\":{\"@id\":\"https:\\\/\\\/beautysane.com\\\/be\\\/boutique\\\/boutique-fan\\\/vetements\\\/sweat#primaryimage\"},\"image\":{\"@id\":\"https:\\\/\\\/beautysane.com\\\/be\\\/boutique\\\/boutique-fan\\\/vetements\\\/sweat#primaryimage\"},\"thumbnailUrl\":\"https:\\\/\\\/beautysane.ams3.digitaloceanspaces.com\\\/wp-content\\\/uploads\\\/sites\\\/4\\\/2024\\\/06\\\/24163217\\\/ACX-24-006-BL_sweat.png\",\"datePublished\":\"2024-07-02T18:32:32+00:00\",\"dateModified\":\"2024-07-02T18:32:33+00:00\",\"breadcrumb\":{\"@id\":\"https:\\\/\\\/beautysane.com\\\/be\\\/boutique\\\/boutique-fan\\\/vetements\\\/sweat#breadcrumb\"},\"inLanguage\":\"fr-FR\",\"potentialAction\":[{\"@type\":\"ReadAction\",\"target\":[\"https:\\\/\\\/beautysane.com\\\/be\\\/boutique\\\/boutique-fan\\\/vetements\\\/sweat\"]}]},{\"@type\":\"ImageObject\",\"inLanguage\":\"fr-FR\",\"@id\":\"https:\\\/\\\/beautysane.com\\\/be\\\/boutique\\\/boutique-fan\\\/vetements\\\/sweat#primaryimage\",\"url\":\"https:\\\/\\\/beautysane.ams3.digitaloceanspaces.com\\\/wp-content\\\/uploads\\\/sites\\\/4\\\/2024\\\/06\\\/24163217\\\/ACX-24-006-BL_sweat.png\",\"contentUrl\":\"https:\\\/\\\/beautysane.ams3.digitaloceanspaces.com\\\/wp-content\\\/uploads\\\/sites\\\/4\\\/2024\\\/06\\\/24163217\\\/ACX-24-006-BL_sweat.png\",\"width\":628,\"height\":800},{\"@type\":\"BreadcrumbList\",\"@id\":\"https:\\\/\\\/beautysane.com\\\/be\\\/boutique\\\/boutique-fan\\\/vetements\\\/sweat#breadcrumb\",\"itemListElement\":[{\"@type\":\"ListItem\",\"position\":1,\"name\":\"Home\",\"item\":\"https:\\\/\\\/beautysane.com\\\/be\"},{\"@type\":\"ListItem\",\"position\":2,\"name\":\"Boutique\",\"item\":\"https:\\\/\\\/beautysane.com\\\/be\\\/boutique\"},{\"@type\":\"ListItem\",\"position\":3,\"name\":\"Sweat\"}]},{\"@type\":\"WebSite\",\"@id\":\"https:\\\/\\\/beautysane.com\\\/be\\\/#website\",\"url\":\"https:\\\/\\\/beautysane.com\\\/be\\\/\",\"name\":\"Beautysan\u00e9 - Belgique\",\"description\":\"Feed The Change\",\"potentialAction\":[{\"@type\":\"SearchAction\",\"target\":{\"@type\":\"EntryPoint\",\"urlTemplate\":\"https:\\\/\\\/beautysane.com\\\/be\\\/?s={search_term_string}\"},\"query-input\":{\"@type\":\"PropertyValueSpecification\",\"valueRequired\":true,\"valueName\":\"search_term_string\"}}],\"inLanguage\":\"fr-FR\"},false]}<\/script>\n<meta property=\"og:availability\" content=\"instock\" \/>\n<meta property=\"product:availability\" content=\"instock\" \/>\n<meta property=\"product:retailer_item_id\" content=\"ACX-24-006\" \/>\n<meta property=\"product:condition\" content=\"new\" \/>\n<!-- \/ Yoast SEO Premium plugin. -->","yoast_head_json":{"title":"Sweat - Beautysan\u00e9 - Belgique","robots":{"index":"index","follow":"follow","max-snippet":"max-snippet:-1","max-image-preview":"max-image-preview:large","max-video-preview":"max-video-preview:-1"},"canonical":"https:\/\/beautysane.com\/be\/boutique\/boutique-fan\/vetements\/sweat","og_locale":"fr_FR","og_type":"article","og_title":"Sweat","og_description":"Sweat Unisexe 280 g\/m\u00b2 80% Coton, pr\u00e9-r\u00e9tr\u00e9ci et ring-spun, 20% polyester Col, manchettes et ourlet \u00e0 bord-c\u00f4te Coutures lat\u00e9rales Coupe droite Personnalisation Broderie","og_url":"https:\/\/beautysane.com\/be\/boutique\/boutique-fan\/vetements\/sweat","og_site_name":"Beautysan\u00e9 - Belgique","article_publisher":"https:\/\/www.facebook.com\/Beautysane\/","article_modified_time":"2024-07-02T18:32:33+00:00","og_image":[{"width":628,"height":800,"url":"https:\/\/beautysane.ams3.digitaloceanspaces.com\/wp-content\/uploads\/sites\/4\/2024\/06\/24163217\/ACX-24-006-BL_sweat.png","type":"image\/png"}],"twitter_card":"summary_large_image","twitter_misc":{"Disponibilit\u00e9":"En stock"},"schema":{"@context":"https:\/\/schema.org","@graph":[{"@type":"WebPage","@id":"https:\/\/beautysane.com\/be\/boutique\/boutique-fan\/vetements\/sweat","url":"https:\/\/beautysane.com\/be\/boutique\/boutique-fan\/vetements\/sweat","name":"Sweat - Beautysan\u00e9 - Belgique","isPartOf":{"@id":"https:\/\/beautysane.com\/be\/#website"},"primaryImageOfPage":{"@id":"https:\/\/beautysane.com\/be\/boutique\/boutique-fan\/vetements\/sweat#primaryimage"},"image":{"@id":"https:\/\/beautysane.com\/be\/boutique\/boutique-fan\/vetements\/sweat#primaryimage"},"thumbnailUrl":"https:\/\/beautysane.ams3.digitaloceanspaces.com\/wp-content\/uploads\/sites\/4\/2024\/06\/24163217\/ACX-24-006-BL_sweat.png","datePublished":"2024-07-02T18:32:32+00:00","dateModified":"2024-07-02T18:32:33+00:00","breadcrumb":{"@id":"https:\/\/beautysane.com\/be\/boutique\/boutique-fan\/vetements\/sweat#breadcrumb"},"inLanguage":"fr-FR","potentialAction":[{"@type":"ReadAction","target":["https:\/\/beautysane.com\/be\/boutique\/boutique-fan\/vetements\/sweat"]}]},{"@type":"ImageObject","inLanguage":"fr-FR","@id":"https:\/\/beautysane.com\/be\/boutique\/boutique-fan\/vetements\/sweat#primaryimage","url":"https:\/\/beautysane.ams3.digitaloceanspaces.com\/wp-content\/uploads\/sites\/4\/2024\/06\/24163217\/ACX-24-006-BL_sweat.png","contentUrl":"https:\/\/beautysane.ams3.digitaloceanspaces.com\/wp-content\/uploads\/sites\/4\/2024\/06\/24163217\/ACX-24-006-BL_sweat.png","width":628,"height":800},{"@type":"BreadcrumbList","@id":"https:\/\/beautysane.com\/be\/boutique\/boutique-fan\/vetements\/sweat#breadcrumb","itemListElement":[{"@type":"ListItem","position":1,"name":"Home","item":"https:\/\/beautysane.com\/be"},{"@type":"ListItem","position":2,"name":"Boutique","item":"https:\/\/beautysane.com\/be\/boutique"},{"@type":"ListItem","position":3,"name":"Sweat"}]},{"@type":"WebSite","@id":"https:\/\/beautysane.com\/be\/#website","url":"https:\/\/beautysane.com\/be\/","name":"Beautysan\u00e9 - Belgique","description":"Feed The Change","potentialAction":[{"@type":"SearchAction","target":{"@type":"EntryPoint","urlTemplate":"https:\/\/beautysane.com\/be\/?s={search_term_string}"},"query-input":{"@type":"PropertyValueSpecification","valueRequired":true,"valueName":"search_term_string"}}],"inLanguage":"fr-FR"},false]},"og_availability":"instock","product_availability":"instock","product_retailer_item_id":"ACX-24-006","product_condition":"new"},"yasr_visitor_votes":{"stars_attributes":{"read_only":true,"span_bottom":"<div class='yasr-small-block-bold'><span class='yasr-visitor-votes-must-sign-in'>Vous devez \u00eatre connect\u00e9 pour voter<\/span><\/div>"},"number_of_votes":0,"sum_votes":0},"_links":{"self":[{"href":"https:\/\/beautysane.com\/be\/wp-json\/wp\/v2\/product\/53356","targetHints":{"allow":["GET"]}}],"collection":[{"href":"https:\/\/beautysane.com\/be\/wp-json\/wp\/v2\/product"}],"about":[{"href":"https:\/\/beautysane.com\/be\/wp-json\/wp\/v2\/types\/product"}],"replies":[{"embeddable":true,"href":"https:\/\/beautysane.com\/be\/wp-json\/wp\/v2\/comments?post=53356"}],"wp:featuredmedia":[{"embeddable":true,"href":"https:\/\/beautysane.com\/be\/wp-json\/wp\/v2\/media\/53585"}],"wp:attachment":[{"href":"https:\/\/beautysane.com\/be\/wp-json\/wp\/v2\/media?parent=53356"}],"wp:term":[{"taxonomy":"product_brand","embeddable":true,"href":"https:\/\/beautysane.com\/be\/wp-json\/wp\/v2\/product_brand?post=53356"},{"taxonomy":"product_cat","embeddable":true,"href":"https:\/\/beautysane.com\/be\/wp-json\/wp\/v2\/product_cat?post=53356"},{"taxonomy":"product_tag","embeddable":true,"href":"https:\/\/beautysane.com\/be\/wp-json\/wp\/v2\/product_tag?post=53356"}],"curies":[{"name":"wp","href":"https:\/\/api.w.org\/{rel}","templated":true}]}}