{"id":55375,"date":"2025-02-24T07:24:41","date_gmt":"2025-02-24T06:24:41","guid":{"rendered":"https:\/\/beautysane.com\/be?post_type=product&#038;p=55375"},"modified":"2025-02-24T07:24:42","modified_gmt":"2025-02-24T06:24:42","slug":"gourde-en-verre","status":"publish","type":"product","link":"https:\/\/beautysane.com\/be\/boutique\/boutique-fan\/goodies\/gourde-en-verre","title":{"rendered":"Gourde en verre"},"content":{"rendered":"<p><span style=\"font-weight: 400;\">Gourde en verre de 500 ml.<\/span><\/p>\n<p><span style=\"font-weight: 400;\">Bouchon \u00e0 vis en bambou avec poign\u00e9e en silicone<\/span><\/p>\n<p><span style=\"font-weight: 400;\">pratique.<\/span><\/p>\n<p><span style=\"font-weight: 400;\">Pr\u00e9sent\u00e9 dans une bo\u00eete design kraft.<\/span><\/p>\n<p><span style=\"font-weight: 400;\">Dimensions : 22.5 cm | 6 \u00d8 | 322 g<\/span><\/p>\n<p><span style=\"font-weight: 400;\">Disponible \u00e0 l\u2019unit\u00e9 et par lot de 2 ou 3 gourdes en verre (prix d\u00e9gressifs)<\/span><\/p>\n","protected":false},"excerpt":{"rendered":"<p>Gourde en verre de 500 ml. Bouchon \u00e0 vis en bambou avec poign\u00e9e en silicone pratique. Pr\u00e9sent\u00e9 dans une bo\u00eete design kraft. Dimensions : 22.5 cm | 6 \u00d8 | 322 g Disponible \u00e0 l\u2019unit\u00e9 et par lot de 2 ou 3 gourdes en verre (prix d\u00e9gressifs)<\/p>\n","protected":false},"featured_media":55356,"comment_status":"open","ping_status":"closed","template":"","meta":{"_acf_changed":false,"inline_featured_image":false,"yasr_overall_rating":0,"yasr_post_is_review":"","yasr_auto_insert_disabled":"","yasr_review_type":""},"product_brand":[],"product_cat":[718,773],"product_tag":[],"class_list":{"0":"post-55375","1":"product","2":"type-product","3":"status-publish","4":"has-post-thumbnail","6":"product_cat-boutique-fan","7":"product_cat-goodies","8":"has-subscription-plans","10":"first","11":"instock","12":"taxable","13":"shipping-taxable","14":"purchasable","15":"product-type-variable"},"acf":[],"yoast_head":"<!-- This site is optimized with the Yoast SEO Premium plugin v27.3 (Yoast SEO v27.3) - https:\/\/yoast.com\/product\/yoast-seo-premium-wordpress\/ -->\n<title>Gourde en verre - Beautysan\u00e9 - Belgique<\/title>\n<meta name=\"robots\" content=\"index, follow, max-snippet:-1, max-image-preview:large, max-video-preview:-1\" \/>\n<link rel=\"canonical\" href=\"https:\/\/beautysane.com\/be\/boutique\/boutique-fan\/goodies\/gourde-en-verre\" \/>\n<meta property=\"og:locale\" content=\"fr_FR\" \/>\n<meta property=\"og:type\" content=\"article\" \/>\n<meta property=\"og:title\" content=\"Gourde en verre\" \/>\n<meta property=\"og:description\" content=\"Gourde en verre de 500 ml. Bouchon \u00e0 vis en bambou avec poign\u00e9e en silicone pratique. Pr\u00e9sent\u00e9 dans une bo\u00eete design kraft. Dimensions : 22.5 cm | 6 \u00d8 | 322 g Disponible \u00e0 l\u2019unit\u00e9 et par lot de 2 ou 3 gourdes en verre (prix d\u00e9gressifs)\" \/>\n<meta property=\"og:url\" content=\"https:\/\/beautysane.com\/be\/boutique\/boutique-fan\/goodies\/gourde-en-verre\" \/>\n<meta property=\"og:site_name\" content=\"Beautysan\u00e9 - Belgique\" \/>\n<meta property=\"article:publisher\" content=\"https:\/\/www.facebook.com\/Beautysane\/\" \/>\n<meta property=\"article:modified_time\" content=\"2025-02-24T06:24:42+00:00\" \/>\n<meta property=\"og:image\" content=\"https:\/\/beautysane.ams3.digitaloceanspaces.com\/wp-content\/uploads\/sites\/4\/2025\/02\/13100533\/Gourde-en-verre.png\" \/>\n\t<meta property=\"og:image:width\" content=\"1080\" \/>\n\t<meta property=\"og:image:height\" content=\"1080\" \/>\n\t<meta property=\"og:image:type\" content=\"image\/png\" \/>\n<meta name=\"twitter:card\" content=\"summary_large_image\" \/>\n<meta name=\"twitter:label1\" content=\"Disponibilit\u00e9\" \/>\n\t<meta name=\"twitter:data1\" content=\"En stock\" \/>\n<script type=\"application\/ld+json\" class=\"yoast-schema-graph\">{\"@context\":\"https:\\\/\\\/schema.org\",\"@graph\":[{\"@type\":\"WebPage\",\"@id\":\"https:\\\/\\\/beautysane.com\\\/be\\\/boutique\\\/boutique-fan\\\/goodies\\\/gourde-en-verre\",\"url\":\"https:\\\/\\\/beautysane.com\\\/be\\\/boutique\\\/boutique-fan\\\/goodies\\\/gourde-en-verre\",\"name\":\"Gourde en verre - Beautysan\u00e9 - Belgique\",\"isPartOf\":{\"@id\":\"https:\\\/\\\/beautysane.com\\\/be\\\/#website\"},\"primaryImageOfPage\":{\"@id\":\"https:\\\/\\\/beautysane.com\\\/be\\\/boutique\\\/boutique-fan\\\/goodies\\\/gourde-en-verre#primaryimage\"},\"image\":{\"@id\":\"https:\\\/\\\/beautysane.com\\\/be\\\/boutique\\\/boutique-fan\\\/goodies\\\/gourde-en-verre#primaryimage\"},\"thumbnailUrl\":\"https:\\\/\\\/beautysane.ams3.digitaloceanspaces.com\\\/wp-content\\\/uploads\\\/sites\\\/4\\\/2025\\\/02\\\/13100533\\\/Gourde-en-verre.png\",\"datePublished\":\"2025-02-24T06:24:41+00:00\",\"dateModified\":\"2025-02-24T06:24:42+00:00\",\"breadcrumb\":{\"@id\":\"https:\\\/\\\/beautysane.com\\\/be\\\/boutique\\\/boutique-fan\\\/goodies\\\/gourde-en-verre#breadcrumb\"},\"inLanguage\":\"fr-FR\",\"potentialAction\":[{\"@type\":\"ReadAction\",\"target\":[\"https:\\\/\\\/beautysane.com\\\/be\\\/boutique\\\/boutique-fan\\\/goodies\\\/gourde-en-verre\"]}]},{\"@type\":\"ImageObject\",\"inLanguage\":\"fr-FR\",\"@id\":\"https:\\\/\\\/beautysane.com\\\/be\\\/boutique\\\/boutique-fan\\\/goodies\\\/gourde-en-verre#primaryimage\",\"url\":\"https:\\\/\\\/beautysane.ams3.digitaloceanspaces.com\\\/wp-content\\\/uploads\\\/sites\\\/4\\\/2025\\\/02\\\/13100533\\\/Gourde-en-verre.png\",\"contentUrl\":\"https:\\\/\\\/beautysane.ams3.digitaloceanspaces.com\\\/wp-content\\\/uploads\\\/sites\\\/4\\\/2025\\\/02\\\/13100533\\\/Gourde-en-verre.png\",\"width\":1080,\"height\":1080},{\"@type\":\"BreadcrumbList\",\"@id\":\"https:\\\/\\\/beautysane.com\\\/be\\\/boutique\\\/boutique-fan\\\/goodies\\\/gourde-en-verre#breadcrumb\",\"itemListElement\":[{\"@type\":\"ListItem\",\"position\":1,\"name\":\"Home\",\"item\":\"https:\\\/\\\/beautysane.com\\\/be\"},{\"@type\":\"ListItem\",\"position\":2,\"name\":\"Boutique\",\"item\":\"https:\\\/\\\/beautysane.com\\\/be\\\/boutique\"},{\"@type\":\"ListItem\",\"position\":3,\"name\":\"Gourde en verre\"}]},{\"@type\":\"WebSite\",\"@id\":\"https:\\\/\\\/beautysane.com\\\/be\\\/#website\",\"url\":\"https:\\\/\\\/beautysane.com\\\/be\\\/\",\"name\":\"Beautysan\u00e9 - Belgique\",\"description\":\"Feed The Change\",\"potentialAction\":[{\"@type\":\"SearchAction\",\"target\":{\"@type\":\"EntryPoint\",\"urlTemplate\":\"https:\\\/\\\/beautysane.com\\\/be\\\/?s={search_term_string}\"},\"query-input\":{\"@type\":\"PropertyValueSpecification\",\"valueRequired\":true,\"valueName\":\"search_term_string\"}}],\"inLanguage\":\"fr-FR\"},false]}<\/script>\n<meta property=\"og:availability\" content=\"instock\" \/>\n<meta property=\"product:availability\" content=\"instock\" \/>\n<meta property=\"product:retailer_item_id\" content=\"ACX-24-021\" \/>\n<meta property=\"product:condition\" content=\"new\" \/>\n<!-- \/ Yoast SEO Premium plugin. -->","yoast_head_json":{"title":"Gourde en verre - Beautysan\u00e9 - Belgique","robots":{"index":"index","follow":"follow","max-snippet":"max-snippet:-1","max-image-preview":"max-image-preview:large","max-video-preview":"max-video-preview:-1"},"canonical":"https:\/\/beautysane.com\/be\/boutique\/boutique-fan\/goodies\/gourde-en-verre","og_locale":"fr_FR","og_type":"article","og_title":"Gourde en verre","og_description":"Gourde en verre de 500 ml. Bouchon \u00e0 vis en bambou avec poign\u00e9e en silicone pratique. Pr\u00e9sent\u00e9 dans une bo\u00eete design kraft. Dimensions : 22.5 cm | 6 \u00d8 | 322 g Disponible \u00e0 l\u2019unit\u00e9 et par lot de 2 ou 3 gourdes en verre (prix d\u00e9gressifs)","og_url":"https:\/\/beautysane.com\/be\/boutique\/boutique-fan\/goodies\/gourde-en-verre","og_site_name":"Beautysan\u00e9 - Belgique","article_publisher":"https:\/\/www.facebook.com\/Beautysane\/","article_modified_time":"2025-02-24T06:24:42+00:00","og_image":[{"width":1080,"height":1080,"url":"https:\/\/beautysane.ams3.digitaloceanspaces.com\/wp-content\/uploads\/sites\/4\/2025\/02\/13100533\/Gourde-en-verre.png","type":"image\/png"}],"twitter_card":"summary_large_image","twitter_misc":{"Disponibilit\u00e9":"En stock"},"schema":{"@context":"https:\/\/schema.org","@graph":[{"@type":"WebPage","@id":"https:\/\/beautysane.com\/be\/boutique\/boutique-fan\/goodies\/gourde-en-verre","url":"https:\/\/beautysane.com\/be\/boutique\/boutique-fan\/goodies\/gourde-en-verre","name":"Gourde en verre - Beautysan\u00e9 - Belgique","isPartOf":{"@id":"https:\/\/beautysane.com\/be\/#website"},"primaryImageOfPage":{"@id":"https:\/\/beautysane.com\/be\/boutique\/boutique-fan\/goodies\/gourde-en-verre#primaryimage"},"image":{"@id":"https:\/\/beautysane.com\/be\/boutique\/boutique-fan\/goodies\/gourde-en-verre#primaryimage"},"thumbnailUrl":"https:\/\/beautysane.ams3.digitaloceanspaces.com\/wp-content\/uploads\/sites\/4\/2025\/02\/13100533\/Gourde-en-verre.png","datePublished":"2025-02-24T06:24:41+00:00","dateModified":"2025-02-24T06:24:42+00:00","breadcrumb":{"@id":"https:\/\/beautysane.com\/be\/boutique\/boutique-fan\/goodies\/gourde-en-verre#breadcrumb"},"inLanguage":"fr-FR","potentialAction":[{"@type":"ReadAction","target":["https:\/\/beautysane.com\/be\/boutique\/boutique-fan\/goodies\/gourde-en-verre"]}]},{"@type":"ImageObject","inLanguage":"fr-FR","@id":"https:\/\/beautysane.com\/be\/boutique\/boutique-fan\/goodies\/gourde-en-verre#primaryimage","url":"https:\/\/beautysane.ams3.digitaloceanspaces.com\/wp-content\/uploads\/sites\/4\/2025\/02\/13100533\/Gourde-en-verre.png","contentUrl":"https:\/\/beautysane.ams3.digitaloceanspaces.com\/wp-content\/uploads\/sites\/4\/2025\/02\/13100533\/Gourde-en-verre.png","width":1080,"height":1080},{"@type":"BreadcrumbList","@id":"https:\/\/beautysane.com\/be\/boutique\/boutique-fan\/goodies\/gourde-en-verre#breadcrumb","itemListElement":[{"@type":"ListItem","position":1,"name":"Home","item":"https:\/\/beautysane.com\/be"},{"@type":"ListItem","position":2,"name":"Boutique","item":"https:\/\/beautysane.com\/be\/boutique"},{"@type":"ListItem","position":3,"name":"Gourde en verre"}]},{"@type":"WebSite","@id":"https:\/\/beautysane.com\/be\/#website","url":"https:\/\/beautysane.com\/be\/","name":"Beautysan\u00e9 - Belgique","description":"Feed The Change","potentialAction":[{"@type":"SearchAction","target":{"@type":"EntryPoint","urlTemplate":"https:\/\/beautysane.com\/be\/?s={search_term_string}"},"query-input":{"@type":"PropertyValueSpecification","valueRequired":true,"valueName":"search_term_string"}}],"inLanguage":"fr-FR"},false]},"og_availability":"instock","product_availability":"instock","product_retailer_item_id":"ACX-24-021","product_condition":"new"},"yasr_visitor_votes":{"stars_attributes":{"read_only":true,"span_bottom":"<div class='yasr-small-block-bold'><span class='yasr-visitor-votes-must-sign-in'>Vous devez \u00eatre connect\u00e9 pour voter<\/span><\/div>"},"number_of_votes":0,"sum_votes":0},"_links":{"self":[{"href":"https:\/\/beautysane.com\/be\/wp-json\/wp\/v2\/product\/55375","targetHints":{"allow":["GET"]}}],"collection":[{"href":"https:\/\/beautysane.com\/be\/wp-json\/wp\/v2\/product"}],"about":[{"href":"https:\/\/beautysane.com\/be\/wp-json\/wp\/v2\/types\/product"}],"replies":[{"embeddable":true,"href":"https:\/\/beautysane.com\/be\/wp-json\/wp\/v2\/comments?post=55375"}],"wp:featuredmedia":[{"embeddable":true,"href":"https:\/\/beautysane.com\/be\/wp-json\/wp\/v2\/media\/55356"}],"wp:attachment":[{"href":"https:\/\/beautysane.com\/be\/wp-json\/wp\/v2\/media?parent=55375"}],"wp:term":[{"taxonomy":"product_brand","embeddable":true,"href":"https:\/\/beautysane.com\/be\/wp-json\/wp\/v2\/product_brand?post=55375"},{"taxonomy":"product_cat","embeddable":true,"href":"https:\/\/beautysane.com\/be\/wp-json\/wp\/v2\/product_cat?post=55375"},{"taxonomy":"product_tag","embeddable":true,"href":"https:\/\/beautysane.com\/be\/wp-json\/wp\/v2\/product_tag?post=55375"}],"curies":[{"name":"wp","href":"https:\/\/api.w.org\/{rel}","templated":true}]}}