{"id":57380,"date":"2026-04-24T10:03:51","date_gmt":"2026-04-24T08:03:51","guid":{"rendered":"https:\/\/beautysane.com\/be?post_type=product&#038;p=57380"},"modified":"2026-04-24T11:56:07","modified_gmt":"2026-04-24T09:56:07","slug":"trio-barres-repas-crispychili-30-barres","status":"publish","type":"product","link":"https:\/\/beautysane.com\/be\/boutique\/offres\/trio-barres-repas-crispychili-30-barres","title":{"rendered":"Trio Barres repas Crispy&amp;Chili &#8211; 30 barres"},"content":{"rendered":"<p data-start=\"76\" data-end=\"497\">Beautysan\u00e9 vous invite \u00e0 d\u00e9couvrir sa barre substitut de repas vegan, SAL\u00c9E ! Un v\u00e9ritable d\u00e9lice avec ses notes savoureuses de tomates s\u00e9ch\u00e9es, le croquant des lentilles et des noix de cajou, le tout d\u00e9licatement relev\u00e9 par une pointe de chili doux. Coup\u00e9e en petits morceaux, la barre Crispy Chili sera \u00e9galement parfaite pour l&#8217;ap\u00e9ritif !<\/p>\n<p data-start=\"499\" data-end=\"759\">Cette barre croustillante est un v\u00e9ritable concentr\u00e9 de bienfaits : elle est riche en prot\u00e9ines v\u00e9g\u00e9tales, vitamines, min\u00e9raux et fibres. De plus, elle est fabriqu\u00e9e en France et conforme \u00e0 la norme antidopage, ce qui en fait un choix id\u00e9al pour nos sportifs !<\/p>\n<p data-start=\"499\" data-end=\"759\">*DLUO : 13\/09\/2026<\/p>\n","protected":false},"excerpt":{"rendered":"<p>visible<\/p>\n","protected":false},"featured_media":57383,"comment_status":"open","ping_status":"closed","template":"","meta":{"_acf_changed":false,"inline_featured_image":false,"yasr_overall_rating":0,"yasr_post_is_review":"","yasr_auto_insert_disabled":"","yasr_review_type":""},"product_brand":[],"product_cat":[546,156,596],"product_tag":[57,59,599,32,48],"class_list":{"0":"post-57380","1":"product","2":"type-product","3":"status-publish","4":"has-post-thumbnail","6":"product_cat-energy","7":"product_cat-offres","8":"product_cat-energy-diet","9":"product_tag-23-vitamines-et-mineraux","10":"product_tag-fabrique-en-france","11":"product_tag-riche-en-proteines","12":"product_tag-source-de-fibres","13":"product_tag-vegan","14":"pa_objectifs-energie","15":"pa_objectifs-equilibre-alimentaire","16":"pa_objectifs-perte-de-poids","17":"has-subscription-plans","19":"first","20":"instock","21":"taxable","22":"shipping-taxable","23":"purchasable","24":"product-type-simple"},"acf":[],"yoast_head":"<!-- This site is optimized with the Yoast SEO Premium plugin v27.3 (Yoast SEO v27.3) - https:\/\/yoast.com\/product\/yoast-seo-premium-wordpress\/ -->\n<title>Trio Barres repas Crispy&amp;Chili - 30 barres - Beautysan\u00e9 - Belgique<\/title>\n<meta name=\"description\" content=\"D\u00e9couvrez la nouvelle barre repas 100% VEGAN, au d\u00e9licieux go\u00fbt de chocolat ! Elle contient des graines de chanvre, qui sont particuli\u00e8rement riches en nutriments (prot\u00e9ines, omega3, fibres). Pauvres en calories, sources de 23 vitamines et min\u00e9raux, ces barres chanvre &amp; chocolat conviennent aux personnes qui souhaitent perdre et\/ou contr\u00f4ler leur poids.\" \/>\n<meta name=\"robots\" content=\"index, follow, max-snippet:-1, max-image-preview:large, max-video-preview:-1\" \/>\n<link rel=\"canonical\" href=\"https:\/\/beautysane.com\/be\/boutique\/offres\/trio-barres-repas-crispychili-30-barres\" \/>\n<meta property=\"og:locale\" content=\"fr_FR\" \/>\n<meta property=\"og:type\" content=\"article\" \/>\n<meta property=\"og:title\" content=\"Trio Barres repas Crispy&amp;Chili - 30 barres\" \/>\n<meta property=\"og:description\" content=\"D\u00e9couvrez la nouvelle barre repas 100% VEGAN, au d\u00e9licieux go\u00fbt de chocolat ! Elle contient des graines de chanvre, qui sont particuli\u00e8rement riches en nutriments (prot\u00e9ines, omega3, fibres). Pauvres en calories, sources de 23 vitamines et min\u00e9raux, ces barres chanvre &amp; chocolat conviennent aux personnes qui souhaitent perdre et\/ou contr\u00f4ler leur poids.\" \/>\n<meta property=\"og:url\" content=\"https:\/\/beautysane.com\/be\/boutique\/offres\/trio-barres-repas-crispychili-30-barres\" \/>\n<meta property=\"og:site_name\" content=\"Beautysan\u00e9 - Belgique\" \/>\n<meta property=\"article:publisher\" content=\"https:\/\/www.facebook.com\/Beautysane\/\" \/>\n<meta property=\"article:modified_time\" content=\"2026-04-24T09:56:07+00:00\" \/>\n<meta property=\"og:image\" content=\"https:\/\/beautysane.ams3.digitaloceanspaces.com\/wp-content\/uploads\/sites\/4\/2026\/04\/24100637\/boite-crispy-x3-600x600-1.png\" \/>\n\t<meta property=\"og:image:width\" content=\"600\" \/>\n\t<meta property=\"og:image:height\" content=\"600\" \/>\n\t<meta property=\"og:image:type\" content=\"image\/png\" \/>\n<meta name=\"twitter:card\" content=\"summary_large_image\" \/>\n<meta name=\"twitter:label1\" content=\"Prix\" \/>\n\t<meta name=\"twitter:data1\" content=\"120,27&euro;\" \/>\n\t<meta name=\"twitter:label2\" content=\"Disponibilit\u00e9\" \/>\n\t<meta name=\"twitter:data2\" content=\"En stock\" \/>\n<script type=\"application\/ld+json\" class=\"yoast-schema-graph\">{\"@context\":\"https:\\\/\\\/schema.org\",\"@graph\":[{\"@type\":\"WebPage\",\"@id\":\"https:\\\/\\\/beautysane.com\\\/be\\\/boutique\\\/offres\\\/trio-barres-repas-crispychili-30-barres\",\"url\":\"https:\\\/\\\/beautysane.com\\\/be\\\/boutique\\\/offres\\\/trio-barres-repas-crispychili-30-barres\",\"name\":\"Trio Barres repas Crispy&amp;Chili - 30 barres - Beautysan\u00e9 - Belgique\",\"isPartOf\":{\"@id\":\"https:\\\/\\\/beautysane.com\\\/be\\\/#website\"},\"primaryImageOfPage\":{\"@id\":\"https:\\\/\\\/beautysane.com\\\/be\\\/boutique\\\/offres\\\/trio-barres-repas-crispychili-30-barres#primaryimage\"},\"image\":{\"@id\":\"https:\\\/\\\/beautysane.com\\\/be\\\/boutique\\\/offres\\\/trio-barres-repas-crispychili-30-barres#primaryimage\"},\"thumbnailUrl\":\"https:\\\/\\\/beautysane.ams3.digitaloceanspaces.com\\\/wp-content\\\/uploads\\\/sites\\\/4\\\/2026\\\/04\\\/24100637\\\/boite-crispy-x3-600x600-1.png\",\"datePublished\":\"2026-04-24T08:03:51+00:00\",\"dateModified\":\"2026-04-24T09:56:07+00:00\",\"description\":\"D\u00e9couvrez la nouvelle barre repas 100% VEGAN, au d\u00e9licieux go\u00fbt de chocolat ! Elle contient des graines de chanvre, qui sont particuli\u00e8rement riches en nutriments (prot\u00e9ines, omega3, fibres). Pauvres en calories, sources de 23 vitamines et min\u00e9raux, ces barres chanvre & chocolat conviennent aux personnes qui souhaitent perdre et\\\/ou contr\u00f4ler leur poids.\",\"breadcrumb\":{\"@id\":\"https:\\\/\\\/beautysane.com\\\/be\\\/boutique\\\/offres\\\/trio-barres-repas-crispychili-30-barres#breadcrumb\"},\"inLanguage\":\"fr-FR\",\"potentialAction\":[{\"@type\":\"ReadAction\",\"target\":[\"https:\\\/\\\/beautysane.com\\\/be\\\/boutique\\\/offres\\\/trio-barres-repas-crispychili-30-barres\"]}]},{\"@type\":\"ImageObject\",\"inLanguage\":\"fr-FR\",\"@id\":\"https:\\\/\\\/beautysane.com\\\/be\\\/boutique\\\/offres\\\/trio-barres-repas-crispychili-30-barres#primaryimage\",\"url\":\"https:\\\/\\\/beautysane.ams3.digitaloceanspaces.com\\\/wp-content\\\/uploads\\\/sites\\\/4\\\/2026\\\/04\\\/24100637\\\/boite-crispy-x3-600x600-1.png\",\"contentUrl\":\"https:\\\/\\\/beautysane.ams3.digitaloceanspaces.com\\\/wp-content\\\/uploads\\\/sites\\\/4\\\/2026\\\/04\\\/24100637\\\/boite-crispy-x3-600x600-1.png\",\"width\":600,\"height\":600},{\"@type\":\"BreadcrumbList\",\"@id\":\"https:\\\/\\\/beautysane.com\\\/be\\\/boutique\\\/offres\\\/trio-barres-repas-crispychili-30-barres#breadcrumb\",\"itemListElement\":[{\"@type\":\"ListItem\",\"position\":1,\"name\":\"Home\",\"item\":\"https:\\\/\\\/beautysane.com\\\/be\"},{\"@type\":\"ListItem\",\"position\":2,\"name\":\"Boutique\",\"item\":\"https:\\\/\\\/beautysane.com\\\/be\\\/boutique\"},{\"@type\":\"ListItem\",\"position\":3,\"name\":\"Trio Barres repas Crispy&amp;Chili &#8211; 30 barres\"}]},{\"@type\":\"WebSite\",\"@id\":\"https:\\\/\\\/beautysane.com\\\/be\\\/#website\",\"url\":\"https:\\\/\\\/beautysane.com\\\/be\\\/\",\"name\":\"Beautysan\u00e9 - Belgique\",\"description\":\"Feed The Change\",\"potentialAction\":[{\"@type\":\"SearchAction\",\"target\":{\"@type\":\"EntryPoint\",\"urlTemplate\":\"https:\\\/\\\/beautysane.com\\\/be\\\/?s={search_term_string}\"},\"query-input\":{\"@type\":\"PropertyValueSpecification\",\"valueRequired\":true,\"valueName\":\"search_term_string\"}}],\"inLanguage\":\"fr-FR\"},false]}<\/script>\n<meta property=\"product:price:amount\" content=\"120.27\" \/>\n<meta property=\"product:price:currency\" content=\"EUR\" \/>\n<meta property=\"og:availability\" content=\"instock\" \/>\n<meta property=\"product:availability\" content=\"instock\" \/>\n<meta property=\"product:retailer_item_id\" content=\"EV-2026-002-PK\" \/>\n<meta property=\"product:condition\" content=\"new\" \/>\n<!-- \/ Yoast SEO Premium plugin. -->","yoast_head_json":{"title":"Trio Barres repas Crispy&amp;Chili - 30 barres - Beautysan\u00e9 - Belgique","description":"D\u00e9couvrez la nouvelle barre repas 100% VEGAN, au d\u00e9licieux go\u00fbt de chocolat ! Elle contient des graines de chanvre, qui sont particuli\u00e8rement riches en nutriments (prot\u00e9ines, omega3, fibres). Pauvres en calories, sources de 23 vitamines et min\u00e9raux, ces barres chanvre & chocolat conviennent aux personnes qui souhaitent perdre et\/ou contr\u00f4ler leur poids.","robots":{"index":"index","follow":"follow","max-snippet":"max-snippet:-1","max-image-preview":"max-image-preview:large","max-video-preview":"max-video-preview:-1"},"canonical":"https:\/\/beautysane.com\/be\/boutique\/offres\/trio-barres-repas-crispychili-30-barres","og_locale":"fr_FR","og_type":"article","og_title":"Trio Barres repas Crispy&amp;Chili - 30 barres","og_description":"D\u00e9couvrez la nouvelle barre repas 100% VEGAN, au d\u00e9licieux go\u00fbt de chocolat ! Elle contient des graines de chanvre, qui sont particuli\u00e8rement riches en nutriments (prot\u00e9ines, omega3, fibres). Pauvres en calories, sources de 23 vitamines et min\u00e9raux, ces barres chanvre & chocolat conviennent aux personnes qui souhaitent perdre et\/ou contr\u00f4ler leur poids.","og_url":"https:\/\/beautysane.com\/be\/boutique\/offres\/trio-barres-repas-crispychili-30-barres","og_site_name":"Beautysan\u00e9 - Belgique","article_publisher":"https:\/\/www.facebook.com\/Beautysane\/","article_modified_time":"2026-04-24T09:56:07+00:00","og_image":[{"width":600,"height":600,"url":"https:\/\/beautysane.ams3.digitaloceanspaces.com\/wp-content\/uploads\/sites\/4\/2026\/04\/24100637\/boite-crispy-x3-600x600-1.png","type":"image\/png"}],"twitter_card":"summary_large_image","twitter_misc":{"Prix":"120,27&euro;","Disponibilit\u00e9":"En stock"},"schema":{"@context":"https:\/\/schema.org","@graph":[{"@type":"WebPage","@id":"https:\/\/beautysane.com\/be\/boutique\/offres\/trio-barres-repas-crispychili-30-barres","url":"https:\/\/beautysane.com\/be\/boutique\/offres\/trio-barres-repas-crispychili-30-barres","name":"Trio Barres repas Crispy&amp;Chili - 30 barres - Beautysan\u00e9 - Belgique","isPartOf":{"@id":"https:\/\/beautysane.com\/be\/#website"},"primaryImageOfPage":{"@id":"https:\/\/beautysane.com\/be\/boutique\/offres\/trio-barres-repas-crispychili-30-barres#primaryimage"},"image":{"@id":"https:\/\/beautysane.com\/be\/boutique\/offres\/trio-barres-repas-crispychili-30-barres#primaryimage"},"thumbnailUrl":"https:\/\/beautysane.ams3.digitaloceanspaces.com\/wp-content\/uploads\/sites\/4\/2026\/04\/24100637\/boite-crispy-x3-600x600-1.png","datePublished":"2026-04-24T08:03:51+00:00","dateModified":"2026-04-24T09:56:07+00:00","description":"D\u00e9couvrez la nouvelle barre repas 100% VEGAN, au d\u00e9licieux go\u00fbt de chocolat ! Elle contient des graines de chanvre, qui sont particuli\u00e8rement riches en nutriments (prot\u00e9ines, omega3, fibres). Pauvres en calories, sources de 23 vitamines et min\u00e9raux, ces barres chanvre & chocolat conviennent aux personnes qui souhaitent perdre et\/ou contr\u00f4ler leur poids.","breadcrumb":{"@id":"https:\/\/beautysane.com\/be\/boutique\/offres\/trio-barres-repas-crispychili-30-barres#breadcrumb"},"inLanguage":"fr-FR","potentialAction":[{"@type":"ReadAction","target":["https:\/\/beautysane.com\/be\/boutique\/offres\/trio-barres-repas-crispychili-30-barres"]}]},{"@type":"ImageObject","inLanguage":"fr-FR","@id":"https:\/\/beautysane.com\/be\/boutique\/offres\/trio-barres-repas-crispychili-30-barres#primaryimage","url":"https:\/\/beautysane.ams3.digitaloceanspaces.com\/wp-content\/uploads\/sites\/4\/2026\/04\/24100637\/boite-crispy-x3-600x600-1.png","contentUrl":"https:\/\/beautysane.ams3.digitaloceanspaces.com\/wp-content\/uploads\/sites\/4\/2026\/04\/24100637\/boite-crispy-x3-600x600-1.png","width":600,"height":600},{"@type":"BreadcrumbList","@id":"https:\/\/beautysane.com\/be\/boutique\/offres\/trio-barres-repas-crispychili-30-barres#breadcrumb","itemListElement":[{"@type":"ListItem","position":1,"name":"Home","item":"https:\/\/beautysane.com\/be"},{"@type":"ListItem","position":2,"name":"Boutique","item":"https:\/\/beautysane.com\/be\/boutique"},{"@type":"ListItem","position":3,"name":"Trio Barres repas Crispy&amp;Chili &#8211; 30 barres"}]},{"@type":"WebSite","@id":"https:\/\/beautysane.com\/be\/#website","url":"https:\/\/beautysane.com\/be\/","name":"Beautysan\u00e9 - Belgique","description":"Feed The Change","potentialAction":[{"@type":"SearchAction","target":{"@type":"EntryPoint","urlTemplate":"https:\/\/beautysane.com\/be\/?s={search_term_string}"},"query-input":{"@type":"PropertyValueSpecification","valueRequired":true,"valueName":"search_term_string"}}],"inLanguage":"fr-FR"},false]},"product_price_amount":"120.27","product_price_currency":"EUR","og_availability":"instock","product_availability":"instock","product_retailer_item_id":"EV-2026-002-PK","product_condition":"new"},"yasr_visitor_votes":{"stars_attributes":{"read_only":true,"span_bottom":"<div class='yasr-small-block-bold'><span class='yasr-visitor-votes-must-sign-in'>Vous devez \u00eatre connect\u00e9 pour voter<\/span><\/div>"},"number_of_votes":0,"sum_votes":0},"_links":{"self":[{"href":"https:\/\/beautysane.com\/be\/wp-json\/wp\/v2\/product\/57380","targetHints":{"allow":["GET"]}}],"collection":[{"href":"https:\/\/beautysane.com\/be\/wp-json\/wp\/v2\/product"}],"about":[{"href":"https:\/\/beautysane.com\/be\/wp-json\/wp\/v2\/types\/product"}],"replies":[{"embeddable":true,"href":"https:\/\/beautysane.com\/be\/wp-json\/wp\/v2\/comments?post=57380"}],"wp:featuredmedia":[{"embeddable":true,"href":"https:\/\/beautysane.com\/be\/wp-json\/wp\/v2\/media\/57383"}],"wp:attachment":[{"href":"https:\/\/beautysane.com\/be\/wp-json\/wp\/v2\/media?parent=57380"}],"wp:term":[{"taxonomy":"product_brand","embeddable":true,"href":"https:\/\/beautysane.com\/be\/wp-json\/wp\/v2\/product_brand?post=57380"},{"taxonomy":"product_cat","embeddable":true,"href":"https:\/\/beautysane.com\/be\/wp-json\/wp\/v2\/product_cat?post=57380"},{"taxonomy":"product_tag","embeddable":true,"href":"https:\/\/beautysane.com\/be\/wp-json\/wp\/v2\/product_tag?post=57380"}],"curies":[{"name":"wp","href":"https:\/\/api.w.org\/{rel}","templated":true}]}}