{"id":115239,"date":"2022-11-11T11:46:18","date_gmt":"2022-11-11T10:46:18","guid":{"rendered":"https:\/\/beautysane.com\/de?post_type=product&#038;p=115239"},"modified":"2026-04-04T17:58:56","modified_gmt":"2026-04-04T15:58:56","slug":"https-beautysane-com-de-sichtbarkeit-von-produkten","status":"publish","type":"product","link":"https:\/\/beautysane.com\/de\/fr\/boutique\/offres\/https-beautysane-com-de-sichtbarkeit-von-produkten","title":{"rendered":"Barres repas chanvre &amp; chocolat &#8211; 10 barres"},"content":{"rendered":"<p>D\u00e9couvrez la nouvelle barre repas <strong>100% VEGAN, au d\u00e9licieux go\u00fbt de chocolat<\/strong> ! Elle contient des graines de chanvre, qui sont particuli\u00e8rement <strong>riches en nutriments (prot\u00e9ines, omega3, fibres<\/strong>). Pauvres en calories, sources de <strong>23 vitamines et min\u00e9raux<\/strong>, ces barres chanvre &amp; chocolat conviennent aux personnes qui souhaitent <strong>perdre et\/ou contr\u00f4ler leur poids.<\/strong><\/p>\n","protected":false},"excerpt":{"rendered":"<p>visible<\/p>\n","protected":false},"featured_media":138624,"comment_status":"open","ping_status":"closed","template":"","meta":{"yasr_overall_rating":0,"yasr_post_is_review":"","yasr_auto_insert_disabled":"","yasr_review_type":""},"product_cat":[92,758,156],"product_tag":[879,843,886,882,48],"acf":[],"yoast_head":"<!-- This site is optimized with the Yoast SEO Premium plugin v17.9 (Yoast SEO v17.9) - https:\/\/yoast.com\/wordpress\/plugins\/seo\/ -->\n<title>Barres repas chanvre &amp; chocolat - 10 barres - Beautysan\u00e9 - Deutschland<\/title>\n<meta name=\"description\" content=\"Des barres substituts de repas cacahu\u00e8tes &amp; chocolat, qui garantissent \u00e0 la fois plaisir gustatif et apports nutritionnels garantis. Pauvres en calories, elles conviennent aux personnes qui souhaitent perdre et\/ou contr\u00f4ler leur poids. D\u00e9couvrez-les dans leur nouvelle recette exclusive encore plus gourmande, plus moelleuse et avec une d\u00e9licieuse pointe de chocolat noir !\" \/>\n<meta name=\"robots\" content=\"index, follow, max-snippet:-1, max-image-preview:large, max-video-preview:-1\" \/>\n<link rel=\"canonical\" href=\"https:\/\/beautysane.com\/de\/fr\/boutique\/offres\/https-beautysane-com-de-sichtbarkeit-von-produkten\" \/>\n<meta property=\"og:locale\" content=\"fr_FR\" \/>\n<meta property=\"og:type\" content=\"article\" \/>\n<meta property=\"og:title\" content=\"Barres repas chanvre &amp; chocolat - 10 barres\" \/>\n<meta property=\"og:description\" content=\"Des barres substituts de repas cacahu\u00e8tes &amp; chocolat, qui garantissent \u00e0 la fois plaisir gustatif et apports nutritionnels garantis. Pauvres en calories, elles conviennent aux personnes qui souhaitent perdre et\/ou contr\u00f4ler leur poids. D\u00e9couvrez-les dans leur nouvelle recette exclusive encore plus gourmande, plus moelleuse et avec une d\u00e9licieuse pointe de chocolat noir !\" \/>\n<meta property=\"og:url\" content=\"https:\/\/beautysane.com\/de\/fr\/boutique\/offres\/https-beautysane-com-de-sichtbarkeit-von-produkten\" \/>\n<meta property=\"og:site_name\" content=\"Beautysan\u00e9 - Deutschland\" \/>\n<meta property=\"article:publisher\" content=\"https:\/\/www.facebook.com\/Beautysane\/\" \/>\n<meta property=\"article:modified_time\" content=\"2026-04-04T15:58:56+00:00\" \/>\n<meta property=\"og:image\" content=\"https:\/\/beautysane.ams3.digitaloceanspaces.com\/wp-content\/uploads\/sites\/6\/2023\/06\/07093738\/montage_vegan_carton_3D.png\" \/>\n\t<meta property=\"og:image:width\" content=\"600\" \/>\n\t<meta property=\"og:image:height\" content=\"600\" \/>\n\t<meta property=\"og:image:type\" content=\"image\/png\" \/>\n<meta name=\"twitter:card\" content=\"summary_large_image\" \/>\n<meta name=\"twitter:label1\" content=\"Prix\" \/>\n\t<meta name=\"twitter:data1\" content=\"40,47&euro;\" \/>\n\t<meta name=\"twitter:label2\" content=\"Availability\" \/>\n\t<meta name=\"twitter:data2\" content=\"In stock\" \/>\n<script type=\"application\/ld+json\" class=\"yoast-schema-graph\">{\"@context\":\"https:\/\/schema.org\",\"@graph\":[{\"@type\":\"WebSite\",\"@id\":\"https:\/\/beautysane.com\/de\/fr#website\",\"url\":\"https:\/\/beautysane.com\/de\/fr\",\"name\":\"Beautysan\\u00e9 - Deutschland\",\"description\":\"Feed The Change\",\"potentialAction\":[{\"@type\":\"SearchAction\",\"target\":{\"@type\":\"EntryPoint\",\"urlTemplate\":\"https:\/\/beautysane.com\/de\/fr?s={search_term_string}\"},\"query-input\":\"required name=search_term_string\"}],\"inLanguage\":\"fr-FR\"},{\"@type\":\"ImageObject\",\"@id\":\"https:\/\/beautysane.com\/de\/fr\/boutique\/offres\/https-beautysane-com-de-sichtbarkeit-von-produkten#primaryimage\",\"inLanguage\":\"fr-FR\",\"url\":\"https:\/\/beautysane.ams3.digitaloceanspaces.com\/wp-content\/uploads\/sites\/6\/2023\/06\/07093738\/montage_vegan_carton_3D.png\",\"contentUrl\":\"https:\/\/beautysane.ams3.digitaloceanspaces.com\/wp-content\/uploads\/sites\/6\/2023\/06\/07093738\/montage_vegan_carton_3D.png\",\"width\":600,\"height\":600},{\"@type\":\"WebPage\",\"@id\":\"https:\/\/beautysane.com\/de\/fr\/boutique\/offres\/https-beautysane-com-de-sichtbarkeit-von-produkten#webpage\",\"url\":\"https:\/\/beautysane.com\/de\/fr\/boutique\/offres\/https-beautysane-com-de-sichtbarkeit-von-produkten\",\"name\":\"Barres repas chanvre &amp; chocolat - 10 barres - Beautysan\\u00e9 - Deutschland\",\"isPartOf\":{\"@id\":\"https:\/\/beautysane.com\/de\/fr#website\"},\"primaryImageOfPage\":{\"@id\":\"https:\/\/beautysane.com\/de\/fr\/boutique\/offres\/https-beautysane-com-de-sichtbarkeit-von-produkten#primaryimage\"},\"datePublished\":\"2022-11-11T10:46:18+00:00\",\"dateModified\":\"2026-04-04T15:58:56+00:00\",\"description\":\"Des barres substituts de repas cacahu\\u00e8tes & chocolat, qui garantissent \\u00e0 la fois plaisir gustatif et apports nutritionnels garantis. Pauvres en calories, elles conviennent aux personnes qui souhaitent perdre et\/ou contr\\u00f4ler leur poids. D\\u00e9couvrez-les dans leur nouvelle recette exclusive encore plus gourmande, plus moelleuse et avec une d\\u00e9licieuse pointe de chocolat noir !\",\"breadcrumb\":{\"@id\":\"https:\/\/beautysane.com\/de\/fr\/boutique\/offres\/https-beautysane-com-de-sichtbarkeit-von-produkten#breadcrumb\"},\"inLanguage\":\"fr-FR\",\"potentialAction\":[{\"@type\":\"ReadAction\",\"target\":[\"https:\/\/beautysane.com\/de\/fr\/boutique\/offres\/https-beautysane-com-de-sichtbarkeit-von-produkten\"]}]},{\"@type\":\"BreadcrumbList\",\"@id\":\"https:\/\/beautysane.com\/de\/fr\/boutique\/offres\/https-beautysane-com-de-sichtbarkeit-von-produkten#breadcrumb\",\"itemListElement\":[{\"@type\":\"ListItem\",\"position\":1,\"name\":\"Home\",\"item\":\"https:\/\/beautysane.com\/de\/fr\"},{\"@type\":\"ListItem\",\"position\":2,\"name\":\"Boutique\",\"item\":\"https:\/\/beautysane.com\/de\/boutique\"},{\"@type\":\"ListItem\",\"position\":3,\"name\":\"Barres repas chanvre &amp; chocolat &#8211; 10 barres\"}]}]}<\/script>\n<meta property=\"product:price:amount\" content=\"40.47\" \/>\n<meta property=\"product:price:currency\" content=\"EUR\" \/>\n<meta property=\"og:availability\" content=\"instock\" \/>\n<meta property=\"product:availability\" content=\"instock\" \/>\n<meta property=\"product:retailer_item_id\" content=\"BK-2022-002-BC\" \/>\n<meta property=\"product:condition\" content=\"new\" \/>\n<!-- \/ Yoast SEO Premium plugin. -->","yoast_head_json":{"title":"Barres repas chanvre &amp; chocolat - 10 barres - Beautysan\u00e9 - Deutschland","description":"Des barres substituts de repas cacahu\u00e8tes & chocolat, qui garantissent \u00e0 la fois plaisir gustatif et apports nutritionnels garantis. Pauvres en calories, elles conviennent aux personnes qui souhaitent perdre et\/ou contr\u00f4ler leur poids. D\u00e9couvrez-les dans leur nouvelle recette exclusive encore plus gourmande, plus moelleuse et avec une d\u00e9licieuse pointe de chocolat noir !","robots":{"index":"index","follow":"follow","max-snippet":"max-snippet:-1","max-image-preview":"max-image-preview:large","max-video-preview":"max-video-preview:-1"},"canonical":"https:\/\/beautysane.com\/de\/fr\/boutique\/offres\/https-beautysane-com-de-sichtbarkeit-von-produkten","og_locale":"fr_FR","og_type":"article","og_title":"Barres repas chanvre &amp; chocolat - 10 barres","og_description":"Des barres substituts de repas cacahu\u00e8tes & chocolat, qui garantissent \u00e0 la fois plaisir gustatif et apports nutritionnels garantis. Pauvres en calories, elles conviennent aux personnes qui souhaitent perdre et\/ou contr\u00f4ler leur poids. D\u00e9couvrez-les dans leur nouvelle recette exclusive encore plus gourmande, plus moelleuse et avec une d\u00e9licieuse pointe de chocolat noir !","og_url":"https:\/\/beautysane.com\/de\/fr\/boutique\/offres\/https-beautysane-com-de-sichtbarkeit-von-produkten","og_site_name":"Beautysan\u00e9 - Deutschland","article_publisher":"https:\/\/www.facebook.com\/Beautysane\/","article_modified_time":"2026-04-04T15:58:56+00:00","og_image":[{"width":600,"height":600,"url":"https:\/\/beautysane.ams3.digitaloceanspaces.com\/wp-content\/uploads\/sites\/6\/2023\/06\/07093738\/montage_vegan_carton_3D.png","type":"image\/png"}],"twitter_card":"summary_large_image","twitter_misc":{"Prix":"40,47&euro;","Availability":"In stock"},"schema":{"@context":"https:\/\/schema.org","@graph":[{"@type":"WebSite","@id":"https:\/\/beautysane.com\/de\/fr#website","url":"https:\/\/beautysane.com\/de\/fr","name":"Beautysan\u00e9 - Deutschland","description":"Feed The Change","potentialAction":[{"@type":"SearchAction","target":{"@type":"EntryPoint","urlTemplate":"https:\/\/beautysane.com\/de\/fr?s={search_term_string}"},"query-input":"required name=search_term_string"}],"inLanguage":"fr-FR"},{"@type":"ImageObject","@id":"https:\/\/beautysane.com\/de\/fr\/boutique\/offres\/https-beautysane-com-de-sichtbarkeit-von-produkten#primaryimage","inLanguage":"fr-FR","url":"https:\/\/beautysane.ams3.digitaloceanspaces.com\/wp-content\/uploads\/sites\/6\/2023\/06\/07093738\/montage_vegan_carton_3D.png","contentUrl":"https:\/\/beautysane.ams3.digitaloceanspaces.com\/wp-content\/uploads\/sites\/6\/2023\/06\/07093738\/montage_vegan_carton_3D.png","width":600,"height":600},{"@type":"WebPage","@id":"https:\/\/beautysane.com\/de\/fr\/boutique\/offres\/https-beautysane-com-de-sichtbarkeit-von-produkten#webpage","url":"https:\/\/beautysane.com\/de\/fr\/boutique\/offres\/https-beautysane-com-de-sichtbarkeit-von-produkten","name":"Barres repas chanvre &amp; chocolat - 10 barres - Beautysan\u00e9 - Deutschland","isPartOf":{"@id":"https:\/\/beautysane.com\/de\/fr#website"},"primaryImageOfPage":{"@id":"https:\/\/beautysane.com\/de\/fr\/boutique\/offres\/https-beautysane-com-de-sichtbarkeit-von-produkten#primaryimage"},"datePublished":"2022-11-11T10:46:18+00:00","dateModified":"2026-04-04T15:58:56+00:00","description":"Des barres substituts de repas cacahu\u00e8tes & chocolat, qui garantissent \u00e0 la fois plaisir gustatif et apports nutritionnels garantis. Pauvres en calories, elles conviennent aux personnes qui souhaitent perdre et\/ou contr\u00f4ler leur poids. D\u00e9couvrez-les dans leur nouvelle recette exclusive encore plus gourmande, plus moelleuse et avec une d\u00e9licieuse pointe de chocolat noir !","breadcrumb":{"@id":"https:\/\/beautysane.com\/de\/fr\/boutique\/offres\/https-beautysane-com-de-sichtbarkeit-von-produkten#breadcrumb"},"inLanguage":"fr-FR","potentialAction":[{"@type":"ReadAction","target":["https:\/\/beautysane.com\/de\/fr\/boutique\/offres\/https-beautysane-com-de-sichtbarkeit-von-produkten"]}]},{"@type":"BreadcrumbList","@id":"https:\/\/beautysane.com\/de\/fr\/boutique\/offres\/https-beautysane-com-de-sichtbarkeit-von-produkten#breadcrumb","itemListElement":[{"@type":"ListItem","position":1,"name":"Home","item":"https:\/\/beautysane.com\/de\/fr"},{"@type":"ListItem","position":2,"name":"Boutique","item":"https:\/\/beautysane.com\/de\/boutique"},{"@type":"ListItem","position":3,"name":"Barres repas chanvre &amp; chocolat &#8211; 10 barres"}]}]},"product_price_amount":"40.47","product_price_currency":"EUR","og_availability":"instock","product_availability":"instock","product_retailer_item_id":"BK-2022-002-BC","product_condition":"new"},"yasr_visitor_votes":{"stars_attributes":{"read_only":true,"span_bottom":"<div class='yasr-small-block-bold'><span class='yasr-visitor-votes-must-sign-in'>Vous devez \u00eatre connect\u00e9 pour voter<\/span><\/div>"},"number_of_votes":0,"sum_votes":0},"_links":{"self":[{"href":"https:\/\/beautysane.com\/de\/fr\/wp-json\/wp\/v2\/product\/115239"}],"collection":[{"href":"https:\/\/beautysane.com\/de\/fr\/wp-json\/wp\/v2\/product"}],"about":[{"href":"https:\/\/beautysane.com\/de\/fr\/wp-json\/wp\/v2\/types\/product"}],"replies":[{"embeddable":true,"href":"https:\/\/beautysane.com\/de\/fr\/wp-json\/wp\/v2\/comments?post=115239"}],"wp:featuredmedia":[{"embeddable":true,"href":"https:\/\/beautysane.com\/de\/fr\/wp-json\/wp\/v2\/media\/138624"}],"wp:attachment":[{"href":"https:\/\/beautysane.com\/de\/fr\/wp-json\/wp\/v2\/media?parent=115239"}],"wp:term":[{"taxonomy":"product_cat","embeddable":true,"href":"https:\/\/beautysane.com\/de\/fr\/wp-json\/wp\/v2\/product_cat?post=115239"},{"taxonomy":"product_tag","embeddable":true,"href":"https:\/\/beautysane.com\/de\/fr\/wp-json\/wp\/v2\/product_tag?post=115239"}],"curies":[{"name":"wp","href":"https:\/\/api.w.org\/{rel}","templated":true}]}}