{"id":129797,"date":"2024-05-29T11:03:11","date_gmt":"2024-05-29T09:03:11","guid":{"rendered":"https:\/\/beautysane.com\/de?post_type=product&#038;p=129797"},"modified":"2026-04-24T21:24:34","modified_gmt":"2026-04-24T19:24:34","slug":"cuisine-mix-base-oeuf-18-repas","status":"publish","type":"product","link":"https:\/\/beautysane.com\/de\/fr\/boutique\/energy\/cuisine-mix-base-oeuf-18-repas","title":{"rendered":"Cuisine mix Base oeuf &#8211; 18 repas"},"content":{"rendered":"<p>R\u00e9v\u00e9lez le chef qui est en vous avec Energy Diet Cuisine Mix !<br \/>\nCe substitut de repas \u00e0 base d&#8217;oeuf, riche en <strong>vitamines, min\u00e9raux<\/strong> et prot\u00e9ines, transforme vos recettes favorites en un clin d&#8217;\u0153il. Et tout cela, sans gluten et<strong> ultra-digeste<\/strong> gr\u00e2ce \u00e0 HD MAX !<br \/>\nQue ce soit pour des<strong> pancakes, omelettes, quiches, gaufres ou cakes<\/strong>, laissez libre cours \u00e0 votre cr\u00e9ativit\u00e9 ! Ajoutez des fruits pour une touche sucr\u00e9e ou des l\u00e9gumes pour une version sal\u00e9e.<\/p>\n<p>D\u00e9couvrez toutes nos recettes et astuces<a href=\"https:\/\/documents.eat4good.fr\/base-documentaire\/FRANCE\/DISTRIBUTION\/LIVRET_OEUFS_recettes-valide.pdf\"> ici, dans ce livret.<\/a><\/p>\n<p><strong>A vos marques, pr\u00eats ? Cuisinez !<\/strong><\/p>\n","protected":false},"excerpt":{"rendered":"<p>R\u00e9v\u00e9lez le chef qui est en vous avec Energy Diet Cuisine Mix ! Ce substitut de repas \u00e0 base d&#8217;oeuf, riche en vitamines, min\u00e9raux et prot\u00e9ines, transforme vos recettes favorites en un clin d&#8217;\u0153il. Et tout cela, sans gluten et ultra-digeste gr\u00e2ce \u00e0 HD MAX ! Que ce soit pour des pancakes, omelettes, quiches, gaufres [&hellip;]<\/p>\n","protected":false},"featured_media":129833,"comment_status":"open","ping_status":"closed","template":"","meta":{"_acf_changed":false,"inline_featured_image":false,"yasr_overall_rating":0,"yasr_post_is_review":"","yasr_auto_insert_disabled":"","yasr_review_type":""},"product_brand":[],"product_cat":[92,758,747],"product_tag":[944,949,948,947,946,945,950],"class_list":{"0":"post-129797","1":"product","2":"type-product","3":"status-publish","4":"has-post-thumbnail","6":"product_cat-energy-diet","7":"product_cat-energy","8":"product_cat-nouveautes","9":"product_tag-23-vitamines-en-mineralen-fr","10":"product_tag-bron-van-vezels-fr","11":"product_tag-ggo-vrij-fr","12":"product_tag-glutenvrij-fr","13":"product_tag-hoge-verteerbaarheid-hv-fr","14":"product_tag-recyclebare-doos-fr","15":"product_tag-vegetarisch-fr","16":"has-subscription-plans","18":"first","19":"instock","20":"taxable","21":"shipping-taxable","22":"purchasable","23":"product-type-simple"},"acf":[],"yoast_head":"<!-- This site is optimized with the Yoast SEO Premium plugin v27.3 (Yoast SEO v27.3) - https:\/\/yoast.com\/product\/yoast-seo-premium-wordpress\/ -->\n<title>Cuisine mix Base oeuf - 18 repas - Beautysan\u00e9 - Deutschland<\/title>\n<meta name=\"description\" content=\"Energy Diet omelette saveur fines herbes est un repas l\u00e9ger et \u00e9quilibr\u00e9 qui garantit \u00e0 la fois plaisir gustatif et apports nutritionnels, pour \u00e9viter toute carence (prot\u00e9ines, lipides, glucides, fibres, omega3, vitamines et min\u00e9raux). Il est rassasiant, digeste et convient aux personnes qui souhaitent perdre et\/ou contr\u00f4ler leur poids.\" \/>\n<meta name=\"robots\" content=\"index, follow, max-snippet:-1, max-image-preview:large, max-video-preview:-1\" \/>\n<link rel=\"canonical\" href=\"https:\/\/beautysane.com\/de\/fr\/boutique\/energy\/cuisine-mix-base-oeuf-18-repas\" \/>\n<meta property=\"og:locale\" content=\"fr_FR\" \/>\n<meta property=\"og:type\" content=\"article\" \/>\n<meta property=\"og:title\" content=\"Cuisine mix Base oeuf - 18 repas\" \/>\n<meta property=\"og:description\" content=\"Energy Diet omelette saveur fines herbes est un repas l\u00e9ger et \u00e9quilibr\u00e9 qui garantit \u00e0 la fois plaisir gustatif et apports nutritionnels, pour \u00e9viter toute carence (prot\u00e9ines, lipides, glucides, fibres, omega3, vitamines et min\u00e9raux). Il est rassasiant, digeste et convient aux personnes qui souhaitent perdre et\/ou contr\u00f4ler leur poids.\" \/>\n<meta property=\"og:url\" content=\"https:\/\/beautysane.com\/de\/fr\/boutique\/energy\/cuisine-mix-base-oeuf-18-repas\" \/>\n<meta property=\"og:site_name\" content=\"Beautysan\u00e9 - Deutschland\" \/>\n<meta property=\"article:publisher\" content=\"https:\/\/www.facebook.com\/Beautysane\/\" \/>\n<meta property=\"article:modified_time\" content=\"2026-04-24T19:24:34+00:00\" \/>\n<meta property=\"og:image\" content=\"https:\/\/beautysane.ams3.digitaloceanspaces.com\/wp-content\/uploads\/sites\/6\/2024\/05\/31160124\/BS041_BM.png\" \/>\n\t<meta property=\"og:image:width\" content=\"600\" \/>\n\t<meta property=\"og:image:height\" content=\"600\" \/>\n\t<meta property=\"og:image:type\" content=\"image\/png\" \/>\n<meta name=\"twitter:card\" content=\"summary_large_image\" \/>\n<meta name=\"twitter:label1\" content=\"Prix\" \/>\n\t<meta name=\"twitter:data1\" content=\"50,61&euro;\" \/>\n\t<meta name=\"twitter:label2\" content=\"Disponibilit\u00e9\" \/>\n\t<meta name=\"twitter:data2\" content=\"En stock\" \/>\n<script type=\"application\/ld+json\" class=\"yoast-schema-graph\">{\"@context\":\"https:\\\/\\\/schema.org\",\"@graph\":[{\"@type\":\"WebPage\",\"@id\":\"https:\\\/\\\/beautysane.com\\\/de\\\/fr\\\/boutique\\\/energy\\\/cuisine-mix-base-oeuf-18-repas\",\"url\":\"https:\\\/\\\/beautysane.com\\\/de\\\/fr\\\/boutique\\\/energy\\\/cuisine-mix-base-oeuf-18-repas\",\"name\":\"Cuisine mix Base oeuf - 18 repas - Beautysan\u00e9 - Deutschland\",\"isPartOf\":{\"@id\":\"https:\\\/\\\/beautysane.com\\\/de\\\/fr#website\"},\"primaryImageOfPage\":{\"@id\":\"https:\\\/\\\/beautysane.com\\\/de\\\/fr\\\/boutique\\\/energy\\\/cuisine-mix-base-oeuf-18-repas#primaryimage\"},\"image\":{\"@id\":\"https:\\\/\\\/beautysane.com\\\/de\\\/fr\\\/boutique\\\/energy\\\/cuisine-mix-base-oeuf-18-repas#primaryimage\"},\"thumbnailUrl\":\"https:\\\/\\\/beautysane.ams3.digitaloceanspaces.com\\\/wp-content\\\/uploads\\\/sites\\\/6\\\/2024\\\/05\\\/31160124\\\/BS041_BM.png\",\"datePublished\":\"2024-05-29T09:03:11+00:00\",\"dateModified\":\"2026-04-24T19:24:34+00:00\",\"description\":\"Energy Diet omelette saveur fines herbes est un repas l\u00e9ger et \u00e9quilibr\u00e9 qui garantit \u00e0 la fois plaisir gustatif et apports nutritionnels, pour \u00e9viter toute carence (prot\u00e9ines, lipides, glucides, fibres, omega3, vitamines et min\u00e9raux). Il est rassasiant, digeste et convient aux personnes qui souhaitent perdre et\\\/ou contr\u00f4ler leur poids.\",\"breadcrumb\":{\"@id\":\"https:\\\/\\\/beautysane.com\\\/de\\\/fr\\\/boutique\\\/energy\\\/cuisine-mix-base-oeuf-18-repas#breadcrumb\"},\"inLanguage\":\"fr-FR\",\"potentialAction\":[{\"@type\":\"ReadAction\",\"target\":[\"https:\\\/\\\/beautysane.com\\\/de\\\/fr\\\/boutique\\\/energy\\\/cuisine-mix-base-oeuf-18-repas\"]}]},{\"@type\":\"ImageObject\",\"inLanguage\":\"fr-FR\",\"@id\":\"https:\\\/\\\/beautysane.com\\\/de\\\/fr\\\/boutique\\\/energy\\\/cuisine-mix-base-oeuf-18-repas#primaryimage\",\"url\":\"https:\\\/\\\/beautysane.ams3.digitaloceanspaces.com\\\/wp-content\\\/uploads\\\/sites\\\/6\\\/2024\\\/05\\\/31160124\\\/BS041_BM.png\",\"contentUrl\":\"https:\\\/\\\/beautysane.ams3.digitaloceanspaces.com\\\/wp-content\\\/uploads\\\/sites\\\/6\\\/2024\\\/05\\\/31160124\\\/BS041_BM.png\",\"width\":600,\"height\":600},{\"@type\":\"BreadcrumbList\",\"@id\":\"https:\\\/\\\/beautysane.com\\\/de\\\/fr\\\/boutique\\\/energy\\\/cuisine-mix-base-oeuf-18-repas#breadcrumb\",\"itemListElement\":[{\"@type\":\"ListItem\",\"position\":1,\"name\":\"Home\",\"item\":\"https:\\\/\\\/beautysane.com\\\/de\\\/fr\"},{\"@type\":\"ListItem\",\"position\":2,\"name\":\"Boutique\",\"item\":\"https:\\\/\\\/beautysane.com\\\/de\\\/boutique\"},{\"@type\":\"ListItem\",\"position\":3,\"name\":\"Cuisine mix Base oeuf &#8211; 18 repas\"}]},{\"@type\":\"WebSite\",\"@id\":\"https:\\\/\\\/beautysane.com\\\/de\\\/fr#website\",\"url\":\"https:\\\/\\\/beautysane.com\\\/de\\\/fr\",\"name\":\"Beautysan\u00e9 - Deutschland\",\"description\":\"Feed The Change\",\"potentialAction\":[{\"@type\":\"SearchAction\",\"target\":{\"@type\":\"EntryPoint\",\"urlTemplate\":\"https:\\\/\\\/beautysane.com\\\/de\\\/fr?s={search_term_string}\"},\"query-input\":{\"@type\":\"PropertyValueSpecification\",\"valueRequired\":true,\"valueName\":\"search_term_string\"}}],\"inLanguage\":\"fr-FR\"},false]}<\/script>\n<meta property=\"product:price:amount\" content=\"50.61\" \/>\n<meta property=\"product:price:currency\" content=\"EUR\" \/>\n<meta property=\"og:availability\" content=\"instock\" \/>\n<meta property=\"product:availability\" content=\"instock\" \/>\n<meta property=\"product:retailer_item_id\" content=\"ED-2024-041-BM\" \/>\n<meta property=\"product:condition\" content=\"new\" \/>\n<!-- \/ Yoast SEO Premium plugin. -->","yoast_head_json":{"title":"Cuisine mix Base oeuf - 18 repas - Beautysan\u00e9 - Deutschland","description":"Energy Diet omelette saveur fines herbes est un repas l\u00e9ger et \u00e9quilibr\u00e9 qui garantit \u00e0 la fois plaisir gustatif et apports nutritionnels, pour \u00e9viter toute carence (prot\u00e9ines, lipides, glucides, fibres, omega3, vitamines et min\u00e9raux). Il est rassasiant, digeste et convient aux personnes qui souhaitent perdre et\/ou contr\u00f4ler leur poids.","robots":{"index":"index","follow":"follow","max-snippet":"max-snippet:-1","max-image-preview":"max-image-preview:large","max-video-preview":"max-video-preview:-1"},"canonical":"https:\/\/beautysane.com\/de\/fr\/boutique\/energy\/cuisine-mix-base-oeuf-18-repas","og_locale":"fr_FR","og_type":"article","og_title":"Cuisine mix Base oeuf - 18 repas","og_description":"Energy Diet omelette saveur fines herbes est un repas l\u00e9ger et \u00e9quilibr\u00e9 qui garantit \u00e0 la fois plaisir gustatif et apports nutritionnels, pour \u00e9viter toute carence (prot\u00e9ines, lipides, glucides, fibres, omega3, vitamines et min\u00e9raux). Il est rassasiant, digeste et convient aux personnes qui souhaitent perdre et\/ou contr\u00f4ler leur poids.","og_url":"https:\/\/beautysane.com\/de\/fr\/boutique\/energy\/cuisine-mix-base-oeuf-18-repas","og_site_name":"Beautysan\u00e9 - Deutschland","article_publisher":"https:\/\/www.facebook.com\/Beautysane\/","article_modified_time":"2026-04-24T19:24:34+00:00","og_image":[{"width":600,"height":600,"url":"https:\/\/beautysane.ams3.digitaloceanspaces.com\/wp-content\/uploads\/sites\/6\/2024\/05\/31160124\/BS041_BM.png","type":"image\/png"}],"twitter_card":"summary_large_image","twitter_misc":{"Prix":"50,61&euro;","Disponibilit\u00e9":"En stock"},"schema":{"@context":"https:\/\/schema.org","@graph":[{"@type":"WebPage","@id":"https:\/\/beautysane.com\/de\/fr\/boutique\/energy\/cuisine-mix-base-oeuf-18-repas","url":"https:\/\/beautysane.com\/de\/fr\/boutique\/energy\/cuisine-mix-base-oeuf-18-repas","name":"Cuisine mix Base oeuf - 18 repas - Beautysan\u00e9 - Deutschland","isPartOf":{"@id":"https:\/\/beautysane.com\/de\/fr#website"},"primaryImageOfPage":{"@id":"https:\/\/beautysane.com\/de\/fr\/boutique\/energy\/cuisine-mix-base-oeuf-18-repas#primaryimage"},"image":{"@id":"https:\/\/beautysane.com\/de\/fr\/boutique\/energy\/cuisine-mix-base-oeuf-18-repas#primaryimage"},"thumbnailUrl":"https:\/\/beautysane.ams3.digitaloceanspaces.com\/wp-content\/uploads\/sites\/6\/2024\/05\/31160124\/BS041_BM.png","datePublished":"2024-05-29T09:03:11+00:00","dateModified":"2026-04-24T19:24:34+00:00","description":"Energy Diet omelette saveur fines herbes est un repas l\u00e9ger et \u00e9quilibr\u00e9 qui garantit \u00e0 la fois plaisir gustatif et apports nutritionnels, pour \u00e9viter toute carence (prot\u00e9ines, lipides, glucides, fibres, omega3, vitamines et min\u00e9raux). Il est rassasiant, digeste et convient aux personnes qui souhaitent perdre et\/ou contr\u00f4ler leur poids.","breadcrumb":{"@id":"https:\/\/beautysane.com\/de\/fr\/boutique\/energy\/cuisine-mix-base-oeuf-18-repas#breadcrumb"},"inLanguage":"fr-FR","potentialAction":[{"@type":"ReadAction","target":["https:\/\/beautysane.com\/de\/fr\/boutique\/energy\/cuisine-mix-base-oeuf-18-repas"]}]},{"@type":"ImageObject","inLanguage":"fr-FR","@id":"https:\/\/beautysane.com\/de\/fr\/boutique\/energy\/cuisine-mix-base-oeuf-18-repas#primaryimage","url":"https:\/\/beautysane.ams3.digitaloceanspaces.com\/wp-content\/uploads\/sites\/6\/2024\/05\/31160124\/BS041_BM.png","contentUrl":"https:\/\/beautysane.ams3.digitaloceanspaces.com\/wp-content\/uploads\/sites\/6\/2024\/05\/31160124\/BS041_BM.png","width":600,"height":600},{"@type":"BreadcrumbList","@id":"https:\/\/beautysane.com\/de\/fr\/boutique\/energy\/cuisine-mix-base-oeuf-18-repas#breadcrumb","itemListElement":[{"@type":"ListItem","position":1,"name":"Home","item":"https:\/\/beautysane.com\/de\/fr"},{"@type":"ListItem","position":2,"name":"Boutique","item":"https:\/\/beautysane.com\/de\/boutique"},{"@type":"ListItem","position":3,"name":"Cuisine mix Base oeuf &#8211; 18 repas"}]},{"@type":"WebSite","@id":"https:\/\/beautysane.com\/de\/fr#website","url":"https:\/\/beautysane.com\/de\/fr","name":"Beautysan\u00e9 - Deutschland","description":"Feed The Change","potentialAction":[{"@type":"SearchAction","target":{"@type":"EntryPoint","urlTemplate":"https:\/\/beautysane.com\/de\/fr?s={search_term_string}"},"query-input":{"@type":"PropertyValueSpecification","valueRequired":true,"valueName":"search_term_string"}}],"inLanguage":"fr-FR"},false]},"product_price_amount":"50.61","product_price_currency":"EUR","og_availability":"instock","product_availability":"instock","product_retailer_item_id":"ED-2024-041-BM","product_condition":"new"},"yasr_visitor_votes":{"stars_attributes":{"read_only":true,"span_bottom":"<div class='yasr-small-block-bold'><span class='yasr-visitor-votes-must-sign-in'>Vous devez \u00eatre connect\u00e9 pour voter<\/span><\/div>"},"number_of_votes":0,"sum_votes":0},"_links":{"self":[{"href":"https:\/\/beautysane.com\/de\/fr\/wp-json\/wp\/v2\/product\/129797","targetHints":{"allow":["GET"]}}],"collection":[{"href":"https:\/\/beautysane.com\/de\/fr\/wp-json\/wp\/v2\/product"}],"about":[{"href":"https:\/\/beautysane.com\/de\/fr\/wp-json\/wp\/v2\/types\/product"}],"replies":[{"embeddable":true,"href":"https:\/\/beautysane.com\/de\/fr\/wp-json\/wp\/v2\/comments?post=129797"}],"wp:featuredmedia":[{"embeddable":true,"href":"https:\/\/beautysane.com\/de\/fr\/wp-json\/wp\/v2\/media\/129833"}],"wp:attachment":[{"href":"https:\/\/beautysane.com\/de\/fr\/wp-json\/wp\/v2\/media?parent=129797"}],"wp:term":[{"taxonomy":"product_brand","embeddable":true,"href":"https:\/\/beautysane.com\/de\/fr\/wp-json\/wp\/v2\/product_brand?post=129797"},{"taxonomy":"product_cat","embeddable":true,"href":"https:\/\/beautysane.com\/de\/fr\/wp-json\/wp\/v2\/product_cat?post=129797"},{"taxonomy":"product_tag","embeddable":true,"href":"https:\/\/beautysane.com\/de\/fr\/wp-json\/wp\/v2\/product_tag?post=129797"}],"curies":[{"name":"wp","href":"https:\/\/api.w.org\/{rel}","templated":true}]}}