{"id":131601,"date":"2024-06-26T10:21:57","date_gmt":"2024-06-26T08:21:57","guid":{"rendered":"https:\/\/beautysane.com\/de?post_type=product&#038;p=131601"},"modified":"2024-07-02T20:27:38","modified_gmt":"2024-07-02T18:27:38","slug":"pantalon-femme","status":"publish","type":"product","link":"https:\/\/beautysane.com\/de\/fr\/boutique\/boutique-fan\/vetements\/pantalon-femme","title":{"rendered":"Pantalon Femme"},"content":{"rendered":"<p><span data-sheets-root=\"1\" data-sheets-value=\"{&quot;1&quot;:2,&quot;2&quot;:&quot;Pantalon Femme\\n\\nMati\u00e8re ultra confortable (94% polyester\/ 6% \u00e9lasthanne).\\nCoupe moderne et ajust\u00e9e.\\nCeinture \u00e9lastiqu\u00e9e avec cordon de serrage pour un meilleur maintien.\\nPersonnalisation broderie&quot;}\" data-sheets-userformat=\"{&quot;2&quot;:769,&quot;3&quot;:{&quot;1&quot;:0},&quot;11&quot;:4,&quot;12&quot;:0}\">Pantalon Femme<\/p>\n<p>Mati\u00e8re ultra confortable (94% polyester\/ 6% \u00e9lasthanne).<br \/>\nCoupe moderne et ajust\u00e9e.<br \/>\nCeinture \u00e9lastiqu\u00e9e avec cordon de serrage pour un meilleur maintien.<br \/>\nPersonnalisation broderie<\/span><\/p>\n","protected":false},"excerpt":{"rendered":"<p>Pantalon Femme Mati\u00e8re ultra confortable (94% polyester\/ 6% \u00e9lasthanne). Coupe moderne et ajust\u00e9e. Ceinture \u00e9lastiqu\u00e9e avec cordon de serrage pour un meilleur maintien. Personnalisation broderie<\/p>\n","protected":false},"featured_media":130949,"comment_status":"open","ping_status":"closed","template":"","meta":{"_acf_changed":false,"inline_featured_image":false,"yasr_overall_rating":0,"yasr_post_is_review":"","yasr_auto_insert_disabled":"","yasr_review_type":""},"product_brand":[],"product_cat":[951,955],"product_tag":[],"class_list":{"0":"post-131601","1":"product","2":"type-product","3":"status-publish","4":"has-post-thumbnail","6":"product_cat-boutique-fan","7":"product_cat-vetements","8":"product_shipping_class-boutique-fan","9":"has-subscription-plans","11":"first","12":"instock","13":"taxable","14":"shipping-taxable","15":"purchasable","16":"product-type-variable"},"acf":[],"yoast_head":"<!-- This site is optimized with the Yoast SEO Premium plugin v27.3 (Yoast SEO v27.3) - https:\/\/yoast.com\/product\/yoast-seo-premium-wordpress\/ -->\n<title>Pantalon Femme - Beautysan\u00e9 - Deutschland<\/title>\n<meta name=\"robots\" content=\"index, follow, max-snippet:-1, max-image-preview:large, max-video-preview:-1\" \/>\n<link rel=\"canonical\" href=\"https:\/\/beautysane.com\/de\/fr\/boutique\/boutique-fan\/vetements\/pantalon-femme\" \/>\n<meta property=\"og:locale\" content=\"fr_FR\" \/>\n<meta property=\"og:type\" content=\"article\" \/>\n<meta property=\"og:title\" content=\"Pantalon Femme\" \/>\n<meta property=\"og:description\" content=\"Pantalon Femme Mati\u00e8re ultra confortable (94% polyester\/ 6% \u00e9lasthanne). Coupe moderne et ajust\u00e9e. Ceinture \u00e9lastiqu\u00e9e avec cordon de serrage pour un meilleur maintien. Personnalisation broderie\" \/>\n<meta property=\"og:url\" content=\"https:\/\/beautysane.com\/de\/fr\/boutique\/boutique-fan\/vetements\/pantalon-femme\" \/>\n<meta property=\"og:site_name\" content=\"Beautysan\u00e9 - Deutschland\" \/>\n<meta property=\"article:publisher\" content=\"https:\/\/www.facebook.com\/Beautysane\/\" \/>\n<meta property=\"article:modified_time\" content=\"2024-07-02T18:27:38+00:00\" \/>\n<meta property=\"og:image\" content=\"https:\/\/beautysane.ams3.digitaloceanspaces.com\/wp-content\/uploads\/sites\/6\/2024\/06\/25155721\/ACX-24-011-DG_pantalon_femme.png\" \/>\n\t<meta property=\"og:image:width\" content=\"698\" \/>\n\t<meta property=\"og:image:height\" content=\"1046\" \/>\n\t<meta property=\"og:image:type\" content=\"image\/png\" \/>\n<meta name=\"twitter:card\" content=\"summary_large_image\" \/>\n<meta name=\"twitter:label1\" content=\"Disponibilit\u00e9\" \/>\n\t<meta name=\"twitter:data1\" content=\"En stock\" \/>\n<script type=\"application\/ld+json\" class=\"yoast-schema-graph\">{\"@context\":\"https:\\\/\\\/schema.org\",\"@graph\":[{\"@type\":\"WebPage\",\"@id\":\"https:\\\/\\\/beautysane.com\\\/de\\\/fr\\\/boutique\\\/boutique-fan\\\/vetements\\\/pantalon-femme\",\"url\":\"https:\\\/\\\/beautysane.com\\\/de\\\/fr\\\/boutique\\\/boutique-fan\\\/vetements\\\/pantalon-femme\",\"name\":\"Pantalon Femme - Beautysan\u00e9 - Deutschland\",\"isPartOf\":{\"@id\":\"https:\\\/\\\/beautysane.com\\\/de\\\/fr#website\"},\"primaryImageOfPage\":{\"@id\":\"https:\\\/\\\/beautysane.com\\\/de\\\/fr\\\/boutique\\\/boutique-fan\\\/vetements\\\/pantalon-femme#primaryimage\"},\"image\":{\"@id\":\"https:\\\/\\\/beautysane.com\\\/de\\\/fr\\\/boutique\\\/boutique-fan\\\/vetements\\\/pantalon-femme#primaryimage\"},\"thumbnailUrl\":\"https:\\\/\\\/beautysane.ams3.digitaloceanspaces.com\\\/wp-content\\\/uploads\\\/sites\\\/6\\\/2024\\\/06\\\/25155721\\\/ACX-24-011-DG_pantalon_femme.png\",\"datePublished\":\"2024-06-26T08:21:57+00:00\",\"dateModified\":\"2024-07-02T18:27:38+00:00\",\"breadcrumb\":{\"@id\":\"https:\\\/\\\/beautysane.com\\\/de\\\/fr\\\/boutique\\\/boutique-fan\\\/vetements\\\/pantalon-femme#breadcrumb\"},\"inLanguage\":\"fr-FR\",\"potentialAction\":[{\"@type\":\"ReadAction\",\"target\":[\"https:\\\/\\\/beautysane.com\\\/de\\\/fr\\\/boutique\\\/boutique-fan\\\/vetements\\\/pantalon-femme\"]}]},{\"@type\":\"ImageObject\",\"inLanguage\":\"fr-FR\",\"@id\":\"https:\\\/\\\/beautysane.com\\\/de\\\/fr\\\/boutique\\\/boutique-fan\\\/vetements\\\/pantalon-femme#primaryimage\",\"url\":\"https:\\\/\\\/beautysane.ams3.digitaloceanspaces.com\\\/wp-content\\\/uploads\\\/sites\\\/6\\\/2024\\\/06\\\/25155721\\\/ACX-24-011-DG_pantalon_femme.png\",\"contentUrl\":\"https:\\\/\\\/beautysane.ams3.digitaloceanspaces.com\\\/wp-content\\\/uploads\\\/sites\\\/6\\\/2024\\\/06\\\/25155721\\\/ACX-24-011-DG_pantalon_femme.png\",\"width\":698,\"height\":1046},{\"@type\":\"BreadcrumbList\",\"@id\":\"https:\\\/\\\/beautysane.com\\\/de\\\/fr\\\/boutique\\\/boutique-fan\\\/vetements\\\/pantalon-femme#breadcrumb\",\"itemListElement\":[{\"@type\":\"ListItem\",\"position\":1,\"name\":\"Home\",\"item\":\"https:\\\/\\\/beautysane.com\\\/de\\\/fr\"},{\"@type\":\"ListItem\",\"position\":2,\"name\":\"Boutique\",\"item\":\"https:\\\/\\\/beautysane.com\\\/de\\\/boutique\"},{\"@type\":\"ListItem\",\"position\":3,\"name\":\"Pantalon Femme\"}]},{\"@type\":\"WebSite\",\"@id\":\"https:\\\/\\\/beautysane.com\\\/de\\\/fr#website\",\"url\":\"https:\\\/\\\/beautysane.com\\\/de\\\/fr\",\"name\":\"Beautysan\u00e9 - Deutschland\",\"description\":\"Feed The Change\",\"potentialAction\":[{\"@type\":\"SearchAction\",\"target\":{\"@type\":\"EntryPoint\",\"urlTemplate\":\"https:\\\/\\\/beautysane.com\\\/de\\\/fr?s={search_term_string}\"},\"query-input\":{\"@type\":\"PropertyValueSpecification\",\"valueRequired\":true,\"valueName\":\"search_term_string\"}}],\"inLanguage\":\"fr-FR\"},false]}<\/script>\n<meta property=\"og:availability\" content=\"instock\" \/>\n<meta property=\"product:availability\" content=\"instock\" \/>\n<meta property=\"product:retailer_item_id\" content=\"ACX-24-011\" \/>\n<meta property=\"product:condition\" content=\"new\" \/>\n<!-- \/ Yoast SEO Premium plugin. -->","yoast_head_json":{"title":"Pantalon Femme - Beautysan\u00e9 - Deutschland","robots":{"index":"index","follow":"follow","max-snippet":"max-snippet:-1","max-image-preview":"max-image-preview:large","max-video-preview":"max-video-preview:-1"},"canonical":"https:\/\/beautysane.com\/de\/fr\/boutique\/boutique-fan\/vetements\/pantalon-femme","og_locale":"fr_FR","og_type":"article","og_title":"Pantalon Femme","og_description":"Pantalon Femme Mati\u00e8re ultra confortable (94% polyester\/ 6% \u00e9lasthanne). Coupe moderne et ajust\u00e9e. Ceinture \u00e9lastiqu\u00e9e avec cordon de serrage pour un meilleur maintien. Personnalisation broderie","og_url":"https:\/\/beautysane.com\/de\/fr\/boutique\/boutique-fan\/vetements\/pantalon-femme","og_site_name":"Beautysan\u00e9 - Deutschland","article_publisher":"https:\/\/www.facebook.com\/Beautysane\/","article_modified_time":"2024-07-02T18:27:38+00:00","og_image":[{"width":698,"height":1046,"url":"https:\/\/beautysane.ams3.digitaloceanspaces.com\/wp-content\/uploads\/sites\/6\/2024\/06\/25155721\/ACX-24-011-DG_pantalon_femme.png","type":"image\/png"}],"twitter_card":"summary_large_image","twitter_misc":{"Disponibilit\u00e9":"En stock"},"schema":{"@context":"https:\/\/schema.org","@graph":[{"@type":"WebPage","@id":"https:\/\/beautysane.com\/de\/fr\/boutique\/boutique-fan\/vetements\/pantalon-femme","url":"https:\/\/beautysane.com\/de\/fr\/boutique\/boutique-fan\/vetements\/pantalon-femme","name":"Pantalon Femme - Beautysan\u00e9 - Deutschland","isPartOf":{"@id":"https:\/\/beautysane.com\/de\/fr#website"},"primaryImageOfPage":{"@id":"https:\/\/beautysane.com\/de\/fr\/boutique\/boutique-fan\/vetements\/pantalon-femme#primaryimage"},"image":{"@id":"https:\/\/beautysane.com\/de\/fr\/boutique\/boutique-fan\/vetements\/pantalon-femme#primaryimage"},"thumbnailUrl":"https:\/\/beautysane.ams3.digitaloceanspaces.com\/wp-content\/uploads\/sites\/6\/2024\/06\/25155721\/ACX-24-011-DG_pantalon_femme.png","datePublished":"2024-06-26T08:21:57+00:00","dateModified":"2024-07-02T18:27:38+00:00","breadcrumb":{"@id":"https:\/\/beautysane.com\/de\/fr\/boutique\/boutique-fan\/vetements\/pantalon-femme#breadcrumb"},"inLanguage":"fr-FR","potentialAction":[{"@type":"ReadAction","target":["https:\/\/beautysane.com\/de\/fr\/boutique\/boutique-fan\/vetements\/pantalon-femme"]}]},{"@type":"ImageObject","inLanguage":"fr-FR","@id":"https:\/\/beautysane.com\/de\/fr\/boutique\/boutique-fan\/vetements\/pantalon-femme#primaryimage","url":"https:\/\/beautysane.ams3.digitaloceanspaces.com\/wp-content\/uploads\/sites\/6\/2024\/06\/25155721\/ACX-24-011-DG_pantalon_femme.png","contentUrl":"https:\/\/beautysane.ams3.digitaloceanspaces.com\/wp-content\/uploads\/sites\/6\/2024\/06\/25155721\/ACX-24-011-DG_pantalon_femme.png","width":698,"height":1046},{"@type":"BreadcrumbList","@id":"https:\/\/beautysane.com\/de\/fr\/boutique\/boutique-fan\/vetements\/pantalon-femme#breadcrumb","itemListElement":[{"@type":"ListItem","position":1,"name":"Home","item":"https:\/\/beautysane.com\/de\/fr"},{"@type":"ListItem","position":2,"name":"Boutique","item":"https:\/\/beautysane.com\/de\/boutique"},{"@type":"ListItem","position":3,"name":"Pantalon Femme"}]},{"@type":"WebSite","@id":"https:\/\/beautysane.com\/de\/fr#website","url":"https:\/\/beautysane.com\/de\/fr","name":"Beautysan\u00e9 - Deutschland","description":"Feed The Change","potentialAction":[{"@type":"SearchAction","target":{"@type":"EntryPoint","urlTemplate":"https:\/\/beautysane.com\/de\/fr?s={search_term_string}"},"query-input":{"@type":"PropertyValueSpecification","valueRequired":true,"valueName":"search_term_string"}}],"inLanguage":"fr-FR"},false]},"og_availability":"instock","product_availability":"instock","product_retailer_item_id":"ACX-24-011","product_condition":"new"},"yasr_visitor_votes":{"stars_attributes":{"read_only":true,"span_bottom":"<div class='yasr-small-block-bold'><span class='yasr-visitor-votes-must-sign-in'>Vous devez \u00eatre connect\u00e9 pour voter<\/span><\/div>"},"number_of_votes":0,"sum_votes":0},"_links":{"self":[{"href":"https:\/\/beautysane.com\/de\/fr\/wp-json\/wp\/v2\/product\/131601","targetHints":{"allow":["GET"]}}],"collection":[{"href":"https:\/\/beautysane.com\/de\/fr\/wp-json\/wp\/v2\/product"}],"about":[{"href":"https:\/\/beautysane.com\/de\/fr\/wp-json\/wp\/v2\/types\/product"}],"replies":[{"embeddable":true,"href":"https:\/\/beautysane.com\/de\/fr\/wp-json\/wp\/v2\/comments?post=131601"}],"wp:featuredmedia":[{"embeddable":true,"href":"https:\/\/beautysane.com\/de\/fr\/wp-json\/wp\/v2\/media\/130949"}],"wp:attachment":[{"href":"https:\/\/beautysane.com\/de\/fr\/wp-json\/wp\/v2\/media?parent=131601"}],"wp:term":[{"taxonomy":"product_brand","embeddable":true,"href":"https:\/\/beautysane.com\/de\/fr\/wp-json\/wp\/v2\/product_brand?post=131601"},{"taxonomy":"product_cat","embeddable":true,"href":"https:\/\/beautysane.com\/de\/fr\/wp-json\/wp\/v2\/product_cat?post=131601"},{"taxonomy":"product_tag","embeddable":true,"href":"https:\/\/beautysane.com\/de\/fr\/wp-json\/wp\/v2\/product_tag?post=131601"}],"curies":[{"name":"wp","href":"https:\/\/api.w.org\/{rel}","templated":true}]}}