{"id":4863,"date":"2021-09-07T14:40:09","date_gmt":"2021-09-07T12:40:09","guid":{"rendered":"https:\/\/beautysane.localdev\/boutique\/non%20class\u00e9\/digesty-30ml"},"modified":"2026-04-24T21:23:18","modified_gmt":"2026-04-24T19:23:18","slug":"digesty-30ml","status":"publish","type":"product","link":"https:\/\/beautysane.com\/de\/fr\/boutique\/energy\/energy-aroma\/digesty-30ml","title":{"rendered":"Digesty &#8211; friction 30ml"},"content":{"rendered":"<p>Pour prendre soin de votre<strong> confort digestif<\/strong> et retrouver une <strong>bonne digestion<\/strong>, ayez le r\u00e9flexe Digesty ! Les <strong>huiles v\u00e9g\u00e9tales<\/strong> qui la composent (huiles d\u2019amande douce, de s\u00e9same et de tournesol) sont nourrissantes, hydratantes et adoucissantes. Elles optimisent la p\u00e9n\u00e9tration en synergie des <strong>5 huiles essentielles<\/strong> d\u2019Orange douce, de gingembre, de Cardamome, de Basilic et de Bois de H\u00f4. Digesty fera vite partie de vos synergies incontournables !<\/p>\n","protected":false},"excerpt":{"rendered":"<p>Pour prendre soin de votre confort digestif et retrouver une bonne digestion, ayez le r\u00e9flexe Digesty ! Les huiles v\u00e9g\u00e9tales qui la composent (huiles d\u2019amande douce, de s\u00e9same et de tournesol) sont nourrissantes, hydratantes et adoucissantes. Elles optimisent la p\u00e9n\u00e9tration en synergie des 5 huiles essentielles d\u2019Orange douce, de gingembre, de Cardamome, de Basilic et [&hellip;]<\/p>\n","protected":false},"featured_media":13628,"comment_status":"open","ping_status":"closed","template":"","meta":{"_acf_changed":false,"inline_featured_image":false,"yasr_overall_rating":0,"yasr_post_is_review":"","yasr_auto_insert_disabled":"","yasr_review_type":""},"product_brand":[],"product_cat":[79,758],"product_tag":[],"class_list":{"0":"post-4863","1":"product","2":"type-product","3":"status-publish","4":"has-post-thumbnail","6":"product_cat-energy-aroma","7":"product_cat-energy","8":"has-subscription-plans","10":"first","11":"instock","12":"taxable","13":"shipping-taxable","14":"purchasable","15":"product-type-simple"},"acf":[],"yoast_head":"<!-- This site is optimized with the Yoast SEO Premium plugin v27.3 (Yoast SEO v27.3) - https:\/\/yoast.com\/product\/yoast-seo-premium-wordpress\/ -->\n<title>Digesty - friction 30ml - Beautysan\u00e9 - Deutschland<\/title>\n<meta name=\"robots\" content=\"index, follow, max-snippet:-1, max-image-preview:large, max-video-preview:-1\" \/>\n<link rel=\"canonical\" href=\"https:\/\/beautysane.com\/de\/fr\/boutique\/energy\/energy-aroma\/digesty-30ml\" \/>\n<meta property=\"og:locale\" content=\"fr_FR\" \/>\n<meta property=\"og:type\" content=\"article\" \/>\n<meta property=\"og:title\" content=\"Digesty - friction 30ml\" \/>\n<meta property=\"og:description\" content=\"Pour prendre soin de votre confort digestif et retrouver une bonne digestion, ayez le r\u00e9flexe Digesty ! Les huiles v\u00e9g\u00e9tales qui la composent (huiles d\u2019amande douce, de s\u00e9same et de tournesol) sont nourrissantes, hydratantes et adoucissantes. Elles optimisent la p\u00e9n\u00e9tration en synergie des 5 huiles essentielles d\u2019Orange douce, de gingembre, de Cardamome, de Basilic et [&hellip;]\" \/>\n<meta property=\"og:url\" content=\"https:\/\/beautysane.com\/de\/fr\/boutique\/energy\/energy-aroma\/digesty-30ml\" \/>\n<meta property=\"og:site_name\" content=\"Beautysan\u00e9 - Deutschland\" \/>\n<meta property=\"article:publisher\" content=\"https:\/\/www.facebook.com\/Beautysane\/\" \/>\n<meta property=\"article:modified_time\" content=\"2026-04-24T19:23:18+00:00\" \/>\n<meta property=\"og:image\" content=\"https:\/\/beautysane.ams3.digitaloceanspaces.com\/wp-content\/uploads\/sites\/6\/2021\/10\/29040002\/HE007_BC.png\" \/>\n\t<meta property=\"og:image:width\" content=\"705\" \/>\n\t<meta property=\"og:image:height\" content=\"705\" \/>\n\t<meta property=\"og:image:type\" content=\"image\/png\" \/>\n<meta name=\"twitter:card\" content=\"summary_large_image\" \/>\n<meta name=\"twitter:label1\" content=\"Prix\" \/>\n\t<meta name=\"twitter:data1\" content=\"30,64&euro;\" \/>\n\t<meta name=\"twitter:label2\" content=\"Disponibilit\u00e9\" \/>\n\t<meta name=\"twitter:data2\" content=\"En stock\" \/>\n<script type=\"application\/ld+json\" class=\"yoast-schema-graph\">{\"@context\":\"https:\\\/\\\/schema.org\",\"@graph\":[{\"@type\":\"WebPage\",\"@id\":\"https:\\\/\\\/beautysane.com\\\/de\\\/fr\\\/boutique\\\/energy\\\/energy-aroma\\\/digesty-30ml\",\"url\":\"https:\\\/\\\/beautysane.com\\\/de\\\/fr\\\/boutique\\\/energy\\\/energy-aroma\\\/digesty-30ml\",\"name\":\"Digesty - friction 30ml - Beautysan\u00e9 - Deutschland\",\"isPartOf\":{\"@id\":\"https:\\\/\\\/beautysane.com\\\/de\\\/fr#website\"},\"primaryImageOfPage\":{\"@id\":\"https:\\\/\\\/beautysane.com\\\/de\\\/fr\\\/boutique\\\/energy\\\/energy-aroma\\\/digesty-30ml#primaryimage\"},\"image\":{\"@id\":\"https:\\\/\\\/beautysane.com\\\/de\\\/fr\\\/boutique\\\/energy\\\/energy-aroma\\\/digesty-30ml#primaryimage\"},\"thumbnailUrl\":\"https:\\\/\\\/beautysane.ams3.digitaloceanspaces.com\\\/wp-content\\\/uploads\\\/sites\\\/6\\\/2021\\\/10\\\/29040002\\\/HE007_BC.png\",\"datePublished\":\"2021-09-07T12:40:09+00:00\",\"dateModified\":\"2026-04-24T19:23:18+00:00\",\"breadcrumb\":{\"@id\":\"https:\\\/\\\/beautysane.com\\\/de\\\/fr\\\/boutique\\\/energy\\\/energy-aroma\\\/digesty-30ml#breadcrumb\"},\"inLanguage\":\"fr-FR\",\"potentialAction\":[{\"@type\":\"ReadAction\",\"target\":[\"https:\\\/\\\/beautysane.com\\\/de\\\/fr\\\/boutique\\\/energy\\\/energy-aroma\\\/digesty-30ml\"]}]},{\"@type\":\"ImageObject\",\"inLanguage\":\"fr-FR\",\"@id\":\"https:\\\/\\\/beautysane.com\\\/de\\\/fr\\\/boutique\\\/energy\\\/energy-aroma\\\/digesty-30ml#primaryimage\",\"url\":\"https:\\\/\\\/beautysane.ams3.digitaloceanspaces.com\\\/wp-content\\\/uploads\\\/sites\\\/6\\\/2021\\\/10\\\/29040002\\\/HE007_BC.png\",\"contentUrl\":\"https:\\\/\\\/beautysane.ams3.digitaloceanspaces.com\\\/wp-content\\\/uploads\\\/sites\\\/6\\\/2021\\\/10\\\/29040002\\\/HE007_BC.png\",\"width\":705,\"height\":705},{\"@type\":\"BreadcrumbList\",\"@id\":\"https:\\\/\\\/beautysane.com\\\/de\\\/fr\\\/boutique\\\/energy\\\/energy-aroma\\\/digesty-30ml#breadcrumb\",\"itemListElement\":[{\"@type\":\"ListItem\",\"position\":1,\"name\":\"Home\",\"item\":\"https:\\\/\\\/beautysane.com\\\/de\\\/fr\"},{\"@type\":\"ListItem\",\"position\":2,\"name\":\"Boutique\",\"item\":\"https:\\\/\\\/beautysane.com\\\/de\\\/boutique\"},{\"@type\":\"ListItem\",\"position\":3,\"name\":\"Digesty &#8211; friction 30ml\"}]},{\"@type\":\"WebSite\",\"@id\":\"https:\\\/\\\/beautysane.com\\\/de\\\/fr#website\",\"url\":\"https:\\\/\\\/beautysane.com\\\/de\\\/fr\",\"name\":\"Beautysan\u00e9 - Deutschland\",\"description\":\"Feed The Change\",\"potentialAction\":[{\"@type\":\"SearchAction\",\"target\":{\"@type\":\"EntryPoint\",\"urlTemplate\":\"https:\\\/\\\/beautysane.com\\\/de\\\/fr?s={search_term_string}\"},\"query-input\":{\"@type\":\"PropertyValueSpecification\",\"valueRequired\":true,\"valueName\":\"search_term_string\"}}],\"inLanguage\":\"fr-FR\"},false]}<\/script>\n<meta property=\"product:price:amount\" content=\"30.64\" \/>\n<meta property=\"product:price:currency\" content=\"EUR\" \/>\n<meta property=\"og:availability\" content=\"instock\" \/>\n<meta property=\"product:availability\" content=\"instock\" \/>\n<meta property=\"product:retailer_item_id\" content=\"HE-2021-007-BC\" \/>\n<meta property=\"product:condition\" content=\"new\" \/>\n<!-- \/ Yoast SEO Premium plugin. -->","yoast_head_json":{"title":"Digesty - friction 30ml - Beautysan\u00e9 - Deutschland","robots":{"index":"index","follow":"follow","max-snippet":"max-snippet:-1","max-image-preview":"max-image-preview:large","max-video-preview":"max-video-preview:-1"},"canonical":"https:\/\/beautysane.com\/de\/fr\/boutique\/energy\/energy-aroma\/digesty-30ml","og_locale":"fr_FR","og_type":"article","og_title":"Digesty - friction 30ml","og_description":"Pour prendre soin de votre confort digestif et retrouver une bonne digestion, ayez le r\u00e9flexe Digesty ! Les huiles v\u00e9g\u00e9tales qui la composent (huiles d\u2019amande douce, de s\u00e9same et de tournesol) sont nourrissantes, hydratantes et adoucissantes. Elles optimisent la p\u00e9n\u00e9tration en synergie des 5 huiles essentielles d\u2019Orange douce, de gingembre, de Cardamome, de Basilic et [&hellip;]","og_url":"https:\/\/beautysane.com\/de\/fr\/boutique\/energy\/energy-aroma\/digesty-30ml","og_site_name":"Beautysan\u00e9 - Deutschland","article_publisher":"https:\/\/www.facebook.com\/Beautysane\/","article_modified_time":"2026-04-24T19:23:18+00:00","og_image":[{"width":705,"height":705,"url":"https:\/\/beautysane.ams3.digitaloceanspaces.com\/wp-content\/uploads\/sites\/6\/2021\/10\/29040002\/HE007_BC.png","type":"image\/png"}],"twitter_card":"summary_large_image","twitter_misc":{"Prix":"30,64&euro;","Disponibilit\u00e9":"En stock"},"schema":{"@context":"https:\/\/schema.org","@graph":[{"@type":"WebPage","@id":"https:\/\/beautysane.com\/de\/fr\/boutique\/energy\/energy-aroma\/digesty-30ml","url":"https:\/\/beautysane.com\/de\/fr\/boutique\/energy\/energy-aroma\/digesty-30ml","name":"Digesty - friction 30ml - Beautysan\u00e9 - Deutschland","isPartOf":{"@id":"https:\/\/beautysane.com\/de\/fr#website"},"primaryImageOfPage":{"@id":"https:\/\/beautysane.com\/de\/fr\/boutique\/energy\/energy-aroma\/digesty-30ml#primaryimage"},"image":{"@id":"https:\/\/beautysane.com\/de\/fr\/boutique\/energy\/energy-aroma\/digesty-30ml#primaryimage"},"thumbnailUrl":"https:\/\/beautysane.ams3.digitaloceanspaces.com\/wp-content\/uploads\/sites\/6\/2021\/10\/29040002\/HE007_BC.png","datePublished":"2021-09-07T12:40:09+00:00","dateModified":"2026-04-24T19:23:18+00:00","breadcrumb":{"@id":"https:\/\/beautysane.com\/de\/fr\/boutique\/energy\/energy-aroma\/digesty-30ml#breadcrumb"},"inLanguage":"fr-FR","potentialAction":[{"@type":"ReadAction","target":["https:\/\/beautysane.com\/de\/fr\/boutique\/energy\/energy-aroma\/digesty-30ml"]}]},{"@type":"ImageObject","inLanguage":"fr-FR","@id":"https:\/\/beautysane.com\/de\/fr\/boutique\/energy\/energy-aroma\/digesty-30ml#primaryimage","url":"https:\/\/beautysane.ams3.digitaloceanspaces.com\/wp-content\/uploads\/sites\/6\/2021\/10\/29040002\/HE007_BC.png","contentUrl":"https:\/\/beautysane.ams3.digitaloceanspaces.com\/wp-content\/uploads\/sites\/6\/2021\/10\/29040002\/HE007_BC.png","width":705,"height":705},{"@type":"BreadcrumbList","@id":"https:\/\/beautysane.com\/de\/fr\/boutique\/energy\/energy-aroma\/digesty-30ml#breadcrumb","itemListElement":[{"@type":"ListItem","position":1,"name":"Home","item":"https:\/\/beautysane.com\/de\/fr"},{"@type":"ListItem","position":2,"name":"Boutique","item":"https:\/\/beautysane.com\/de\/boutique"},{"@type":"ListItem","position":3,"name":"Digesty &#8211; friction 30ml"}]},{"@type":"WebSite","@id":"https:\/\/beautysane.com\/de\/fr#website","url":"https:\/\/beautysane.com\/de\/fr","name":"Beautysan\u00e9 - Deutschland","description":"Feed The Change","potentialAction":[{"@type":"SearchAction","target":{"@type":"EntryPoint","urlTemplate":"https:\/\/beautysane.com\/de\/fr?s={search_term_string}"},"query-input":{"@type":"PropertyValueSpecification","valueRequired":true,"valueName":"search_term_string"}}],"inLanguage":"fr-FR"},false]},"product_price_amount":"30.64","product_price_currency":"EUR","og_availability":"instock","product_availability":"instock","product_retailer_item_id":"HE-2021-007-BC","product_condition":"new"},"yasr_visitor_votes":{"stars_attributes":{"read_only":true,"span_bottom":"<div class='yasr-small-block-bold'><span class='yasr-visitor-votes-must-sign-in'>Vous devez \u00eatre connect\u00e9 pour voter<\/span><\/div>"},"number_of_votes":0,"sum_votes":0},"_links":{"self":[{"href":"https:\/\/beautysane.com\/de\/fr\/wp-json\/wp\/v2\/product\/4863","targetHints":{"allow":["GET"]}}],"collection":[{"href":"https:\/\/beautysane.com\/de\/fr\/wp-json\/wp\/v2\/product"}],"about":[{"href":"https:\/\/beautysane.com\/de\/fr\/wp-json\/wp\/v2\/types\/product"}],"replies":[{"embeddable":true,"href":"https:\/\/beautysane.com\/de\/fr\/wp-json\/wp\/v2\/comments?post=4863"}],"wp:featuredmedia":[{"embeddable":true,"href":"https:\/\/beautysane.com\/de\/fr\/wp-json\/wp\/v2\/media\/13628"}],"wp:attachment":[{"href":"https:\/\/beautysane.com\/de\/fr\/wp-json\/wp\/v2\/media?parent=4863"}],"wp:term":[{"taxonomy":"product_brand","embeddable":true,"href":"https:\/\/beautysane.com\/de\/fr\/wp-json\/wp\/v2\/product_brand?post=4863"},{"taxonomy":"product_cat","embeddable":true,"href":"https:\/\/beautysane.com\/de\/fr\/wp-json\/wp\/v2\/product_cat?post=4863"},{"taxonomy":"product_tag","embeddable":true,"href":"https:\/\/beautysane.com\/de\/fr\/wp-json\/wp\/v2\/product_tag?post=4863"}],"curies":[{"name":"wp","href":"https:\/\/api.w.org\/{rel}","templated":true}]}}