{"id":111679,"date":"2022-10-07T16:37:14","date_gmt":"2022-10-07T14:37:14","guid":{"rendered":"https:\/\/beautysane.com\/de\/b-treueprogramm"},"modified":"2023-01-12T12:24:09","modified_gmt":"2023-01-12T11:24:09","slug":"b-treueprogramm","status":"publish","type":"page","link":"https:\/\/beautysane.com\/de\/b-treueprogramm","title":{"rendered":"B+ Treueprogramm"},"content":{"rendered":"\n<section id=\"\" class=\"heading-section\">\n    <div class=\"container\">\n        <div class=\"row\">\n            <div class=\"col-lg-8\">\n                <div class=\"heading-quote\">\n                    <span style=\"color: #37d894\"><\/span>\n                    <h1 class=\"title\">Sie haben weniger zu denken, dank des B+ Abos<\/h1>\n                    <p>Dank B+ gehen Ihnen die Beautysan\u00e9-Produkte nie aus. Jeden Monat erhalten Sie Ihre Lieblingsprodukte, ohne daran denken zu m\u00fcssen.<\/p>\n                <\/div>\n            <\/div>\n\n            <div class=\"col-lg-4\">\n                \n                <div class=\"features\">\n                                            <div class=\"item d-flex align-items-start\">\n                            <img decoding=\"async\" src=\"https:\/\/beautysane.ams3.digitaloceanspaces.com\/wp-content\/uploads\/sites\/6\/2021\/08\/29040152\/pf_icon_1.svg\" alt=\"pf_icon_1\">\n                            <div class=\"info\">\n                                <h4 class=\"title\" style=\"color: #37d894\">Ihre Lieblingsprodukte, die jeden Monat geliefert werden<\/h4>\n                                <p>B+ schickt Ihnen Ihre Lieblingsprodukte, noch bevor Sie Ihnen ausgehen.<\/p>\n                            <\/div>\n                        <\/div>\n                                            <div class=\"item d-flex align-items-start\">\n                            <img decoding=\"async\" src=\"https:\/\/beautysane.ams3.digitaloceanspaces.com\/wp-content\/uploads\/sites\/6\/2021\/08\/29040152\/pf_icon_2.svg\" alt=\"pf_icon_2\">\n                            <div class=\"info\">\n                                <h4 class=\"title\" style=\"color: #37d894\">Ihre Treue wird immer belohnt  <\/h4>\n                                <p>Sparen Sie bis zu 10 % Ihres Einkaufs in Treuepunkten.  <\/p>\n                            <\/div>\n                        <\/div>\n                                            <div class=\"item d-flex align-items-start\">\n                            <img decoding=\"async\" src=\"https:\/\/beautysane.ams3.digitaloceanspaces.com\/wp-content\/uploads\/sites\/6\/2021\/08\/29040152\/pf_icon_3.svg\" alt=\"pf_icon_3\">\n                            <div class=\"info\">\n                                <h4 class=\"title\" style=\"color: #37d894\">Ihre Produktauswahl, ganz einfach durch einige Klicks<\/h4>\n                                <p>Behalten Sie den \u00dcberblick \u00fcber Ihr Abonnement: F\u00fcgen Sie jederzeit Produkte f\u00fcr die n\u00e4chste Lieferung hinzu oder entfernen Sie sie.<\/p>\n                            <\/div>\n                        <\/div>\n                                    <\/div>\n            <\/div>\n        <\/div>\n    <\/div>\n<\/section>\n\n\n\n<section id=\"\" class=\"block_type_9\">\n    <div class=\"background\" style='background-image: url(\" https:\/\/beautysane.ams3.digitaloceanspaces.com\/wp-content\/uploads\/sites\/6\/2021\/08\/29040151\/background.jpg\")'>\n            <\/div>\n    <div class=\"container\">\n                    <img decoding=\"async\" class=\"image_b position_1\" src=\"https:\/\/beautysane.ams3.digitaloceanspaces.com\/wp-content\/uploads\/sites\/6\/2021\/08\/29040151\/icon_b.svg\" alt=\"\">\n                <div class=\"row\">\n\n            <div class=\"first_col col-md-8\">\n                \n                <h1 class=\"title\">Sich selbst pflegen, ohne sich selbst zu \u00fcberfordern?  <br>Gebrauchsanweisung!<\/h1>\n\n                            <\/div>\n\n            <div class=\"second_col col-md-4\">\n                <a href=\"https:\/\/beautysane.com\/de\/boutique\" class=\"btn btn-rounded-go\" style=\"background-color: #37d894\">\n                    Shop                    <i class=\"icon BS-arrow-btn\"><\/i>\n                <\/a>\n            <\/div>\n        <\/div>\n    <\/div>\n<\/section>\n\n\n\n<section id=\"\" class=\"block_type_10\">\n    <div class=\"container\">\n        <div class=\"row\">\n            <div class=\"col-md-4 mt-md-0 mt-4 mb-md-0 mb-5\">\n                <div class=\"illustration\">\n                    <img decoding=\"async\" src=\"https:\/\/beautysane.com\/de\/wp-content\/themes\/storefront-child\/assets\/images\/block-types\/step_1.svg\" alt=\"\">\n                    <p class=\"number\" style=\"color: #37d894; border-color: #37d894\">1<\/p>\n                <\/div>\n                <p class=\"title\"><\/p>\n                <p class=\"text\"><\/p>\n            <\/div>\n            <div class=\"col-md-4 mt-md-0 mt-5 mb-md-0 mb-5\">\n                <div class=\"illustration\">\n                    <img decoding=\"async\" src=\"https:\/\/beautysane.com\/de\/wp-content\/themes\/storefront-child\/assets\/images\/block-types\/step_2.svg\" alt=\"\">\n                    <p class=\"number\" style=\"color: #37d894; border-color: #37d894\">2<\/p>\n                <\/div>\n                <p class=\"title\"><\/p>\n                <p class=\"text\"><\/p>\n            <\/div>\n            <div class=\"col-md-4 mt-md-0 mt-5\">\n                <div class=\"illustration\">\n                    <img decoding=\"async\" src=\"https:\/\/beautysane.com\/de\/wp-content\/themes\/storefront-child\/assets\/images\/block-types\/step_3.svg\" alt=\"\">\n                    <p class=\"number\" style=\"color: #37d894; border-color: #37d894\">3<\/p>\n                <\/div>\n                <p class=\"title\"><\/p>\n                <p class=\"text\"><\/p>\n            <\/div>\n        <\/div>\n    <\/div>\n<\/section>\n\n\n\n<style>\n    .block_type_11 .container .row > .first_col h1,\n    .block_type_11 .container .row > .first_col h2,\n    .block_type_11 .container .row > .first_col h3,\n    .block_type_11 .container .row > .first_col h4,\n    .block_type_11 .container .row > .first_col h5,\n    .block_type_11 .container .row > .first_col h6,\n    .block_type_11 .container .row > .first_col a:not(.btn-rounded-go) {\n        color: #37d894;\n    }\n<\/style>\n\n<section id=\"\" class=\"block_type_11\">\n    <div class=\"container\">\n        <div class=\"row\">\n            <div class=\"first_col col-lg-8\">\n                <h2>Warum sollten Sie sich in B+ verlieben?<\/h2>\n<p>Verpassen Sie nie Beautysan\u00e9!  <strong>W\u00e4hlen Sie Ihren bevorzugten Liefertag und erhalten Sie alle Ihre Lieblingsprodukte automatisch nach Hause geliefert.<\/strong><\/p>\n<h2>B+ Produkte geschenkt<\/h2>\n<p>Wenn Sie sich f\u00fcr unser B+ Programm anmelden, erhalten Sie nicht nur alle Ihre Lieblingsprodukte, sondern auch <strong>7% Treuepunkte in den ersten 6 Monaten und 10% in den darauffolgenden Monaten<\/strong>.<\/p>\n<p><strong>1 Treuepunkt = 1 \u20ac, der f\u00fcr den Kauf eines neuen Produkts zur Verf\u00fcgung steht<\/strong><\/p>\n<p>Haben Sie genug Treuepunkte? F\u00fcgen Sie einfach das Produkt Ihrer Wahl zu Ihrer B+ Bestellung hinzu und erhalten Sie es kostenlos mit Ihrer n\u00e4chsten Bestellung. Die Gelegenheit, alle unsere Neuheiten kostenlos zu testen!<\/p>\n<h2><span data-sheets-value=\"{\"1\":2,\"2\":\"Avec B+, vous avez le contr\u00f4le \"}\" data-sheets-userformat=\"{\"2\":31299,\"3\":{\"1\":0},\"4\":[null,2,16777215],\"9\":0,\"12\":0,\"14\":[null,2,0],\"15\":\"Arial\",\"16\":10,\"17\":1}\">Mit B+ haben Sie die Kontrolle  <\/span><\/h2>\n<p>Brauchen Sie Abwechslung oder eine kleine Pause? Kein Problem: Sie k\u00f6nnen ganz einfach Produkte zu Ihrem B+ hinzuf\u00fcgen oder entfernen, das Datum Ihrer n\u00e4chsten Sendung \u00e4ndern, Ihre Sendungen 2 Mal pro Jahr aussetzen oder Ihr Abonnement einfach l\u00f6schen. Alles mit einem Klick.<\/p>\n<h2>Sind Sie bereit, den Sprung zu wagen?<\/h2>\n<p>Sie wissen nun alles \u00fcber unser B+ Programm. Jetzt m\u00fcssen Sie nur noch eines tun: loslegen! W\u00e4hlen Sie Ihre Produkte aus oder gehen Sie direkt zu unseren B+-Paketen und starten Sie jetzt Ihr Abonnement.<br \/>\n<a class=\"btn-rounded-go\" href=\"https:\/\/beta.beautysane.com\/de\/boutique\">Ich gehe<\/a><\/p>\n<h4>Haben Sie noch weitere Fragen?<\/h4>\n<p>Alle Einzelheiten finden Sie auf unserer Seite <a href=\"https:\/\/beta.beautysane.com\/de\/questions-programme-bplus\">Fragen und Antworten<\/a>.<\/p>\n            <\/div>\n                            <div class=\"second_col col-lg-4\">\n                    <div class=\"image\" style='background-image: url(\"https:\/\/beautysane.ams3.digitaloceanspaces.com\/wp-content\/uploads\/sites\/6\/2021\/09\/29035907\/ED001_BM.png\")'>\n                        <span class=\"picto\" style=\"background-color: #37d894\"><\/span>\n                    <\/div>\n                    <div class=\"content\">\n                        <div class=\"content_bg\" style=\"background-color: #37d894\"><\/div>\n                        <p class=\"title\" style=\"color: #37d894\">Der Star von B+<\/p>\n                        <p class=\"text\">Der zeitlose Star von B+ bleibt Energy Diet Chocolate!<\/p>\n                        <a href=\"https:\/\/beautysane.com\/de\/fr?post_type=product&#038;p=4773\" style=\"color: #37d894\">\n                            Produkt ansehen                            <i class=\"icon BS-arrow-btn\"><\/i>\n                        <\/a>\n                    <\/div>\n                <\/div>\n                    <\/div>\n    <\/div>\n<\/section>\n","protected":false},"excerpt":{"rendered":"","protected":false},"author":1,"featured_media":0,"parent":0,"menu_order":346,"comment_status":"closed","ping_status":"closed","template":"rich-content-template.php","meta":{"_acf_changed":false,"inline_featured_image":false,"yasr_overall_rating":0,"yasr_post_is_review":"","yasr_auto_insert_disabled":"","yasr_review_type":"","footnotes":""},"class_list":["post-111679","page","type-page","status-publish","hentry"],"acf":[],"yoast_head":"<!-- This site is optimized with the Yoast SEO Premium plugin v27.3 (Yoast SEO v27.3) - https:\/\/yoast.com\/product\/yoast-seo-premium-wordpress\/ -->\n<title>B+ Treueprogramm - Beautysan\u00e9 - Deutschland<\/title>\n<meta name=\"description\" content=\"Erhalten Sie jeden Monat Ihre Lieblingsprodukte, ohne daran denken zu m\u00fcssen, und werden Sie f\u00fcr Ihre Treue belohnt!\" \/>\n<meta name=\"robots\" content=\"index, follow, max-snippet:-1, max-image-preview:large, max-video-preview:-1\" \/>\n<link rel=\"canonical\" href=\"https:\/\/beautysane.com\/de\/b-treueprogramm\" \/>\n<meta property=\"og:locale\" content=\"de_DE\" \/>\n<meta property=\"og:type\" content=\"article\" \/>\n<meta property=\"og:title\" content=\"B+ Treueprogramm\" \/>\n<meta property=\"og:description\" content=\"Erhalten Sie jeden Monat Ihre Lieblingsprodukte und werden Sie f\u00fcr Ihre Treue belohnt!\" \/>\n<meta property=\"og:url\" content=\"https:\/\/beautysane.com\/de\/b-treueprogramm\" \/>\n<meta property=\"og:site_name\" content=\"Beautysan\u00e9 - Deutschland\" \/>\n<meta property=\"article:publisher\" content=\"https:\/\/www.facebook.com\/Beautysane\/\" \/>\n<meta property=\"article:modified_time\" content=\"2023-01-12T11:24:09+00:00\" \/>\n<meta property=\"og:image\" content=\"https:\/\/beautysane.ams3.digitaloceanspaces.com\/wp-content\/uploads\/sites\/6\/2021\/10\/29040051\/couverture-1.jpeg\" \/>\n\t<meta property=\"og:image:width\" content=\"1699\" \/>\n\t<meta property=\"og:image:height\" content=\"1133\" \/>\n\t<meta property=\"og:image:type\" content=\"image\/jpeg\" \/>\n<meta name=\"twitter:card\" content=\"summary_large_image\" \/>\n<script type=\"application\/ld+json\" class=\"yoast-schema-graph\">{\"@context\":\"https:\\\/\\\/schema.org\",\"@graph\":[{\"@type\":\"WebPage\",\"@id\":\"https:\\\/\\\/beautysane.com\\\/de\\\/b-treueprogramm\",\"url\":\"https:\\\/\\\/beautysane.com\\\/de\\\/b-treueprogramm\",\"name\":\"B+ Treueprogramm - Beautysan\u00e9 - Deutschland\",\"isPartOf\":{\"@id\":\"https:\\\/\\\/beautysane.com\\\/de\\\/#website\"},\"datePublished\":\"2022-10-07T14:37:14+00:00\",\"dateModified\":\"2023-01-12T11:24:09+00:00\",\"description\":\"Erhalten Sie jeden Monat Ihre Lieblingsprodukte, ohne daran denken zu m\u00fcssen, und werden Sie f\u00fcr Ihre Treue belohnt!\",\"breadcrumb\":{\"@id\":\"https:\\\/\\\/beautysane.com\\\/de\\\/b-treueprogramm#breadcrumb\"},\"inLanguage\":\"de\",\"potentialAction\":[{\"@type\":\"ReadAction\",\"target\":[\"https:\\\/\\\/beautysane.com\\\/de\\\/b-treueprogramm\"]}]},{\"@type\":\"BreadcrumbList\",\"@id\":\"https:\\\/\\\/beautysane.com\\\/de\\\/b-treueprogramm#breadcrumb\",\"itemListElement\":[{\"@type\":\"ListItem\",\"position\":1,\"name\":\"Home\",\"item\":\"https:\\\/\\\/beautysane.com\\\/de\"},{\"@type\":\"ListItem\",\"position\":2,\"name\":\"B+ Treueprogramm\"}]},{\"@type\":\"WebSite\",\"@id\":\"https:\\\/\\\/beautysane.com\\\/de\\\/#website\",\"url\":\"https:\\\/\\\/beautysane.com\\\/de\\\/\",\"name\":\"Beautysan\u00e9 - Deutschland\",\"description\":\"Feed The Change\",\"potentialAction\":[{\"@type\":\"SearchAction\",\"target\":{\"@type\":\"EntryPoint\",\"urlTemplate\":\"https:\\\/\\\/beautysane.com\\\/de\\\/?s={search_term_string}\"},\"query-input\":{\"@type\":\"PropertyValueSpecification\",\"valueRequired\":true,\"valueName\":\"search_term_string\"}}],\"inLanguage\":\"de\"},false]}<\/script>\n<!-- \/ Yoast SEO Premium plugin. -->","yoast_head_json":{"title":"B+ Treueprogramm - Beautysan\u00e9 - Deutschland","description":"Erhalten Sie jeden Monat Ihre Lieblingsprodukte, ohne daran denken zu m\u00fcssen, und werden Sie f\u00fcr Ihre Treue belohnt!","robots":{"index":"index","follow":"follow","max-snippet":"max-snippet:-1","max-image-preview":"max-image-preview:large","max-video-preview":"max-video-preview:-1"},"canonical":"https:\/\/beautysane.com\/de\/b-treueprogramm","og_locale":"de_DE","og_type":"article","og_title":"B+ Treueprogramm","og_description":"Erhalten Sie jeden Monat Ihre Lieblingsprodukte und werden Sie f\u00fcr Ihre Treue belohnt!","og_url":"https:\/\/beautysane.com\/de\/b-treueprogramm","og_site_name":"Beautysan\u00e9 - Deutschland","article_publisher":"https:\/\/www.facebook.com\/Beautysane\/","article_modified_time":"2023-01-12T11:24:09+00:00","og_image":[{"width":1699,"height":1133,"url":"https:\/\/beautysane.ams3.digitaloceanspaces.com\/wp-content\/uploads\/sites\/6\/2021\/10\/29040051\/couverture-1.jpeg","type":"image\/jpeg"}],"twitter_card":"summary_large_image","schema":{"@context":"https:\/\/schema.org","@graph":[{"@type":"WebPage","@id":"https:\/\/beautysane.com\/de\/b-treueprogramm","url":"https:\/\/beautysane.com\/de\/b-treueprogramm","name":"B+ Treueprogramm - Beautysan\u00e9 - Deutschland","isPartOf":{"@id":"https:\/\/beautysane.com\/de\/#website"},"datePublished":"2022-10-07T14:37:14+00:00","dateModified":"2023-01-12T11:24:09+00:00","description":"Erhalten Sie jeden Monat Ihre Lieblingsprodukte, ohne daran denken zu m\u00fcssen, und werden Sie f\u00fcr Ihre Treue belohnt!","breadcrumb":{"@id":"https:\/\/beautysane.com\/de\/b-treueprogramm#breadcrumb"},"inLanguage":"de","potentialAction":[{"@type":"ReadAction","target":["https:\/\/beautysane.com\/de\/b-treueprogramm"]}]},{"@type":"BreadcrumbList","@id":"https:\/\/beautysane.com\/de\/b-treueprogramm#breadcrumb","itemListElement":[{"@type":"ListItem","position":1,"name":"Home","item":"https:\/\/beautysane.com\/de"},{"@type":"ListItem","position":2,"name":"B+ Treueprogramm"}]},{"@type":"WebSite","@id":"https:\/\/beautysane.com\/de\/#website","url":"https:\/\/beautysane.com\/de\/","name":"Beautysan\u00e9 - Deutschland","description":"Feed The Change","potentialAction":[{"@type":"SearchAction","target":{"@type":"EntryPoint","urlTemplate":"https:\/\/beautysane.com\/de\/?s={search_term_string}"},"query-input":{"@type":"PropertyValueSpecification","valueRequired":true,"valueName":"search_term_string"}}],"inLanguage":"de"},false]}},"yasr_visitor_votes":{"stars_attributes":{"read_only":true,"span_bottom":"<div class='yasr-small-block-bold'><span class='yasr-visitor-votes-must-sign-in'>You must sign in to vote<\/span><\/div>"},"number_of_votes":0,"sum_votes":0},"_links":{"self":[{"href":"https:\/\/beautysane.com\/de\/wp-json\/wp\/v2\/pages\/111679","targetHints":{"allow":["GET"]}}],"collection":[{"href":"https:\/\/beautysane.com\/de\/wp-json\/wp\/v2\/pages"}],"about":[{"href":"https:\/\/beautysane.com\/de\/wp-json\/wp\/v2\/types\/page"}],"author":[{"embeddable":true,"href":"https:\/\/beautysane.com\/de\/wp-json\/wp\/v2\/users\/1"}],"replies":[{"embeddable":true,"href":"https:\/\/beautysane.com\/de\/wp-json\/wp\/v2\/comments?post=111679"}],"version-history":[{"count":12,"href":"https:\/\/beautysane.com\/de\/wp-json\/wp\/v2\/pages\/111679\/revisions"}],"predecessor-version":[{"id":121114,"href":"https:\/\/beautysane.com\/de\/wp-json\/wp\/v2\/pages\/111679\/revisions\/121114"}],"wp:attachment":[{"href":"https:\/\/beautysane.com\/de\/wp-json\/wp\/v2\/media?parent=111679"}],"curies":[{"name":"wp","href":"https:\/\/api.w.org\/{rel}","templated":true}]}}