{"id":111689,"date":"2022-10-07T16:37:17","date_gmt":"2022-10-07T14:37:17","guid":{"rendered":"https:\/\/beautysane.com\/de\/wer-sind-wir"},"modified":"2024-03-05T16:30:34","modified_gmt":"2024-03-05T15:30:34","slug":"wer-sind-wir","status":"publish","type":"page","link":"https:\/\/beautysane.com\/de\/wer-sind-wir","title":{"rendered":"Wer sind wir?"},"content":{"rendered":"\n<section id=\"\" class=\"heading-section\">\n    <div class=\"container\">\n        <div class=\"row\">\n            <div class=\"col-lg-8\">\n                <div class=\"heading-quote\">\n                    <span style=\"color: #ffb800\">Unser Credo<\/span>\n                    <h1 class=\"title\">Feed the Change  <br>von Beautysan\u00e9.<\/h1>\n                    <p>Hilfe bei der Freisetzung des Potenzials jedes Einzelnen durch eine gesteigerte Ern\u00e4hrung.<\/p>\n                <\/div>\n            <\/div>\n\n            <div class=\"col-lg-4\">\n                \n                <div class=\"features\">\n                                            <div class=\"item d-flex align-items-start\">\n                            <img decoding=\"async\" src=\"https:\/\/beautysane.ams3.digitaloceanspaces.com\/wp-content\/uploads\/sites\/6\/2021\/10\/29040104\/happy.png\" alt=\"happy\">\n                            <div class=\"info\">\n                                <h4 class=\"title\" style=\"color: #ffb800\">Wohlbefinden<\/h4>\n                                <p>Beautysan\u00e9 liefert gesunde, ausgewogene Ern\u00e4hrungsl\u00f6sungen<\/p>\n                            <\/div>\n                        <\/div>\n                                            <div class=\"item d-flex align-items-start\">\n                            <img decoding=\"async\" src=\"https:\/\/beautysane.ams3.digitaloceanspaces.com\/wp-content\/uploads\/sites\/6\/2021\/10\/29040103\/search-1.png\" alt=\"search (1)\">\n                            <div class=\"info\">\n                                <h4 class=\"title\" style=\"color: #ffb800\">Expertise<\/h4>\n                                <p>Unsere Experten arbeiten an exklusiven Formeln, um Ihnen einzigartige Produkte anbieten zu k\u00f6nnen.  <\/p>\n                            <\/div>\n                        <\/div>\n                                            <div class=\"item d-flex align-items-start\">\n                            <img decoding=\"async\" src=\"https:\/\/beautysane.ams3.digitaloceanspaces.com\/wp-content\/uploads\/sites\/6\/2021\/10\/29040103\/plant-1.png\" alt=\"plant (1)\">\n                            <div class=\"info\">\n                                <h4 class=\"title\" style=\"color: #ffb800\">Erh\u00f6hte Ern\u00e4hrung<\/h4>\n                                <p>23 Vitamine und Mineralstoffe, Ballaststoffquelle und hohe Verdaulichkeit.<\/p>\n                            <\/div>\n                        <\/div>\n                                            <div class=\"item d-flex align-items-start\">\n                            <img decoding=\"async\" src=\"https:\/\/beautysane.ams3.digitaloceanspaces.com\/wp-content\/uploads\/sites\/6\/2021\/10\/29040104\/handshake-2.png\" alt=\"handshake (2)\">\n                            <div class=\"info\">\n                                <h4 class=\"title\" style=\"color: #ffb800\">Folge<\/h4>\n                                <p>Sie sind nicht allein, unsere Community und unsere Berater sind da, um Ihnen zu helfen und Sie zu begleiten.<\/p>\n                            <\/div>\n                        <\/div>\n                                    <\/div>\n            <\/div>\n        <\/div>\n    <\/div>\n<\/section>\n\n\n\n<section id=\"\" class=\"block_type_2  second_column_video timeline\">\n    <div class=\"background\" style='background-image: url(\" https:\/\/beautysane.ams3.digitaloceanspaces.com\/wp-content\/uploads\/sites\/6\/2021\/10\/29035735\/A-propos-scaled-2048x836.jpg\")'>\n            <\/div>\n    <div class=\"container\">\n                    <img decoding=\"async\" class=\"image_b position_1\" src=\"https:\/\/beautysane.ams3.digitaloceanspaces.com\/wp-content\/uploads\/sites\/6\/2021\/08\/29040159\/logo_B.svg\" alt=\"\">\n                <div class=\"row\">\n\n            <div class=\"first_col col-md-6\">\n                                    <span class=\"pre_title\" style=\"color: #ffb800\">Made in Frankreich<\/span>\n                \n                <h1 class=\"title\">Innovative Ern\u00e4hrungsl\u00f6sungen<\/h1>\n\n                                    <p class=\"text\">Energy Diet, unser Hauptprodukt, sowie unsere Nahrungserg\u00e4nzungsmittel und Getr\u00e4nke werden in Frankreich von unserer Produktionseinheit unter Einhaltung der franz\u00f6sischen und europ\u00e4ischen Lebensmittelnormen entwickelt, hergestellt und verpackt.  \r\nMit unserer Forschungs- und Entwicklungsabteilung und durch zahlreiche Kooperationen erforschen wir neue Wege, um uns die Ern\u00e4hrung von morgen vorzustellen.<\/p>\n                \n                            <\/div>\n\n                            <div class=\"second_col col-md-6\">\n\n                    \n                        <div class=\"video\">\n                            <div class=\"img\">\n                                <img loading=\"lazy\" decoding=\"async\" width=\"600\" height=\"338\" src=\"https:\/\/beautysane.ams3.digitaloceanspaces.com\/wp-content\/uploads\/sites\/6\/2021\/10\/29040057\/solutions_nutritionnelles_beautysane-1.png\" class=\"attachment-large size-large\" alt=\"\" srcset=\"https:\/\/beautysane.ams3.digitaloceanspaces.com\/wp-content\/uploads\/sites\/6\/2021\/10\/29040057\/solutions_nutritionnelles_beautysane-1.png 600w, https:\/\/beautysane.ams3.digitaloceanspaces.com\/wp-content\/uploads\/sites\/6\/2021\/10\/29040057\/solutions_nutritionnelles_beautysane-1-300x169.png 300w, https:\/\/beautysane.ams3.digitaloceanspaces.com\/wp-content\/uploads\/sites\/6\/2021\/10\/29040057\/solutions_nutritionnelles_beautysane-1-100x56.png 100w, https:\/\/beautysane.ams3.digitaloceanspaces.com\/wp-content\/uploads\/sites\/6\/2021\/10\/29040057\/solutions_nutritionnelles_beautysane-1-324x183.png 324w, https:\/\/beautysane.ams3.digitaloceanspaces.com\/wp-content\/uploads\/sites\/6\/2021\/10\/29040057\/solutions_nutritionnelles_beautysane-1-416x234.png 416w\" sizes=\"auto, (max-width: 600px) 100vw, 600px\" \/>                                <button type=\"button\"\n                                        data-iframe-url=\"https:\/\/www.youtube.com\/embed\/iIG8TPrCgsc\"><\/button>\n                            <\/div>\n                            <div class=\"custom_modal\" style=\"display: none;\">\n                                <a href=\"#\" class=\"close\"><i class=\"fas fa-times\"><\/i><\/a>\n                                <div class=\"content\"><\/div>\n                            <\/div>\n                            <div class=\"custom_modal_overlay\" style=\"display: none;\"><\/div>\n                        <\/div>\n\n                                    <\/div>\n            \n                            <div class=\"timeline_container col-12\">\n                    <ul class=\"timeline\">\n                                                                                    <li class=\"event\">\n                                    <div class=\"content\">\n                                        <p class=\"title\"\n                                           style=\"color: #ffb800\">Energy Diet<\/p>\n                                        <p class=\"text\">Mit mehr als 12 Geschmacksrichtungen steht Energy Diet immer im Mittelpunkt unseres Sortiments<\/p>\n                                    <\/div>\n                                    <p class=\"year\"\n                                       style=\"background-color: #ffb800\">2003<\/p>\n                                <\/li>\n                                                            <li class=\"event\">\n                                    <div class=\"content\">\n                                        <p class=\"title\"\n                                           style=\"color: #ffb800\">Energy Detox<\/p>\n                                        <p class=\"text\">Einf\u00fchrung des entw\u00e4ssernden Getr\u00e4nks Energy Detox<\/p>\n                                    <\/div>\n                                    <p class=\"year\"\n                                       style=\"background-color: #ffb800\">2005<\/p>\n                                <\/li>\n                                                            <li class=\"event\">\n                                    <div class=\"content\">\n                                        <p class=\"title\"\n                                           style=\"color: #ffb800\">Energy Care<\/p>\n                                        <p class=\"text\">Mikron\u00e4hrstoffe f\u00fcr alle Bed\u00fcrfnisse des Alltags<\/p>\n                                    <\/div>\n                                    <p class=\"year\"\n                                       style=\"background-color: #ffb800\">2009<\/p>\n                                <\/li>\n                                                            <li class=\"event\">\n                                    <div class=\"content\">\n                                        <p class=\"title\"\n                                           style=\"color: #ffb800\">Reformulierung von Energy Diet<\/p>\n                                        <p class=\"text\">Ern\u00e4hrungstechnische Optimierung der Formel<\/p>\n                                    <\/div>\n                                    <p class=\"year\"\n                                       style=\"background-color: #ffb800\">2015<\/p>\n                                <\/li>\n                                                            <li class=\"event\">\n                                    <div class=\"content\">\n                                        <p class=\"title\"\n                                           style=\"color: #ffb800\">Energy Aroma<\/p>\n                                        <p class=\"text\">Schaffung der Aroma-Reihe<\/p>\n                                    <\/div>\n                                    <p class=\"year\"\n                                       style=\"background-color: #ffb800\">2020<\/p>\n                                <\/li>\n                                                            <li class=\"event\">\n                                    <div class=\"content\">\n                                        <p class=\"title\"\n                                           style=\"color: #ffb800\">Harmony et Relax<\/p>\n                                        <p class=\"text\">Die neuen Rituale f\u00fcr das Wohlbefinden<\/p>\n                                    <\/div>\n                                    <p class=\"year\"\n                                       style=\"background-color: #ffb800\">2022<\/p>\n                                <\/li>\n                                                            <li class=\"event\">\n                                    <div class=\"content\">\n                                        <p class=\"title\"\n                                           style=\"color: #ffb800\">Energy Vegan<\/p>\n                                        <p class=\"text\">100% vegane Formulierungen, darunter ein herzhafter <\/p>\n                                    <\/div>\n                                    <p class=\"year\"\n                                       style=\"background-color: #ffb800\">2023<\/p>\n                                <\/li>\n                                                                        <\/ul>\n                <\/div>\n            \n        <\/div>\n    <\/div>\n<\/section>\n\n\n\n<section id=\"\" class=\"block_type_5 showcase\">\n    <div class=\"carousel\"\n         data-flickity='{  \"wrapAround\": true, \"prevNextButtons\": false, \"pageDots\": false, \"cellAlign\": \"right\", \"autoPlay\": false, \"percentPosition\": false }'>\n                    <div class=\"carousel-cell\">\n                <div class=\"outer\" style='background-image: url(\"https:\/\/beautysane.ams3.digitaloceanspaces.com\/wp-content\/uploads\/sites\/6\/2024\/03\/05162956\/SDA_2024_410x700-1.jpg\")'>\n                                    <\/div>\n            <\/div>\n                    <div class=\"carousel-cell\">\n                <div class=\"outer\" style='background-image: url(\"https:\/\/beautysane.ams3.digitaloceanspaces.com\/wp-content\/uploads\/sites\/6\/2021\/09\/29040119\/smoothie-bowl-1024x683.png\")'>\n                                    <\/div>\n            <\/div>\n                    <div class=\"carousel-cell\">\n                <div class=\"outer\" style='background-image: url(\"https:\/\/beautysane.ams3.digitaloceanspaces.com\/wp-content\/uploads\/sites\/6\/2021\/09\/29040114\/cake-choclat-1024x683.png\")'>\n                                    <\/div>\n            <\/div>\n                    <div class=\"carousel-cell\">\n                <div class=\"outer\" style='background-image: url(\"https:\/\/beautysane.ams3.digitaloceanspaces.com\/wp-content\/uploads\/sites\/6\/2021\/09\/29040150\/veloute-asperge-1024x683.png\")'>\n                                    <\/div>\n            <\/div>\n            <\/div>\n\n    <div class=\"container\">\n        <div class=\"row\">\n            <div class=\"col-lg-6 offset-lg-6\">\n                <div class=\"explanation pl-lg-4 paragraph\">\n                                            <span style=\"color: #ffb800\">Geschmack an erster Stelle<\/span>\n                    \n                    <h2 class=\"title\">Die Marke, die  <br>des Geschmacks<\/h2>\n\n                                            <p class=\"text\">\n                            Beautysan\u00e9 setzt auf Forschung und Innovation, ohne jemals den Geschmack und die Freude am Essen zu vergessen. Unsere Priorit\u00e4t: ausgewogene, vollwertige, praktische und leckere Mahlzeiten mit vielen Geschmacksrichtungen anbieten!\r\n<br><br>\r\nSeit 2012 werden unsere Produkte jedes Jahr von einer Jury, die aus mehreren hundert Verbrauchern besteht, als &#8220;Geschmack des Jahres&#8221; ausgezeichnet.\r\nDie Art und Weise, wie wir essen, ist der Grundpfeiler unseres Lebens. Beautysan\u00e9 m\u00f6chte, dass Sie das Leben genie\u00dfen, genie\u00dfen Sie es mit Geschmack!                        <\/p>\n                    \n                    \n                                            <img decoding=\"async\" src=\"https:\/\/beautysane.ams3.digitaloceanspaces.com\/wp-content\/uploads\/sites\/6\/2021\/10\/29040054\/fond-3.png\" alt=\"\">\n                    \n                <\/div>\n            <\/div>\n        <\/div>\n    <\/div>\n<\/section>\n\n\n\n<section id=\"\"\n         class=\"block_type_4  \">\n    <div class=\"container-fluid\">\n        <div class=\"row\">\n            <div class=\"col-xl-6 col-lg-7 col-md-8 content\" style=\"background-color: #ffb800\">\n                                    <span class=\"pre_title\" style=\"color:;\">Interview<\/span>\n                \n                <h1 class=\"title\">Treffen mit Sylvain Bonnet<\/h1>\n\n                                    <p class=\"text\">Gr\u00fcnder von Beautysan\u00e9<\/p>\n                \n                            <\/div>\n                            <div class=\"col-xl-6 col-lg-5 col-md-4 image\" style='background-image: url(\"https:\/\/beautysane.ams3.digitaloceanspaces.com\/wp-content\/uploads\/sites\/6\/2021\/10\/29040053\/sylvain_bonnet-1-1024x546.png\")'><\/div>\n                    <\/div>\n    <\/div>\n<\/section>\n\n\n\n<section id=\"\" class=\"block_type_6 quote-section\">\n    <div class=\"container\">\n        <div class=\"row\">\n            <div class=\"col-lg-6\">\n                <div class=\"info\">\n                    <h3 class=\"title\" style=\"color: #ffb800\">Unser Potenzial freisetzen<\/h3>\n                    <p>Unser gesamtes Potenzial zu entfalten, ist ohne menschlichen Kontakt nicht m\u00f6glich. Und es ist auch leichter, seine Gewohnheiten mithilfe einer eingeschworenen Gemeinschaft zu \u00e4ndern!  <\/p>\n                <\/div>\n            <\/div>\n\n            <div class=\"col-lg-6\">\n                <blockquote style=\"color: #ffb800\">\n                    <p>Ein Abenteuer, das wir alle gemeinsam schreiben, mit unseren Kunden, unseren Beratern, unserem Team.<\/p>\n                <\/blockquote>\n            <\/div>\n        <\/div>\n    <\/div>\n<\/section>\n\n\n\n<div class=\"wp-block-columns is-layout-flex wp-container-core-columns-is-layout-28f84493 wp-block-columns-is-layout-flex\">\n<div class=\"wp-block-column is-layout-flow wp-block-column-is-layout-flow\">\n<p>Ich bin seit meinem 23. Lebensjahr Unternehmer. Das Abenteuer begann mit dem Verkauf von Kosmetika und Technologie, aber es war 2003, als ein Team von erfahrenen Ern\u00e4hrungsberatern und ich neue Wege erforschten, um auf der Grundlage von &#8220;3 G\u00fctern&#8221; schlank zu werden und vor allem zu bleiben: gutes Essen, gute Bewegung und Wohlbefinden.  <\/p>\n\n\n\n<p>Dem vorausgegangen waren viele Jahre des pers\u00f6nlichen Gewichtsverlusts\/der Gewichtszunahme und Di\u00e4ten ohne nachhaltige Wirkung. Gemeinsam mit unserem Herstellungspartner haben wir eine neue Generation von Mahlzeitenersatz und Nahrungserg\u00e4nzungsmitteln entwickelt, die in Reichweite und St\u00e4rke weiter w\u00e4chst.<\/p>\n<\/div>\n\n\n\n<div class=\"wp-block-column is-layout-flow wp-block-column-is-layout-flow\">\n<p>Unsere Verpflichtung ist es, jedem Menschen die Grundlagen f\u00fcr ein besseres Gleichgewicht, eine bessere Gesundheit und ein besseres Leben zu geben. Um dies zu erreichen, habe ich daher als Gesch\u00e4ftsmodell &#8220;Social Selling&#8221; gew\u00e4hlt, denn unsere Gemeinschaft unabh\u00e4ngiger Beautysan\u00e9-Vertriebspartner ist das ideale Mittel, um unsere Kunden zu begleiten und ihnen zu helfen.<\/p>\n\n\n\n<p>Dieser Ansatz hat das Leben vieler Menschen ver\u00e4ndert, und ich engagiere mich weiterhin aktiv in diesen nationalen und internationalen Think Tanks, indem ich das Wesen der Ern\u00e4hrung und des Handels von morgen untersuche.<\/p>\n<\/div>\n<\/div>\n","protected":false},"excerpt":{"rendered":"<p>Ich bin seit meinem 23. Lebensjahr Unternehmer. Das Abenteuer begann mit dem Verkauf von Kosmetika und Technologie, aber es war 2003, als ein Team von erfahrenen Ern\u00e4hrungsberatern und ich neue Wege erforschten, um auf der Grundlage von &#8220;3 G\u00fctern&#8221; schlank zu werden und vor allem zu bleiben: gutes Essen, gute Bewegung und Wohlbefinden. Dem vorausgegangen [&hellip;]<\/p>\n","protected":false},"author":1,"featured_media":0,"parent":0,"menu_order":346,"comment_status":"closed","ping_status":"closed","template":"rich-content-template.php","meta":{"_acf_changed":false,"inline_featured_image":false,"yasr_overall_rating":0,"yasr_post_is_review":"","yasr_auto_insert_disabled":"","yasr_review_type":"","footnotes":""},"class_list":["post-111689","page","type-page","status-publish","hentry"],"acf":[],"yoast_head":"<!-- This site is optimized with the Yoast SEO Premium plugin v27.3 (Yoast SEO v27.3) - https:\/\/yoast.com\/product\/yoast-seo-premium-wordpress\/ -->\n<title>Wer sind wir? - Beautysan\u00e9 - Deutschland<\/title>\n<meta name=\"robots\" content=\"index, follow, max-snippet:-1, max-image-preview:large, max-video-preview:-1\" \/>\n<link rel=\"canonical\" href=\"https:\/\/beautysane.com\/de\/wer-sind-wir\" \/>\n<meta property=\"og:locale\" content=\"de_DE\" \/>\n<meta property=\"og:type\" content=\"article\" \/>\n<meta property=\"og:title\" content=\"Wer sind wir?\" \/>\n<meta property=\"og:description\" content=\"Ich bin seit meinem 23. Lebensjahr Unternehmer. Das Abenteuer begann mit dem Verkauf von Kosmetika und Technologie, aber es war 2003, als ein Team von erfahrenen Ern\u00e4hrungsberatern und ich neue Wege erforschten, um auf der Grundlage von &#8220;3 G\u00fctern&#8221; schlank zu werden und vor allem zu bleiben: gutes Essen, gute Bewegung und Wohlbefinden. Dem vorausgegangen [&hellip;]\" \/>\n<meta property=\"og:url\" content=\"https:\/\/beautysane.com\/de\/wer-sind-wir\" \/>\n<meta property=\"og:site_name\" content=\"Beautysan\u00e9 - Deutschland\" \/>\n<meta property=\"article:publisher\" content=\"https:\/\/www.facebook.com\/Beautysane\/\" \/>\n<meta property=\"article:modified_time\" content=\"2024-03-05T15:30:34+00:00\" \/>\n<meta property=\"og:image\" content=\"https:\/\/beautysane.ams3.digitaloceanspaces.com\/wp-content\/uploads\/sites\/6\/2021\/10\/29040051\/couverture-1.jpeg\" \/>\n\t<meta property=\"og:image:width\" content=\"1699\" \/>\n\t<meta property=\"og:image:height\" content=\"1133\" \/>\n\t<meta property=\"og:image:type\" content=\"image\/jpeg\" \/>\n<meta name=\"twitter:card\" content=\"summary_large_image\" \/>\n<meta name=\"twitter:label1\" content=\"Gesch\u00e4tzte Lesezeit\" \/>\n\t<meta name=\"twitter:data1\" content=\"1\u00a0Minute\" \/>\n<script type=\"application\/ld+json\" class=\"yoast-schema-graph\">{\"@context\":\"https:\\\/\\\/schema.org\",\"@graph\":[{\"@type\":\"WebPage\",\"@id\":\"https:\\\/\\\/beautysane.com\\\/de\\\/wer-sind-wir\",\"url\":\"https:\\\/\\\/beautysane.com\\\/de\\\/wer-sind-wir\",\"name\":\"Wer sind wir? - Beautysan\u00e9 - Deutschland\",\"isPartOf\":{\"@id\":\"https:\\\/\\\/beautysane.com\\\/de\\\/#website\"},\"datePublished\":\"2022-10-07T14:37:17+00:00\",\"dateModified\":\"2024-03-05T15:30:34+00:00\",\"breadcrumb\":{\"@id\":\"https:\\\/\\\/beautysane.com\\\/de\\\/wer-sind-wir#breadcrumb\"},\"inLanguage\":\"de\",\"potentialAction\":[{\"@type\":\"ReadAction\",\"target\":[\"https:\\\/\\\/beautysane.com\\\/de\\\/wer-sind-wir\"]}]},{\"@type\":\"BreadcrumbList\",\"@id\":\"https:\\\/\\\/beautysane.com\\\/de\\\/wer-sind-wir#breadcrumb\",\"itemListElement\":[{\"@type\":\"ListItem\",\"position\":1,\"name\":\"Home\",\"item\":\"https:\\\/\\\/beautysane.com\\\/de\"},{\"@type\":\"ListItem\",\"position\":2,\"name\":\"Wer sind wir?\"}]},{\"@type\":\"WebSite\",\"@id\":\"https:\\\/\\\/beautysane.com\\\/de\\\/#website\",\"url\":\"https:\\\/\\\/beautysane.com\\\/de\\\/\",\"name\":\"Beautysan\u00e9 - Deutschland\",\"description\":\"Feed The Change\",\"potentialAction\":[{\"@type\":\"SearchAction\",\"target\":{\"@type\":\"EntryPoint\",\"urlTemplate\":\"https:\\\/\\\/beautysane.com\\\/de\\\/?s={search_term_string}\"},\"query-input\":{\"@type\":\"PropertyValueSpecification\",\"valueRequired\":true,\"valueName\":\"search_term_string\"}}],\"inLanguage\":\"de\"},false]}<\/script>\n<!-- \/ Yoast SEO Premium plugin. -->","yoast_head_json":{"title":"Wer sind wir? - Beautysan\u00e9 - Deutschland","robots":{"index":"index","follow":"follow","max-snippet":"max-snippet:-1","max-image-preview":"max-image-preview:large","max-video-preview":"max-video-preview:-1"},"canonical":"https:\/\/beautysane.com\/de\/wer-sind-wir","og_locale":"de_DE","og_type":"article","og_title":"Wer sind wir?","og_description":"Ich bin seit meinem 23. Lebensjahr Unternehmer. Das Abenteuer begann mit dem Verkauf von Kosmetika und Technologie, aber es war 2003, als ein Team von erfahrenen Ern\u00e4hrungsberatern und ich neue Wege erforschten, um auf der Grundlage von &#8220;3 G\u00fctern&#8221; schlank zu werden und vor allem zu bleiben: gutes Essen, gute Bewegung und Wohlbefinden. Dem vorausgegangen [&hellip;]","og_url":"https:\/\/beautysane.com\/de\/wer-sind-wir","og_site_name":"Beautysan\u00e9 - Deutschland","article_publisher":"https:\/\/www.facebook.com\/Beautysane\/","article_modified_time":"2024-03-05T15:30:34+00:00","og_image":[{"width":1699,"height":1133,"url":"https:\/\/beautysane.ams3.digitaloceanspaces.com\/wp-content\/uploads\/sites\/6\/2021\/10\/29040051\/couverture-1.jpeg","type":"image\/jpeg"}],"twitter_card":"summary_large_image","twitter_misc":{"Gesch\u00e4tzte Lesezeit":"1\u00a0Minute"},"schema":{"@context":"https:\/\/schema.org","@graph":[{"@type":"WebPage","@id":"https:\/\/beautysane.com\/de\/wer-sind-wir","url":"https:\/\/beautysane.com\/de\/wer-sind-wir","name":"Wer sind wir? - Beautysan\u00e9 - Deutschland","isPartOf":{"@id":"https:\/\/beautysane.com\/de\/#website"},"datePublished":"2022-10-07T14:37:17+00:00","dateModified":"2024-03-05T15:30:34+00:00","breadcrumb":{"@id":"https:\/\/beautysane.com\/de\/wer-sind-wir#breadcrumb"},"inLanguage":"de","potentialAction":[{"@type":"ReadAction","target":["https:\/\/beautysane.com\/de\/wer-sind-wir"]}]},{"@type":"BreadcrumbList","@id":"https:\/\/beautysane.com\/de\/wer-sind-wir#breadcrumb","itemListElement":[{"@type":"ListItem","position":1,"name":"Home","item":"https:\/\/beautysane.com\/de"},{"@type":"ListItem","position":2,"name":"Wer sind wir?"}]},{"@type":"WebSite","@id":"https:\/\/beautysane.com\/de\/#website","url":"https:\/\/beautysane.com\/de\/","name":"Beautysan\u00e9 - Deutschland","description":"Feed The Change","potentialAction":[{"@type":"SearchAction","target":{"@type":"EntryPoint","urlTemplate":"https:\/\/beautysane.com\/de\/?s={search_term_string}"},"query-input":{"@type":"PropertyValueSpecification","valueRequired":true,"valueName":"search_term_string"}}],"inLanguage":"de"},false]}},"yasr_visitor_votes":{"stars_attributes":{"read_only":true,"span_bottom":"<div class='yasr-small-block-bold'><span class='yasr-visitor-votes-must-sign-in'>You must sign in to vote<\/span><\/div>"},"number_of_votes":0,"sum_votes":0},"_links":{"self":[{"href":"https:\/\/beautysane.com\/de\/wp-json\/wp\/v2\/pages\/111689","targetHints":{"allow":["GET"]}}],"collection":[{"href":"https:\/\/beautysane.com\/de\/wp-json\/wp\/v2\/pages"}],"about":[{"href":"https:\/\/beautysane.com\/de\/wp-json\/wp\/v2\/types\/page"}],"author":[{"embeddable":true,"href":"https:\/\/beautysane.com\/de\/wp-json\/wp\/v2\/users\/1"}],"replies":[{"embeddable":true,"href":"https:\/\/beautysane.com\/de\/wp-json\/wp\/v2\/comments?post=111689"}],"version-history":[{"count":13,"href":"https:\/\/beautysane.com\/de\/wp-json\/wp\/v2\/pages\/111689\/revisions"}],"predecessor-version":[{"id":129601,"href":"https:\/\/beautysane.com\/de\/wp-json\/wp\/v2\/pages\/111689\/revisions\/129601"}],"wp:attachment":[{"href":"https:\/\/beautysane.com\/de\/wp-json\/wp\/v2\/media?parent=111689"}],"curies":[{"name":"wp","href":"https:\/\/api.w.org\/{rel}","templated":true}]}}