{"id":111456,"date":"2021-09-07T14:36:01","date_gmt":"2021-09-07T12:36:01","guid":{"rendered":"https:\/\/beautysane.com\/de\/boutique\/unkategorisiert\/kreislauf-60-kapseln"},"modified":"2026-04-14T15:54:11","modified_gmt":"2026-04-14T13:54:11","slug":"nahrungsergaenzungsmittel-zirkulation","status":"publish","type":"product","link":"https:\/\/beautysane.com\/de\/boutique\/energy\/energy-care\/nahrungsergaenzungsmittel-zirkulation","title":{"rendered":"Kreislauf &#8211; 60 Kapseln"},"content":{"rendered":"<p>Was gibt es Sch\u00f6neres als Pflanzen an Ihren F\u00fc\u00dfen? Das Nahrungserg\u00e4nzungsmittel Circulation Beautysan\u00e9 kombiniert <strong>Bitterorange, Vitamin C und Ste<\/strong> chpalme, die den ven\u00f6sen Kreislauf unterst\u00fctzen und <strong>schwere und m\u00fcde Beine lindern<\/strong>. Vitamin C wiederum tr\u00e4gt zur normalen <strong>Kollagenbildung<\/strong> bei, um eine normale<strong> Funktion der Blutgef\u00e4\u00dfe<\/strong> zu gew\u00e4hrleisten.<\/p>\n","protected":false},"excerpt":{"rendered":"<p>Was gibt es Sch\u00f6neres als Pflanzen an Ihren F\u00fc\u00dfen? Das Nahrungserg\u00e4nzungsmittel Circulation Beautysan\u00e9 kombiniert Bitterorange, Vitamin C und Ste chpalme, die den ven\u00f6sen Kreislauf unterst\u00fctzen und schwere und m\u00fcde Beine lindern. Vitamin C wiederum tr\u00e4gt zur normalen Kollagenbildung bei, um eine normale Funktion der Blutgef\u00e4\u00dfe zu gew\u00e4hrleisten.<\/p>\n","protected":false},"featured_media":127216,"comment_status":"open","ping_status":"closed","template":"","meta":{"_acf_changed":false,"inline_featured_image":false,"yasr_overall_rating":0,"yasr_post_is_review":"","yasr_auto_insert_disabled":"","yasr_review_type":""},"product_brand":[],"product_cat":[760,608],"product_tag":[],"class_list":{"0":"post-111456","1":"product","2":"type-product","3":"status-publish","4":"has-post-thumbnail","6":"product_cat-energy","7":"product_cat-energy-care","8":"pa_objectifs-wohlbefinden","9":"has-subscription-plans","11":"first","12":"instock","13":"taxable","14":"shipping-taxable","15":"purchasable","16":"product-type-simple"},"acf":[],"yoast_head":"<!-- This site is optimized with the Yoast SEO Premium plugin v27.3 (Yoast SEO v27.3) - https:\/\/yoast.com\/product\/yoast-seo-premium-wordpress\/ -->\n<title>Kreislauf - 60 Kapseln - Beautysan\u00e9 - Deutschland<\/title>\n<meta name=\"description\" content=\"Was gibt es Sch\u00f6neres als Pflanzen an Ihren F\u00fc\u00dfen? Das Nahrungserg\u00e4nzungsmittel Circulation Beautysan\u00e9 kombiniert Bitterorange, Vitamin C und Stechpalme, die den ven\u00f6sen Kreislauf unterst\u00fctzen und schwere und m\u00fcde Beine lindern. Vitamin C wiederum tr\u00e4gt zur normalen Kollagenbildung bei, um eine normale Funktion der Blutgef\u00e4\u00dfe zu gew\u00e4hrleisten.\" \/>\n<meta name=\"robots\" content=\"index, follow, max-snippet:-1, max-image-preview:large, max-video-preview:-1\" \/>\n<link rel=\"canonical\" href=\"https:\/\/beautysane.com\/de\/boutique\/energy\/energy-care\/nahrungsergaenzungsmittel-zirkulation\" \/>\n<meta property=\"og:locale\" content=\"de_DE\" \/>\n<meta property=\"og:type\" content=\"article\" \/>\n<meta property=\"og:title\" content=\"Kreislauf - 60 Kapseln\" \/>\n<meta property=\"og:description\" content=\"Was gibt es Sch\u00f6neres als Pflanzen an Ihren F\u00fc\u00dfen? Das Nahrungserg\u00e4nzungsmittel Circulation Beautysan\u00e9 kombiniert Bitterorange, Vitamin C und Stechpalme, die den ven\u00f6sen Kreislauf unterst\u00fctzen und schwere und m\u00fcde Beine lindern. Vitamin C wiederum tr\u00e4gt zur normalen Kollagenbildung bei, um eine normale Funktion der Blutgef\u00e4\u00dfe zu gew\u00e4hrleisten.\" \/>\n<meta property=\"og:url\" content=\"https:\/\/beautysane.com\/de\/boutique\/energy\/energy-care\/nahrungsergaenzungsmittel-zirkulation\" \/>\n<meta property=\"og:site_name\" content=\"Beautysan\u00e9 - Deutschland\" \/>\n<meta property=\"article:publisher\" content=\"https:\/\/www.facebook.com\/Beautysane\/\" \/>\n<meta property=\"article:modified_time\" content=\"2026-04-14T13:54:11+00:00\" \/>\n<meta property=\"og:image\" content=\"https:\/\/beautysane.com\/de\/wp-content\/uploads\/sites\/6\/2021\/10\/CA009_BC_F.png\" \/>\n\t<meta property=\"og:image:width\" content=\"705\" \/>\n\t<meta property=\"og:image:height\" content=\"705\" \/>\n\t<meta property=\"og:image:type\" content=\"image\/png\" \/>\n<meta name=\"twitter:card\" content=\"summary_large_image\" \/>\n<meta name=\"twitter:label1\" content=\"Preis\" \/>\n\t<meta name=\"twitter:data1\" content=\"34,38&euro;\" \/>\n\t<meta name=\"twitter:label2\" content=\"Verf\u00fcgbarkeit\" \/>\n\t<meta name=\"twitter:data2\" content=\"Auf Lager\" \/>\n<script type=\"application\/ld+json\" class=\"yoast-schema-graph\">{\"@context\":\"https:\\\/\\\/schema.org\",\"@graph\":[{\"@type\":\"WebPage\",\"@id\":\"https:\\\/\\\/beautysane.com\\\/de\\\/boutique\\\/energy\\\/energy-care\\\/nahrungsergaenzungsmittel-zirkulation\",\"url\":\"https:\\\/\\\/beautysane.com\\\/de\\\/boutique\\\/energy\\\/energy-care\\\/nahrungsergaenzungsmittel-zirkulation\",\"name\":\"Kreislauf - 60 Kapseln - Beautysan\u00e9 - Deutschland\",\"isPartOf\":{\"@id\":\"https:\\\/\\\/beautysane.com\\\/de\\\/#website\"},\"primaryImageOfPage\":{\"@id\":\"https:\\\/\\\/beautysane.com\\\/de\\\/boutique\\\/energy\\\/energy-care\\\/nahrungsergaenzungsmittel-zirkulation#primaryimage\"},\"image\":{\"@id\":\"https:\\\/\\\/beautysane.com\\\/de\\\/boutique\\\/energy\\\/energy-care\\\/nahrungsergaenzungsmittel-zirkulation#primaryimage\"},\"thumbnailUrl\":\"https:\\\/\\\/beautysane.ams3.digitaloceanspaces.com\\\/wp-content\\\/uploads\\\/sites\\\/6\\\/2021\\\/09\\\/30115839\\\/CA009_BC-1.png\",\"datePublished\":\"2021-09-07T12:36:01+00:00\",\"dateModified\":\"2026-04-14T13:54:11+00:00\",\"description\":\"Was gibt es Sch\u00f6neres als Pflanzen an Ihren F\u00fc\u00dfen? Das Nahrungserg\u00e4nzungsmittel Circulation Beautysan\u00e9 kombiniert Bitterorange, Vitamin C und Stechpalme, die den ven\u00f6sen Kreislauf unterst\u00fctzen und schwere und m\u00fcde Beine lindern. Vitamin C wiederum tr\u00e4gt zur normalen Kollagenbildung bei, um eine normale Funktion der Blutgef\u00e4\u00dfe zu gew\u00e4hrleisten.\",\"breadcrumb\":{\"@id\":\"https:\\\/\\\/beautysane.com\\\/de\\\/boutique\\\/energy\\\/energy-care\\\/nahrungsergaenzungsmittel-zirkulation#breadcrumb\"},\"inLanguage\":\"de\",\"potentialAction\":[{\"@type\":\"ReadAction\",\"target\":[\"https:\\\/\\\/beautysane.com\\\/de\\\/boutique\\\/energy\\\/energy-care\\\/nahrungsergaenzungsmittel-zirkulation\"]}]},{\"@type\":\"ImageObject\",\"inLanguage\":\"de\",\"@id\":\"https:\\\/\\\/beautysane.com\\\/de\\\/boutique\\\/energy\\\/energy-care\\\/nahrungsergaenzungsmittel-zirkulation#primaryimage\",\"url\":\"https:\\\/\\\/beautysane.ams3.digitaloceanspaces.com\\\/wp-content\\\/uploads\\\/sites\\\/6\\\/2021\\\/09\\\/30115839\\\/CA009_BC-1.png\",\"contentUrl\":\"https:\\\/\\\/beautysane.ams3.digitaloceanspaces.com\\\/wp-content\\\/uploads\\\/sites\\\/6\\\/2021\\\/09\\\/30115839\\\/CA009_BC-1.png\",\"width\":600,\"height\":600},{\"@type\":\"BreadcrumbList\",\"@id\":\"https:\\\/\\\/beautysane.com\\\/de\\\/boutique\\\/energy\\\/energy-care\\\/nahrungsergaenzungsmittel-zirkulation#breadcrumb\",\"itemListElement\":[{\"@type\":\"ListItem\",\"position\":1,\"name\":\"Home\",\"item\":\"https:\\\/\\\/beautysane.com\\\/de\"},{\"@type\":\"ListItem\",\"position\":2,\"name\":\"Shop\",\"item\":\"https:\\\/\\\/beautysane.com\\\/de\\\/boutique\"},{\"@type\":\"ListItem\",\"position\":3,\"name\":\"Kreislauf &#8211; 60 Kapseln\"}]},{\"@type\":\"WebSite\",\"@id\":\"https:\\\/\\\/beautysane.com\\\/de\\\/#website\",\"url\":\"https:\\\/\\\/beautysane.com\\\/de\\\/\",\"name\":\"Beautysan\u00e9 - Deutschland\",\"description\":\"Feed The Change\",\"potentialAction\":[{\"@type\":\"SearchAction\",\"target\":{\"@type\":\"EntryPoint\",\"urlTemplate\":\"https:\\\/\\\/beautysane.com\\\/de\\\/?s={search_term_string}\"},\"query-input\":{\"@type\":\"PropertyValueSpecification\",\"valueRequired\":true,\"valueName\":\"search_term_string\"}}],\"inLanguage\":\"de\"},false]}<\/script>\n<meta property=\"product:price:amount\" content=\"34.38\" \/>\n<meta property=\"product:price:currency\" content=\"EUR\" \/>\n<meta property=\"og:availability\" content=\"instock\" \/>\n<meta property=\"product:availability\" content=\"instock\" \/>\n<meta property=\"product:retailer_item_id\" content=\"CA-2021-009-BC\" \/>\n<meta property=\"product:condition\" content=\"new\" \/>\n<!-- \/ Yoast SEO Premium plugin. -->","yoast_head_json":{"title":"Kreislauf - 60 Kapseln - Beautysan\u00e9 - Deutschland","description":"Was gibt es Sch\u00f6neres als Pflanzen an Ihren F\u00fc\u00dfen? Das Nahrungserg\u00e4nzungsmittel Circulation Beautysan\u00e9 kombiniert Bitterorange, Vitamin C und Stechpalme, die den ven\u00f6sen Kreislauf unterst\u00fctzen und schwere und m\u00fcde Beine lindern. Vitamin C wiederum tr\u00e4gt zur normalen Kollagenbildung bei, um eine normale Funktion der Blutgef\u00e4\u00dfe zu gew\u00e4hrleisten.","robots":{"index":"index","follow":"follow","max-snippet":"max-snippet:-1","max-image-preview":"max-image-preview:large","max-video-preview":"max-video-preview:-1"},"canonical":"https:\/\/beautysane.com\/de\/boutique\/energy\/energy-care\/nahrungsergaenzungsmittel-zirkulation","og_locale":"de_DE","og_type":"article","og_title":"Kreislauf - 60 Kapseln","og_description":"Was gibt es Sch\u00f6neres als Pflanzen an Ihren F\u00fc\u00dfen? Das Nahrungserg\u00e4nzungsmittel Circulation Beautysan\u00e9 kombiniert Bitterorange, Vitamin C und Stechpalme, die den ven\u00f6sen Kreislauf unterst\u00fctzen und schwere und m\u00fcde Beine lindern. Vitamin C wiederum tr\u00e4gt zur normalen Kollagenbildung bei, um eine normale Funktion der Blutgef\u00e4\u00dfe zu gew\u00e4hrleisten.","og_url":"https:\/\/beautysane.com\/de\/boutique\/energy\/energy-care\/nahrungsergaenzungsmittel-zirkulation","og_site_name":"Beautysan\u00e9 - Deutschland","article_publisher":"https:\/\/www.facebook.com\/Beautysane\/","article_modified_time":"2026-04-14T13:54:11+00:00","og_image":[{"width":705,"height":705,"url":"https:\/\/beautysane.com\/de\/wp-content\/uploads\/sites\/6\/2021\/10\/CA009_BC_F.png","type":"image\/png"}],"twitter_card":"summary_large_image","twitter_misc":{"Preis":"34,38&euro;","Verf\u00fcgbarkeit":"Auf Lager"},"schema":{"@context":"https:\/\/schema.org","@graph":[{"@type":"WebPage","@id":"https:\/\/beautysane.com\/de\/boutique\/energy\/energy-care\/nahrungsergaenzungsmittel-zirkulation","url":"https:\/\/beautysane.com\/de\/boutique\/energy\/energy-care\/nahrungsergaenzungsmittel-zirkulation","name":"Kreislauf - 60 Kapseln - Beautysan\u00e9 - Deutschland","isPartOf":{"@id":"https:\/\/beautysane.com\/de\/#website"},"primaryImageOfPage":{"@id":"https:\/\/beautysane.com\/de\/boutique\/energy\/energy-care\/nahrungsergaenzungsmittel-zirkulation#primaryimage"},"image":{"@id":"https:\/\/beautysane.com\/de\/boutique\/energy\/energy-care\/nahrungsergaenzungsmittel-zirkulation#primaryimage"},"thumbnailUrl":"https:\/\/beautysane.ams3.digitaloceanspaces.com\/wp-content\/uploads\/sites\/6\/2021\/09\/30115839\/CA009_BC-1.png","datePublished":"2021-09-07T12:36:01+00:00","dateModified":"2026-04-14T13:54:11+00:00","description":"Was gibt es Sch\u00f6neres als Pflanzen an Ihren F\u00fc\u00dfen? Das Nahrungserg\u00e4nzungsmittel Circulation Beautysan\u00e9 kombiniert Bitterorange, Vitamin C und Stechpalme, die den ven\u00f6sen Kreislauf unterst\u00fctzen und schwere und m\u00fcde Beine lindern. Vitamin C wiederum tr\u00e4gt zur normalen Kollagenbildung bei, um eine normale Funktion der Blutgef\u00e4\u00dfe zu gew\u00e4hrleisten.","breadcrumb":{"@id":"https:\/\/beautysane.com\/de\/boutique\/energy\/energy-care\/nahrungsergaenzungsmittel-zirkulation#breadcrumb"},"inLanguage":"de","potentialAction":[{"@type":"ReadAction","target":["https:\/\/beautysane.com\/de\/boutique\/energy\/energy-care\/nahrungsergaenzungsmittel-zirkulation"]}]},{"@type":"ImageObject","inLanguage":"de","@id":"https:\/\/beautysane.com\/de\/boutique\/energy\/energy-care\/nahrungsergaenzungsmittel-zirkulation#primaryimage","url":"https:\/\/beautysane.ams3.digitaloceanspaces.com\/wp-content\/uploads\/sites\/6\/2021\/09\/30115839\/CA009_BC-1.png","contentUrl":"https:\/\/beautysane.ams3.digitaloceanspaces.com\/wp-content\/uploads\/sites\/6\/2021\/09\/30115839\/CA009_BC-1.png","width":600,"height":600},{"@type":"BreadcrumbList","@id":"https:\/\/beautysane.com\/de\/boutique\/energy\/energy-care\/nahrungsergaenzungsmittel-zirkulation#breadcrumb","itemListElement":[{"@type":"ListItem","position":1,"name":"Home","item":"https:\/\/beautysane.com\/de"},{"@type":"ListItem","position":2,"name":"Shop","item":"https:\/\/beautysane.com\/de\/boutique"},{"@type":"ListItem","position":3,"name":"Kreislauf &#8211; 60 Kapseln"}]},{"@type":"WebSite","@id":"https:\/\/beautysane.com\/de\/#website","url":"https:\/\/beautysane.com\/de\/","name":"Beautysan\u00e9 - Deutschland","description":"Feed The Change","potentialAction":[{"@type":"SearchAction","target":{"@type":"EntryPoint","urlTemplate":"https:\/\/beautysane.com\/de\/?s={search_term_string}"},"query-input":{"@type":"PropertyValueSpecification","valueRequired":true,"valueName":"search_term_string"}}],"inLanguage":"de"},false]},"product_price_amount":"34.38","product_price_currency":"EUR","og_availability":"instock","product_availability":"instock","product_retailer_item_id":"CA-2021-009-BC","product_condition":"new"},"yasr_visitor_votes":{"stars_attributes":{"read_only":true,"span_bottom":"<div class='yasr-small-block-bold'><span class='yasr-visitor-votes-must-sign-in'>You must sign in to vote<\/span><\/div>"},"number_of_votes":0,"sum_votes":0},"_links":{"self":[{"href":"https:\/\/beautysane.com\/de\/wp-json\/wp\/v2\/product\/111456","targetHints":{"allow":["GET"]}}],"collection":[{"href":"https:\/\/beautysane.com\/de\/wp-json\/wp\/v2\/product"}],"about":[{"href":"https:\/\/beautysane.com\/de\/wp-json\/wp\/v2\/types\/product"}],"replies":[{"embeddable":true,"href":"https:\/\/beautysane.com\/de\/wp-json\/wp\/v2\/comments?post=111456"}],"wp:featuredmedia":[{"embeddable":true,"href":"https:\/\/beautysane.com\/de\/wp-json\/wp\/v2\/media\/127216"}],"wp:attachment":[{"href":"https:\/\/beautysane.com\/de\/wp-json\/wp\/v2\/media?parent=111456"}],"wp:term":[{"taxonomy":"product_brand","embeddable":true,"href":"https:\/\/beautysane.com\/de\/wp-json\/wp\/v2\/product_brand?post=111456"},{"taxonomy":"product_cat","embeddable":true,"href":"https:\/\/beautysane.com\/de\/wp-json\/wp\/v2\/product_cat?post=111456"},{"taxonomy":"product_tag","embeddable":true,"href":"https:\/\/beautysane.com\/de\/wp-json\/wp\/v2\/product_tag?post=111456"}],"curies":[{"name":"wp","href":"https:\/\/api.w.org\/{rel}","templated":true}]}}