{"id":111478,"date":"2021-09-07T14:40:09","date_gmt":"2021-09-07T12:40:09","guid":{"rendered":"https:\/\/beautysane.com\/de\/boutique\/unkategorisiert\/digesty-einreibung-30ml"},"modified":"2026-04-14T15:54:16","modified_gmt":"2026-04-14T13:54:16","slug":"digesty-oel-zum-einreiben-30ml","status":"publish","type":"product","link":"https:\/\/beautysane.com\/de\/boutique\/energy\/energy-aroma\/digesty-oel-zum-einreiben-30ml","title":{"rendered":"Digesty &#8211; \u00d6l zum Einreiben 30ml"},"content":{"rendered":"<p>Um sich um Ihren<strong> Verdauungskomfort<\/strong> zu k\u00fcmmern und eine <strong>gute Verdauung<\/strong> zu finden, haben Sie den Digesty-Reflex! Die <strong>pflanzlichen \u00d6<\/strong> le, aus denen sie besteht (S\u00fc\u00dfmandel-, Sesam- und Sonnenblumen\u00f6l), sind n\u00e4hrend, feuchtigkeitsspendend und machen die Haut geschmeidig. Sie optimieren das synergetische Eindringen der <strong>5 \u00e4therischen \u00d6le<\/strong> aus S\u00fc\u00dforange, Ingwer, Kardamom, Basilikum und H\u00f4-Holz. Digesty wird schnell zu Ihren unverzichtbaren Synergien geh\u00f6ren!<\/p>\n","protected":false},"excerpt":{"rendered":"<p>Um sich um Ihren Verdauungskomfort zu k\u00fcmmern und eine gute Verdauung zu finden, haben Sie den Digesty-Reflex! Die pflanzlichen \u00d6 le, aus denen sie besteht (S\u00fc\u00dfmandel-, Sesam- und Sonnenblumen\u00f6l), sind n\u00e4hrend, feuchtigkeitsspendend und machen die Haut geschmeidig. Sie optimieren das synergetische Eindringen der 5 \u00e4therischen \u00d6le aus S\u00fc\u00dforange, Ingwer, Kardamom, Basilikum und H\u00f4-Holz. Digesty wird [&hellip;]<\/p>\n","protected":false},"featured_media":13632,"comment_status":"open","ping_status":"closed","template":"","meta":{"_acf_changed":false,"inline_featured_image":false,"yasr_overall_rating":0,"yasr_post_is_review":"","yasr_auto_insert_disabled":"","yasr_review_type":""},"product_brand":[],"product_cat":[615,760],"product_tag":[],"class_list":{"0":"post-111478","1":"product","2":"type-product","3":"status-publish","4":"has-post-thumbnail","6":"product_cat-energy-aroma","7":"product_cat-energy","8":"has-subscription-plans","10":"first","11":"instock","12":"taxable","13":"shipping-taxable","14":"purchasable","15":"product-type-simple"},"acf":[],"yoast_head":"<!-- This site is optimized with the Yoast SEO Premium plugin v27.3 (Yoast SEO v27.3) - https:\/\/yoast.com\/product\/yoast-seo-premium-wordpress\/ -->\n<title>Digesty - \u00d6l zum Einreiben 30ml - Beautysan\u00e9 - Deutschland<\/title>\n<meta name=\"robots\" content=\"index, follow, max-snippet:-1, max-image-preview:large, max-video-preview:-1\" \/>\n<link rel=\"canonical\" href=\"https:\/\/beautysane.com\/de\/boutique\/energy\/energy-aroma\/digesty-oel-zum-einreiben-30ml\" \/>\n<meta property=\"og:locale\" content=\"de_DE\" \/>\n<meta property=\"og:type\" content=\"article\" \/>\n<meta property=\"og:title\" content=\"Digesty - \u00d6l zum Einreiben 30ml\" \/>\n<meta property=\"og:description\" content=\"Um sich um Ihren Verdauungskomfort zu k\u00fcmmern und eine gute Verdauung zu finden, haben Sie den Digesty-Reflex! Die pflanzlichen \u00d6 le, aus denen sie besteht (S\u00fc\u00dfmandel-, Sesam- und Sonnenblumen\u00f6l), sind n\u00e4hrend, feuchtigkeitsspendend und machen die Haut geschmeidig. Sie optimieren das synergetische Eindringen der 5 \u00e4therischen \u00d6le aus S\u00fc\u00dforange, Ingwer, Kardamom, Basilikum und H\u00f4-Holz. Digesty wird [&hellip;]\" \/>\n<meta property=\"og:url\" content=\"https:\/\/beautysane.com\/de\/boutique\/energy\/energy-aroma\/digesty-oel-zum-einreiben-30ml\" \/>\n<meta property=\"og:site_name\" content=\"Beautysan\u00e9 - Deutschland\" \/>\n<meta property=\"article:publisher\" content=\"https:\/\/www.facebook.com\/Beautysane\/\" \/>\n<meta property=\"article:modified_time\" content=\"2026-04-14T13:54:16+00:00\" \/>\n<meta property=\"og:image\" content=\"https:\/\/beautysane.ams3.digitaloceanspaces.com\/wp-content\/uploads\/sites\/6\/2021\/10\/29040002\/HE007_BC.png\" \/>\n\t<meta property=\"og:image:width\" content=\"705\" \/>\n\t<meta property=\"og:image:height\" content=\"705\" \/>\n\t<meta property=\"og:image:type\" content=\"image\/png\" \/>\n<meta name=\"twitter:card\" content=\"summary_large_image\" \/>\n<meta name=\"twitter:label1\" content=\"Preis\" \/>\n\t<meta name=\"twitter:data1\" content=\"30,64&euro;\" \/>\n\t<meta name=\"twitter:label2\" content=\"Verf\u00fcgbarkeit\" \/>\n\t<meta name=\"twitter:data2\" content=\"Auf Lager\" \/>\n<script type=\"application\/ld+json\" class=\"yoast-schema-graph\">{\"@context\":\"https:\\\/\\\/schema.org\",\"@graph\":[{\"@type\":\"WebPage\",\"@id\":\"https:\\\/\\\/beautysane.com\\\/de\\\/boutique\\\/energy\\\/energy-aroma\\\/digesty-oel-zum-einreiben-30ml\",\"url\":\"https:\\\/\\\/beautysane.com\\\/de\\\/boutique\\\/energy\\\/energy-aroma\\\/digesty-oel-zum-einreiben-30ml\",\"name\":\"Digesty - \u00d6l zum Einreiben 30ml - Beautysan\u00e9 - Deutschland\",\"isPartOf\":{\"@id\":\"https:\\\/\\\/beautysane.com\\\/de\\\/#website\"},\"primaryImageOfPage\":{\"@id\":\"https:\\\/\\\/beautysane.com\\\/de\\\/boutique\\\/energy\\\/energy-aroma\\\/digesty-oel-zum-einreiben-30ml#primaryimage\"},\"image\":{\"@id\":\"https:\\\/\\\/beautysane.com\\\/de\\\/boutique\\\/energy\\\/energy-aroma\\\/digesty-oel-zum-einreiben-30ml#primaryimage\"},\"thumbnailUrl\":\"https:\\\/\\\/beautysane.ams3.digitaloceanspaces.com\\\/wp-content\\\/uploads\\\/sites\\\/6\\\/2021\\\/10\\\/29040002\\\/HE007_BC.png\",\"datePublished\":\"2021-09-07T12:40:09+00:00\",\"dateModified\":\"2026-04-14T13:54:16+00:00\",\"breadcrumb\":{\"@id\":\"https:\\\/\\\/beautysane.com\\\/de\\\/boutique\\\/energy\\\/energy-aroma\\\/digesty-oel-zum-einreiben-30ml#breadcrumb\"},\"inLanguage\":\"de\",\"potentialAction\":[{\"@type\":\"ReadAction\",\"target\":[\"https:\\\/\\\/beautysane.com\\\/de\\\/boutique\\\/energy\\\/energy-aroma\\\/digesty-oel-zum-einreiben-30ml\"]}]},{\"@type\":\"ImageObject\",\"inLanguage\":\"de\",\"@id\":\"https:\\\/\\\/beautysane.com\\\/de\\\/boutique\\\/energy\\\/energy-aroma\\\/digesty-oel-zum-einreiben-30ml#primaryimage\",\"url\":\"https:\\\/\\\/beautysane.ams3.digitaloceanspaces.com\\\/wp-content\\\/uploads\\\/sites\\\/6\\\/2021\\\/10\\\/29040002\\\/HE007_BC.png\",\"contentUrl\":\"https:\\\/\\\/beautysane.ams3.digitaloceanspaces.com\\\/wp-content\\\/uploads\\\/sites\\\/6\\\/2021\\\/10\\\/29040002\\\/HE007_BC.png\",\"width\":705,\"height\":705},{\"@type\":\"BreadcrumbList\",\"@id\":\"https:\\\/\\\/beautysane.com\\\/de\\\/boutique\\\/energy\\\/energy-aroma\\\/digesty-oel-zum-einreiben-30ml#breadcrumb\",\"itemListElement\":[{\"@type\":\"ListItem\",\"position\":1,\"name\":\"Home\",\"item\":\"https:\\\/\\\/beautysane.com\\\/de\"},{\"@type\":\"ListItem\",\"position\":2,\"name\":\"Shop\",\"item\":\"https:\\\/\\\/beautysane.com\\\/de\\\/boutique\"},{\"@type\":\"ListItem\",\"position\":3,\"name\":\"Digesty &#8211; \u00d6l zum Einreiben 30ml\"}]},{\"@type\":\"WebSite\",\"@id\":\"https:\\\/\\\/beautysane.com\\\/de\\\/#website\",\"url\":\"https:\\\/\\\/beautysane.com\\\/de\\\/\",\"name\":\"Beautysan\u00e9 - Deutschland\",\"description\":\"Feed The Change\",\"potentialAction\":[{\"@type\":\"SearchAction\",\"target\":{\"@type\":\"EntryPoint\",\"urlTemplate\":\"https:\\\/\\\/beautysane.com\\\/de\\\/?s={search_term_string}\"},\"query-input\":{\"@type\":\"PropertyValueSpecification\",\"valueRequired\":true,\"valueName\":\"search_term_string\"}}],\"inLanguage\":\"de\"},false]}<\/script>\n<meta property=\"product:price:amount\" content=\"30.64\" \/>\n<meta property=\"product:price:currency\" content=\"EUR\" \/>\n<meta property=\"og:availability\" content=\"instock\" \/>\n<meta property=\"product:availability\" content=\"instock\" \/>\n<meta property=\"product:retailer_item_id\" content=\"HE-2021-007-BC\" \/>\n<meta property=\"product:condition\" content=\"new\" \/>\n<!-- \/ Yoast SEO Premium plugin. -->","yoast_head_json":{"title":"Digesty - \u00d6l zum Einreiben 30ml - Beautysan\u00e9 - Deutschland","robots":{"index":"index","follow":"follow","max-snippet":"max-snippet:-1","max-image-preview":"max-image-preview:large","max-video-preview":"max-video-preview:-1"},"canonical":"https:\/\/beautysane.com\/de\/boutique\/energy\/energy-aroma\/digesty-oel-zum-einreiben-30ml","og_locale":"de_DE","og_type":"article","og_title":"Digesty - \u00d6l zum Einreiben 30ml","og_description":"Um sich um Ihren Verdauungskomfort zu k\u00fcmmern und eine gute Verdauung zu finden, haben Sie den Digesty-Reflex! Die pflanzlichen \u00d6 le, aus denen sie besteht (S\u00fc\u00dfmandel-, Sesam- und Sonnenblumen\u00f6l), sind n\u00e4hrend, feuchtigkeitsspendend und machen die Haut geschmeidig. Sie optimieren das synergetische Eindringen der 5 \u00e4therischen \u00d6le aus S\u00fc\u00dforange, Ingwer, Kardamom, Basilikum und H\u00f4-Holz. Digesty wird [&hellip;]","og_url":"https:\/\/beautysane.com\/de\/boutique\/energy\/energy-aroma\/digesty-oel-zum-einreiben-30ml","og_site_name":"Beautysan\u00e9 - Deutschland","article_publisher":"https:\/\/www.facebook.com\/Beautysane\/","article_modified_time":"2026-04-14T13:54:16+00:00","og_image":[{"width":705,"height":705,"url":"https:\/\/beautysane.ams3.digitaloceanspaces.com\/wp-content\/uploads\/sites\/6\/2021\/10\/29040002\/HE007_BC.png","type":"image\/png"}],"twitter_card":"summary_large_image","twitter_misc":{"Preis":"30,64&euro;","Verf\u00fcgbarkeit":"Auf Lager"},"schema":{"@context":"https:\/\/schema.org","@graph":[{"@type":"WebPage","@id":"https:\/\/beautysane.com\/de\/boutique\/energy\/energy-aroma\/digesty-oel-zum-einreiben-30ml","url":"https:\/\/beautysane.com\/de\/boutique\/energy\/energy-aroma\/digesty-oel-zum-einreiben-30ml","name":"Digesty - \u00d6l zum Einreiben 30ml - Beautysan\u00e9 - Deutschland","isPartOf":{"@id":"https:\/\/beautysane.com\/de\/#website"},"primaryImageOfPage":{"@id":"https:\/\/beautysane.com\/de\/boutique\/energy\/energy-aroma\/digesty-oel-zum-einreiben-30ml#primaryimage"},"image":{"@id":"https:\/\/beautysane.com\/de\/boutique\/energy\/energy-aroma\/digesty-oel-zum-einreiben-30ml#primaryimage"},"thumbnailUrl":"https:\/\/beautysane.ams3.digitaloceanspaces.com\/wp-content\/uploads\/sites\/6\/2021\/10\/29040002\/HE007_BC.png","datePublished":"2021-09-07T12:40:09+00:00","dateModified":"2026-04-14T13:54:16+00:00","breadcrumb":{"@id":"https:\/\/beautysane.com\/de\/boutique\/energy\/energy-aroma\/digesty-oel-zum-einreiben-30ml#breadcrumb"},"inLanguage":"de","potentialAction":[{"@type":"ReadAction","target":["https:\/\/beautysane.com\/de\/boutique\/energy\/energy-aroma\/digesty-oel-zum-einreiben-30ml"]}]},{"@type":"ImageObject","inLanguage":"de","@id":"https:\/\/beautysane.com\/de\/boutique\/energy\/energy-aroma\/digesty-oel-zum-einreiben-30ml#primaryimage","url":"https:\/\/beautysane.ams3.digitaloceanspaces.com\/wp-content\/uploads\/sites\/6\/2021\/10\/29040002\/HE007_BC.png","contentUrl":"https:\/\/beautysane.ams3.digitaloceanspaces.com\/wp-content\/uploads\/sites\/6\/2021\/10\/29040002\/HE007_BC.png","width":705,"height":705},{"@type":"BreadcrumbList","@id":"https:\/\/beautysane.com\/de\/boutique\/energy\/energy-aroma\/digesty-oel-zum-einreiben-30ml#breadcrumb","itemListElement":[{"@type":"ListItem","position":1,"name":"Home","item":"https:\/\/beautysane.com\/de"},{"@type":"ListItem","position":2,"name":"Shop","item":"https:\/\/beautysane.com\/de\/boutique"},{"@type":"ListItem","position":3,"name":"Digesty &#8211; \u00d6l zum Einreiben 30ml"}]},{"@type":"WebSite","@id":"https:\/\/beautysane.com\/de\/#website","url":"https:\/\/beautysane.com\/de\/","name":"Beautysan\u00e9 - Deutschland","description":"Feed The Change","potentialAction":[{"@type":"SearchAction","target":{"@type":"EntryPoint","urlTemplate":"https:\/\/beautysane.com\/de\/?s={search_term_string}"},"query-input":{"@type":"PropertyValueSpecification","valueRequired":true,"valueName":"search_term_string"}}],"inLanguage":"de"},false]},"product_price_amount":"30.64","product_price_currency":"EUR","og_availability":"instock","product_availability":"instock","product_retailer_item_id":"HE-2021-007-BC","product_condition":"new"},"yasr_visitor_votes":{"stars_attributes":{"read_only":true,"span_bottom":"<div class='yasr-small-block-bold'><span class='yasr-visitor-votes-must-sign-in'>You must sign in to vote<\/span><\/div>"},"number_of_votes":0,"sum_votes":0},"_links":{"self":[{"href":"https:\/\/beautysane.com\/de\/wp-json\/wp\/v2\/product\/111478","targetHints":{"allow":["GET"]}}],"collection":[{"href":"https:\/\/beautysane.com\/de\/wp-json\/wp\/v2\/product"}],"about":[{"href":"https:\/\/beautysane.com\/de\/wp-json\/wp\/v2\/types\/product"}],"replies":[{"embeddable":true,"href":"https:\/\/beautysane.com\/de\/wp-json\/wp\/v2\/comments?post=111478"}],"wp:featuredmedia":[{"embeddable":true,"href":"https:\/\/beautysane.com\/de\/wp-json\/wp\/v2\/media\/13632"}],"wp:attachment":[{"href":"https:\/\/beautysane.com\/de\/wp-json\/wp\/v2\/media?parent=111478"}],"wp:term":[{"taxonomy":"product_brand","embeddable":true,"href":"https:\/\/beautysane.com\/de\/wp-json\/wp\/v2\/product_brand?post=111478"},{"taxonomy":"product_cat","embeddable":true,"href":"https:\/\/beautysane.com\/de\/wp-json\/wp\/v2\/product_cat?post=111478"},{"taxonomy":"product_tag","embeddable":true,"href":"https:\/\/beautysane.com\/de\/wp-json\/wp\/v2\/product_tag?post=111478"}],"curies":[{"name":"wp","href":"https:\/\/api.w.org\/{rel}","templated":true}]}}