{"id":111491,"date":"2021-09-21T10:32:39","date_gmt":"2021-09-21T08:32:39","guid":{"rendered":"https:\/\/beautysane.com\/de\/boutique\/unkategorisiert\/marokkanische-suppe-18-mahlzeiten"},"modified":"2026-04-14T15:54:17","modified_gmt":"2026-04-14T13:54:17","slug":"energy-diet-supe-marokkanisch-18-essen","status":"publish","type":"product","link":"https:\/\/beautysane.com\/de\/boutique\/energy\/energy-diet\/energy-diet-supe-marokkanisch-18-essen","title":{"rendered":"Leichte Mahlzeiten Marokkanische Suppe &#8211; 18 Mahlzeiten"},"content":{"rendered":"<p>Entfliehen Sie auf die andere Seite des Mittelmeers mit der <strong>marokkanischen Suppe Energy Diet<\/strong>, die Sie f\u00fcr eine Mahlzeit auf eine Reise mitnimmt. Dank der Kombination von Zutaten wie <strong>Tomaten und Razel-Hanout<\/strong> ist sie gourmandig und schmackhaft. Sie kann jede Mahlzeit des Tages ersetzen. Er wird einfach so gegessen oder mit <strong>Koriander, Gem\u00fcse <\/strong>, H\u00fchnchen<strong>.<\/strong>.. verfeinert. Energy Diet Marokkanische Suppe ist eine leichte und ausgewogene Mahlzeit, die sowohl <strong>Geschmackserlebnis als auch N\u00e4hrstoffzufuhr<\/strong> garantiert, um Mangelerscheinungen zu vermeiden (Proteine, Fette, Kohlenhydrate, Ballaststoffe, Omega3, Vitamine und Mineralstoffe). Es s\u00e4ttigt, ist leicht verdaulich und eignet sich f\u00fcr Menschen, die <strong>ihr Gewicht verlieren und\/oder kontrollieren<\/strong> m\u00f6chten.<\/p>\n<p>Ein echtes Plus f\u00fcr Sportler: Energy Diet Marokkanische Suppe wurde gem\u00e4\u00df den Anforderungen der<strong>EN 17444 (Anti-Doping-Norm)<\/strong> zum Zeitpunkt der Produktion der Charge entwickelt und hergestellt.<\/p>\n<p>&nbsp;<\/p>\n","protected":false},"excerpt":{"rendered":"<p>Entfliehen Sie auf die andere Seite des Mittelmeers mit der marokkanischen Suppe Energy Diet, die Sie f\u00fcr eine Mahlzeit auf eine Reise mitnimmt. Dank der Kombination von Zutaten wie Tomaten und Razel-Hanout ist sie gourmandig und schmackhaft. Sie kann jede Mahlzeit des Tages ersetzen. Er wird einfach so gegessen oder mit Koriander, Gem\u00fcse , H\u00fchnchen&#8230; [&hellip;]<\/p>\n","protected":false},"featured_media":127126,"comment_status":"open","ping_status":"closed","template":"","meta":{"_acf_changed":false,"inline_featured_image":false,"yasr_overall_rating":0,"yasr_post_is_review":"","yasr_auto_insert_disabled":"","yasr_review_type":""},"product_brand":[],"product_cat":[760,606],"product_tag":[612,630,626,613,631,838,611],"class_list":{"0":"post-111491","1":"product","2":"type-product","3":"status-publish","4":"has-post-thumbnail","6":"product_cat-energy","7":"product_cat-energy-diet","8":"product_tag-23-vitamine-und-mineralien","9":"product_tag-glutenfrei","10":"product_tag-gvo-frei","11":"product_tag-hohe-verdaulichkeit-hd","12":"product_tag-recycelbare-schachtel","13":"product_tag-reich-an-proteinen","14":"product_tag-veggie-2","15":"pa_objectifs-ausgewogene-ernaehrung","16":"pa_objectifs-energie","17":"pa_objectifs-gewichtsverlust","18":"pa_objectifs-wellness-kueche","19":"has-subscription-plans","21":"first","22":"instock","23":"taxable","24":"shipping-taxable","25":"purchasable","26":"product-type-simple"},"acf":[],"yoast_head":"<!-- This site is optimized with the Yoast SEO Premium plugin v27.3 (Yoast SEO v27.3) - https:\/\/yoast.com\/product\/yoast-seo-premium-wordpress\/ -->\n<title>Leichte Mahlzeiten Marokkanische Suppe - 18 Mahlzeiten - Beautysan\u00e9 - Deutschland<\/title>\n<meta name=\"description\" content=\"Energy Diet Marokkanische Suppe ist eine leichte und ausgewogene Mahlzeit, die sowohl Geschmackserlebnis als auch N\u00e4hrstoffzufuhr garantiert, um Mangelerscheinungen zu vermeiden (Proteine, Fette, Kohlenhydrate, Ballaststoffe, Omega3, Vitamine und Mineralstoffe). Es s\u00e4ttigt, ist leicht verdaulich und eignet sich f\u00fcr Menschen, die ihr Gewicht verlieren und\/oder kontrollieren m\u00f6chten.\" \/>\n<meta name=\"robots\" content=\"index, follow, max-snippet:-1, max-image-preview:large, max-video-preview:-1\" \/>\n<link rel=\"canonical\" href=\"https:\/\/beautysane.com\/de\/boutique\/energy\/energy-diet\/energy-diet-supe-marokkanisch-18-essen\" \/>\n<meta property=\"og:locale\" content=\"de_DE\" \/>\n<meta property=\"og:type\" content=\"article\" \/>\n<meta property=\"og:title\" content=\"Leichte Mahlzeiten Marokkanische Suppe - 18 Mahlzeiten\" \/>\n<meta property=\"og:description\" content=\"Energy Diet Marokkanische Suppe ist eine leichte und ausgewogene Mahlzeit, die sowohl Geschmackserlebnis als auch N\u00e4hrstoffzufuhr garantiert, um Mangelerscheinungen zu vermeiden (Proteine, Fette, Kohlenhydrate, Ballaststoffe, Omega3, Vitamine und Mineralstoffe). Es s\u00e4ttigt, ist leicht verdaulich und eignet sich f\u00fcr Menschen, die ihr Gewicht verlieren und\/oder kontrollieren m\u00f6chten.\" \/>\n<meta property=\"og:url\" content=\"https:\/\/beautysane.com\/de\/boutique\/energy\/energy-diet\/energy-diet-supe-marokkanisch-18-essen\" \/>\n<meta property=\"og:site_name\" content=\"Beautysan\u00e9 - Deutschland\" \/>\n<meta property=\"article:publisher\" content=\"https:\/\/www.facebook.com\/Beautysane\/\" \/>\n<meta property=\"article:modified_time\" content=\"2026-04-14T13:54:17+00:00\" \/>\n<meta property=\"og:image\" content=\"https:\/\/beautysane.ams3.digitaloceanspaces.com\/wp-content\/uploads\/sites\/6\/2023\/08\/28164914\/ED034_BM.png\" \/>\n\t<meta property=\"og:image:width\" content=\"600\" \/>\n\t<meta property=\"og:image:height\" content=\"600\" \/>\n\t<meta property=\"og:image:type\" content=\"image\/png\" \/>\n<meta name=\"twitter:card\" content=\"summary_large_image\" \/>\n<meta name=\"twitter:label1\" content=\"Preis\" \/>\n\t<meta name=\"twitter:data1\" content=\"50,61&euro;\" \/>\n\t<meta name=\"twitter:label2\" content=\"Verf\u00fcgbarkeit\" \/>\n\t<meta name=\"twitter:data2\" content=\"Auf Lager\" \/>\n<script type=\"application\/ld+json\" class=\"yoast-schema-graph\">{\"@context\":\"https:\\\/\\\/schema.org\",\"@graph\":[{\"@type\":\"WebPage\",\"@id\":\"https:\\\/\\\/beautysane.com\\\/de\\\/boutique\\\/energy\\\/energy-diet\\\/energy-diet-supe-marokkanisch-18-essen\",\"url\":\"https:\\\/\\\/beautysane.com\\\/de\\\/boutique\\\/energy\\\/energy-diet\\\/energy-diet-supe-marokkanisch-18-essen\",\"name\":\"Leichte Mahlzeiten Marokkanische Suppe - 18 Mahlzeiten - Beautysan\u00e9 - Deutschland\",\"isPartOf\":{\"@id\":\"https:\\\/\\\/beautysane.com\\\/de\\\/#website\"},\"primaryImageOfPage\":{\"@id\":\"https:\\\/\\\/beautysane.com\\\/de\\\/boutique\\\/energy\\\/energy-diet\\\/energy-diet-supe-marokkanisch-18-essen#primaryimage\"},\"image\":{\"@id\":\"https:\\\/\\\/beautysane.com\\\/de\\\/boutique\\\/energy\\\/energy-diet\\\/energy-diet-supe-marokkanisch-18-essen#primaryimage\"},\"thumbnailUrl\":\"https:\\\/\\\/beautysane.ams3.digitaloceanspaces.com\\\/wp-content\\\/uploads\\\/sites\\\/6\\\/2023\\\/08\\\/28164914\\\/ED034_BM.png\",\"datePublished\":\"2021-09-21T08:32:39+00:00\",\"dateModified\":\"2026-04-14T13:54:17+00:00\",\"description\":\"Energy Diet Marokkanische Suppe ist eine leichte und ausgewogene Mahlzeit, die sowohl Geschmackserlebnis als auch N\u00e4hrstoffzufuhr garantiert, um Mangelerscheinungen zu vermeiden (Proteine, Fette, Kohlenhydrate, Ballaststoffe, Omega3, Vitamine und Mineralstoffe). Es s\u00e4ttigt, ist leicht verdaulich und eignet sich f\u00fcr Menschen, die ihr Gewicht verlieren und\\\/oder kontrollieren m\u00f6chten.\",\"breadcrumb\":{\"@id\":\"https:\\\/\\\/beautysane.com\\\/de\\\/boutique\\\/energy\\\/energy-diet\\\/energy-diet-supe-marokkanisch-18-essen#breadcrumb\"},\"inLanguage\":\"de\",\"potentialAction\":[{\"@type\":\"ReadAction\",\"target\":[\"https:\\\/\\\/beautysane.com\\\/de\\\/boutique\\\/energy\\\/energy-diet\\\/energy-diet-supe-marokkanisch-18-essen\"]}]},{\"@type\":\"ImageObject\",\"inLanguage\":\"de\",\"@id\":\"https:\\\/\\\/beautysane.com\\\/de\\\/boutique\\\/energy\\\/energy-diet\\\/energy-diet-supe-marokkanisch-18-essen#primaryimage\",\"url\":\"https:\\\/\\\/beautysane.ams3.digitaloceanspaces.com\\\/wp-content\\\/uploads\\\/sites\\\/6\\\/2023\\\/08\\\/28164914\\\/ED034_BM.png\",\"contentUrl\":\"https:\\\/\\\/beautysane.ams3.digitaloceanspaces.com\\\/wp-content\\\/uploads\\\/sites\\\/6\\\/2023\\\/08\\\/28164914\\\/ED034_BM.png\",\"width\":600,\"height\":600},{\"@type\":\"BreadcrumbList\",\"@id\":\"https:\\\/\\\/beautysane.com\\\/de\\\/boutique\\\/energy\\\/energy-diet\\\/energy-diet-supe-marokkanisch-18-essen#breadcrumb\",\"itemListElement\":[{\"@type\":\"ListItem\",\"position\":1,\"name\":\"Home\",\"item\":\"https:\\\/\\\/beautysane.com\\\/de\"},{\"@type\":\"ListItem\",\"position\":2,\"name\":\"Shop\",\"item\":\"https:\\\/\\\/beautysane.com\\\/de\\\/boutique\"},{\"@type\":\"ListItem\",\"position\":3,\"name\":\"Leichte Mahlzeiten Marokkanische Suppe &#8211; 18 Mahlzeiten\"}]},{\"@type\":\"WebSite\",\"@id\":\"https:\\\/\\\/beautysane.com\\\/de\\\/#website\",\"url\":\"https:\\\/\\\/beautysane.com\\\/de\\\/\",\"name\":\"Beautysan\u00e9 - Deutschland\",\"description\":\"Feed The Change\",\"potentialAction\":[{\"@type\":\"SearchAction\",\"target\":{\"@type\":\"EntryPoint\",\"urlTemplate\":\"https:\\\/\\\/beautysane.com\\\/de\\\/?s={search_term_string}\"},\"query-input\":{\"@type\":\"PropertyValueSpecification\",\"valueRequired\":true,\"valueName\":\"search_term_string\"}}],\"inLanguage\":\"de\"},false]}<\/script>\n<meta property=\"product:price:amount\" content=\"50.61\" \/>\n<meta property=\"product:price:currency\" content=\"EUR\" \/>\n<meta property=\"og:availability\" content=\"instock\" \/>\n<meta property=\"product:availability\" content=\"instock\" \/>\n<meta property=\"product:retailer_item_id\" content=\"ED-2022-034-BM\" \/>\n<meta property=\"product:condition\" content=\"new\" \/>\n<!-- \/ Yoast SEO Premium plugin. -->","yoast_head_json":{"title":"Leichte Mahlzeiten Marokkanische Suppe - 18 Mahlzeiten - Beautysan\u00e9 - Deutschland","description":"Energy Diet Marokkanische Suppe ist eine leichte und ausgewogene Mahlzeit, die sowohl Geschmackserlebnis als auch N\u00e4hrstoffzufuhr garantiert, um Mangelerscheinungen zu vermeiden (Proteine, Fette, Kohlenhydrate, Ballaststoffe, Omega3, Vitamine und Mineralstoffe). Es s\u00e4ttigt, ist leicht verdaulich und eignet sich f\u00fcr Menschen, die ihr Gewicht verlieren und\/oder kontrollieren m\u00f6chten.","robots":{"index":"index","follow":"follow","max-snippet":"max-snippet:-1","max-image-preview":"max-image-preview:large","max-video-preview":"max-video-preview:-1"},"canonical":"https:\/\/beautysane.com\/de\/boutique\/energy\/energy-diet\/energy-diet-supe-marokkanisch-18-essen","og_locale":"de_DE","og_type":"article","og_title":"Leichte Mahlzeiten Marokkanische Suppe - 18 Mahlzeiten","og_description":"Energy Diet Marokkanische Suppe ist eine leichte und ausgewogene Mahlzeit, die sowohl Geschmackserlebnis als auch N\u00e4hrstoffzufuhr garantiert, um Mangelerscheinungen zu vermeiden (Proteine, Fette, Kohlenhydrate, Ballaststoffe, Omega3, Vitamine und Mineralstoffe). Es s\u00e4ttigt, ist leicht verdaulich und eignet sich f\u00fcr Menschen, die ihr Gewicht verlieren und\/oder kontrollieren m\u00f6chten.","og_url":"https:\/\/beautysane.com\/de\/boutique\/energy\/energy-diet\/energy-diet-supe-marokkanisch-18-essen","og_site_name":"Beautysan\u00e9 - Deutschland","article_publisher":"https:\/\/www.facebook.com\/Beautysane\/","article_modified_time":"2026-04-14T13:54:17+00:00","og_image":[{"width":600,"height":600,"url":"https:\/\/beautysane.ams3.digitaloceanspaces.com\/wp-content\/uploads\/sites\/6\/2023\/08\/28164914\/ED034_BM.png","type":"image\/png"}],"twitter_card":"summary_large_image","twitter_misc":{"Preis":"50,61&euro;","Verf\u00fcgbarkeit":"Auf Lager"},"schema":{"@context":"https:\/\/schema.org","@graph":[{"@type":"WebPage","@id":"https:\/\/beautysane.com\/de\/boutique\/energy\/energy-diet\/energy-diet-supe-marokkanisch-18-essen","url":"https:\/\/beautysane.com\/de\/boutique\/energy\/energy-diet\/energy-diet-supe-marokkanisch-18-essen","name":"Leichte Mahlzeiten Marokkanische Suppe - 18 Mahlzeiten - Beautysan\u00e9 - Deutschland","isPartOf":{"@id":"https:\/\/beautysane.com\/de\/#website"},"primaryImageOfPage":{"@id":"https:\/\/beautysane.com\/de\/boutique\/energy\/energy-diet\/energy-diet-supe-marokkanisch-18-essen#primaryimage"},"image":{"@id":"https:\/\/beautysane.com\/de\/boutique\/energy\/energy-diet\/energy-diet-supe-marokkanisch-18-essen#primaryimage"},"thumbnailUrl":"https:\/\/beautysane.ams3.digitaloceanspaces.com\/wp-content\/uploads\/sites\/6\/2023\/08\/28164914\/ED034_BM.png","datePublished":"2021-09-21T08:32:39+00:00","dateModified":"2026-04-14T13:54:17+00:00","description":"Energy Diet Marokkanische Suppe ist eine leichte und ausgewogene Mahlzeit, die sowohl Geschmackserlebnis als auch N\u00e4hrstoffzufuhr garantiert, um Mangelerscheinungen zu vermeiden (Proteine, Fette, Kohlenhydrate, Ballaststoffe, Omega3, Vitamine und Mineralstoffe). Es s\u00e4ttigt, ist leicht verdaulich und eignet sich f\u00fcr Menschen, die ihr Gewicht verlieren und\/oder kontrollieren m\u00f6chten.","breadcrumb":{"@id":"https:\/\/beautysane.com\/de\/boutique\/energy\/energy-diet\/energy-diet-supe-marokkanisch-18-essen#breadcrumb"},"inLanguage":"de","potentialAction":[{"@type":"ReadAction","target":["https:\/\/beautysane.com\/de\/boutique\/energy\/energy-diet\/energy-diet-supe-marokkanisch-18-essen"]}]},{"@type":"ImageObject","inLanguage":"de","@id":"https:\/\/beautysane.com\/de\/boutique\/energy\/energy-diet\/energy-diet-supe-marokkanisch-18-essen#primaryimage","url":"https:\/\/beautysane.ams3.digitaloceanspaces.com\/wp-content\/uploads\/sites\/6\/2023\/08\/28164914\/ED034_BM.png","contentUrl":"https:\/\/beautysane.ams3.digitaloceanspaces.com\/wp-content\/uploads\/sites\/6\/2023\/08\/28164914\/ED034_BM.png","width":600,"height":600},{"@type":"BreadcrumbList","@id":"https:\/\/beautysane.com\/de\/boutique\/energy\/energy-diet\/energy-diet-supe-marokkanisch-18-essen#breadcrumb","itemListElement":[{"@type":"ListItem","position":1,"name":"Home","item":"https:\/\/beautysane.com\/de"},{"@type":"ListItem","position":2,"name":"Shop","item":"https:\/\/beautysane.com\/de\/boutique"},{"@type":"ListItem","position":3,"name":"Leichte Mahlzeiten Marokkanische Suppe &#8211; 18 Mahlzeiten"}]},{"@type":"WebSite","@id":"https:\/\/beautysane.com\/de\/#website","url":"https:\/\/beautysane.com\/de\/","name":"Beautysan\u00e9 - Deutschland","description":"Feed The Change","potentialAction":[{"@type":"SearchAction","target":{"@type":"EntryPoint","urlTemplate":"https:\/\/beautysane.com\/de\/?s={search_term_string}"},"query-input":{"@type":"PropertyValueSpecification","valueRequired":true,"valueName":"search_term_string"}}],"inLanguage":"de"},false]},"product_price_amount":"50.61","product_price_currency":"EUR","og_availability":"instock","product_availability":"instock","product_retailer_item_id":"ED-2022-034-BM","product_condition":"new"},"yasr_visitor_votes":{"stars_attributes":{"read_only":true,"span_bottom":"<div class='yasr-small-block-bold'><span class='yasr-visitor-votes-must-sign-in'>You must sign in to vote<\/span><\/div>"},"number_of_votes":0,"sum_votes":0},"_links":{"self":[{"href":"https:\/\/beautysane.com\/de\/wp-json\/wp\/v2\/product\/111491","targetHints":{"allow":["GET"]}}],"collection":[{"href":"https:\/\/beautysane.com\/de\/wp-json\/wp\/v2\/product"}],"about":[{"href":"https:\/\/beautysane.com\/de\/wp-json\/wp\/v2\/types\/product"}],"replies":[{"embeddable":true,"href":"https:\/\/beautysane.com\/de\/wp-json\/wp\/v2\/comments?post=111491"}],"wp:featuredmedia":[{"embeddable":true,"href":"https:\/\/beautysane.com\/de\/wp-json\/wp\/v2\/media\/127126"}],"wp:attachment":[{"href":"https:\/\/beautysane.com\/de\/wp-json\/wp\/v2\/media?parent=111491"}],"wp:term":[{"taxonomy":"product_brand","embeddable":true,"href":"https:\/\/beautysane.com\/de\/wp-json\/wp\/v2\/product_brand?post=111491"},{"taxonomy":"product_cat","embeddable":true,"href":"https:\/\/beautysane.com\/de\/wp-json\/wp\/v2\/product_cat?post=111491"},{"taxonomy":"product_tag","embeddable":true,"href":"https:\/\/beautysane.com\/de\/wp-json\/wp\/v2\/product_tag?post=111491"}],"curies":[{"name":"wp","href":"https:\/\/api.w.org\/{rel}","templated":true}]}}