{"id":120656,"date":"2023-01-11T11:31:13","date_gmt":"2023-01-11T10:31:14","guid":{"rendered":"https:\/\/beautysane.com\/de?post_type=product&#038;p=120656"},"modified":"2023-10-02T13:38:34","modified_gmt":"2023-10-02T11:38:34","slug":"sportliche-programm-1-monat","status":"publish","type":"product","link":"https:\/\/beautysane.com\/de\/boutique\/programme\/sportliche-programm-1-monat","title":{"rendered":"Sportliche Programm 1 Monat"},"content":{"rendered":"<p>Beautysan\u00e9 hilft Ihnen dabei, Ihre Herausforderungen anzunehmen und Ihre sportlichen Leistungen zu steigern, indem es Ihnen eine ausgewogene Ern\u00e4hrung anbietet, die auf Sie zugeschnitten und an Ihre Leistungen angepasst ist!<\/p>\n<p><strong>In meinem Paket :<\/strong><\/p>\n<ul>\n<li>1 Energy Plus + komplette Mahlzeit Ihrer Wahl &#8211; 10 Mahlzeiten<\/li>\n<li>2 Energy Diet oder Energy Vegan Mahlzeitenersatz Ihrer Wahl &#8211; 28-36 Mahlzeiten<\/li>\n<li>1 Energy-Effort-Getr\u00e4nk &#8211; 53 Dosen<\/li>\n<li>1 Energy-Power-Getr\u00e4nk &#8211; 30 sticks<\/li>\n<li>1 Energy Care Nahrungserg\u00e4nzungsmittel Ihrer Wahl &#8211; 60 Kapseln<\/li>\n<li>1 Energy Care Phycocyanin &#8211; 30 Dosen<\/li>\n<\/ul>\n","protected":false},"excerpt":{"rendered":"<p>Beautysan\u00e9 hilft Ihnen dabei, Ihre Herausforderungen anzunehmen und Ihre sportlichen Leistungen zu steigern, indem es Ihnen eine ausgewogene Ern\u00e4hrung anbietet, die auf Sie zugeschnitten und an Ihre Leistungen angepasst ist! In meinem Paket : 1 Energy Plus + komplette Mahlzeit Ihrer Wahl &#8211; 10 Mahlzeiten 2 Energy Diet oder Energy Vegan Mahlzeitenersatz Ihrer Wahl &#8211; [&hellip;]<\/p>\n","protected":false},"featured_media":126861,"comment_status":"open","ping_status":"closed","template":"","meta":{"_acf_changed":false,"inline_featured_image":false,"yasr_overall_rating":0,"yasr_post_is_review":"","yasr_auto_insert_disabled":"","yasr_review_type":""},"product_brand":[],"product_cat":[810],"product_tag":[612,614,613,610,611],"class_list":{"0":"post-120656","1":"product","2":"type-product","3":"status-publish","4":"has-post-thumbnail","6":"product_cat-programme","7":"product_tag-23-vitamine-und-mineralien","8":"product_tag-hergestellt-in-frankreich","9":"product_tag-hohe-verdaulichkeit-hd","10":"product_tag-quelle-fuer-ballaststoffe","11":"product_tag-veggie-2","12":"pa_objectifs-energie","13":"pa_objectifs-sportliche-leistung","14":"has-subscription-plans","16":"first","17":"instock","18":"taxable","19":"shipping-taxable","20":"purchasable","21":"product-type-simple"},"acf":[],"yoast_head":"<!-- This site is optimized with the Yoast SEO Premium plugin v27.3 (Yoast SEO v27.3) - https:\/\/yoast.com\/product\/yoast-seo-premium-wordpress\/ -->\n<title>Sportliche Programm 1 Monat - Beautysan\u00e9 - Deutschland<\/title>\n<meta name=\"description\" content=\"Entdecken Sie die Energy Diet Suppen mit dem Trio aus Indischer Velout\u00e9, Gem\u00fcse und Huhn &amp; Kr\u00e4utern. F\u00fcr eine schnelle und einfach zuzubereitende Mahlzeit!\" \/>\n<meta name=\"robots\" content=\"index, follow, max-snippet:-1, max-image-preview:large, max-video-preview:-1\" \/>\n<link rel=\"canonical\" href=\"https:\/\/beautysane.com\/de\/boutique\/programme\/sportliche-programm-1-monat\" \/>\n<meta property=\"og:locale\" content=\"de_DE\" \/>\n<meta property=\"og:type\" content=\"article\" \/>\n<meta property=\"og:title\" content=\"Sportliche Programm 1 Monat\" \/>\n<meta property=\"og:description\" content=\"Entdecken Sie die Energy Diet Suppen mit dem Trio aus Indischer Velout\u00e9, Gem\u00fcse und Huhn &amp; Kr\u00e4utern. F\u00fcr eine schnelle und einfach zuzubereitende Mahlzeit!\" \/>\n<meta property=\"og:url\" content=\"https:\/\/beautysane.com\/de\/boutique\/programme\/sportliche-programm-1-monat\" \/>\n<meta property=\"og:site_name\" content=\"Beautysan\u00e9 - Deutschland\" \/>\n<meta property=\"article:publisher\" content=\"https:\/\/www.facebook.com\/Beautysane\/\" \/>\n<meta property=\"article:modified_time\" content=\"2023-10-02T11:38:34+00:00\" \/>\n<meta property=\"og:image\" content=\"https:\/\/beautysane.ams3.digitaloceanspaces.com\/wp-content\/uploads\/sites\/6\/2023\/01\/30172621\/ROUTINE_SPORT_1mois_DE-1.png\" \/>\n\t<meta property=\"og:image:width\" content=\"600\" \/>\n\t<meta property=\"og:image:height\" content=\"600\" \/>\n\t<meta property=\"og:image:type\" content=\"image\/png\" \/>\n<meta name=\"twitter:card\" content=\"summary_large_image\" \/>\n<meta name=\"twitter:label1\" content=\"Preis\" \/>\n\t<meta name=\"twitter:data1\" content=\"303,56&euro;\" \/>\n\t<meta name=\"twitter:label2\" content=\"Verf\u00fcgbarkeit\" \/>\n\t<meta name=\"twitter:data2\" content=\"Auf Lager\" \/>\n<script type=\"application\/ld+json\" class=\"yoast-schema-graph\">{\"@context\":\"https:\\\/\\\/schema.org\",\"@graph\":[{\"@type\":\"WebPage\",\"@id\":\"https:\\\/\\\/beautysane.com\\\/de\\\/boutique\\\/programme\\\/sportliche-programm-1-monat\",\"url\":\"https:\\\/\\\/beautysane.com\\\/de\\\/boutique\\\/programme\\\/sportliche-programm-1-monat\",\"name\":\"Sportliche Programm 1 Monat - Beautysan\u00e9 - Deutschland\",\"isPartOf\":{\"@id\":\"https:\\\/\\\/beautysane.com\\\/de\\\/#website\"},\"primaryImageOfPage\":{\"@id\":\"https:\\\/\\\/beautysane.com\\\/de\\\/boutique\\\/programme\\\/sportliche-programm-1-monat#primaryimage\"},\"image\":{\"@id\":\"https:\\\/\\\/beautysane.com\\\/de\\\/boutique\\\/programme\\\/sportliche-programm-1-monat#primaryimage\"},\"thumbnailUrl\":\"https:\\\/\\\/beautysane.ams3.digitaloceanspaces.com\\\/wp-content\\\/uploads\\\/sites\\\/6\\\/2023\\\/01\\\/30172621\\\/ROUTINE_SPORT_1mois_DE-1.png\",\"datePublished\":\"2023-01-11T10:31:14+00:00\",\"dateModified\":\"2023-10-02T11:38:34+00:00\",\"description\":\"Entdecken Sie die Energy Diet Suppen mit dem Trio aus Indischer Velout\u00e9, Gem\u00fcse und Huhn & Kr\u00e4utern. F\u00fcr eine schnelle und einfach zuzubereitende Mahlzeit!\",\"breadcrumb\":{\"@id\":\"https:\\\/\\\/beautysane.com\\\/de\\\/boutique\\\/programme\\\/sportliche-programm-1-monat#breadcrumb\"},\"inLanguage\":\"de\",\"potentialAction\":[{\"@type\":\"ReadAction\",\"target\":[\"https:\\\/\\\/beautysane.com\\\/de\\\/boutique\\\/programme\\\/sportliche-programm-1-monat\"]}]},{\"@type\":\"ImageObject\",\"inLanguage\":\"de\",\"@id\":\"https:\\\/\\\/beautysane.com\\\/de\\\/boutique\\\/programme\\\/sportliche-programm-1-monat#primaryimage\",\"url\":\"https:\\\/\\\/beautysane.ams3.digitaloceanspaces.com\\\/wp-content\\\/uploads\\\/sites\\\/6\\\/2023\\\/01\\\/30172621\\\/ROUTINE_SPORT_1mois_DE-1.png\",\"contentUrl\":\"https:\\\/\\\/beautysane.ams3.digitaloceanspaces.com\\\/wp-content\\\/uploads\\\/sites\\\/6\\\/2023\\\/01\\\/30172621\\\/ROUTINE_SPORT_1mois_DE-1.png\",\"width\":600,\"height\":600},{\"@type\":\"BreadcrumbList\",\"@id\":\"https:\\\/\\\/beautysane.com\\\/de\\\/boutique\\\/programme\\\/sportliche-programm-1-monat#breadcrumb\",\"itemListElement\":[{\"@type\":\"ListItem\",\"position\":1,\"name\":\"Home\",\"item\":\"https:\\\/\\\/beautysane.com\\\/de\"},{\"@type\":\"ListItem\",\"position\":2,\"name\":\"Shop\",\"item\":\"https:\\\/\\\/beautysane.com\\\/de\\\/boutique\"},{\"@type\":\"ListItem\",\"position\":3,\"name\":\"Sportliche Programm 1 Monat\"}]},{\"@type\":\"WebSite\",\"@id\":\"https:\\\/\\\/beautysane.com\\\/de\\\/#website\",\"url\":\"https:\\\/\\\/beautysane.com\\\/de\\\/\",\"name\":\"Beautysan\u00e9 - Deutschland\",\"description\":\"Feed The Change\",\"potentialAction\":[{\"@type\":\"SearchAction\",\"target\":{\"@type\":\"EntryPoint\",\"urlTemplate\":\"https:\\\/\\\/beautysane.com\\\/de\\\/?s={search_term_string}\"},\"query-input\":{\"@type\":\"PropertyValueSpecification\",\"valueRequired\":true,\"valueName\":\"search_term_string\"}}],\"inLanguage\":\"de\"},false]}<\/script>\n<meta property=\"product:price:amount\" content=\"303.56\" \/>\n<meta property=\"product:price:currency\" content=\"EUR\" \/>\n<meta property=\"og:availability\" content=\"instock\" \/>\n<meta property=\"product:availability\" content=\"instock\" \/>\n<meta property=\"product:retailer_item_id\" content=\"OD-2023-049-PK\" \/>\n<meta property=\"product:condition\" content=\"new\" \/>\n<!-- \/ Yoast SEO Premium plugin. -->","yoast_head_json":{"title":"Sportliche Programm 1 Monat - Beautysan\u00e9 - Deutschland","description":"Entdecken Sie die Energy Diet Suppen mit dem Trio aus Indischer Velout\u00e9, Gem\u00fcse und Huhn & Kr\u00e4utern. F\u00fcr eine schnelle und einfach zuzubereitende Mahlzeit!","robots":{"index":"index","follow":"follow","max-snippet":"max-snippet:-1","max-image-preview":"max-image-preview:large","max-video-preview":"max-video-preview:-1"},"canonical":"https:\/\/beautysane.com\/de\/boutique\/programme\/sportliche-programm-1-monat","og_locale":"de_DE","og_type":"article","og_title":"Sportliche Programm 1 Monat","og_description":"Entdecken Sie die Energy Diet Suppen mit dem Trio aus Indischer Velout\u00e9, Gem\u00fcse und Huhn & Kr\u00e4utern. F\u00fcr eine schnelle und einfach zuzubereitende Mahlzeit!","og_url":"https:\/\/beautysane.com\/de\/boutique\/programme\/sportliche-programm-1-monat","og_site_name":"Beautysan\u00e9 - Deutschland","article_publisher":"https:\/\/www.facebook.com\/Beautysane\/","article_modified_time":"2023-10-02T11:38:34+00:00","og_image":[{"width":600,"height":600,"url":"https:\/\/beautysane.ams3.digitaloceanspaces.com\/wp-content\/uploads\/sites\/6\/2023\/01\/30172621\/ROUTINE_SPORT_1mois_DE-1.png","type":"image\/png"}],"twitter_card":"summary_large_image","twitter_misc":{"Preis":"303,56&euro;","Verf\u00fcgbarkeit":"Auf Lager"},"schema":{"@context":"https:\/\/schema.org","@graph":[{"@type":"WebPage","@id":"https:\/\/beautysane.com\/de\/boutique\/programme\/sportliche-programm-1-monat","url":"https:\/\/beautysane.com\/de\/boutique\/programme\/sportliche-programm-1-monat","name":"Sportliche Programm 1 Monat - Beautysan\u00e9 - Deutschland","isPartOf":{"@id":"https:\/\/beautysane.com\/de\/#website"},"primaryImageOfPage":{"@id":"https:\/\/beautysane.com\/de\/boutique\/programme\/sportliche-programm-1-monat#primaryimage"},"image":{"@id":"https:\/\/beautysane.com\/de\/boutique\/programme\/sportliche-programm-1-monat#primaryimage"},"thumbnailUrl":"https:\/\/beautysane.ams3.digitaloceanspaces.com\/wp-content\/uploads\/sites\/6\/2023\/01\/30172621\/ROUTINE_SPORT_1mois_DE-1.png","datePublished":"2023-01-11T10:31:14+00:00","dateModified":"2023-10-02T11:38:34+00:00","description":"Entdecken Sie die Energy Diet Suppen mit dem Trio aus Indischer Velout\u00e9, Gem\u00fcse und Huhn & Kr\u00e4utern. F\u00fcr eine schnelle und einfach zuzubereitende Mahlzeit!","breadcrumb":{"@id":"https:\/\/beautysane.com\/de\/boutique\/programme\/sportliche-programm-1-monat#breadcrumb"},"inLanguage":"de","potentialAction":[{"@type":"ReadAction","target":["https:\/\/beautysane.com\/de\/boutique\/programme\/sportliche-programm-1-monat"]}]},{"@type":"ImageObject","inLanguage":"de","@id":"https:\/\/beautysane.com\/de\/boutique\/programme\/sportliche-programm-1-monat#primaryimage","url":"https:\/\/beautysane.ams3.digitaloceanspaces.com\/wp-content\/uploads\/sites\/6\/2023\/01\/30172621\/ROUTINE_SPORT_1mois_DE-1.png","contentUrl":"https:\/\/beautysane.ams3.digitaloceanspaces.com\/wp-content\/uploads\/sites\/6\/2023\/01\/30172621\/ROUTINE_SPORT_1mois_DE-1.png","width":600,"height":600},{"@type":"BreadcrumbList","@id":"https:\/\/beautysane.com\/de\/boutique\/programme\/sportliche-programm-1-monat#breadcrumb","itemListElement":[{"@type":"ListItem","position":1,"name":"Home","item":"https:\/\/beautysane.com\/de"},{"@type":"ListItem","position":2,"name":"Shop","item":"https:\/\/beautysane.com\/de\/boutique"},{"@type":"ListItem","position":3,"name":"Sportliche Programm 1 Monat"}]},{"@type":"WebSite","@id":"https:\/\/beautysane.com\/de\/#website","url":"https:\/\/beautysane.com\/de\/","name":"Beautysan\u00e9 - Deutschland","description":"Feed The Change","potentialAction":[{"@type":"SearchAction","target":{"@type":"EntryPoint","urlTemplate":"https:\/\/beautysane.com\/de\/?s={search_term_string}"},"query-input":{"@type":"PropertyValueSpecification","valueRequired":true,"valueName":"search_term_string"}}],"inLanguage":"de"},false]},"product_price_amount":"303.56","product_price_currency":"EUR","og_availability":"instock","product_availability":"instock","product_retailer_item_id":"OD-2023-049-PK","product_condition":"new"},"yasr_visitor_votes":{"stars_attributes":{"read_only":true,"span_bottom":"<div class='yasr-small-block-bold'><span class='yasr-visitor-votes-must-sign-in'>You must sign in to vote<\/span><\/div>"},"number_of_votes":0,"sum_votes":0},"_links":{"self":[{"href":"https:\/\/beautysane.com\/de\/wp-json\/wp\/v2\/product\/120656","targetHints":{"allow":["GET"]}}],"collection":[{"href":"https:\/\/beautysane.com\/de\/wp-json\/wp\/v2\/product"}],"about":[{"href":"https:\/\/beautysane.com\/de\/wp-json\/wp\/v2\/types\/product"}],"replies":[{"embeddable":true,"href":"https:\/\/beautysane.com\/de\/wp-json\/wp\/v2\/comments?post=120656"}],"wp:featuredmedia":[{"embeddable":true,"href":"https:\/\/beautysane.com\/de\/wp-json\/wp\/v2\/media\/126861"}],"wp:attachment":[{"href":"https:\/\/beautysane.com\/de\/wp-json\/wp\/v2\/media?parent=120656"}],"wp:term":[{"taxonomy":"product_brand","embeddable":true,"href":"https:\/\/beautysane.com\/de\/wp-json\/wp\/v2\/product_brand?post=120656"},{"taxonomy":"product_cat","embeddable":true,"href":"https:\/\/beautysane.com\/de\/wp-json\/wp\/v2\/product_cat?post=120656"},{"taxonomy":"product_tag","embeddable":true,"href":"https:\/\/beautysane.com\/de\/wp-json\/wp\/v2\/product_tag?post=120656"}],"curies":[{"name":"wp","href":"https:\/\/api.w.org\/{rel}","templated":true}]}}