{"id":122787,"date":"2023-02-10T16:44:53","date_gmt":"2023-02-10T15:44:53","guid":{"rendered":"https:\/\/beautysane.com\/de?post_type=product&#038;p=122787"},"modified":"2026-04-14T15:57:55","modified_gmt":"2026-04-14T13:57:55","slug":"italienische-suppe-18-mahlzeiten","status":"publish","type":"product","link":"https:\/\/beautysane.com\/de\/boutique\/energy\/energy-diet\/italienische-suppe-18-mahlzeiten","title":{"rendered":"Leichte Mahlzeiten Italienische Suppe &#8211; 18 Mahlzeiten"},"content":{"rendered":"<p>Nehmen Sie Dolce Vita an mit der neuen Geschmacksrichtung, die von Beautysan\u00e9 zusammengestellt wurde! Diese Suppe mit <strong>italienischen Aromen<\/strong> kann man so essen, wie sie ist, oder mit Tomaten, Pilzen, Coppa, kleinen Croutons&#8230; verfeinern. Lassen Sie Ihrer Fantasie freien Lauf! Energy Diet Italienische Suppe ist eine leichte und ausgewogene Mahlzeit, die sowohl <strong>Geschmackserlebnis als auch N\u00e4hrstoffzufuhr<\/strong> garantiert, um Mangelerscheinungen zu vermeiden (Proteine, Fette, Kohlenhydrate, Ballaststoffe, Omega 3, Vitamine und Mineralstoffe). Es <strong>s\u00e4ttigt,<\/strong> ist <strong>leicht verdaulich<\/strong> und eignet sich f\u00fcr Menschen, die <strong>ihr Gewicht verlieren und\/oder kontrollieren<\/strong> m\u00f6chten.<\/p>\n<p>Ein echtes Plus f\u00fcr Sportler: Energy Diet Italienische Suppe wurde gem\u00e4\u00df den Anforderungen der<strong>EN 17444 (Anti-Doping-Norm)<\/strong> zum Zeitpunkt der Produktion der Charge entwickelt und hergestellt.<\/p>\n","protected":false},"excerpt":{"rendered":"<p>Nehmen Sie Dolce Vita an mit der neuen Geschmacksrichtung, die von Beautysan\u00e9 zusammengestellt wurde! Diese Suppe mit italienischen Aromen kann man so essen, wie sie ist, oder mit Tomaten, Pilzen, Coppa, kleinen Croutons&#8230; verfeinern. Lassen Sie Ihrer Fantasie freien Lauf! Energy Diet Italienische Suppe ist eine leichte und ausgewogene Mahlzeit, die sowohl Geschmackserlebnis als auch [&hellip;]<\/p>\n","protected":false},"featured_media":129250,"comment_status":"open","ping_status":"closed","template":"","meta":{"_acf_changed":false,"inline_featured_image":false,"yasr_overall_rating":0,"yasr_post_is_review":"","yasr_auto_insert_disabled":"","yasr_review_type":""},"product_brand":[],"product_cat":[760,606],"product_tag":[611],"class_list":{"0":"post-122787","1":"product","2":"type-product","3":"status-publish","4":"has-post-thumbnail","6":"product_cat-energy","7":"product_cat-energy-diet","8":"product_tag-veggie-2","9":"has-subscription-plans","11":"first","12":"instock","13":"taxable","14":"shipping-taxable","15":"purchasable","16":"product-type-simple"},"acf":[],"yoast_head":"<!-- This site is optimized with the Yoast SEO Premium plugin v27.3 (Yoast SEO v27.3) - https:\/\/yoast.com\/product\/yoast-seo-premium-wordpress\/ -->\n<title>Leichte Mahlzeiten Italienische Suppe - 18 Mahlzeiten - Beautysan\u00e9 - Deutschland<\/title>\n<meta name=\"description\" content=\"Energy Diet Italienische Suppe ist eine leichte und ausgewogene Mahlzeit, die sowohl Geschmackserlebnis als auch N\u00e4hrstoffzufuhr garantiert, um Mangelerscheinungen zu vermeiden (Proteine, Fette, Kohlenhydrate, Ballaststoffe, Omega 3, Vitamine und Mineralstoffe). Es s\u00e4ttigt, ist leicht verdaulich und eignet sich f\u00fcr Menschen, die ihr Gewicht verlieren und\/oder kontrollieren m\u00f6chten.\" \/>\n<meta name=\"robots\" content=\"index, follow, max-snippet:-1, max-image-preview:large, max-video-preview:-1\" \/>\n<link rel=\"canonical\" href=\"https:\/\/beautysane.com\/de\/boutique\/energy\/energy-diet\/italienische-suppe-18-mahlzeiten\" \/>\n<meta property=\"og:locale\" content=\"de_DE\" \/>\n<meta property=\"og:type\" content=\"article\" \/>\n<meta property=\"og:title\" content=\"Leichte Mahlzeiten Italienische Suppe - 18 Mahlzeiten\" \/>\n<meta property=\"og:description\" content=\"Energy Diet Italienische Suppe ist eine leichte und ausgewogene Mahlzeit, die sowohl Geschmackserlebnis als auch N\u00e4hrstoffzufuhr garantiert, um Mangelerscheinungen zu vermeiden (Proteine, Fette, Kohlenhydrate, Ballaststoffe, Omega 3, Vitamine und Mineralstoffe). Es s\u00e4ttigt, ist leicht verdaulich und eignet sich f\u00fcr Menschen, die ihr Gewicht verlieren und\/oder kontrollieren m\u00f6chten.\" \/>\n<meta property=\"og:url\" content=\"https:\/\/beautysane.com\/de\/boutique\/energy\/energy-diet\/italienische-suppe-18-mahlzeiten\" \/>\n<meta property=\"og:site_name\" content=\"Beautysan\u00e9 - Deutschland\" \/>\n<meta property=\"article:publisher\" content=\"https:\/\/www.facebook.com\/Beautysane\/\" \/>\n<meta property=\"article:modified_time\" content=\"2026-04-14T13:57:55+00:00\" \/>\n<meta property=\"og:image\" content=\"https:\/\/beautysane.ams3.digitaloceanspaces.com\/wp-content\/uploads\/sites\/6\/2022\/06\/12114503\/ED031_BM1.png\" \/>\n\t<meta property=\"og:image:width\" content=\"600\" \/>\n\t<meta property=\"og:image:height\" content=\"600\" \/>\n\t<meta property=\"og:image:type\" content=\"image\/png\" \/>\n<meta name=\"twitter:card\" content=\"summary_large_image\" \/>\n<meta name=\"twitter:label1\" content=\"Preis\" \/>\n\t<meta name=\"twitter:data1\" content=\"50,61&euro;\" \/>\n\t<meta name=\"twitter:label2\" content=\"Verf\u00fcgbarkeit\" \/>\n\t<meta name=\"twitter:data2\" content=\"Auf Lager\" \/>\n<script type=\"application\/ld+json\" class=\"yoast-schema-graph\">{\"@context\":\"https:\\\/\\\/schema.org\",\"@graph\":[{\"@type\":\"WebPage\",\"@id\":\"https:\\\/\\\/beautysane.com\\\/de\\\/boutique\\\/energy\\\/energy-diet\\\/italienische-suppe-18-mahlzeiten\",\"url\":\"https:\\\/\\\/beautysane.com\\\/de\\\/boutique\\\/energy\\\/energy-diet\\\/italienische-suppe-18-mahlzeiten\",\"name\":\"Leichte Mahlzeiten Italienische Suppe - 18 Mahlzeiten - Beautysan\u00e9 - Deutschland\",\"isPartOf\":{\"@id\":\"https:\\\/\\\/beautysane.com\\\/de\\\/#website\"},\"primaryImageOfPage\":{\"@id\":\"https:\\\/\\\/beautysane.com\\\/de\\\/boutique\\\/energy\\\/energy-diet\\\/italienische-suppe-18-mahlzeiten#primaryimage\"},\"image\":{\"@id\":\"https:\\\/\\\/beautysane.com\\\/de\\\/boutique\\\/energy\\\/energy-diet\\\/italienische-suppe-18-mahlzeiten#primaryimage\"},\"thumbnailUrl\":\"https:\\\/\\\/beautysane.ams3.digitaloceanspaces.com\\\/wp-content\\\/uploads\\\/sites\\\/6\\\/2022\\\/06\\\/12114503\\\/ED031_BM1.png\",\"datePublished\":\"2023-02-10T15:44:53+00:00\",\"dateModified\":\"2026-04-14T13:57:55+00:00\",\"description\":\"Energy Diet Italienische Suppe ist eine leichte und ausgewogene Mahlzeit, die sowohl Geschmackserlebnis als auch N\u00e4hrstoffzufuhr garantiert, um Mangelerscheinungen zu vermeiden (Proteine, Fette, Kohlenhydrate, Ballaststoffe, Omega 3, Vitamine und Mineralstoffe). Es s\u00e4ttigt, ist leicht verdaulich und eignet sich f\u00fcr Menschen, die ihr Gewicht verlieren und\\\/oder kontrollieren m\u00f6chten.\",\"breadcrumb\":{\"@id\":\"https:\\\/\\\/beautysane.com\\\/de\\\/boutique\\\/energy\\\/energy-diet\\\/italienische-suppe-18-mahlzeiten#breadcrumb\"},\"inLanguage\":\"de\",\"potentialAction\":[{\"@type\":\"ReadAction\",\"target\":[\"https:\\\/\\\/beautysane.com\\\/de\\\/boutique\\\/energy\\\/energy-diet\\\/italienische-suppe-18-mahlzeiten\"]}]},{\"@type\":\"ImageObject\",\"inLanguage\":\"de\",\"@id\":\"https:\\\/\\\/beautysane.com\\\/de\\\/boutique\\\/energy\\\/energy-diet\\\/italienische-suppe-18-mahlzeiten#primaryimage\",\"url\":\"https:\\\/\\\/beautysane.ams3.digitaloceanspaces.com\\\/wp-content\\\/uploads\\\/sites\\\/6\\\/2022\\\/06\\\/12114503\\\/ED031_BM1.png\",\"contentUrl\":\"https:\\\/\\\/beautysane.ams3.digitaloceanspaces.com\\\/wp-content\\\/uploads\\\/sites\\\/6\\\/2022\\\/06\\\/12114503\\\/ED031_BM1.png\",\"width\":600,\"height\":600},{\"@type\":\"BreadcrumbList\",\"@id\":\"https:\\\/\\\/beautysane.com\\\/de\\\/boutique\\\/energy\\\/energy-diet\\\/italienische-suppe-18-mahlzeiten#breadcrumb\",\"itemListElement\":[{\"@type\":\"ListItem\",\"position\":1,\"name\":\"Home\",\"item\":\"https:\\\/\\\/beautysane.com\\\/de\"},{\"@type\":\"ListItem\",\"position\":2,\"name\":\"Shop\",\"item\":\"https:\\\/\\\/beautysane.com\\\/de\\\/boutique\"},{\"@type\":\"ListItem\",\"position\":3,\"name\":\"Leichte Mahlzeiten Italienische Suppe &#8211; 18 Mahlzeiten\"}]},{\"@type\":\"WebSite\",\"@id\":\"https:\\\/\\\/beautysane.com\\\/de\\\/#website\",\"url\":\"https:\\\/\\\/beautysane.com\\\/de\\\/\",\"name\":\"Beautysan\u00e9 - Deutschland\",\"description\":\"Feed The Change\",\"potentialAction\":[{\"@type\":\"SearchAction\",\"target\":{\"@type\":\"EntryPoint\",\"urlTemplate\":\"https:\\\/\\\/beautysane.com\\\/de\\\/?s={search_term_string}\"},\"query-input\":{\"@type\":\"PropertyValueSpecification\",\"valueRequired\":true,\"valueName\":\"search_term_string\"}}],\"inLanguage\":\"de\"},false]}<\/script>\n<meta property=\"product:price:amount\" content=\"50.61\" \/>\n<meta property=\"product:price:currency\" content=\"EUR\" \/>\n<meta property=\"og:availability\" content=\"instock\" \/>\n<meta property=\"product:availability\" content=\"instock\" \/>\n<meta property=\"product:retailer_item_id\" content=\"ED-2022-031-BM\" \/>\n<meta property=\"product:condition\" content=\"new\" \/>\n<!-- \/ Yoast SEO Premium plugin. -->","yoast_head_json":{"title":"Leichte Mahlzeiten Italienische Suppe - 18 Mahlzeiten - Beautysan\u00e9 - Deutschland","description":"Energy Diet Italienische Suppe ist eine leichte und ausgewogene Mahlzeit, die sowohl Geschmackserlebnis als auch N\u00e4hrstoffzufuhr garantiert, um Mangelerscheinungen zu vermeiden (Proteine, Fette, Kohlenhydrate, Ballaststoffe, Omega 3, Vitamine und Mineralstoffe). Es s\u00e4ttigt, ist leicht verdaulich und eignet sich f\u00fcr Menschen, die ihr Gewicht verlieren und\/oder kontrollieren m\u00f6chten.","robots":{"index":"index","follow":"follow","max-snippet":"max-snippet:-1","max-image-preview":"max-image-preview:large","max-video-preview":"max-video-preview:-1"},"canonical":"https:\/\/beautysane.com\/de\/boutique\/energy\/energy-diet\/italienische-suppe-18-mahlzeiten","og_locale":"de_DE","og_type":"article","og_title":"Leichte Mahlzeiten Italienische Suppe - 18 Mahlzeiten","og_description":"Energy Diet Italienische Suppe ist eine leichte und ausgewogene Mahlzeit, die sowohl Geschmackserlebnis als auch N\u00e4hrstoffzufuhr garantiert, um Mangelerscheinungen zu vermeiden (Proteine, Fette, Kohlenhydrate, Ballaststoffe, Omega 3, Vitamine und Mineralstoffe). Es s\u00e4ttigt, ist leicht verdaulich und eignet sich f\u00fcr Menschen, die ihr Gewicht verlieren und\/oder kontrollieren m\u00f6chten.","og_url":"https:\/\/beautysane.com\/de\/boutique\/energy\/energy-diet\/italienische-suppe-18-mahlzeiten","og_site_name":"Beautysan\u00e9 - Deutschland","article_publisher":"https:\/\/www.facebook.com\/Beautysane\/","article_modified_time":"2026-04-14T13:57:55+00:00","og_image":[{"width":600,"height":600,"url":"https:\/\/beautysane.ams3.digitaloceanspaces.com\/wp-content\/uploads\/sites\/6\/2022\/06\/12114503\/ED031_BM1.png","type":"image\/png"}],"twitter_card":"summary_large_image","twitter_misc":{"Preis":"50,61&euro;","Verf\u00fcgbarkeit":"Auf Lager"},"schema":{"@context":"https:\/\/schema.org","@graph":[{"@type":"WebPage","@id":"https:\/\/beautysane.com\/de\/boutique\/energy\/energy-diet\/italienische-suppe-18-mahlzeiten","url":"https:\/\/beautysane.com\/de\/boutique\/energy\/energy-diet\/italienische-suppe-18-mahlzeiten","name":"Leichte Mahlzeiten Italienische Suppe - 18 Mahlzeiten - Beautysan\u00e9 - Deutschland","isPartOf":{"@id":"https:\/\/beautysane.com\/de\/#website"},"primaryImageOfPage":{"@id":"https:\/\/beautysane.com\/de\/boutique\/energy\/energy-diet\/italienische-suppe-18-mahlzeiten#primaryimage"},"image":{"@id":"https:\/\/beautysane.com\/de\/boutique\/energy\/energy-diet\/italienische-suppe-18-mahlzeiten#primaryimage"},"thumbnailUrl":"https:\/\/beautysane.ams3.digitaloceanspaces.com\/wp-content\/uploads\/sites\/6\/2022\/06\/12114503\/ED031_BM1.png","datePublished":"2023-02-10T15:44:53+00:00","dateModified":"2026-04-14T13:57:55+00:00","description":"Energy Diet Italienische Suppe ist eine leichte und ausgewogene Mahlzeit, die sowohl Geschmackserlebnis als auch N\u00e4hrstoffzufuhr garantiert, um Mangelerscheinungen zu vermeiden (Proteine, Fette, Kohlenhydrate, Ballaststoffe, Omega 3, Vitamine und Mineralstoffe). Es s\u00e4ttigt, ist leicht verdaulich und eignet sich f\u00fcr Menschen, die ihr Gewicht verlieren und\/oder kontrollieren m\u00f6chten.","breadcrumb":{"@id":"https:\/\/beautysane.com\/de\/boutique\/energy\/energy-diet\/italienische-suppe-18-mahlzeiten#breadcrumb"},"inLanguage":"de","potentialAction":[{"@type":"ReadAction","target":["https:\/\/beautysane.com\/de\/boutique\/energy\/energy-diet\/italienische-suppe-18-mahlzeiten"]}]},{"@type":"ImageObject","inLanguage":"de","@id":"https:\/\/beautysane.com\/de\/boutique\/energy\/energy-diet\/italienische-suppe-18-mahlzeiten#primaryimage","url":"https:\/\/beautysane.ams3.digitaloceanspaces.com\/wp-content\/uploads\/sites\/6\/2022\/06\/12114503\/ED031_BM1.png","contentUrl":"https:\/\/beautysane.ams3.digitaloceanspaces.com\/wp-content\/uploads\/sites\/6\/2022\/06\/12114503\/ED031_BM1.png","width":600,"height":600},{"@type":"BreadcrumbList","@id":"https:\/\/beautysane.com\/de\/boutique\/energy\/energy-diet\/italienische-suppe-18-mahlzeiten#breadcrumb","itemListElement":[{"@type":"ListItem","position":1,"name":"Home","item":"https:\/\/beautysane.com\/de"},{"@type":"ListItem","position":2,"name":"Shop","item":"https:\/\/beautysane.com\/de\/boutique"},{"@type":"ListItem","position":3,"name":"Leichte Mahlzeiten Italienische Suppe &#8211; 18 Mahlzeiten"}]},{"@type":"WebSite","@id":"https:\/\/beautysane.com\/de\/#website","url":"https:\/\/beautysane.com\/de\/","name":"Beautysan\u00e9 - Deutschland","description":"Feed The Change","potentialAction":[{"@type":"SearchAction","target":{"@type":"EntryPoint","urlTemplate":"https:\/\/beautysane.com\/de\/?s={search_term_string}"},"query-input":{"@type":"PropertyValueSpecification","valueRequired":true,"valueName":"search_term_string"}}],"inLanguage":"de"},false]},"product_price_amount":"50.61","product_price_currency":"EUR","og_availability":"instock","product_availability":"instock","product_retailer_item_id":"ED-2022-031-BM","product_condition":"new"},"yasr_visitor_votes":{"stars_attributes":{"read_only":true,"span_bottom":"<div class='yasr-small-block-bold'><span class='yasr-visitor-votes-must-sign-in'>You must sign in to vote<\/span><\/div>"},"number_of_votes":0,"sum_votes":0},"_links":{"self":[{"href":"https:\/\/beautysane.com\/de\/wp-json\/wp\/v2\/product\/122787","targetHints":{"allow":["GET"]}}],"collection":[{"href":"https:\/\/beautysane.com\/de\/wp-json\/wp\/v2\/product"}],"about":[{"href":"https:\/\/beautysane.com\/de\/wp-json\/wp\/v2\/types\/product"}],"replies":[{"embeddable":true,"href":"https:\/\/beautysane.com\/de\/wp-json\/wp\/v2\/comments?post=122787"}],"wp:featuredmedia":[{"embeddable":true,"href":"https:\/\/beautysane.com\/de\/wp-json\/wp\/v2\/media\/129250"}],"wp:attachment":[{"href":"https:\/\/beautysane.com\/de\/wp-json\/wp\/v2\/media?parent=122787"}],"wp:term":[{"taxonomy":"product_brand","embeddable":true,"href":"https:\/\/beautysane.com\/de\/wp-json\/wp\/v2\/product_brand?post=122787"},{"taxonomy":"product_cat","embeddable":true,"href":"https:\/\/beautysane.com\/de\/wp-json\/wp\/v2\/product_cat?post=122787"},{"taxonomy":"product_tag","embeddable":true,"href":"https:\/\/beautysane.com\/de\/wp-json\/wp\/v2\/product_tag?post=122787"}],"curies":[{"name":"wp","href":"https:\/\/api.w.org\/{rel}","templated":true}]}}