{"id":129406,"date":"2024-01-31T11:19:55","date_gmt":"2024-01-31T10:19:56","guid":{"rendered":"https:\/\/beautysane.com\/de?post_type=product&#038;p=129406"},"modified":"2025-05-09T15:01:10","modified_gmt":"2025-05-09T13:01:10","slug":"programm-ernaehrungsumstellung-new","status":"publish","type":"product","link":"https:\/\/beautysane.com\/de\/boutique\/angebote\/programm-ernaehrungsumstellung-new","title":{"rendered":"Programm Ausgewogene Ern\u00e4hrung"},"content":{"rendered":"<p><strong>Haben Sie Lust, wieder in Form zu kommen und sich gesund zu ern\u00e4hren?<\/strong><\/p>\n<p>Bei einer ausgewogenen Ern\u00e4hrung geht es darum, dem K\u00f6rper jeden Tag das zuzuf\u00fchren, was er braucht, um gut zu funktionieren. Aber bei unserem hektischen Lebensrhythmus und einem nicht immer passenden Lebensmittelangebot ist das nicht immer einfach! Beautysan\u00e9 bietet Ihnen ein Programm zur Wiederherstellung des Ern\u00e4hrungsgleichgewichts an, um gute Ern\u00e4hrungsgewohnheiten wiederzufinden und sich gesund zu ern\u00e4hren. Energy Diet ist reich an Proteinen, Vitaminen und Mineralien, damit Sie Ihre Energie und Spannkraft zur\u00fcckgewinnen!<\/p>\n<p><strong>In diesem Programm :<\/strong><\/p>\n<ul>\n<li><strong>6<\/strong> Mahlzeitenersatzprodukte nach Wahl (ENERGY DIET 18 Mahlzeiten oder ASSORTIMENTS s\u00fc\u00df-sauer 16 Mahlzeiten oder ENERGY VEGAN Metalldose 14 Mahlzeiten oder ENERGY DIET BARRES Erdnuss-Schokolade 14 Riegel), d.h. 84 bis 108 Mahlzeiten.<\/li>\n<li><strong>1<\/strong> entw\u00e4sserndes Getr\u00e4nk ENERGY DETOX nach Wahl &#8211; 30 Sticks<\/li>\n<\/ul>\n","protected":false},"excerpt":{"rendered":"<p>visible<\/p>\n","protected":false},"featured_media":139279,"comment_status":"open","ping_status":"closed","template":"","meta":{"_acf_changed":false,"inline_featured_image":false,"yasr_overall_rating":0,"yasr_post_is_review":"","yasr_auto_insert_disabled":"","yasr_review_type":""},"product_brand":[],"product_cat":[607,810],"product_tag":[],"class_list":{"0":"post-129406","1":"product","2":"type-product","3":"status-publish","4":"has-post-thumbnail","6":"product_cat-angebote","7":"product_cat-programme","8":"has-subscription-plans","10":"first","11":"instock","12":"sale","13":"taxable","14":"shipping-taxable","15":"purchasable","16":"product-type-simple"},"acf":[],"yoast_head":"<!-- This site is optimized with the Yoast SEO Premium plugin v27.3 (Yoast SEO v27.3) - https:\/\/yoast.com\/product\/yoast-seo-premium-wordpress\/ -->\n<title>Programm Ausgewogene Ern\u00e4hrung - Beautysan\u00e9 - Deutschland<\/title>\n<meta name=\"robots\" content=\"index, follow, max-snippet:-1, max-image-preview:large, max-video-preview:-1\" \/>\n<link rel=\"canonical\" href=\"https:\/\/beautysane.com\/de\/boutique\/angebote\/programm-ernaehrungsumstellung-new\" \/>\n<meta property=\"og:locale\" content=\"de_DE\" \/>\n<meta property=\"og:type\" content=\"article\" \/>\n<meta property=\"og:title\" content=\"Programm Ausgewogene Ern\u00e4hrung\" \/>\n<meta property=\"og:description\" content=\"visible\" \/>\n<meta property=\"og:url\" content=\"https:\/\/beautysane.com\/de\/boutique\/angebote\/programm-ernaehrungsumstellung-new\" \/>\n<meta property=\"og:site_name\" content=\"Beautysan\u00e9 - Deutschland\" \/>\n<meta property=\"article:publisher\" content=\"https:\/\/www.facebook.com\/Beautysane\/\" \/>\n<meta property=\"article:modified_time\" content=\"2025-05-09T13:01:10+00:00\" \/>\n<meta property=\"og:image\" content=\"https:\/\/beautysane.ams3.digitaloceanspaces.com\/wp-content\/uploads\/sites\/6\/2024\/01\/19155316\/2.png\" \/>\n\t<meta property=\"og:image:width\" content=\"1080\" \/>\n\t<meta property=\"og:image:height\" content=\"1080\" \/>\n\t<meta property=\"og:image:type\" content=\"image\/png\" \/>\n<meta name=\"twitter:card\" content=\"summary_large_image\" \/>\n<meta name=\"twitter:label1\" content=\"Preis\" \/>\n\t<meta name=\"twitter:data1\" content=\"320,00&euro;\" \/>\n\t<meta name=\"twitter:label2\" content=\"Verf\u00fcgbarkeit\" \/>\n\t<meta name=\"twitter:data2\" content=\"Auf Lager\" \/>\n<script type=\"application\/ld+json\" class=\"yoast-schema-graph\">{\"@context\":\"https:\\\/\\\/schema.org\",\"@graph\":[{\"@type\":\"WebPage\",\"@id\":\"https:\\\/\\\/beautysane.com\\\/de\\\/boutique\\\/angebote\\\/programm-ernaehrungsumstellung-new\",\"url\":\"https:\\\/\\\/beautysane.com\\\/de\\\/boutique\\\/angebote\\\/programm-ernaehrungsumstellung-new\",\"name\":\"Programm Ausgewogene Ern\u00e4hrung - Beautysan\u00e9 - Deutschland\",\"isPartOf\":{\"@id\":\"https:\\\/\\\/beautysane.com\\\/de\\\/#website\"},\"primaryImageOfPage\":{\"@id\":\"https:\\\/\\\/beautysane.com\\\/de\\\/boutique\\\/angebote\\\/programm-ernaehrungsumstellung-new#primaryimage\"},\"image\":{\"@id\":\"https:\\\/\\\/beautysane.com\\\/de\\\/boutique\\\/angebote\\\/programm-ernaehrungsumstellung-new#primaryimage\"},\"thumbnailUrl\":\"https:\\\/\\\/beautysane.ams3.digitaloceanspaces.com\\\/wp-content\\\/uploads\\\/sites\\\/6\\\/2024\\\/01\\\/07092644\\\/Programme-equilibre-INTER-3-mois-1.png\",\"datePublished\":\"2024-01-31T10:19:56+00:00\",\"dateModified\":\"2025-05-09T13:01:10+00:00\",\"breadcrumb\":{\"@id\":\"https:\\\/\\\/beautysane.com\\\/de\\\/boutique\\\/angebote\\\/programm-ernaehrungsumstellung-new#breadcrumb\"},\"inLanguage\":\"de\",\"potentialAction\":[{\"@type\":\"ReadAction\",\"target\":[\"https:\\\/\\\/beautysane.com\\\/de\\\/boutique\\\/angebote\\\/programm-ernaehrungsumstellung-new\"]}]},{\"@type\":\"ImageObject\",\"inLanguage\":\"de\",\"@id\":\"https:\\\/\\\/beautysane.com\\\/de\\\/boutique\\\/angebote\\\/programm-ernaehrungsumstellung-new#primaryimage\",\"url\":\"https:\\\/\\\/beautysane.ams3.digitaloceanspaces.com\\\/wp-content\\\/uploads\\\/sites\\\/6\\\/2024\\\/01\\\/07092644\\\/Programme-equilibre-INTER-3-mois-1.png\",\"contentUrl\":\"https:\\\/\\\/beautysane.ams3.digitaloceanspaces.com\\\/wp-content\\\/uploads\\\/sites\\\/6\\\/2024\\\/01\\\/07092644\\\/Programme-equilibre-INTER-3-mois-1.png\",\"width\":6000,\"height\":6000},{\"@type\":\"BreadcrumbList\",\"@id\":\"https:\\\/\\\/beautysane.com\\\/de\\\/boutique\\\/angebote\\\/programm-ernaehrungsumstellung-new#breadcrumb\",\"itemListElement\":[{\"@type\":\"ListItem\",\"position\":1,\"name\":\"Home\",\"item\":\"https:\\\/\\\/beautysane.com\\\/de\"},{\"@type\":\"ListItem\",\"position\":2,\"name\":\"Shop\",\"item\":\"https:\\\/\\\/beautysane.com\\\/de\\\/boutique\"},{\"@type\":\"ListItem\",\"position\":3,\"name\":\"Programm Ausgewogene Ern\u00e4hrung\"}]},{\"@type\":\"WebSite\",\"@id\":\"https:\\\/\\\/beautysane.com\\\/de\\\/#website\",\"url\":\"https:\\\/\\\/beautysane.com\\\/de\\\/\",\"name\":\"Beautysan\u00e9 - Deutschland\",\"description\":\"Feed The Change\",\"potentialAction\":[{\"@type\":\"SearchAction\",\"target\":{\"@type\":\"EntryPoint\",\"urlTemplate\":\"https:\\\/\\\/beautysane.com\\\/de\\\/?s={search_term_string}\"},\"query-input\":{\"@type\":\"PropertyValueSpecification\",\"valueRequired\":true,\"valueName\":\"search_term_string\"}}],\"inLanguage\":\"de\"},false]}<\/script>\n<meta property=\"product:price:amount\" content=\"320.00\" \/>\n<meta property=\"product:price:currency\" content=\"EUR\" \/>\n<meta property=\"og:availability\" content=\"instock\" \/>\n<meta property=\"product:availability\" content=\"instock\" \/>\n<meta property=\"product:retailer_item_id\" content=\"OD-2024-009-PK\" \/>\n<meta property=\"product:condition\" content=\"new\" \/>\n<!-- \/ Yoast SEO Premium plugin. -->","yoast_head_json":{"title":"Programm Ausgewogene Ern\u00e4hrung - Beautysan\u00e9 - Deutschland","robots":{"index":"index","follow":"follow","max-snippet":"max-snippet:-1","max-image-preview":"max-image-preview:large","max-video-preview":"max-video-preview:-1"},"canonical":"https:\/\/beautysane.com\/de\/boutique\/angebote\/programm-ernaehrungsumstellung-new","og_locale":"de_DE","og_type":"article","og_title":"Programm Ausgewogene Ern\u00e4hrung","og_description":"visible","og_url":"https:\/\/beautysane.com\/de\/boutique\/angebote\/programm-ernaehrungsumstellung-new","og_site_name":"Beautysan\u00e9 - Deutschland","article_publisher":"https:\/\/www.facebook.com\/Beautysane\/","article_modified_time":"2025-05-09T13:01:10+00:00","og_image":[{"width":1080,"height":1080,"url":"https:\/\/beautysane.ams3.digitaloceanspaces.com\/wp-content\/uploads\/sites\/6\/2024\/01\/19155316\/2.png","type":"image\/png"}],"twitter_card":"summary_large_image","twitter_misc":{"Preis":"320,00&euro;","Verf\u00fcgbarkeit":"Auf Lager"},"schema":{"@context":"https:\/\/schema.org","@graph":[{"@type":"WebPage","@id":"https:\/\/beautysane.com\/de\/boutique\/angebote\/programm-ernaehrungsumstellung-new","url":"https:\/\/beautysane.com\/de\/boutique\/angebote\/programm-ernaehrungsumstellung-new","name":"Programm Ausgewogene Ern\u00e4hrung - Beautysan\u00e9 - Deutschland","isPartOf":{"@id":"https:\/\/beautysane.com\/de\/#website"},"primaryImageOfPage":{"@id":"https:\/\/beautysane.com\/de\/boutique\/angebote\/programm-ernaehrungsumstellung-new#primaryimage"},"image":{"@id":"https:\/\/beautysane.com\/de\/boutique\/angebote\/programm-ernaehrungsumstellung-new#primaryimage"},"thumbnailUrl":"https:\/\/beautysane.ams3.digitaloceanspaces.com\/wp-content\/uploads\/sites\/6\/2024\/01\/07092644\/Programme-equilibre-INTER-3-mois-1.png","datePublished":"2024-01-31T10:19:56+00:00","dateModified":"2025-05-09T13:01:10+00:00","breadcrumb":{"@id":"https:\/\/beautysane.com\/de\/boutique\/angebote\/programm-ernaehrungsumstellung-new#breadcrumb"},"inLanguage":"de","potentialAction":[{"@type":"ReadAction","target":["https:\/\/beautysane.com\/de\/boutique\/angebote\/programm-ernaehrungsumstellung-new"]}]},{"@type":"ImageObject","inLanguage":"de","@id":"https:\/\/beautysane.com\/de\/boutique\/angebote\/programm-ernaehrungsumstellung-new#primaryimage","url":"https:\/\/beautysane.ams3.digitaloceanspaces.com\/wp-content\/uploads\/sites\/6\/2024\/01\/07092644\/Programme-equilibre-INTER-3-mois-1.png","contentUrl":"https:\/\/beautysane.ams3.digitaloceanspaces.com\/wp-content\/uploads\/sites\/6\/2024\/01\/07092644\/Programme-equilibre-INTER-3-mois-1.png","width":6000,"height":6000},{"@type":"BreadcrumbList","@id":"https:\/\/beautysane.com\/de\/boutique\/angebote\/programm-ernaehrungsumstellung-new#breadcrumb","itemListElement":[{"@type":"ListItem","position":1,"name":"Home","item":"https:\/\/beautysane.com\/de"},{"@type":"ListItem","position":2,"name":"Shop","item":"https:\/\/beautysane.com\/de\/boutique"},{"@type":"ListItem","position":3,"name":"Programm Ausgewogene Ern\u00e4hrung"}]},{"@type":"WebSite","@id":"https:\/\/beautysane.com\/de\/#website","url":"https:\/\/beautysane.com\/de\/","name":"Beautysan\u00e9 - Deutschland","description":"Feed The Change","potentialAction":[{"@type":"SearchAction","target":{"@type":"EntryPoint","urlTemplate":"https:\/\/beautysane.com\/de\/?s={search_term_string}"},"query-input":{"@type":"PropertyValueSpecification","valueRequired":true,"valueName":"search_term_string"}}],"inLanguage":"de"},false]},"product_price_amount":"320.00","product_price_currency":"EUR","og_availability":"instock","product_availability":"instock","product_retailer_item_id":"OD-2024-009-PK","product_condition":"new"},"yasr_visitor_votes":{"stars_attributes":{"read_only":true,"span_bottom":"<div class='yasr-small-block-bold'><span class='yasr-visitor-votes-must-sign-in'>You must sign in to vote<\/span><\/div>"},"number_of_votes":0,"sum_votes":0},"_links":{"self":[{"href":"https:\/\/beautysane.com\/de\/wp-json\/wp\/v2\/product\/129406","targetHints":{"allow":["GET"]}}],"collection":[{"href":"https:\/\/beautysane.com\/de\/wp-json\/wp\/v2\/product"}],"about":[{"href":"https:\/\/beautysane.com\/de\/wp-json\/wp\/v2\/types\/product"}],"replies":[{"embeddable":true,"href":"https:\/\/beautysane.com\/de\/wp-json\/wp\/v2\/comments?post=129406"}],"wp:featuredmedia":[{"embeddable":true,"href":"https:\/\/beautysane.com\/de\/wp-json\/wp\/v2\/media\/139279"}],"wp:attachment":[{"href":"https:\/\/beautysane.com\/de\/wp-json\/wp\/v2\/media?parent=129406"}],"wp:term":[{"taxonomy":"product_brand","embeddable":true,"href":"https:\/\/beautysane.com\/de\/wp-json\/wp\/v2\/product_brand?post=129406"},{"taxonomy":"product_cat","embeddable":true,"href":"https:\/\/beautysane.com\/de\/wp-json\/wp\/v2\/product_cat?post=129406"},{"taxonomy":"product_tag","embeddable":true,"href":"https:\/\/beautysane.com\/de\/wp-json\/wp\/v2\/product_tag?post=129406"}],"curies":[{"name":"wp","href":"https:\/\/api.w.org\/{rel}","templated":true}]}}