{"id":96139,"date":"2024-01-31T12:29:02","date_gmt":"2024-01-31T11:29:03","guid":{"rendered":"https:\/\/beautysane.com\/dom?post_type=product&#038;p=96139"},"modified":"2025-11-25T11:41:57","modified_gmt":"2025-11-25T10:41:57","slug":"performance-programme-new","status":"publish","type":"product","link":"https:\/\/beautysane.com\/dom\/en\/shop\/offers\/performance-programme-new","title":{"rendered":"Performance Programme"},"content":{"rendered":"<p><strong>Want to optimise your performance and recovery?<\/strong><br \/>\nAs their bodies work harder, sportspeople have increased nutritional needs. Beautysan\u00e9 offers a range of products specially adapted to the specific needs of sportspeople. They enable you to eat healthily on a daily basis, prepare for exercise, make short or long-term efforts and promote the recovery phase.<\/p>\n<p><strong>In this programme :<\/strong><\/p>\n<ul>\n<li>1 complete ENERGY PLUS+ meal of your choice &#8211; 10 meals<\/li>\n<li>1 meal replacement of your choice (ENERGY DIET 18 meals or ASSORTIMENTS sucr\u00e9-sal\u00e9 16 meals or ENERGY VEGAN bo\u00eete m\u00e9tal 14 meals or ENERGY DIET BARRES cacahu\u00e8te chocolat 14 bars)<\/li>\n<li>1 ENERGY EFFORT energy drink &#8211; 53 scoops<\/li>\n<li>1 ENERGY POWER energy drink &#8211; 30 sticks<\/li>\n<li>1 ENERGY CARE food supplement of your choice &#8211; 60 capsules<\/li>\n<li>1 marine collagen ENERGY CARE &#8211; 20 scoops<\/li>\n<li>1 Phycocyanine ENERGY CARE &#8211; 30 doses<\/li>\n<\/ul>\n","protected":false},"excerpt":{"rendered":"<p>Want to optimise your performance and recovery? As their bodies work harder, sportspeople have increased nutritional needs. Beautysan\u00e9 offers a range of products specially adapted to the specific needs of sportspeople. They enable you to eat healthily on a daily basis, prepare for exercise, make short or long-term efforts and promote the recovery phase. In [&hellip;]<\/p>\n","protected":false},"featured_media":98375,"comment_status":"open","ping_status":"closed","template":"","meta":{"_acf_changed":false,"inline_featured_image":false,"yasr_overall_rating":0,"yasr_post_is_review":"","yasr_auto_insert_disabled":"","yasr_review_type":""},"product_brand":[],"product_cat":[200,648],"product_tag":[],"class_list":{"0":"post-96139","1":"product","2":"type-product","3":"status-publish","4":"has-post-thumbnail","6":"product_cat-offers","7":"product_cat-programs","8":"pa_objectifs-balanced-diet","9":"pa_objectifs-energy","10":"pa_objectifs-performance","11":"pa_objectifs-well-being","12":"has-subscription-plans","14":"first","15":"instock","16":"sale","17":"purchasable","18":"product-type-simple"},"acf":[],"yoast_head":"<!-- This site is optimized with the Yoast SEO Premium plugin v27.3 (Yoast SEO v27.3) - https:\/\/yoast.com\/product\/yoast-seo-premium-wordpress\/ -->\n<title>Performance Programme - Beautysan\u00e9 - DOM<\/title>\n<meta name=\"robots\" content=\"index, follow, max-snippet:-1, max-image-preview:large, max-video-preview:-1\" \/>\n<link rel=\"canonical\" href=\"https:\/\/beautysane.com\/dom\/en\/shop\/offers\/performance-programme-new\" \/>\n<meta property=\"og:locale\" content=\"en_US\" \/>\n<meta property=\"og:type\" content=\"article\" \/>\n<meta property=\"og:title\" content=\"Performance Programme\" \/>\n<meta property=\"og:description\" content=\"Want to optimise your performance and recovery? As their bodies work harder, sportspeople have increased nutritional needs. Beautysan\u00e9 offers a range of products specially adapted to the specific needs of sportspeople. They enable you to eat healthily on a daily basis, prepare for exercise, make short or long-term efforts and promote the recovery phase. In [&hellip;]\" \/>\n<meta property=\"og:url\" content=\"https:\/\/beautysane.com\/dom\/en\/shop\/offers\/performance-programme-new\" \/>\n<meta property=\"og:site_name\" content=\"Beautysan\u00e9 - DOM\" \/>\n<meta property=\"article:publisher\" content=\"https:\/\/www.facebook.com\/Beautysane\/\" \/>\n<meta property=\"article:modified_time\" content=\"2025-11-25T10:41:57+00:00\" \/>\n<meta property=\"og:image\" content=\"https:\/\/beautysane.ams3.digitaloceanspaces.com\/wp-content\/uploads\/sites\/5\/2024\/01\/19154655\/4.png\" \/>\n\t<meta property=\"og:image:width\" content=\"1080\" \/>\n\t<meta property=\"og:image:height\" content=\"1080\" \/>\n\t<meta property=\"og:image:type\" content=\"image\/png\" \/>\n<meta name=\"twitter:card\" content=\"summary_large_image\" \/>\n<meta name=\"twitter:label1\" content=\"Price\" \/>\n\t<meta name=\"twitter:data1\" content=\"274,00&euro;\" \/>\n\t<meta name=\"twitter:label2\" content=\"Availability\" \/>\n\t<meta name=\"twitter:data2\" content=\"In stock\" \/>\n<script type=\"application\/ld+json\" class=\"yoast-schema-graph\">{\"@context\":\"https:\\\/\\\/schema.org\",\"@graph\":[{\"@type\":\"WebPage\",\"@id\":\"https:\\\/\\\/beautysane.com\\\/dom\\\/en\\\/shop\\\/offers\\\/performance-programme-new\",\"url\":\"https:\\\/\\\/beautysane.com\\\/dom\\\/en\\\/shop\\\/offers\\\/performance-programme-new\",\"name\":\"Performance Programme - Beautysan\u00e9 - DOM\",\"isPartOf\":{\"@id\":\"https:\\\/\\\/beautysane.com\\\/dom\\\/en#website\"},\"primaryImageOfPage\":{\"@id\":\"https:\\\/\\\/beautysane.com\\\/dom\\\/en\\\/shop\\\/offers\\\/performance-programme-new#primaryimage\"},\"image\":{\"@id\":\"https:\\\/\\\/beautysane.com\\\/dom\\\/en\\\/shop\\\/offers\\\/performance-programme-new#primaryimage\"},\"thumbnailUrl\":\"https:\\\/\\\/beautysane.ams3.digitaloceanspaces.com\\\/wp-content\\\/uploads\\\/sites\\\/5\\\/2024\\\/01\\\/07090627\\\/Programme-performance-INTER-1-mois-1.png\",\"datePublished\":\"2024-01-31T11:29:03+00:00\",\"dateModified\":\"2025-11-25T10:41:57+00:00\",\"breadcrumb\":{\"@id\":\"https:\\\/\\\/beautysane.com\\\/dom\\\/en\\\/shop\\\/offers\\\/performance-programme-new#breadcrumb\"},\"inLanguage\":\"en-US\",\"potentialAction\":[{\"@type\":\"ReadAction\",\"target\":[\"https:\\\/\\\/beautysane.com\\\/dom\\\/en\\\/shop\\\/offers\\\/performance-programme-new\"]}]},{\"@type\":\"ImageObject\",\"inLanguage\":\"en-US\",\"@id\":\"https:\\\/\\\/beautysane.com\\\/dom\\\/en\\\/shop\\\/offers\\\/performance-programme-new#primaryimage\",\"url\":\"https:\\\/\\\/beautysane.ams3.digitaloceanspaces.com\\\/wp-content\\\/uploads\\\/sites\\\/5\\\/2024\\\/01\\\/07090627\\\/Programme-performance-INTER-1-mois-1.png\",\"contentUrl\":\"https:\\\/\\\/beautysane.ams3.digitaloceanspaces.com\\\/wp-content\\\/uploads\\\/sites\\\/5\\\/2024\\\/01\\\/07090627\\\/Programme-performance-INTER-1-mois-1.png\",\"width\":6000,\"height\":6000},{\"@type\":\"BreadcrumbList\",\"@id\":\"https:\\\/\\\/beautysane.com\\\/dom\\\/en\\\/shop\\\/offers\\\/performance-programme-new#breadcrumb\",\"itemListElement\":[{\"@type\":\"ListItem\",\"position\":1,\"name\":\"Home\",\"item\":\"https:\\\/\\\/beautysane.com\\\/dom\\\/en\"},{\"@type\":\"ListItem\",\"position\":2,\"name\":\"Shop\",\"item\":\"https:\\\/\\\/beautysane.com\\\/dom\\\/en\\\/shop\"},{\"@type\":\"ListItem\",\"position\":3,\"name\":\"Performance Programme\"}]},{\"@type\":\"WebSite\",\"@id\":\"https:\\\/\\\/beautysane.com\\\/dom\\\/en#website\",\"url\":\"https:\\\/\\\/beautysane.com\\\/dom\\\/en\",\"name\":\"Beautysan\u00e9 - DOM\",\"description\":\"Feed The Change\",\"potentialAction\":[{\"@type\":\"SearchAction\",\"target\":{\"@type\":\"EntryPoint\",\"urlTemplate\":\"https:\\\/\\\/beautysane.com\\\/dom\\\/en?s={search_term_string}\"},\"query-input\":{\"@type\":\"PropertyValueSpecification\",\"valueRequired\":true,\"valueName\":\"search_term_string\"}}],\"inLanguage\":\"en-US\"},false]}<\/script>\n<meta property=\"product:price:amount\" content=\"274.00\" \/>\n<meta property=\"product:price:currency\" content=\"EUR\" \/>\n<meta property=\"og:availability\" content=\"instock\" \/>\n<meta property=\"product:availability\" content=\"instock\" \/>\n<meta property=\"product:retailer_item_id\" content=\"OD-2024-010-PK\" \/>\n<meta property=\"product:condition\" content=\"new\" \/>\n<!-- \/ Yoast SEO Premium plugin. -->","yoast_head_json":{"title":"Performance Programme - Beautysan\u00e9 - DOM","robots":{"index":"index","follow":"follow","max-snippet":"max-snippet:-1","max-image-preview":"max-image-preview:large","max-video-preview":"max-video-preview:-1"},"canonical":"https:\/\/beautysane.com\/dom\/en\/shop\/offers\/performance-programme-new","og_locale":"en_US","og_type":"article","og_title":"Performance Programme","og_description":"Want to optimise your performance and recovery? As their bodies work harder, sportspeople have increased nutritional needs. Beautysan\u00e9 offers a range of products specially adapted to the specific needs of sportspeople. They enable you to eat healthily on a daily basis, prepare for exercise, make short or long-term efforts and promote the recovery phase. In [&hellip;]","og_url":"https:\/\/beautysane.com\/dom\/en\/shop\/offers\/performance-programme-new","og_site_name":"Beautysan\u00e9 - DOM","article_publisher":"https:\/\/www.facebook.com\/Beautysane\/","article_modified_time":"2025-11-25T10:41:57+00:00","og_image":[{"width":1080,"height":1080,"url":"https:\/\/beautysane.ams3.digitaloceanspaces.com\/wp-content\/uploads\/sites\/5\/2024\/01\/19154655\/4.png","type":"image\/png"}],"twitter_card":"summary_large_image","twitter_misc":{"Price":"274,00&euro;","Availability":"In stock"},"schema":{"@context":"https:\/\/schema.org","@graph":[{"@type":"WebPage","@id":"https:\/\/beautysane.com\/dom\/en\/shop\/offers\/performance-programme-new","url":"https:\/\/beautysane.com\/dom\/en\/shop\/offers\/performance-programme-new","name":"Performance Programme - Beautysan\u00e9 - DOM","isPartOf":{"@id":"https:\/\/beautysane.com\/dom\/en#website"},"primaryImageOfPage":{"@id":"https:\/\/beautysane.com\/dom\/en\/shop\/offers\/performance-programme-new#primaryimage"},"image":{"@id":"https:\/\/beautysane.com\/dom\/en\/shop\/offers\/performance-programme-new#primaryimage"},"thumbnailUrl":"https:\/\/beautysane.ams3.digitaloceanspaces.com\/wp-content\/uploads\/sites\/5\/2024\/01\/07090627\/Programme-performance-INTER-1-mois-1.png","datePublished":"2024-01-31T11:29:03+00:00","dateModified":"2025-11-25T10:41:57+00:00","breadcrumb":{"@id":"https:\/\/beautysane.com\/dom\/en\/shop\/offers\/performance-programme-new#breadcrumb"},"inLanguage":"en-US","potentialAction":[{"@type":"ReadAction","target":["https:\/\/beautysane.com\/dom\/en\/shop\/offers\/performance-programme-new"]}]},{"@type":"ImageObject","inLanguage":"en-US","@id":"https:\/\/beautysane.com\/dom\/en\/shop\/offers\/performance-programme-new#primaryimage","url":"https:\/\/beautysane.ams3.digitaloceanspaces.com\/wp-content\/uploads\/sites\/5\/2024\/01\/07090627\/Programme-performance-INTER-1-mois-1.png","contentUrl":"https:\/\/beautysane.ams3.digitaloceanspaces.com\/wp-content\/uploads\/sites\/5\/2024\/01\/07090627\/Programme-performance-INTER-1-mois-1.png","width":6000,"height":6000},{"@type":"BreadcrumbList","@id":"https:\/\/beautysane.com\/dom\/en\/shop\/offers\/performance-programme-new#breadcrumb","itemListElement":[{"@type":"ListItem","position":1,"name":"Home","item":"https:\/\/beautysane.com\/dom\/en"},{"@type":"ListItem","position":2,"name":"Shop","item":"https:\/\/beautysane.com\/dom\/en\/shop"},{"@type":"ListItem","position":3,"name":"Performance Programme"}]},{"@type":"WebSite","@id":"https:\/\/beautysane.com\/dom\/en#website","url":"https:\/\/beautysane.com\/dom\/en","name":"Beautysan\u00e9 - DOM","description":"Feed The Change","potentialAction":[{"@type":"SearchAction","target":{"@type":"EntryPoint","urlTemplate":"https:\/\/beautysane.com\/dom\/en?s={search_term_string}"},"query-input":{"@type":"PropertyValueSpecification","valueRequired":true,"valueName":"search_term_string"}}],"inLanguage":"en-US"},false]},"product_price_amount":"274.00","product_price_currency":"EUR","og_availability":"instock","product_availability":"instock","product_retailer_item_id":"OD-2024-010-PK","product_condition":"new"},"yasr_visitor_votes":{"stars_attributes":{"read_only":true,"span_bottom":"<div class='yasr-small-block-bold'><span class='yasr-visitor-votes-must-sign-in'>You must sign in to vote<\/span><\/div>"},"number_of_votes":0,"sum_votes":0},"_links":{"self":[{"href":"https:\/\/beautysane.com\/dom\/en\/wp-json\/wp\/v2\/product\/96139","targetHints":{"allow":["GET"]}}],"collection":[{"href":"https:\/\/beautysane.com\/dom\/en\/wp-json\/wp\/v2\/product"}],"about":[{"href":"https:\/\/beautysane.com\/dom\/en\/wp-json\/wp\/v2\/types\/product"}],"replies":[{"embeddable":true,"href":"https:\/\/beautysane.com\/dom\/en\/wp-json\/wp\/v2\/comments?post=96139"}],"wp:featuredmedia":[{"embeddable":true,"href":"https:\/\/beautysane.com\/dom\/en\/wp-json\/wp\/v2\/media\/98375"}],"wp:attachment":[{"href":"https:\/\/beautysane.com\/dom\/en\/wp-json\/wp\/v2\/media?parent=96139"}],"wp:term":[{"taxonomy":"product_brand","embeddable":true,"href":"https:\/\/beautysane.com\/dom\/en\/wp-json\/wp\/v2\/product_brand?post=96139"},{"taxonomy":"product_cat","embeddable":true,"href":"https:\/\/beautysane.com\/dom\/en\/wp-json\/wp\/v2\/product_cat?post=96139"},{"taxonomy":"product_tag","embeddable":true,"href":"https:\/\/beautysane.com\/dom\/en\/wp-json\/wp\/v2\/product_tag?post=96139"}],"curies":[{"name":"wp","href":"https:\/\/api.w.org\/{rel}","templated":true}]}}