{"id":2462,"date":"2021-08-25T08:49:36","date_gmt":"2021-08-25T06:49:36","guid":{"rendered":"https:\/\/beautysane.com\/dom\/?page_id=2462"},"modified":"2022-01-24T23:26:22","modified_gmt":"2022-01-24T22:26:22","slug":"programme-fidelite-bplus","status":"publish","type":"page","link":"https:\/\/beautysane.com\/dom\/programme-fidelite-bplus","title":{"rendered":"Programme de fid\u00e9lit\u00e9 B+"},"content":{"rendered":"\n<section id=\"\" class=\"heading-section\">\n    <div class=\"container\">\n        <div class=\"row\">\n            <div class=\"col-lg-8\">\n                <div class=\"heading-quote\">\n                    <span style=\"color: #37d894\"><\/span>\n                    <h1 class=\"title\">Gardez l&#8217;esprit l\u00e9ger avec l&#8217;abonnement B+ <\/h1>\n                    <p>Ne soyez jamais \u00e0 cours de produits Beautysan\u00e9 gr\u00e2ce \u00e0 B+ ! Chaque mois, vous recevez vos produits pr\u00e9f\u00e9r\u00e9s sans avoir \u00e0 y penser.<\/p>\n                <\/div>\n            <\/div>\n\n            <div class=\"col-lg-4\">\n                \n                <div class=\"features\">\n                                            <div class=\"item d-flex align-items-start\">\n                            <img decoding=\"async\" src=\"https:\/\/beautysane.ams3.digitaloceanspaces.com\/wp-content\/uploads\/sites\/5\/2021\/08\/29035506\/pf_icon_1.svg\" alt=\"pf_icon_1\">\n                            <div class=\"info\">\n                                <h4 class=\"title\" style=\"color: #37d894\">Vos produits pr\u00e9f\u00e9r\u00e9s livr\u00e9s chaque mois<\/h4>\n                                <p>B+ vous envoie vos produits pr\u00e9f\u00e9r\u00e9s avant m\u00eame que vous ne les finissiez.<\/p>\n                            <\/div>\n                        <\/div>\n                                            <div class=\"item d-flex align-items-start\">\n                            <img decoding=\"async\" src=\"https:\/\/beautysane.ams3.digitaloceanspaces.com\/wp-content\/uploads\/sites\/5\/2021\/08\/29035506\/pf_icon_2.svg\" alt=\"pf_icon_2\">\n                            <div class=\"info\">\n                                <h4 class=\"title\" style=\"color: #37d894\">Votre fid\u00e9lit\u00e9 toujours r\u00e9compens\u00e9e <\/h4>\n                                <p>Economisez jusqu&#8217;\u00e0 10% de vos achats en points de fid\u00e9lit\u00e9. <\/p>\n                            <\/div>\n                        <\/div>\n                                            <div class=\"item d-flex align-items-start\">\n                            <img decoding=\"async\" src=\"https:\/\/beautysane.ams3.digitaloceanspaces.com\/wp-content\/uploads\/sites\/5\/2021\/08\/29035506\/pf_icon_3.svg\" alt=\"pf_icon_3\">\n                            <div class=\"info\">\n                                <h4 class=\"title\" style=\"color: #37d894\">Vos choix \u00e0 port\u00e9e de clic<\/h4>\n                                <p>Gardez la main sur votre abonnement : \u00e0 tout moment, ajoutez ou enlevez des produits pour la prochaine livraison<\/p>\n                            <\/div>\n                        <\/div>\n                                    <\/div>\n            <\/div>\n        <\/div>\n    <\/div>\n<\/section>\n\n\n\n<section id=\"\" class=\"block_type_9\">\n    <div class=\"background\" style='background-image: url(\" https:\/\/beautysane.ams3.digitaloceanspaces.com\/wp-content\/uploads\/sites\/5\/2021\/08\/29035458\/background.jpg\")'>\n            <\/div>\n    <div class=\"container\">\n                    <img decoding=\"async\" class=\"image_b position_1\" src=\"https:\/\/beautysane.ams3.digitaloceanspaces.com\/wp-content\/uploads\/sites\/5\/2021\/08\/29035458\/icon_b.svg\" alt=\"\">\n                <div class=\"row\">\n\n            <div class=\"first_col col-md-8\">\n                \n                <h1 class=\"title\">Prendre soin de soi sans se prendre la t\u00eate ? <br>Mode d&#8217;emploi !<\/h1>\n\n                            <\/div>\n\n            <div class=\"second_col col-md-4\">\n                <a href=\"https:\/\/beautysane.com\/dom\/boutique\" class=\"btn btn-rounded-go\" style=\"background-color: #37d894\">\n                    Boutique                    <i class=\"icon BS-arrow-btn\"><\/i>\n                <\/a>\n            <\/div>\n        <\/div>\n    <\/div>\n<\/section>\n\n\n\n<section id=\"\" class=\"block_type_10\">\n    <div class=\"container\">\n        <div class=\"row\">\n            <div class=\"col-md-4 mt-md-0 mt-4 mb-md-0 mb-5\">\n                <div class=\"illustration\">\n                    <img decoding=\"async\" src=\"https:\/\/beautysane.com\/dom\/wp-content\/themes\/storefront-child\/assets\/images\/block-types\/step_1.svg\" alt=\"\">\n                    <p class=\"number\" style=\"color: #37d894; border-color: #37d894\">1<\/p>\n                <\/div>\n                <p class=\"title\">S\u00e9lectionnez vos produits<\/p>\n                <p class=\"text\">Ajoutez vos produits pr\u00e9f\u00e9r\u00e9s \u00e0 votre panier et s\u00e9lectionnez l&#8217;option B+ lors du paiement.<\/p>\n            <\/div>\n            <div class=\"col-md-4 mt-md-0 mt-5 mb-md-0 mb-5\">\n                <div class=\"illustration\">\n                    <img decoding=\"async\" src=\"https:\/\/beautysane.com\/dom\/wp-content\/themes\/storefront-child\/assets\/images\/block-types\/step_2.svg\" alt=\"\">\n                    <p class=\"number\" style=\"color: #37d894; border-color: #37d894\">2<\/p>\n                <\/div>\n                <p class=\"title\">Commandez<\/p>\n                <p class=\"text\">Gardez l&#8217;esprit l\u00e9ger : votre abonnement, modifiable en un clic, s&#8217;adapte \u00e0 toutes vos envies.<\/p>\n            <\/div>\n            <div class=\"col-md-4 mt-md-0 mt-5\">\n                <div class=\"illustration\">\n                    <img decoding=\"async\" src=\"https:\/\/beautysane.com\/dom\/wp-content\/themes\/storefront-child\/assets\/images\/block-types\/step_3.svg\" alt=\"\">\n                    <p class=\"number\" style=\"color: #37d894; border-color: #37d894\">3<\/p>\n                <\/div>\n                <p class=\"title\">Voil\u00e0, c\u2019est termin\u00e9 !<\/p>\n                <p class=\"text\">Gr\u00e2ce \u00e0 B+, gagnez des points de fid\u00e9lit\u00e9 et obtenez des r\u00e9ductions sur vos prochaines commandes.<\/p>\n            <\/div>\n        <\/div>\n    <\/div>\n<\/section>\n\n\n\n<style>\n    .block_type_11 .container .row > .first_col h1,\n    .block_type_11 .container .row > .first_col h2,\n    .block_type_11 .container .row > .first_col h3,\n    .block_type_11 .container .row > .first_col h4,\n    .block_type_11 .container .row > .first_col h5,\n    .block_type_11 .container .row > .first_col h6,\n    .block_type_11 .container .row > .first_col a:not(.btn-rounded-go) {\n        color: #37d894;\n    }\n<\/style>\n\n<section id=\"\" class=\"block_type_11\">\n    <div class=\"container\">\n        <div class=\"row\">\n            <div class=\"first_col col-lg-8\">\n                <h2>Pourquoi craquer pour B+ ?<\/h2>\n<p>Ne manquez jamais de Beautysan\u00e9 ! <strong>Choisissez votre jour de livraison pr\u00e9f\u00e9r\u00e9 et recevez automatiquement chez vous tous vos produits favoris.<\/strong><\/p>\n<h2>Des produits B+ offerts<\/h2>\n<p>En vous abonnant \u00e0 notre programme B+, vous ne profitez pas seulement de tous vos produits pr\u00e9f\u00e9r\u00e9s : vous recevez \u00e9galement <strong>7% de points de fid\u00e9lit\u00e9 les 6 premiers mois et 10% les mois suivants<\/strong>.<\/p>\n<p><strong>1 point fid\u00e9lit\u00e9 = 1 \u20ac disponible pour acheter un nouveau produit<\/strong><\/p>\n<p>Vous avez assez de points de fid\u00e9lit\u00e9 ? Ajoutez simplement le produit de votre choix \u00e0 votre commande B+ et recevez-le gratuitement avec votre prochaine commande. L&#8217;occasion de tester gratuitement toutes nos nouveaut\u00e9s !<\/p>\n<h2><span data-sheets-value=\"{&quot;1&quot;:2,&quot;2&quot;:&quot;Avec B+, vous avez le contr\u00f4le &quot;}\" data-sheets-userformat=\"{&quot;2&quot;:31299,&quot;3&quot;:{&quot;1&quot;:0},&quot;4&quot;:[null,2,16777215],&quot;9&quot;:0,&quot;12&quot;:0,&quot;14&quot;:[null,2,0],&quot;15&quot;:&quot;Arial&quot;,&quot;16&quot;:10,&quot;17&quot;:1}\">Avec B+, vous avez le contr\u00f4le <\/span><\/h2>\n<p>Besoin de varier les plaisirs ou d&#8217;une petite pause ? Aucun probl\u00e8me : vous pouvez facilement ajouter ou supprimer des produits de votre B+, changer la date de votre prochain envoi, suspendre vos envois 2 fois par an ou tout simplement supprimer votre abonnement. Le tout en un clic.<\/p>\n<h2>Pr\u00eat \u00e0 sauter le pas ?<\/h2>\n<p>Vous connaissez maintenant tout de notre programme B+. Il ne vous reste qu&#8217;une chose \u00e0 faire : vous lancer ! S\u00e9lectionnez vos produits ou rendez-vous directement sur nos packs B+ et d\u00e9marrez d\u00e8s maintenant votre abonnement.<br \/>\n<a class=\"btn-rounded-go\" href=\"https:\/\/beta.beautysane.com\/dom\/boutique\" >J&#8217;y vais<\/a><\/p>\n<h4>Vous avez d\u2019autres questions ?<\/h4>\n<p>Tous les d\u00e9tails sont sur notre page <a href=\"https:\/\/beta.beautysane.com\/dom\/questions-programme-bplus\">Questions \/ R\u00e9ponses<\/a>.<\/p>\n            <\/div>\n                            <div class=\"second_col col-lg-4\">\n                    <div class=\"image\" style='background-image: url(\"https:\/\/beautysane.ams3.digitaloceanspaces.com\/wp-content\/uploads\/sites\/5\/2021\/09\/29035114\/ED001_BM.png\")'>\n                        <span class=\"picto\" style=\"background-color: #37d894\"><\/span>\n                    <\/div>\n                    <div class=\"content\">\n                        <div class=\"content_bg\" style=\"background-color: #37d894\"><\/div>\n                        <p class=\"title\" style=\"color: #37d894\">La star du B+<\/p>\n                        <p class=\"text\">Ind\u00e9modable, la star du B+ reste l&#8217;Energy Diet Chocolat !<\/p>\n                        <a href=\"https:\/\/beautysane.com\/dom?post_type=product&#038;p=4773\" style=\"color: #37d894\">\n                            Voir le produit                            <i class=\"icon BS-arrow-btn\"><\/i>\n                        <\/a>\n                    <\/div>\n                <\/div>\n                    <\/div>\n    <\/div>\n<\/section>\n","protected":false},"excerpt":{"rendered":"","protected":false},"author":1,"featured_media":0,"parent":0,"menu_order":0,"comment_status":"closed","ping_status":"closed","template":"rich-content-template.php","meta":{"_acf_changed":false,"inline_featured_image":false,"yasr_overall_rating":0,"yasr_post_is_review":"","yasr_auto_insert_disabled":"","yasr_review_type":"","footnotes":""},"class_list":["post-2462","page","type-page","status-publish","hentry"],"acf":[],"yoast_head":"<!-- This site is optimized with the Yoast SEO Premium plugin v27.3 (Yoast SEO v27.3) - https:\/\/yoast.com\/product\/yoast-seo-premium-wordpress\/ -->\n<title>Programme de fid\u00e9lit\u00e9 B+ - Beautysan\u00e9 - DOM<\/title>\n<meta name=\"description\" content=\"Chaque mois, recevez vos produits pr\u00e9f\u00e9r\u00e9s sans ne plus avoir \u00e0 y penser, et soyez r\u00e9compens\u00e9 de votre fid\u00e9lit\u00e9 !\" \/>\n<meta name=\"robots\" content=\"index, follow, max-snippet:-1, max-image-preview:large, max-video-preview:-1\" \/>\n<link rel=\"canonical\" href=\"https:\/\/beautysane.com\/dom\/programme-fidelite-bplus\" \/>\n<meta property=\"og:locale\" content=\"fr_FR\" \/>\n<meta property=\"og:type\" content=\"article\" \/>\n<meta property=\"og:title\" content=\"Programme de fid\u00e9lit\u00e9 B+\" \/>\n<meta property=\"og:description\" content=\"Recevez vos produits pr\u00e9f\u00e9r\u00e9s chaque mois, et soyez r\u00e9compens\u00e9 de votre fid\u00e9lit\u00e9 !\" \/>\n<meta property=\"og:url\" content=\"https:\/\/beautysane.com\/dom\/programme-fidelite-bplus\" \/>\n<meta property=\"og:site_name\" content=\"Beautysan\u00e9 - DOM\" \/>\n<meta property=\"article:publisher\" content=\"https:\/\/www.facebook.com\/Beautysane\/\" \/>\n<meta property=\"article:modified_time\" content=\"2022-01-24T22:26:22+00:00\" \/>\n<meta property=\"og:image\" content=\"https:\/\/beautysane.ams3.digitaloceanspaces.com\/wp-content\/uploads\/sites\/5\/2021\/10\/29035329\/couverture-1.jpeg\" \/>\n\t<meta property=\"og:image:width\" content=\"1699\" \/>\n\t<meta property=\"og:image:height\" content=\"1133\" \/>\n\t<meta property=\"og:image:type\" content=\"image\/jpeg\" \/>\n<meta name=\"twitter:card\" content=\"summary_large_image\" \/>\n<script type=\"application\/ld+json\" class=\"yoast-schema-graph\">{\"@context\":\"https:\\\/\\\/schema.org\",\"@graph\":[{\"@type\":\"WebPage\",\"@id\":\"https:\\\/\\\/beautysane.com\\\/dom\\\/programme-fidelite-bplus\",\"url\":\"https:\\\/\\\/beautysane.com\\\/dom\\\/programme-fidelite-bplus\",\"name\":\"Programme de fid\u00e9lit\u00e9 B+ - Beautysan\u00e9 - DOM\",\"isPartOf\":{\"@id\":\"https:\\\/\\\/beautysane.com\\\/dom\\\/#website\"},\"datePublished\":\"2021-08-25T06:49:36+00:00\",\"dateModified\":\"2022-01-24T22:26:22+00:00\",\"description\":\"Chaque mois, recevez vos produits pr\u00e9f\u00e9r\u00e9s sans ne plus avoir \u00e0 y penser, et soyez r\u00e9compens\u00e9 de votre fid\u00e9lit\u00e9 !\",\"breadcrumb\":{\"@id\":\"https:\\\/\\\/beautysane.com\\\/dom\\\/programme-fidelite-bplus#breadcrumb\"},\"inLanguage\":\"fr-FR\",\"potentialAction\":[{\"@type\":\"ReadAction\",\"target\":[\"https:\\\/\\\/beautysane.com\\\/dom\\\/programme-fidelite-bplus\"]}]},{\"@type\":\"BreadcrumbList\",\"@id\":\"https:\\\/\\\/beautysane.com\\\/dom\\\/programme-fidelite-bplus#breadcrumb\",\"itemListElement\":[{\"@type\":\"ListItem\",\"position\":1,\"name\":\"Home\",\"item\":\"https:\\\/\\\/beautysane.com\\\/dom\"},{\"@type\":\"ListItem\",\"position\":2,\"name\":\"Programme de fid\u00e9lit\u00e9 B+\"}]},{\"@type\":\"WebSite\",\"@id\":\"https:\\\/\\\/beautysane.com\\\/dom\\\/#website\",\"url\":\"https:\\\/\\\/beautysane.com\\\/dom\\\/\",\"name\":\"Beautysan\u00e9 - DOM\",\"description\":\"Feed The Change\",\"potentialAction\":[{\"@type\":\"SearchAction\",\"target\":{\"@type\":\"EntryPoint\",\"urlTemplate\":\"https:\\\/\\\/beautysane.com\\\/dom\\\/?s={search_term_string}\"},\"query-input\":{\"@type\":\"PropertyValueSpecification\",\"valueRequired\":true,\"valueName\":\"search_term_string\"}}],\"inLanguage\":\"fr-FR\"},false]}<\/script>\n<!-- \/ Yoast SEO Premium plugin. -->","yoast_head_json":{"title":"Programme de fid\u00e9lit\u00e9 B+ - Beautysan\u00e9 - DOM","description":"Chaque mois, recevez vos produits pr\u00e9f\u00e9r\u00e9s sans ne plus avoir \u00e0 y penser, et soyez r\u00e9compens\u00e9 de votre fid\u00e9lit\u00e9 !","robots":{"index":"index","follow":"follow","max-snippet":"max-snippet:-1","max-image-preview":"max-image-preview:large","max-video-preview":"max-video-preview:-1"},"canonical":"https:\/\/beautysane.com\/dom\/programme-fidelite-bplus","og_locale":"fr_FR","og_type":"article","og_title":"Programme de fid\u00e9lit\u00e9 B+","og_description":"Recevez vos produits pr\u00e9f\u00e9r\u00e9s chaque mois, et soyez r\u00e9compens\u00e9 de votre fid\u00e9lit\u00e9 !","og_url":"https:\/\/beautysane.com\/dom\/programme-fidelite-bplus","og_site_name":"Beautysan\u00e9 - DOM","article_publisher":"https:\/\/www.facebook.com\/Beautysane\/","article_modified_time":"2022-01-24T22:26:22+00:00","og_image":[{"width":1699,"height":1133,"url":"https:\/\/beautysane.ams3.digitaloceanspaces.com\/wp-content\/uploads\/sites\/5\/2021\/10\/29035329\/couverture-1.jpeg","type":"image\/jpeg"}],"twitter_card":"summary_large_image","schema":{"@context":"https:\/\/schema.org","@graph":[{"@type":"WebPage","@id":"https:\/\/beautysane.com\/dom\/programme-fidelite-bplus","url":"https:\/\/beautysane.com\/dom\/programme-fidelite-bplus","name":"Programme de fid\u00e9lit\u00e9 B+ - Beautysan\u00e9 - DOM","isPartOf":{"@id":"https:\/\/beautysane.com\/dom\/#website"},"datePublished":"2021-08-25T06:49:36+00:00","dateModified":"2022-01-24T22:26:22+00:00","description":"Chaque mois, recevez vos produits pr\u00e9f\u00e9r\u00e9s sans ne plus avoir \u00e0 y penser, et soyez r\u00e9compens\u00e9 de votre fid\u00e9lit\u00e9 !","breadcrumb":{"@id":"https:\/\/beautysane.com\/dom\/programme-fidelite-bplus#breadcrumb"},"inLanguage":"fr-FR","potentialAction":[{"@type":"ReadAction","target":["https:\/\/beautysane.com\/dom\/programme-fidelite-bplus"]}]},{"@type":"BreadcrumbList","@id":"https:\/\/beautysane.com\/dom\/programme-fidelite-bplus#breadcrumb","itemListElement":[{"@type":"ListItem","position":1,"name":"Home","item":"https:\/\/beautysane.com\/dom"},{"@type":"ListItem","position":2,"name":"Programme de fid\u00e9lit\u00e9 B+"}]},{"@type":"WebSite","@id":"https:\/\/beautysane.com\/dom\/#website","url":"https:\/\/beautysane.com\/dom\/","name":"Beautysan\u00e9 - DOM","description":"Feed The Change","potentialAction":[{"@type":"SearchAction","target":{"@type":"EntryPoint","urlTemplate":"https:\/\/beautysane.com\/dom\/?s={search_term_string}"},"query-input":{"@type":"PropertyValueSpecification","valueRequired":true,"valueName":"search_term_string"}}],"inLanguage":"fr-FR"},false]}},"yasr_visitor_votes":{"stars_attributes":{"read_only":true,"span_bottom":"<div class='yasr-small-block-bold'><span class='yasr-visitor-votes-must-sign-in'>Vous devez \u00eatre connect\u00e9 pour voter<\/span><\/div>"},"number_of_votes":0,"sum_votes":0},"_links":{"self":[{"href":"https:\/\/beautysane.com\/dom\/wp-json\/wp\/v2\/pages\/2462","targetHints":{"allow":["GET"]}}],"collection":[{"href":"https:\/\/beautysane.com\/dom\/wp-json\/wp\/v2\/pages"}],"about":[{"href":"https:\/\/beautysane.com\/dom\/wp-json\/wp\/v2\/types\/page"}],"author":[{"embeddable":true,"href":"https:\/\/beautysane.com\/dom\/wp-json\/wp\/v2\/users\/1"}],"replies":[{"embeddable":true,"href":"https:\/\/beautysane.com\/dom\/wp-json\/wp\/v2\/comments?post=2462"}],"version-history":[{"count":60,"href":"https:\/\/beautysane.com\/dom\/wp-json\/wp\/v2\/pages\/2462\/revisions"}],"predecessor-version":[{"id":24756,"href":"https:\/\/beautysane.com\/dom\/wp-json\/wp\/v2\/pages\/2462\/revisions\/24756"}],"wp:attachment":[{"href":"https:\/\/beautysane.com\/dom\/wp-json\/wp\/v2\/media?parent=2462"}],"curies":[{"name":"wp","href":"https:\/\/api.w.org\/{rel}","templated":true}]}}