{"id":2560,"date":"2021-08-26T18:06:32","date_gmt":"2021-08-26T16:06:32","guid":{"rendered":"https:\/\/beautysane.com\/dom\/?page_id=2560"},"modified":"2024-03-05T16:22:31","modified_gmt":"2024-03-05T15:22:31","slug":"qui-sommes-nous","status":"publish","type":"page","link":"https:\/\/beautysane.com\/dom\/qui-sommes-nous","title":{"rendered":"Qui sommes-nous ?"},"content":{"rendered":"\n<section id=\"\" class=\"heading-section\">\n    <div class=\"container\">\n        <div class=\"row\">\n            <div class=\"col-lg-8\">\n                <div class=\"heading-quote\">\n                    <span style=\"color: #ffb800\">Notre credo<\/span>\n                    <h1 class=\"title\">Feed the Change <br>par Beautysan\u00e9.<\/h1>\n                    <p>Aider \u00e0 lib\u00e9rer le potentiel de chacun par une alimentation augment\u00e9e.<\/p>\n                <\/div>\n            <\/div>\n\n            <div class=\"col-lg-4\">\n                \n                <div class=\"features\">\n                                            <div class=\"item d-flex align-items-start\">\n                            <img decoding=\"async\" src=\"https:\/\/beautysane.ams3.digitaloceanspaces.com\/wp-content\/uploads\/sites\/5\/2021\/10\/29035348\/happy.png\" alt=\"happy\">\n                            <div class=\"info\">\n                                <h4 class=\"title\" style=\"color: #ffb800\">Bien-\u00eatre<\/h4>\n                                <p>Beautysan\u00e9 apporte des solutions d\u2019alimentation saines, \u00e9quilibr\u00e9es<\/p>\n                            <\/div>\n                        <\/div>\n                                            <div class=\"item d-flex align-items-start\">\n                            <img decoding=\"async\" src=\"https:\/\/beautysane.ams3.digitaloceanspaces.com\/wp-content\/uploads\/sites\/5\/2021\/10\/29035347\/search-1.png\" alt=\"search (1)\">\n                            <div class=\"info\">\n                                <h4 class=\"title\" style=\"color: #ffb800\">Expertise<\/h4>\n                                <p>Nos experts travaillent sur des formules exclusives pour vous proposer des produits uniques. <\/p>\n                            <\/div>\n                        <\/div>\n                                            <div class=\"item d-flex align-items-start\">\n                            <img decoding=\"async\" src=\"https:\/\/beautysane.ams3.digitaloceanspaces.com\/wp-content\/uploads\/sites\/5\/2021\/10\/29035348\/plant-1.png\" alt=\"plant (1)\">\n                            <div class=\"info\">\n                                <h4 class=\"title\" style=\"color: #ffb800\">Alimentation augment\u00e9e<\/h4>\n                                <p>23 vitamines et min\u00e9raux, source de fibres et haute digestibilit\u00e9.<\/p>\n                            <\/div>\n                        <\/div>\n                                            <div class=\"item d-flex align-items-start\">\n                            <img decoding=\"async\" src=\"https:\/\/beautysane.ams3.digitaloceanspaces.com\/wp-content\/uploads\/sites\/5\/2021\/10\/29035348\/handshake-2.png\" alt=\"handshake (2)\">\n                            <div class=\"info\">\n                                <h4 class=\"title\" style=\"color: #ffb800\">Suivi<\/h4>\n                                <p>Vous n&#8217;\u00eates pas seul, notre communaut\u00e9 et nos conseillers sont l\u00e0 pour vous aider et vous accompagner.<\/p>\n                            <\/div>\n                        <\/div>\n                                    <\/div>\n            <\/div>\n        <\/div>\n    <\/div>\n<\/section>\n\n\n\n<section id=\"\" class=\"block_type_2  second_column_video timeline\">\n    <div class=\"background\" style='background-image: url(\" https:\/\/beautysane.ams3.digitaloceanspaces.com\/wp-content\/uploads\/sites\/5\/2021\/10\/29034902\/A-propos-scaled-2048x836.jpg\")'>\n            <\/div>\n    <div class=\"container\">\n                    <img decoding=\"async\" class=\"image_b position_1\" src=\"https:\/\/beautysane.ams3.digitaloceanspaces.com\/wp-content\/uploads\/sites\/5\/2021\/08\/29035512\/logo_B.svg\" alt=\"\">\n                <div class=\"row\">\n\n            <div class=\"first_col col-md-6\">\n                                    <span class=\"pre_title\" style=\"color: #ffb800\">Made in France<\/span>\n                \n                <h1 class=\"title\">Des solutions nutritionnelles innovantes<\/h1>\n\n                                    <p class=\"text\">Energy Diet, notre produit phare, ainsi que nos compl\u00e9ments alimentaires et boissons sont \u00e9labor\u00e9s, fabriqu\u00e9s et conditionn\u00e9s en France par notre unit\u00e9 de production, dans le respect des normes alimentaires fran\u00e7aises et europ\u00e9ennes. \r\nNous explorons de nouvelles mani\u00e8res d\u2019imaginer l\u2019alimentation de demain avec notre service de recherche et d\u00e9veloppement et \u00e0 travers de nombreuses collaborations.<\/p>\n                \n                            <\/div>\n\n                            <div class=\"second_col col-md-6\">\n\n                    \n                        <div class=\"video\">\n                            <div class=\"img\">\n                                <img loading=\"lazy\" decoding=\"async\" width=\"600\" height=\"338\" src=\"https:\/\/beautysane.ams3.digitaloceanspaces.com\/wp-content\/uploads\/sites\/5\/2021\/10\/29035341\/solutions_nutritionnelles_beautysane-1.png\" class=\"attachment-large size-large\" alt=\"\" srcset=\"https:\/\/beautysane.ams3.digitaloceanspaces.com\/wp-content\/uploads\/sites\/5\/2021\/10\/29035341\/solutions_nutritionnelles_beautysane-1.png 600w, https:\/\/beautysane.ams3.digitaloceanspaces.com\/wp-content\/uploads\/sites\/5\/2021\/10\/29035341\/solutions_nutritionnelles_beautysane-1-300x169.png 300w, https:\/\/beautysane.ams3.digitaloceanspaces.com\/wp-content\/uploads\/sites\/5\/2021\/10\/29035341\/solutions_nutritionnelles_beautysane-1-100x56.png 100w, https:\/\/beautysane.ams3.digitaloceanspaces.com\/wp-content\/uploads\/sites\/5\/2021\/10\/29035341\/solutions_nutritionnelles_beautysane-1-324x183.png 324w, https:\/\/beautysane.ams3.digitaloceanspaces.com\/wp-content\/uploads\/sites\/5\/2021\/10\/29035341\/solutions_nutritionnelles_beautysane-1-416x234.png 416w\" sizes=\"auto, (max-width: 600px) 100vw, 600px\" \/>                                <button type=\"button\"\n                                        data-iframe-url=\"https:\/\/www.youtube.com\/embed\/iIG8TPrCgsc\"><\/button>\n                            <\/div>\n                            <div class=\"custom_modal\" style=\"display: none;\">\n                                <a href=\"#\" class=\"close\"><i class=\"fas fa-times\"><\/i><\/a>\n                                <div class=\"content\"><\/div>\n                            <\/div>\n                            <div class=\"custom_modal_overlay\" style=\"display: none;\"><\/div>\n                        <\/div>\n\n                                    <\/div>\n            \n                            <div class=\"timeline_container col-12\">\n                    <ul class=\"timeline\">\n                                                                                    <li class=\"event\">\n                                    <div class=\"content\">\n                                        <p class=\"title\"\n                                           style=\"color: #ffb800\">Energy Diet<\/p>\n                                        <p class=\"text\">Avec plus de 12 saveurs, Energy Diet est toujours au c\u0153ur de notre gamme<\/p>\n                                    <\/div>\n                                    <p class=\"year\"\n                                       style=\"background-color: #ffb800\">2003<\/p>\n                                <\/li>\n                                                            <li class=\"event\">\n                                    <div class=\"content\">\n                                        <p class=\"title\"\n                                           style=\"color: #ffb800\">Energy D\u00e9tox<\/p>\n                                        <p class=\"text\">Lancement de la boisson drainante Energy D\u00e9tox<\/p>\n                                    <\/div>\n                                    <p class=\"year\"\n                                       style=\"background-color: #ffb800\">2005<\/p>\n                                <\/li>\n                                                            <li class=\"event\">\n                                    <div class=\"content\">\n                                        <p class=\"title\"\n                                           style=\"color: #ffb800\">Energy Care<\/p>\n                                        <p class=\"text\">La micronutrition pour tous les besoins du quotidien<\/p>\n                                    <\/div>\n                                    <p class=\"year\"\n                                       style=\"background-color: #ffb800\">2009<\/p>\n                                <\/li>\n                                                            <li class=\"event\">\n                                    <div class=\"content\">\n                                        <p class=\"title\"\n                                           style=\"color: #ffb800\">Reformulation d&#8217;Energy Diet<\/p>\n                                        <p class=\"text\">Optimisation nutritionnelle de la formule<\/p>\n                                    <\/div>\n                                    <p class=\"year\"\n                                       style=\"background-color: #ffb800\">2015<\/p>\n                                <\/li>\n                                                            <li class=\"event\">\n                                    <div class=\"content\">\n                                        <p class=\"title\"\n                                           style=\"color: #ffb800\">Energy Aroma<\/p>\n                                        <p class=\"text\">Cr\u00e9ation de la gamme Aroma<\/p>\n                                    <\/div>\n                                    <p class=\"year\"\n                                       style=\"background-color: #ffb800\">2020<\/p>\n                                <\/li>\n                                                            <li class=\"event\">\n                                    <div class=\"content\">\n                                        <p class=\"title\"\n                                           style=\"color: #ffb800\">Gammes Harmony et Relax<\/p>\n                                        <p class=\"text\">Les nouveaux rituels bien-\u00eatre<\/p>\n                                    <\/div>\n                                    <p class=\"year\"\n                                       style=\"background-color: #ffb800\">2022<\/p>\n                                <\/li>\n                                                            <li class=\"event\">\n                                    <div class=\"content\">\n                                        <p class=\"title\"\n                                           style=\"color: #ffb800\">Gamme Vegan<\/p>\n                                        <p class=\"text\">Des formulations 100% Vegan, dont une barre repas sal\u00e9e !<\/p>\n                                    <\/div>\n                                    <p class=\"year\"\n                                       style=\"background-color: #ffb800\">2023<\/p>\n                                <\/li>\n                                                                        <\/ul>\n                <\/div>\n            \n        <\/div>\n    <\/div>\n<\/section>\n\n\n\n<section id=\"\" class=\"block_type_5 showcase\">\n    <div class=\"carousel\"\n         data-flickity='{  \"wrapAround\": true, \"prevNextButtons\": false, \"pageDots\": false, \"cellAlign\": \"right\", \"autoPlay\": false, \"percentPosition\": false }'>\n                    <div class=\"carousel-cell\">\n                <div class=\"outer\" style='background-image: url(\"https:\/\/beautysane.ams3.digitaloceanspaces.com\/wp-content\/uploads\/sites\/5\/2021\/09\/29035408\/smoothie-bowl-1024x683.png\")'>\n                                    <\/div>\n            <\/div>\n                    <div class=\"carousel-cell\">\n                <div class=\"outer\" style='background-image: url(\"https:\/\/beautysane.ams3.digitaloceanspaces.com\/wp-content\/uploads\/sites\/5\/2021\/09\/29035404\/cake-choclat-1024x683.png\")'>\n                                    <\/div>\n            <\/div>\n                    <div class=\"carousel-cell\">\n                <div class=\"outer\" style='background-image: url(\"https:\/\/beautysane.ams3.digitaloceanspaces.com\/wp-content\/uploads\/sites\/5\/2021\/09\/29035457\/veloute-asperge-1024x683.png\")'>\n                                    <\/div>\n            <\/div>\n            <\/div>\n\n    <div class=\"container\">\n        <div class=\"row\">\n            <div class=\"col-lg-6 offset-lg-6\">\n                <div class=\"explanation pl-lg-4 paragraph\">\n                                            <span style=\"color: #ffb800\">Le go\u00fbt avant tout<\/span>\n                    \n                    <h2 class=\"title\">La marque qui a <br>du go\u00fbt<\/h2>\n\n                                            <p class=\"text\">\n                            Beautysan\u00e9 mise sur la recherche et l\u2019innovation, sans jamais oublier le go\u00fbt et le plaisir de manger. Notre priorit\u00e9 : offrir des repas \u00e9quilibr\u00e9s, complets, pratiques et d\u00e9licieux, avec de nombreuses saveurs !\r\n<br><br>\r\nDepuis 2012, nos produits sont r\u00e9compens\u00e9s chaque ann\u00e9e \u00ab Saveurs de l\u2019ann\u00e9e \u00bb par un jury compos\u00e9 de plusieurs centaines de consommateurs.\r\nLa fa\u00e7on dont nous mangeons est le pilier de nos vies. Beautysan\u00e9 veut que vous profitiez de la vie, profitez-en avec go\u00fbt !                        <\/p>\n                    \n                    \n                                            <img decoding=\"async\" src=\"https:\/\/beautysane.ams3.digitaloceanspaces.com\/wp-content\/uploads\/sites\/5\/2021\/10\/29035331\/fond-3.png\" alt=\"\">\n                    \n                <\/div>\n            <\/div>\n        <\/div>\n    <\/div>\n<\/section>\n\n\n\n<section id=\"\"\n         class=\"block_type_4  \">\n    <div class=\"container-fluid\">\n        <div class=\"row\">\n            <div class=\"col-xl-6 col-lg-7 col-md-8 content\" style=\"background-color: #ffb800\">\n                                    <span class=\"pre_title\" style=\"color:;\">Interview<\/span>\n                \n                <h1 class=\"title\">Rencontre avec Sylvain Bonnet<\/h1>\n\n                                    <p class=\"text\">Fondateur de Beautysan\u00e9<\/p>\n                \n                            <\/div>\n                            <div class=\"col-xl-6 col-lg-5 col-md-4 image\" style='background-image: url(\"https:\/\/beautysane.ams3.digitaloceanspaces.com\/wp-content\/uploads\/sites\/5\/2021\/10\/29035331\/sylvain_bonnet-1-1024x546.png\")'><\/div>\n                    <\/div>\n    <\/div>\n<\/section>\n\n\n\n<section id=\"\" class=\"block_type_6 quote-section\">\n    <div class=\"container\">\n        <div class=\"row\">\n            <div class=\"col-lg-6\">\n                <div class=\"info\">\n                    <h3 class=\"title\" style=\"color: #ffb800\">Lib\u00e9rer notre potentiel<\/h3>\n                    <p>Lib\u00e9rer tout notre potentiel ne peut pas se faire sans contact humain. Et c&#8217;est \u00e9galement plus facile de changer ses habitudes avec l&#8217;aide d&#8217;une communaut\u00e9 soud\u00e9e ! <\/p>\n                <\/div>\n            <\/div>\n\n            <div class=\"col-lg-6\">\n                <blockquote style=\"color: #ffb800\">\n                    <p>Une aventure que nous \u00e9crivons tous ensemble, avec nos clients, nos conseillers, notre \u00e9quipe.<\/p>\n                <\/blockquote>\n            <\/div>\n        <\/div>\n    <\/div>\n<\/section>\n\n\n\n<div class=\"wp-block-columns is-layout-flex wp-container-core-columns-is-layout-28f84493 wp-block-columns-is-layout-flex\">\n<div class=\"wp-block-column is-layout-flow wp-block-column-is-layout-flow\">\n<p>Je suis entrepreneur depuis l\u2019\u00e2ge de 23 ans. L\u2019aventure a commenc\u00e9 avec la vente de cosm\u00e9tiques et la technologie, mais c\u2019est en 2003 qu\u2019une \u00e9quipe de di\u00e9t\u00e9ticiens experts et moi-m\u00eame avons \u00e9tudi\u00e9 de nouvelles fa\u00e7ons de mincir et surtout de rester mince sur la base de \u00ab 3 biens \u00bb : bien manger, bien bouger et le bien-\u00eatre. <\/p>\n\n\n\n<p>Cela faisait suite \u00e0 de nombreuses ann\u00e9es de perte\/gain de poids personnel et de r\u00e9gimes sans effet durable. En collaboration avec notre partenaire de fabrication, nous avons d\u00e9velopp\u00e9 une nouvelle g\u00e9n\u00e9ration de substituts de repas et de compl\u00e9ments alimentaires qui continue de cro\u00eetre en port\u00e9e et en force.<\/p>\n<\/div>\n\n\n\n<div class=\"wp-block-column is-layout-flow wp-block-column-is-layout-flow\">\n<p>Notre engagement est de donner \u00e0 chacun les bases pour am\u00e9liorer \u00e9quilibre, sant\u00e9 et vie. Pour y parvenir, j\u2019ai donc choisi comme mod\u00e8le commercial le \u00ab social selling \u00bb, car notre communaut\u00e9 de distributeurs ind\u00e9pendants Beautysan\u00e9 est le moyen id\u00e9al pour accompagner et aider nos clients.<\/p>\n\n\n\n<p>Cette approche a chang\u00e9 la vie de nombreuses personnes, et je continue de m\u2019impliquer activement dans ces groupes de r\u00e9flexion nationaux et internationaux en \u00e9tudiant la nature de la nutrition et le commerce de demain.<\/p>\n<\/div>\n<\/div>\n","protected":false},"excerpt":{"rendered":"<p>Je suis entrepreneur depuis l\u2019\u00e2ge de 23 ans. L\u2019aventure a commenc\u00e9 avec la vente de cosm\u00e9tiques et la technologie, mais c\u2019est en 2003 qu\u2019une \u00e9quipe de di\u00e9t\u00e9ticiens experts et moi-m\u00eame avons \u00e9tudi\u00e9 de nouvelles fa\u00e7ons de mincir et surtout de rester mince sur la base de \u00ab 3 biens \u00bb : bien manger, bien bouger [&hellip;]<\/p>\n","protected":false},"author":1,"featured_media":0,"parent":0,"menu_order":0,"comment_status":"closed","ping_status":"closed","template":"rich-content-template.php","meta":{"_acf_changed":false,"inline_featured_image":false,"yasr_overall_rating":0,"yasr_post_is_review":"","yasr_auto_insert_disabled":"","yasr_review_type":"","footnotes":""},"class_list":["post-2560","page","type-page","status-publish","hentry"],"acf":[],"yoast_head":"<!-- This site is optimized with the Yoast SEO Premium plugin v27.3 (Yoast SEO v27.3) - https:\/\/yoast.com\/product\/yoast-seo-premium-wordpress\/ -->\n<title>Qui sommes-nous ? - Beautysan\u00e9 - DOM<\/title>\n<meta name=\"robots\" content=\"index, follow, max-snippet:-1, max-image-preview:large, max-video-preview:-1\" \/>\n<link rel=\"canonical\" href=\"https:\/\/beautysane.com\/dom\/qui-sommes-nous\" \/>\n<meta property=\"og:locale\" content=\"fr_FR\" \/>\n<meta property=\"og:type\" content=\"article\" \/>\n<meta property=\"og:title\" content=\"Qui sommes-nous ?\" \/>\n<meta property=\"og:description\" content=\"Je suis entrepreneur depuis l\u2019\u00e2ge de 23 ans. L\u2019aventure a commenc\u00e9 avec la vente de cosm\u00e9tiques et la technologie, mais c\u2019est en 2003 qu\u2019une \u00e9quipe de di\u00e9t\u00e9ticiens experts et moi-m\u00eame avons \u00e9tudi\u00e9 de nouvelles fa\u00e7ons de mincir et surtout de rester mince sur la base de \u00ab 3 biens \u00bb : bien manger, bien bouger [&hellip;]\" \/>\n<meta property=\"og:url\" content=\"https:\/\/beautysane.com\/dom\/qui-sommes-nous\" \/>\n<meta property=\"og:site_name\" content=\"Beautysan\u00e9 - DOM\" \/>\n<meta property=\"article:publisher\" content=\"https:\/\/www.facebook.com\/Beautysane\/\" \/>\n<meta property=\"article:modified_time\" content=\"2024-03-05T15:22:31+00:00\" \/>\n<meta property=\"og:image\" content=\"https:\/\/beautysane.ams3.digitaloceanspaces.com\/wp-content\/uploads\/sites\/5\/2021\/10\/29035329\/couverture-1.jpeg\" \/>\n\t<meta property=\"og:image:width\" content=\"1699\" \/>\n\t<meta property=\"og:image:height\" content=\"1133\" \/>\n\t<meta property=\"og:image:type\" content=\"image\/jpeg\" \/>\n<meta name=\"twitter:card\" content=\"summary_large_image\" \/>\n<meta name=\"twitter:label1\" content=\"Dur\u00e9e de lecture estim\u00e9e\" \/>\n\t<meta name=\"twitter:data1\" content=\"1 minute\" \/>\n<script type=\"application\/ld+json\" class=\"yoast-schema-graph\">{\"@context\":\"https:\\\/\\\/schema.org\",\"@graph\":[{\"@type\":\"WebPage\",\"@id\":\"https:\\\/\\\/beautysane.com\\\/dom\\\/qui-sommes-nous\",\"url\":\"https:\\\/\\\/beautysane.com\\\/dom\\\/qui-sommes-nous\",\"name\":\"Qui sommes-nous ? - Beautysan\u00e9 - DOM\",\"isPartOf\":{\"@id\":\"https:\\\/\\\/beautysane.com\\\/dom\\\/#website\"},\"datePublished\":\"2021-08-26T16:06:32+00:00\",\"dateModified\":\"2024-03-05T15:22:31+00:00\",\"breadcrumb\":{\"@id\":\"https:\\\/\\\/beautysane.com\\\/dom\\\/qui-sommes-nous#breadcrumb\"},\"inLanguage\":\"fr-FR\",\"potentialAction\":[{\"@type\":\"ReadAction\",\"target\":[\"https:\\\/\\\/beautysane.com\\\/dom\\\/qui-sommes-nous\"]}]},{\"@type\":\"BreadcrumbList\",\"@id\":\"https:\\\/\\\/beautysane.com\\\/dom\\\/qui-sommes-nous#breadcrumb\",\"itemListElement\":[{\"@type\":\"ListItem\",\"position\":1,\"name\":\"Home\",\"item\":\"https:\\\/\\\/beautysane.com\\\/dom\"},{\"@type\":\"ListItem\",\"position\":2,\"name\":\"Qui sommes-nous ?\"}]},{\"@type\":\"WebSite\",\"@id\":\"https:\\\/\\\/beautysane.com\\\/dom\\\/#website\",\"url\":\"https:\\\/\\\/beautysane.com\\\/dom\\\/\",\"name\":\"Beautysan\u00e9 - DOM\",\"description\":\"Feed The Change\",\"potentialAction\":[{\"@type\":\"SearchAction\",\"target\":{\"@type\":\"EntryPoint\",\"urlTemplate\":\"https:\\\/\\\/beautysane.com\\\/dom\\\/?s={search_term_string}\"},\"query-input\":{\"@type\":\"PropertyValueSpecification\",\"valueRequired\":true,\"valueName\":\"search_term_string\"}}],\"inLanguage\":\"fr-FR\"},false]}<\/script>\n<!-- \/ Yoast SEO Premium plugin. -->","yoast_head_json":{"title":"Qui sommes-nous ? - Beautysan\u00e9 - DOM","robots":{"index":"index","follow":"follow","max-snippet":"max-snippet:-1","max-image-preview":"max-image-preview:large","max-video-preview":"max-video-preview:-1"},"canonical":"https:\/\/beautysane.com\/dom\/qui-sommes-nous","og_locale":"fr_FR","og_type":"article","og_title":"Qui sommes-nous ?","og_description":"Je suis entrepreneur depuis l\u2019\u00e2ge de 23 ans. L\u2019aventure a commenc\u00e9 avec la vente de cosm\u00e9tiques et la technologie, mais c\u2019est en 2003 qu\u2019une \u00e9quipe de di\u00e9t\u00e9ticiens experts et moi-m\u00eame avons \u00e9tudi\u00e9 de nouvelles fa\u00e7ons de mincir et surtout de rester mince sur la base de \u00ab 3 biens \u00bb : bien manger, bien bouger [&hellip;]","og_url":"https:\/\/beautysane.com\/dom\/qui-sommes-nous","og_site_name":"Beautysan\u00e9 - DOM","article_publisher":"https:\/\/www.facebook.com\/Beautysane\/","article_modified_time":"2024-03-05T15:22:31+00:00","og_image":[{"width":1699,"height":1133,"url":"https:\/\/beautysane.ams3.digitaloceanspaces.com\/wp-content\/uploads\/sites\/5\/2021\/10\/29035329\/couverture-1.jpeg","type":"image\/jpeg"}],"twitter_card":"summary_large_image","twitter_misc":{"Dur\u00e9e de lecture estim\u00e9e":"1 minute"},"schema":{"@context":"https:\/\/schema.org","@graph":[{"@type":"WebPage","@id":"https:\/\/beautysane.com\/dom\/qui-sommes-nous","url":"https:\/\/beautysane.com\/dom\/qui-sommes-nous","name":"Qui sommes-nous ? - Beautysan\u00e9 - DOM","isPartOf":{"@id":"https:\/\/beautysane.com\/dom\/#website"},"datePublished":"2021-08-26T16:06:32+00:00","dateModified":"2024-03-05T15:22:31+00:00","breadcrumb":{"@id":"https:\/\/beautysane.com\/dom\/qui-sommes-nous#breadcrumb"},"inLanguage":"fr-FR","potentialAction":[{"@type":"ReadAction","target":["https:\/\/beautysane.com\/dom\/qui-sommes-nous"]}]},{"@type":"BreadcrumbList","@id":"https:\/\/beautysane.com\/dom\/qui-sommes-nous#breadcrumb","itemListElement":[{"@type":"ListItem","position":1,"name":"Home","item":"https:\/\/beautysane.com\/dom"},{"@type":"ListItem","position":2,"name":"Qui sommes-nous ?"}]},{"@type":"WebSite","@id":"https:\/\/beautysane.com\/dom\/#website","url":"https:\/\/beautysane.com\/dom\/","name":"Beautysan\u00e9 - DOM","description":"Feed The Change","potentialAction":[{"@type":"SearchAction","target":{"@type":"EntryPoint","urlTemplate":"https:\/\/beautysane.com\/dom\/?s={search_term_string}"},"query-input":{"@type":"PropertyValueSpecification","valueRequired":true,"valueName":"search_term_string"}}],"inLanguage":"fr-FR"},false]}},"yasr_visitor_votes":{"stars_attributes":{"read_only":true,"span_bottom":"<div class='yasr-small-block-bold'><span class='yasr-visitor-votes-must-sign-in'>Vous devez \u00eatre connect\u00e9 pour voter<\/span><\/div>"},"number_of_votes":0,"sum_votes":0},"_links":{"self":[{"href":"https:\/\/beautysane.com\/dom\/wp-json\/wp\/v2\/pages\/2560","targetHints":{"allow":["GET"]}}],"collection":[{"href":"https:\/\/beautysane.com\/dom\/wp-json\/wp\/v2\/pages"}],"about":[{"href":"https:\/\/beautysane.com\/dom\/wp-json\/wp\/v2\/types\/page"}],"author":[{"embeddable":true,"href":"https:\/\/beautysane.com\/dom\/wp-json\/wp\/v2\/users\/1"}],"replies":[{"embeddable":true,"href":"https:\/\/beautysane.com\/dom\/wp-json\/wp\/v2\/comments?post=2560"}],"version-history":[{"count":125,"href":"https:\/\/beautysane.com\/dom\/wp-json\/wp\/v2\/pages\/2560\/revisions"}],"predecessor-version":[{"id":96723,"href":"https:\/\/beautysane.com\/dom\/wp-json\/wp\/v2\/pages\/2560\/revisions\/96723"}],"wp:attachment":[{"href":"https:\/\/beautysane.com\/dom\/wp-json\/wp\/v2\/media?parent=2560"}],"curies":[{"name":"wp","href":"https:\/\/api.w.org\/{rel}","templated":true}]}}