{"id":95554,"date":"2023-11-27T17:14:25","date_gmt":"2023-11-27T16:14:25","guid":{"rendered":"https:\/\/beautysane.com\/dom?page_id=95554"},"modified":"2024-01-03T11:14:22","modified_gmt":"2024-01-03T10:14:22","slug":"devenez-conseiller-beautysane","status":"publish","type":"page","link":"https:\/\/beautysane.com\/dom\/devenez-conseiller-beautysane","title":{"rendered":"Devenez conseiller"},"content":{"rendered":"\n<section id=\"pourquoi_beautysane\" class=\"become_manager_bloc_1\">\n    <div class=\"container\">\n        <div class=\"row\">\n            <div class=\"col_1\">\n                <p class=\"pre_title\" style=\"color: #525bac\">Rejoignez-nous !<\/p>\n                <h1 class=\"title\">D\u00e9marrez l\u2019aventure Beautysan\u00e9 !<\/h1>\n                <div class=\"description\">\n                    <p>Vous \u00eates adeptes des produits Beautysan\u00e9 ? Les domaines de la nutrition et du bien-\u00eatre vous int\u00e9ressent ? Vous souhaitez aider les autres \u00e0 se sentir mieux ?<\/p>\n<p>Vous d\u00e9sirez arrondir vos fins de mois, entamer une reconversion professionnelle ou une nouvelle carri\u00e8re ?<\/p>\n<p><strong>Et si vous deveniez Conseiller Beautysan\u00e9 ?<\/strong><\/p>\n                    <a href=\"https:\/\/beautysane.com\/dom\/inscription-conseiller\"\n                       class=\"btn btn-rounded-go\" style=\"background-color:#525bac\">\n                        J&#8217;y vais !                    <\/a>\n                <\/div>\n            <\/div>\n            <div class=\"col_2\" style=\"background-color: #525bac\">\n                <p class=\"title\">\n                    Beautysan\u00e9, c\u2019est\u2026                <\/p>\n                <div class=\"items\">\n                                            <div class=\"item\">\n                            <img decoding=\"async\" src=\"https:\/\/beautysane.ams3.digitaloceanspaces.com\/wp-content\/uploads\/sites\/5\/2023\/11\/27155921\/eiffel-tower.svg\" alt=\"\">\n                            <div><p><strong>Une entreprise fran\u00e7aise<\/strong> de pr\u00e8s de 20 ans d\u2019existence<\/p>\n<\/div>\n                        <\/div>\n                                                <div class=\"item\">\n                            <img decoding=\"async\" src=\"https:\/\/beautysane.ams3.digitaloceanspaces.com\/wp-content\/uploads\/sites\/5\/2023\/11\/27155926\/heart-150x150.png\" alt=\"\">\n                            <div><p><strong>Des produits innovants<\/strong>, centr\u00e9s sur la nutrition et le bien-\u00eatre<\/p>\n<\/div>\n                        <\/div>\n                                                <div class=\"item\">\n                            <img decoding=\"async\" src=\"https:\/\/beautysane.ams3.digitaloceanspaces.com\/wp-content\/uploads\/sites\/5\/2023\/11\/27155924\/group-150x150.png\" alt=\"\">\n                            <div><p><strong>Une communaut\u00e9 soud\u00e9e<\/strong> de 7000 Conseillers ind\u00e9pendants<\/p>\n<\/div>\n                        <\/div>\n                                        <\/div>\n                <a href=\"https:\/\/beautysane.com\/dom\/qui-sommes-nous\" class=\"link\">\n                    En savoir plus                    <i class=\"icon BS-arrow-btn\"><\/i>\n                <\/a>\n            <\/div>\n        <\/div>\n    <\/div>\n<\/section>\n\n\n\n<section id=\"inscription\" class=\"become_manager_bloc_2\">\n    <div class=\"container-fluid\">\n        <div class=\"landscape\" style='background-image: url(\"https:\/\/beautysane.ams3.digitaloceanspaces.com\/wp-content\/uploads\/sites\/5\/2023\/11\/27160048\/intro-conseillers.jpg\")'><\/div>\n        <div class=\"container content\">\n            <div class=\"row\">\n                <div class=\"col_1\">\n                    <div class=\"col_inner\">\n                        <h2 class=\"title\" style=\"color: #525bac\">Une activit\u00e9 sur-mesure<\/h2>\n                        <div class=\"description\"><p>D\u00e9couvrez une nouvelle activit\u00e9 enrichissante, <strong>100% flexible<\/strong>, centr\u00e9e sur l\u2019\u00e9change et le partage.<\/p>\n<p>Votre r\u00f4le de Conseiller : parler de Beautysan\u00e9 autour de vous, <strong>accompagner votre client\u00e8le<\/strong> et lui proposer des produits adapt\u00e9s \u00e0 ses besoins pour atteindre ses objectifs.<\/p>\n<p>Quoi de mieux qu\u2019aider les autres \u00e0 se sentir mieux ?<\/p>\n<p>Vous travaillez en <strong>toute libert\u00e9<\/strong>, progressez \u00e0 votre rythme et percevez des <strong>r\u00e9mun\u00e9rations<\/strong> proportionnelles \u00e0 votre activit\u00e9.<\/p>\n<p>Vous voulez aller plus loin ? Construisez votre <strong>propre r\u00e9seau de Conseillers Beautysan\u00e9<\/strong> et d\u00e9veloppez de v\u00e9ritables comp\u00e9tences de management !<\/p>\n<\/div>\n                    <\/div>\n                    <a href=\"https:\/\/beautysane.com\/dom\/inscription-conseiller\" class=\"btn btn-rounded-go\" style=\"background-color:#525bac\">\n                        Je m\u2019inscris                    <\/a>\n                <\/div>\n                <div class=\"col_2\">\n                    <div class=\"col_inner\">\n                        <h2 class=\"title\" style=\"color: #525bac\">Nous vous accompagnons<\/h2>\n                        <div class=\"description\"><p>Chez Beautysan\u00e9, \u00eatre ind\u00e9pendant ne veut pas dire \u00eatre seul.<\/p>\n<p>D\u00e8s votre d\u00e9marrage, vous \u00eates <strong>accompagn\u00e9 et form\u00e9<\/strong> par les experts Beautysan\u00e9 et par d\u2019autres Conseillers, <strong>tout au long de votre parcours<\/strong>.<br \/>\nVous pouvez \u00e9galement b\u00e9n\u00e9ficier du <strong>programme de formations<\/strong> My Bee Academy.<\/p>\n<p>Nous vous donnons <strong>toutes les cl\u00e9s<\/strong> pour d\u00e9velopper au mieux votre nouvelle activit\u00e9, en toute s\u00e9r\u00e9nit\u00e9.<\/p>\n<p><strong>Entreprendre n\u2019aura jamais \u00e9t\u00e9 aussi simple !<\/strong><\/p>\n<\/div>\n                    <\/div>\n                <\/div>\n            <\/div>\n        <\/div>\n    <\/div>\n<\/section>\n\n\n<section id=\"outils\" class=\"become_manager_bloc_3\">\n    <div class=\"container-fluid\">\n        <div class=\"row\">\n            <div class=\"col-12 col-lg-8 content\" style=\"background-color: #525bac\">\n                <h2 class=\"title\">Votre environnement de travail<\/h2>\n                <p class=\"subtitle\">B\u00e9n\u00e9ficiez d\u2019outils et supports adapt\u00e9s pour d\u00e9velopper votre activit\u00e9.<\/p>\n                <div class=\"items\">\n                                            <div class=\"item\">\n                            <img decoding=\"async\" src=\"https:\/\/beautysane.ams3.digitaloceanspaces.com\/wp-content\/uploads\/sites\/5\/2023\/11\/27155933\/online-shop-150x150.png\" alt=\"\">\n                            <div class=\"item_content\">\n                                <p class=\"title\">Boutique en ligne<\/p>\n                                <div class=\"text\"><p>Profitez de votre propre boutique cl\u00e9 en main et g\u00e9n\u00e9rez des revenus sur vos ventes.<\/p>\n<\/div>\n                            <\/div>\n                        <\/div>\n                                                <div class=\"item\">\n                            <img decoding=\"async\" src=\"https:\/\/beautysane.ams3.digitaloceanspaces.com\/wp-content\/uploads\/sites\/5\/2023\/11\/27155930\/online-learning-150x150.png\" alt=\"\">\n                            <div class=\"item_content\">\n                                <p class=\"title\">Formations<\/p>\n                                <div class=\"text\"><p>Devenez un v\u00e9ritable expert gr\u00e2ce \u00e0 nos formations online et en pr\u00e9sentiel.<\/p>\n<\/div>\n                            <\/div>\n                        <\/div>\n                                                <div class=\"item\">\n                            <img decoding=\"async\" src=\"https:\/\/beautysane.ams3.digitaloceanspaces.com\/wp-content\/uploads\/sites\/5\/2023\/11\/27155936\/online-test-150x150.png\" alt=\"\">\n                            <div class=\"item_content\">\n                                <p class=\"title\">Espace personnel<\/p>\n                                <div class=\"text\"><p>D\u00e9marches, documentation, client\u00e8le\u2026 Profitez d\u2019un espace enti\u00e8rement d\u00e9di\u00e9 \u00e0 votre activit\u00e9.<\/p>\n<\/div>\n                            <\/div>\n                        <\/div>\n                                                <div class=\"item\">\n                            <img decoding=\"async\" src=\"https:\/\/beautysane.ams3.digitaloceanspaces.com\/wp-content\/uploads\/sites\/5\/2023\/11\/27155939\/surprise-150x150.png\" alt=\"\">\n                            <div class=\"item_content\">\n                                <p class=\"title\">Prix r\u00e9duits et programme de fid\u00e9lit\u00e9<\/p>\n                                <div class=\"text\"><p>B\u00e9n\u00e9ficiez de nos produits \u00e0 prix avantageux et fid\u00e9lisez votre client\u00e8le gr\u00e2ce \u00e0 notre programme de fid\u00e9lit\u00e9 !<\/p>\n<\/div>\n                            <\/div>\n                        <\/div>\n                                                <div class=\"item\">\n                            <img decoding=\"async\" src=\"https:\/\/beautysane.ams3.digitaloceanspaces.com\/wp-content\/uploads\/sites\/5\/2023\/11\/27155918\/calendar-150x150.png\" alt=\"\">\n                            <div class=\"item_content\">\n                                <p class=\"title\">\u00c9v\u00e9nements<\/p>\n                                <div class=\"text\"><p>S\u00e9minaires, Congr\u00e8s, voyages\u2026 Vivez des moments uniques avec la communaut\u00e9 Beautysan\u00e9.<\/p>\n<\/div>\n                            <\/div>\n                        <\/div>\n                                                <div class=\"item\">\n                            <img decoding=\"async\" src=\"https:\/\/beautysane.ams3.digitaloceanspaces.com\/wp-content\/uploads\/sites\/5\/2023\/11\/27155942\/talking-150x150.png\" alt=\"\">\n                            <div class=\"item_content\">\n                                <p class=\"title\">Accompagnement<\/p>\n                                <div class=\"text\"><p>Soyez accompagn\u00e9 et conseill\u00e9 tout au long du d\u00e9veloppement de votre activit\u00e9.<\/p>\n<\/div>\n                            <\/div>\n                        <\/div>\n                                        <\/div>\n            <\/div>\n            <div class=\"col-0 col-lg-4 image\" style='background-image: url(\"https:\/\/beautysane.ams3.digitaloceanspaces.com\/wp-content\/uploads\/sites\/5\/2023\/11\/27160044\/bandeau.jpg\")'><\/div>\n        <\/div>\n    <\/div>\n<\/section>\n\n\n\n<section id=\"temoignages\" class=\"become_manager_testimonials\">\n    <div class=\"container\">\n        <h2 class=\"title\" style=\"color: #525bac\">Ils se sont lanc\u00e9s\u2026<\/h2>\n        <p class=\"subtitle\">L\u2019aventure Beautysan\u00e9, ce sont nos Conseillers qui en parlent le mieux !<\/p>\n        <div class=\"testimonials_container\">\n            <div class=\"testimonials\"\n                 data-flickity='{ \"wrapAround\": true, \"prevNextButtons\": false, \"adaptiveHeight\": true }'>\n                                    <div class=\"testimonial\">\n                        <div class=\"photo\" style='background-image: url(\"https:\/\/beautysane.ams3.digitaloceanspaces.com\/wp-content\/uploads\/sites\/5\/2024\/01\/03105501\/temoignage_franck-768x576.jpg\")'><\/div>\n                        <div class=\"content\">\n                            <p class=\"name\" style=\"color: #525bac\">Franck<\/p>\n                            <p class=\"subname\">49 ans, Saint-Gilles les Bains, \u00cele de La R\u00e9union<\/p>\n                            <div class=\"text\"><p>Je suis patron de supermarch\u00e9 avec d\u2019importantes responsabilit\u00e9s.<\/p>\n<p>Aujourd\u2019hui, je d\u00e9veloppe l\u2019activit\u00e9 en couple pour partager la magie de ce mod\u00e8le \u00e9conomique, r\u00e9cup\u00e9rer du temps et profiter de ma famille et de la vie comme jamais.<\/p>\n<p>Savoir \u00eatre l\u00e0 o\u00f9 il faut, quand il faut.<\/p>\n<\/div>\n                        <\/div>\n                    <\/div>\n                                        <div class=\"testimonial\">\n                        <div class=\"photo\" style='background-image: url(\"https:\/\/beautysane.ams3.digitaloceanspaces.com\/wp-content\/uploads\/sites\/5\/2023\/11\/27160053\/PITOIS-Adeline-_-Hugo-TOUCHARD.jpeg\")'><\/div>\n                        <div class=\"content\">\n                            <p class=\"name\" style=\"color: #525bac\">Adeline et Hugo<\/p>\n                            <p class=\"subname\">25 ans, Maine-et-Loire<\/p>\n                            <div class=\"text\"><p>\u00c0 25 ans, en tant que jeunes entrepreneurs, plus nous nous exposons, moins nous prenons de risques.<\/p>\n<p>Ce m\u00e9tier nous permet d\u2019investir du temps et de le capitaliser pour la suite.<\/p>\n<p>Avec notre progression, nous avons d\u00e9couvert une autre version de nous-m\u00eames, gagnant en libert\u00e9 et augmentant notre confiance !<\/p>\n<\/div>\n                        <\/div>\n                    <\/div>\n                                        <div class=\"testimonial\">\n                        <div class=\"photo\" style='background-image: url(\"https:\/\/beautysane.ams3.digitaloceanspaces.com\/wp-content\/uploads\/sites\/5\/2023\/11\/27160051\/christel-temoignage.jpg\")'><\/div>\n                        <div class=\"content\">\n                            <p class=\"name\" style=\"color: #525bac\">Christel<\/p>\n                            <p class=\"subname\">55 ans, Gironde<\/p>\n                            <div class=\"text\"><p>J\u2019ai d\u00e9marr\u00e9 cette activit\u00e9 pour gagner 2000 \u20ac par mois.<br \/>\nJ\u2019y ai gagn\u00e9 bien plus que je ne pouvais l\u2019imaginer.<\/p>\n<p>Une carri\u00e8re, une vraie libert\u00e9 financi\u00e8re et du temps pour profiter de mon fils.<\/p>\n<p>J\u2019ai eu la chance de croiser ce mod\u00e8le \u00e9conomique, et ensuite, ce sont mes r\u00eaves et ma pers\u00e9v\u00e9rance qui ont contribu\u00e9 \u00e0 ma r\u00e9ussite !<\/p>\n<\/div>\n                        <\/div>\n                    <\/div>\n                                        <div class=\"testimonial\">\n                        <div class=\"photo\" style='background-image: url(\"https:\/\/beautysane.ams3.digitaloceanspaces.com\/wp-content\/uploads\/sites\/5\/2024\/01\/03105503\/temoignage-delphine-philippe.jpg\")'><\/div>\n                        <div class=\"content\">\n                            <p class=\"name\" style=\"color: #525bac\">Delphine et Philippe<\/p>\n                            <p class=\"subname\">55 ans, Gouvy, Belgique<\/p>\n                            <div class=\"text\"><p>Notre aventure avec Beautysan\u00e9 a commenc\u00e9 en d\u00e9cembre 2020 avec pour objectif un compl\u00e9ment de revenu, mais on a tr\u00e8s vite compris que ce m\u00e9tier pouvait nous apporter une libert\u00e9 financi\u00e8re et nous lib\u00e9rer du temps.<\/p>\n<p>Aujourd&#8217;hui, 3 ans apr\u00e8s, nous construisons notre avenir en accompagnant des personnes qui veulent elles aussi changer leur vie. On a chang\u00e9 nos objectifs et \u00e9largi la liste de nos r\u00eaves.<\/p>\n<p>En prime, on a rencontr\u00e9 de belles personnes qui nous aident au d\u00e9veloppement de notre entreprise et qui sont devenus des amis !<\/p>\n<\/div>\n                        <\/div>\n                    <\/div>\n                                <\/div>\n        <\/div>\n        <a href=\"https:\/\/beautysane.com\/dom\/inscription-conseiller\"\n           class=\"btn btn-rounded-go\" style=\"background-color:#525bac\">\n            \u00c0 mon tour !        <\/a>\n    <\/div>\n<\/section>\n\n\n<section id=\"faq\" class=\"become_manager_faq\">\n    <div class=\"container\">\n        <h2 class=\"title\">Une question ?<\/h2>\n        <div class=\"faq_container\">\n                            <div class=\"faq_item\">\n                    <h3 class=\"question\">\n                        <a href=\"#\">\n                            Ai-je besoin d&#8217;un dipl\u00f4me ?                            <span class=\"more\">+<\/span>\n                            <span class=\"less\">&#8211;<\/span>\n                        <\/a>\n                    <\/h3>\n                    <div class=\"answer\"><p>Aucun dipl\u00f4me n\u2019est n\u00e9cessaire pour \u00eatre Conseiller Beautysan\u00e9. L\u2019activit\u00e9 est disponible \u00e0 tous, quels que soient vos dipl\u00f4mes et votre exp\u00e9rience.<\/p><br \/>\n<\/div>\n                <\/div>\n                                <div class=\"faq_item\">\n                    <h3 class=\"question\">\n                        <a href=\"#\">\n                            Faut-il \u00eatre disponible \u00e0 plein temps ?                            <span class=\"more\">+<\/span>\n                            <span class=\"less\">&#8211;<\/span>\n                        <\/a>\n                    <\/h3>\n                    <div class=\"answer\"><p>L&#8217;activit\u00e9 de Conseiller Beautysan\u00e9 est flexible et s&#8217;adapte \u00e0 vos horaires et votre mode de vie. Vous ne pouvez y consacrer que quelques heures par mois. Si vous souhaitez aller plus loin et l&#8217;exercer \u00e0 plein temps, c&#8217;est \u00e9galement possible. Cette activit\u00e9 s&#8217;adapte \u00e0 vous, et non l&#8217;inverse !<\/p><br \/>\n<\/div>\n                <\/div>\n                                <div class=\"faq_item\">\n                    <h3 class=\"question\">\n                        <a href=\"#\">\n                            Quel est le statut d\u2019un Conseiller Beautysan\u00e9 ?                            <span class=\"more\">+<\/span>\n                            <span class=\"less\">&#8211;<\/span>\n                        <\/a>\n                    <\/h3>\n                    <div class=\"answer\"><p>Lorsque vous \u00eates Conseiller Beautysan\u00e9, vous travaillez en toute autonomie gr\u00e2ce \u00e0 votre statut de VDI (Vendeur \u00e0 Domicile Ind\u00e9pendant). Rassurez-vous : vous \u00eates ind\u00e9pendant mais jamais seul. Beautysan\u00e9 est toujours \u00e0 vos c\u00f4t\u00e9s pour vous accompagner dans toutes vos d\u00e9marches.<\/p><br \/>\n<\/div>\n                <\/div>\n                                <div class=\"faq_item\">\n                    <h3 class=\"question\">\n                        <a href=\"#\">\n                            Y a-t-il un investissement financier ?                            <span class=\"more\">+<\/span>\n                            <span class=\"less\">&#8211;<\/span>\n                        <\/a>\n                    <\/h3>\n                    <div class=\"answer\"><p>Aucun n&#8217;investissement financier n&#8217;est requis, en dehors de la cotisation qui s&#8217;\u00e9l\u00e8ve \u00e0 25 \u20ac pour un an.<\/p><br \/>\n<\/div>\n                <\/div>\n                        <\/div>\n        <div class=\"bottom\">\n            <p>Vous n\u2019avez pas trouv\u00e9 la r\u00e9ponse \u00e0 votre question ?<\/p>\n            <a href=\"https:\/\/beautysane.com\/dom\/demande-dinformation\">Contactez-nous !<\/a>\n        <\/div>\n    <\/div>\n<\/section>","protected":false},"excerpt":{"rendered":"","protected":false},"author":1,"featured_media":0,"parent":0,"menu_order":950,"comment_status":"closed","ping_status":"closed","template":"rich-content-template.php","meta":{"_acf_changed":false,"inline_featured_image":false,"yasr_overall_rating":0,"yasr_post_is_review":"","yasr_auto_insert_disabled":"","yasr_review_type":"","footnotes":""},"class_list":["post-95554","page","type-page","status-publish","hentry"],"acf":[],"yoast_head":"<!-- This site is optimized with the Yoast SEO Premium plugin v27.3 (Yoast SEO v27.3) - https:\/\/yoast.com\/product\/yoast-seo-premium-wordpress\/ -->\n<title>Devenez conseiller - Beautysan\u00e9 - DOM<\/title>\n<meta name=\"description\" content=\"La nutrition, le bien-\u00eatre, aider les autres \u00e0 se sentir mieux ? Entamez une reconversion professionnelle et devenez conseiller Beautysan\u00e9 !\" \/>\n<meta name=\"robots\" content=\"index, follow, max-snippet:-1, max-image-preview:large, max-video-preview:-1\" \/>\n<link rel=\"canonical\" href=\"https:\/\/beautysane.com\/dom\/devenez-conseiller-beautysane\" \/>\n<meta property=\"og:locale\" content=\"fr_FR\" \/>\n<meta property=\"og:type\" content=\"article\" \/>\n<meta property=\"og:title\" content=\"Devenez conseiller\" \/>\n<meta property=\"og:description\" content=\"La nutrition, le bien-\u00eatre, aider les autres \u00e0 se sentir mieux ? Entamez une reconversion professionnelle et devenez conseiller Beautysan\u00e9 !\" \/>\n<meta property=\"og:url\" content=\"https:\/\/beautysane.com\/dom\/devenez-conseiller-beautysane\" \/>\n<meta property=\"og:site_name\" content=\"Beautysan\u00e9 - DOM\" \/>\n<meta property=\"article:publisher\" content=\"https:\/\/www.facebook.com\/Beautysane\/\" \/>\n<meta property=\"article:modified_time\" content=\"2024-01-03T10:14:22+00:00\" \/>\n<meta property=\"og:image\" content=\"https:\/\/beautysane.ams3.digitaloceanspaces.com\/wp-content\/uploads\/sites\/5\/2021\/10\/29035329\/couverture-1.jpeg\" \/>\n\t<meta property=\"og:image:width\" content=\"1699\" \/>\n\t<meta property=\"og:image:height\" content=\"1133\" \/>\n\t<meta property=\"og:image:type\" content=\"image\/jpeg\" \/>\n<meta name=\"twitter:card\" content=\"summary_large_image\" \/>\n<script type=\"application\/ld+json\" class=\"yoast-schema-graph\">{\"@context\":\"https:\\\/\\\/schema.org\",\"@graph\":[{\"@type\":\"WebPage\",\"@id\":\"https:\\\/\\\/beautysane.com\\\/dom\\\/devenez-conseiller-beautysane\",\"url\":\"https:\\\/\\\/beautysane.com\\\/dom\\\/devenez-conseiller-beautysane\",\"name\":\"Devenez conseiller - Beautysan\u00e9 - DOM\",\"isPartOf\":{\"@id\":\"https:\\\/\\\/beautysane.com\\\/dom\\\/#website\"},\"datePublished\":\"2023-11-27T16:14:25+00:00\",\"dateModified\":\"2024-01-03T10:14:22+00:00\",\"description\":\"La nutrition, le bien-\u00eatre, aider les autres \u00e0 se sentir mieux ? Entamez une reconversion professionnelle et devenez conseiller Beautysan\u00e9 !\",\"breadcrumb\":{\"@id\":\"https:\\\/\\\/beautysane.com\\\/dom\\\/devenez-conseiller-beautysane#breadcrumb\"},\"inLanguage\":\"fr-FR\",\"potentialAction\":[{\"@type\":\"ReadAction\",\"target\":[\"https:\\\/\\\/beautysane.com\\\/dom\\\/devenez-conseiller-beautysane\"]}]},{\"@type\":\"BreadcrumbList\",\"@id\":\"https:\\\/\\\/beautysane.com\\\/dom\\\/devenez-conseiller-beautysane#breadcrumb\",\"itemListElement\":[{\"@type\":\"ListItem\",\"position\":1,\"name\":\"Home\",\"item\":\"https:\\\/\\\/beautysane.com\\\/dom\"},{\"@type\":\"ListItem\",\"position\":2,\"name\":\"Devenez conseiller\"}]},{\"@type\":\"WebSite\",\"@id\":\"https:\\\/\\\/beautysane.com\\\/dom\\\/#website\",\"url\":\"https:\\\/\\\/beautysane.com\\\/dom\\\/\",\"name\":\"Beautysan\u00e9 - DOM\",\"description\":\"Feed The Change\",\"potentialAction\":[{\"@type\":\"SearchAction\",\"target\":{\"@type\":\"EntryPoint\",\"urlTemplate\":\"https:\\\/\\\/beautysane.com\\\/dom\\\/?s={search_term_string}\"},\"query-input\":{\"@type\":\"PropertyValueSpecification\",\"valueRequired\":true,\"valueName\":\"search_term_string\"}}],\"inLanguage\":\"fr-FR\"},false]}<\/script>\n<!-- \/ Yoast SEO Premium plugin. -->","yoast_head_json":{"title":"Devenez conseiller - Beautysan\u00e9 - DOM","description":"La nutrition, le bien-\u00eatre, aider les autres \u00e0 se sentir mieux ? Entamez une reconversion professionnelle et devenez conseiller Beautysan\u00e9 !","robots":{"index":"index","follow":"follow","max-snippet":"max-snippet:-1","max-image-preview":"max-image-preview:large","max-video-preview":"max-video-preview:-1"},"canonical":"https:\/\/beautysane.com\/dom\/devenez-conseiller-beautysane","og_locale":"fr_FR","og_type":"article","og_title":"Devenez conseiller","og_description":"La nutrition, le bien-\u00eatre, aider les autres \u00e0 se sentir mieux ? Entamez une reconversion professionnelle et devenez conseiller Beautysan\u00e9 !","og_url":"https:\/\/beautysane.com\/dom\/devenez-conseiller-beautysane","og_site_name":"Beautysan\u00e9 - DOM","article_publisher":"https:\/\/www.facebook.com\/Beautysane\/","article_modified_time":"2024-01-03T10:14:22+00:00","og_image":[{"width":1699,"height":1133,"url":"https:\/\/beautysane.ams3.digitaloceanspaces.com\/wp-content\/uploads\/sites\/5\/2021\/10\/29035329\/couverture-1.jpeg","type":"image\/jpeg"}],"twitter_card":"summary_large_image","schema":{"@context":"https:\/\/schema.org","@graph":[{"@type":"WebPage","@id":"https:\/\/beautysane.com\/dom\/devenez-conseiller-beautysane","url":"https:\/\/beautysane.com\/dom\/devenez-conseiller-beautysane","name":"Devenez conseiller - Beautysan\u00e9 - DOM","isPartOf":{"@id":"https:\/\/beautysane.com\/dom\/#website"},"datePublished":"2023-11-27T16:14:25+00:00","dateModified":"2024-01-03T10:14:22+00:00","description":"La nutrition, le bien-\u00eatre, aider les autres \u00e0 se sentir mieux ? Entamez une reconversion professionnelle et devenez conseiller Beautysan\u00e9 !","breadcrumb":{"@id":"https:\/\/beautysane.com\/dom\/devenez-conseiller-beautysane#breadcrumb"},"inLanguage":"fr-FR","potentialAction":[{"@type":"ReadAction","target":["https:\/\/beautysane.com\/dom\/devenez-conseiller-beautysane"]}]},{"@type":"BreadcrumbList","@id":"https:\/\/beautysane.com\/dom\/devenez-conseiller-beautysane#breadcrumb","itemListElement":[{"@type":"ListItem","position":1,"name":"Home","item":"https:\/\/beautysane.com\/dom"},{"@type":"ListItem","position":2,"name":"Devenez conseiller"}]},{"@type":"WebSite","@id":"https:\/\/beautysane.com\/dom\/#website","url":"https:\/\/beautysane.com\/dom\/","name":"Beautysan\u00e9 - DOM","description":"Feed The Change","potentialAction":[{"@type":"SearchAction","target":{"@type":"EntryPoint","urlTemplate":"https:\/\/beautysane.com\/dom\/?s={search_term_string}"},"query-input":{"@type":"PropertyValueSpecification","valueRequired":true,"valueName":"search_term_string"}}],"inLanguage":"fr-FR"},false]}},"yasr_visitor_votes":{"stars_attributes":{"read_only":true,"span_bottom":"<div class='yasr-small-block-bold'><span class='yasr-visitor-votes-must-sign-in'>Vous devez \u00eatre connect\u00e9 pour voter<\/span><\/div>"},"number_of_votes":0,"sum_votes":0},"_links":{"self":[{"href":"https:\/\/beautysane.com\/dom\/wp-json\/wp\/v2\/pages\/95554","targetHints":{"allow":["GET"]}}],"collection":[{"href":"https:\/\/beautysane.com\/dom\/wp-json\/wp\/v2\/pages"}],"about":[{"href":"https:\/\/beautysane.com\/dom\/wp-json\/wp\/v2\/types\/page"}],"author":[{"embeddable":true,"href":"https:\/\/beautysane.com\/dom\/wp-json\/wp\/v2\/users\/1"}],"replies":[{"embeddable":true,"href":"https:\/\/beautysane.com\/dom\/wp-json\/wp\/v2\/comments?post=95554"}],"version-history":[{"count":13,"href":"https:\/\/beautysane.com\/dom\/wp-json\/wp\/v2\/pages\/95554\/revisions"}],"predecessor-version":[{"id":95825,"href":"https:\/\/beautysane.com\/dom\/wp-json\/wp\/v2\/pages\/95554\/revisions\/95825"}],"wp:attachment":[{"href":"https:\/\/beautysane.com\/dom\/wp-json\/wp\/v2\/media?parent=95554"}],"curies":[{"name":"wp","href":"https:\/\/api.w.org\/{rel}","templated":true}]}}