{"id":4623,"date":"2021-09-07T14:36:29","date_gmt":"2021-09-07T12:36:29","guid":{"rendered":"https:\/\/beautysane.localdev\/boutique\/non%20class\u00e9\/livre-de-recettes-inspirations-par-johanna-le-pape"},"modified":"2026-04-15T02:53:03","modified_gmt":"2026-04-15T00:53:03","slug":"livre-de-recettes-inspirations-par-johanna-le-pape","status":"publish","type":"product","link":"https:\/\/beautysane.com\/dom\/boutique\/energy\/livre-de-recettes-inspirations-par-johanna-le-pape","title":{"rendered":"Livre de recettes &#8220;Inspirations&#8221; par Johanna Le Pape"},"content":{"rendered":"<p>Le livre Inspirations est n\u00e9 de la rencontre de deux univers : celui de Beautysan\u00e9 et celui de la jeune et talentueuse Johanna Le Pape. Cheffe p\u00e2tissi\u00e8re bien-\u00eatre et championne du monde des arts sucr\u00e9s, Johanna met sa cr\u00e9ativit\u00e9 et son expertise au service d\u2019une alimentation saine et gourmande !<br \/>\nD\u00e9couvrez une collection originale de recettes gourmandes exclusives, r\u00e9alis\u00e9es avec la gamme Energy Diet. Du petit d\u00e9jeuner au d\u00eener, en passant par le go\u00fbter, ce sont plus de 60 recettes bien-\u00eatre faciles \u00e0 pr\u00e9parer qui vous accompagneront tout au long de la journ\u00e9e !<\/p>\n","protected":false},"excerpt":{"rendered":"<p>Le livre Inspirations est n\u00e9 de la rencontre de deux univers : celui de Beautysan\u00e9 et celui de la jeune et talentueuse Johanna Le Pape. Cheffe p\u00e2tissi\u00e8re bien-\u00eatre et championne du monde des arts sucr\u00e9s, Johanna met sa cr\u00e9ativit\u00e9 et son expertise au service d\u2019une alimentation saine et gourmande ! D\u00e9couvrez une collection originale de [&hellip;]<\/p>\n","protected":false},"featured_media":13363,"comment_status":"open","ping_status":"closed","template":"","meta":{"_acf_changed":false,"inline_featured_image":false,"yasr_overall_rating":0,"yasr_post_is_review":"","yasr_auto_insert_disabled":"","yasr_review_type":""},"product_brand":[],"product_cat":[702,617],"product_tag":[],"class_list":{"0":"post-4623","1":"product","2":"type-product","3":"status-publish","4":"has-post-thumbnail","6":"product_cat-accessories","7":"product_cat-energy","8":"has-subscription-plans","10":"first","11":"instock","12":"purchasable","13":"product-type-simple"},"acf":[],"yoast_head":"<!-- This site is optimized with the Yoast SEO Premium plugin v27.3 (Yoast SEO v27.3) - https:\/\/yoast.com\/product\/yoast-seo-premium-wordpress\/ -->\n<title>Livre de recettes &quot;Inspirations&quot; par Johanna Le Pape - Beautysan\u00e9 - DOM<\/title>\n<meta name=\"robots\" content=\"index, follow, max-snippet:-1, max-image-preview:large, max-video-preview:-1\" \/>\n<link rel=\"canonical\" href=\"https:\/\/beautysane.com\/dom\/boutique\/energy\/livre-de-recettes-inspirations-par-johanna-le-pape\" \/>\n<meta property=\"og:locale\" content=\"fr_FR\" \/>\n<meta property=\"og:type\" content=\"article\" \/>\n<meta property=\"og:title\" content=\"Livre de recettes &quot;Inspirations&quot; par Johanna Le Pape\" \/>\n<meta property=\"og:description\" content=\"Le livre Inspirations est n\u00e9 de la rencontre de deux univers : celui de Beautysan\u00e9 et celui de la jeune et talentueuse Johanna Le Pape. Cheffe p\u00e2tissi\u00e8re bien-\u00eatre et championne du monde des arts sucr\u00e9s, Johanna met sa cr\u00e9ativit\u00e9 et son expertise au service d\u2019une alimentation saine et gourmande ! D\u00e9couvrez une collection originale de [&hellip;]\" \/>\n<meta property=\"og:url\" content=\"https:\/\/beautysane.com\/dom\/boutique\/energy\/livre-de-recettes-inspirations-par-johanna-le-pape\" \/>\n<meta property=\"og:site_name\" content=\"Beautysan\u00e9 - DOM\" \/>\n<meta property=\"article:publisher\" content=\"https:\/\/www.facebook.com\/Beautysane\/\" \/>\n<meta property=\"article:modified_time\" content=\"2026-04-15T00:53:03+00:00\" \/>\n<meta property=\"og:image\" content=\"https:\/\/beautysane.ams3.digitaloceanspaces.com\/wp-content\/uploads\/sites\/5\/2021\/10\/29035251\/AV017.png\" \/>\n\t<meta property=\"og:image:width\" content=\"300\" \/>\n\t<meta property=\"og:image:height\" content=\"359\" \/>\n\t<meta property=\"og:image:type\" content=\"image\/png\" \/>\n<meta name=\"twitter:card\" content=\"summary_large_image\" \/>\n<meta name=\"twitter:label1\" content=\"Prix\" \/>\n\t<meta name=\"twitter:data1\" content=\"9,92&euro;\" \/>\n\t<meta name=\"twitter:label2\" content=\"Disponibilit\u00e9\" \/>\n\t<meta name=\"twitter:data2\" content=\"En stock\" \/>\n<script type=\"application\/ld+json\" class=\"yoast-schema-graph\">{\"@context\":\"https:\\\/\\\/schema.org\",\"@graph\":[{\"@type\":\"WebPage\",\"@id\":\"https:\\\/\\\/beautysane.com\\\/dom\\\/boutique\\\/energy\\\/livre-de-recettes-inspirations-par-johanna-le-pape\",\"url\":\"https:\\\/\\\/beautysane.com\\\/dom\\\/boutique\\\/energy\\\/livre-de-recettes-inspirations-par-johanna-le-pape\",\"name\":\"Livre de recettes \\\"Inspirations\\\" par Johanna Le Pape - Beautysan\u00e9 - DOM\",\"isPartOf\":{\"@id\":\"https:\\\/\\\/beautysane.com\\\/dom\\\/#website\"},\"primaryImageOfPage\":{\"@id\":\"https:\\\/\\\/beautysane.com\\\/dom\\\/boutique\\\/energy\\\/livre-de-recettes-inspirations-par-johanna-le-pape#primaryimage\"},\"image\":{\"@id\":\"https:\\\/\\\/beautysane.com\\\/dom\\\/boutique\\\/energy\\\/livre-de-recettes-inspirations-par-johanna-le-pape#primaryimage\"},\"thumbnailUrl\":\"https:\\\/\\\/beautysane.ams3.digitaloceanspaces.com\\\/wp-content\\\/uploads\\\/sites\\\/5\\\/2021\\\/10\\\/29035251\\\/AV017.png\",\"datePublished\":\"2021-09-07T12:36:29+00:00\",\"dateModified\":\"2026-04-15T00:53:03+00:00\",\"breadcrumb\":{\"@id\":\"https:\\\/\\\/beautysane.com\\\/dom\\\/boutique\\\/energy\\\/livre-de-recettes-inspirations-par-johanna-le-pape#breadcrumb\"},\"inLanguage\":\"fr-FR\",\"potentialAction\":[{\"@type\":\"ReadAction\",\"target\":[\"https:\\\/\\\/beautysane.com\\\/dom\\\/boutique\\\/energy\\\/livre-de-recettes-inspirations-par-johanna-le-pape\"]}]},{\"@type\":\"ImageObject\",\"inLanguage\":\"fr-FR\",\"@id\":\"https:\\\/\\\/beautysane.com\\\/dom\\\/boutique\\\/energy\\\/livre-de-recettes-inspirations-par-johanna-le-pape#primaryimage\",\"url\":\"https:\\\/\\\/beautysane.ams3.digitaloceanspaces.com\\\/wp-content\\\/uploads\\\/sites\\\/5\\\/2021\\\/10\\\/29035251\\\/AV017.png\",\"contentUrl\":\"https:\\\/\\\/beautysane.ams3.digitaloceanspaces.com\\\/wp-content\\\/uploads\\\/sites\\\/5\\\/2021\\\/10\\\/29035251\\\/AV017.png\",\"width\":300,\"height\":359},{\"@type\":\"BreadcrumbList\",\"@id\":\"https:\\\/\\\/beautysane.com\\\/dom\\\/boutique\\\/energy\\\/livre-de-recettes-inspirations-par-johanna-le-pape#breadcrumb\",\"itemListElement\":[{\"@type\":\"ListItem\",\"position\":1,\"name\":\"Home\",\"item\":\"https:\\\/\\\/beautysane.com\\\/dom\"},{\"@type\":\"ListItem\",\"position\":2,\"name\":\"Boutique\",\"item\":\"https:\\\/\\\/beautysane.com\\\/dom\\\/boutique\"},{\"@type\":\"ListItem\",\"position\":3,\"name\":\"Livre de recettes &#8220;Inspirations&#8221; par Johanna Le Pape\"}]},{\"@type\":\"WebSite\",\"@id\":\"https:\\\/\\\/beautysane.com\\\/dom\\\/#website\",\"url\":\"https:\\\/\\\/beautysane.com\\\/dom\\\/\",\"name\":\"Beautysan\u00e9 - DOM\",\"description\":\"Feed The Change\",\"potentialAction\":[{\"@type\":\"SearchAction\",\"target\":{\"@type\":\"EntryPoint\",\"urlTemplate\":\"https:\\\/\\\/beautysane.com\\\/dom\\\/?s={search_term_string}\"},\"query-input\":{\"@type\":\"PropertyValueSpecification\",\"valueRequired\":true,\"valueName\":\"search_term_string\"}}],\"inLanguage\":\"fr-FR\"},false]}<\/script>\n<meta property=\"product:price:amount\" content=\"9.92\" \/>\n<meta property=\"product:price:currency\" content=\"EUR\" \/>\n<meta property=\"og:availability\" content=\"instock\" \/>\n<meta property=\"product:availability\" content=\"instock\" \/>\n<meta property=\"product:retailer_item_id\" content=\"AV015\" \/>\n<meta property=\"product:condition\" content=\"new\" \/>\n<!-- \/ Yoast SEO Premium plugin. -->","yoast_head_json":{"title":"Livre de recettes \"Inspirations\" par Johanna Le Pape - Beautysan\u00e9 - DOM","robots":{"index":"index","follow":"follow","max-snippet":"max-snippet:-1","max-image-preview":"max-image-preview:large","max-video-preview":"max-video-preview:-1"},"canonical":"https:\/\/beautysane.com\/dom\/boutique\/energy\/livre-de-recettes-inspirations-par-johanna-le-pape","og_locale":"fr_FR","og_type":"article","og_title":"Livre de recettes \"Inspirations\" par Johanna Le Pape","og_description":"Le livre Inspirations est n\u00e9 de la rencontre de deux univers : celui de Beautysan\u00e9 et celui de la jeune et talentueuse Johanna Le Pape. Cheffe p\u00e2tissi\u00e8re bien-\u00eatre et championne du monde des arts sucr\u00e9s, Johanna met sa cr\u00e9ativit\u00e9 et son expertise au service d\u2019une alimentation saine et gourmande ! D\u00e9couvrez une collection originale de [&hellip;]","og_url":"https:\/\/beautysane.com\/dom\/boutique\/energy\/livre-de-recettes-inspirations-par-johanna-le-pape","og_site_name":"Beautysan\u00e9 - DOM","article_publisher":"https:\/\/www.facebook.com\/Beautysane\/","article_modified_time":"2026-04-15T00:53:03+00:00","og_image":[{"width":300,"height":359,"url":"https:\/\/beautysane.ams3.digitaloceanspaces.com\/wp-content\/uploads\/sites\/5\/2021\/10\/29035251\/AV017.png","type":"image\/png"}],"twitter_card":"summary_large_image","twitter_misc":{"Prix":"9,92&euro;","Disponibilit\u00e9":"En stock"},"schema":{"@context":"https:\/\/schema.org","@graph":[{"@type":"WebPage","@id":"https:\/\/beautysane.com\/dom\/boutique\/energy\/livre-de-recettes-inspirations-par-johanna-le-pape","url":"https:\/\/beautysane.com\/dom\/boutique\/energy\/livre-de-recettes-inspirations-par-johanna-le-pape","name":"Livre de recettes \"Inspirations\" par Johanna Le Pape - Beautysan\u00e9 - DOM","isPartOf":{"@id":"https:\/\/beautysane.com\/dom\/#website"},"primaryImageOfPage":{"@id":"https:\/\/beautysane.com\/dom\/boutique\/energy\/livre-de-recettes-inspirations-par-johanna-le-pape#primaryimage"},"image":{"@id":"https:\/\/beautysane.com\/dom\/boutique\/energy\/livre-de-recettes-inspirations-par-johanna-le-pape#primaryimage"},"thumbnailUrl":"https:\/\/beautysane.ams3.digitaloceanspaces.com\/wp-content\/uploads\/sites\/5\/2021\/10\/29035251\/AV017.png","datePublished":"2021-09-07T12:36:29+00:00","dateModified":"2026-04-15T00:53:03+00:00","breadcrumb":{"@id":"https:\/\/beautysane.com\/dom\/boutique\/energy\/livre-de-recettes-inspirations-par-johanna-le-pape#breadcrumb"},"inLanguage":"fr-FR","potentialAction":[{"@type":"ReadAction","target":["https:\/\/beautysane.com\/dom\/boutique\/energy\/livre-de-recettes-inspirations-par-johanna-le-pape"]}]},{"@type":"ImageObject","inLanguage":"fr-FR","@id":"https:\/\/beautysane.com\/dom\/boutique\/energy\/livre-de-recettes-inspirations-par-johanna-le-pape#primaryimage","url":"https:\/\/beautysane.ams3.digitaloceanspaces.com\/wp-content\/uploads\/sites\/5\/2021\/10\/29035251\/AV017.png","contentUrl":"https:\/\/beautysane.ams3.digitaloceanspaces.com\/wp-content\/uploads\/sites\/5\/2021\/10\/29035251\/AV017.png","width":300,"height":359},{"@type":"BreadcrumbList","@id":"https:\/\/beautysane.com\/dom\/boutique\/energy\/livre-de-recettes-inspirations-par-johanna-le-pape#breadcrumb","itemListElement":[{"@type":"ListItem","position":1,"name":"Home","item":"https:\/\/beautysane.com\/dom"},{"@type":"ListItem","position":2,"name":"Boutique","item":"https:\/\/beautysane.com\/dom\/boutique"},{"@type":"ListItem","position":3,"name":"Livre de recettes &#8220;Inspirations&#8221; par Johanna Le Pape"}]},{"@type":"WebSite","@id":"https:\/\/beautysane.com\/dom\/#website","url":"https:\/\/beautysane.com\/dom\/","name":"Beautysan\u00e9 - DOM","description":"Feed The Change","potentialAction":[{"@type":"SearchAction","target":{"@type":"EntryPoint","urlTemplate":"https:\/\/beautysane.com\/dom\/?s={search_term_string}"},"query-input":{"@type":"PropertyValueSpecification","valueRequired":true,"valueName":"search_term_string"}}],"inLanguage":"fr-FR"},false]},"product_price_amount":"9.92","product_price_currency":"EUR","og_availability":"instock","product_availability":"instock","product_retailer_item_id":"AV015","product_condition":"new"},"yasr_visitor_votes":{"stars_attributes":{"read_only":true,"span_bottom":"<div class='yasr-small-block-bold'><span class='yasr-visitor-votes-must-sign-in'>Vous devez \u00eatre connect\u00e9 pour voter<\/span><\/div>"},"number_of_votes":0,"sum_votes":0},"_links":{"self":[{"href":"https:\/\/beautysane.com\/dom\/wp-json\/wp\/v2\/product\/4623","targetHints":{"allow":["GET"]}}],"collection":[{"href":"https:\/\/beautysane.com\/dom\/wp-json\/wp\/v2\/product"}],"about":[{"href":"https:\/\/beautysane.com\/dom\/wp-json\/wp\/v2\/types\/product"}],"replies":[{"embeddable":true,"href":"https:\/\/beautysane.com\/dom\/wp-json\/wp\/v2\/comments?post=4623"}],"wp:featuredmedia":[{"embeddable":true,"href":"https:\/\/beautysane.com\/dom\/wp-json\/wp\/v2\/media\/13363"}],"wp:attachment":[{"href":"https:\/\/beautysane.com\/dom\/wp-json\/wp\/v2\/media?parent=4623"}],"wp:term":[{"taxonomy":"product_brand","embeddable":true,"href":"https:\/\/beautysane.com\/dom\/wp-json\/wp\/v2\/product_brand?post=4623"},{"taxonomy":"product_cat","embeddable":true,"href":"https:\/\/beautysane.com\/dom\/wp-json\/wp\/v2\/product_cat?post=4623"},{"taxonomy":"product_tag","embeddable":true,"href":"https:\/\/beautysane.com\/dom\/wp-json\/wp\/v2\/product_tag?post=4623"}],"curies":[{"name":"wp","href":"https:\/\/api.w.org\/{rel}","templated":true}]}}