{"id":89428,"date":"2022-10-11T10:36:03","date_gmt":"2022-10-11T08:36:03","guid":{"rendered":"https:\/\/beautysane.com\/dom?post_type=product&#038;p=89428"},"modified":"2026-04-15T03:53:33","modified_gmt":"2026-04-15T01:53:33","slug":"lotion-micellaire-a-laloe-vera","status":"publish","type":"product","link":"https:\/\/beautysane.com\/dom\/boutique\/harmony\/cosmetiques\/lotion-micellaire-a-laloe-vera","title":{"rendered":"Lotion micellaire \u00e0 l&#8217;Aloe Vera 200 ml (cosmos organic)"},"content":{"rendered":"<p>Gr\u00e2ce \u00e0 ses <strong>ingr\u00e9dients 100% d\u2019origine naturelle<\/strong>, cette lotion micellaire \u00e0 base d\u2019<strong>Aloe vera et d\u2019eau florale de framboise biologique<\/strong> d\u00e9maquille votre peau tout en douceur. Vous appr\u00e9cierez sa formule <strong>sans rin\u00e7age<\/strong>, sans parfum de synth\u00e8se, \u00e0 l\u2019odeur envo\u00fbtante de <strong>vanille naturelle.<\/strong><\/p>\n","protected":false},"excerpt":{"rendered":"<p>Gr\u00e2ce \u00e0 ses ingr\u00e9dients 100% d\u2019origine naturelle, cette lotion micellaire \u00e0 base d\u2019Aloe vera et d\u2019eau florale de framboise biologique d\u00e9maquille votre peau tout en douceur. Vous appr\u00e9cierez sa formule sans rin\u00e7age, sans parfum de synth\u00e8se, \u00e0 l\u2019odeur envo\u00fbtante de vanille naturelle.<\/p>\n","protected":false},"featured_media":89429,"comment_status":"open","ping_status":"closed","template":"","meta":{"_acf_changed":false,"inline_featured_image":false,"yasr_overall_rating":0,"yasr_post_is_review":"","yasr_auto_insert_disabled":"","yasr_review_type":""},"product_brand":[],"product_cat":[605,619],"product_tag":[59],"class_list":{"0":"post-89428","1":"product","2":"type-product","3":"status-publish","4":"has-post-thumbnail","6":"product_cat-cosmetiques","7":"product_cat-harmony","8":"product_tag-fabrique-en-france","9":"pa_objectifs-beaute","10":"has-subscription-plans","12":"first","13":"outofstock","14":"purchasable","15":"product-type-simple"},"acf":[],"yoast_head":"<!-- This site is optimized with the Yoast SEO Premium plugin v27.3 (Yoast SEO v27.3) - https:\/\/yoast.com\/product\/yoast-seo-premium-wordpress\/ -->\n<title>Lotion micellaire \u00e0 l&#039;Aloe Vera 200 ml (cosmos organic) - Beautysan\u00e9 - DOM<\/title>\n<meta name=\"robots\" content=\"index, follow, max-snippet:-1, max-image-preview:large, max-video-preview:-1\" \/>\n<link rel=\"canonical\" href=\"https:\/\/beautysane.com\/dom\/boutique\/harmony\/cosmetiques\/lotion-micellaire-a-laloe-vera\" \/>\n<meta property=\"og:locale\" content=\"fr_FR\" \/>\n<meta property=\"og:type\" content=\"article\" \/>\n<meta property=\"og:title\" content=\"Lotion micellaire \u00e0 l&#039;Aloe Vera 200 ml (cosmos organic)\" \/>\n<meta property=\"og:description\" content=\"Gr\u00e2ce \u00e0 ses ingr\u00e9dients 100% d\u2019origine naturelle, cette lotion micellaire \u00e0 base d\u2019Aloe vera et d\u2019eau florale de framboise biologique d\u00e9maquille votre peau tout en douceur. Vous appr\u00e9cierez sa formule sans rin\u00e7age, sans parfum de synth\u00e8se, \u00e0 l\u2019odeur envo\u00fbtante de vanille naturelle.\" \/>\n<meta property=\"og:url\" content=\"https:\/\/beautysane.com\/dom\/boutique\/harmony\/cosmetiques\/lotion-micellaire-a-laloe-vera\" \/>\n<meta property=\"og:site_name\" content=\"Beautysan\u00e9 - DOM\" \/>\n<meta property=\"article:publisher\" content=\"https:\/\/www.facebook.com\/Beautysane\/\" \/>\n<meta property=\"article:modified_time\" content=\"2026-04-15T01:53:33+00:00\" \/>\n<meta property=\"og:image\" content=\"https:\/\/beautysane.ams3.digitaloceanspaces.com\/wp-content\/uploads\/sites\/5\/2022\/10\/29033923\/HA-2022-008.png\" \/>\n\t<meta property=\"og:image:width\" content=\"1200\" \/>\n\t<meta property=\"og:image:height\" content=\"1200\" \/>\n\t<meta property=\"og:image:type\" content=\"image\/png\" \/>\n<meta name=\"twitter:card\" content=\"summary_large_image\" \/>\n<meta name=\"twitter:label1\" content=\"Prix\" \/>\n\t<meta name=\"twitter:data1\" content=\"12,50&euro;\" \/>\n\t<meta name=\"twitter:label2\" content=\"Disponibilit\u00e9\" \/>\n\t<meta name=\"twitter:data2\" content=\"Rupture de stock\" \/>\n<script type=\"application\/ld+json\" class=\"yoast-schema-graph\">{\"@context\":\"https:\\\/\\\/schema.org\",\"@graph\":[{\"@type\":\"WebPage\",\"@id\":\"https:\\\/\\\/beautysane.com\\\/dom\\\/boutique\\\/harmony\\\/cosmetiques\\\/lotion-micellaire-a-laloe-vera\",\"url\":\"https:\\\/\\\/beautysane.com\\\/dom\\\/boutique\\\/harmony\\\/cosmetiques\\\/lotion-micellaire-a-laloe-vera\",\"name\":\"Lotion micellaire \u00e0 l'Aloe Vera 200 ml (cosmos organic) - Beautysan\u00e9 - DOM\",\"isPartOf\":{\"@id\":\"https:\\\/\\\/beautysane.com\\\/dom\\\/#website\"},\"primaryImageOfPage\":{\"@id\":\"https:\\\/\\\/beautysane.com\\\/dom\\\/boutique\\\/harmony\\\/cosmetiques\\\/lotion-micellaire-a-laloe-vera#primaryimage\"},\"image\":{\"@id\":\"https:\\\/\\\/beautysane.com\\\/dom\\\/boutique\\\/harmony\\\/cosmetiques\\\/lotion-micellaire-a-laloe-vera#primaryimage\"},\"thumbnailUrl\":\"https:\\\/\\\/beautysane.ams3.digitaloceanspaces.com\\\/wp-content\\\/uploads\\\/sites\\\/5\\\/2022\\\/10\\\/29033923\\\/HA-2022-008.png\",\"datePublished\":\"2022-10-11T08:36:03+00:00\",\"dateModified\":\"2026-04-15T01:53:33+00:00\",\"breadcrumb\":{\"@id\":\"https:\\\/\\\/beautysane.com\\\/dom\\\/boutique\\\/harmony\\\/cosmetiques\\\/lotion-micellaire-a-laloe-vera#breadcrumb\"},\"inLanguage\":\"fr-FR\",\"potentialAction\":[{\"@type\":\"ReadAction\",\"target\":[\"https:\\\/\\\/beautysane.com\\\/dom\\\/boutique\\\/harmony\\\/cosmetiques\\\/lotion-micellaire-a-laloe-vera\"]}]},{\"@type\":\"ImageObject\",\"inLanguage\":\"fr-FR\",\"@id\":\"https:\\\/\\\/beautysane.com\\\/dom\\\/boutique\\\/harmony\\\/cosmetiques\\\/lotion-micellaire-a-laloe-vera#primaryimage\",\"url\":\"https:\\\/\\\/beautysane.ams3.digitaloceanspaces.com\\\/wp-content\\\/uploads\\\/sites\\\/5\\\/2022\\\/10\\\/29033923\\\/HA-2022-008.png\",\"contentUrl\":\"https:\\\/\\\/beautysane.ams3.digitaloceanspaces.com\\\/wp-content\\\/uploads\\\/sites\\\/5\\\/2022\\\/10\\\/29033923\\\/HA-2022-008.png\",\"width\":1200,\"height\":1200},{\"@type\":\"BreadcrumbList\",\"@id\":\"https:\\\/\\\/beautysane.com\\\/dom\\\/boutique\\\/harmony\\\/cosmetiques\\\/lotion-micellaire-a-laloe-vera#breadcrumb\",\"itemListElement\":[{\"@type\":\"ListItem\",\"position\":1,\"name\":\"Home\",\"item\":\"https:\\\/\\\/beautysane.com\\\/dom\"},{\"@type\":\"ListItem\",\"position\":2,\"name\":\"Boutique\",\"item\":\"https:\\\/\\\/beautysane.com\\\/dom\\\/boutique\"},{\"@type\":\"ListItem\",\"position\":3,\"name\":\"Lotion micellaire \u00e0 l&#8217;Aloe Vera 200 ml (cosmos organic)\"}]},{\"@type\":\"WebSite\",\"@id\":\"https:\\\/\\\/beautysane.com\\\/dom\\\/#website\",\"url\":\"https:\\\/\\\/beautysane.com\\\/dom\\\/\",\"name\":\"Beautysan\u00e9 - DOM\",\"description\":\"Feed The Change\",\"potentialAction\":[{\"@type\":\"SearchAction\",\"target\":{\"@type\":\"EntryPoint\",\"urlTemplate\":\"https:\\\/\\\/beautysane.com\\\/dom\\\/?s={search_term_string}\"},\"query-input\":{\"@type\":\"PropertyValueSpecification\",\"valueRequired\":true,\"valueName\":\"search_term_string\"}}],\"inLanguage\":\"fr-FR\"},false]}<\/script>\n<meta property=\"product:price:amount\" content=\"12.50\" \/>\n<meta property=\"product:price:currency\" content=\"EUR\" \/>\n<meta property=\"og:availability\" content=\"out of stock\" \/>\n<meta property=\"product:availability\" content=\"out of stock\" \/>\n<meta property=\"product:retailer_item_id\" content=\"HA-2022-008\" \/>\n<meta property=\"product:condition\" content=\"new\" \/>\n<!-- \/ Yoast SEO Premium plugin. -->","yoast_head_json":{"title":"Lotion micellaire \u00e0 l'Aloe Vera 200 ml (cosmos organic) - Beautysan\u00e9 - DOM","robots":{"index":"index","follow":"follow","max-snippet":"max-snippet:-1","max-image-preview":"max-image-preview:large","max-video-preview":"max-video-preview:-1"},"canonical":"https:\/\/beautysane.com\/dom\/boutique\/harmony\/cosmetiques\/lotion-micellaire-a-laloe-vera","og_locale":"fr_FR","og_type":"article","og_title":"Lotion micellaire \u00e0 l'Aloe Vera 200 ml (cosmos organic)","og_description":"Gr\u00e2ce \u00e0 ses ingr\u00e9dients 100% d\u2019origine naturelle, cette lotion micellaire \u00e0 base d\u2019Aloe vera et d\u2019eau florale de framboise biologique d\u00e9maquille votre peau tout en douceur. Vous appr\u00e9cierez sa formule sans rin\u00e7age, sans parfum de synth\u00e8se, \u00e0 l\u2019odeur envo\u00fbtante de vanille naturelle.","og_url":"https:\/\/beautysane.com\/dom\/boutique\/harmony\/cosmetiques\/lotion-micellaire-a-laloe-vera","og_site_name":"Beautysan\u00e9 - DOM","article_publisher":"https:\/\/www.facebook.com\/Beautysane\/","article_modified_time":"2026-04-15T01:53:33+00:00","og_image":[{"width":1200,"height":1200,"url":"https:\/\/beautysane.ams3.digitaloceanspaces.com\/wp-content\/uploads\/sites\/5\/2022\/10\/29033923\/HA-2022-008.png","type":"image\/png"}],"twitter_card":"summary_large_image","twitter_misc":{"Prix":"12,50&euro;","Disponibilit\u00e9":"Rupture de stock"},"schema":{"@context":"https:\/\/schema.org","@graph":[{"@type":"WebPage","@id":"https:\/\/beautysane.com\/dom\/boutique\/harmony\/cosmetiques\/lotion-micellaire-a-laloe-vera","url":"https:\/\/beautysane.com\/dom\/boutique\/harmony\/cosmetiques\/lotion-micellaire-a-laloe-vera","name":"Lotion micellaire \u00e0 l'Aloe Vera 200 ml (cosmos organic) - Beautysan\u00e9 - DOM","isPartOf":{"@id":"https:\/\/beautysane.com\/dom\/#website"},"primaryImageOfPage":{"@id":"https:\/\/beautysane.com\/dom\/boutique\/harmony\/cosmetiques\/lotion-micellaire-a-laloe-vera#primaryimage"},"image":{"@id":"https:\/\/beautysane.com\/dom\/boutique\/harmony\/cosmetiques\/lotion-micellaire-a-laloe-vera#primaryimage"},"thumbnailUrl":"https:\/\/beautysane.ams3.digitaloceanspaces.com\/wp-content\/uploads\/sites\/5\/2022\/10\/29033923\/HA-2022-008.png","datePublished":"2022-10-11T08:36:03+00:00","dateModified":"2026-04-15T01:53:33+00:00","breadcrumb":{"@id":"https:\/\/beautysane.com\/dom\/boutique\/harmony\/cosmetiques\/lotion-micellaire-a-laloe-vera#breadcrumb"},"inLanguage":"fr-FR","potentialAction":[{"@type":"ReadAction","target":["https:\/\/beautysane.com\/dom\/boutique\/harmony\/cosmetiques\/lotion-micellaire-a-laloe-vera"]}]},{"@type":"ImageObject","inLanguage":"fr-FR","@id":"https:\/\/beautysane.com\/dom\/boutique\/harmony\/cosmetiques\/lotion-micellaire-a-laloe-vera#primaryimage","url":"https:\/\/beautysane.ams3.digitaloceanspaces.com\/wp-content\/uploads\/sites\/5\/2022\/10\/29033923\/HA-2022-008.png","contentUrl":"https:\/\/beautysane.ams3.digitaloceanspaces.com\/wp-content\/uploads\/sites\/5\/2022\/10\/29033923\/HA-2022-008.png","width":1200,"height":1200},{"@type":"BreadcrumbList","@id":"https:\/\/beautysane.com\/dom\/boutique\/harmony\/cosmetiques\/lotion-micellaire-a-laloe-vera#breadcrumb","itemListElement":[{"@type":"ListItem","position":1,"name":"Home","item":"https:\/\/beautysane.com\/dom"},{"@type":"ListItem","position":2,"name":"Boutique","item":"https:\/\/beautysane.com\/dom\/boutique"},{"@type":"ListItem","position":3,"name":"Lotion micellaire \u00e0 l&#8217;Aloe Vera 200 ml (cosmos organic)"}]},{"@type":"WebSite","@id":"https:\/\/beautysane.com\/dom\/#website","url":"https:\/\/beautysane.com\/dom\/","name":"Beautysan\u00e9 - DOM","description":"Feed The Change","potentialAction":[{"@type":"SearchAction","target":{"@type":"EntryPoint","urlTemplate":"https:\/\/beautysane.com\/dom\/?s={search_term_string}"},"query-input":{"@type":"PropertyValueSpecification","valueRequired":true,"valueName":"search_term_string"}}],"inLanguage":"fr-FR"},false]},"product_price_amount":"12.50","product_price_currency":"EUR","og_availability":"out of stock","product_availability":"out of stock","product_retailer_item_id":"HA-2022-008","product_condition":"new"},"yasr_visitor_votes":{"stars_attributes":{"read_only":true,"span_bottom":"<div class='yasr-small-block-bold'><span class='yasr-visitor-votes-must-sign-in'>Vous devez \u00eatre connect\u00e9 pour voter<\/span><\/div>"},"number_of_votes":0,"sum_votes":0},"_links":{"self":[{"href":"https:\/\/beautysane.com\/dom\/wp-json\/wp\/v2\/product\/89428","targetHints":{"allow":["GET"]}}],"collection":[{"href":"https:\/\/beautysane.com\/dom\/wp-json\/wp\/v2\/product"}],"about":[{"href":"https:\/\/beautysane.com\/dom\/wp-json\/wp\/v2\/types\/product"}],"replies":[{"embeddable":true,"href":"https:\/\/beautysane.com\/dom\/wp-json\/wp\/v2\/comments?post=89428"}],"wp:featuredmedia":[{"embeddable":true,"href":"https:\/\/beautysane.com\/dom\/wp-json\/wp\/v2\/media\/89429"}],"wp:attachment":[{"href":"https:\/\/beautysane.com\/dom\/wp-json\/wp\/v2\/media?parent=89428"}],"wp:term":[{"taxonomy":"product_brand","embeddable":true,"href":"https:\/\/beautysane.com\/dom\/wp-json\/wp\/v2\/product_brand?post=89428"},{"taxonomy":"product_cat","embeddable":true,"href":"https:\/\/beautysane.com\/dom\/wp-json\/wp\/v2\/product_cat?post=89428"},{"taxonomy":"product_tag","embeddable":true,"href":"https:\/\/beautysane.com\/dom\/wp-json\/wp\/v2\/product_tag?post=89428"}],"curies":[{"name":"wp","href":"https:\/\/api.w.org\/{rel}","templated":true}]}}