{"id":94598,"date":"2023-08-11T07:51:38","date_gmt":"2023-08-11T05:51:38","guid":{"rendered":"https:\/\/beautysane.com\/dom?post_type=product&#038;p=94598"},"modified":"2026-04-29T20:54:15","modified_gmt":"2026-04-29T18:54:15","slug":"saveur-chocolat-1-repas-2","status":"publish","type":"product","link":"https:\/\/beautysane.com\/dom\/boutique\/energy\/energy-diet\/saveur-chocolat-1-repas-2","title":{"rendered":"Saveur chocolat &#8211; 1 repas"},"content":{"rendered":"<p>C\u00e9dez \u00e0 la tentation d\u2019une<strong> saveur chocolat\u00e9e intense<\/strong> pour un instant de pur plaisir. Parce qu\u2019il n\u2019y a pas de mal \u00e0 se faire du bien ! Ce milkshake peut remplacer n\u2019importe quel repas de la journ\u00e9e. Il se consomme tel quel, <strong>frapp\u00e9 ou cuisin\u00e9<\/strong>. Energy Diet saveur chocolat est un repas l\u00e9ger et \u00e9quilibr\u00e9 qui garantit \u00e0 la fois <strong>plaisir gustatif et apports nutritionnels<\/strong>, pour \u00e9viter toute carence (prot\u00e9ines, lipides, glucides, fibres, omega3, vitamines et min\u00e9raux). Il est <strong>rassasiant, digeste<\/strong> et convient aux personnes qui souhaitent <strong>perdre et\/ou contr\u00f4ler leur poids<\/strong>.<\/p>\n<p>Un vrai plus pour les sportifs : Energy Diet saveur chocolat a \u00e9t\u00e9 d\u00e9velopp\u00e9 et fabriqu\u00e9 conform\u00e9ment aux exigences de l&#8217;<strong>EN 17444<\/strong> <strong>(Norme antidopage)<\/strong> \u00e0 la date de production du lot.<\/p>\n","protected":false},"excerpt":{"rendered":"<p>C\u00e9dez \u00e0 la tentation d\u2019une saveur chocolat\u00e9e intense pour un instant de pur plaisir. Parce qu\u2019il n\u2019y a pas de mal \u00e0 se faire du bien ! Ce milkshake peut remplacer n\u2019importe quel repas de la journ\u00e9e. Il se consomme tel quel, frapp\u00e9 ou cuisin\u00e9. Energy Diet saveur chocolat est un repas l\u00e9ger et \u00e9quilibr\u00e9 [&hellip;]<\/p>\n","protected":false},"featured_media":58258,"comment_status":"open","ping_status":"closed","template":"","meta":{"_acf_changed":false,"inline_featured_image":false,"yasr_overall_rating":0,"yasr_post_is_review":"","yasr_auto_insert_disabled":"","yasr_review_type":""},"product_brand":[],"product_cat":[92],"product_tag":[57,59,58,29,30,32,55],"class_list":{"0":"post-94598","1":"product","2":"type-product","3":"status-publish","4":"has-post-thumbnail","6":"product_cat-energy-diet","7":"product_tag-23-vitamines-et-mineraux","8":"product_tag-fabrique-en-france","9":"product_tag-haute-digestibilite-hd","10":"product_tag-sans-gluten","11":"product_tag-sans-ogm","12":"product_tag-source-de-fibres","13":"product_tag-veggie","14":"has-subscription-plans","16":"first","17":"outofstock","18":"purchasable","19":"product-type-simple"},"acf":[],"yoast_head":"<!-- This site is optimized with the Yoast SEO Premium plugin v27.3 (Yoast SEO v27.3) - https:\/\/yoast.com\/product\/yoast-seo-premium-wordpress\/ -->\n<title>Saveur chocolat - 1 repas - Beautysan\u00e9 - DOM<\/title>\n<meta name=\"robots\" content=\"index, follow, max-snippet:-1, max-image-preview:large, max-video-preview:-1\" \/>\n<link rel=\"canonical\" href=\"https:\/\/beautysane.com\/dom\/boutique\/energy\/energy-diet\/saveur-chocolat-1-repas-2\" \/>\n<meta property=\"og:locale\" content=\"fr_FR\" \/>\n<meta property=\"og:type\" content=\"article\" \/>\n<meta property=\"og:title\" content=\"Saveur chocolat - 1 repas\" \/>\n<meta property=\"og:description\" content=\"C\u00e9dez \u00e0 la tentation d\u2019une saveur chocolat\u00e9e intense pour un instant de pur plaisir. Parce qu\u2019il n\u2019y a pas de mal \u00e0 se faire du bien ! Ce milkshake peut remplacer n\u2019importe quel repas de la journ\u00e9e. Il se consomme tel quel, frapp\u00e9 ou cuisin\u00e9. Energy Diet saveur chocolat est un repas l\u00e9ger et \u00e9quilibr\u00e9 [&hellip;]\" \/>\n<meta property=\"og:url\" content=\"https:\/\/beautysane.com\/dom\/boutique\/energy\/energy-diet\/saveur-chocolat-1-repas-2\" \/>\n<meta property=\"og:site_name\" content=\"Beautysan\u00e9 - DOM\" \/>\n<meta property=\"article:publisher\" content=\"https:\/\/www.facebook.com\/Beautysane\/\" \/>\n<meta property=\"article:modified_time\" content=\"2026-04-29T18:54:15+00:00\" \/>\n<meta property=\"og:image\" content=\"https:\/\/beautysane.ams3.digitaloceanspaces.com\/wp-content\/uploads\/sites\/5\/2022\/04\/29034713\/ED001_SA.png\" \/>\n\t<meta property=\"og:image:width\" content=\"705\" \/>\n\t<meta property=\"og:image:height\" content=\"705\" \/>\n\t<meta property=\"og:image:type\" content=\"image\/png\" \/>\n<meta name=\"twitter:card\" content=\"summary_large_image\" \/>\n<meta name=\"twitter:label1\" content=\"Prix\" \/>\n\t<meta name=\"twitter:data1\" content=\"0,00&euro;\" \/>\n\t<meta name=\"twitter:label2\" content=\"Disponibilit\u00e9\" \/>\n\t<meta name=\"twitter:data2\" content=\"Rupture de stock\" \/>\n<script type=\"application\/ld+json\" class=\"yoast-schema-graph\">{\"@context\":\"https:\\\/\\\/schema.org\",\"@graph\":[{\"@type\":\"WebPage\",\"@id\":\"https:\\\/\\\/beautysane.com\\\/dom\\\/boutique\\\/energy\\\/energy-diet\\\/saveur-chocolat-1-repas-2\",\"url\":\"https:\\\/\\\/beautysane.com\\\/dom\\\/boutique\\\/energy\\\/energy-diet\\\/saveur-chocolat-1-repas-2\",\"name\":\"Saveur chocolat - 1 repas - Beautysan\u00e9 - DOM\",\"isPartOf\":{\"@id\":\"https:\\\/\\\/beautysane.com\\\/dom\\\/#website\"},\"primaryImageOfPage\":{\"@id\":\"https:\\\/\\\/beautysane.com\\\/dom\\\/boutique\\\/energy\\\/energy-diet\\\/saveur-chocolat-1-repas-2#primaryimage\"},\"image\":{\"@id\":\"https:\\\/\\\/beautysane.com\\\/dom\\\/boutique\\\/energy\\\/energy-diet\\\/saveur-chocolat-1-repas-2#primaryimage\"},\"thumbnailUrl\":\"https:\\\/\\\/beautysane.ams3.digitaloceanspaces.com\\\/wp-content\\\/uploads\\\/sites\\\/5\\\/2022\\\/04\\\/29034713\\\/ED001_SA.png\",\"datePublished\":\"2023-08-11T05:51:38+00:00\",\"dateModified\":\"2026-04-29T18:54:15+00:00\",\"breadcrumb\":{\"@id\":\"https:\\\/\\\/beautysane.com\\\/dom\\\/boutique\\\/energy\\\/energy-diet\\\/saveur-chocolat-1-repas-2#breadcrumb\"},\"inLanguage\":\"fr-FR\",\"potentialAction\":[{\"@type\":\"ReadAction\",\"target\":[\"https:\\\/\\\/beautysane.com\\\/dom\\\/boutique\\\/energy\\\/energy-diet\\\/saveur-chocolat-1-repas-2\"]}]},{\"@type\":\"ImageObject\",\"inLanguage\":\"fr-FR\",\"@id\":\"https:\\\/\\\/beautysane.com\\\/dom\\\/boutique\\\/energy\\\/energy-diet\\\/saveur-chocolat-1-repas-2#primaryimage\",\"url\":\"https:\\\/\\\/beautysane.ams3.digitaloceanspaces.com\\\/wp-content\\\/uploads\\\/sites\\\/5\\\/2022\\\/04\\\/29034713\\\/ED001_SA.png\",\"contentUrl\":\"https:\\\/\\\/beautysane.ams3.digitaloceanspaces.com\\\/wp-content\\\/uploads\\\/sites\\\/5\\\/2022\\\/04\\\/29034713\\\/ED001_SA.png\",\"width\":705,\"height\":705},{\"@type\":\"BreadcrumbList\",\"@id\":\"https:\\\/\\\/beautysane.com\\\/dom\\\/boutique\\\/energy\\\/energy-diet\\\/saveur-chocolat-1-repas-2#breadcrumb\",\"itemListElement\":[{\"@type\":\"ListItem\",\"position\":1,\"name\":\"Home\",\"item\":\"https:\\\/\\\/beautysane.com\\\/dom\"},{\"@type\":\"ListItem\",\"position\":2,\"name\":\"Boutique\",\"item\":\"https:\\\/\\\/beautysane.com\\\/dom\\\/boutique\"},{\"@type\":\"ListItem\",\"position\":3,\"name\":\"Saveur chocolat &#8211; 1 repas\"}]},{\"@type\":\"WebSite\",\"@id\":\"https:\\\/\\\/beautysane.com\\\/dom\\\/#website\",\"url\":\"https:\\\/\\\/beautysane.com\\\/dom\\\/\",\"name\":\"Beautysan\u00e9 - DOM\",\"description\":\"Feed The Change\",\"potentialAction\":[{\"@type\":\"SearchAction\",\"target\":{\"@type\":\"EntryPoint\",\"urlTemplate\":\"https:\\\/\\\/beautysane.com\\\/dom\\\/?s={search_term_string}\"},\"query-input\":{\"@type\":\"PropertyValueSpecification\",\"valueRequired\":true,\"valueName\":\"search_term_string\"}}],\"inLanguage\":\"fr-FR\"},false]}<\/script>\n<meta property=\"product:price:amount\" content=\"0.00\" \/>\n<meta property=\"product:price:currency\" content=\"EUR\" \/>\n<meta property=\"og:availability\" content=\"out of stock\" \/>\n<meta property=\"product:availability\" content=\"out of stock\" \/>\n<meta property=\"product:retailer_item_id\" content=\"ED-2022-001-SA\" \/>\n<meta property=\"product:condition\" content=\"new\" \/>\n<!-- \/ Yoast SEO Premium plugin. -->","yoast_head_json":{"title":"Saveur chocolat - 1 repas - Beautysan\u00e9 - DOM","robots":{"index":"index","follow":"follow","max-snippet":"max-snippet:-1","max-image-preview":"max-image-preview:large","max-video-preview":"max-video-preview:-1"},"canonical":"https:\/\/beautysane.com\/dom\/boutique\/energy\/energy-diet\/saveur-chocolat-1-repas-2","og_locale":"fr_FR","og_type":"article","og_title":"Saveur chocolat - 1 repas","og_description":"C\u00e9dez \u00e0 la tentation d\u2019une saveur chocolat\u00e9e intense pour un instant de pur plaisir. Parce qu\u2019il n\u2019y a pas de mal \u00e0 se faire du bien ! Ce milkshake peut remplacer n\u2019importe quel repas de la journ\u00e9e. Il se consomme tel quel, frapp\u00e9 ou cuisin\u00e9. Energy Diet saveur chocolat est un repas l\u00e9ger et \u00e9quilibr\u00e9 [&hellip;]","og_url":"https:\/\/beautysane.com\/dom\/boutique\/energy\/energy-diet\/saveur-chocolat-1-repas-2","og_site_name":"Beautysan\u00e9 - DOM","article_publisher":"https:\/\/www.facebook.com\/Beautysane\/","article_modified_time":"2026-04-29T18:54:15+00:00","og_image":[{"width":705,"height":705,"url":"https:\/\/beautysane.ams3.digitaloceanspaces.com\/wp-content\/uploads\/sites\/5\/2022\/04\/29034713\/ED001_SA.png","type":"image\/png"}],"twitter_card":"summary_large_image","twitter_misc":{"Prix":"0,00&euro;","Disponibilit\u00e9":"Rupture de stock"},"schema":{"@context":"https:\/\/schema.org","@graph":[{"@type":"WebPage","@id":"https:\/\/beautysane.com\/dom\/boutique\/energy\/energy-diet\/saveur-chocolat-1-repas-2","url":"https:\/\/beautysane.com\/dom\/boutique\/energy\/energy-diet\/saveur-chocolat-1-repas-2","name":"Saveur chocolat - 1 repas - Beautysan\u00e9 - DOM","isPartOf":{"@id":"https:\/\/beautysane.com\/dom\/#website"},"primaryImageOfPage":{"@id":"https:\/\/beautysane.com\/dom\/boutique\/energy\/energy-diet\/saveur-chocolat-1-repas-2#primaryimage"},"image":{"@id":"https:\/\/beautysane.com\/dom\/boutique\/energy\/energy-diet\/saveur-chocolat-1-repas-2#primaryimage"},"thumbnailUrl":"https:\/\/beautysane.ams3.digitaloceanspaces.com\/wp-content\/uploads\/sites\/5\/2022\/04\/29034713\/ED001_SA.png","datePublished":"2023-08-11T05:51:38+00:00","dateModified":"2026-04-29T18:54:15+00:00","breadcrumb":{"@id":"https:\/\/beautysane.com\/dom\/boutique\/energy\/energy-diet\/saveur-chocolat-1-repas-2#breadcrumb"},"inLanguage":"fr-FR","potentialAction":[{"@type":"ReadAction","target":["https:\/\/beautysane.com\/dom\/boutique\/energy\/energy-diet\/saveur-chocolat-1-repas-2"]}]},{"@type":"ImageObject","inLanguage":"fr-FR","@id":"https:\/\/beautysane.com\/dom\/boutique\/energy\/energy-diet\/saveur-chocolat-1-repas-2#primaryimage","url":"https:\/\/beautysane.ams3.digitaloceanspaces.com\/wp-content\/uploads\/sites\/5\/2022\/04\/29034713\/ED001_SA.png","contentUrl":"https:\/\/beautysane.ams3.digitaloceanspaces.com\/wp-content\/uploads\/sites\/5\/2022\/04\/29034713\/ED001_SA.png","width":705,"height":705},{"@type":"BreadcrumbList","@id":"https:\/\/beautysane.com\/dom\/boutique\/energy\/energy-diet\/saveur-chocolat-1-repas-2#breadcrumb","itemListElement":[{"@type":"ListItem","position":1,"name":"Home","item":"https:\/\/beautysane.com\/dom"},{"@type":"ListItem","position":2,"name":"Boutique","item":"https:\/\/beautysane.com\/dom\/boutique"},{"@type":"ListItem","position":3,"name":"Saveur chocolat &#8211; 1 repas"}]},{"@type":"WebSite","@id":"https:\/\/beautysane.com\/dom\/#website","url":"https:\/\/beautysane.com\/dom\/","name":"Beautysan\u00e9 - DOM","description":"Feed The Change","potentialAction":[{"@type":"SearchAction","target":{"@type":"EntryPoint","urlTemplate":"https:\/\/beautysane.com\/dom\/?s={search_term_string}"},"query-input":{"@type":"PropertyValueSpecification","valueRequired":true,"valueName":"search_term_string"}}],"inLanguage":"fr-FR"},false]},"product_price_amount":"0.00","product_price_currency":"EUR","og_availability":"out of stock","product_availability":"out of stock","product_retailer_item_id":"ED-2022-001-SA","product_condition":"new"},"yasr_visitor_votes":{"stars_attributes":{"read_only":true,"span_bottom":"<div class='yasr-small-block-bold'><span class='yasr-visitor-votes-must-sign-in'>Vous devez \u00eatre connect\u00e9 pour voter<\/span><\/div>"},"number_of_votes":0,"sum_votes":0},"_links":{"self":[{"href":"https:\/\/beautysane.com\/dom\/wp-json\/wp\/v2\/product\/94598","targetHints":{"allow":["GET"]}}],"collection":[{"href":"https:\/\/beautysane.com\/dom\/wp-json\/wp\/v2\/product"}],"about":[{"href":"https:\/\/beautysane.com\/dom\/wp-json\/wp\/v2\/types\/product"}],"replies":[{"embeddable":true,"href":"https:\/\/beautysane.com\/dom\/wp-json\/wp\/v2\/comments?post=94598"}],"wp:featuredmedia":[{"embeddable":true,"href":"https:\/\/beautysane.com\/dom\/wp-json\/wp\/v2\/media\/58258"}],"wp:attachment":[{"href":"https:\/\/beautysane.com\/dom\/wp-json\/wp\/v2\/media?parent=94598"}],"wp:term":[{"taxonomy":"product_brand","embeddable":true,"href":"https:\/\/beautysane.com\/dom\/wp-json\/wp\/v2\/product_brand?post=94598"},{"taxonomy":"product_cat","embeddable":true,"href":"https:\/\/beautysane.com\/dom\/wp-json\/wp\/v2\/product_cat?post=94598"},{"taxonomy":"product_tag","embeddable":true,"href":"https:\/\/beautysane.com\/dom\/wp-json\/wp\/v2\/product_tag?post=94598"}],"curies":[{"name":"wp","href":"https:\/\/api.w.org\/{rel}","templated":true}]}}