{"id":95326,"date":"2023-10-05T14:45:54","date_gmt":"2023-10-05T12:45:54","guid":{"rendered":"https:\/\/beautysane.com\/dom?post_type=product&#038;p=95326"},"modified":"2026-04-15T02:54:13","modified_gmt":"2026-04-15T00:54:13","slug":"energie-concentration-60-gelules","status":"publish","type":"product","link":"https:\/\/beautysane.com\/dom\/boutique\/energy\/energy-care\/energie-concentration-60-gelules","title":{"rendered":"\u00c9nergie &amp; Concentration &#8211; 60 g\u00e9lules"},"content":{"rendered":"<p>Energy Care Energie &amp; Concentration associe plusieurs plantes reconnues pour leurs propri\u00e9t\u00e9s<strong> \u00e9nergisantes<\/strong> et favorisant la <strong>concentration<\/strong>. L\u2019\u00e9leuth\u00e9rocoque, plante adaptog\u00e8ne, contribue \u00e0 une <strong>activit\u00e9 mentale et cognitive optimale<\/strong>. La maca aide \u00e0 maintenir un sentiment de <strong>vitalit\u00e9<\/strong>, de bien-\u00eatre physique et mental ; elle est aussi appel\u00e9e \u201cginseng p\u00e9ruvien\u201d. Ce compl\u00e9ment alimentaire contient \u00e9galement de la <strong>caf\u00e9ine<\/strong> via la noix de cola et du gingembre aux vertus stimulantes et toniques qui contribuent \u00e0 la <strong>r\u00e9sistance contre la fatigue.<\/strong><\/p>\n<p>Ce produit a \u00e9t\u00e9 d\u00e9velopp\u00e9 et fabriqu\u00e9 conform\u00e9ment aux exigences de l&#8217;<strong>EN 17444 (Norme antidopage)<\/strong> \u00e0 la date de production du lot.<\/p>\n","protected":false},"excerpt":{"rendered":"<p>Energy Care Energie &amp; Concentration associe plusieurs plantes reconnues pour leurs propri\u00e9t\u00e9s \u00e9nergisantes et favorisant la concentration. L\u2019\u00e9leuth\u00e9rocoque, plante adaptog\u00e8ne, contribue \u00e0 une activit\u00e9 mentale et cognitive optimale. La maca aide \u00e0 maintenir un sentiment de vitalit\u00e9, de bien-\u00eatre physique et mental ; elle est aussi appel\u00e9e \u201cginseng p\u00e9ruvien\u201d. Ce compl\u00e9ment alimentaire contient \u00e9galement de [&hellip;]<\/p>\n","protected":false},"featured_media":94908,"comment_status":"open","ping_status":"closed","template":"","meta":{"_acf_changed":false,"inline_featured_image":false,"yasr_overall_rating":0,"yasr_post_is_review":"","yasr_auto_insert_disabled":"","yasr_review_type":""},"product_brand":[],"product_cat":[165,617,612],"product_tag":[],"class_list":{"0":"post-95326","1":"product","2":"type-product","3":"status-publish","4":"has-post-thumbnail","6":"product_cat-energy-care","7":"product_cat-energy","8":"product_cat-nouveautes","9":"pa_objectifs-energie","10":"has-subscription-plans","12":"first","13":"instock","14":"purchasable","15":"product-type-simple"},"acf":[],"yoast_head":"<!-- This site is optimized with the Yoast SEO Premium plugin v27.3 (Yoast SEO v27.3) - https:\/\/yoast.com\/product\/yoast-seo-premium-wordpress\/ -->\n<title>\u00c9nergie &amp; Concentration - 60 g\u00e9lules - Beautysan\u00e9 - DOM<\/title>\n<meta name=\"robots\" content=\"index, follow, max-snippet:-1, max-image-preview:large, max-video-preview:-1\" \/>\n<link rel=\"canonical\" href=\"https:\/\/beautysane.com\/dom\/boutique\/energy\/energy-care\/energie-concentration-60-gelules\" \/>\n<meta property=\"og:locale\" content=\"fr_FR\" \/>\n<meta property=\"og:type\" content=\"article\" \/>\n<meta property=\"og:title\" content=\"\u00c9nergie &amp; Concentration - 60 g\u00e9lules\" \/>\n<meta property=\"og:description\" content=\"Energy Care Energie &amp; Concentration associe plusieurs plantes reconnues pour leurs propri\u00e9t\u00e9s \u00e9nergisantes et favorisant la concentration. L\u2019\u00e9leuth\u00e9rocoque, plante adaptog\u00e8ne, contribue \u00e0 une activit\u00e9 mentale et cognitive optimale. La maca aide \u00e0 maintenir un sentiment de vitalit\u00e9, de bien-\u00eatre physique et mental ; elle est aussi appel\u00e9e \u201cginseng p\u00e9ruvien\u201d. Ce compl\u00e9ment alimentaire contient \u00e9galement de [&hellip;]\" \/>\n<meta property=\"og:url\" content=\"https:\/\/beautysane.com\/dom\/boutique\/energy\/energy-care\/energie-concentration-60-gelules\" \/>\n<meta property=\"og:site_name\" content=\"Beautysan\u00e9 - DOM\" \/>\n<meta property=\"article:publisher\" content=\"https:\/\/www.facebook.com\/Beautysane\/\" \/>\n<meta property=\"article:modified_time\" content=\"2026-04-15T00:54:13+00:00\" \/>\n<meta property=\"og:image\" content=\"https:\/\/beautysane.ams3.digitaloceanspaces.com\/wp-content\/uploads\/sites\/5\/2021\/09\/30115446\/CA010_BC-1.png\" \/>\n\t<meta property=\"og:image:width\" content=\"600\" \/>\n\t<meta property=\"og:image:height\" content=\"600\" \/>\n\t<meta property=\"og:image:type\" content=\"image\/png\" \/>\n<meta name=\"twitter:card\" content=\"summary_large_image\" \/>\n<meta name=\"twitter:label1\" content=\"Prix\" \/>\n\t<meta name=\"twitter:data1\" content=\"32,13&euro;\" \/>\n\t<meta name=\"twitter:label2\" content=\"Disponibilit\u00e9\" \/>\n\t<meta name=\"twitter:data2\" content=\"En stock\" \/>\n<script type=\"application\/ld+json\" class=\"yoast-schema-graph\">{\"@context\":\"https:\\\/\\\/schema.org\",\"@graph\":[{\"@type\":\"WebPage\",\"@id\":\"https:\\\/\\\/beautysane.com\\\/dom\\\/boutique\\\/energy\\\/energy-care\\\/energie-concentration-60-gelules\",\"url\":\"https:\\\/\\\/beautysane.com\\\/dom\\\/boutique\\\/energy\\\/energy-care\\\/energie-concentration-60-gelules\",\"name\":\"\u00c9nergie &amp; Concentration - 60 g\u00e9lules - Beautysan\u00e9 - DOM\",\"isPartOf\":{\"@id\":\"https:\\\/\\\/beautysane.com\\\/dom\\\/#website\"},\"primaryImageOfPage\":{\"@id\":\"https:\\\/\\\/beautysane.com\\\/dom\\\/boutique\\\/energy\\\/energy-care\\\/energie-concentration-60-gelules#primaryimage\"},\"image\":{\"@id\":\"https:\\\/\\\/beautysane.com\\\/dom\\\/boutique\\\/energy\\\/energy-care\\\/energie-concentration-60-gelules#primaryimage\"},\"thumbnailUrl\":\"https:\\\/\\\/beautysane.ams3.digitaloceanspaces.com\\\/wp-content\\\/uploads\\\/sites\\\/5\\\/2021\\\/09\\\/30115446\\\/CA010_BC-1.png\",\"datePublished\":\"2023-10-05T12:45:54+00:00\",\"dateModified\":\"2026-04-15T00:54:13+00:00\",\"breadcrumb\":{\"@id\":\"https:\\\/\\\/beautysane.com\\\/dom\\\/boutique\\\/energy\\\/energy-care\\\/energie-concentration-60-gelules#breadcrumb\"},\"inLanguage\":\"fr-FR\",\"potentialAction\":[{\"@type\":\"ReadAction\",\"target\":[\"https:\\\/\\\/beautysane.com\\\/dom\\\/boutique\\\/energy\\\/energy-care\\\/energie-concentration-60-gelules\"]}]},{\"@type\":\"ImageObject\",\"inLanguage\":\"fr-FR\",\"@id\":\"https:\\\/\\\/beautysane.com\\\/dom\\\/boutique\\\/energy\\\/energy-care\\\/energie-concentration-60-gelules#primaryimage\",\"url\":\"https:\\\/\\\/beautysane.ams3.digitaloceanspaces.com\\\/wp-content\\\/uploads\\\/sites\\\/5\\\/2021\\\/09\\\/30115446\\\/CA010_BC-1.png\",\"contentUrl\":\"https:\\\/\\\/beautysane.ams3.digitaloceanspaces.com\\\/wp-content\\\/uploads\\\/sites\\\/5\\\/2021\\\/09\\\/30115446\\\/CA010_BC-1.png\",\"width\":600,\"height\":600},{\"@type\":\"BreadcrumbList\",\"@id\":\"https:\\\/\\\/beautysane.com\\\/dom\\\/boutique\\\/energy\\\/energy-care\\\/energie-concentration-60-gelules#breadcrumb\",\"itemListElement\":[{\"@type\":\"ListItem\",\"position\":1,\"name\":\"Home\",\"item\":\"https:\\\/\\\/beautysane.com\\\/dom\"},{\"@type\":\"ListItem\",\"position\":2,\"name\":\"Boutique\",\"item\":\"https:\\\/\\\/beautysane.com\\\/dom\\\/boutique\"},{\"@type\":\"ListItem\",\"position\":3,\"name\":\"\u00c9nergie &amp; Concentration &#8211; 60 g\u00e9lules\"}]},{\"@type\":\"WebSite\",\"@id\":\"https:\\\/\\\/beautysane.com\\\/dom\\\/#website\",\"url\":\"https:\\\/\\\/beautysane.com\\\/dom\\\/\",\"name\":\"Beautysan\u00e9 - DOM\",\"description\":\"Feed The Change\",\"potentialAction\":[{\"@type\":\"SearchAction\",\"target\":{\"@type\":\"EntryPoint\",\"urlTemplate\":\"https:\\\/\\\/beautysane.com\\\/dom\\\/?s={search_term_string}\"},\"query-input\":{\"@type\":\"PropertyValueSpecification\",\"valueRequired\":true,\"valueName\":\"search_term_string\"}}],\"inLanguage\":\"fr-FR\"},false]}<\/script>\n<meta property=\"product:price:amount\" content=\"32.13\" \/>\n<meta property=\"product:price:currency\" content=\"EUR\" \/>\n<meta property=\"og:availability\" content=\"instock\" \/>\n<meta property=\"product:availability\" content=\"instock\" \/>\n<meta property=\"product:retailer_item_id\" content=\"CA-2023-010-BC\" \/>\n<meta property=\"product:condition\" content=\"new\" \/>\n<!-- \/ Yoast SEO Premium plugin. -->","yoast_head_json":{"title":"\u00c9nergie &amp; Concentration - 60 g\u00e9lules - Beautysan\u00e9 - DOM","robots":{"index":"index","follow":"follow","max-snippet":"max-snippet:-1","max-image-preview":"max-image-preview:large","max-video-preview":"max-video-preview:-1"},"canonical":"https:\/\/beautysane.com\/dom\/boutique\/energy\/energy-care\/energie-concentration-60-gelules","og_locale":"fr_FR","og_type":"article","og_title":"\u00c9nergie &amp; Concentration - 60 g\u00e9lules","og_description":"Energy Care Energie &amp; Concentration associe plusieurs plantes reconnues pour leurs propri\u00e9t\u00e9s \u00e9nergisantes et favorisant la concentration. L\u2019\u00e9leuth\u00e9rocoque, plante adaptog\u00e8ne, contribue \u00e0 une activit\u00e9 mentale et cognitive optimale. La maca aide \u00e0 maintenir un sentiment de vitalit\u00e9, de bien-\u00eatre physique et mental ; elle est aussi appel\u00e9e \u201cginseng p\u00e9ruvien\u201d. Ce compl\u00e9ment alimentaire contient \u00e9galement de [&hellip;]","og_url":"https:\/\/beautysane.com\/dom\/boutique\/energy\/energy-care\/energie-concentration-60-gelules","og_site_name":"Beautysan\u00e9 - DOM","article_publisher":"https:\/\/www.facebook.com\/Beautysane\/","article_modified_time":"2026-04-15T00:54:13+00:00","og_image":[{"width":600,"height":600,"url":"https:\/\/beautysane.ams3.digitaloceanspaces.com\/wp-content\/uploads\/sites\/5\/2021\/09\/30115446\/CA010_BC-1.png","type":"image\/png"}],"twitter_card":"summary_large_image","twitter_misc":{"Prix":"32,13&euro;","Disponibilit\u00e9":"En stock"},"schema":{"@context":"https:\/\/schema.org","@graph":[{"@type":"WebPage","@id":"https:\/\/beautysane.com\/dom\/boutique\/energy\/energy-care\/energie-concentration-60-gelules","url":"https:\/\/beautysane.com\/dom\/boutique\/energy\/energy-care\/energie-concentration-60-gelules","name":"\u00c9nergie &amp; Concentration - 60 g\u00e9lules - Beautysan\u00e9 - DOM","isPartOf":{"@id":"https:\/\/beautysane.com\/dom\/#website"},"primaryImageOfPage":{"@id":"https:\/\/beautysane.com\/dom\/boutique\/energy\/energy-care\/energie-concentration-60-gelules#primaryimage"},"image":{"@id":"https:\/\/beautysane.com\/dom\/boutique\/energy\/energy-care\/energie-concentration-60-gelules#primaryimage"},"thumbnailUrl":"https:\/\/beautysane.ams3.digitaloceanspaces.com\/wp-content\/uploads\/sites\/5\/2021\/09\/30115446\/CA010_BC-1.png","datePublished":"2023-10-05T12:45:54+00:00","dateModified":"2026-04-15T00:54:13+00:00","breadcrumb":{"@id":"https:\/\/beautysane.com\/dom\/boutique\/energy\/energy-care\/energie-concentration-60-gelules#breadcrumb"},"inLanguage":"fr-FR","potentialAction":[{"@type":"ReadAction","target":["https:\/\/beautysane.com\/dom\/boutique\/energy\/energy-care\/energie-concentration-60-gelules"]}]},{"@type":"ImageObject","inLanguage":"fr-FR","@id":"https:\/\/beautysane.com\/dom\/boutique\/energy\/energy-care\/energie-concentration-60-gelules#primaryimage","url":"https:\/\/beautysane.ams3.digitaloceanspaces.com\/wp-content\/uploads\/sites\/5\/2021\/09\/30115446\/CA010_BC-1.png","contentUrl":"https:\/\/beautysane.ams3.digitaloceanspaces.com\/wp-content\/uploads\/sites\/5\/2021\/09\/30115446\/CA010_BC-1.png","width":600,"height":600},{"@type":"BreadcrumbList","@id":"https:\/\/beautysane.com\/dom\/boutique\/energy\/energy-care\/energie-concentration-60-gelules#breadcrumb","itemListElement":[{"@type":"ListItem","position":1,"name":"Home","item":"https:\/\/beautysane.com\/dom"},{"@type":"ListItem","position":2,"name":"Boutique","item":"https:\/\/beautysane.com\/dom\/boutique"},{"@type":"ListItem","position":3,"name":"\u00c9nergie &amp; Concentration &#8211; 60 g\u00e9lules"}]},{"@type":"WebSite","@id":"https:\/\/beautysane.com\/dom\/#website","url":"https:\/\/beautysane.com\/dom\/","name":"Beautysan\u00e9 - DOM","description":"Feed The Change","potentialAction":[{"@type":"SearchAction","target":{"@type":"EntryPoint","urlTemplate":"https:\/\/beautysane.com\/dom\/?s={search_term_string}"},"query-input":{"@type":"PropertyValueSpecification","valueRequired":true,"valueName":"search_term_string"}}],"inLanguage":"fr-FR"},false]},"product_price_amount":"32.13","product_price_currency":"EUR","og_availability":"instock","product_availability":"instock","product_retailer_item_id":"CA-2023-010-BC","product_condition":"new"},"yasr_visitor_votes":{"stars_attributes":{"read_only":true,"span_bottom":"<div class='yasr-small-block-bold'><span class='yasr-visitor-votes-must-sign-in'>Vous devez \u00eatre connect\u00e9 pour voter<\/span><\/div>"},"number_of_votes":0,"sum_votes":0},"_links":{"self":[{"href":"https:\/\/beautysane.com\/dom\/wp-json\/wp\/v2\/product\/95326","targetHints":{"allow":["GET"]}}],"collection":[{"href":"https:\/\/beautysane.com\/dom\/wp-json\/wp\/v2\/product"}],"about":[{"href":"https:\/\/beautysane.com\/dom\/wp-json\/wp\/v2\/types\/product"}],"replies":[{"embeddable":true,"href":"https:\/\/beautysane.com\/dom\/wp-json\/wp\/v2\/comments?post=95326"}],"wp:featuredmedia":[{"embeddable":true,"href":"https:\/\/beautysane.com\/dom\/wp-json\/wp\/v2\/media\/94908"}],"wp:attachment":[{"href":"https:\/\/beautysane.com\/dom\/wp-json\/wp\/v2\/media?parent=95326"}],"wp:term":[{"taxonomy":"product_brand","embeddable":true,"href":"https:\/\/beautysane.com\/dom\/wp-json\/wp\/v2\/product_brand?post=95326"},{"taxonomy":"product_cat","embeddable":true,"href":"https:\/\/beautysane.com\/dom\/wp-json\/wp\/v2\/product_cat?post=95326"},{"taxonomy":"product_tag","embeddable":true,"href":"https:\/\/beautysane.com\/dom\/wp-json\/wp\/v2\/product_tag?post=95326"}],"curies":[{"name":"wp","href":"https:\/\/api.w.org\/{rel}","templated":true}]}}