{"id":95333,"date":"2023-10-05T15:03:20","date_gmt":"2023-10-05T13:03:20","guid":{"rendered":"https:\/\/beautysane.com\/dom?post_type=product&#038;p=95333"},"modified":"2026-04-15T04:24:15","modified_gmt":"2026-04-15T02:24:15","slug":"complexe-vitalite-60-gelules","status":"publish","type":"product","link":"https:\/\/beautysane.com\/dom\/boutique\/energy\/complexe-vitalite-60-gelules","title":{"rendered":"Complexe Vitalit\u00e9 &#8211; 60 g\u00e9lules"},"content":{"rendered":"<p>Si nous savons qu\u2019il est important d\u2019avoir une alimentation <strong>riche en vitamines et min\u00e9raux<\/strong> pour satisfaire les diff\u00e9rents besoins de l\u2019organisme, nos mauvaises habitudes alimentaires et la consommation d\u2019aliments appauvris ne suffisent pas toujours \u00e0 satisfaire ces besoins. Min\u00e9raux &amp; Multivitamines Beautysan\u00e9 vous apporte, <strong>\u00e0 juste dose,<\/strong> les vitamines et min\u00e9raux n\u00e9cessaires pour contrer les petites baisses de r\u00e9gime qui peuvent survenir !<\/p>\n","protected":false},"excerpt":{"rendered":"<p>Si nous savons qu\u2019il est important d\u2019avoir une alimentation riche en vitamines et min\u00e9raux pour satisfaire les diff\u00e9rents besoins de l\u2019organisme, nos mauvaises habitudes alimentaires et la consommation d\u2019aliments appauvris ne suffisent pas toujours \u00e0 satisfaire ces besoins. Min\u00e9raux &amp; Multivitamines Beautysan\u00e9 vous apporte, \u00e0 juste dose, les vitamines et min\u00e9raux n\u00e9cessaires pour contrer les [&hellip;]<\/p>\n","protected":false},"featured_media":94933,"comment_status":"open","ping_status":"closed","template":"","meta":{"_acf_changed":false,"inline_featured_image":false,"yasr_overall_rating":0,"yasr_post_is_review":"","yasr_auto_insert_disabled":"","yasr_review_type":""},"product_brand":[],"product_cat":[165,617,612],"product_tag":[],"class_list":{"0":"post-95333","1":"product","2":"type-product","3":"status-publish","4":"has-post-thumbnail","6":"product_cat-energy-care","7":"product_cat-energy","8":"product_cat-nouveautes","9":"has-subscription-plans","11":"first","12":"instock","13":"purchasable","14":"product-type-simple"},"acf":[],"yoast_head":"<!-- This site is optimized with the Yoast SEO Premium plugin v27.3 (Yoast SEO v27.3) - https:\/\/yoast.com\/product\/yoast-seo-premium-wordpress\/ -->\n<title>Complexe Vitalit\u00e9 - 60 g\u00e9lules - Beautysan\u00e9 - DOM<\/title>\n<meta name=\"robots\" content=\"index, follow, max-snippet:-1, max-image-preview:large, max-video-preview:-1\" \/>\n<link rel=\"canonical\" href=\"https:\/\/beautysane.com\/dom\/boutique\/energy\/complexe-vitalite-60-gelules\" \/>\n<meta property=\"og:locale\" content=\"fr_FR\" \/>\n<meta property=\"og:type\" content=\"article\" \/>\n<meta property=\"og:title\" content=\"Complexe Vitalit\u00e9 - 60 g\u00e9lules\" \/>\n<meta property=\"og:description\" content=\"Si nous savons qu\u2019il est important d\u2019avoir une alimentation riche en vitamines et min\u00e9raux pour satisfaire les diff\u00e9rents besoins de l\u2019organisme, nos mauvaises habitudes alimentaires et la consommation d\u2019aliments appauvris ne suffisent pas toujours \u00e0 satisfaire ces besoins. Min\u00e9raux &amp; Multivitamines Beautysan\u00e9 vous apporte, \u00e0 juste dose, les vitamines et min\u00e9raux n\u00e9cessaires pour contrer les [&hellip;]\" \/>\n<meta property=\"og:url\" content=\"https:\/\/beautysane.com\/dom\/boutique\/energy\/complexe-vitalite-60-gelules\" \/>\n<meta property=\"og:site_name\" content=\"Beautysan\u00e9 - DOM\" \/>\n<meta property=\"article:publisher\" content=\"https:\/\/www.facebook.com\/Beautysane\/\" \/>\n<meta property=\"article:modified_time\" content=\"2026-04-15T02:24:15+00:00\" \/>\n<meta property=\"og:image\" content=\"https:\/\/beautysane.ams3.digitaloceanspaces.com\/wp-content\/uploads\/sites\/5\/2021\/09\/30115503\/CA004_BC-1.png\" \/>\n\t<meta property=\"og:image:width\" content=\"600\" \/>\n\t<meta property=\"og:image:height\" content=\"600\" \/>\n\t<meta property=\"og:image:type\" content=\"image\/png\" \/>\n<meta name=\"twitter:card\" content=\"summary_large_image\" \/>\n<meta name=\"twitter:label1\" content=\"Prix\" \/>\n\t<meta name=\"twitter:data1\" content=\"32,13&euro;\" \/>\n\t<meta name=\"twitter:label2\" content=\"Disponibilit\u00e9\" \/>\n\t<meta name=\"twitter:data2\" content=\"En stock\" \/>\n<script type=\"application\/ld+json\" class=\"yoast-schema-graph\">{\"@context\":\"https:\\\/\\\/schema.org\",\"@graph\":[{\"@type\":\"WebPage\",\"@id\":\"https:\\\/\\\/beautysane.com\\\/dom\\\/boutique\\\/energy\\\/complexe-vitalite-60-gelules\",\"url\":\"https:\\\/\\\/beautysane.com\\\/dom\\\/boutique\\\/energy\\\/complexe-vitalite-60-gelules\",\"name\":\"Complexe Vitalit\u00e9 - 60 g\u00e9lules - Beautysan\u00e9 - DOM\",\"isPartOf\":{\"@id\":\"https:\\\/\\\/beautysane.com\\\/dom\\\/#website\"},\"primaryImageOfPage\":{\"@id\":\"https:\\\/\\\/beautysane.com\\\/dom\\\/boutique\\\/energy\\\/complexe-vitalite-60-gelules#primaryimage\"},\"image\":{\"@id\":\"https:\\\/\\\/beautysane.com\\\/dom\\\/boutique\\\/energy\\\/complexe-vitalite-60-gelules#primaryimage\"},\"thumbnailUrl\":\"https:\\\/\\\/beautysane.ams3.digitaloceanspaces.com\\\/wp-content\\\/uploads\\\/sites\\\/5\\\/2021\\\/09\\\/30115503\\\/CA004_BC-1.png\",\"datePublished\":\"2023-10-05T13:03:20+00:00\",\"dateModified\":\"2026-04-15T02:24:15+00:00\",\"breadcrumb\":{\"@id\":\"https:\\\/\\\/beautysane.com\\\/dom\\\/boutique\\\/energy\\\/complexe-vitalite-60-gelules#breadcrumb\"},\"inLanguage\":\"fr-FR\",\"potentialAction\":[{\"@type\":\"ReadAction\",\"target\":[\"https:\\\/\\\/beautysane.com\\\/dom\\\/boutique\\\/energy\\\/complexe-vitalite-60-gelules\"]}]},{\"@type\":\"ImageObject\",\"inLanguage\":\"fr-FR\",\"@id\":\"https:\\\/\\\/beautysane.com\\\/dom\\\/boutique\\\/energy\\\/complexe-vitalite-60-gelules#primaryimage\",\"url\":\"https:\\\/\\\/beautysane.ams3.digitaloceanspaces.com\\\/wp-content\\\/uploads\\\/sites\\\/5\\\/2021\\\/09\\\/30115503\\\/CA004_BC-1.png\",\"contentUrl\":\"https:\\\/\\\/beautysane.ams3.digitaloceanspaces.com\\\/wp-content\\\/uploads\\\/sites\\\/5\\\/2021\\\/09\\\/30115503\\\/CA004_BC-1.png\",\"width\":600,\"height\":600},{\"@type\":\"BreadcrumbList\",\"@id\":\"https:\\\/\\\/beautysane.com\\\/dom\\\/boutique\\\/energy\\\/complexe-vitalite-60-gelules#breadcrumb\",\"itemListElement\":[{\"@type\":\"ListItem\",\"position\":1,\"name\":\"Home\",\"item\":\"https:\\\/\\\/beautysane.com\\\/dom\"},{\"@type\":\"ListItem\",\"position\":2,\"name\":\"Boutique\",\"item\":\"https:\\\/\\\/beautysane.com\\\/dom\\\/boutique\"},{\"@type\":\"ListItem\",\"position\":3,\"name\":\"Complexe Vitalit\u00e9 &#8211; 60 g\u00e9lules\"}]},{\"@type\":\"WebSite\",\"@id\":\"https:\\\/\\\/beautysane.com\\\/dom\\\/#website\",\"url\":\"https:\\\/\\\/beautysane.com\\\/dom\\\/\",\"name\":\"Beautysan\u00e9 - DOM\",\"description\":\"Feed The Change\",\"potentialAction\":[{\"@type\":\"SearchAction\",\"target\":{\"@type\":\"EntryPoint\",\"urlTemplate\":\"https:\\\/\\\/beautysane.com\\\/dom\\\/?s={search_term_string}\"},\"query-input\":{\"@type\":\"PropertyValueSpecification\",\"valueRequired\":true,\"valueName\":\"search_term_string\"}}],\"inLanguage\":\"fr-FR\"},false]}<\/script>\n<meta property=\"product:price:amount\" content=\"32.13\" \/>\n<meta property=\"product:price:currency\" content=\"EUR\" \/>\n<meta property=\"og:availability\" content=\"instock\" \/>\n<meta property=\"product:availability\" content=\"instock\" \/>\n<meta property=\"product:retailer_item_id\" content=\"CA-2023-004-BC\" \/>\n<meta property=\"product:condition\" content=\"new\" \/>\n<!-- \/ Yoast SEO Premium plugin. -->","yoast_head_json":{"title":"Complexe Vitalit\u00e9 - 60 g\u00e9lules - Beautysan\u00e9 - DOM","robots":{"index":"index","follow":"follow","max-snippet":"max-snippet:-1","max-image-preview":"max-image-preview:large","max-video-preview":"max-video-preview:-1"},"canonical":"https:\/\/beautysane.com\/dom\/boutique\/energy\/complexe-vitalite-60-gelules","og_locale":"fr_FR","og_type":"article","og_title":"Complexe Vitalit\u00e9 - 60 g\u00e9lules","og_description":"Si nous savons qu\u2019il est important d\u2019avoir une alimentation riche en vitamines et min\u00e9raux pour satisfaire les diff\u00e9rents besoins de l\u2019organisme, nos mauvaises habitudes alimentaires et la consommation d\u2019aliments appauvris ne suffisent pas toujours \u00e0 satisfaire ces besoins. Min\u00e9raux &amp; Multivitamines Beautysan\u00e9 vous apporte, \u00e0 juste dose, les vitamines et min\u00e9raux n\u00e9cessaires pour contrer les [&hellip;]","og_url":"https:\/\/beautysane.com\/dom\/boutique\/energy\/complexe-vitalite-60-gelules","og_site_name":"Beautysan\u00e9 - DOM","article_publisher":"https:\/\/www.facebook.com\/Beautysane\/","article_modified_time":"2026-04-15T02:24:15+00:00","og_image":[{"width":600,"height":600,"url":"https:\/\/beautysane.ams3.digitaloceanspaces.com\/wp-content\/uploads\/sites\/5\/2021\/09\/30115503\/CA004_BC-1.png","type":"image\/png"}],"twitter_card":"summary_large_image","twitter_misc":{"Prix":"32,13&euro;","Disponibilit\u00e9":"En stock"},"schema":{"@context":"https:\/\/schema.org","@graph":[{"@type":"WebPage","@id":"https:\/\/beautysane.com\/dom\/boutique\/energy\/complexe-vitalite-60-gelules","url":"https:\/\/beautysane.com\/dom\/boutique\/energy\/complexe-vitalite-60-gelules","name":"Complexe Vitalit\u00e9 - 60 g\u00e9lules - Beautysan\u00e9 - DOM","isPartOf":{"@id":"https:\/\/beautysane.com\/dom\/#website"},"primaryImageOfPage":{"@id":"https:\/\/beautysane.com\/dom\/boutique\/energy\/complexe-vitalite-60-gelules#primaryimage"},"image":{"@id":"https:\/\/beautysane.com\/dom\/boutique\/energy\/complexe-vitalite-60-gelules#primaryimage"},"thumbnailUrl":"https:\/\/beautysane.ams3.digitaloceanspaces.com\/wp-content\/uploads\/sites\/5\/2021\/09\/30115503\/CA004_BC-1.png","datePublished":"2023-10-05T13:03:20+00:00","dateModified":"2026-04-15T02:24:15+00:00","breadcrumb":{"@id":"https:\/\/beautysane.com\/dom\/boutique\/energy\/complexe-vitalite-60-gelules#breadcrumb"},"inLanguage":"fr-FR","potentialAction":[{"@type":"ReadAction","target":["https:\/\/beautysane.com\/dom\/boutique\/energy\/complexe-vitalite-60-gelules"]}]},{"@type":"ImageObject","inLanguage":"fr-FR","@id":"https:\/\/beautysane.com\/dom\/boutique\/energy\/complexe-vitalite-60-gelules#primaryimage","url":"https:\/\/beautysane.ams3.digitaloceanspaces.com\/wp-content\/uploads\/sites\/5\/2021\/09\/30115503\/CA004_BC-1.png","contentUrl":"https:\/\/beautysane.ams3.digitaloceanspaces.com\/wp-content\/uploads\/sites\/5\/2021\/09\/30115503\/CA004_BC-1.png","width":600,"height":600},{"@type":"BreadcrumbList","@id":"https:\/\/beautysane.com\/dom\/boutique\/energy\/complexe-vitalite-60-gelules#breadcrumb","itemListElement":[{"@type":"ListItem","position":1,"name":"Home","item":"https:\/\/beautysane.com\/dom"},{"@type":"ListItem","position":2,"name":"Boutique","item":"https:\/\/beautysane.com\/dom\/boutique"},{"@type":"ListItem","position":3,"name":"Complexe Vitalit\u00e9 &#8211; 60 g\u00e9lules"}]},{"@type":"WebSite","@id":"https:\/\/beautysane.com\/dom\/#website","url":"https:\/\/beautysane.com\/dom\/","name":"Beautysan\u00e9 - DOM","description":"Feed The Change","potentialAction":[{"@type":"SearchAction","target":{"@type":"EntryPoint","urlTemplate":"https:\/\/beautysane.com\/dom\/?s={search_term_string}"},"query-input":{"@type":"PropertyValueSpecification","valueRequired":true,"valueName":"search_term_string"}}],"inLanguage":"fr-FR"},false]},"product_price_amount":"32.13","product_price_currency":"EUR","og_availability":"instock","product_availability":"instock","product_retailer_item_id":"CA-2023-004-BC","product_condition":"new"},"yasr_visitor_votes":{"stars_attributes":{"read_only":true,"span_bottom":"<div class='yasr-small-block-bold'><span class='yasr-visitor-votes-must-sign-in'>Vous devez \u00eatre connect\u00e9 pour voter<\/span><\/div>"},"number_of_votes":0,"sum_votes":0},"_links":{"self":[{"href":"https:\/\/beautysane.com\/dom\/wp-json\/wp\/v2\/product\/95333","targetHints":{"allow":["GET"]}}],"collection":[{"href":"https:\/\/beautysane.com\/dom\/wp-json\/wp\/v2\/product"}],"about":[{"href":"https:\/\/beautysane.com\/dom\/wp-json\/wp\/v2\/types\/product"}],"replies":[{"embeddable":true,"href":"https:\/\/beautysane.com\/dom\/wp-json\/wp\/v2\/comments?post=95333"}],"wp:featuredmedia":[{"embeddable":true,"href":"https:\/\/beautysane.com\/dom\/wp-json\/wp\/v2\/media\/94933"}],"wp:attachment":[{"href":"https:\/\/beautysane.com\/dom\/wp-json\/wp\/v2\/media?parent=95333"}],"wp:term":[{"taxonomy":"product_brand","embeddable":true,"href":"https:\/\/beautysane.com\/dom\/wp-json\/wp\/v2\/product_brand?post=95333"},{"taxonomy":"product_cat","embeddable":true,"href":"https:\/\/beautysane.com\/dom\/wp-json\/wp\/v2\/product_cat?post=95333"},{"taxonomy":"product_tag","embeddable":true,"href":"https:\/\/beautysane.com\/dom\/wp-json\/wp\/v2\/product_tag?post=95333"}],"curies":[{"name":"wp","href":"https:\/\/api.w.org\/{rel}","templated":true}]}}