{"id":96147,"date":"2024-01-31T12:29:06","date_gmt":"2024-01-31T11:29:06","guid":{"rendered":"https:\/\/beautysane.com\/dom?post_type=product&#038;p=96147"},"modified":"2026-02-20T16:22:23","modified_gmt":"2026-02-20T15:22:23","slug":"programme-minceur-boost-new","status":"publish","type":"product","link":"https:\/\/beautysane.com\/dom\/boutique\/offres\/programme-minceur-boost-new","title":{"rendered":"Programme Minceur ou Equilibre 1 mois"},"content":{"rendered":"<p><strong>Envie de vous d\u00e9barrasser des kilos superflus ?<\/strong><\/p>\n<p>Beautysan\u00e9 propose un programme minceur, en rempla\u00e7ant 2 repas de votre journ\u00e9e (ex : le petit d\u00e9jeuner et le d\u00eener) par les substituts de repas Energy Diet (accompagn\u00e9s de l\u00e9gumes et\/ou d&#8217;un fruit frais).<br \/>\nTout au long de la journ\u00e9e, il est conseill\u00e9 de boire 1,5 \u00e0 2 litres de liquide (de l\u2019eau, bien s\u00fbr! et\/ou des th\u00e9s et tisanes).<br \/>\nLe troisi\u00e8me repas est le plus \u00e9quilibr\u00e9 possible : viande, poisson, oeufs ou l\u00e9gumes secs + f\u00e9culents \u00e0 base de c\u00e9r\u00e9ales compl\u00e8tes de pr\u00e9f\u00e9rence + l\u00e9gumes \u00e0 volont\u00e9 + 1 produit laitier. Limitez le plus possible les mati\u00e8res grasses et le sucre.<\/p>\n<p><b>Dans ce programme :<\/b><\/p>\n<ul>\n<li>4 substituts de repas au choix (ENERGY DIET 18 repas ou ASSORTIMENTS sucr\u00e9-sal\u00e9 16 repas ou ENERGY VEGAN boite m\u00e9tal 14 repas ou ENERGY DIET BARRES\u00a0 cacahu\u00e8te chocolat 14 barres) soit 56 \u00e0 72 repas<\/li>\n<li>2 compl\u00e9ment alimentaires ENERGY CARE au choix &#8211; soit 120 g\u00e9lules<\/li>\n<li>1 boisson drainante ENERGY DETOX au choix &#8211; 30 sticks<\/li>\n<\/ul>\n<p>&nbsp;<\/p>\n<p>&nbsp;<\/p>\n","protected":false},"excerpt":{"rendered":"<p>Envie de vous d\u00e9barrasser des kilos superflus ? Beautysan\u00e9 propose un programme minceur, en rempla\u00e7ant 2 repas de votre journ\u00e9e (ex : le petit d\u00e9jeuner et le d\u00eener) par les substituts de repas Energy Diet (accompagn\u00e9s de l\u00e9gumes et\/ou d&#8217;un fruit frais). Tout au long de la journ\u00e9e, il est conseill\u00e9 de boire 1,5 \u00e0 [&hellip;]<\/p>\n","protected":false},"featured_media":99394,"comment_status":"open","ping_status":"closed","template":"","meta":{"_acf_changed":false,"inline_featured_image":false,"yasr_overall_rating":0,"yasr_post_is_review":"","yasr_auto_insert_disabled":"","yasr_review_type":""},"product_brand":[],"product_cat":[156,647],"product_tag":[],"class_list":{"0":"post-96147","1":"product","2":"type-product","3":"status-publish","4":"has-post-thumbnail","6":"product_cat-offres","7":"product_cat-programmes","8":"pa_objectifs-bien-etre","9":"pa_objectifs-cuisine-bien-etre","10":"pa_objectifs-equilibre-alimentaire","11":"pa_objectifs-perte-de-poids","12":"has-subscription-plans","14":"first","15":"instock","16":"sale","17":"purchasable","18":"product-type-simple"},"acf":[],"yoast_head":"<!-- This site is optimized with the Yoast SEO Premium plugin v27.3 (Yoast SEO v27.3) - https:\/\/yoast.com\/product\/yoast-seo-premium-wordpress\/ -->\n<title>Programme Minceur ou Equilibre 1 mois - Beautysan\u00e9 - DOM<\/title>\n<meta name=\"robots\" content=\"index, follow, max-snippet:-1, max-image-preview:large, max-video-preview:-1\" \/>\n<link rel=\"canonical\" href=\"https:\/\/beautysane.com\/dom\/boutique\/offres\/programme-minceur-boost-new\" \/>\n<meta property=\"og:locale\" content=\"fr_FR\" \/>\n<meta property=\"og:type\" content=\"article\" \/>\n<meta property=\"og:title\" content=\"Programme Minceur ou Equilibre 1 mois\" \/>\n<meta property=\"og:description\" content=\"Envie de vous d\u00e9barrasser des kilos superflus ? Beautysan\u00e9 propose un programme minceur, en rempla\u00e7ant 2 repas de votre journ\u00e9e (ex : le petit d\u00e9jeuner et le d\u00eener) par les substituts de repas Energy Diet (accompagn\u00e9s de l\u00e9gumes et\/ou d&#8217;un fruit frais). Tout au long de la journ\u00e9e, il est conseill\u00e9 de boire 1,5 \u00e0 [&hellip;]\" \/>\n<meta property=\"og:url\" content=\"https:\/\/beautysane.com\/dom\/boutique\/offres\/programme-minceur-boost-new\" \/>\n<meta property=\"og:site_name\" content=\"Beautysan\u00e9 - DOM\" \/>\n<meta property=\"article:publisher\" content=\"https:\/\/www.facebook.com\/Beautysane\/\" \/>\n<meta property=\"article:modified_time\" content=\"2026-02-20T15:22:23+00:00\" \/>\n<meta property=\"og:image\" content=\"https:\/\/beautysane.ams3.digitaloceanspaces.com\/wp-content\/uploads\/sites\/5\/2024\/01\/20162213\/Programme-1-mois-1.png\" \/>\n\t<meta property=\"og:image:width\" content=\"1200\" \/>\n\t<meta property=\"og:image:height\" content=\"1200\" \/>\n\t<meta property=\"og:image:type\" content=\"image\/png\" \/>\n<meta name=\"twitter:card\" content=\"summary_large_image\" \/>\n<meta name=\"twitter:label1\" content=\"Prix\" \/>\n\t<meta name=\"twitter:data1\" content=\"283,00&euro;\" \/>\n\t<meta name=\"twitter:label2\" content=\"Disponibilit\u00e9\" \/>\n\t<meta name=\"twitter:data2\" content=\"En stock\" \/>\n<script type=\"application\/ld+json\" class=\"yoast-schema-graph\">{\"@context\":\"https:\\\/\\\/schema.org\",\"@graph\":[{\"@type\":\"WebPage\",\"@id\":\"https:\\\/\\\/beautysane.com\\\/dom\\\/boutique\\\/offres\\\/programme-minceur-boost-new\",\"url\":\"https:\\\/\\\/beautysane.com\\\/dom\\\/boutique\\\/offres\\\/programme-minceur-boost-new\",\"name\":\"Programme Minceur ou Equilibre 1 mois - Beautysan\u00e9 - DOM\",\"isPartOf\":{\"@id\":\"https:\\\/\\\/beautysane.com\\\/dom\\\/#website\"},\"primaryImageOfPage\":{\"@id\":\"https:\\\/\\\/beautysane.com\\\/dom\\\/boutique\\\/offres\\\/programme-minceur-boost-new#primaryimage\"},\"image\":{\"@id\":\"https:\\\/\\\/beautysane.com\\\/dom\\\/boutique\\\/offres\\\/programme-minceur-boost-new#primaryimage\"},\"thumbnailUrl\":\"https:\\\/\\\/beautysane.ams3.digitaloceanspaces.com\\\/wp-content\\\/uploads\\\/sites\\\/5\\\/2024\\\/01\\\/20162213\\\/Programme-1-mois-1.png\",\"datePublished\":\"2024-01-31T11:29:06+00:00\",\"dateModified\":\"2026-02-20T15:22:23+00:00\",\"breadcrumb\":{\"@id\":\"https:\\\/\\\/beautysane.com\\\/dom\\\/boutique\\\/offres\\\/programme-minceur-boost-new#breadcrumb\"},\"inLanguage\":\"fr-FR\",\"potentialAction\":[{\"@type\":\"ReadAction\",\"target\":[\"https:\\\/\\\/beautysane.com\\\/dom\\\/boutique\\\/offres\\\/programme-minceur-boost-new\"]}]},{\"@type\":\"ImageObject\",\"inLanguage\":\"fr-FR\",\"@id\":\"https:\\\/\\\/beautysane.com\\\/dom\\\/boutique\\\/offres\\\/programme-minceur-boost-new#primaryimage\",\"url\":\"https:\\\/\\\/beautysane.ams3.digitaloceanspaces.com\\\/wp-content\\\/uploads\\\/sites\\\/5\\\/2024\\\/01\\\/20162213\\\/Programme-1-mois-1.png\",\"contentUrl\":\"https:\\\/\\\/beautysane.ams3.digitaloceanspaces.com\\\/wp-content\\\/uploads\\\/sites\\\/5\\\/2024\\\/01\\\/20162213\\\/Programme-1-mois-1.png\",\"width\":1200,\"height\":1200},{\"@type\":\"BreadcrumbList\",\"@id\":\"https:\\\/\\\/beautysane.com\\\/dom\\\/boutique\\\/offres\\\/programme-minceur-boost-new#breadcrumb\",\"itemListElement\":[{\"@type\":\"ListItem\",\"position\":1,\"name\":\"Home\",\"item\":\"https:\\\/\\\/beautysane.com\\\/dom\"},{\"@type\":\"ListItem\",\"position\":2,\"name\":\"Boutique\",\"item\":\"https:\\\/\\\/beautysane.com\\\/dom\\\/boutique\"},{\"@type\":\"ListItem\",\"position\":3,\"name\":\"Programme Minceur ou Equilibre 1 mois\"}]},{\"@type\":\"WebSite\",\"@id\":\"https:\\\/\\\/beautysane.com\\\/dom\\\/#website\",\"url\":\"https:\\\/\\\/beautysane.com\\\/dom\\\/\",\"name\":\"Beautysan\u00e9 - DOM\",\"description\":\"Feed The Change\",\"potentialAction\":[{\"@type\":\"SearchAction\",\"target\":{\"@type\":\"EntryPoint\",\"urlTemplate\":\"https:\\\/\\\/beautysane.com\\\/dom\\\/?s={search_term_string}\"},\"query-input\":{\"@type\":\"PropertyValueSpecification\",\"valueRequired\":true,\"valueName\":\"search_term_string\"}}],\"inLanguage\":\"fr-FR\"},false]}<\/script>\n<meta property=\"product:price:amount\" content=\"283.00\" \/>\n<meta property=\"product:price:currency\" content=\"EUR\" \/>\n<meta property=\"og:availability\" content=\"instock\" \/>\n<meta property=\"product:availability\" content=\"instock\" \/>\n<meta property=\"product:retailer_item_id\" content=\"OD-2024-008-PK\" \/>\n<meta property=\"product:condition\" content=\"new\" \/>\n<!-- \/ Yoast SEO Premium plugin. -->","yoast_head_json":{"title":"Programme Minceur ou Equilibre 1 mois - Beautysan\u00e9 - DOM","robots":{"index":"index","follow":"follow","max-snippet":"max-snippet:-1","max-image-preview":"max-image-preview:large","max-video-preview":"max-video-preview:-1"},"canonical":"https:\/\/beautysane.com\/dom\/boutique\/offres\/programme-minceur-boost-new","og_locale":"fr_FR","og_type":"article","og_title":"Programme Minceur ou Equilibre 1 mois","og_description":"Envie de vous d\u00e9barrasser des kilos superflus ? Beautysan\u00e9 propose un programme minceur, en rempla\u00e7ant 2 repas de votre journ\u00e9e (ex : le petit d\u00e9jeuner et le d\u00eener) par les substituts de repas Energy Diet (accompagn\u00e9s de l\u00e9gumes et\/ou d&#8217;un fruit frais). Tout au long de la journ\u00e9e, il est conseill\u00e9 de boire 1,5 \u00e0 [&hellip;]","og_url":"https:\/\/beautysane.com\/dom\/boutique\/offres\/programme-minceur-boost-new","og_site_name":"Beautysan\u00e9 - DOM","article_publisher":"https:\/\/www.facebook.com\/Beautysane\/","article_modified_time":"2026-02-20T15:22:23+00:00","og_image":[{"width":1200,"height":1200,"url":"https:\/\/beautysane.ams3.digitaloceanspaces.com\/wp-content\/uploads\/sites\/5\/2024\/01\/20162213\/Programme-1-mois-1.png","type":"image\/png"}],"twitter_card":"summary_large_image","twitter_misc":{"Prix":"283,00&euro;","Disponibilit\u00e9":"En stock"},"schema":{"@context":"https:\/\/schema.org","@graph":[{"@type":"WebPage","@id":"https:\/\/beautysane.com\/dom\/boutique\/offres\/programme-minceur-boost-new","url":"https:\/\/beautysane.com\/dom\/boutique\/offres\/programme-minceur-boost-new","name":"Programme Minceur ou Equilibre 1 mois - Beautysan\u00e9 - DOM","isPartOf":{"@id":"https:\/\/beautysane.com\/dom\/#website"},"primaryImageOfPage":{"@id":"https:\/\/beautysane.com\/dom\/boutique\/offres\/programme-minceur-boost-new#primaryimage"},"image":{"@id":"https:\/\/beautysane.com\/dom\/boutique\/offres\/programme-minceur-boost-new#primaryimage"},"thumbnailUrl":"https:\/\/beautysane.ams3.digitaloceanspaces.com\/wp-content\/uploads\/sites\/5\/2024\/01\/20162213\/Programme-1-mois-1.png","datePublished":"2024-01-31T11:29:06+00:00","dateModified":"2026-02-20T15:22:23+00:00","breadcrumb":{"@id":"https:\/\/beautysane.com\/dom\/boutique\/offres\/programme-minceur-boost-new#breadcrumb"},"inLanguage":"fr-FR","potentialAction":[{"@type":"ReadAction","target":["https:\/\/beautysane.com\/dom\/boutique\/offres\/programme-minceur-boost-new"]}]},{"@type":"ImageObject","inLanguage":"fr-FR","@id":"https:\/\/beautysane.com\/dom\/boutique\/offres\/programme-minceur-boost-new#primaryimage","url":"https:\/\/beautysane.ams3.digitaloceanspaces.com\/wp-content\/uploads\/sites\/5\/2024\/01\/20162213\/Programme-1-mois-1.png","contentUrl":"https:\/\/beautysane.ams3.digitaloceanspaces.com\/wp-content\/uploads\/sites\/5\/2024\/01\/20162213\/Programme-1-mois-1.png","width":1200,"height":1200},{"@type":"BreadcrumbList","@id":"https:\/\/beautysane.com\/dom\/boutique\/offres\/programme-minceur-boost-new#breadcrumb","itemListElement":[{"@type":"ListItem","position":1,"name":"Home","item":"https:\/\/beautysane.com\/dom"},{"@type":"ListItem","position":2,"name":"Boutique","item":"https:\/\/beautysane.com\/dom\/boutique"},{"@type":"ListItem","position":3,"name":"Programme Minceur ou Equilibre 1 mois"}]},{"@type":"WebSite","@id":"https:\/\/beautysane.com\/dom\/#website","url":"https:\/\/beautysane.com\/dom\/","name":"Beautysan\u00e9 - DOM","description":"Feed The Change","potentialAction":[{"@type":"SearchAction","target":{"@type":"EntryPoint","urlTemplate":"https:\/\/beautysane.com\/dom\/?s={search_term_string}"},"query-input":{"@type":"PropertyValueSpecification","valueRequired":true,"valueName":"search_term_string"}}],"inLanguage":"fr-FR"},false]},"product_price_amount":"283.00","product_price_currency":"EUR","og_availability":"instock","product_availability":"instock","product_retailer_item_id":"OD-2024-008-PK","product_condition":"new"},"yasr_visitor_votes":{"stars_attributes":{"read_only":true,"span_bottom":"<div class='yasr-small-block-bold'><span class='yasr-visitor-votes-must-sign-in'>Vous devez \u00eatre connect\u00e9 pour voter<\/span><\/div>"},"number_of_votes":0,"sum_votes":0},"_links":{"self":[{"href":"https:\/\/beautysane.com\/dom\/wp-json\/wp\/v2\/product\/96147","targetHints":{"allow":["GET"]}}],"collection":[{"href":"https:\/\/beautysane.com\/dom\/wp-json\/wp\/v2\/product"}],"about":[{"href":"https:\/\/beautysane.com\/dom\/wp-json\/wp\/v2\/types\/product"}],"replies":[{"embeddable":true,"href":"https:\/\/beautysane.com\/dom\/wp-json\/wp\/v2\/comments?post=96147"}],"wp:featuredmedia":[{"embeddable":true,"href":"https:\/\/beautysane.com\/dom\/wp-json\/wp\/v2\/media\/99394"}],"wp:attachment":[{"href":"https:\/\/beautysane.com\/dom\/wp-json\/wp\/v2\/media?parent=96147"}],"wp:term":[{"taxonomy":"product_brand","embeddable":true,"href":"https:\/\/beautysane.com\/dom\/wp-json\/wp\/v2\/product_brand?post=96147"},{"taxonomy":"product_cat","embeddable":true,"href":"https:\/\/beautysane.com\/dom\/wp-json\/wp\/v2\/product_cat?post=96147"},{"taxonomy":"product_tag","embeddable":true,"href":"https:\/\/beautysane.com\/dom\/wp-json\/wp\/v2\/product_tag?post=96147"}],"curies":[{"name":"wp","href":"https:\/\/api.w.org\/{rel}","templated":true}]}}