{"id":97148,"date":"2024-07-03T13:31:48","date_gmt":"2024-07-03T11:31:48","guid":{"rendered":"https:\/\/beautysane.com\/dom?post_type=product&#038;p=97148"},"modified":"2026-04-15T02:54:17","modified_gmt":"2026-04-15T00:54:17","slug":"energy-drink-start-30-sticks","status":"publish","type":"product","link":"https:\/\/beautysane.com\/dom\/boutique\/energy\/energy-drink\/energy-drink-start-30-sticks","title":{"rendered":"Boisson Energy Drink Start &#8211; 30 sachets"},"content":{"rendered":"<p><span data-sheets-root=\"1\" data-sheets-value=\"{&quot;1&quot;:2,&quot;2&quot;:&quot;Boostez votre vitalit\u00e9 !\\n\\nEnergy Drink Start contient de la gel\u00e9e royale, 11 vitamines et un concentr\u00e9 de polyph\u00e9nols issus des v\u00e9g\u00e9taux (Oxxynea\u00ae) pour soutenir l\u2019immunit\u00e91, la protection cellulaire2, la performance mentale3 \u2026 Cette boisson du matin contient une pr\u00e9paration enzymatique Haute Digestibilit\u00e9 MAX et des pr\u00e9biotiques pour soutenir la flore intestinale. Enrichi en guarana3, Energy Drink Start vous donnera l\u2019\u00e9nergie n\u00e9cessaire pour relever tous les d\u00e9fis de la journ\u00e9e. Avec son d\u00e9licieux go\u00fbt d\u2019orange, offrez-vous un boost de vitalit\u00e9 ! Vous pouvez compl\u00e9ter votre routine bien-\u00eatre avec la boisson du soir Energy Drink Renew, riche en min\u00e9raux.\\n1Les vitamines A, B6, B9, B12 contribuent au fonctionnement normal du syst\u00e8me immunitaire, 2Les vitamines C, E contribuent \u00e0 prot\u00e9ger les cellules contre le stress oxydatif, 3Le guarana aide \u00e0 maintenir la vitalit\u00e9 physique et mentale.&quot;}\" data-sheets-userformat=\"{&quot;2&quot;:769,&quot;3&quot;:{&quot;1&quot;:0},&quot;11&quot;:4,&quot;12&quot;:0}\">Boostez votre vitalit\u00e9 !<\/span><\/p>\n<p>Energy Drink Start contient de la <strong>gel\u00e9e royale<\/strong>, <strong>11 vitamines<\/strong> et un concentr\u00e9 de <strong>polyph\u00e9nols<\/strong> issus des v\u00e9g\u00e9taux (Oxxynea\u00ae) pour soutenir l\u2019immunit\u00e9*, la protection cellulaire**, la performance mentale*** \u2026<\/p>\n<p><span data-sheets-root=\"1\" data-sheets-value=\"{&quot;1&quot;:2,&quot;2&quot;:&quot;Boostez votre vitalit\u00e9 !\\n\\nEnergy Drink Start contient de la gel\u00e9e royale, 11 vitamines et un concentr\u00e9 de polyph\u00e9nols issus des v\u00e9g\u00e9taux (Oxxynea\u00ae) pour soutenir l\u2019immunit\u00e91, la protection cellulaire2, la performance mentale3 \u2026 Cette boisson du matin contient une pr\u00e9paration enzymatique Haute Digestibilit\u00e9 MAX et des pr\u00e9biotiques pour soutenir la flore intestinale. Enrichi en guarana3, Energy Drink Start vous donnera l\u2019\u00e9nergie n\u00e9cessaire pour relever tous les d\u00e9fis de la journ\u00e9e. Avec son d\u00e9licieux go\u00fbt d\u2019orange, offrez-vous un boost de vitalit\u00e9 ! Vous pouvez compl\u00e9ter votre routine bien-\u00eatre avec la boisson du soir Energy Drink Renew, riche en min\u00e9raux.\\n1Les vitamines A, B6, B9, B12 contribuent au fonctionnement normal du syst\u00e8me immunitaire, 2Les vitamines C, E contribuent \u00e0 prot\u00e9ger les cellules contre le stress oxydatif, 3Le guarana aide \u00e0 maintenir la vitalit\u00e9 physique et mentale.&quot;}\" data-sheets-userformat=\"{&quot;2&quot;:769,&quot;3&quot;:{&quot;1&quot;:0},&quot;11&quot;:4,&quot;12&quot;:0}\">Cette boisson du matin contient une pr\u00e9paration enzymatique <strong>Haute Digestibilit\u00e9<\/strong> MAX et des pr\u00e9biotiques pour soutenir la flore intestinale. Enrichi en <strong>guarana<\/strong>***, Energy Drink Start vous donnera l\u2019<strong>\u00e9nergie<\/strong> n\u00e9cessaire pour relever tous les d\u00e9fis de la journ\u00e9e. Avec son d\u00e9licieux go\u00fbt d\u2019orange, offrez-vous un <strong>boost de vitalit\u00e9<\/strong> ! <\/span><\/p>\n<p><span data-sheets-root=\"1\" data-sheets-value=\"{&quot;1&quot;:2,&quot;2&quot;:&quot;Boostez votre vitalit\u00e9 !\\n\\nEnergy Drink Start contient de la gel\u00e9e royale, 11 vitamines et un concentr\u00e9 de polyph\u00e9nols issus des v\u00e9g\u00e9taux (Oxxynea\u00ae) pour soutenir l\u2019immunit\u00e91, la protection cellulaire2, la performance mentale3 \u2026 Cette boisson du matin contient une pr\u00e9paration enzymatique Haute Digestibilit\u00e9 MAX et des pr\u00e9biotiques pour soutenir la flore intestinale. Enrichi en guarana3, Energy Drink Start vous donnera l\u2019\u00e9nergie n\u00e9cessaire pour relever tous les d\u00e9fis de la journ\u00e9e. Avec son d\u00e9licieux go\u00fbt d\u2019orange, offrez-vous un boost de vitalit\u00e9 ! Vous pouvez compl\u00e9ter votre routine bien-\u00eatre avec la boisson du soir Energy Drink Renew, riche en min\u00e9raux.\\n1Les vitamines A, B6, B9, B12 contribuent au fonctionnement normal du syst\u00e8me immunitaire, 2Les vitamines C, E contribuent \u00e0 prot\u00e9ger les cellules contre le stress oxydatif, 3Le guarana aide \u00e0 maintenir la vitalit\u00e9 physique et mentale.&quot;}\" data-sheets-userformat=\"{&quot;2&quot;:769,&quot;3&quot;:{&quot;1&quot;:0},&quot;11&quot;:4,&quot;12&quot;:0}\">Vous pouvez compl\u00e9ter votre routine bien-\u00eatre avec la boisson du soir Energy Drink Renew, riche en min\u00e9raux.<\/span><\/p>\n<p>Vous voulez en savoir plus sur cette boisson extraordinaire ? T\u00e9l\u00e9chargez le <a href=\"https:\/\/documents.eat4good.fr\/base-documentaire\/FRANCE\/Distribution\/Livret_jour_nuit_light-valide.pdf\">livret complet ici<\/a>.<\/p>\n<p><span data-sheets-root=\"1\" data-sheets-value=\"{&quot;1&quot;:2,&quot;2&quot;:&quot;Boostez votre vitalit\u00e9 !\\n\\nEnergy Drink Start contient de la gel\u00e9e royale, 11 vitamines et un concentr\u00e9 de polyph\u00e9nols issus des v\u00e9g\u00e9taux (Oxxynea\u00ae) pour soutenir l\u2019immunit\u00e91, la protection cellulaire2, la performance mentale3 \u2026 Cette boisson du matin contient une pr\u00e9paration enzymatique Haute Digestibilit\u00e9 MAX et des pr\u00e9biotiques pour soutenir la flore intestinale. Enrichi en guarana3, Energy Drink Start vous donnera l\u2019\u00e9nergie n\u00e9cessaire pour relever tous les d\u00e9fis de la journ\u00e9e. Avec son d\u00e9licieux go\u00fbt d\u2019orange, offrez-vous un boost de vitalit\u00e9 ! Vous pouvez compl\u00e9ter votre routine bien-\u00eatre avec la boisson du soir Energy Drink Renew, riche en min\u00e9raux.\\n1Les vitamines A, B6, B9, B12 contribuent au fonctionnement normal du syst\u00e8me immunitaire, 2Les vitamines C, E contribuent \u00e0 prot\u00e9ger les cellules contre le stress oxydatif, 3Le guarana aide \u00e0 maintenir la vitalit\u00e9 physique et mentale.&quot;}\" data-sheets-userformat=\"{&quot;2&quot;:769,&quot;3&quot;:{&quot;1&quot;:0},&quot;11&quot;:4,&quot;12&quot;:0}\"><br \/>\n*Les vitamines A, B6, B9, B12 contribuent au fonctionnement normal du syst\u00e8me immunitaire, **Les vitamines C, E contribuent \u00e0 prot\u00e9ger les cellules contre le stress oxydatif, ***Le guarana aide \u00e0 maintenir la vitalit\u00e9 physique et mentale.<\/span><\/p>\n","protected":false},"excerpt":{"rendered":"<p>Boostez votre vitalit\u00e9 ! Energy Drink Start contient de la gel\u00e9e royale, 11 vitamines et un concentr\u00e9 de polyph\u00e9nols issus des v\u00e9g\u00e9taux (Oxxynea\u00ae) pour soutenir l\u2019immunit\u00e9*, la protection cellulaire**, la performance mentale*** \u2026 Cette boisson du matin contient une pr\u00e9paration enzymatique Haute Digestibilit\u00e9 MAX et des pr\u00e9biotiques pour soutenir la flore intestinale. Enrichi en guarana***, [&hellip;]<\/p>\n","protected":false},"featured_media":97315,"comment_status":"open","ping_status":"closed","template":"","meta":{"_acf_changed":false,"inline_featured_image":false,"yasr_overall_rating":0,"yasr_post_is_review":"","yasr_auto_insert_disabled":"","yasr_review_type":""},"product_brand":[],"product_cat":[166,617,612],"product_tag":[],"class_list":{"0":"post-97148","1":"product","2":"type-product","3":"status-publish","4":"has-post-thumbnail","6":"product_cat-energy-drink","7":"product_cat-energy","8":"product_cat-nouveautes","9":"pa_objectifs-bien-etre","10":"pa_objectifs-energie","11":"has-subscription-plans","13":"first","14":"instock","15":"purchasable","16":"product-type-simple"},"acf":[],"yoast_head":"<!-- This site is optimized with the Yoast SEO Premium plugin v27.3 (Yoast SEO v27.3) - https:\/\/yoast.com\/product\/yoast-seo-premium-wordpress\/ -->\n<title>Boisson Energy Drink Start - 30 sachets - Beautysan\u00e9 - DOM<\/title>\n<meta name=\"robots\" content=\"index, follow, max-snippet:-1, max-image-preview:large, max-video-preview:-1\" \/>\n<link rel=\"canonical\" href=\"https:\/\/beautysane.com\/dom\/boutique\/energy\/energy-drink\/energy-drink-start-30-sticks\" \/>\n<meta property=\"og:locale\" content=\"fr_FR\" \/>\n<meta property=\"og:type\" content=\"article\" \/>\n<meta property=\"og:title\" content=\"Boisson Energy Drink Start - 30 sachets\" \/>\n<meta property=\"og:description\" content=\"Boostez votre vitalit\u00e9 ! Energy Drink Start contient de la gel\u00e9e royale, 11 vitamines et un concentr\u00e9 de polyph\u00e9nols issus des v\u00e9g\u00e9taux (Oxxynea\u00ae) pour soutenir l\u2019immunit\u00e9*, la protection cellulaire**, la performance mentale*** \u2026 Cette boisson du matin contient une pr\u00e9paration enzymatique Haute Digestibilit\u00e9 MAX et des pr\u00e9biotiques pour soutenir la flore intestinale. Enrichi en guarana***, [&hellip;]\" \/>\n<meta property=\"og:url\" content=\"https:\/\/beautysane.com\/dom\/boutique\/energy\/energy-drink\/energy-drink-start-30-sticks\" \/>\n<meta property=\"og:site_name\" content=\"Beautysan\u00e9 - DOM\" \/>\n<meta property=\"article:publisher\" content=\"https:\/\/www.facebook.com\/Beautysane\/\" \/>\n<meta property=\"article:modified_time\" content=\"2026-04-15T00:54:17+00:00\" \/>\n<meta property=\"og:image\" content=\"https:\/\/beautysane.ams3.digitaloceanspaces.com\/wp-content\/uploads\/sites\/5\/2024\/07\/07164608\/BS010_BC-2.png\" \/>\n\t<meta property=\"og:image:width\" content=\"600\" \/>\n\t<meta property=\"og:image:height\" content=\"600\" \/>\n\t<meta property=\"og:image:type\" content=\"image\/png\" \/>\n<meta name=\"twitter:card\" content=\"summary_large_image\" \/>\n<meta name=\"twitter:label1\" content=\"Prix\" \/>\n\t<meta name=\"twitter:data1\" content=\"85,21&euro;\" \/>\n\t<meta name=\"twitter:label2\" content=\"Disponibilit\u00e9\" \/>\n\t<meta name=\"twitter:data2\" content=\"En stock\" \/>\n<script type=\"application\/ld+json\" class=\"yoast-schema-graph\">{\"@context\":\"https:\\\/\\\/schema.org\",\"@graph\":[{\"@type\":\"WebPage\",\"@id\":\"https:\\\/\\\/beautysane.com\\\/dom\\\/boutique\\\/energy\\\/energy-drink\\\/energy-drink-start-30-sticks\",\"url\":\"https:\\\/\\\/beautysane.com\\\/dom\\\/boutique\\\/energy\\\/energy-drink\\\/energy-drink-start-30-sticks\",\"name\":\"Boisson Energy Drink Start - 30 sachets - Beautysan\u00e9 - DOM\",\"isPartOf\":{\"@id\":\"https:\\\/\\\/beautysane.com\\\/dom\\\/#website\"},\"primaryImageOfPage\":{\"@id\":\"https:\\\/\\\/beautysane.com\\\/dom\\\/boutique\\\/energy\\\/energy-drink\\\/energy-drink-start-30-sticks#primaryimage\"},\"image\":{\"@id\":\"https:\\\/\\\/beautysane.com\\\/dom\\\/boutique\\\/energy\\\/energy-drink\\\/energy-drink-start-30-sticks#primaryimage\"},\"thumbnailUrl\":\"https:\\\/\\\/beautysane.ams3.digitaloceanspaces.com\\\/wp-content\\\/uploads\\\/sites\\\/5\\\/2024\\\/07\\\/07164608\\\/BS010_BC-2.png\",\"datePublished\":\"2024-07-03T11:31:48+00:00\",\"dateModified\":\"2026-04-15T00:54:17+00:00\",\"breadcrumb\":{\"@id\":\"https:\\\/\\\/beautysane.com\\\/dom\\\/boutique\\\/energy\\\/energy-drink\\\/energy-drink-start-30-sticks#breadcrumb\"},\"inLanguage\":\"fr-FR\",\"potentialAction\":[{\"@type\":\"ReadAction\",\"target\":[\"https:\\\/\\\/beautysane.com\\\/dom\\\/boutique\\\/energy\\\/energy-drink\\\/energy-drink-start-30-sticks\"]}]},{\"@type\":\"ImageObject\",\"inLanguage\":\"fr-FR\",\"@id\":\"https:\\\/\\\/beautysane.com\\\/dom\\\/boutique\\\/energy\\\/energy-drink\\\/energy-drink-start-30-sticks#primaryimage\",\"url\":\"https:\\\/\\\/beautysane.ams3.digitaloceanspaces.com\\\/wp-content\\\/uploads\\\/sites\\\/5\\\/2024\\\/07\\\/07164608\\\/BS010_BC-2.png\",\"contentUrl\":\"https:\\\/\\\/beautysane.ams3.digitaloceanspaces.com\\\/wp-content\\\/uploads\\\/sites\\\/5\\\/2024\\\/07\\\/07164608\\\/BS010_BC-2.png\",\"width\":600,\"height\":600},{\"@type\":\"BreadcrumbList\",\"@id\":\"https:\\\/\\\/beautysane.com\\\/dom\\\/boutique\\\/energy\\\/energy-drink\\\/energy-drink-start-30-sticks#breadcrumb\",\"itemListElement\":[{\"@type\":\"ListItem\",\"position\":1,\"name\":\"Home\",\"item\":\"https:\\\/\\\/beautysane.com\\\/dom\"},{\"@type\":\"ListItem\",\"position\":2,\"name\":\"Boutique\",\"item\":\"https:\\\/\\\/beautysane.com\\\/dom\\\/boutique\"},{\"@type\":\"ListItem\",\"position\":3,\"name\":\"Boisson Energy Drink Start &#8211; 30 sachets\"}]},{\"@type\":\"WebSite\",\"@id\":\"https:\\\/\\\/beautysane.com\\\/dom\\\/#website\",\"url\":\"https:\\\/\\\/beautysane.com\\\/dom\\\/\",\"name\":\"Beautysan\u00e9 - DOM\",\"description\":\"Feed The Change\",\"potentialAction\":[{\"@type\":\"SearchAction\",\"target\":{\"@type\":\"EntryPoint\",\"urlTemplate\":\"https:\\\/\\\/beautysane.com\\\/dom\\\/?s={search_term_string}\"},\"query-input\":{\"@type\":\"PropertyValueSpecification\",\"valueRequired\":true,\"valueName\":\"search_term_string\"}}],\"inLanguage\":\"fr-FR\"},false]}<\/script>\n<meta property=\"product:price:amount\" content=\"85.21\" \/>\n<meta property=\"product:price:currency\" content=\"EUR\" \/>\n<meta property=\"og:availability\" content=\"instock\" \/>\n<meta property=\"product:availability\" content=\"instock\" \/>\n<meta property=\"product:retailer_item_id\" content=\"BS-2024-010-BC\" \/>\n<meta property=\"product:condition\" content=\"new\" \/>\n<!-- \/ Yoast SEO Premium plugin. -->","yoast_head_json":{"title":"Boisson Energy Drink Start - 30 sachets - Beautysan\u00e9 - DOM","robots":{"index":"index","follow":"follow","max-snippet":"max-snippet:-1","max-image-preview":"max-image-preview:large","max-video-preview":"max-video-preview:-1"},"canonical":"https:\/\/beautysane.com\/dom\/boutique\/energy\/energy-drink\/energy-drink-start-30-sticks","og_locale":"fr_FR","og_type":"article","og_title":"Boisson Energy Drink Start - 30 sachets","og_description":"Boostez votre vitalit\u00e9 ! Energy Drink Start contient de la gel\u00e9e royale, 11 vitamines et un concentr\u00e9 de polyph\u00e9nols issus des v\u00e9g\u00e9taux (Oxxynea\u00ae) pour soutenir l\u2019immunit\u00e9*, la protection cellulaire**, la performance mentale*** \u2026 Cette boisson du matin contient une pr\u00e9paration enzymatique Haute Digestibilit\u00e9 MAX et des pr\u00e9biotiques pour soutenir la flore intestinale. Enrichi en guarana***, [&hellip;]","og_url":"https:\/\/beautysane.com\/dom\/boutique\/energy\/energy-drink\/energy-drink-start-30-sticks","og_site_name":"Beautysan\u00e9 - DOM","article_publisher":"https:\/\/www.facebook.com\/Beautysane\/","article_modified_time":"2026-04-15T00:54:17+00:00","og_image":[{"width":600,"height":600,"url":"https:\/\/beautysane.ams3.digitaloceanspaces.com\/wp-content\/uploads\/sites\/5\/2024\/07\/07164608\/BS010_BC-2.png","type":"image\/png"}],"twitter_card":"summary_large_image","twitter_misc":{"Prix":"85,21&euro;","Disponibilit\u00e9":"En stock"},"schema":{"@context":"https:\/\/schema.org","@graph":[{"@type":"WebPage","@id":"https:\/\/beautysane.com\/dom\/boutique\/energy\/energy-drink\/energy-drink-start-30-sticks","url":"https:\/\/beautysane.com\/dom\/boutique\/energy\/energy-drink\/energy-drink-start-30-sticks","name":"Boisson Energy Drink Start - 30 sachets - Beautysan\u00e9 - DOM","isPartOf":{"@id":"https:\/\/beautysane.com\/dom\/#website"},"primaryImageOfPage":{"@id":"https:\/\/beautysane.com\/dom\/boutique\/energy\/energy-drink\/energy-drink-start-30-sticks#primaryimage"},"image":{"@id":"https:\/\/beautysane.com\/dom\/boutique\/energy\/energy-drink\/energy-drink-start-30-sticks#primaryimage"},"thumbnailUrl":"https:\/\/beautysane.ams3.digitaloceanspaces.com\/wp-content\/uploads\/sites\/5\/2024\/07\/07164608\/BS010_BC-2.png","datePublished":"2024-07-03T11:31:48+00:00","dateModified":"2026-04-15T00:54:17+00:00","breadcrumb":{"@id":"https:\/\/beautysane.com\/dom\/boutique\/energy\/energy-drink\/energy-drink-start-30-sticks#breadcrumb"},"inLanguage":"fr-FR","potentialAction":[{"@type":"ReadAction","target":["https:\/\/beautysane.com\/dom\/boutique\/energy\/energy-drink\/energy-drink-start-30-sticks"]}]},{"@type":"ImageObject","inLanguage":"fr-FR","@id":"https:\/\/beautysane.com\/dom\/boutique\/energy\/energy-drink\/energy-drink-start-30-sticks#primaryimage","url":"https:\/\/beautysane.ams3.digitaloceanspaces.com\/wp-content\/uploads\/sites\/5\/2024\/07\/07164608\/BS010_BC-2.png","contentUrl":"https:\/\/beautysane.ams3.digitaloceanspaces.com\/wp-content\/uploads\/sites\/5\/2024\/07\/07164608\/BS010_BC-2.png","width":600,"height":600},{"@type":"BreadcrumbList","@id":"https:\/\/beautysane.com\/dom\/boutique\/energy\/energy-drink\/energy-drink-start-30-sticks#breadcrumb","itemListElement":[{"@type":"ListItem","position":1,"name":"Home","item":"https:\/\/beautysane.com\/dom"},{"@type":"ListItem","position":2,"name":"Boutique","item":"https:\/\/beautysane.com\/dom\/boutique"},{"@type":"ListItem","position":3,"name":"Boisson Energy Drink Start &#8211; 30 sachets"}]},{"@type":"WebSite","@id":"https:\/\/beautysane.com\/dom\/#website","url":"https:\/\/beautysane.com\/dom\/","name":"Beautysan\u00e9 - DOM","description":"Feed The Change","potentialAction":[{"@type":"SearchAction","target":{"@type":"EntryPoint","urlTemplate":"https:\/\/beautysane.com\/dom\/?s={search_term_string}"},"query-input":{"@type":"PropertyValueSpecification","valueRequired":true,"valueName":"search_term_string"}}],"inLanguage":"fr-FR"},false]},"product_price_amount":"85.21","product_price_currency":"EUR","og_availability":"instock","product_availability":"instock","product_retailer_item_id":"BS-2024-010-BC","product_condition":"new"},"yasr_visitor_votes":{"stars_attributes":{"read_only":true,"span_bottom":"<div class='yasr-small-block-bold'><span class='yasr-visitor-votes-must-sign-in'>Vous devez \u00eatre connect\u00e9 pour voter<\/span><\/div>"},"number_of_votes":0,"sum_votes":0},"_links":{"self":[{"href":"https:\/\/beautysane.com\/dom\/wp-json\/wp\/v2\/product\/97148","targetHints":{"allow":["GET"]}}],"collection":[{"href":"https:\/\/beautysane.com\/dom\/wp-json\/wp\/v2\/product"}],"about":[{"href":"https:\/\/beautysane.com\/dom\/wp-json\/wp\/v2\/types\/product"}],"replies":[{"embeddable":true,"href":"https:\/\/beautysane.com\/dom\/wp-json\/wp\/v2\/comments?post=97148"}],"wp:featuredmedia":[{"embeddable":true,"href":"https:\/\/beautysane.com\/dom\/wp-json\/wp\/v2\/media\/97315"}],"wp:attachment":[{"href":"https:\/\/beautysane.com\/dom\/wp-json\/wp\/v2\/media?parent=97148"}],"wp:term":[{"taxonomy":"product_brand","embeddable":true,"href":"https:\/\/beautysane.com\/dom\/wp-json\/wp\/v2\/product_brand?post=97148"},{"taxonomy":"product_cat","embeddable":true,"href":"https:\/\/beautysane.com\/dom\/wp-json\/wp\/v2\/product_cat?post=97148"},{"taxonomy":"product_tag","embeddable":true,"href":"https:\/\/beautysane.com\/dom\/wp-json\/wp\/v2\/product_tag?post=97148"}],"curies":[{"name":"wp","href":"https:\/\/api.w.org\/{rel}","templated":true}]}}