{"id":97151,"date":"2024-07-03T13:40:04","date_gmt":"2024-07-03T11:40:04","guid":{"rendered":"https:\/\/beautysane.com\/dom?post_type=product&#038;p=97151"},"modified":"2026-04-15T02:54:17","modified_gmt":"2026-04-15T00:54:17","slug":"energy-drink-renew-30-sticks","status":"publish","type":"product","link":"https:\/\/beautysane.com\/dom\/boutique\/energy\/energy-drink\/energy-drink-renew-30-sticks","title":{"rendered":"Boisson Energy Drink Renew &#8211; 30 sticks"},"content":{"rendered":"<p><span data-sheets-root=\"1\" data-sheets-value=\"{&quot;1&quot;:2,&quot;2&quot;:&quot;D\u00e9tendez-vous, on s\u2019occupe de tout\\n\\nEnergy Drink Renew est parfaite pour revitaliser votre corps avec son m\u00e9lange unique de 9 min\u00e9raux. La vitamine D, le calcium et le phosphore soutiennent la sant\u00e9 osseuse1 et le zinc contribue \u00e0 un m\u00e9tabolisme acido-basique normal. Cette boisson au bon go\u00fbt de fruits rouges est un excellent moyen de lutter naturellement contre le stress gr\u00e2ce \u00e0 la m\u00e9lisse qui favorise la relaxation, ainsi qu\u2019au cuivre et magn\u00e9sium qui contribuent au fonctionnement normal du syst\u00e8me nerveux. Cette boisson est id\u00e9ale pour se d\u00e9tendre le soir ! Cette boisson est id\u00e9ale pour se d\u00e9tendre le soir ! Vous pouvez compl\u00e9ter votre routine bien-\u00eatre avec la boisson du matin Energy Drink Start, riche en vitamines et polyph\u00e9nols.\\n\\n1La vitamine D, le calcium et le phosphore contribuent au maintien d\u2019une ossature normale.&quot;}\" data-sheets-userformat=\"{&quot;2&quot;:769,&quot;3&quot;:{&quot;1&quot;:0},&quot;11&quot;:4,&quot;12&quot;:0}\">D\u00e9tendez-vous, on s\u2019occupe de tout<\/span><\/p>\n<p>Energy Drink Renew est parfaite pour<strong> revitaliser<\/strong> votre corps avec son m\u00e9lange unique de <strong>9 min\u00e9raux<\/strong>. La <strong>vitamine D<\/strong>, le calcium et le phosphore soutiennent la <strong>sant\u00e9 osseuse<\/strong>* et le zinc contribue \u00e0 un <strong>m\u00e9tabolisme acido-basique normal<\/strong>. Cette boisson au bon go\u00fbt de fruits rouges est un excellent moyen de lutter naturellement contre le stress gr\u00e2ce \u00e0 la <strong>m\u00e9lisse<\/strong> qui favorise la<strong> relaxation<\/strong>, ainsi qu\u2019au <strong>cuivre et magn\u00e9sium<\/strong> qui contribuent au fonctionnement normal du syst\u00e8me nerveux. Cette boisson est id\u00e9ale pour <strong>se d\u00e9tendre le soir<\/strong> !<\/p>\n<p><span data-sheets-root=\"1\" data-sheets-value=\"{&quot;1&quot;:2,&quot;2&quot;:&quot;D\u00e9tendez-vous, on s\u2019occupe de tout\\n\\nEnergy Drink Renew est parfaite pour revitaliser votre corps avec son m\u00e9lange unique de 9 min\u00e9raux. La vitamine D, le calcium et le phosphore soutiennent la sant\u00e9 osseuse1 et le zinc contribue \u00e0 un m\u00e9tabolisme acido-basique normal. Cette boisson au bon go\u00fbt de fruits rouges est un excellent moyen de lutter naturellement contre le stress gr\u00e2ce \u00e0 la m\u00e9lisse qui favorise la relaxation, ainsi qu\u2019au cuivre et magn\u00e9sium qui contribuent au fonctionnement normal du syst\u00e8me nerveux. Cette boisson est id\u00e9ale pour se d\u00e9tendre le soir ! Cette boisson est id\u00e9ale pour se d\u00e9tendre le soir ! Vous pouvez compl\u00e9ter votre routine bien-\u00eatre avec la boisson du matin Energy Drink Start, riche en vitamines et polyph\u00e9nols.\\n\\n1La vitamine D, le calcium et le phosphore contribuent au maintien d\u2019une ossature normale.&quot;}\" data-sheets-userformat=\"{&quot;2&quot;:769,&quot;3&quot;:{&quot;1&quot;:0},&quot;11&quot;:4,&quot;12&quot;:0}\">Vous pouvez compl\u00e9ter votre routine bien-\u00eatre avec la boisson du matin Energy Drink Start, riche en vitamines et polyph\u00e9nols.<\/span><\/p>\n<p>Vous voulez en savoir plus sur cette boisson extraordinaire ? T\u00e9l\u00e9chargez le <a href=\"https:\/\/documents.eat4good.fr\/base-documentaire\/FRANCE\/Distribution\/Livret_jour_nuit_light-valide.pdf\">livret complet ici<\/a>.<\/p>\n<p>*La vitamine D, le calcium et le phosphore contribuent au maintien d\u2019une ossature normale.<\/p>\n","protected":false},"excerpt":{"rendered":"<p>D\u00e9tendez-vous, on s\u2019occupe de tout Energy Drink Renew est parfaite pour revitaliser votre corps avec son m\u00e9lange unique de 9 min\u00e9raux. La vitamine D, le calcium et le phosphore soutiennent la sant\u00e9 osseuse* et le zinc contribue \u00e0 un m\u00e9tabolisme acido-basique normal. Cette boisson au bon go\u00fbt de fruits rouges est un excellent moyen de [&hellip;]<\/p>\n","protected":false},"featured_media":97290,"comment_status":"open","ping_status":"closed","template":"","meta":{"_acf_changed":false,"inline_featured_image":false,"yasr_overall_rating":0,"yasr_post_is_review":"","yasr_auto_insert_disabled":"","yasr_review_type":""},"product_brand":[],"product_cat":[166,617,612],"product_tag":[],"class_list":{"0":"post-97151","1":"product","2":"type-product","3":"status-publish","4":"has-post-thumbnail","6":"product_cat-energy-drink","7":"product_cat-energy","8":"product_cat-nouveautes","9":"pa_objectifs-bien-etre","10":"pa_objectifs-relaxation","11":"has-subscription-plans","13":"first","14":"instock","15":"purchasable","16":"product-type-simple"},"acf":[],"yoast_head":"<!-- This site is optimized with the Yoast SEO Premium plugin v27.3 (Yoast SEO v27.3) - https:\/\/yoast.com\/product\/yoast-seo-premium-wordpress\/ -->\n<title>Boisson Energy Drink Renew - 30 sticks - Beautysan\u00e9 - DOM<\/title>\n<meta name=\"robots\" content=\"index, follow, max-snippet:-1, max-image-preview:large, max-video-preview:-1\" \/>\n<link rel=\"canonical\" href=\"https:\/\/beautysane.com\/dom\/boutique\/energy\/energy-drink\/energy-drink-renew-30-sticks\" \/>\n<meta property=\"og:locale\" content=\"fr_FR\" \/>\n<meta property=\"og:type\" content=\"article\" \/>\n<meta property=\"og:title\" content=\"Boisson Energy Drink Renew - 30 sticks\" \/>\n<meta property=\"og:description\" content=\"D\u00e9tendez-vous, on s\u2019occupe de tout Energy Drink Renew est parfaite pour revitaliser votre corps avec son m\u00e9lange unique de 9 min\u00e9raux. La vitamine D, le calcium et le phosphore soutiennent la sant\u00e9 osseuse* et le zinc contribue \u00e0 un m\u00e9tabolisme acido-basique normal. Cette boisson au bon go\u00fbt de fruits rouges est un excellent moyen de [&hellip;]\" \/>\n<meta property=\"og:url\" content=\"https:\/\/beautysane.com\/dom\/boutique\/energy\/energy-drink\/energy-drink-renew-30-sticks\" \/>\n<meta property=\"og:site_name\" content=\"Beautysan\u00e9 - DOM\" \/>\n<meta property=\"article:publisher\" content=\"https:\/\/www.facebook.com\/Beautysane\/\" \/>\n<meta property=\"article:modified_time\" content=\"2026-04-15T00:54:17+00:00\" \/>\n<meta property=\"og:image\" content=\"https:\/\/beautysane.ams3.digitaloceanspaces.com\/wp-content\/uploads\/sites\/5\/2024\/07\/07164557\/BS011_BC-2.png\" \/>\n\t<meta property=\"og:image:width\" content=\"600\" \/>\n\t<meta property=\"og:image:height\" content=\"600\" \/>\n\t<meta property=\"og:image:type\" content=\"image\/png\" \/>\n<meta name=\"twitter:card\" content=\"summary_large_image\" \/>\n<meta name=\"twitter:label1\" content=\"Prix\" \/>\n\t<meta name=\"twitter:data1\" content=\"47,30&euro;\" \/>\n\t<meta name=\"twitter:label2\" content=\"Disponibilit\u00e9\" \/>\n\t<meta name=\"twitter:data2\" content=\"En stock\" \/>\n<script type=\"application\/ld+json\" class=\"yoast-schema-graph\">{\"@context\":\"https:\\\/\\\/schema.org\",\"@graph\":[{\"@type\":\"WebPage\",\"@id\":\"https:\\\/\\\/beautysane.com\\\/dom\\\/boutique\\\/energy\\\/energy-drink\\\/energy-drink-renew-30-sticks\",\"url\":\"https:\\\/\\\/beautysane.com\\\/dom\\\/boutique\\\/energy\\\/energy-drink\\\/energy-drink-renew-30-sticks\",\"name\":\"Boisson Energy Drink Renew - 30 sticks - Beautysan\u00e9 - DOM\",\"isPartOf\":{\"@id\":\"https:\\\/\\\/beautysane.com\\\/dom\\\/#website\"},\"primaryImageOfPage\":{\"@id\":\"https:\\\/\\\/beautysane.com\\\/dom\\\/boutique\\\/energy\\\/energy-drink\\\/energy-drink-renew-30-sticks#primaryimage\"},\"image\":{\"@id\":\"https:\\\/\\\/beautysane.com\\\/dom\\\/boutique\\\/energy\\\/energy-drink\\\/energy-drink-renew-30-sticks#primaryimage\"},\"thumbnailUrl\":\"https:\\\/\\\/beautysane.ams3.digitaloceanspaces.com\\\/wp-content\\\/uploads\\\/sites\\\/5\\\/2024\\\/07\\\/07164557\\\/BS011_BC-2.png\",\"datePublished\":\"2024-07-03T11:40:04+00:00\",\"dateModified\":\"2026-04-15T00:54:17+00:00\",\"breadcrumb\":{\"@id\":\"https:\\\/\\\/beautysane.com\\\/dom\\\/boutique\\\/energy\\\/energy-drink\\\/energy-drink-renew-30-sticks#breadcrumb\"},\"inLanguage\":\"fr-FR\",\"potentialAction\":[{\"@type\":\"ReadAction\",\"target\":[\"https:\\\/\\\/beautysane.com\\\/dom\\\/boutique\\\/energy\\\/energy-drink\\\/energy-drink-renew-30-sticks\"]}]},{\"@type\":\"ImageObject\",\"inLanguage\":\"fr-FR\",\"@id\":\"https:\\\/\\\/beautysane.com\\\/dom\\\/boutique\\\/energy\\\/energy-drink\\\/energy-drink-renew-30-sticks#primaryimage\",\"url\":\"https:\\\/\\\/beautysane.ams3.digitaloceanspaces.com\\\/wp-content\\\/uploads\\\/sites\\\/5\\\/2024\\\/07\\\/07164557\\\/BS011_BC-2.png\",\"contentUrl\":\"https:\\\/\\\/beautysane.ams3.digitaloceanspaces.com\\\/wp-content\\\/uploads\\\/sites\\\/5\\\/2024\\\/07\\\/07164557\\\/BS011_BC-2.png\",\"width\":600,\"height\":600},{\"@type\":\"BreadcrumbList\",\"@id\":\"https:\\\/\\\/beautysane.com\\\/dom\\\/boutique\\\/energy\\\/energy-drink\\\/energy-drink-renew-30-sticks#breadcrumb\",\"itemListElement\":[{\"@type\":\"ListItem\",\"position\":1,\"name\":\"Home\",\"item\":\"https:\\\/\\\/beautysane.com\\\/dom\"},{\"@type\":\"ListItem\",\"position\":2,\"name\":\"Boutique\",\"item\":\"https:\\\/\\\/beautysane.com\\\/dom\\\/boutique\"},{\"@type\":\"ListItem\",\"position\":3,\"name\":\"Boisson Energy Drink Renew &#8211; 30 sticks\"}]},{\"@type\":\"WebSite\",\"@id\":\"https:\\\/\\\/beautysane.com\\\/dom\\\/#website\",\"url\":\"https:\\\/\\\/beautysane.com\\\/dom\\\/\",\"name\":\"Beautysan\u00e9 - DOM\",\"description\":\"Feed The Change\",\"potentialAction\":[{\"@type\":\"SearchAction\",\"target\":{\"@type\":\"EntryPoint\",\"urlTemplate\":\"https:\\\/\\\/beautysane.com\\\/dom\\\/?s={search_term_string}\"},\"query-input\":{\"@type\":\"PropertyValueSpecification\",\"valueRequired\":true,\"valueName\":\"search_term_string\"}}],\"inLanguage\":\"fr-FR\"},false]}<\/script>\n<meta property=\"product:price:amount\" content=\"47.30\" \/>\n<meta property=\"product:price:currency\" content=\"EUR\" \/>\n<meta property=\"og:availability\" content=\"instock\" \/>\n<meta property=\"product:availability\" content=\"instock\" \/>\n<meta property=\"product:retailer_item_id\" content=\"BS-2024-011-BC\" \/>\n<meta property=\"product:condition\" content=\"new\" \/>\n<!-- \/ Yoast SEO Premium plugin. -->","yoast_head_json":{"title":"Boisson Energy Drink Renew - 30 sticks - Beautysan\u00e9 - DOM","robots":{"index":"index","follow":"follow","max-snippet":"max-snippet:-1","max-image-preview":"max-image-preview:large","max-video-preview":"max-video-preview:-1"},"canonical":"https:\/\/beautysane.com\/dom\/boutique\/energy\/energy-drink\/energy-drink-renew-30-sticks","og_locale":"fr_FR","og_type":"article","og_title":"Boisson Energy Drink Renew - 30 sticks","og_description":"D\u00e9tendez-vous, on s\u2019occupe de tout Energy Drink Renew est parfaite pour revitaliser votre corps avec son m\u00e9lange unique de 9 min\u00e9raux. La vitamine D, le calcium et le phosphore soutiennent la sant\u00e9 osseuse* et le zinc contribue \u00e0 un m\u00e9tabolisme acido-basique normal. Cette boisson au bon go\u00fbt de fruits rouges est un excellent moyen de [&hellip;]","og_url":"https:\/\/beautysane.com\/dom\/boutique\/energy\/energy-drink\/energy-drink-renew-30-sticks","og_site_name":"Beautysan\u00e9 - DOM","article_publisher":"https:\/\/www.facebook.com\/Beautysane\/","article_modified_time":"2026-04-15T00:54:17+00:00","og_image":[{"width":600,"height":600,"url":"https:\/\/beautysane.ams3.digitaloceanspaces.com\/wp-content\/uploads\/sites\/5\/2024\/07\/07164557\/BS011_BC-2.png","type":"image\/png"}],"twitter_card":"summary_large_image","twitter_misc":{"Prix":"47,30&euro;","Disponibilit\u00e9":"En stock"},"schema":{"@context":"https:\/\/schema.org","@graph":[{"@type":"WebPage","@id":"https:\/\/beautysane.com\/dom\/boutique\/energy\/energy-drink\/energy-drink-renew-30-sticks","url":"https:\/\/beautysane.com\/dom\/boutique\/energy\/energy-drink\/energy-drink-renew-30-sticks","name":"Boisson Energy Drink Renew - 30 sticks - Beautysan\u00e9 - DOM","isPartOf":{"@id":"https:\/\/beautysane.com\/dom\/#website"},"primaryImageOfPage":{"@id":"https:\/\/beautysane.com\/dom\/boutique\/energy\/energy-drink\/energy-drink-renew-30-sticks#primaryimage"},"image":{"@id":"https:\/\/beautysane.com\/dom\/boutique\/energy\/energy-drink\/energy-drink-renew-30-sticks#primaryimage"},"thumbnailUrl":"https:\/\/beautysane.ams3.digitaloceanspaces.com\/wp-content\/uploads\/sites\/5\/2024\/07\/07164557\/BS011_BC-2.png","datePublished":"2024-07-03T11:40:04+00:00","dateModified":"2026-04-15T00:54:17+00:00","breadcrumb":{"@id":"https:\/\/beautysane.com\/dom\/boutique\/energy\/energy-drink\/energy-drink-renew-30-sticks#breadcrumb"},"inLanguage":"fr-FR","potentialAction":[{"@type":"ReadAction","target":["https:\/\/beautysane.com\/dom\/boutique\/energy\/energy-drink\/energy-drink-renew-30-sticks"]}]},{"@type":"ImageObject","inLanguage":"fr-FR","@id":"https:\/\/beautysane.com\/dom\/boutique\/energy\/energy-drink\/energy-drink-renew-30-sticks#primaryimage","url":"https:\/\/beautysane.ams3.digitaloceanspaces.com\/wp-content\/uploads\/sites\/5\/2024\/07\/07164557\/BS011_BC-2.png","contentUrl":"https:\/\/beautysane.ams3.digitaloceanspaces.com\/wp-content\/uploads\/sites\/5\/2024\/07\/07164557\/BS011_BC-2.png","width":600,"height":600},{"@type":"BreadcrumbList","@id":"https:\/\/beautysane.com\/dom\/boutique\/energy\/energy-drink\/energy-drink-renew-30-sticks#breadcrumb","itemListElement":[{"@type":"ListItem","position":1,"name":"Home","item":"https:\/\/beautysane.com\/dom"},{"@type":"ListItem","position":2,"name":"Boutique","item":"https:\/\/beautysane.com\/dom\/boutique"},{"@type":"ListItem","position":3,"name":"Boisson Energy Drink Renew &#8211; 30 sticks"}]},{"@type":"WebSite","@id":"https:\/\/beautysane.com\/dom\/#website","url":"https:\/\/beautysane.com\/dom\/","name":"Beautysan\u00e9 - DOM","description":"Feed The Change","potentialAction":[{"@type":"SearchAction","target":{"@type":"EntryPoint","urlTemplate":"https:\/\/beautysane.com\/dom\/?s={search_term_string}"},"query-input":{"@type":"PropertyValueSpecification","valueRequired":true,"valueName":"search_term_string"}}],"inLanguage":"fr-FR"},false]},"product_price_amount":"47.30","product_price_currency":"EUR","og_availability":"instock","product_availability":"instock","product_retailer_item_id":"BS-2024-011-BC","product_condition":"new"},"yasr_visitor_votes":{"stars_attributes":{"read_only":true,"span_bottom":"<div class='yasr-small-block-bold'><span class='yasr-visitor-votes-must-sign-in'>Vous devez \u00eatre connect\u00e9 pour voter<\/span><\/div>"},"number_of_votes":0,"sum_votes":0},"_links":{"self":[{"href":"https:\/\/beautysane.com\/dom\/wp-json\/wp\/v2\/product\/97151","targetHints":{"allow":["GET"]}}],"collection":[{"href":"https:\/\/beautysane.com\/dom\/wp-json\/wp\/v2\/product"}],"about":[{"href":"https:\/\/beautysane.com\/dom\/wp-json\/wp\/v2\/types\/product"}],"replies":[{"embeddable":true,"href":"https:\/\/beautysane.com\/dom\/wp-json\/wp\/v2\/comments?post=97151"}],"wp:featuredmedia":[{"embeddable":true,"href":"https:\/\/beautysane.com\/dom\/wp-json\/wp\/v2\/media\/97290"}],"wp:attachment":[{"href":"https:\/\/beautysane.com\/dom\/wp-json\/wp\/v2\/media?parent=97151"}],"wp:term":[{"taxonomy":"product_brand","embeddable":true,"href":"https:\/\/beautysane.com\/dom\/wp-json\/wp\/v2\/product_brand?post=97151"},{"taxonomy":"product_cat","embeddable":true,"href":"https:\/\/beautysane.com\/dom\/wp-json\/wp\/v2\/product_cat?post=97151"},{"taxonomy":"product_tag","embeddable":true,"href":"https:\/\/beautysane.com\/dom\/wp-json\/wp\/v2\/product_tag?post=97151"}],"curies":[{"name":"wp","href":"https:\/\/api.w.org\/{rel}","templated":true}]}}