{"id":98430,"date":"2025-04-24T16:13:33","date_gmt":"2025-04-24T14:13:33","guid":{"rendered":"https:\/\/beautysane.com\/dom?post_type=product&#038;p=98430"},"modified":"2026-04-15T02:54:28","modified_gmt":"2026-04-15T00:54:28","slug":"soup-dahl-de-lentilles-15-repas","status":"publish","type":"product","link":"https:\/\/beautysane.com\/dom\/boutique\/nouveautes\/soup-dahl-de-lentilles-15-repas","title":{"rendered":"Repas l\u00e9gers Soup dahl de lentilles &#8211; 15 repas"},"content":{"rendered":"<p>Laissez-vous emporter par cette recette v\u00e9g\u00e9tarienne aux <strong>saveurs indiennes<\/strong>, aussi r\u00e9confortante qu\u2019originale. Une alliance savoureuse de <strong>lentilles fondantes<\/strong>, de <strong>curry parfum\u00e9<\/strong> et d\u2019une<strong> touche de gingembre<\/strong> pour une note subtilement relev\u00e9e. Une soupe dans l\u2019air du temps, pleine de go\u00fbt, id\u00e9ale pour un <strong>repas sain<\/strong> et d\u00e9paysant.<\/p>\n<p>Energy Diet <strong>Soupe Dahl de lentilles<\/strong> est un repas l\u00e9ger et \u00e9quilibr\u00e9 qui garantit \u00e0 la fois<b data-stringify-type=\"bold\">\u00a0plaisir gustatif et apports nutritionnels,<\/b>\u00a0pour \u00e9viter toute carence (prot\u00e9ines, lipides, glucides, fibres, omega3, vitamines et min\u00e9raux). Cette soupe est\u00a0<b data-stringify-type=\"bold\">rassasiante, digeste<\/b>\u00a0et convient aux personnes qui souhaitent\u00a0<b data-stringify-type=\"bold\">perdre et\/ou contr\u00f4ler leur poids.<\/b><\/p>\n","protected":false},"excerpt":{"rendered":"<p>visible<\/p>\n","protected":false},"featured_media":98465,"comment_status":"open","ping_status":"closed","template":"","meta":{"_acf_changed":false,"inline_featured_image":false,"yasr_overall_rating":0,"yasr_post_is_review":"","yasr_auto_insert_disabled":"","yasr_review_type":""},"product_brand":[],"product_cat":[92,617,612],"product_tag":[57,80,58,479,29,30,55],"class_list":{"0":"post-98430","1":"product","2":"type-product","3":"status-publish","4":"has-post-thumbnail","6":"product_cat-energy-diet","7":"product_cat-energy","8":"product_cat-nouveautes","9":"product_tag-23-vitamines-et-mineraux","10":"product_tag-boite-recyclable","11":"product_tag-haute-digestibilite-hd","12":"product_tag-riche-en-proteines","13":"product_tag-sans-gluten","14":"product_tag-sans-ogm","15":"product_tag-veggie","16":"pa_objectifs-cuisine-bien-etre","17":"pa_objectifs-energie","18":"pa_objectifs-equilibre-alimentaire","19":"pa_objectifs-perte-de-poids","20":"has-subscription-plans","22":"first","23":"instock","24":"purchasable","25":"product-type-simple"},"acf":[],"yoast_head":"<!-- This site is optimized with the Yoast SEO Premium plugin v27.3 (Yoast SEO v27.3) - https:\/\/yoast.com\/product\/yoast-seo-premium-wordpress\/ -->\n<title>Repas l\u00e9gers Soup dahl de lentilles - 15 repas - Beautysan\u00e9 - DOM<\/title>\n<meta name=\"robots\" content=\"index, follow, max-snippet:-1, max-image-preview:large, max-video-preview:-1\" \/>\n<link rel=\"canonical\" href=\"https:\/\/beautysane.com\/dom\/boutique\/nouveautes\/soup-dahl-de-lentilles-15-repas\" \/>\n<meta property=\"og:locale\" content=\"fr_FR\" \/>\n<meta property=\"og:type\" content=\"article\" \/>\n<meta property=\"og:title\" content=\"Repas l\u00e9gers Soup dahl de lentilles - 15 repas\" \/>\n<meta property=\"og:description\" content=\"visible\" \/>\n<meta property=\"og:url\" content=\"https:\/\/beautysane.com\/dom\/boutique\/nouveautes\/soup-dahl-de-lentilles-15-repas\" \/>\n<meta property=\"og:site_name\" content=\"Beautysan\u00e9 - DOM\" \/>\n<meta property=\"article:publisher\" content=\"https:\/\/www.facebook.com\/Beautysane\/\" \/>\n<meta property=\"article:modified_time\" content=\"2026-04-15T00:54:28+00:00\" \/>\n<meta property=\"og:image\" content=\"https:\/\/beautysane.ams3.digitaloceanspaces.com\/wp-content\/uploads\/sites\/5\/2025\/04\/06095028\/ed-dahl-lentilles-1.png\" \/>\n\t<meta property=\"og:image:width\" content=\"600\" \/>\n\t<meta property=\"og:image:height\" content=\"600\" \/>\n\t<meta property=\"og:image:type\" content=\"image\/png\" \/>\n<meta name=\"twitter:card\" content=\"summary_large_image\" \/>\n<meta name=\"twitter:label1\" content=\"Prix\" \/>\n\t<meta name=\"twitter:data1\" content=\"47,30&euro;\" \/>\n\t<meta name=\"twitter:label2\" content=\"Disponibilit\u00e9\" \/>\n\t<meta name=\"twitter:data2\" content=\"En stock\" \/>\n<script type=\"application\/ld+json\" class=\"yoast-schema-graph\">{\"@context\":\"https:\\\/\\\/schema.org\",\"@graph\":[{\"@type\":\"WebPage\",\"@id\":\"https:\\\/\\\/beautysane.com\\\/dom\\\/boutique\\\/nouveautes\\\/soup-dahl-de-lentilles-15-repas\",\"url\":\"https:\\\/\\\/beautysane.com\\\/dom\\\/boutique\\\/nouveautes\\\/soup-dahl-de-lentilles-15-repas\",\"name\":\"Repas l\u00e9gers Soup dahl de lentilles - 15 repas - Beautysan\u00e9 - DOM\",\"isPartOf\":{\"@id\":\"https:\\\/\\\/beautysane.com\\\/dom\\\/#website\"},\"primaryImageOfPage\":{\"@id\":\"https:\\\/\\\/beautysane.com\\\/dom\\\/boutique\\\/nouveautes\\\/soup-dahl-de-lentilles-15-repas#primaryimage\"},\"image\":{\"@id\":\"https:\\\/\\\/beautysane.com\\\/dom\\\/boutique\\\/nouveautes\\\/soup-dahl-de-lentilles-15-repas#primaryimage\"},\"thumbnailUrl\":\"https:\\\/\\\/beautysane.ams3.digitaloceanspaces.com\\\/wp-content\\\/uploads\\\/sites\\\/5\\\/2025\\\/04\\\/06095028\\\/ed-dahl-lentilles-1.png\",\"datePublished\":\"2025-04-24T14:13:33+00:00\",\"dateModified\":\"2026-04-15T00:54:28+00:00\",\"breadcrumb\":{\"@id\":\"https:\\\/\\\/beautysane.com\\\/dom\\\/boutique\\\/nouveautes\\\/soup-dahl-de-lentilles-15-repas#breadcrumb\"},\"inLanguage\":\"fr-FR\",\"potentialAction\":[{\"@type\":\"ReadAction\",\"target\":[\"https:\\\/\\\/beautysane.com\\\/dom\\\/boutique\\\/nouveautes\\\/soup-dahl-de-lentilles-15-repas\"]}]},{\"@type\":\"ImageObject\",\"inLanguage\":\"fr-FR\",\"@id\":\"https:\\\/\\\/beautysane.com\\\/dom\\\/boutique\\\/nouveautes\\\/soup-dahl-de-lentilles-15-repas#primaryimage\",\"url\":\"https:\\\/\\\/beautysane.ams3.digitaloceanspaces.com\\\/wp-content\\\/uploads\\\/sites\\\/5\\\/2025\\\/04\\\/06095028\\\/ed-dahl-lentilles-1.png\",\"contentUrl\":\"https:\\\/\\\/beautysane.ams3.digitaloceanspaces.com\\\/wp-content\\\/uploads\\\/sites\\\/5\\\/2025\\\/04\\\/06095028\\\/ed-dahl-lentilles-1.png\",\"width\":600,\"height\":600},{\"@type\":\"BreadcrumbList\",\"@id\":\"https:\\\/\\\/beautysane.com\\\/dom\\\/boutique\\\/nouveautes\\\/soup-dahl-de-lentilles-15-repas#breadcrumb\",\"itemListElement\":[{\"@type\":\"ListItem\",\"position\":1,\"name\":\"Home\",\"item\":\"https:\\\/\\\/beautysane.com\\\/dom\"},{\"@type\":\"ListItem\",\"position\":2,\"name\":\"Boutique\",\"item\":\"https:\\\/\\\/beautysane.com\\\/dom\\\/boutique\"},{\"@type\":\"ListItem\",\"position\":3,\"name\":\"Repas l\u00e9gers Soup dahl de lentilles &#8211; 15 repas\"}]},{\"@type\":\"WebSite\",\"@id\":\"https:\\\/\\\/beautysane.com\\\/dom\\\/#website\",\"url\":\"https:\\\/\\\/beautysane.com\\\/dom\\\/\",\"name\":\"Beautysan\u00e9 - DOM\",\"description\":\"Feed The Change\",\"potentialAction\":[{\"@type\":\"SearchAction\",\"target\":{\"@type\":\"EntryPoint\",\"urlTemplate\":\"https:\\\/\\\/beautysane.com\\\/dom\\\/?s={search_term_string}\"},\"query-input\":{\"@type\":\"PropertyValueSpecification\",\"valueRequired\":true,\"valueName\":\"search_term_string\"}}],\"inLanguage\":\"fr-FR\"},false]}<\/script>\n<meta property=\"product:price:amount\" content=\"47.30\" \/>\n<meta property=\"product:price:currency\" content=\"EUR\" \/>\n<meta property=\"og:availability\" content=\"instock\" \/>\n<meta property=\"product:availability\" content=\"instock\" \/>\n<meta property=\"product:retailer_item_id\" content=\"ED-2024-040-BM\" \/>\n<meta property=\"product:condition\" content=\"new\" \/>\n<!-- \/ Yoast SEO Premium plugin. -->","yoast_head_json":{"title":"Repas l\u00e9gers Soup dahl de lentilles - 15 repas - Beautysan\u00e9 - DOM","robots":{"index":"index","follow":"follow","max-snippet":"max-snippet:-1","max-image-preview":"max-image-preview:large","max-video-preview":"max-video-preview:-1"},"canonical":"https:\/\/beautysane.com\/dom\/boutique\/nouveautes\/soup-dahl-de-lentilles-15-repas","og_locale":"fr_FR","og_type":"article","og_title":"Repas l\u00e9gers Soup dahl de lentilles - 15 repas","og_description":"visible","og_url":"https:\/\/beautysane.com\/dom\/boutique\/nouveautes\/soup-dahl-de-lentilles-15-repas","og_site_name":"Beautysan\u00e9 - DOM","article_publisher":"https:\/\/www.facebook.com\/Beautysane\/","article_modified_time":"2026-04-15T00:54:28+00:00","og_image":[{"width":600,"height":600,"url":"https:\/\/beautysane.ams3.digitaloceanspaces.com\/wp-content\/uploads\/sites\/5\/2025\/04\/06095028\/ed-dahl-lentilles-1.png","type":"image\/png"}],"twitter_card":"summary_large_image","twitter_misc":{"Prix":"47,30&euro;","Disponibilit\u00e9":"En stock"},"schema":{"@context":"https:\/\/schema.org","@graph":[{"@type":"WebPage","@id":"https:\/\/beautysane.com\/dom\/boutique\/nouveautes\/soup-dahl-de-lentilles-15-repas","url":"https:\/\/beautysane.com\/dom\/boutique\/nouveautes\/soup-dahl-de-lentilles-15-repas","name":"Repas l\u00e9gers Soup dahl de lentilles - 15 repas - Beautysan\u00e9 - DOM","isPartOf":{"@id":"https:\/\/beautysane.com\/dom\/#website"},"primaryImageOfPage":{"@id":"https:\/\/beautysane.com\/dom\/boutique\/nouveautes\/soup-dahl-de-lentilles-15-repas#primaryimage"},"image":{"@id":"https:\/\/beautysane.com\/dom\/boutique\/nouveautes\/soup-dahl-de-lentilles-15-repas#primaryimage"},"thumbnailUrl":"https:\/\/beautysane.ams3.digitaloceanspaces.com\/wp-content\/uploads\/sites\/5\/2025\/04\/06095028\/ed-dahl-lentilles-1.png","datePublished":"2025-04-24T14:13:33+00:00","dateModified":"2026-04-15T00:54:28+00:00","breadcrumb":{"@id":"https:\/\/beautysane.com\/dom\/boutique\/nouveautes\/soup-dahl-de-lentilles-15-repas#breadcrumb"},"inLanguage":"fr-FR","potentialAction":[{"@type":"ReadAction","target":["https:\/\/beautysane.com\/dom\/boutique\/nouveautes\/soup-dahl-de-lentilles-15-repas"]}]},{"@type":"ImageObject","inLanguage":"fr-FR","@id":"https:\/\/beautysane.com\/dom\/boutique\/nouveautes\/soup-dahl-de-lentilles-15-repas#primaryimage","url":"https:\/\/beautysane.ams3.digitaloceanspaces.com\/wp-content\/uploads\/sites\/5\/2025\/04\/06095028\/ed-dahl-lentilles-1.png","contentUrl":"https:\/\/beautysane.ams3.digitaloceanspaces.com\/wp-content\/uploads\/sites\/5\/2025\/04\/06095028\/ed-dahl-lentilles-1.png","width":600,"height":600},{"@type":"BreadcrumbList","@id":"https:\/\/beautysane.com\/dom\/boutique\/nouveautes\/soup-dahl-de-lentilles-15-repas#breadcrumb","itemListElement":[{"@type":"ListItem","position":1,"name":"Home","item":"https:\/\/beautysane.com\/dom"},{"@type":"ListItem","position":2,"name":"Boutique","item":"https:\/\/beautysane.com\/dom\/boutique"},{"@type":"ListItem","position":3,"name":"Repas l\u00e9gers Soup dahl de lentilles &#8211; 15 repas"}]},{"@type":"WebSite","@id":"https:\/\/beautysane.com\/dom\/#website","url":"https:\/\/beautysane.com\/dom\/","name":"Beautysan\u00e9 - DOM","description":"Feed The Change","potentialAction":[{"@type":"SearchAction","target":{"@type":"EntryPoint","urlTemplate":"https:\/\/beautysane.com\/dom\/?s={search_term_string}"},"query-input":{"@type":"PropertyValueSpecification","valueRequired":true,"valueName":"search_term_string"}}],"inLanguage":"fr-FR"},false]},"product_price_amount":"47.30","product_price_currency":"EUR","og_availability":"instock","product_availability":"instock","product_retailer_item_id":"ED-2024-040-BM","product_condition":"new"},"yasr_visitor_votes":{"stars_attributes":{"read_only":true,"span_bottom":"<div class='yasr-small-block-bold'><span class='yasr-visitor-votes-must-sign-in'>Vous devez \u00eatre connect\u00e9 pour voter<\/span><\/div>"},"number_of_votes":0,"sum_votes":0},"_links":{"self":[{"href":"https:\/\/beautysane.com\/dom\/wp-json\/wp\/v2\/product\/98430","targetHints":{"allow":["GET"]}}],"collection":[{"href":"https:\/\/beautysane.com\/dom\/wp-json\/wp\/v2\/product"}],"about":[{"href":"https:\/\/beautysane.com\/dom\/wp-json\/wp\/v2\/types\/product"}],"replies":[{"embeddable":true,"href":"https:\/\/beautysane.com\/dom\/wp-json\/wp\/v2\/comments?post=98430"}],"wp:featuredmedia":[{"embeddable":true,"href":"https:\/\/beautysane.com\/dom\/wp-json\/wp\/v2\/media\/98465"}],"wp:attachment":[{"href":"https:\/\/beautysane.com\/dom\/wp-json\/wp\/v2\/media?parent=98430"}],"wp:term":[{"taxonomy":"product_brand","embeddable":true,"href":"https:\/\/beautysane.com\/dom\/wp-json\/wp\/v2\/product_brand?post=98430"},{"taxonomy":"product_cat","embeddable":true,"href":"https:\/\/beautysane.com\/dom\/wp-json\/wp\/v2\/product_cat?post=98430"},{"taxonomy":"product_tag","embeddable":true,"href":"https:\/\/beautysane.com\/dom\/wp-json\/wp\/v2\/product_tag?post=98430"}],"curies":[{"name":"wp","href":"https:\/\/api.w.org\/{rel}","templated":true}]}}