{"id":99122,"date":"2025-11-20T10:45:54","date_gmt":"2025-11-20T09:45:54","guid":{"rendered":"https:\/\/beautysane.com\/dom?post_type=product&#038;p=99122"},"modified":"2026-04-15T02:54:38","modified_gmt":"2026-04-15T00:54:38","slug":"repas-legers-veloute-de-legumes-blancs-a-la-truffe-18-repas","status":"publish","type":"product","link":"https:\/\/beautysane.com\/dom\/boutique\/energy\/energy-diet\/repas-legers-veloute-de-legumes-blancs-a-la-truffe-18-repas","title":{"rendered":"Repas l\u00e9gers velout\u00e9 de l\u00e9gumes blancs \u00e0 la truffe &#8211; 18 repas"},"content":{"rendered":"<p><strong>L\u2019\u00e9l\u00e9gance et la douceur de l\u2019hiver dans un repas raffin\u00e9.<\/strong> Plongez dans la subtilit\u00e9 d\u2019un velout\u00e9 onctueux de l\u00e9gumes blancs, sublim\u00e9 par une pointe de truffe pour une exp\u00e9rience gourmande et sophistiqu\u00e9e. <strong>Un repas \u00e9quilibr\u00e9<\/strong> : prot\u00e9ines, fibres, om\u00e9ga-3, vitamines et min\u00e9raux sont savamment dos\u00e9s pour r\u00e9pondre \u00e0 vos besoins, sans compromis sur le go\u00fbt. \u00c0 d\u00e9guster chaud pour un effet r\u00e9confortant, ou froid pour une touche d\u2019originalit\u00e9. <strong>Rassasiant et digeste<\/strong>, il convient parfaitement \u00e0 ceux qui recherchent une alternative saine, savoureuse et adapt\u00e9e aux exigences de l\u2019hiver.<\/p>\n<p>Vous voulez un <strong>livret rempli d\u2019astuces simples<\/strong>, de recettes gourmandes et de menus pr\u00eats \u00e0 suivre pour aborder les f\u00eates plus l\u00e9ger(\u00e8re) et serein(e) ?<a href=\"https:\/\/documents.eat4good.fr\/base-documentaire\/FRANCE\/DISTRIBUTION\/Guide_FETES_MINCEUR_2025%20%285%29.pdf\"> cliquez ici<\/a> :<\/p>\n","protected":false},"excerpt":{"rendered":"<p>visible<\/p>\n","protected":false},"featured_media":99164,"comment_status":"open","ping_status":"closed","template":"","meta":{"_acf_changed":false,"inline_featured_image":false,"yasr_overall_rating":0,"yasr_post_is_review":"","yasr_auto_insert_disabled":"","yasr_review_type":""},"product_brand":[],"product_cat":[92,617,612,156],"product_tag":[57,80,58,479,29,30,55],"class_list":{"0":"post-99122","1":"product","2":"type-product","3":"status-publish","4":"has-post-thumbnail","6":"product_cat-energy-diet","7":"product_cat-energy","8":"product_cat-nouveautes","9":"product_cat-offres","10":"product_tag-23-vitamines-et-mineraux","11":"product_tag-boite-recyclable","12":"product_tag-haute-digestibilite-hd","13":"product_tag-riche-en-proteines","14":"product_tag-sans-gluten","15":"product_tag-sans-ogm","16":"product_tag-veggie","17":"pa_objectifs-cuisine-bien-etre","18":"pa_objectifs-energie","19":"pa_objectifs-equilibre-alimentaire","20":"pa_objectifs-performance-sportive","21":"pa_objectifs-perte-de-poids","22":"has-subscription-plans","24":"first","25":"outofstock","26":"purchasable","27":"product-type-simple"},"acf":[],"yoast_head":"<!-- This site is optimized with the Yoast SEO Premium plugin v27.3 (Yoast SEO v27.3) - https:\/\/yoast.com\/product\/yoast-seo-premium-wordpress\/ -->\n<title>Repas l\u00e9gers velout\u00e9 de l\u00e9gumes blancs \u00e0 la truffe - 18 repas - Beautysan\u00e9 - DOM<\/title>\n<meta name=\"robots\" content=\"index, follow, max-snippet:-1, max-image-preview:large, max-video-preview:-1\" \/>\n<link rel=\"canonical\" href=\"https:\/\/beautysane.com\/dom\/boutique\/energy\/energy-diet\/repas-legers-veloute-de-legumes-blancs-a-la-truffe-18-repas\" \/>\n<meta property=\"og:locale\" content=\"fr_FR\" \/>\n<meta property=\"og:type\" content=\"article\" \/>\n<meta property=\"og:title\" content=\"Repas l\u00e9gers velout\u00e9 de l\u00e9gumes blancs \u00e0 la truffe - 18 repas\" \/>\n<meta property=\"og:description\" content=\"visible\" \/>\n<meta property=\"og:url\" content=\"https:\/\/beautysane.com\/dom\/boutique\/energy\/energy-diet\/repas-legers-veloute-de-legumes-blancs-a-la-truffe-18-repas\" \/>\n<meta property=\"og:site_name\" content=\"Beautysan\u00e9 - DOM\" \/>\n<meta property=\"article:publisher\" content=\"https:\/\/www.facebook.com\/Beautysane\/\" \/>\n<meta property=\"article:modified_time\" content=\"2026-04-15T00:54:38+00:00\" \/>\n<meta property=\"og:image\" content=\"https:\/\/beautysane.ams3.digitaloceanspaces.com\/wp-content\/uploads\/sites\/5\/2025\/11\/24111257\/ed-truffes.png\" \/>\n\t<meta property=\"og:image:width\" content=\"1200\" \/>\n\t<meta property=\"og:image:height\" content=\"1200\" \/>\n\t<meta property=\"og:image:type\" content=\"image\/png\" \/>\n<meta name=\"twitter:card\" content=\"summary_large_image\" \/>\n<meta name=\"twitter:label1\" content=\"Prix\" \/>\n\t<meta name=\"twitter:data1\" content=\"47,30&euro;\" \/>\n\t<meta name=\"twitter:label2\" content=\"Disponibilit\u00e9\" \/>\n\t<meta name=\"twitter:data2\" content=\"Rupture de stock\" \/>\n<script type=\"application\/ld+json\" class=\"yoast-schema-graph\">{\"@context\":\"https:\\\/\\\/schema.org\",\"@graph\":[{\"@type\":\"WebPage\",\"@id\":\"https:\\\/\\\/beautysane.com\\\/dom\\\/boutique\\\/energy\\\/energy-diet\\\/repas-legers-veloute-de-legumes-blancs-a-la-truffe-18-repas\",\"url\":\"https:\\\/\\\/beautysane.com\\\/dom\\\/boutique\\\/energy\\\/energy-diet\\\/repas-legers-veloute-de-legumes-blancs-a-la-truffe-18-repas\",\"name\":\"Repas l\u00e9gers velout\u00e9 de l\u00e9gumes blancs \u00e0 la truffe - 18 repas - Beautysan\u00e9 - DOM\",\"isPartOf\":{\"@id\":\"https:\\\/\\\/beautysane.com\\\/dom\\\/#website\"},\"primaryImageOfPage\":{\"@id\":\"https:\\\/\\\/beautysane.com\\\/dom\\\/boutique\\\/energy\\\/energy-diet\\\/repas-legers-veloute-de-legumes-blancs-a-la-truffe-18-repas#primaryimage\"},\"image\":{\"@id\":\"https:\\\/\\\/beautysane.com\\\/dom\\\/boutique\\\/energy\\\/energy-diet\\\/repas-legers-veloute-de-legumes-blancs-a-la-truffe-18-repas#primaryimage\"},\"thumbnailUrl\":\"https:\\\/\\\/beautysane.ams3.digitaloceanspaces.com\\\/wp-content\\\/uploads\\\/sites\\\/5\\\/2025\\\/11\\\/24111257\\\/ed-truffes.png\",\"datePublished\":\"2025-11-20T09:45:54+00:00\",\"dateModified\":\"2026-04-15T00:54:38+00:00\",\"breadcrumb\":{\"@id\":\"https:\\\/\\\/beautysane.com\\\/dom\\\/boutique\\\/energy\\\/energy-diet\\\/repas-legers-veloute-de-legumes-blancs-a-la-truffe-18-repas#breadcrumb\"},\"inLanguage\":\"fr-FR\",\"potentialAction\":[{\"@type\":\"ReadAction\",\"target\":[\"https:\\\/\\\/beautysane.com\\\/dom\\\/boutique\\\/energy\\\/energy-diet\\\/repas-legers-veloute-de-legumes-blancs-a-la-truffe-18-repas\"]}]},{\"@type\":\"ImageObject\",\"inLanguage\":\"fr-FR\",\"@id\":\"https:\\\/\\\/beautysane.com\\\/dom\\\/boutique\\\/energy\\\/energy-diet\\\/repas-legers-veloute-de-legumes-blancs-a-la-truffe-18-repas#primaryimage\",\"url\":\"https:\\\/\\\/beautysane.ams3.digitaloceanspaces.com\\\/wp-content\\\/uploads\\\/sites\\\/5\\\/2025\\\/11\\\/24111257\\\/ed-truffes.png\",\"contentUrl\":\"https:\\\/\\\/beautysane.ams3.digitaloceanspaces.com\\\/wp-content\\\/uploads\\\/sites\\\/5\\\/2025\\\/11\\\/24111257\\\/ed-truffes.png\",\"width\":1200,\"height\":1200},{\"@type\":\"BreadcrumbList\",\"@id\":\"https:\\\/\\\/beautysane.com\\\/dom\\\/boutique\\\/energy\\\/energy-diet\\\/repas-legers-veloute-de-legumes-blancs-a-la-truffe-18-repas#breadcrumb\",\"itemListElement\":[{\"@type\":\"ListItem\",\"position\":1,\"name\":\"Home\",\"item\":\"https:\\\/\\\/beautysane.com\\\/dom\"},{\"@type\":\"ListItem\",\"position\":2,\"name\":\"Boutique\",\"item\":\"https:\\\/\\\/beautysane.com\\\/dom\\\/boutique\"},{\"@type\":\"ListItem\",\"position\":3,\"name\":\"Repas l\u00e9gers velout\u00e9 de l\u00e9gumes blancs \u00e0 la truffe &#8211; 18 repas\"}]},{\"@type\":\"WebSite\",\"@id\":\"https:\\\/\\\/beautysane.com\\\/dom\\\/#website\",\"url\":\"https:\\\/\\\/beautysane.com\\\/dom\\\/\",\"name\":\"Beautysan\u00e9 - DOM\",\"description\":\"Feed The Change\",\"potentialAction\":[{\"@type\":\"SearchAction\",\"target\":{\"@type\":\"EntryPoint\",\"urlTemplate\":\"https:\\\/\\\/beautysane.com\\\/dom\\\/?s={search_term_string}\"},\"query-input\":{\"@type\":\"PropertyValueSpecification\",\"valueRequired\":true,\"valueName\":\"search_term_string\"}}],\"inLanguage\":\"fr-FR\"},false]}<\/script>\n<meta property=\"product:price:amount\" content=\"47.30\" \/>\n<meta property=\"product:price:currency\" content=\"EUR\" \/>\n<meta property=\"og:availability\" content=\"out of stock\" \/>\n<meta property=\"product:availability\" content=\"out of stock\" \/>\n<meta property=\"product:retailer_item_id\" content=\"ED-2025-046-BM\" \/>\n<meta property=\"product:condition\" content=\"new\" \/>\n<!-- \/ Yoast SEO Premium plugin. -->","yoast_head_json":{"title":"Repas l\u00e9gers velout\u00e9 de l\u00e9gumes blancs \u00e0 la truffe - 18 repas - Beautysan\u00e9 - DOM","robots":{"index":"index","follow":"follow","max-snippet":"max-snippet:-1","max-image-preview":"max-image-preview:large","max-video-preview":"max-video-preview:-1"},"canonical":"https:\/\/beautysane.com\/dom\/boutique\/energy\/energy-diet\/repas-legers-veloute-de-legumes-blancs-a-la-truffe-18-repas","og_locale":"fr_FR","og_type":"article","og_title":"Repas l\u00e9gers velout\u00e9 de l\u00e9gumes blancs \u00e0 la truffe - 18 repas","og_description":"visible","og_url":"https:\/\/beautysane.com\/dom\/boutique\/energy\/energy-diet\/repas-legers-veloute-de-legumes-blancs-a-la-truffe-18-repas","og_site_name":"Beautysan\u00e9 - DOM","article_publisher":"https:\/\/www.facebook.com\/Beautysane\/","article_modified_time":"2026-04-15T00:54:38+00:00","og_image":[{"width":1200,"height":1200,"url":"https:\/\/beautysane.ams3.digitaloceanspaces.com\/wp-content\/uploads\/sites\/5\/2025\/11\/24111257\/ed-truffes.png","type":"image\/png"}],"twitter_card":"summary_large_image","twitter_misc":{"Prix":"47,30&euro;","Disponibilit\u00e9":"Rupture de stock"},"schema":{"@context":"https:\/\/schema.org","@graph":[{"@type":"WebPage","@id":"https:\/\/beautysane.com\/dom\/boutique\/energy\/energy-diet\/repas-legers-veloute-de-legumes-blancs-a-la-truffe-18-repas","url":"https:\/\/beautysane.com\/dom\/boutique\/energy\/energy-diet\/repas-legers-veloute-de-legumes-blancs-a-la-truffe-18-repas","name":"Repas l\u00e9gers velout\u00e9 de l\u00e9gumes blancs \u00e0 la truffe - 18 repas - Beautysan\u00e9 - DOM","isPartOf":{"@id":"https:\/\/beautysane.com\/dom\/#website"},"primaryImageOfPage":{"@id":"https:\/\/beautysane.com\/dom\/boutique\/energy\/energy-diet\/repas-legers-veloute-de-legumes-blancs-a-la-truffe-18-repas#primaryimage"},"image":{"@id":"https:\/\/beautysane.com\/dom\/boutique\/energy\/energy-diet\/repas-legers-veloute-de-legumes-blancs-a-la-truffe-18-repas#primaryimage"},"thumbnailUrl":"https:\/\/beautysane.ams3.digitaloceanspaces.com\/wp-content\/uploads\/sites\/5\/2025\/11\/24111257\/ed-truffes.png","datePublished":"2025-11-20T09:45:54+00:00","dateModified":"2026-04-15T00:54:38+00:00","breadcrumb":{"@id":"https:\/\/beautysane.com\/dom\/boutique\/energy\/energy-diet\/repas-legers-veloute-de-legumes-blancs-a-la-truffe-18-repas#breadcrumb"},"inLanguage":"fr-FR","potentialAction":[{"@type":"ReadAction","target":["https:\/\/beautysane.com\/dom\/boutique\/energy\/energy-diet\/repas-legers-veloute-de-legumes-blancs-a-la-truffe-18-repas"]}]},{"@type":"ImageObject","inLanguage":"fr-FR","@id":"https:\/\/beautysane.com\/dom\/boutique\/energy\/energy-diet\/repas-legers-veloute-de-legumes-blancs-a-la-truffe-18-repas#primaryimage","url":"https:\/\/beautysane.ams3.digitaloceanspaces.com\/wp-content\/uploads\/sites\/5\/2025\/11\/24111257\/ed-truffes.png","contentUrl":"https:\/\/beautysane.ams3.digitaloceanspaces.com\/wp-content\/uploads\/sites\/5\/2025\/11\/24111257\/ed-truffes.png","width":1200,"height":1200},{"@type":"BreadcrumbList","@id":"https:\/\/beautysane.com\/dom\/boutique\/energy\/energy-diet\/repas-legers-veloute-de-legumes-blancs-a-la-truffe-18-repas#breadcrumb","itemListElement":[{"@type":"ListItem","position":1,"name":"Home","item":"https:\/\/beautysane.com\/dom"},{"@type":"ListItem","position":2,"name":"Boutique","item":"https:\/\/beautysane.com\/dom\/boutique"},{"@type":"ListItem","position":3,"name":"Repas l\u00e9gers velout\u00e9 de l\u00e9gumes blancs \u00e0 la truffe &#8211; 18 repas"}]},{"@type":"WebSite","@id":"https:\/\/beautysane.com\/dom\/#website","url":"https:\/\/beautysane.com\/dom\/","name":"Beautysan\u00e9 - DOM","description":"Feed The Change","potentialAction":[{"@type":"SearchAction","target":{"@type":"EntryPoint","urlTemplate":"https:\/\/beautysane.com\/dom\/?s={search_term_string}"},"query-input":{"@type":"PropertyValueSpecification","valueRequired":true,"valueName":"search_term_string"}}],"inLanguage":"fr-FR"},false]},"product_price_amount":"47.30","product_price_currency":"EUR","og_availability":"out of stock","product_availability":"out of stock","product_retailer_item_id":"ED-2025-046-BM","product_condition":"new"},"yasr_visitor_votes":{"stars_attributes":{"read_only":true,"span_bottom":"<div class='yasr-small-block-bold'><span class='yasr-visitor-votes-must-sign-in'>Vous devez \u00eatre connect\u00e9 pour voter<\/span><\/div>"},"number_of_votes":0,"sum_votes":0},"_links":{"self":[{"href":"https:\/\/beautysane.com\/dom\/wp-json\/wp\/v2\/product\/99122","targetHints":{"allow":["GET"]}}],"collection":[{"href":"https:\/\/beautysane.com\/dom\/wp-json\/wp\/v2\/product"}],"about":[{"href":"https:\/\/beautysane.com\/dom\/wp-json\/wp\/v2\/types\/product"}],"replies":[{"embeddable":true,"href":"https:\/\/beautysane.com\/dom\/wp-json\/wp\/v2\/comments?post=99122"}],"wp:featuredmedia":[{"embeddable":true,"href":"https:\/\/beautysane.com\/dom\/wp-json\/wp\/v2\/media\/99164"}],"wp:attachment":[{"href":"https:\/\/beautysane.com\/dom\/wp-json\/wp\/v2\/media?parent=99122"}],"wp:term":[{"taxonomy":"product_brand","embeddable":true,"href":"https:\/\/beautysane.com\/dom\/wp-json\/wp\/v2\/product_brand?post=99122"},{"taxonomy":"product_cat","embeddable":true,"href":"https:\/\/beautysane.com\/dom\/wp-json\/wp\/v2\/product_cat?post=99122"},{"taxonomy":"product_tag","embeddable":true,"href":"https:\/\/beautysane.com\/dom\/wp-json\/wp\/v2\/product_tag?post=99122"}],"curies":[{"name":"wp","href":"https:\/\/api.w.org\/{rel}","templated":true}]}}